{"id":7842,"date":"2021-12-04T15:49:23","date_gmt":"2021-12-04T08:49:23","guid":{"rendered":"https:\/\/cokhitanminh.com\/may-thuc-pham\/?post_type=product&#038;p=7842"},"modified":"2022-02-23T16:37:32","modified_gmt":"2022-02-23T09:37:32","slug":"may-tron-bot-10-lit-tmtp-la02","status":"publish","type":"product","link":"https:\/\/cokhitanminh.com\/may-thuc-pham\/san-pham\/may-tron-bot-10-lit-tmtp-la02\/","title":{"rendered":"M\u00c1Y TR\u1ed8N B\u1ed8T 10 L\u00cdT (TMTP-LA02)"},"content":{"rendered":"<h3 style=\"text-align: justify;\"><strong><a href=\"https:\/\/cokhitanminh.com\/may-thuc-pham\/san-pham\/may-tron-bot-10-lit-tmtp-la02\/\"><em>M\u00e1y tr\u1ed9n b\u1ed9t 10 l\u00edt<\/em> <\/a>(TMTP-LA02)<\/strong><\/h3>\n<p style=\"text-align: justify;\"><strong><em>M\u00e1y tr\u1ed9n b\u1ed9t 10 l\u00edt<\/em><\/strong> (TMTP-LA02)\u00a0\u0111\u01b0\u1ee3c nghi\u00ean c\u1ee9u s\u1ea3n xu\u1ea5t v\u00e0 ph\u00e2n ph\u1ed1i tr\u00ean to\u00e0n qu\u1ed1c. T\u1ea5t c\u1ea3 c\u00e1c s\u1ea3n ph\u1ea9m c\u1ee7a ch\u00fang t\u00f4i \u0111\u1ec1u \u0111\u01b0\u1ee3c ki\u1ec3m tra k\u1ef9 l\u01b0\u1ee1ng v\u00e0 v\u1eadn h\u00e0nh th\u1ef1c t\u1ebf \u0111\u1ec3 lu\u00f4n \u0111\u1ea3m b\u1ea3o ch\u1ea5t l\u01b0\u1ee3ng t\u1ed1t nh\u1ea5t tr\u01b0\u1edbc khi b\u00e0n giao thi\u1ebft b\u1ecb cho kh\u00e1ch h\u00e0ng.<\/p>\n<p style=\"text-align: justify;\"><b>Th\u00f4ng s\u1ed1 k\u1ef9 thu\u1eadt:<\/b><\/p>\n<p style=\"text-align: justify;\">\u2013 Model: TMTP-LA02<\/p>\n<p style=\"text-align: justify;\">\u2013 K\u00edch th\u01b0\u1edbc: 430 x 420 x 690 mm<\/p>\n<p style=\"text-align: justify;\">\u2013 Dung t\u00edch: 10 l\u00edt<\/p>\n<p style=\"text-align: justify;\">\u2013 C\u00f4ng su\u1ea5t: 2 kg\/gi\u1edd<\/p>\n<p style=\"text-align: justify;\">\u2013 \u0110i\u1ec7n n\u0103ng: 600W<\/p>\n<p style=\"text-align: justify;\">\u2013 \u0110i\u1ec7n \u00e1p: 220-240V\/50Hz<\/p>\n<p style=\"text-align: justify;\">\u2013 Tr\u1ecdng l\u01b0\u1ee3ng: 62 kg<\/p>\n<p style=\"text-align: justify;\">\u2013 Nh\u1eadp kh\u1ea9u: T\u00e2n Minh<\/p>\n<p style=\"text-align: justify;\"><strong>H\u00ecnh \u1ea3nh s\u1ea3n ph\u1ea9m:<\/strong><\/p>\n<p><img loading=\"lazy\" class=\"size-full wp-image-11971 aligncenter\" src=\"https:\/\/cokhitanminh.com\/may-thuc-pham\/wp-content\/uploads\/2021\/12\/may-tron-bot-10-lit-tmtp-la02-2-cokhitanminhcommtp.jpg\" alt=\"\" width=\"500\" height=\"399\" srcset=\"https:\/\/cokhitanminh.com\/may-thuc-pham\/wp-content\/uploads\/2021\/12\/may-tron-bot-10-lit-tmtp-la02-2-cokhitanminhcommtp.jpg 500w, https:\/\/cokhitanminh.com\/may-thuc-pham\/wp-content\/uploads\/2021\/12\/may-tron-bot-10-lit-tmtp-la02-2-cokhitanminhcommtp-300x239.jpg 300w\" sizes=\"(max-width: 500px) 100vw, 500px\" \/><\/p>\n<p><img loading=\"lazy\" class=\"size-full wp-image-11972 aligncenter\" src=\"https:\/\/cokhitanminh.com\/may-thuc-pham\/wp-content\/uploads\/2021\/12\/may-tron-bot-10-lit-tmtp-la02-3-cokhitanminhcommtp.jpg\" alt=\"\" width=\"500\" height=\"750\" srcset=\"https:\/\/cokhitanminh.com\/may-thuc-pham\/wp-content\/uploads\/2021\/12\/may-tron-bot-10-lit-tmtp-la02-3-cokhitanminhcommtp.jpg 500w, https:\/\/cokhitanminh.com\/may-thuc-pham\/wp-content\/uploads\/2021\/12\/may-tron-bot-10-lit-tmtp-la02-3-cokhitanminhcommtp-200x300.jpg 200w\" sizes=\"(max-width: 500px) 100vw, 500px\" \/><\/p>\n<p><img loading=\"lazy\" class=\"size-full wp-image-11973 aligncenter\" src=\"https:\/\/cokhitanminh.com\/may-thuc-pham\/wp-content\/uploads\/2021\/12\/may-tron-bot-10-lit-tmtp-la02-4-cokhitanminhcommtp.jpg\" alt=\"\" width=\"500\" height=\"500\" srcset=\"https:\/\/cokhitanminh.com\/may-thuc-pham\/wp-content\/uploads\/2021\/12\/may-tron-bot-10-lit-tmtp-la02-4-cokhitanminhcommtp.jpg 500w, https:\/\/cokhitanminh.com\/may-thuc-pham\/wp-content\/uploads\/2021\/12\/may-tron-bot-10-lit-tmtp-la02-4-cokhitanminhcommtp-300x300.jpg 300w, https:\/\/cokhitanminh.com\/may-thuc-pham\/wp-content\/uploads\/2021\/12\/may-tron-bot-10-lit-tmtp-la02-4-cokhitanminhcommtp-150x150.jpg 150w, https:\/\/cokhitanminh.com\/may-thuc-pham\/wp-content\/uploads\/2021\/12\/may-tron-bot-10-lit-tmtp-la02-4-cokhitanminhcommtp-100x100.jpg 100w\" sizes=\"(max-width: 500px) 100vw, 500px\" \/><\/p>\n<p><img loading=\"lazy\" class=\"size-full wp-image-11974 aligncenter\" src=\"https:\/\/cokhitanminh.com\/may-thuc-pham\/wp-content\/uploads\/2021\/12\/may-tron-bot-10-lit-tmtp-la02-5-cokhitanminhcommtp.jpg\" alt=\"\" width=\"500\" height=\"500\" srcset=\"https:\/\/cokhitanminh.com\/may-thuc-pham\/wp-content\/uploads\/2021\/12\/may-tron-bot-10-lit-tmtp-la02-5-cokhitanminhcommtp.jpg 500w, https:\/\/cokhitanminh.com\/may-thuc-pham\/wp-content\/uploads\/2021\/12\/may-tron-bot-10-lit-tmtp-la02-5-cokhitanminhcommtp-300x300.jpg 300w, https:\/\/cokhitanminh.com\/may-thuc-pham\/wp-content\/uploads\/2021\/12\/may-tron-bot-10-lit-tmtp-la02-5-cokhitanminhcommtp-150x150.jpg 150w, https:\/\/cokhitanminh.com\/may-thuc-pham\/wp-content\/uploads\/2021\/12\/may-tron-bot-10-lit-tmtp-la02-5-cokhitanminhcommtp-100x100.jpg 100w\" sizes=\"(max-width: 500px) 100vw, 500px\" \/><\/p>\n<p><img loading=\"lazy\" class=\"size-full wp-image-11975 aligncenter\" src=\"https:\/\/cokhitanminh.com\/may-thuc-pham\/wp-content\/uploads\/2021\/12\/may-tron-bot-10-lit-tmtp-la02-6-cokhitanminhcommtp.jpg\" alt=\"\" width=\"500\" height=\"500\" srcset=\"https:\/\/cokhitanminh.com\/may-thuc-pham\/wp-content\/uploads\/2021\/12\/may-tron-bot-10-lit-tmtp-la02-6-cokhitanminhcommtp.jpg 500w, https:\/\/cokhitanminh.com\/may-thuc-pham\/wp-content\/uploads\/2021\/12\/may-tron-bot-10-lit-tmtp-la02-6-cokhitanminhcommtp-300x300.jpg 300w, https:\/\/cokhitanminh.com\/may-thuc-pham\/wp-content\/uploads\/2021\/12\/may-tron-bot-10-lit-tmtp-la02-6-cokhitanminhcommtp-150x150.jpg 150w, https:\/\/cokhitanminh.com\/may-thuc-pham\/wp-content\/uploads\/2021\/12\/may-tron-bot-10-lit-tmtp-la02-6-cokhitanminhcommtp-100x100.jpg 100w\" sizes=\"(max-width: 500px) 100vw, 500px\" \/><\/p>\n<p style=\"text-align: justify;\">Chi ti\u1ebft s\u1ea3n ph\u1ea9m<strong><em>\u00a0M\u00e1y tr\u1ed9n b\u1ed9t 10 l\u00edt <\/em><\/strong>xin vui l\u00f2ng li\u00ean h\u1ec7 Hotline: 19002861 \u0110\u1ec3 \u0111\u01b0\u1ee3c t\u01b0 v\u1ea5n ho\u00e0n to\u00e0n mi\u1ec5n ph\u00ed!<\/p>\n","protected":false},"excerpt":{"rendered":"<p>M\u00e1y tr\u1ed9n b\u1ed9t 10 l\u00edt (TMTP-LA02) M\u00e1y tr\u1ed9n b\u1ed9t 10 l\u00edt (TMTP-LA02)\u00a0\u0111\u01b0\u1ee3c nghi\u00ean c\u1ee9u s\u1ea3n xu\u1ea5t v\u00e0 ph\u00e2n ph\u1ed1i tr\u00ean to\u00e0n qu\u1ed1c. T\u1ea5t c\u1ea3 c\u00e1c s\u1ea3n ph\u1ea9m c\u1ee7a ch\u00fang t\u00f4i \u0111\u1ec1u \u0111\u01b0\u1ee3c ki\u1ec3m tra k\u1ef9 l\u01b0\u1ee1ng v\u00e0 v\u1eadn h\u00e0nh th\u1ef1c t\u1ebf \u0111\u1ec3 lu\u00f4n \u0111\u1ea3m b\u1ea3o ch\u1ea5t l\u01b0\u1ee3ng t\u1ed1t nh\u1ea5t tr\u01b0\u1edbc khi b\u00e0n giao thi\u1ebft b\u1ecb &#8230;<\/p>\n","protected":false},"featured_media":11977,"comment_status":"open","ping_status":"closed","template":"","meta":[],"yoast_head":"<!-- This site is optimized with the Yoast SEO plugin v17.6 - https:\/\/yoast.com\/wordpress\/plugins\/seo\/ -->\n<title>M\u00e1y tr\u1ed9n b\u1ed9t 10 l\u00edt | B\u1ea3o h\u00e0nh ch\u00ednh h\u00e3ng | Uy T\u00edn \u2013 Ch\u1ea5t L\u01b0\u1ee3ng<\/title>\n<meta name=\"description\" content=\"M\u00e1y tr\u1ed9n b\u1ed9t 10 l\u00edt - Gi\u00e1 R\u1ebb - B\u1ea3o H\u00e0nh Chuy\u00ean Nghi\u1ec7p - Chi ti\u1ebft xin li\u00ean h\u1ec7 Hotline: 19002861 \u0110\u1ec3 \u0111\u01b0\u1ee3c t\u01b0 v\u1ea5n ho\u00e0n to\u00e0n mi\u1ec5n ph\u00ed!\" \/>\n<meta name=\"robots\" content=\"noindex, follow, max-snippet:-1, max-image-preview:large, max-video-preview:-1\" \/>\n<meta property=\"og:locale\" content=\"vi_VN\" \/>\n<meta property=\"og:type\" content=\"article\" \/>\n<meta property=\"og:title\" content=\"M\u00e1y tr\u1ed9n b\u1ed9t 10 l\u00edt | B\u1ea3o h\u00e0nh ch\u00ednh h\u00e3ng | Uy T\u00edn \u2013 Ch\u1ea5t L\u01b0\u1ee3ng\" \/>\n<meta property=\"og:description\" content=\"M\u00e1y tr\u1ed9n b\u1ed9t 10 l\u00edt - Gi\u00e1 R\u1ebb - B\u1ea3o H\u00e0nh Chuy\u00ean Nghi\u1ec7p - Chi ti\u1ebft xin li\u00ean h\u1ec7 Hotline: 19002861 \u0110\u1ec3 \u0111\u01b0\u1ee3c t\u01b0 v\u1ea5n ho\u00e0n to\u00e0n mi\u1ec5n ph\u00ed!\" \/>\n<meta property=\"og:url\" content=\"https:\/\/cokhitanminh.com\/may-thuc-pham\/san-pham\/may-tron-bot-10-lit-tmtp-la02\/\" \/>\n<meta property=\"og:site_name\" content=\"M\u00e1y Th\u1ef1c Ph\u1ea9m T\u00e2n Minh\" \/>\n<meta property=\"article:modified_time\" content=\"2022-02-23T09:37:32+00:00\" \/>\n<meta property=\"og:image\" content=\"https:\/\/cokhitanminh.com\/may-thuc-pham\/wp-content\/uploads\/2021\/12\/may-tron-bot-10-lit-tmtp-la02-1-cokhitanminhcommtp.jpg\" \/>\n\t<meta property=\"og:image:width\" content=\"570\" \/>\n\t<meta property=\"og:image:height\" content=\"570\" \/>\n<meta name=\"twitter:card\" content=\"summary_large_image\" \/>\n<meta name=\"twitter:label1\" content=\"\u01af\u1edbc t\u00ednh th\u1eddi gian \u0111\u1ecdc\" \/>\n\t<meta name=\"twitter:data1\" content=\"2 ph\u00fat\" \/>\n<script type=\"application\/ld+json\" class=\"yoast-schema-graph\">{\"@context\":\"https:\/\/schema.org\",\"@graph\":[{\"@type\":\"WebSite\",\"@id\":\"https:\/\/cokhitanminh.com\/may-thuc-pham\/#website\",\"url\":\"https:\/\/cokhitanminh.com\/may-thuc-pham\/\",\"name\":\"M\\u00e1y Th\\u1ef1c Ph\\u1ea9m T\\u00e2n Minh\",\"description\":\"K\\u1ebft N\\u1ed1i \\u0110\\u1ebfn S\\u1ef1 Ho\\u00e0n H\\u1ea3o!\",\"potentialAction\":[{\"@type\":\"SearchAction\",\"target\":{\"@type\":\"EntryPoint\",\"urlTemplate\":\"https:\/\/cokhitanminh.com\/may-thuc-pham\/?s={search_term_string}\"},\"query-input\":\"required name=search_term_string\"}],\"inLanguage\":\"vi\"},{\"@type\":\"ImageObject\",\"@id\":\"https:\/\/cokhitanminh.com\/may-thuc-pham\/san-pham\/may-tron-bot-10-lit-tmtp-la02\/#primaryimage\",\"inLanguage\":\"vi\",\"url\":\"https:\/\/cokhitanminh.com\/may-thuc-pham\/wp-content\/uploads\/2021\/12\/may-tron-bot-10-lit-tmtp-la02-1-cokhitanminhcommtp.jpg\",\"contentUrl\":\"https:\/\/cokhitanminh.com\/may-thuc-pham\/wp-content\/uploads\/2021\/12\/may-tron-bot-10-lit-tmtp-la02-1-cokhitanminhcommtp.jpg\",\"width\":570,\"height\":570,\"caption\":\"M\\u00c1Y TR\\u1ed8N B\\u1ed8T 10 L\\u00cdT (TMTP-LA02)\"},{\"@type\":\"WebPage\",\"@id\":\"https:\/\/cokhitanminh.com\/may-thuc-pham\/san-pham\/may-tron-bot-10-lit-tmtp-la02\/#webpage\",\"url\":\"https:\/\/cokhitanminh.com\/may-thuc-pham\/san-pham\/may-tron-bot-10-lit-tmtp-la02\/\",\"name\":\"M\\u00e1y tr\\u1ed9n b\\u1ed9t 10 l\\u00edt | B\\u1ea3o h\\u00e0nh ch\\u00ednh h\\u00e3ng | Uy T\\u00edn \\u2013 Ch\\u1ea5t L\\u01b0\\u1ee3ng\",\"isPartOf\":{\"@id\":\"https:\/\/cokhitanminh.com\/may-thuc-pham\/#website\"},\"primaryImageOfPage\":{\"@id\":\"https:\/\/cokhitanminh.com\/may-thuc-pham\/san-pham\/may-tron-bot-10-lit-tmtp-la02\/#primaryimage\"},\"datePublished\":\"2021-12-04T08:49:23+00:00\",\"dateModified\":\"2022-02-23T09:37:32+00:00\",\"description\":\"M\\u00e1y tr\\u1ed9n b\\u1ed9t 10 l\\u00edt - Gi\\u00e1 R\\u1ebb - B\\u1ea3o H\\u00e0nh Chuy\\u00ean Nghi\\u1ec7p - Chi ti\\u1ebft xin li\\u00ean h\\u1ec7 Hotline: 19002861 \\u0110\\u1ec3 \\u0111\\u01b0\\u1ee3c t\\u01b0 v\\u1ea5n ho\\u00e0n to\\u00e0n mi\\u1ec5n ph\\u00ed!\",\"breadcrumb\":{\"@id\":\"https:\/\/cokhitanminh.com\/may-thuc-pham\/san-pham\/may-tron-bot-10-lit-tmtp-la02\/#breadcrumb\"},\"inLanguage\":\"vi\",\"potentialAction\":[{\"@type\":\"ReadAction\",\"target\":[\"https:\/\/cokhitanminh.com\/may-thuc-pham\/san-pham\/may-tron-bot-10-lit-tmtp-la02\/\"]}]},{\"@type\":\"BreadcrumbList\",\"@id\":\"https:\/\/cokhitanminh.com\/may-thuc-pham\/san-pham\/may-tron-bot-10-lit-tmtp-la02\/#breadcrumb\",\"itemListElement\":[{\"@type\":\"ListItem\",\"position\":1,\"name\":\"Trang ch\\u1ee7\",\"item\":\"https:\/\/cokhitanminh.com\/may-thuc-pham\/\"},{\"@type\":\"ListItem\",\"position\":2,\"name\":\"C\\u1eeda h\\u00e0ng\",\"item\":\"https:\/\/cokhitanminh.com\/may-thuc-pham\/cua-hang\/\"},{\"@type\":\"ListItem\",\"position\":3,\"name\":\"M\\u00c1Y TR\\u1ed8N B\\u1ed8T 10 L\\u00cdT (TMTP-LA02)\"}]}]}<\/script>\n<!-- \/ Yoast SEO plugin. -->","yoast_head_json":{"title":"M\u00e1y tr\u1ed9n b\u1ed9t 10 l\u00edt | B\u1ea3o h\u00e0nh ch\u00ednh h\u00e3ng | Uy T\u00edn \u2013 Ch\u1ea5t L\u01b0\u1ee3ng","description":"M\u00e1y tr\u1ed9n b\u1ed9t 10 l\u00edt - Gi\u00e1 R\u1ebb - B\u1ea3o H\u00e0nh Chuy\u00ean Nghi\u1ec7p - Chi ti\u1ebft xin li\u00ean h\u1ec7 Hotline: 19002861 \u0110\u1ec3 \u0111\u01b0\u1ee3c t\u01b0 v\u1ea5n ho\u00e0n to\u00e0n mi\u1ec5n ph\u00ed!","robots":{"index":"noindex","follow":"follow","max-snippet":"max-snippet:-1","max-image-preview":"max-image-preview:large","max-video-preview":"max-video-preview:-1"},"og_locale":"vi_VN","og_type":"article","og_title":"M\u00e1y tr\u1ed9n b\u1ed9t 10 l\u00edt | B\u1ea3o h\u00e0nh ch\u00ednh h\u00e3ng | Uy T\u00edn \u2013 Ch\u1ea5t L\u01b0\u1ee3ng","og_description":"M\u00e1y tr\u1ed9n b\u1ed9t 10 l\u00edt - Gi\u00e1 R\u1ebb - B\u1ea3o H\u00e0nh Chuy\u00ean Nghi\u1ec7p - Chi ti\u1ebft xin li\u00ean h\u1ec7 Hotline: 19002861 \u0110\u1ec3 \u0111\u01b0\u1ee3c t\u01b0 v\u1ea5n ho\u00e0n to\u00e0n mi\u1ec5n ph\u00ed!","og_url":"https:\/\/cokhitanminh.com\/may-thuc-pham\/san-pham\/may-tron-bot-10-lit-tmtp-la02\/","og_site_name":"M\u00e1y Th\u1ef1c Ph\u1ea9m T\u00e2n Minh","article_modified_time":"2022-02-23T09:37:32+00:00","og_image":[{"width":570,"height":570,"url":"https:\/\/cokhitanminh.com\/may-thuc-pham\/wp-content\/uploads\/2021\/12\/may-tron-bot-10-lit-tmtp-la02-1-cokhitanminhcommtp.jpg","type":"image\/jpeg"}],"twitter_card":"summary_large_image","twitter_misc":{"\u01af\u1edbc t\u00ednh th\u1eddi gian \u0111\u1ecdc":"2 ph\u00fat"},"schema":{"@context":"https:\/\/schema.org","@graph":[{"@type":"WebSite","@id":"https:\/\/cokhitanminh.com\/may-thuc-pham\/#website","url":"https:\/\/cokhitanminh.com\/may-thuc-pham\/","name":"M\u00e1y Th\u1ef1c Ph\u1ea9m T\u00e2n Minh","description":"K\u1ebft N\u1ed1i \u0110\u1ebfn S\u1ef1 Ho\u00e0n H\u1ea3o!","potentialAction":[{"@type":"SearchAction","target":{"@type":"EntryPoint","urlTemplate":"https:\/\/cokhitanminh.com\/may-thuc-pham\/?s={search_term_string}"},"query-input":"required name=search_term_string"}],"inLanguage":"vi"},{"@type":"ImageObject","@id":"https:\/\/cokhitanminh.com\/may-thuc-pham\/san-pham\/may-tron-bot-10-lit-tmtp-la02\/#primaryimage","inLanguage":"vi","url":"https:\/\/cokhitanminh.com\/may-thuc-pham\/wp-content\/uploads\/2021\/12\/may-tron-bot-10-lit-tmtp-la02-1-cokhitanminhcommtp.jpg","contentUrl":"https:\/\/cokhitanminh.com\/may-thuc-pham\/wp-content\/uploads\/2021\/12\/may-tron-bot-10-lit-tmtp-la02-1-cokhitanminhcommtp.jpg","width":570,"height":570,"caption":"M\u00c1Y TR\u1ed8N B\u1ed8T 10 L\u00cdT (TMTP-LA02)"},{"@type":"WebPage","@id":"https:\/\/cokhitanminh.com\/may-thuc-pham\/san-pham\/may-tron-bot-10-lit-tmtp-la02\/#webpage","url":"https:\/\/cokhitanminh.com\/may-thuc-pham\/san-pham\/may-tron-bot-10-lit-tmtp-la02\/","name":"M\u00e1y tr\u1ed9n b\u1ed9t 10 l\u00edt | B\u1ea3o h\u00e0nh ch\u00ednh h\u00e3ng | Uy T\u00edn \u2013 Ch\u1ea5t L\u01b0\u1ee3ng","isPartOf":{"@id":"https:\/\/cokhitanminh.com\/may-thuc-pham\/#website"},"primaryImageOfPage":{"@id":"https:\/\/cokhitanminh.com\/may-thuc-pham\/san-pham\/may-tron-bot-10-lit-tmtp-la02\/#primaryimage"},"datePublished":"2021-12-04T08:49:23+00:00","dateModified":"2022-02-23T09:37:32+00:00","description":"M\u00e1y tr\u1ed9n b\u1ed9t 10 l\u00edt - Gi\u00e1 R\u1ebb - B\u1ea3o H\u00e0nh Chuy\u00ean Nghi\u1ec7p - Chi ti\u1ebft xin li\u00ean h\u1ec7 Hotline: 19002861 \u0110\u1ec3 \u0111\u01b0\u1ee3c t\u01b0 v\u1ea5n ho\u00e0n to\u00e0n mi\u1ec5n ph\u00ed!","breadcrumb":{"@id":"https:\/\/cokhitanminh.com\/may-thuc-pham\/san-pham\/may-tron-bot-10-lit-tmtp-la02\/#breadcrumb"},"inLanguage":"vi","potentialAction":[{"@type":"ReadAction","target":["https:\/\/cokhitanminh.com\/may-thuc-pham\/san-pham\/may-tron-bot-10-lit-tmtp-la02\/"]}]},{"@type":"BreadcrumbList","@id":"https:\/\/cokhitanminh.com\/may-thuc-pham\/san-pham\/may-tron-bot-10-lit-tmtp-la02\/#breadcrumb","itemListElement":[{"@type":"ListItem","position":1,"name":"Trang ch\u1ee7","item":"https:\/\/cokhitanminh.com\/may-thuc-pham\/"},{"@type":"ListItem","position":2,"name":"C\u1eeda h\u00e0ng","item":"https:\/\/cokhitanminh.com\/may-thuc-pham\/cua-hang\/"},{"@type":"ListItem","position":3,"name":"M\u00c1Y TR\u1ed8N B\u1ed8T 10 L\u00cdT (TMTP-LA02)"}]}]}},"_links":{"self":[{"href":"https:\/\/cokhitanminh.com\/may-thuc-pham\/wp-json\/wp\/v2\/product\/7842"}],"collection":[{"href":"https:\/\/cokhitanminh.com\/may-thuc-pham\/wp-json\/wp\/v2\/product"}],"about":[{"href":"https:\/\/cokhitanminh.com\/may-thuc-pham\/wp-json\/wp\/v2\/types\/product"}],"replies":[{"embeddable":true,"href":"https:\/\/cokhitanminh.com\/may-thuc-pham\/wp-json\/wp\/v2\/comments?post=7842"}],"wp:featuredmedia":[{"embeddable":true,"href":"https:\/\/cokhitanminh.com\/may-thuc-pham\/wp-json\/wp\/v2\/media\/11977"}],"wp:attachment":[{"href":"https:\/\/cokhitanminh.com\/may-thuc-pham\/wp-json\/wp\/v2\/media?parent=7842"}],"curies":[{"name":"wp","href":"https:\/\/api.w.org\/{rel}","templated":true}]}}