{"id":7741,"date":"2021-12-04T15:46:39","date_gmt":"2021-12-04T08:46:39","guid":{"rendered":"https:\/\/cokhitanminh.com\/may-thuc-pham\/?post_type=product&#038;p=7741"},"modified":"2022-03-21T08:16:08","modified_gmt":"2022-03-21T01:16:08","slug":"may-ep-hoa-qua-35kg-h-tmtp-od11","status":"publish","type":"product","link":"https:\/\/cokhitanminh.com\/may-thuc-pham\/san-pham\/may-ep-hoa-qua-35kg-h-tmtp-od11\/","title":{"rendered":"M\u00c1Y \u00c9P HOA QU\u1ea2 35KG\/H (TMTP-OD11)"},"content":{"rendered":"<h3><strong><a href=\"https:\/\/cokhitanminh.com\/may-thuc-pham\/san-pham\/may-ep-hoa-qua-35kg-h-tmtp-od11\/\"><em>M\u00e1y \u00e9p hoa qu\u1ea3 35kg\/h <\/em><\/a>(TMTP-OD11)<\/strong><\/h3>\n<p><strong><em>M\u00e1y \u00e9p hoa qu\u1ea3 35kg\/h <\/em><\/strong>(TMTP-OD11)\u00a0\u0111\u01b0\u1ee3c nghi\u00ean c\u1ee9u s\u1ea3n xu\u1ea5t v\u00e0 ph\u00e2n ph\u1ed1i tr\u00ean to\u00e0n qu\u1ed1c. T\u1ea5t c\u1ea3 c\u00e1c s\u1ea3n ph\u1ea9m c\u1ee7a ch\u00fang t\u00f4i \u0111\u1ec1u \u0111\u01b0\u1ee3c ki\u1ec3m tra k\u1ef9 l\u01b0\u1ee1ng v\u00e0 v\u1eadn h\u00e0nh th\u1ef1c t\u1ebf \u0111\u1ec3 lu\u00f4n \u0111\u1ea3m b\u1ea3o ch\u1ea5t l\u01b0\u1ee3ng t\u1ed1t nh\u1ea5t tr\u01b0\u1edbc khi b\u00e0n giao thi\u1ebft b\u1ecb cho kh\u00e1ch h\u00e0ng.<\/p>\n<p><strong>H\u00ccNH \u1ea2NH S\u1ea2N PH\u1ea8M<\/strong><\/p>\n<p><img loading=\"lazy\" class=\"size-full wp-image-13458 aligncenter\" src=\"https:\/\/cokhitanminh.com\/may-thuc-pham\/wp-content\/uploads\/2021\/12\/may-ep-hoa-qua-35kgh-tmtp-od11-2-cokhitanminhcommtp.jpg\" alt=\"\" width=\"650\" height=\"365\" srcset=\"https:\/\/cokhitanminh.com\/may-thuc-pham\/wp-content\/uploads\/2021\/12\/may-ep-hoa-qua-35kgh-tmtp-od11-2-cokhitanminhcommtp.jpg 650w, https:\/\/cokhitanminh.com\/may-thuc-pham\/wp-content\/uploads\/2021\/12\/may-ep-hoa-qua-35kgh-tmtp-od11-2-cokhitanminhcommtp-300x168.jpg 300w, https:\/\/cokhitanminh.com\/may-thuc-pham\/wp-content\/uploads\/2021\/12\/may-ep-hoa-qua-35kgh-tmtp-od11-2-cokhitanminhcommtp-600x337.jpg 600w\" sizes=\"(max-width: 650px) 100vw, 650px\" \/><\/p>\n<p><img loading=\"lazy\" class=\"size-full wp-image-13459 aligncenter\" src=\"https:\/\/cokhitanminh.com\/may-thuc-pham\/wp-content\/uploads\/2021\/12\/may-ep-hoa-qua-35kgh-tmtp-od11-3-cokhitanminhcommtp.jpg\" alt=\"\" width=\"550\" height=\"475\" srcset=\"https:\/\/cokhitanminh.com\/may-thuc-pham\/wp-content\/uploads\/2021\/12\/may-ep-hoa-qua-35kgh-tmtp-od11-3-cokhitanminhcommtp.jpg 550w, https:\/\/cokhitanminh.com\/may-thuc-pham\/wp-content\/uploads\/2021\/12\/may-ep-hoa-qua-35kgh-tmtp-od11-3-cokhitanminhcommtp-300x259.jpg 300w\" sizes=\"(max-width: 550px) 100vw, 550px\" \/><\/p>\n<p><img loading=\"lazy\" class=\"size-full wp-image-13460 aligncenter\" src=\"https:\/\/cokhitanminh.com\/may-thuc-pham\/wp-content\/uploads\/2021\/12\/may-ep-hoa-qua-35kgh-tmtp-od11-4-cokhitanminhcommtp.jpg\" alt=\"\" width=\"550\" height=\"470\" srcset=\"https:\/\/cokhitanminh.com\/may-thuc-pham\/wp-content\/uploads\/2021\/12\/may-ep-hoa-qua-35kgh-tmtp-od11-4-cokhitanminhcommtp.jpg 550w, https:\/\/cokhitanminh.com\/may-thuc-pham\/wp-content\/uploads\/2021\/12\/may-ep-hoa-qua-35kgh-tmtp-od11-4-cokhitanminhcommtp-300x256.jpg 300w\" sizes=\"(max-width: 550px) 100vw, 550px\" \/><\/p>\n<p><img loading=\"lazy\" class=\"size-full wp-image-13461 aligncenter\" src=\"https:\/\/cokhitanminh.com\/may-thuc-pham\/wp-content\/uploads\/2021\/12\/may-ep-hoa-qua-35kgh-tmtp-od11-5-cokhitanminhcommtp.jpg\" alt=\"\" width=\"550\" height=\"434\" srcset=\"https:\/\/cokhitanminh.com\/may-thuc-pham\/wp-content\/uploads\/2021\/12\/may-ep-hoa-qua-35kgh-tmtp-od11-5-cokhitanminhcommtp.jpg 550w, https:\/\/cokhitanminh.com\/may-thuc-pham\/wp-content\/uploads\/2021\/12\/may-ep-hoa-qua-35kgh-tmtp-od11-5-cokhitanminhcommtp-300x237.jpg 300w\" sizes=\"(max-width: 550px) 100vw, 550px\" \/><\/p>\n<p><img loading=\"lazy\" class=\"size-full wp-image-13462 aligncenter\" src=\"https:\/\/cokhitanminh.com\/may-thuc-pham\/wp-content\/uploads\/2021\/12\/may-ep-hoa-qua-35kgh-tmtp-od11-6-cokhitanminhcommtp.jpg\" alt=\"\" width=\"550\" height=\"455\" srcset=\"https:\/\/cokhitanminh.com\/may-thuc-pham\/wp-content\/uploads\/2021\/12\/may-ep-hoa-qua-35kgh-tmtp-od11-6-cokhitanminhcommtp.jpg 550w, https:\/\/cokhitanminh.com\/may-thuc-pham\/wp-content\/uploads\/2021\/12\/may-ep-hoa-qua-35kgh-tmtp-od11-6-cokhitanminhcommtp-300x248.jpg 300w\" sizes=\"(max-width: 550px) 100vw, 550px\" \/><\/p>\n<p><img loading=\"lazy\" class=\"size-full wp-image-13463 aligncenter\" src=\"https:\/\/cokhitanminh.com\/may-thuc-pham\/wp-content\/uploads\/2021\/12\/may-ep-hoa-qua-35kgh-tmtp-od11-7-cokhitanminhcommtp.jpg\" alt=\"\" width=\"550\" height=\"371\" srcset=\"https:\/\/cokhitanminh.com\/may-thuc-pham\/wp-content\/uploads\/2021\/12\/may-ep-hoa-qua-35kgh-tmtp-od11-7-cokhitanminhcommtp.jpg 550w, https:\/\/cokhitanminh.com\/may-thuc-pham\/wp-content\/uploads\/2021\/12\/may-ep-hoa-qua-35kgh-tmtp-od11-7-cokhitanminhcommtp-300x202.jpg 300w\" sizes=\"(max-width: 550px) 100vw, 550px\" \/><\/p>\n<p><strong>Th\u00f4ng s\u1ed1 k\u1ef9 thu\u1eadt:<\/strong><br \/>\n\u2013 Model: TMTP-OD11<br \/>\n\u2013 \u0110i\u1ec7n \u00e1p: 220V\/50Hz<br \/>\n\u2013 C\u00f4ng su\u1ea5t: 370W<br \/>\n\u2013 T\u1ed1c \u0111\u1ed9: 2800 v\u00f2ng\/ph\u00fat<br \/>\n\u2013 Tr\u1ecdng l\u01b0\u1ee3ng: 6 kg<br \/>\n\u2013 L\u01b0\u1ee3ng n\u01b0\u1edbc \u00e9p: 15-20 kg\/gi\u1edd<br \/>\n\u2013 K\u00edch th\u01b0\u1edbc: 250 x 400 x 350 mm<br \/>\n\u2013 B\u1ea3o h\u00e0nh: 12 th\u00e1ng<\/p>\n<p>Chi ti\u1ebft s\u1ea3n ph\u1ea9m <strong><em>M\u00e1y \u00e9p hoa qu\u1ea3 35kg\/h<\/em><\/strong> xin vui l\u00f2ng li\u00ean h\u1ec7 Hotline: 19002861 \u0110\u1ec3 \u0111\u01b0\u1ee3c t\u01b0 v\u1ea5n ho\u00e0n to\u00e0n mi\u1ec5n ph\u00ed!<\/p>\n","protected":false},"excerpt":{"rendered":"<p>M\u00e1y \u00e9p hoa qu\u1ea3 35kg\/h (TMTP-OD11) M\u00e1y \u00e9p hoa qu\u1ea3 35kg\/h (TMTP-OD11)\u00a0\u0111\u01b0\u1ee3c nghi\u00ean c\u1ee9u s\u1ea3n xu\u1ea5t v\u00e0 ph\u00e2n ph\u1ed1i tr\u00ean to\u00e0n qu\u1ed1c. T\u1ea5t c\u1ea3 c\u00e1c s\u1ea3n ph\u1ea9m c\u1ee7a ch\u00fang t\u00f4i \u0111\u1ec1u \u0111\u01b0\u1ee3c ki\u1ec3m tra k\u1ef9 l\u01b0\u1ee1ng v\u00e0 v\u1eadn h\u00e0nh th\u1ef1c t\u1ebf \u0111\u1ec3 lu\u00f4n \u0111\u1ea3m b\u1ea3o ch\u1ea5t l\u01b0\u1ee3ng t\u1ed1t nh\u1ea5t tr\u01b0\u1edbc khi b\u00e0n giao thi\u1ebft b\u1ecb &#8230;<\/p>\n","protected":false},"featured_media":13464,"comment_status":"open","ping_status":"closed","template":"","meta":[],"yoast_head":"<!-- This site is optimized with the Yoast SEO plugin v17.6 - https:\/\/yoast.com\/wordpress\/plugins\/seo\/ -->\n<title>M\u00e1y \u00e9p hoa qu\u1ea3 35kg\/h | Hainganmientrung.com | Gi\u00e1 R\u1ebb Ch\u00ednh H\u00e3ng<\/title>\n<meta name=\"description\" content=\"M\u00e1y \u00e9p hoa qu\u1ea3 35kg\/h - Gi\u00e1 R\u1ebb - B\u1ea3o H\u00e0nh Chuy\u00ean Nghi\u1ec7p - Chi ti\u1ebft xin li\u00ean h\u1ec7 Hotline: 19002861 \u0110\u1ec3 \u0111\u01b0\u1ee3c t\u01b0 v\u1ea5n ho\u00e0n to\u00e0n mi\u1ec5n ph\u00ed!\" \/>\n<meta name=\"robots\" content=\"noindex, follow, max-snippet:-1, max-image-preview:large, max-video-preview:-1\" \/>\n<meta property=\"og:locale\" content=\"vi_VN\" \/>\n<meta property=\"og:type\" content=\"article\" \/>\n<meta property=\"og:title\" content=\"M\u00e1y \u00e9p hoa qu\u1ea3 35kg\/h | Hainganmientrung.com | Gi\u00e1 R\u1ebb Ch\u00ednh H\u00e3ng\" \/>\n<meta property=\"og:description\" content=\"M\u00e1y \u00e9p hoa qu\u1ea3 35kg\/h - Gi\u00e1 R\u1ebb - B\u1ea3o H\u00e0nh Chuy\u00ean Nghi\u1ec7p - Chi ti\u1ebft xin li\u00ean h\u1ec7 Hotline: 19002861 \u0110\u1ec3 \u0111\u01b0\u1ee3c t\u01b0 v\u1ea5n ho\u00e0n to\u00e0n mi\u1ec5n ph\u00ed!\" \/>\n<meta property=\"og:url\" content=\"https:\/\/cokhitanminh.com\/may-thuc-pham\/san-pham\/may-ep-hoa-qua-35kg-h-tmtp-od11\/\" \/>\n<meta property=\"og:site_name\" content=\"M\u00e1y Th\u1ef1c Ph\u1ea9m T\u00e2n Minh\" \/>\n<meta property=\"article:modified_time\" content=\"2022-03-21T01:16:08+00:00\" \/>\n<meta property=\"og:image\" content=\"https:\/\/cokhitanminh.com\/may-thuc-pham\/wp-content\/uploads\/2021\/12\/may-ep-hoa-qua-35kgh-tmtp-od11-1-cokhitanminhcommtp.jpg\" \/>\n\t<meta property=\"og:image:width\" content=\"550\" \/>\n\t<meta property=\"og:image:height\" content=\"550\" \/>\n<meta name=\"twitter:card\" content=\"summary_large_image\" \/>\n<meta name=\"twitter:label1\" content=\"\u01af\u1edbc t\u00ednh th\u1eddi gian \u0111\u1ecdc\" \/>\n\t<meta name=\"twitter:data1\" content=\"2 ph\u00fat\" \/>\n<script type=\"application\/ld+json\" class=\"yoast-schema-graph\">{\"@context\":\"https:\/\/schema.org\",\"@graph\":[{\"@type\":\"WebSite\",\"@id\":\"https:\/\/cokhitanminh.com\/may-thuc-pham\/#website\",\"url\":\"https:\/\/cokhitanminh.com\/may-thuc-pham\/\",\"name\":\"M\\u00e1y Th\\u1ef1c Ph\\u1ea9m T\\u00e2n Minh\",\"description\":\"K\\u1ebft N\\u1ed1i \\u0110\\u1ebfn S\\u1ef1 Ho\\u00e0n H\\u1ea3o!\",\"potentialAction\":[{\"@type\":\"SearchAction\",\"target\":{\"@type\":\"EntryPoint\",\"urlTemplate\":\"https:\/\/cokhitanminh.com\/may-thuc-pham\/?s={search_term_string}\"},\"query-input\":\"required name=search_term_string\"}],\"inLanguage\":\"vi\"},{\"@type\":\"ImageObject\",\"@id\":\"https:\/\/cokhitanminh.com\/may-thuc-pham\/san-pham\/may-ep-hoa-qua-35kg-h-tmtp-od11\/#primaryimage\",\"inLanguage\":\"vi\",\"url\":\"https:\/\/cokhitanminh.com\/may-thuc-pham\/wp-content\/uploads\/2021\/12\/may-ep-hoa-qua-35kgh-tmtp-od11-1-cokhitanminhcommtp.jpg\",\"contentUrl\":\"https:\/\/cokhitanminh.com\/may-thuc-pham\/wp-content\/uploads\/2021\/12\/may-ep-hoa-qua-35kgh-tmtp-od11-1-cokhitanminhcommtp.jpg\",\"width\":550,\"height\":550,\"caption\":\"M\\u00c1Y \\u00c9P HOA QU\\u1ea2 35KG\/H (TMTP-OD11)\"},{\"@type\":\"WebPage\",\"@id\":\"https:\/\/cokhitanminh.com\/may-thuc-pham\/san-pham\/may-ep-hoa-qua-35kg-h-tmtp-od11\/#webpage\",\"url\":\"https:\/\/cokhitanminh.com\/may-thuc-pham\/san-pham\/may-ep-hoa-qua-35kg-h-tmtp-od11\/\",\"name\":\"M\\u00e1y \\u00e9p hoa qu\\u1ea3 35kg\/h | Hainganmientrung.com | Gi\\u00e1 R\\u1ebb Ch\\u00ednh H\\u00e3ng\",\"isPartOf\":{\"@id\":\"https:\/\/cokhitanminh.com\/may-thuc-pham\/#website\"},\"primaryImageOfPage\":{\"@id\":\"https:\/\/cokhitanminh.com\/may-thuc-pham\/san-pham\/may-ep-hoa-qua-35kg-h-tmtp-od11\/#primaryimage\"},\"datePublished\":\"2021-12-04T08:46:39+00:00\",\"dateModified\":\"2022-03-21T01:16:08+00:00\",\"description\":\"M\\u00e1y \\u00e9p hoa qu\\u1ea3 35kg\/h - Gi\\u00e1 R\\u1ebb - B\\u1ea3o H\\u00e0nh Chuy\\u00ean Nghi\\u1ec7p - Chi ti\\u1ebft xin li\\u00ean h\\u1ec7 Hotline: 19002861 \\u0110\\u1ec3 \\u0111\\u01b0\\u1ee3c t\\u01b0 v\\u1ea5n ho\\u00e0n to\\u00e0n mi\\u1ec5n ph\\u00ed!\",\"breadcrumb\":{\"@id\":\"https:\/\/cokhitanminh.com\/may-thuc-pham\/san-pham\/may-ep-hoa-qua-35kg-h-tmtp-od11\/#breadcrumb\"},\"inLanguage\":\"vi\",\"potentialAction\":[{\"@type\":\"ReadAction\",\"target\":[\"https:\/\/cokhitanminh.com\/may-thuc-pham\/san-pham\/may-ep-hoa-qua-35kg-h-tmtp-od11\/\"]}]},{\"@type\":\"BreadcrumbList\",\"@id\":\"https:\/\/cokhitanminh.com\/may-thuc-pham\/san-pham\/may-ep-hoa-qua-35kg-h-tmtp-od11\/#breadcrumb\",\"itemListElement\":[{\"@type\":\"ListItem\",\"position\":1,\"name\":\"Trang ch\\u1ee7\",\"item\":\"https:\/\/cokhitanminh.com\/may-thuc-pham\/\"},{\"@type\":\"ListItem\",\"position\":2,\"name\":\"C\\u1eeda h\\u00e0ng\",\"item\":\"https:\/\/cokhitanminh.com\/may-thuc-pham\/cua-hang\/\"},{\"@type\":\"ListItem\",\"position\":3,\"name\":\"M\\u00c1Y \\u00c9P HOA QU\\u1ea2 35KG\/H (TMTP-OD11)\"}]}]}<\/script>\n<!-- \/ Yoast SEO plugin. -->","yoast_head_json":{"title":"M\u00e1y \u00e9p hoa qu\u1ea3 35kg\/h | Hainganmientrung.com | Gi\u00e1 R\u1ebb Ch\u00ednh H\u00e3ng","description":"M\u00e1y \u00e9p hoa qu\u1ea3 35kg\/h - Gi\u00e1 R\u1ebb - B\u1ea3o H\u00e0nh Chuy\u00ean Nghi\u1ec7p - Chi ti\u1ebft xin li\u00ean h\u1ec7 Hotline: 19002861 \u0110\u1ec3 \u0111\u01b0\u1ee3c t\u01b0 v\u1ea5n ho\u00e0n to\u00e0n mi\u1ec5n ph\u00ed!","robots":{"index":"noindex","follow":"follow","max-snippet":"max-snippet:-1","max-image-preview":"max-image-preview:large","max-video-preview":"max-video-preview:-1"},"og_locale":"vi_VN","og_type":"article","og_title":"M\u00e1y \u00e9p hoa qu\u1ea3 35kg\/h | Hainganmientrung.com | Gi\u00e1 R\u1ebb Ch\u00ednh H\u00e3ng","og_description":"M\u00e1y \u00e9p hoa qu\u1ea3 35kg\/h - Gi\u00e1 R\u1ebb - B\u1ea3o H\u00e0nh Chuy\u00ean Nghi\u1ec7p - Chi ti\u1ebft xin li\u00ean h\u1ec7 Hotline: 19002861 \u0110\u1ec3 \u0111\u01b0\u1ee3c t\u01b0 v\u1ea5n ho\u00e0n to\u00e0n mi\u1ec5n ph\u00ed!","og_url":"https:\/\/cokhitanminh.com\/may-thuc-pham\/san-pham\/may-ep-hoa-qua-35kg-h-tmtp-od11\/","og_site_name":"M\u00e1y Th\u1ef1c Ph\u1ea9m T\u00e2n Minh","article_modified_time":"2022-03-21T01:16:08+00:00","og_image":[{"width":550,"height":550,"url":"https:\/\/cokhitanminh.com\/may-thuc-pham\/wp-content\/uploads\/2021\/12\/may-ep-hoa-qua-35kgh-tmtp-od11-1-cokhitanminhcommtp.jpg","type":"image\/jpeg"}],"twitter_card":"summary_large_image","twitter_misc":{"\u01af\u1edbc t\u00ednh th\u1eddi gian \u0111\u1ecdc":"2 ph\u00fat"},"schema":{"@context":"https:\/\/schema.org","@graph":[{"@type":"WebSite","@id":"https:\/\/cokhitanminh.com\/may-thuc-pham\/#website","url":"https:\/\/cokhitanminh.com\/may-thuc-pham\/","name":"M\u00e1y Th\u1ef1c Ph\u1ea9m T\u00e2n Minh","description":"K\u1ebft N\u1ed1i \u0110\u1ebfn S\u1ef1 Ho\u00e0n H\u1ea3o!","potentialAction":[{"@type":"SearchAction","target":{"@type":"EntryPoint","urlTemplate":"https:\/\/cokhitanminh.com\/may-thuc-pham\/?s={search_term_string}"},"query-input":"required name=search_term_string"}],"inLanguage":"vi"},{"@type":"ImageObject","@id":"https:\/\/cokhitanminh.com\/may-thuc-pham\/san-pham\/may-ep-hoa-qua-35kg-h-tmtp-od11\/#primaryimage","inLanguage":"vi","url":"https:\/\/cokhitanminh.com\/may-thuc-pham\/wp-content\/uploads\/2021\/12\/may-ep-hoa-qua-35kgh-tmtp-od11-1-cokhitanminhcommtp.jpg","contentUrl":"https:\/\/cokhitanminh.com\/may-thuc-pham\/wp-content\/uploads\/2021\/12\/may-ep-hoa-qua-35kgh-tmtp-od11-1-cokhitanminhcommtp.jpg","width":550,"height":550,"caption":"M\u00c1Y \u00c9P HOA QU\u1ea2 35KG\/H (TMTP-OD11)"},{"@type":"WebPage","@id":"https:\/\/cokhitanminh.com\/may-thuc-pham\/san-pham\/may-ep-hoa-qua-35kg-h-tmtp-od11\/#webpage","url":"https:\/\/cokhitanminh.com\/may-thuc-pham\/san-pham\/may-ep-hoa-qua-35kg-h-tmtp-od11\/","name":"M\u00e1y \u00e9p hoa qu\u1ea3 35kg\/h | Hainganmientrung.com | Gi\u00e1 R\u1ebb Ch\u00ednh H\u00e3ng","isPartOf":{"@id":"https:\/\/cokhitanminh.com\/may-thuc-pham\/#website"},"primaryImageOfPage":{"@id":"https:\/\/cokhitanminh.com\/may-thuc-pham\/san-pham\/may-ep-hoa-qua-35kg-h-tmtp-od11\/#primaryimage"},"datePublished":"2021-12-04T08:46:39+00:00","dateModified":"2022-03-21T01:16:08+00:00","description":"M\u00e1y \u00e9p hoa qu\u1ea3 35kg\/h - Gi\u00e1 R\u1ebb - B\u1ea3o H\u00e0nh Chuy\u00ean Nghi\u1ec7p - Chi ti\u1ebft xin li\u00ean h\u1ec7 Hotline: 19002861 \u0110\u1ec3 \u0111\u01b0\u1ee3c t\u01b0 v\u1ea5n ho\u00e0n to\u00e0n mi\u1ec5n ph\u00ed!","breadcrumb":{"@id":"https:\/\/cokhitanminh.com\/may-thuc-pham\/san-pham\/may-ep-hoa-qua-35kg-h-tmtp-od11\/#breadcrumb"},"inLanguage":"vi","potentialAction":[{"@type":"ReadAction","target":["https:\/\/cokhitanminh.com\/may-thuc-pham\/san-pham\/may-ep-hoa-qua-35kg-h-tmtp-od11\/"]}]},{"@type":"BreadcrumbList","@id":"https:\/\/cokhitanminh.com\/may-thuc-pham\/san-pham\/may-ep-hoa-qua-35kg-h-tmtp-od11\/#breadcrumb","itemListElement":[{"@type":"ListItem","position":1,"name":"Trang ch\u1ee7","item":"https:\/\/cokhitanminh.com\/may-thuc-pham\/"},{"@type":"ListItem","position":2,"name":"C\u1eeda h\u00e0ng","item":"https:\/\/cokhitanminh.com\/may-thuc-pham\/cua-hang\/"},{"@type":"ListItem","position":3,"name":"M\u00c1Y \u00c9P HOA QU\u1ea2 35KG\/H (TMTP-OD11)"}]}]}},"_links":{"self":[{"href":"https:\/\/cokhitanminh.com\/may-thuc-pham\/wp-json\/wp\/v2\/product\/7741"}],"collection":[{"href":"https:\/\/cokhitanminh.com\/may-thuc-pham\/wp-json\/wp\/v2\/product"}],"about":[{"href":"https:\/\/cokhitanminh.com\/may-thuc-pham\/wp-json\/wp\/v2\/types\/product"}],"replies":[{"embeddable":true,"href":"https:\/\/cokhitanminh.com\/may-thuc-pham\/wp-json\/wp\/v2\/comments?post=7741"}],"wp:featuredmedia":[{"embeddable":true,"href":"https:\/\/cokhitanminh.com\/may-thuc-pham\/wp-json\/wp\/v2\/media\/13464"}],"wp:attachment":[{"href":"https:\/\/cokhitanminh.com\/may-thuc-pham\/wp-json\/wp\/v2\/media?parent=7741"}],"curies":[{"name":"wp","href":"https:\/\/api.w.org\/{rel}","templated":true}]}}