{"id":7728,"date":"2021-12-04T15:46:14","date_gmt":"2021-12-04T08:46:14","guid":{"rendered":"https:\/\/cokhitanminh.com\/may-thuc-pham\/?post_type=product&#038;p=7728"},"modified":"2023-08-11T14:03:12","modified_gmt":"2023-08-11T07:03:12","slug":"may-got-khoai-tay-tmtp-oc03","status":"publish","type":"product","link":"https:\/\/cokhitanminh.com\/may-thuc-pham\/san-pham\/may-got-khoai-tay-tmtp-oc03\/","title":{"rendered":"M\u00c1Y G\u1eccT KHOAI T\u00c2Y (TMTP-OC03)"},"content":{"rendered":"<h3><a href=\"_wp_link_placeholder\" data-wplink-edit=\"true\"><em>M\u00e1y g\u1ecdt khoai t\u00e2y<\/em>\u00a0(TMTP-OC03)<\/a><\/h3>\n<p><strong><em>M\u00e1y g\u1ecdt khoai t\u00e2y<\/em><\/strong>\u00a0(TMTP-OC03) \u0111\u01b0\u1ee3c nghi\u00ean c\u1ee9u s\u1ea3n xu\u1ea5t v\u00e0 ph\u00e2n ph\u1ed1i tr\u00ean to\u00e0n qu\u1ed1c. T\u1ea5t c\u1ea3 c\u00e1c s\u1ea3n ph\u1ea9m c\u1ee7a ch\u00fang t\u00f4i \u0111\u1ec1u \u0111\u01b0\u1ee3c ki\u1ec3m tra k\u1ef9 l\u01b0\u1ee1ng v\u00e0 v\u1eadn h\u00e0nh th\u1ef1c t\u1ebf \u0111\u1ec3 lu\u00f4n \u0111\u1ea3m b\u1ea3o ch\u1ea5t l\u01b0\u1ee3ng t\u1ed1t nh\u1ea5t tr\u01b0\u1edbc khi b\u00e0n giao thi\u1ebft b\u1ecb cho kh\u00e1ch h\u00e0ng.<br \/>\n<strong>Th\u00f4ng s\u1ed1 k\u1ef9 thu\u1eadt:<\/strong><\/p>\n<p style=\"text-align: center;\"><img loading=\"lazy\" class=\"size-full wp-image-15757 aligncenter\" src=\"https:\/\/cokhitanminh.com\/may-thuc-pham\/wp-content\/uploads\/2021\/12\/may-got-khoai-tay-tmtp-oc03-1.jpeg\" alt=\"\" width=\"704\" height=\"185\" srcset=\"https:\/\/cokhitanminh.com\/may-thuc-pham\/wp-content\/uploads\/2021\/12\/may-got-khoai-tay-tmtp-oc03-1.jpeg 704w, https:\/\/cokhitanminh.com\/may-thuc-pham\/wp-content\/uploads\/2021\/12\/may-got-khoai-tay-tmtp-oc03-1-300x79.jpeg 300w, https:\/\/cokhitanminh.com\/may-thuc-pham\/wp-content\/uploads\/2021\/12\/may-got-khoai-tay-tmtp-oc03-1-600x158.jpeg 600w\" sizes=\"(max-width: 704px) 100vw, 704px\" \/><\/p>\n<p style=\"text-align: left;\">\n<strong>H\u00ecnh \u1ea3nh s\u1ea3n ph\u1ea9m:<\/strong><\/p>\n<p style=\"text-align: center;\"><img loading=\"lazy\" class=\"size-full wp-image-15759 aligncenter\" src=\"https:\/\/cokhitanminh.com\/may-thuc-pham\/wp-content\/uploads\/2021\/12\/may-got-khoai-tay-tmtp-oc03-2.jpg\" alt=\"\" width=\"500\" height=\"500\" srcset=\"https:\/\/cokhitanminh.com\/may-thuc-pham\/wp-content\/uploads\/2021\/12\/may-got-khoai-tay-tmtp-oc03-2.jpg 500w, https:\/\/cokhitanminh.com\/may-thuc-pham\/wp-content\/uploads\/2021\/12\/may-got-khoai-tay-tmtp-oc03-2-300x300.jpg 300w, https:\/\/cokhitanminh.com\/may-thuc-pham\/wp-content\/uploads\/2021\/12\/may-got-khoai-tay-tmtp-oc03-2-150x150.jpg 150w, https:\/\/cokhitanminh.com\/may-thuc-pham\/wp-content\/uploads\/2021\/12\/may-got-khoai-tay-tmtp-oc03-2-100x100.jpg 100w\" sizes=\"(max-width: 500px) 100vw, 500px\" \/><\/p>\n<p style=\"text-align: center;\"><img loading=\"lazy\" class=\"size-full wp-image-15760 aligncenter\" src=\"https:\/\/cokhitanminh.com\/may-thuc-pham\/wp-content\/uploads\/2021\/12\/may-got-khoai-tay-tmtp-oc03-3.jpg\" alt=\"\" width=\"500\" height=\"607\" srcset=\"https:\/\/cokhitanminh.com\/may-thuc-pham\/wp-content\/uploads\/2021\/12\/may-got-khoai-tay-tmtp-oc03-3.jpg 500w, https:\/\/cokhitanminh.com\/may-thuc-pham\/wp-content\/uploads\/2021\/12\/may-got-khoai-tay-tmtp-oc03-3-247x300.jpg 247w\" sizes=\"(max-width: 500px) 100vw, 500px\" \/><\/p>\n<p style=\"text-align: center;\"><img loading=\"lazy\" class=\"size-full wp-image-15761 aligncenter\" src=\"https:\/\/cokhitanminh.com\/may-thuc-pham\/wp-content\/uploads\/2021\/12\/may-got-khoai-tay-tmtp-oc03-4.jpg\" alt=\"\" width=\"500\" height=\"727\" srcset=\"https:\/\/cokhitanminh.com\/may-thuc-pham\/wp-content\/uploads\/2021\/12\/may-got-khoai-tay-tmtp-oc03-4.jpg 500w, https:\/\/cokhitanminh.com\/may-thuc-pham\/wp-content\/uploads\/2021\/12\/may-got-khoai-tay-tmtp-oc03-4-206x300.jpg 206w\" sizes=\"(max-width: 500px) 100vw, 500px\" \/><\/p>\n<p style=\"text-align: center;\"><img loading=\"lazy\" class=\"size-full wp-image-15762 aligncenter\" src=\"https:\/\/cokhitanminh.com\/may-thuc-pham\/wp-content\/uploads\/2021\/12\/may-got-khoai-tay-tmtp-oc03-5.jpg\" alt=\"\" width=\"500\" height=\"339\" srcset=\"https:\/\/cokhitanminh.com\/may-thuc-pham\/wp-content\/uploads\/2021\/12\/may-got-khoai-tay-tmtp-oc03-5.jpg 500w, https:\/\/cokhitanminh.com\/may-thuc-pham\/wp-content\/uploads\/2021\/12\/may-got-khoai-tay-tmtp-oc03-5-300x203.jpg 300w\" sizes=\"(max-width: 500px) 100vw, 500px\" \/><\/p>\n<p style=\"text-align: center;\"><img loading=\"lazy\" class=\"size-full wp-image-15763 aligncenter\" src=\"https:\/\/cokhitanminh.com\/may-thuc-pham\/wp-content\/uploads\/2021\/12\/may-got-khoai-tay-tmtp-oc03-6.jpg\" alt=\"\" width=\"500\" height=\"266\" srcset=\"https:\/\/cokhitanminh.com\/may-thuc-pham\/wp-content\/uploads\/2021\/12\/may-got-khoai-tay-tmtp-oc03-6.jpg 500w, https:\/\/cokhitanminh.com\/may-thuc-pham\/wp-content\/uploads\/2021\/12\/may-got-khoai-tay-tmtp-oc03-6-300x160.jpg 300w\" sizes=\"(max-width: 500px) 100vw, 500px\" \/><\/p>\n<p>Chi ti\u1ebft s\u1ea3n ph\u1ea9m xin vui l\u00f2ng li\u00ean h\u1ec7 Hotline: 19002861 \u0110\u1ec3 \u0111\u01b0\u1ee3c t\u01b0 v\u1ea5n ho\u00e0n to\u00e0n mi\u1ec5n ph\u00ed!<\/p>\n","protected":false},"excerpt":{"rendered":"<p>M\u00e1y g\u1ecdt khoai t\u00e2y\u00a0(TMTP-OC03) M\u00e1y g\u1ecdt khoai t\u00e2y\u00a0(TMTP-OC03) \u0111\u01b0\u1ee3c nghi\u00ean c\u1ee9u s\u1ea3n xu\u1ea5t v\u00e0 ph\u00e2n ph\u1ed1i tr\u00ean to\u00e0n qu\u1ed1c. T\u1ea5t c\u1ea3 c\u00e1c s\u1ea3n ph\u1ea9m c\u1ee7a ch\u00fang t\u00f4i \u0111\u1ec1u \u0111\u01b0\u1ee3c ki\u1ec3m tra k\u1ef9 l\u01b0\u1ee1ng v\u00e0 v\u1eadn h\u00e0nh th\u1ef1c t\u1ebf \u0111\u1ec3 lu\u00f4n \u0111\u1ea3m b\u1ea3o ch\u1ea5t l\u01b0\u1ee3ng t\u1ed1t nh\u1ea5t tr\u01b0\u1edbc khi b\u00e0n giao thi\u1ebft b\u1ecb cho kh\u00e1ch h\u00e0ng. &#8230;<\/p>\n","protected":false},"featured_media":15764,"comment_status":"open","ping_status":"closed","template":"","meta":[],"yoast_head":"<!-- This site is optimized with the Yoast SEO plugin v17.6 - https:\/\/yoast.com\/wordpress\/plugins\/seo\/ -->\n<title>M\u00e1y g\u1ecdt khoai t\u00e2y | Hainganmientrung.com<\/title>\n<meta name=\"description\" content=\"M\u00e1y g\u1ecdt khoai t\u00e2y - Gi\u00e1 R\u1ebb - B\u1ea3o H\u00e0nh Chuy\u00ean Nghi\u1ec7p - Chi ti\u1ebft xin li\u00ean h\u1ec7 Hotline: 19002861 \u0110\u1ec3 \u0111\u01b0\u1ee3c t\u01b0 v\u1ea5n ho\u00e0n to\u00e0n mi\u1ec5n ph\u00ed!\" \/>\n<meta name=\"robots\" content=\"noindex, follow, max-snippet:-1, max-image-preview:large, max-video-preview:-1\" \/>\n<meta property=\"og:locale\" content=\"vi_VN\" \/>\n<meta property=\"og:type\" content=\"article\" \/>\n<meta property=\"og:title\" content=\"M\u00e1y g\u1ecdt khoai t\u00e2y | Hainganmientrung.com\" \/>\n<meta property=\"og:description\" content=\"M\u00e1y g\u1ecdt khoai t\u00e2y - Gi\u00e1 R\u1ebb - B\u1ea3o H\u00e0nh Chuy\u00ean Nghi\u1ec7p - Chi ti\u1ebft xin li\u00ean h\u1ec7 Hotline: 19002861 \u0110\u1ec3 \u0111\u01b0\u1ee3c t\u01b0 v\u1ea5n ho\u00e0n to\u00e0n mi\u1ec5n ph\u00ed!\" \/>\n<meta property=\"og:url\" content=\"https:\/\/cokhitanminh.com\/may-thuc-pham\/san-pham\/may-got-khoai-tay-tmtp-oc03\/\" \/>\n<meta property=\"og:site_name\" content=\"M\u00e1y Th\u1ef1c Ph\u1ea9m T\u00e2n Minh\" \/>\n<meta property=\"article:modified_time\" content=\"2023-08-11T07:03:12+00:00\" \/>\n<meta property=\"og:image\" content=\"https:\/\/cokhitanminh.com\/may-thuc-pham\/wp-content\/uploads\/2021\/12\/may-got-khoai-tay-tmtp-oc03-1.jpg\" \/>\n\t<meta property=\"og:image:width\" content=\"660\" \/>\n\t<meta property=\"og:image:height\" content=\"660\" \/>\n<meta name=\"twitter:card\" content=\"summary_large_image\" \/>\n<meta name=\"twitter:label1\" content=\"\u01af\u1edbc t\u00ednh th\u1eddi gian \u0111\u1ecdc\" \/>\n\t<meta name=\"twitter:data1\" content=\"2 ph\u00fat\" \/>\n<script type=\"application\/ld+json\" class=\"yoast-schema-graph\">{\"@context\":\"https:\/\/schema.org\",\"@graph\":[{\"@type\":\"WebSite\",\"@id\":\"https:\/\/cokhitanminh.com\/may-thuc-pham\/#website\",\"url\":\"https:\/\/cokhitanminh.com\/may-thuc-pham\/\",\"name\":\"M\\u00e1y Th\\u1ef1c Ph\\u1ea9m T\\u00e2n Minh\",\"description\":\"K\\u1ebft N\\u1ed1i \\u0110\\u1ebfn S\\u1ef1 Ho\\u00e0n H\\u1ea3o!\",\"potentialAction\":[{\"@type\":\"SearchAction\",\"target\":{\"@type\":\"EntryPoint\",\"urlTemplate\":\"https:\/\/cokhitanminh.com\/may-thuc-pham\/?s={search_term_string}\"},\"query-input\":\"required name=search_term_string\"}],\"inLanguage\":\"vi\"},{\"@type\":\"ImageObject\",\"@id\":\"https:\/\/cokhitanminh.com\/may-thuc-pham\/san-pham\/may-got-khoai-tay-tmtp-oc03\/#primaryimage\",\"inLanguage\":\"vi\",\"url\":\"https:\/\/cokhitanminh.com\/may-thuc-pham\/wp-content\/uploads\/2021\/12\/may-got-khoai-tay-tmtp-oc03-1.jpg\",\"contentUrl\":\"https:\/\/cokhitanminh.com\/may-thuc-pham\/wp-content\/uploads\/2021\/12\/may-got-khoai-tay-tmtp-oc03-1.jpg\",\"width\":660,\"height\":660},{\"@type\":\"WebPage\",\"@id\":\"https:\/\/cokhitanminh.com\/may-thuc-pham\/san-pham\/may-got-khoai-tay-tmtp-oc03\/#webpage\",\"url\":\"https:\/\/cokhitanminh.com\/may-thuc-pham\/san-pham\/may-got-khoai-tay-tmtp-oc03\/\",\"name\":\"M\\u00e1y g\\u1ecdt khoai t\\u00e2y | Hainganmientrung.com\",\"isPartOf\":{\"@id\":\"https:\/\/cokhitanminh.com\/may-thuc-pham\/#website\"},\"primaryImageOfPage\":{\"@id\":\"https:\/\/cokhitanminh.com\/may-thuc-pham\/san-pham\/may-got-khoai-tay-tmtp-oc03\/#primaryimage\"},\"datePublished\":\"2021-12-04T08:46:14+00:00\",\"dateModified\":\"2023-08-11T07:03:12+00:00\",\"description\":\"M\\u00e1y g\\u1ecdt khoai t\\u00e2y - Gi\\u00e1 R\\u1ebb - B\\u1ea3o H\\u00e0nh Chuy\\u00ean Nghi\\u1ec7p - Chi ti\\u1ebft xin li\\u00ean h\\u1ec7 Hotline: 19002861 \\u0110\\u1ec3 \\u0111\\u01b0\\u1ee3c t\\u01b0 v\\u1ea5n ho\\u00e0n to\\u00e0n mi\\u1ec5n ph\\u00ed!\",\"breadcrumb\":{\"@id\":\"https:\/\/cokhitanminh.com\/may-thuc-pham\/san-pham\/may-got-khoai-tay-tmtp-oc03\/#breadcrumb\"},\"inLanguage\":\"vi\",\"potentialAction\":[{\"@type\":\"ReadAction\",\"target\":[\"https:\/\/cokhitanminh.com\/may-thuc-pham\/san-pham\/may-got-khoai-tay-tmtp-oc03\/\"]}]},{\"@type\":\"BreadcrumbList\",\"@id\":\"https:\/\/cokhitanminh.com\/may-thuc-pham\/san-pham\/may-got-khoai-tay-tmtp-oc03\/#breadcrumb\",\"itemListElement\":[{\"@type\":\"ListItem\",\"position\":1,\"name\":\"Trang ch\\u1ee7\",\"item\":\"https:\/\/cokhitanminh.com\/may-thuc-pham\/\"},{\"@type\":\"ListItem\",\"position\":2,\"name\":\"C\\u1eeda h\\u00e0ng\",\"item\":\"https:\/\/cokhitanminh.com\/may-thuc-pham\/cua-hang\/\"},{\"@type\":\"ListItem\",\"position\":3,\"name\":\"M\\u00c1Y G\\u1eccT KHOAI T\\u00c2Y (TMTP-OC03)\"}]}]}<\/script>\n<!-- \/ Yoast SEO plugin. -->","yoast_head_json":{"title":"M\u00e1y g\u1ecdt khoai t\u00e2y | Hainganmientrung.com","description":"M\u00e1y g\u1ecdt khoai t\u00e2y - Gi\u00e1 R\u1ebb - B\u1ea3o H\u00e0nh Chuy\u00ean Nghi\u1ec7p - Chi ti\u1ebft xin li\u00ean h\u1ec7 Hotline: 19002861 \u0110\u1ec3 \u0111\u01b0\u1ee3c t\u01b0 v\u1ea5n ho\u00e0n to\u00e0n mi\u1ec5n ph\u00ed!","robots":{"index":"noindex","follow":"follow","max-snippet":"max-snippet:-1","max-image-preview":"max-image-preview:large","max-video-preview":"max-video-preview:-1"},"og_locale":"vi_VN","og_type":"article","og_title":"M\u00e1y g\u1ecdt khoai t\u00e2y | Hainganmientrung.com","og_description":"M\u00e1y g\u1ecdt khoai t\u00e2y - Gi\u00e1 R\u1ebb - B\u1ea3o H\u00e0nh Chuy\u00ean Nghi\u1ec7p - Chi ti\u1ebft xin li\u00ean h\u1ec7 Hotline: 19002861 \u0110\u1ec3 \u0111\u01b0\u1ee3c t\u01b0 v\u1ea5n ho\u00e0n to\u00e0n mi\u1ec5n ph\u00ed!","og_url":"https:\/\/cokhitanminh.com\/may-thuc-pham\/san-pham\/may-got-khoai-tay-tmtp-oc03\/","og_site_name":"M\u00e1y Th\u1ef1c Ph\u1ea9m T\u00e2n Minh","article_modified_time":"2023-08-11T07:03:12+00:00","og_image":[{"width":660,"height":660,"url":"https:\/\/cokhitanminh.com\/may-thuc-pham\/wp-content\/uploads\/2021\/12\/may-got-khoai-tay-tmtp-oc03-1.jpg","type":"image\/jpeg"}],"twitter_card":"summary_large_image","twitter_misc":{"\u01af\u1edbc t\u00ednh th\u1eddi gian \u0111\u1ecdc":"2 ph\u00fat"},"schema":{"@context":"https:\/\/schema.org","@graph":[{"@type":"WebSite","@id":"https:\/\/cokhitanminh.com\/may-thuc-pham\/#website","url":"https:\/\/cokhitanminh.com\/may-thuc-pham\/","name":"M\u00e1y Th\u1ef1c Ph\u1ea9m T\u00e2n Minh","description":"K\u1ebft N\u1ed1i \u0110\u1ebfn S\u1ef1 Ho\u00e0n H\u1ea3o!","potentialAction":[{"@type":"SearchAction","target":{"@type":"EntryPoint","urlTemplate":"https:\/\/cokhitanminh.com\/may-thuc-pham\/?s={search_term_string}"},"query-input":"required name=search_term_string"}],"inLanguage":"vi"},{"@type":"ImageObject","@id":"https:\/\/cokhitanminh.com\/may-thuc-pham\/san-pham\/may-got-khoai-tay-tmtp-oc03\/#primaryimage","inLanguage":"vi","url":"https:\/\/cokhitanminh.com\/may-thuc-pham\/wp-content\/uploads\/2021\/12\/may-got-khoai-tay-tmtp-oc03-1.jpg","contentUrl":"https:\/\/cokhitanminh.com\/may-thuc-pham\/wp-content\/uploads\/2021\/12\/may-got-khoai-tay-tmtp-oc03-1.jpg","width":660,"height":660},{"@type":"WebPage","@id":"https:\/\/cokhitanminh.com\/may-thuc-pham\/san-pham\/may-got-khoai-tay-tmtp-oc03\/#webpage","url":"https:\/\/cokhitanminh.com\/may-thuc-pham\/san-pham\/may-got-khoai-tay-tmtp-oc03\/","name":"M\u00e1y g\u1ecdt khoai t\u00e2y | Hainganmientrung.com","isPartOf":{"@id":"https:\/\/cokhitanminh.com\/may-thuc-pham\/#website"},"primaryImageOfPage":{"@id":"https:\/\/cokhitanminh.com\/may-thuc-pham\/san-pham\/may-got-khoai-tay-tmtp-oc03\/#primaryimage"},"datePublished":"2021-12-04T08:46:14+00:00","dateModified":"2023-08-11T07:03:12+00:00","description":"M\u00e1y g\u1ecdt khoai t\u00e2y - Gi\u00e1 R\u1ebb - B\u1ea3o H\u00e0nh Chuy\u00ean Nghi\u1ec7p - Chi ti\u1ebft xin li\u00ean h\u1ec7 Hotline: 19002861 \u0110\u1ec3 \u0111\u01b0\u1ee3c t\u01b0 v\u1ea5n ho\u00e0n to\u00e0n mi\u1ec5n ph\u00ed!","breadcrumb":{"@id":"https:\/\/cokhitanminh.com\/may-thuc-pham\/san-pham\/may-got-khoai-tay-tmtp-oc03\/#breadcrumb"},"inLanguage":"vi","potentialAction":[{"@type":"ReadAction","target":["https:\/\/cokhitanminh.com\/may-thuc-pham\/san-pham\/may-got-khoai-tay-tmtp-oc03\/"]}]},{"@type":"BreadcrumbList","@id":"https:\/\/cokhitanminh.com\/may-thuc-pham\/san-pham\/may-got-khoai-tay-tmtp-oc03\/#breadcrumb","itemListElement":[{"@type":"ListItem","position":1,"name":"Trang ch\u1ee7","item":"https:\/\/cokhitanminh.com\/may-thuc-pham\/"},{"@type":"ListItem","position":2,"name":"C\u1eeda h\u00e0ng","item":"https:\/\/cokhitanminh.com\/may-thuc-pham\/cua-hang\/"},{"@type":"ListItem","position":3,"name":"M\u00c1Y G\u1eccT KHOAI T\u00c2Y (TMTP-OC03)"}]}]}},"_links":{"self":[{"href":"https:\/\/cokhitanminh.com\/may-thuc-pham\/wp-json\/wp\/v2\/product\/7728"}],"collection":[{"href":"https:\/\/cokhitanminh.com\/may-thuc-pham\/wp-json\/wp\/v2\/product"}],"about":[{"href":"https:\/\/cokhitanminh.com\/may-thuc-pham\/wp-json\/wp\/v2\/types\/product"}],"replies":[{"embeddable":true,"href":"https:\/\/cokhitanminh.com\/may-thuc-pham\/wp-json\/wp\/v2\/comments?post=7728"}],"wp:featuredmedia":[{"embeddable":true,"href":"https:\/\/cokhitanminh.com\/may-thuc-pham\/wp-json\/wp\/v2\/media\/15764"}],"wp:attachment":[{"href":"https:\/\/cokhitanminh.com\/may-thuc-pham\/wp-json\/wp\/v2\/media?parent=7728"}],"curies":[{"name":"wp","href":"https:\/\/api.w.org\/{rel}","templated":true}]}}