{"id":7649,"date":"2021-12-04T15:44:23","date_gmt":"2021-12-04T08:44:23","guid":{"rendered":"https:\/\/cokhitanminh.com\/may-thuc-pham\/?post_type=product&#038;p=7649"},"modified":"2023-11-03T08:53:28","modified_gmt":"2023-11-03T01:53:28","slug":"may-thai-rau-cu-qua-lc-312-tmtp-o24","status":"publish","type":"product","link":"https:\/\/cokhitanminh.com\/may-thuc-pham\/san-pham\/may-thai-rau-cu-qua-lc-312-tmtp-o24\/","title":{"rendered":"M\u00c1Y TH\u00c1I RAU C\u1ee6 QU\u1ea2 LC-312 (TMTP-O24)"},"content":{"rendered":"<h3><a href=\"https:\/\/cokhitanminh.com\/may-thuc-pham\/san-pham\/may-thai-rau-cu-qua-lc-312-tmtp-o24\/\"><em><strong>M\u00e1y th\u00e1i rau c\u1ee7 qu\u1ea3 LC-312<\/strong><\/em>\u00a0<\/a>(TMTP-O24)<\/h3>\n<p><em><strong>M\u00e1y th\u00e1i rau c\u1ee7 qu\u1ea3 LC-312<\/strong><\/em> (TMTP-O24) \u0111\u01b0\u1ee3c nghi\u00ean c\u1ee9u s\u1ea3n xu\u1ea5t v\u00e0 ph\u00e2n ph\u1ed1i tr\u00ean to\u00e0n qu\u1ed1c. T\u1ea5t c\u1ea3 c\u00e1c s\u1ea3n ph\u1ea9m c\u1ee7a ch\u00fang t\u00f4i \u0111\u1ec1u \u0111\u01b0\u1ee3c ki\u1ec3m tra k\u1ef9 l\u01b0\u1ee1ng v\u00e0 v\u1eadn h\u00e0nh th\u1ef1c t\u1ebf \u0111\u1ec3 lu\u00f4n \u0111\u1ea3m b\u1ea3o ch\u1ea5t l\u01b0\u1ee3ng t\u1ed1t nh\u1ea5t tr\u01b0\u1edbc khi b\u00e0n giao thi\u1ebft b\u1ecb cho kh\u00e1ch h\u00e0ng.<\/p>\n<p><img loading=\"lazy\" class=\"size-full wp-image-15573 aligncenter\" src=\"https:\/\/cokhitanminh.com\/may-thuc-pham\/wp-content\/uploads\/2021\/12\/may-thai-rau-cu-qua-lc-312-tmtp-o24-2-1.jpg\" alt=\"\" width=\"800\" height=\"400\" srcset=\"https:\/\/cokhitanminh.com\/may-thuc-pham\/wp-content\/uploads\/2021\/12\/may-thai-rau-cu-qua-lc-312-tmtp-o24-2-1.jpg 800w, https:\/\/cokhitanminh.com\/may-thuc-pham\/wp-content\/uploads\/2021\/12\/may-thai-rau-cu-qua-lc-312-tmtp-o24-2-1-300x150.jpg 300w, https:\/\/cokhitanminh.com\/may-thuc-pham\/wp-content\/uploads\/2021\/12\/may-thai-rau-cu-qua-lc-312-tmtp-o24-2-1-768x384.jpg 768w, https:\/\/cokhitanminh.com\/may-thuc-pham\/wp-content\/uploads\/2021\/12\/may-thai-rau-cu-qua-lc-312-tmtp-o24-2-1-600x300.jpg 600w\" sizes=\"(max-width: 800px) 100vw, 800px\" \/> <img loading=\"lazy\" class=\"size-full wp-image-15574 aligncenter\" src=\"https:\/\/cokhitanminh.com\/may-thuc-pham\/wp-content\/uploads\/2021\/12\/may-thai-rau-cu-qua-lc-312-tmtp-o24-3.jpg\" alt=\"\" width=\"550\" height=\"550\" srcset=\"https:\/\/cokhitanminh.com\/may-thuc-pham\/wp-content\/uploads\/2021\/12\/may-thai-rau-cu-qua-lc-312-tmtp-o24-3.jpg 550w, https:\/\/cokhitanminh.com\/may-thuc-pham\/wp-content\/uploads\/2021\/12\/may-thai-rau-cu-qua-lc-312-tmtp-o24-3-300x300.jpg 300w, https:\/\/cokhitanminh.com\/may-thuc-pham\/wp-content\/uploads\/2021\/12\/may-thai-rau-cu-qua-lc-312-tmtp-o24-3-150x150.jpg 150w, https:\/\/cokhitanminh.com\/may-thuc-pham\/wp-content\/uploads\/2021\/12\/may-thai-rau-cu-qua-lc-312-tmtp-o24-3-100x100.jpg 100w\" sizes=\"(max-width: 550px) 100vw, 550px\" \/><\/p>\n<p><strong>Th\u00f4ng s\u1ed1 k\u1ef9 thu\u1eadt:<\/strong><\/p>\n<p><strong>Th\u00f4ng s\u1ed1 k\u1ef9 thu\u1eadt:<\/strong><\/p>\n<p>\u2013 Model: TMTP-O24<br \/>\n\u2013 \u0110i\u1ec7n \u00e1p: 220V\/50Hz<br \/>\n\u2013 C\u00f4ng su\u1ea5t: 1.5Kw<br \/>\n\u2013 N\u0103ng su\u1ea5t: 200-400 kg\/h<br \/>\n\u2013 K\u00edch th\u01b0\u1edbc th\u00e1i:<br \/>\n+ Th\u00e1i l\u00e1t: 2, 3, 4, 6, 8, 10 mm (\u0110\u1eb7t theo y\u00eau c\u1ea7u)<br \/>\n+ Th\u00e1i s\u1ee3i: 3, 4, 6, 8 mm (\u0110\u1eb7t theo y\u00eau c\u1ea7u)<br \/>\n+ Th\u00e1i h\u1ea1t l\u1ef1u: 6, 8, 10, 15, 20 mm (\u0110\u1eb7t theo y\u00eau c\u1ea7u)<br \/>\n\u2013 Sai s\u1ed1 t\u1ec9 l\u1ec7 d\u1eadp n\u00e1t: \u00b15% (T\u00f9y k\u00edch th\u01b0\u1edbc th\u00e1i v\u00e0 t\u00ednh ch\u1ea5t s\u1ea3n ph\u1ea9m)<br \/>\n\u2013 K\u00edch th\u01b0\u1edbc m\u00e1y: 800 x 440 x 880mm<br \/>\n\u2013 Tr\u1ecdng l\u01b0\u1ee3ng: 50 kg<br \/>\n\u2013 V\u1eadt li\u1ec7u : V\u1ecf m\u00e1y inox , \u0111\u1ea7u m\u00e1y h\u1ee3p kim nh\u00f4m<br \/>\n\u2013 B\u1ea3o h\u00e0nh: 12 th\u00e1ng<\/p>\n<p><strong>H\u00ecnh \u1ea3nh s\u1ea3n ph\u1ea9m<\/strong><\/p>\n<p style=\"text-align: center;\"><img loading=\"lazy\" class=\"size-full wp-image-15572 aligncenter\" src=\"https:\/\/cokhitanminh.com\/may-thuc-pham\/wp-content\/uploads\/2021\/12\/may-thai-rau-cu-qua-lc-312-tmtp-o24-1.jpg\" alt=\"\" width=\"800\" height=\"400\" srcset=\"https:\/\/cokhitanminh.com\/may-thuc-pham\/wp-content\/uploads\/2021\/12\/may-thai-rau-cu-qua-lc-312-tmtp-o24-1.jpg 800w, https:\/\/cokhitanminh.com\/may-thuc-pham\/wp-content\/uploads\/2021\/12\/may-thai-rau-cu-qua-lc-312-tmtp-o24-1-300x150.jpg 300w, https:\/\/cokhitanminh.com\/may-thuc-pham\/wp-content\/uploads\/2021\/12\/may-thai-rau-cu-qua-lc-312-tmtp-o24-1-768x384.jpg 768w, https:\/\/cokhitanminh.com\/may-thuc-pham\/wp-content\/uploads\/2021\/12\/may-thai-rau-cu-qua-lc-312-tmtp-o24-1-600x300.jpg 600w\" sizes=\"(max-width: 800px) 100vw, 800px\" \/><\/p>\n<p style=\"text-align: center;\"><img loading=\"lazy\" class=\"size-full wp-image-14185 aligncenter\" src=\"https:\/\/cokhitanminh.com\/may-thuc-pham\/wp-content\/uploads\/2021\/12\/may-thai-rau-cu-qua-lc-312-tmtp-o24-ckmtp-3.jpg\" alt=\"\" width=\"500\" height=\"404\" srcset=\"https:\/\/cokhitanminh.com\/may-thuc-pham\/wp-content\/uploads\/2021\/12\/may-thai-rau-cu-qua-lc-312-tmtp-o24-ckmtp-3.jpg 500w, https:\/\/cokhitanminh.com\/may-thuc-pham\/wp-content\/uploads\/2021\/12\/may-thai-rau-cu-qua-lc-312-tmtp-o24-ckmtp-3-300x242.jpg 300w\" sizes=\"(max-width: 500px) 100vw, 500px\" \/> <img loading=\"lazy\" class=\"size-full wp-image-14186 aligncenter\" src=\"https:\/\/cokhitanminh.com\/may-thuc-pham\/wp-content\/uploads\/2021\/12\/may-thai-rau-cu-qua-lc-312-tmtp-o24-ckmtp-4.jpg\" alt=\"\" width=\"500\" height=\"147\" srcset=\"https:\/\/cokhitanminh.com\/may-thuc-pham\/wp-content\/uploads\/2021\/12\/may-thai-rau-cu-qua-lc-312-tmtp-o24-ckmtp-4.jpg 500w, https:\/\/cokhitanminh.com\/may-thuc-pham\/wp-content\/uploads\/2021\/12\/may-thai-rau-cu-qua-lc-312-tmtp-o24-ckmtp-4-300x88.jpg 300w\" sizes=\"(max-width: 500px) 100vw, 500px\" \/><\/p>\n<p>Chi ti\u1ebft s\u1ea3n ph\u1ea9m <em><strong>M\u00e1y th\u00e1i rau c\u1ee7 qu\u1ea3 LC-312<\/strong><\/em><strong><em>\u00a0<\/em><\/strong>xin vui l\u00f2ng li\u00ean h\u1ec7 Hotline: 19002861 \u0110\u1ec3 \u0111\u01b0\u1ee3c t\u01b0 v\u1ea5n ho\u00e0n to\u00e0n mi\u1ec5n ph\u00ed!<\/p>\n","protected":false},"excerpt":{"rendered":"<p>M\u00e1y th\u00e1i rau c\u1ee7 qu\u1ea3 LC-312\u00a0(TMTP-O24) M\u00e1y th\u00e1i rau c\u1ee7 qu\u1ea3 LC-312 (TMTP-O24) \u0111\u01b0\u1ee3c nghi\u00ean c\u1ee9u s\u1ea3n xu\u1ea5t v\u00e0 ph\u00e2n ph\u1ed1i tr\u00ean to\u00e0n qu\u1ed1c. T\u1ea5t c\u1ea3 c\u00e1c s\u1ea3n ph\u1ea9m c\u1ee7a ch\u00fang t\u00f4i \u0111\u1ec1u \u0111\u01b0\u1ee3c ki\u1ec3m tra k\u1ef9 l\u01b0\u1ee1ng v\u00e0 v\u1eadn h\u00e0nh th\u1ef1c t\u1ebf \u0111\u1ec3 lu\u00f4n \u0111\u1ea3m b\u1ea3o ch\u1ea5t l\u01b0\u1ee3ng t\u1ed1t nh\u1ea5t tr\u01b0\u1edbc khi b\u00e0n giao &#8230;<\/p>\n","protected":false},"featured_media":15575,"comment_status":"open","ping_status":"closed","template":"","meta":[],"yoast_head":"<!-- This site is optimized with the Yoast SEO plugin v17.6 - https:\/\/yoast.com\/wordpress\/plugins\/seo\/ -->\n<title>M\u00e1y th\u00e1i rau c\u1ee7 qu\u1ea3 LC-312 | Hainganmientrung.com<\/title>\n<meta name=\"description\" content=\"M\u00e1y th\u00e1i rau c\u1ee7 qu\u1ea3 LC-312 - Gi\u00e1 R\u1ebb - B\u1ea3o H\u00e0nh Chuy\u00ean Nghi\u1ec7p - Chi ti\u1ebft xin li\u00ean h\u1ec7 Hotline: 19002861 \u0110\u1ec3 \u0111\u01b0\u1ee3c t\u01b0 v\u1ea5n ho\u00e0n to\u00e0n mi\u1ec5n ph\u00ed!\" \/>\n<meta name=\"robots\" content=\"noindex, follow, max-snippet:-1, max-image-preview:large, max-video-preview:-1\" \/>\n<meta property=\"og:locale\" content=\"vi_VN\" \/>\n<meta property=\"og:type\" content=\"article\" \/>\n<meta property=\"og:title\" content=\"M\u00e1y th\u00e1i rau c\u1ee7 qu\u1ea3 LC-312 | Hainganmientrung.com\" \/>\n<meta property=\"og:description\" content=\"M\u00e1y th\u00e1i rau c\u1ee7 qu\u1ea3 LC-312 - Gi\u00e1 R\u1ebb - B\u1ea3o H\u00e0nh Chuy\u00ean Nghi\u1ec7p - Chi ti\u1ebft xin li\u00ean h\u1ec7 Hotline: 19002861 \u0110\u1ec3 \u0111\u01b0\u1ee3c t\u01b0 v\u1ea5n ho\u00e0n to\u00e0n mi\u1ec5n ph\u00ed!\" \/>\n<meta property=\"og:url\" content=\"https:\/\/cokhitanminh.com\/may-thuc-pham\/san-pham\/may-thai-rau-cu-qua-lc-312-tmtp-o24\/\" \/>\n<meta property=\"og:site_name\" content=\"M\u00e1y Th\u1ef1c Ph\u1ea9m T\u00e2n Minh\" \/>\n<meta property=\"article:modified_time\" content=\"2023-11-03T01:53:28+00:00\" \/>\n<meta property=\"og:image\" content=\"https:\/\/cokhitanminh.com\/may-thuc-pham\/wp-content\/uploads\/2021\/12\/may-thai-rau-cu-qua-lc-312-tmtp-o24-4.jpg\" \/>\n\t<meta property=\"og:image:width\" content=\"550\" \/>\n\t<meta property=\"og:image:height\" content=\"550\" \/>\n<meta name=\"twitter:card\" content=\"summary_large_image\" \/>\n<meta name=\"twitter:label1\" content=\"\u01af\u1edbc t\u00ednh th\u1eddi gian \u0111\u1ecdc\" \/>\n\t<meta name=\"twitter:data1\" content=\"2 ph\u00fat\" \/>\n<script type=\"application\/ld+json\" class=\"yoast-schema-graph\">{\"@context\":\"https:\/\/schema.org\",\"@graph\":[{\"@type\":\"WebSite\",\"@id\":\"https:\/\/cokhitanminh.com\/may-thuc-pham\/#website\",\"url\":\"https:\/\/cokhitanminh.com\/may-thuc-pham\/\",\"name\":\"M\\u00e1y Th\\u1ef1c Ph\\u1ea9m T\\u00e2n Minh\",\"description\":\"K\\u1ebft N\\u1ed1i \\u0110\\u1ebfn S\\u1ef1 Ho\\u00e0n H\\u1ea3o!\",\"potentialAction\":[{\"@type\":\"SearchAction\",\"target\":{\"@type\":\"EntryPoint\",\"urlTemplate\":\"https:\/\/cokhitanminh.com\/may-thuc-pham\/?s={search_term_string}\"},\"query-input\":\"required name=search_term_string\"}],\"inLanguage\":\"vi\"},{\"@type\":\"ImageObject\",\"@id\":\"https:\/\/cokhitanminh.com\/may-thuc-pham\/san-pham\/may-thai-rau-cu-qua-lc-312-tmtp-o24\/#primaryimage\",\"inLanguage\":\"vi\",\"url\":\"https:\/\/cokhitanminh.com\/may-thuc-pham\/wp-content\/uploads\/2021\/12\/may-thai-rau-cu-qua-lc-312-tmtp-o24-4.jpg\",\"contentUrl\":\"https:\/\/cokhitanminh.com\/may-thuc-pham\/wp-content\/uploads\/2021\/12\/may-thai-rau-cu-qua-lc-312-tmtp-o24-4.jpg\",\"width\":550,\"height\":550},{\"@type\":\"WebPage\",\"@id\":\"https:\/\/cokhitanminh.com\/may-thuc-pham\/san-pham\/may-thai-rau-cu-qua-lc-312-tmtp-o24\/#webpage\",\"url\":\"https:\/\/cokhitanminh.com\/may-thuc-pham\/san-pham\/may-thai-rau-cu-qua-lc-312-tmtp-o24\/\",\"name\":\"M\\u00e1y th\\u00e1i rau c\\u1ee7 qu\\u1ea3 LC-312 | Hainganmientrung.com\",\"isPartOf\":{\"@id\":\"https:\/\/cokhitanminh.com\/may-thuc-pham\/#website\"},\"primaryImageOfPage\":{\"@id\":\"https:\/\/cokhitanminh.com\/may-thuc-pham\/san-pham\/may-thai-rau-cu-qua-lc-312-tmtp-o24\/#primaryimage\"},\"datePublished\":\"2021-12-04T08:44:23+00:00\",\"dateModified\":\"2023-11-03T01:53:28+00:00\",\"description\":\"M\\u00e1y th\\u00e1i rau c\\u1ee7 qu\\u1ea3 LC-312 - Gi\\u00e1 R\\u1ebb - B\\u1ea3o H\\u00e0nh Chuy\\u00ean Nghi\\u1ec7p - Chi ti\\u1ebft xin li\\u00ean h\\u1ec7 Hotline: 19002861 \\u0110\\u1ec3 \\u0111\\u01b0\\u1ee3c t\\u01b0 v\\u1ea5n ho\\u00e0n to\\u00e0n mi\\u1ec5n ph\\u00ed!\",\"breadcrumb\":{\"@id\":\"https:\/\/cokhitanminh.com\/may-thuc-pham\/san-pham\/may-thai-rau-cu-qua-lc-312-tmtp-o24\/#breadcrumb\"},\"inLanguage\":\"vi\",\"potentialAction\":[{\"@type\":\"ReadAction\",\"target\":[\"https:\/\/cokhitanminh.com\/may-thuc-pham\/san-pham\/may-thai-rau-cu-qua-lc-312-tmtp-o24\/\"]}]},{\"@type\":\"BreadcrumbList\",\"@id\":\"https:\/\/cokhitanminh.com\/may-thuc-pham\/san-pham\/may-thai-rau-cu-qua-lc-312-tmtp-o24\/#breadcrumb\",\"itemListElement\":[{\"@type\":\"ListItem\",\"position\":1,\"name\":\"Trang ch\\u1ee7\",\"item\":\"https:\/\/cokhitanminh.com\/may-thuc-pham\/\"},{\"@type\":\"ListItem\",\"position\":2,\"name\":\"C\\u1eeda h\\u00e0ng\",\"item\":\"https:\/\/cokhitanminh.com\/may-thuc-pham\/cua-hang\/\"},{\"@type\":\"ListItem\",\"position\":3,\"name\":\"M\\u00c1Y TH\\u00c1I RAU C\\u1ee6 QU\\u1ea2 LC-312 (TMTP-O24)\"}]}]}<\/script>\n<!-- \/ Yoast SEO plugin. -->","yoast_head_json":{"title":"M\u00e1y th\u00e1i rau c\u1ee7 qu\u1ea3 LC-312 | Hainganmientrung.com","description":"M\u00e1y th\u00e1i rau c\u1ee7 qu\u1ea3 LC-312 - Gi\u00e1 R\u1ebb - B\u1ea3o H\u00e0nh Chuy\u00ean Nghi\u1ec7p - Chi ti\u1ebft xin li\u00ean h\u1ec7 Hotline: 19002861 \u0110\u1ec3 \u0111\u01b0\u1ee3c t\u01b0 v\u1ea5n ho\u00e0n to\u00e0n mi\u1ec5n ph\u00ed!","robots":{"index":"noindex","follow":"follow","max-snippet":"max-snippet:-1","max-image-preview":"max-image-preview:large","max-video-preview":"max-video-preview:-1"},"og_locale":"vi_VN","og_type":"article","og_title":"M\u00e1y th\u00e1i rau c\u1ee7 qu\u1ea3 LC-312 | Hainganmientrung.com","og_description":"M\u00e1y th\u00e1i rau c\u1ee7 qu\u1ea3 LC-312 - Gi\u00e1 R\u1ebb - B\u1ea3o H\u00e0nh Chuy\u00ean Nghi\u1ec7p - Chi ti\u1ebft xin li\u00ean h\u1ec7 Hotline: 19002861 \u0110\u1ec3 \u0111\u01b0\u1ee3c t\u01b0 v\u1ea5n ho\u00e0n to\u00e0n mi\u1ec5n ph\u00ed!","og_url":"https:\/\/cokhitanminh.com\/may-thuc-pham\/san-pham\/may-thai-rau-cu-qua-lc-312-tmtp-o24\/","og_site_name":"M\u00e1y Th\u1ef1c Ph\u1ea9m T\u00e2n Minh","article_modified_time":"2023-11-03T01:53:28+00:00","og_image":[{"width":550,"height":550,"url":"https:\/\/cokhitanminh.com\/may-thuc-pham\/wp-content\/uploads\/2021\/12\/may-thai-rau-cu-qua-lc-312-tmtp-o24-4.jpg","type":"image\/jpeg"}],"twitter_card":"summary_large_image","twitter_misc":{"\u01af\u1edbc t\u00ednh th\u1eddi gian \u0111\u1ecdc":"2 ph\u00fat"},"schema":{"@context":"https:\/\/schema.org","@graph":[{"@type":"WebSite","@id":"https:\/\/cokhitanminh.com\/may-thuc-pham\/#website","url":"https:\/\/cokhitanminh.com\/may-thuc-pham\/","name":"M\u00e1y Th\u1ef1c Ph\u1ea9m T\u00e2n Minh","description":"K\u1ebft N\u1ed1i \u0110\u1ebfn S\u1ef1 Ho\u00e0n H\u1ea3o!","potentialAction":[{"@type":"SearchAction","target":{"@type":"EntryPoint","urlTemplate":"https:\/\/cokhitanminh.com\/may-thuc-pham\/?s={search_term_string}"},"query-input":"required name=search_term_string"}],"inLanguage":"vi"},{"@type":"ImageObject","@id":"https:\/\/cokhitanminh.com\/may-thuc-pham\/san-pham\/may-thai-rau-cu-qua-lc-312-tmtp-o24\/#primaryimage","inLanguage":"vi","url":"https:\/\/cokhitanminh.com\/may-thuc-pham\/wp-content\/uploads\/2021\/12\/may-thai-rau-cu-qua-lc-312-tmtp-o24-4.jpg","contentUrl":"https:\/\/cokhitanminh.com\/may-thuc-pham\/wp-content\/uploads\/2021\/12\/may-thai-rau-cu-qua-lc-312-tmtp-o24-4.jpg","width":550,"height":550},{"@type":"WebPage","@id":"https:\/\/cokhitanminh.com\/may-thuc-pham\/san-pham\/may-thai-rau-cu-qua-lc-312-tmtp-o24\/#webpage","url":"https:\/\/cokhitanminh.com\/may-thuc-pham\/san-pham\/may-thai-rau-cu-qua-lc-312-tmtp-o24\/","name":"M\u00e1y th\u00e1i rau c\u1ee7 qu\u1ea3 LC-312 | Hainganmientrung.com","isPartOf":{"@id":"https:\/\/cokhitanminh.com\/may-thuc-pham\/#website"},"primaryImageOfPage":{"@id":"https:\/\/cokhitanminh.com\/may-thuc-pham\/san-pham\/may-thai-rau-cu-qua-lc-312-tmtp-o24\/#primaryimage"},"datePublished":"2021-12-04T08:44:23+00:00","dateModified":"2023-11-03T01:53:28+00:00","description":"M\u00e1y th\u00e1i rau c\u1ee7 qu\u1ea3 LC-312 - Gi\u00e1 R\u1ebb - B\u1ea3o H\u00e0nh Chuy\u00ean Nghi\u1ec7p - Chi ti\u1ebft xin li\u00ean h\u1ec7 Hotline: 19002861 \u0110\u1ec3 \u0111\u01b0\u1ee3c t\u01b0 v\u1ea5n ho\u00e0n to\u00e0n mi\u1ec5n ph\u00ed!","breadcrumb":{"@id":"https:\/\/cokhitanminh.com\/may-thuc-pham\/san-pham\/may-thai-rau-cu-qua-lc-312-tmtp-o24\/#breadcrumb"},"inLanguage":"vi","potentialAction":[{"@type":"ReadAction","target":["https:\/\/cokhitanminh.com\/may-thuc-pham\/san-pham\/may-thai-rau-cu-qua-lc-312-tmtp-o24\/"]}]},{"@type":"BreadcrumbList","@id":"https:\/\/cokhitanminh.com\/may-thuc-pham\/san-pham\/may-thai-rau-cu-qua-lc-312-tmtp-o24\/#breadcrumb","itemListElement":[{"@type":"ListItem","position":1,"name":"Trang ch\u1ee7","item":"https:\/\/cokhitanminh.com\/may-thuc-pham\/"},{"@type":"ListItem","position":2,"name":"C\u1eeda h\u00e0ng","item":"https:\/\/cokhitanminh.com\/may-thuc-pham\/cua-hang\/"},{"@type":"ListItem","position":3,"name":"M\u00c1Y TH\u00c1I RAU C\u1ee6 QU\u1ea2 LC-312 (TMTP-O24)"}]}]}},"_links":{"self":[{"href":"https:\/\/cokhitanminh.com\/may-thuc-pham\/wp-json\/wp\/v2\/product\/7649"}],"collection":[{"href":"https:\/\/cokhitanminh.com\/may-thuc-pham\/wp-json\/wp\/v2\/product"}],"about":[{"href":"https:\/\/cokhitanminh.com\/may-thuc-pham\/wp-json\/wp\/v2\/types\/product"}],"replies":[{"embeddable":true,"href":"https:\/\/cokhitanminh.com\/may-thuc-pham\/wp-json\/wp\/v2\/comments?post=7649"}],"wp:featuredmedia":[{"embeddable":true,"href":"https:\/\/cokhitanminh.com\/may-thuc-pham\/wp-json\/wp\/v2\/media\/15575"}],"wp:attachment":[{"href":"https:\/\/cokhitanminh.com\/may-thuc-pham\/wp-json\/wp\/v2\/media?parent=7649"}],"curies":[{"name":"wp","href":"https:\/\/api.w.org\/{rel}","templated":true}]}}