{"id":7574,"date":"2021-12-04T15:42:53","date_gmt":"2021-12-04T08:42:53","guid":{"rendered":"https:\/\/cokhitanminh.com\/may-thuc-pham\/?post_type=product&#038;p=7574"},"modified":"2022-03-19T14:18:28","modified_gmt":"2022-03-19T07:18:28","slug":"may-thai-khoai-tay-kieu-kfc-cam-tay-tmtp-o12","status":"publish","type":"product","link":"https:\/\/cokhitanminh.com\/may-thuc-pham\/san-pham\/may-thai-khoai-tay-kieu-kfc-cam-tay-tmtp-o12\/","title":{"rendered":"M\u00c1Y TH\u00c1I KHOAI T\u00c2Y KI\u1ec2U KFC C\u1ea6M TAY (TMTP-O12)"},"content":{"rendered":"<h3><strong><em><a href=\"https:\/\/cokhitanminh.com\/may-thuc-pham\/san-pham\/may-thai-khoai-tay-kieu-kfc-cam-tay-tmtp-o12\/\">M\u00e1y th\u00e1i khoai t\u00e2y ki\u1ec3u KFC c\u1ea7m tay<\/a>\u00a0<\/em><\/strong>(TMTP-O12)<\/h3>\n<p><strong><em>M\u00e1y th\u00e1i khoai t\u00e2y ki\u1ec3u KFC c\u1ea7m tay <\/em><\/strong>(TMTP-O12)\u00a0\u0111\u01b0\u1ee3c nghi\u00ean c\u1ee9u s\u1ea3n xu\u1ea5t v\u00e0 ph\u00e2n ph\u1ed1i tr\u00ean to\u00e0n qu\u1ed1c. T\u1ea5t c\u1ea3 c\u00e1c s\u1ea3n ph\u1ea9m c\u1ee7a ch\u00fang t\u00f4i \u0111\u1ec1u \u0111\u01b0\u1ee3c ki\u1ec3m tra k\u1ef9 l\u01b0\u1ee1ng v\u00e0 v\u1eadn h\u00e0nh th\u1ef1c t\u1ebf \u0111\u1ec3 lu\u00f4n \u0111\u1ea3m b\u1ea3o ch\u1ea5t l\u01b0\u1ee3ng t\u1ed1t nh\u1ea5t tr\u01b0\u1edbc khi b\u00e0n giao thi\u1ebft b\u1ecb cho kh\u00e1ch h\u00e0ng.<\/p>\n<p><strong>Th\u00f4ng s\u1ed1 k\u1ef9 thu\u1eadt:<\/strong><br \/>\n&#8211; Model: TMTP-O12<br \/>\n&#8211; Ch\u1ea5t li\u1ec7u: inox<br \/>\n&#8211; M\u00e0u s\u1eafc: m\u00e0u hi\u1ec7n \u0111\u1ea1i phong c\u00e1ch<br \/>\n&#8211; K\u00edch th\u01b0\u1edbc: cao t\u1ed1i \u0111a 360 mm( t\u00ednh c\u1ea3 chi\u1ec1u cao tay c\u1ea7m) R\u1ed9ng: 200 mm, d\u00e0i: 285 mm<br \/>\n&#8211; K\u00edch th\u01b0\u1edbc khoang ch\u1ee9a: 155 mm<br \/>\n&#8211; K\u00edch th\u01b0\u1edbc tay c\u1ea7m : d\u00e0i 260 mm, tay n\u1eafm 135 mm<br \/>\n&#8211; Tr\u1ecdng l\u01b0\u1ee3ng: 3.5 Kg<br \/>\n&#8211; Khu \u00f4n dao: 8&#215;8 mm\/ 10&#215;10 mm\/ 12&#215;12 mm<br \/>\n&#8211; B\u1ea3o h\u00e0nh: 6 th\u00e1ng<\/p>\n<p><strong>H\u00ecnh \u1ea3nh s\u1ea3n ph\u1ea9m:<\/strong><\/p>\n<p><img loading=\"lazy\" class=\"size-full wp-image-13297 aligncenter\" src=\"https:\/\/cokhitanminh.com\/may-thuc-pham\/wp-content\/uploads\/2021\/12\/may-thai-khoai-tay-kieu-kfc-cam-tay-tmtp-o12-2-cokhitanminhcommtp.jpg\" alt=\"\" width=\"500\" height=\"400\" srcset=\"https:\/\/cokhitanminh.com\/may-thuc-pham\/wp-content\/uploads\/2021\/12\/may-thai-khoai-tay-kieu-kfc-cam-tay-tmtp-o12-2-cokhitanminhcommtp.jpg 500w, https:\/\/cokhitanminh.com\/may-thuc-pham\/wp-content\/uploads\/2021\/12\/may-thai-khoai-tay-kieu-kfc-cam-tay-tmtp-o12-2-cokhitanminhcommtp-300x240.jpg 300w\" sizes=\"(max-width: 500px) 100vw, 500px\" \/><\/p>\n<p><img loading=\"lazy\" class=\"size-full wp-image-13298 aligncenter\" src=\"https:\/\/cokhitanminh.com\/may-thuc-pham\/wp-content\/uploads\/2021\/12\/may-thai-khoai-tay-kieu-kfc-cam-tay-tmtp-o12-3-cokhitanminhcommtp.jpg\" alt=\"\" width=\"500\" height=\"333\" srcset=\"https:\/\/cokhitanminh.com\/may-thuc-pham\/wp-content\/uploads\/2021\/12\/may-thai-khoai-tay-kieu-kfc-cam-tay-tmtp-o12-3-cokhitanminhcommtp.jpg 500w, https:\/\/cokhitanminh.com\/may-thuc-pham\/wp-content\/uploads\/2021\/12\/may-thai-khoai-tay-kieu-kfc-cam-tay-tmtp-o12-3-cokhitanminhcommtp-300x200.jpg 300w\" sizes=\"(max-width: 500px) 100vw, 500px\" \/><\/p>\n<p><img loading=\"lazy\" class=\"size-full wp-image-13299 aligncenter\" src=\"https:\/\/cokhitanminh.com\/may-thuc-pham\/wp-content\/uploads\/2021\/12\/may-thai-khoai-tay-kieu-kfc-cam-tay-tmtp-o12-4-cokhitanminhcommtp.jpg\" alt=\"\" width=\"500\" height=\"500\" srcset=\"https:\/\/cokhitanminh.com\/may-thuc-pham\/wp-content\/uploads\/2021\/12\/may-thai-khoai-tay-kieu-kfc-cam-tay-tmtp-o12-4-cokhitanminhcommtp.jpg 500w, https:\/\/cokhitanminh.com\/may-thuc-pham\/wp-content\/uploads\/2021\/12\/may-thai-khoai-tay-kieu-kfc-cam-tay-tmtp-o12-4-cokhitanminhcommtp-300x300.jpg 300w, https:\/\/cokhitanminh.com\/may-thuc-pham\/wp-content\/uploads\/2021\/12\/may-thai-khoai-tay-kieu-kfc-cam-tay-tmtp-o12-4-cokhitanminhcommtp-150x150.jpg 150w, https:\/\/cokhitanminh.com\/may-thuc-pham\/wp-content\/uploads\/2021\/12\/may-thai-khoai-tay-kieu-kfc-cam-tay-tmtp-o12-4-cokhitanminhcommtp-100x100.jpg 100w\" sizes=\"(max-width: 500px) 100vw, 500px\" \/><\/p>\n<p><img loading=\"lazy\" class=\"size-full wp-image-13300 aligncenter\" src=\"https:\/\/cokhitanminh.com\/may-thuc-pham\/wp-content\/uploads\/2021\/12\/may-thai-khoai-tay-kieu-kfc-cam-tay-tmtp-o12-5-cokhitanminhcommtp.jpg\" alt=\"\" width=\"500\" height=\"500\" srcset=\"https:\/\/cokhitanminh.com\/may-thuc-pham\/wp-content\/uploads\/2021\/12\/may-thai-khoai-tay-kieu-kfc-cam-tay-tmtp-o12-5-cokhitanminhcommtp.jpg 500w, https:\/\/cokhitanminh.com\/may-thuc-pham\/wp-content\/uploads\/2021\/12\/may-thai-khoai-tay-kieu-kfc-cam-tay-tmtp-o12-5-cokhitanminhcommtp-300x300.jpg 300w, https:\/\/cokhitanminh.com\/may-thuc-pham\/wp-content\/uploads\/2021\/12\/may-thai-khoai-tay-kieu-kfc-cam-tay-tmtp-o12-5-cokhitanminhcommtp-150x150.jpg 150w, https:\/\/cokhitanminh.com\/may-thuc-pham\/wp-content\/uploads\/2021\/12\/may-thai-khoai-tay-kieu-kfc-cam-tay-tmtp-o12-5-cokhitanminhcommtp-100x100.jpg 100w\" sizes=\"(max-width: 500px) 100vw, 500px\" \/><\/p>\n<p><img loading=\"lazy\" class=\"size-full wp-image-13301 aligncenter\" src=\"https:\/\/cokhitanminh.com\/may-thuc-pham\/wp-content\/uploads\/2021\/12\/may-thai-khoai-tay-kieu-kfc-cam-tay-tmtp-o12-6-cokhitanminhcommtp.jpg\" alt=\"\" width=\"500\" height=\"500\" srcset=\"https:\/\/cokhitanminh.com\/may-thuc-pham\/wp-content\/uploads\/2021\/12\/may-thai-khoai-tay-kieu-kfc-cam-tay-tmtp-o12-6-cokhitanminhcommtp.jpg 500w, https:\/\/cokhitanminh.com\/may-thuc-pham\/wp-content\/uploads\/2021\/12\/may-thai-khoai-tay-kieu-kfc-cam-tay-tmtp-o12-6-cokhitanminhcommtp-300x300.jpg 300w, https:\/\/cokhitanminh.com\/may-thuc-pham\/wp-content\/uploads\/2021\/12\/may-thai-khoai-tay-kieu-kfc-cam-tay-tmtp-o12-6-cokhitanminhcommtp-150x150.jpg 150w, https:\/\/cokhitanminh.com\/may-thuc-pham\/wp-content\/uploads\/2021\/12\/may-thai-khoai-tay-kieu-kfc-cam-tay-tmtp-o12-6-cokhitanminhcommtp-100x100.jpg 100w\" sizes=\"(max-width: 500px) 100vw, 500px\" \/><\/p>\n<p><img loading=\"lazy\" class=\"size-full wp-image-13302 aligncenter\" src=\"https:\/\/cokhitanminh.com\/may-thuc-pham\/wp-content\/uploads\/2021\/12\/may-thai-khoai-tay-kieu-kfc-cam-tay-tmtp-o12-7-cokhitanminhcommtp.jpg\" alt=\"\" width=\"500\" height=\"500\" srcset=\"https:\/\/cokhitanminh.com\/may-thuc-pham\/wp-content\/uploads\/2021\/12\/may-thai-khoai-tay-kieu-kfc-cam-tay-tmtp-o12-7-cokhitanminhcommtp.jpg 500w, https:\/\/cokhitanminh.com\/may-thuc-pham\/wp-content\/uploads\/2021\/12\/may-thai-khoai-tay-kieu-kfc-cam-tay-tmtp-o12-7-cokhitanminhcommtp-300x300.jpg 300w, https:\/\/cokhitanminh.com\/may-thuc-pham\/wp-content\/uploads\/2021\/12\/may-thai-khoai-tay-kieu-kfc-cam-tay-tmtp-o12-7-cokhitanminhcommtp-150x150.jpg 150w, https:\/\/cokhitanminh.com\/may-thuc-pham\/wp-content\/uploads\/2021\/12\/may-thai-khoai-tay-kieu-kfc-cam-tay-tmtp-o12-7-cokhitanminhcommtp-100x100.jpg 100w\" sizes=\"(max-width: 500px) 100vw, 500px\" \/><\/p>\n<p>Chi ti\u1ebft s\u1ea3n ph\u1ea9m <strong><em>\u00a0<\/em><\/strong>xin vui l\u00f2ng li\u00ean h\u1ec7 Hotline: 19002861 \u0110\u1ec3 \u0111\u01b0\u1ee3c t\u01b0 v\u1ea5n ho\u00e0n to\u00e0n mi\u1ec5n ph\u00ed!<\/p>\n","protected":false},"excerpt":{"rendered":"<p>M\u00e1y th\u00e1i khoai t\u00e2y ki\u1ec3u KFC c\u1ea7m tay\u00a0(TMTP-O12) M\u00e1y th\u00e1i khoai t\u00e2y ki\u1ec3u KFC c\u1ea7m tay (TMTP-O12)\u00a0\u0111\u01b0\u1ee3c nghi\u00ean c\u1ee9u s\u1ea3n xu\u1ea5t v\u00e0 ph\u00e2n ph\u1ed1i tr\u00ean to\u00e0n qu\u1ed1c. T\u1ea5t c\u1ea3 c\u00e1c s\u1ea3n ph\u1ea9m c\u1ee7a ch\u00fang t\u00f4i \u0111\u1ec1u \u0111\u01b0\u1ee3c ki\u1ec3m tra k\u1ef9 l\u01b0\u1ee1ng v\u00e0 v\u1eadn h\u00e0nh th\u1ef1c t\u1ebf \u0111\u1ec3 lu\u00f4n \u0111\u1ea3m b\u1ea3o ch\u1ea5t l\u01b0\u1ee3ng t\u1ed1t nh\u1ea5t tr\u01b0\u1edbc &#8230;<\/p>\n","protected":false},"featured_media":13304,"comment_status":"open","ping_status":"closed","template":"","meta":[],"yoast_head":"<!-- This site is optimized with the Yoast SEO plugin v17.6 - https:\/\/yoast.com\/wordpress\/plugins\/seo\/ -->\n<title>M\u00e1y th\u00e1i khoai t\u00e2y ki\u1ec3u KFC c\u1ea7m tay | Hainganmientrung.com<\/title>\n<meta name=\"description\" content=\"M\u00e1y th\u00e1i khoai t\u00e2y ki\u1ec3u KFC c\u1ea7m tay - Gi\u00e1 R\u1ebb - B\u1ea3o H\u00e0nh Chuy\u00ean Nghi\u1ec7p - Chi ti\u1ebft xin li\u00ean h\u1ec7 Hotline: 19002861 \u0110\u1ec3 \u0111\u01b0\u1ee3c t\u01b0 v\u1ea5n ho\u00e0n to\u00e0n mi\u1ec5n ph\u00ed!\" \/>\n<meta name=\"robots\" content=\"noindex, follow, max-snippet:-1, max-image-preview:large, max-video-preview:-1\" \/>\n<meta property=\"og:locale\" content=\"vi_VN\" \/>\n<meta property=\"og:type\" content=\"article\" \/>\n<meta property=\"og:title\" content=\"M\u00e1y th\u00e1i khoai t\u00e2y ki\u1ec3u KFC c\u1ea7m tay | Hainganmientrung.com\" \/>\n<meta property=\"og:description\" content=\"M\u00e1y th\u00e1i khoai t\u00e2y ki\u1ec3u KFC c\u1ea7m tay - Gi\u00e1 R\u1ebb - B\u1ea3o H\u00e0nh Chuy\u00ean Nghi\u1ec7p - Chi ti\u1ebft xin li\u00ean h\u1ec7 Hotline: 19002861 \u0110\u1ec3 \u0111\u01b0\u1ee3c t\u01b0 v\u1ea5n ho\u00e0n to\u00e0n mi\u1ec5n ph\u00ed!\" \/>\n<meta property=\"og:url\" content=\"https:\/\/cokhitanminh.com\/may-thuc-pham\/san-pham\/may-thai-khoai-tay-kieu-kfc-cam-tay-tmtp-o12\/\" \/>\n<meta property=\"og:site_name\" content=\"M\u00e1y Th\u1ef1c Ph\u1ea9m T\u00e2n Minh\" \/>\n<meta property=\"article:modified_time\" content=\"2022-03-19T07:18:28+00:00\" \/>\n<meta property=\"og:image\" content=\"https:\/\/cokhitanminh.com\/may-thuc-pham\/wp-content\/uploads\/2021\/12\/may-thai-khoai-tay-kieu-kfc-cam-tay-tmtp-o12-1-cokhitanminhcommtp.jpg\" \/>\n\t<meta property=\"og:image:width\" content=\"525\" \/>\n\t<meta property=\"og:image:height\" content=\"525\" \/>\n<meta name=\"twitter:card\" content=\"summary_large_image\" \/>\n<meta name=\"twitter:label1\" content=\"\u01af\u1edbc t\u00ednh th\u1eddi gian \u0111\u1ecdc\" \/>\n\t<meta name=\"twitter:data1\" content=\"2 ph\u00fat\" \/>\n<script type=\"application\/ld+json\" class=\"yoast-schema-graph\">{\"@context\":\"https:\/\/schema.org\",\"@graph\":[{\"@type\":\"WebSite\",\"@id\":\"https:\/\/cokhitanminh.com\/may-thuc-pham\/#website\",\"url\":\"https:\/\/cokhitanminh.com\/may-thuc-pham\/\",\"name\":\"M\\u00e1y Th\\u1ef1c Ph\\u1ea9m T\\u00e2n Minh\",\"description\":\"K\\u1ebft N\\u1ed1i \\u0110\\u1ebfn S\\u1ef1 Ho\\u00e0n H\\u1ea3o!\",\"potentialAction\":[{\"@type\":\"SearchAction\",\"target\":{\"@type\":\"EntryPoint\",\"urlTemplate\":\"https:\/\/cokhitanminh.com\/may-thuc-pham\/?s={search_term_string}\"},\"query-input\":\"required name=search_term_string\"}],\"inLanguage\":\"vi\"},{\"@type\":\"ImageObject\",\"@id\":\"https:\/\/cokhitanminh.com\/may-thuc-pham\/san-pham\/may-thai-khoai-tay-kieu-kfc-cam-tay-tmtp-o12\/#primaryimage\",\"inLanguage\":\"vi\",\"url\":\"https:\/\/cokhitanminh.com\/may-thuc-pham\/wp-content\/uploads\/2021\/12\/may-thai-khoai-tay-kieu-kfc-cam-tay-tmtp-o12-1-cokhitanminhcommtp.jpg\",\"contentUrl\":\"https:\/\/cokhitanminh.com\/may-thuc-pham\/wp-content\/uploads\/2021\/12\/may-thai-khoai-tay-kieu-kfc-cam-tay-tmtp-o12-1-cokhitanminhcommtp.jpg\",\"width\":525,\"height\":525,\"caption\":\"M\\u00c1Y TH\\u00c1I KHOAI T\\u00c2Y KI\\u1ec2U KFC C\\u1ea6M TAY (TMTP-O12)\"},{\"@type\":\"WebPage\",\"@id\":\"https:\/\/cokhitanminh.com\/may-thuc-pham\/san-pham\/may-thai-khoai-tay-kieu-kfc-cam-tay-tmtp-o12\/#webpage\",\"url\":\"https:\/\/cokhitanminh.com\/may-thuc-pham\/san-pham\/may-thai-khoai-tay-kieu-kfc-cam-tay-tmtp-o12\/\",\"name\":\"M\\u00e1y th\\u00e1i khoai t\\u00e2y ki\\u1ec3u KFC c\\u1ea7m tay | Hainganmientrung.com\",\"isPartOf\":{\"@id\":\"https:\/\/cokhitanminh.com\/may-thuc-pham\/#website\"},\"primaryImageOfPage\":{\"@id\":\"https:\/\/cokhitanminh.com\/may-thuc-pham\/san-pham\/may-thai-khoai-tay-kieu-kfc-cam-tay-tmtp-o12\/#primaryimage\"},\"datePublished\":\"2021-12-04T08:42:53+00:00\",\"dateModified\":\"2022-03-19T07:18:28+00:00\",\"description\":\"M\\u00e1y th\\u00e1i khoai t\\u00e2y ki\\u1ec3u KFC c\\u1ea7m tay - Gi\\u00e1 R\\u1ebb - B\\u1ea3o H\\u00e0nh Chuy\\u00ean Nghi\\u1ec7p - Chi ti\\u1ebft xin li\\u00ean h\\u1ec7 Hotline: 19002861 \\u0110\\u1ec3 \\u0111\\u01b0\\u1ee3c t\\u01b0 v\\u1ea5n ho\\u00e0n to\\u00e0n mi\\u1ec5n ph\\u00ed!\",\"breadcrumb\":{\"@id\":\"https:\/\/cokhitanminh.com\/may-thuc-pham\/san-pham\/may-thai-khoai-tay-kieu-kfc-cam-tay-tmtp-o12\/#breadcrumb\"},\"inLanguage\":\"vi\",\"potentialAction\":[{\"@type\":\"ReadAction\",\"target\":[\"https:\/\/cokhitanminh.com\/may-thuc-pham\/san-pham\/may-thai-khoai-tay-kieu-kfc-cam-tay-tmtp-o12\/\"]}]},{\"@type\":\"BreadcrumbList\",\"@id\":\"https:\/\/cokhitanminh.com\/may-thuc-pham\/san-pham\/may-thai-khoai-tay-kieu-kfc-cam-tay-tmtp-o12\/#breadcrumb\",\"itemListElement\":[{\"@type\":\"ListItem\",\"position\":1,\"name\":\"Trang ch\\u1ee7\",\"item\":\"https:\/\/cokhitanminh.com\/may-thuc-pham\/\"},{\"@type\":\"ListItem\",\"position\":2,\"name\":\"C\\u1eeda h\\u00e0ng\",\"item\":\"https:\/\/cokhitanminh.com\/may-thuc-pham\/cua-hang\/\"},{\"@type\":\"ListItem\",\"position\":3,\"name\":\"M\\u00c1Y TH\\u00c1I KHOAI T\\u00c2Y KI\\u1ec2U KFC C\\u1ea6M TAY (TMTP-O12)\"}]}]}<\/script>\n<!-- \/ Yoast SEO plugin. -->","yoast_head_json":{"title":"M\u00e1y th\u00e1i khoai t\u00e2y ki\u1ec3u KFC c\u1ea7m tay | Hainganmientrung.com","description":"M\u00e1y th\u00e1i khoai t\u00e2y ki\u1ec3u KFC c\u1ea7m tay - Gi\u00e1 R\u1ebb - B\u1ea3o H\u00e0nh Chuy\u00ean Nghi\u1ec7p - Chi ti\u1ebft xin li\u00ean h\u1ec7 Hotline: 19002861 \u0110\u1ec3 \u0111\u01b0\u1ee3c t\u01b0 v\u1ea5n ho\u00e0n to\u00e0n mi\u1ec5n ph\u00ed!","robots":{"index":"noindex","follow":"follow","max-snippet":"max-snippet:-1","max-image-preview":"max-image-preview:large","max-video-preview":"max-video-preview:-1"},"og_locale":"vi_VN","og_type":"article","og_title":"M\u00e1y th\u00e1i khoai t\u00e2y ki\u1ec3u KFC c\u1ea7m tay | Hainganmientrung.com","og_description":"M\u00e1y th\u00e1i khoai t\u00e2y ki\u1ec3u KFC c\u1ea7m tay - Gi\u00e1 R\u1ebb - B\u1ea3o H\u00e0nh Chuy\u00ean Nghi\u1ec7p - Chi ti\u1ebft xin li\u00ean h\u1ec7 Hotline: 19002861 \u0110\u1ec3 \u0111\u01b0\u1ee3c t\u01b0 v\u1ea5n ho\u00e0n to\u00e0n mi\u1ec5n ph\u00ed!","og_url":"https:\/\/cokhitanminh.com\/may-thuc-pham\/san-pham\/may-thai-khoai-tay-kieu-kfc-cam-tay-tmtp-o12\/","og_site_name":"M\u00e1y Th\u1ef1c Ph\u1ea9m T\u00e2n Minh","article_modified_time":"2022-03-19T07:18:28+00:00","og_image":[{"width":525,"height":525,"url":"https:\/\/cokhitanminh.com\/may-thuc-pham\/wp-content\/uploads\/2021\/12\/may-thai-khoai-tay-kieu-kfc-cam-tay-tmtp-o12-1-cokhitanminhcommtp.jpg","type":"image\/jpeg"}],"twitter_card":"summary_large_image","twitter_misc":{"\u01af\u1edbc t\u00ednh th\u1eddi gian \u0111\u1ecdc":"2 ph\u00fat"},"schema":{"@context":"https:\/\/schema.org","@graph":[{"@type":"WebSite","@id":"https:\/\/cokhitanminh.com\/may-thuc-pham\/#website","url":"https:\/\/cokhitanminh.com\/may-thuc-pham\/","name":"M\u00e1y Th\u1ef1c Ph\u1ea9m T\u00e2n Minh","description":"K\u1ebft N\u1ed1i \u0110\u1ebfn S\u1ef1 Ho\u00e0n H\u1ea3o!","potentialAction":[{"@type":"SearchAction","target":{"@type":"EntryPoint","urlTemplate":"https:\/\/cokhitanminh.com\/may-thuc-pham\/?s={search_term_string}"},"query-input":"required name=search_term_string"}],"inLanguage":"vi"},{"@type":"ImageObject","@id":"https:\/\/cokhitanminh.com\/may-thuc-pham\/san-pham\/may-thai-khoai-tay-kieu-kfc-cam-tay-tmtp-o12\/#primaryimage","inLanguage":"vi","url":"https:\/\/cokhitanminh.com\/may-thuc-pham\/wp-content\/uploads\/2021\/12\/may-thai-khoai-tay-kieu-kfc-cam-tay-tmtp-o12-1-cokhitanminhcommtp.jpg","contentUrl":"https:\/\/cokhitanminh.com\/may-thuc-pham\/wp-content\/uploads\/2021\/12\/may-thai-khoai-tay-kieu-kfc-cam-tay-tmtp-o12-1-cokhitanminhcommtp.jpg","width":525,"height":525,"caption":"M\u00c1Y TH\u00c1I KHOAI T\u00c2Y KI\u1ec2U KFC C\u1ea6M TAY (TMTP-O12)"},{"@type":"WebPage","@id":"https:\/\/cokhitanminh.com\/may-thuc-pham\/san-pham\/may-thai-khoai-tay-kieu-kfc-cam-tay-tmtp-o12\/#webpage","url":"https:\/\/cokhitanminh.com\/may-thuc-pham\/san-pham\/may-thai-khoai-tay-kieu-kfc-cam-tay-tmtp-o12\/","name":"M\u00e1y th\u00e1i khoai t\u00e2y ki\u1ec3u KFC c\u1ea7m tay | Hainganmientrung.com","isPartOf":{"@id":"https:\/\/cokhitanminh.com\/may-thuc-pham\/#website"},"primaryImageOfPage":{"@id":"https:\/\/cokhitanminh.com\/may-thuc-pham\/san-pham\/may-thai-khoai-tay-kieu-kfc-cam-tay-tmtp-o12\/#primaryimage"},"datePublished":"2021-12-04T08:42:53+00:00","dateModified":"2022-03-19T07:18:28+00:00","description":"M\u00e1y th\u00e1i khoai t\u00e2y ki\u1ec3u KFC c\u1ea7m tay - Gi\u00e1 R\u1ebb - B\u1ea3o H\u00e0nh Chuy\u00ean Nghi\u1ec7p - Chi ti\u1ebft xin li\u00ean h\u1ec7 Hotline: 19002861 \u0110\u1ec3 \u0111\u01b0\u1ee3c t\u01b0 v\u1ea5n ho\u00e0n to\u00e0n mi\u1ec5n ph\u00ed!","breadcrumb":{"@id":"https:\/\/cokhitanminh.com\/may-thuc-pham\/san-pham\/may-thai-khoai-tay-kieu-kfc-cam-tay-tmtp-o12\/#breadcrumb"},"inLanguage":"vi","potentialAction":[{"@type":"ReadAction","target":["https:\/\/cokhitanminh.com\/may-thuc-pham\/san-pham\/may-thai-khoai-tay-kieu-kfc-cam-tay-tmtp-o12\/"]}]},{"@type":"BreadcrumbList","@id":"https:\/\/cokhitanminh.com\/may-thuc-pham\/san-pham\/may-thai-khoai-tay-kieu-kfc-cam-tay-tmtp-o12\/#breadcrumb","itemListElement":[{"@type":"ListItem","position":1,"name":"Trang ch\u1ee7","item":"https:\/\/cokhitanminh.com\/may-thuc-pham\/"},{"@type":"ListItem","position":2,"name":"C\u1eeda h\u00e0ng","item":"https:\/\/cokhitanminh.com\/may-thuc-pham\/cua-hang\/"},{"@type":"ListItem","position":3,"name":"M\u00c1Y TH\u00c1I KHOAI T\u00c2Y KI\u1ec2U KFC C\u1ea6M TAY (TMTP-O12)"}]}]}},"_links":{"self":[{"href":"https:\/\/cokhitanminh.com\/may-thuc-pham\/wp-json\/wp\/v2\/product\/7574"}],"collection":[{"href":"https:\/\/cokhitanminh.com\/may-thuc-pham\/wp-json\/wp\/v2\/product"}],"about":[{"href":"https:\/\/cokhitanminh.com\/may-thuc-pham\/wp-json\/wp\/v2\/types\/product"}],"replies":[{"embeddable":true,"href":"https:\/\/cokhitanminh.com\/may-thuc-pham\/wp-json\/wp\/v2\/comments?post=7574"}],"wp:featuredmedia":[{"embeddable":true,"href":"https:\/\/cokhitanminh.com\/may-thuc-pham\/wp-json\/wp\/v2\/media\/13304"}],"wp:attachment":[{"href":"https:\/\/cokhitanminh.com\/may-thuc-pham\/wp-json\/wp\/v2\/media?parent=7574"}],"curies":[{"name":"wp","href":"https:\/\/api.w.org\/{rel}","templated":true}]}}