{"id":7256,"date":"2021-12-04T15:36:03","date_gmt":"2021-12-04T08:36:03","guid":{"rendered":"https:\/\/cokhitanminh.com\/may-thuc-pham\/?post_type=product&#038;p=7256"},"modified":"2022-03-19T08:37:14","modified_gmt":"2022-03-19T01:37:14","slug":"bo-day-chuyen-sx-dau-phu-lien-hoan-hs-60-tmtp-m10","status":"publish","type":"product","link":"https:\/\/cokhitanminh.com\/may-thuc-pham\/san-pham\/bo-day-chuyen-sx-dau-phu-lien-hoan-hs-60-tmtp-m10\/","title":{"rendered":"B\u1ed9 d\u00e2y chuy\u1ec1n SX \u0111\u1eadu ph\u1ee5 li\u00ean ho\u00e0n HS-60 (TMTP-M10)"},"content":{"rendered":"<h3 style=\"text-align: justify;\"><a href=\"https:\/\/cokhitanminh.com\/may-thuc-pham\/san-pham\/bo-day-chuyen-sx-dau-phu-lien-hoan-hs-60-tmtp-m10\/\"><em><strong>B\u1ed9 d\u00e2y chuy\u1ec1n SX \u0111\u1eadu ph\u1ee5 li\u00ean ho\u00e0n HS-60<\/strong><\/em><\/a> (TMTP-M10)<\/h3>\n<p style=\"text-align: justify;\"><em><strong>B\u1ed9 d\u00e2y chuy\u1ec1n SX \u0111\u1eadu ph\u1ee5 li\u00ean ho\u00e0n HS-60<\/strong><\/em> (TMTP-M10) \u0111\u01b0\u1ee3c nghi\u00ean c\u1ee9u s\u1ea3n xu\u1ea5t v\u00e0 ph\u00e2n ph\u1ed1i tr\u00ean to\u00e0n qu\u1ed1c. T\u1ea5t c\u1ea3 c\u00e1c s\u1ea3n ph\u1ea9m c\u1ee7a ch\u00fang t\u00f4i \u0111\u1ec1u \u0111\u01b0\u1ee3c ki\u1ec3m tra k\u1ef9 l\u01b0\u1ee1ng v\u00e0 v\u1eadn h\u00e0nh th\u1ef1c t\u1ebf \u0111\u1ec3 lu\u00f4n \u0111\u1ea3m b\u1ea3o ch\u1ea5t l\u01b0\u1ee3ng t\u1ed1t nh\u1ea5t tr\u01b0\u1edbc khi b\u00e0n giao thi\u1ebft b\u1ecb cho kh\u00e1ch h\u00e0ng.<\/p>\n<p style=\"text-align: justify;\"><strong>Th\u00f4ng s\u1ed1 k\u1ef9 thu\u1eadt:<\/strong><\/p>\n<p>\u2013 Model: TMTP-M10<\/p>\n<p>\u2013 \u0110i\u1ec7n \u00e1p: 220V\/380V\/50Hz<\/p>\n<p>\u2013 C\u00f4ng su\u1ea5t: 9Kw<\/p>\n<p>\u2013 K\u00edch th\u01b0\u1edbc m\u00e1y: 1900 x 750 x 1600 mm<\/p>\n<p>\u2013 K\u00edch th\u01b0\u1edbc b\u00e0n \u00e9p: Li\u00ean H\u1ec7<\/p>\n<p>\u2013 Th\u1ec3 T\u00edch n\u1ed3i n\u1ea5u: Kho\u1ea3ng 90 L\u00edt<\/p>\n<p>\u2013 N\u0103ng su\u1ea5t th\u00e0nh ph\u1ea9m kho\u1ea3ng 35-40 kg\/h<\/p>\n<p style=\"text-align: justify;\">\u2013 B\u1ea3o h\u00e0nh: 12 th\u00e1ng<\/p>\n<p><strong>H\u00ecnh \u1ea3nh s\u1ea3n ph\u1ea9m:<\/strong><\/p>\n<p><img loading=\"lazy\" class=\"size-full wp-image-12914 aligncenter\" src=\"https:\/\/cokhitanminh.com\/may-thuc-pham\/wp-content\/uploads\/2021\/12\/bo-day-chuyen-sx-dau-phu-lien-hoan-hs-60-tmtp-m10-2-cokhitanminhcommtp.jpg\" alt=\"\" width=\"500\" height=\"500\" srcset=\"https:\/\/cokhitanminh.com\/may-thuc-pham\/wp-content\/uploads\/2021\/12\/bo-day-chuyen-sx-dau-phu-lien-hoan-hs-60-tmtp-m10-2-cokhitanminhcommtp.jpg 500w, https:\/\/cokhitanminh.com\/may-thuc-pham\/wp-content\/uploads\/2021\/12\/bo-day-chuyen-sx-dau-phu-lien-hoan-hs-60-tmtp-m10-2-cokhitanminhcommtp-300x300.jpg 300w, https:\/\/cokhitanminh.com\/may-thuc-pham\/wp-content\/uploads\/2021\/12\/bo-day-chuyen-sx-dau-phu-lien-hoan-hs-60-tmtp-m10-2-cokhitanminhcommtp-150x150.jpg 150w, https:\/\/cokhitanminh.com\/may-thuc-pham\/wp-content\/uploads\/2021\/12\/bo-day-chuyen-sx-dau-phu-lien-hoan-hs-60-tmtp-m10-2-cokhitanminhcommtp-100x100.jpg 100w\" sizes=\"(max-width: 500px) 100vw, 500px\" \/><\/p>\n<p><img loading=\"lazy\" class=\"size-full wp-image-12916 aligncenter\" src=\"https:\/\/cokhitanminh.com\/may-thuc-pham\/wp-content\/uploads\/2021\/12\/bo-day-chuyen-sx-dau-phu-lien-hoan-hs-60-tmtp-m10-3-cokhitanminhcommtp.jpg\" alt=\"\" width=\"550\" height=\"413\" srcset=\"https:\/\/cokhitanminh.com\/may-thuc-pham\/wp-content\/uploads\/2021\/12\/bo-day-chuyen-sx-dau-phu-lien-hoan-hs-60-tmtp-m10-3-cokhitanminhcommtp.jpg 550w, https:\/\/cokhitanminh.com\/may-thuc-pham\/wp-content\/uploads\/2021\/12\/bo-day-chuyen-sx-dau-phu-lien-hoan-hs-60-tmtp-m10-3-cokhitanminhcommtp-300x225.jpg 300w\" sizes=\"(max-width: 550px) 100vw, 550px\" \/><\/p>\n<p><img loading=\"lazy\" class=\"size-full wp-image-12917 aligncenter\" src=\"https:\/\/cokhitanminh.com\/may-thuc-pham\/wp-content\/uploads\/2021\/12\/bo-day-chuyen-sx-dau-phu-lien-hoan-hs-60-tmtp-m10-4-cokhitanminhcommtp.jpg\" alt=\"\" width=\"550\" height=\"413\" srcset=\"https:\/\/cokhitanminh.com\/may-thuc-pham\/wp-content\/uploads\/2021\/12\/bo-day-chuyen-sx-dau-phu-lien-hoan-hs-60-tmtp-m10-4-cokhitanminhcommtp.jpg 550w, https:\/\/cokhitanminh.com\/may-thuc-pham\/wp-content\/uploads\/2021\/12\/bo-day-chuyen-sx-dau-phu-lien-hoan-hs-60-tmtp-m10-4-cokhitanminhcommtp-300x225.jpg 300w\" sizes=\"(max-width: 550px) 100vw, 550px\" \/><\/p>\n<p><img loading=\"lazy\" class=\"size-full wp-image-12919 aligncenter\" src=\"https:\/\/cokhitanminh.com\/may-thuc-pham\/wp-content\/uploads\/2021\/12\/bo-day-chuyen-sx-dau-phu-lien-hoan-hs-60-tmtp-m10-5-cokhitanminhcommtp.jpg\" alt=\"\" width=\"550\" height=\"413\" srcset=\"https:\/\/cokhitanminh.com\/may-thuc-pham\/wp-content\/uploads\/2021\/12\/bo-day-chuyen-sx-dau-phu-lien-hoan-hs-60-tmtp-m10-5-cokhitanminhcommtp.jpg 550w, https:\/\/cokhitanminh.com\/may-thuc-pham\/wp-content\/uploads\/2021\/12\/bo-day-chuyen-sx-dau-phu-lien-hoan-hs-60-tmtp-m10-5-cokhitanminhcommtp-300x225.jpg 300w\" sizes=\"(max-width: 550px) 100vw, 550px\" \/><\/p>\n<p><img loading=\"lazy\" class=\"size-full wp-image-12920 aligncenter\" src=\"https:\/\/cokhitanminh.com\/may-thuc-pham\/wp-content\/uploads\/2021\/12\/bo-day-chuyen-sx-dau-phu-lien-hoan-hs-60-tmtp-m10-6-cokhitanminhcommtp.jpg\" alt=\"\" width=\"550\" height=\"413\" srcset=\"https:\/\/cokhitanminh.com\/may-thuc-pham\/wp-content\/uploads\/2021\/12\/bo-day-chuyen-sx-dau-phu-lien-hoan-hs-60-tmtp-m10-6-cokhitanminhcommtp.jpg 550w, https:\/\/cokhitanminh.com\/may-thuc-pham\/wp-content\/uploads\/2021\/12\/bo-day-chuyen-sx-dau-phu-lien-hoan-hs-60-tmtp-m10-6-cokhitanminhcommtp-300x225.jpg 300w\" sizes=\"(max-width: 550px) 100vw, 550px\" \/><\/p>\n<p><img loading=\"lazy\" class=\"size-full wp-image-12921 aligncenter\" src=\"https:\/\/cokhitanminh.com\/may-thuc-pham\/wp-content\/uploads\/2021\/12\/bo-day-chuyen-sx-dau-phu-lien-hoan-hs-60-tmtp-m10-7-cokhitanminhcommtp.jpg\" alt=\"\" width=\"550\" height=\"413\" srcset=\"https:\/\/cokhitanminh.com\/may-thuc-pham\/wp-content\/uploads\/2021\/12\/bo-day-chuyen-sx-dau-phu-lien-hoan-hs-60-tmtp-m10-7-cokhitanminhcommtp.jpg 550w, https:\/\/cokhitanminh.com\/may-thuc-pham\/wp-content\/uploads\/2021\/12\/bo-day-chuyen-sx-dau-phu-lien-hoan-hs-60-tmtp-m10-7-cokhitanminhcommtp-300x225.jpg 300w\" sizes=\"(max-width: 550px) 100vw, 550px\" \/><\/p>\n<p><img loading=\"lazy\" class=\"size-full wp-image-12923 aligncenter\" src=\"https:\/\/cokhitanminh.com\/may-thuc-pham\/wp-content\/uploads\/2021\/12\/bo-day-chuyen-sx-dau-phu-lien-hoan-hs-60-tmtp-m10-8-cokhitanminhcommtp.jpg\" alt=\"\" width=\"550\" height=\"413\" srcset=\"https:\/\/cokhitanminh.com\/may-thuc-pham\/wp-content\/uploads\/2021\/12\/bo-day-chuyen-sx-dau-phu-lien-hoan-hs-60-tmtp-m10-8-cokhitanminhcommtp.jpg 550w, https:\/\/cokhitanminh.com\/may-thuc-pham\/wp-content\/uploads\/2021\/12\/bo-day-chuyen-sx-dau-phu-lien-hoan-hs-60-tmtp-m10-8-cokhitanminhcommtp-300x225.jpg 300w\" sizes=\"(max-width: 550px) 100vw, 550px\" \/><\/p>\n<p><img loading=\"lazy\" class=\"size-full wp-image-12924 aligncenter\" src=\"https:\/\/cokhitanminh.com\/may-thuc-pham\/wp-content\/uploads\/2021\/12\/bo-day-chuyen-sx-dau-phu-lien-hoan-hs-60-tmtp-m10-9-cokhitanminhcommtp.jpg\" alt=\"\" width=\"550\" height=\"413\" srcset=\"https:\/\/cokhitanminh.com\/may-thuc-pham\/wp-content\/uploads\/2021\/12\/bo-day-chuyen-sx-dau-phu-lien-hoan-hs-60-tmtp-m10-9-cokhitanminhcommtp.jpg 550w, https:\/\/cokhitanminh.com\/may-thuc-pham\/wp-content\/uploads\/2021\/12\/bo-day-chuyen-sx-dau-phu-lien-hoan-hs-60-tmtp-m10-9-cokhitanminhcommtp-300x225.jpg 300w\" sizes=\"(max-width: 550px) 100vw, 550px\" \/><\/p>\n<p style=\"text-align: justify;\">Chi ti\u1ebft s\u1ea3n ph\u1ea9m <em><strong>B\u1ed9 d\u00e2y chuy\u1ec1n SX \u0111\u1eadu ph\u1ee5 li\u00ean ho\u00e0n HS-60<\/strong><\/em> xin vui l\u00f2ng li\u00ean h\u1ec7 Hotline: 19002861 \u0110\u1ec3 \u0111\u01b0\u1ee3c t\u01b0 v\u1ea5n ho\u00e0n to\u00e0n mi\u1ec5n ph\u00ed!<\/p>\n","protected":false},"excerpt":{"rendered":"<p>B\u1ed9 d\u00e2y chuy\u1ec1n SX \u0111\u1eadu ph\u1ee5 li\u00ean ho\u00e0n HS-60 (TMTP-M10) B\u1ed9 d\u00e2y chuy\u1ec1n SX \u0111\u1eadu ph\u1ee5 li\u00ean ho\u00e0n HS-60 (TMTP-M10) \u0111\u01b0\u1ee3c nghi\u00ean c\u1ee9u s\u1ea3n xu\u1ea5t v\u00e0 ph\u00e2n ph\u1ed1i tr\u00ean to\u00e0n qu\u1ed1c. T\u1ea5t c\u1ea3 c\u00e1c s\u1ea3n ph\u1ea9m c\u1ee7a ch\u00fang t\u00f4i \u0111\u1ec1u \u0111\u01b0\u1ee3c ki\u1ec3m tra k\u1ef9 l\u01b0\u1ee1ng v\u00e0 v\u1eadn h\u00e0nh th\u1ef1c t\u1ebf \u0111\u1ec3 lu\u00f4n \u0111\u1ea3m b\u1ea3o ch\u1ea5t &#8230;<\/p>\n","protected":false},"featured_media":12928,"comment_status":"open","ping_status":"closed","template":"","meta":[],"yoast_head":"<!-- This site is optimized with the Yoast SEO plugin v17.6 - https:\/\/yoast.com\/wordpress\/plugins\/seo\/ -->\n<title>B\u1ed9 d\u00e2y chuy\u1ec1n SX \u0111\u1eadu ph\u1ee5 li\u00ean ho\u00e0n HS-60 | C\u01a1 Kh\u00ed T\u00e2n Minh<\/title>\n<meta name=\"description\" content=\"B\u1ed9 d\u00e2y chuy\u1ec1n SX \u0111\u1eadu ph\u1ee5 li\u00ean ho\u00e0n HS-60 - Gi\u00e1 R\u1ebb - B\u1ea3o H\u00e0nh Chuy\u00ean Nghi\u1ec7p - Chi ti\u1ebft xin li\u00ean h\u1ec7 Hotline: 19002861 \u0110\u1ec3 \u0111\u01b0\u1ee3c t\u01b0 v\u1ea5n ho\u00e0n to\u00e0n mi\u1ec5n ph\u00ed!\" \/>\n<meta name=\"robots\" content=\"noindex, follow, max-snippet:-1, max-image-preview:large, max-video-preview:-1\" \/>\n<meta property=\"og:locale\" content=\"vi_VN\" \/>\n<meta property=\"og:type\" content=\"article\" \/>\n<meta property=\"og:title\" content=\"B\u1ed9 d\u00e2y chuy\u1ec1n SX \u0111\u1eadu ph\u1ee5 li\u00ean ho\u00e0n HS-60 | C\u01a1 Kh\u00ed T\u00e2n Minh\" \/>\n<meta property=\"og:description\" content=\"B\u1ed9 d\u00e2y chuy\u1ec1n SX \u0111\u1eadu ph\u1ee5 li\u00ean ho\u00e0n HS-60 - Gi\u00e1 R\u1ebb - B\u1ea3o H\u00e0nh Chuy\u00ean Nghi\u1ec7p - Chi ti\u1ebft xin li\u00ean h\u1ec7 Hotline: 19002861 \u0110\u1ec3 \u0111\u01b0\u1ee3c t\u01b0 v\u1ea5n ho\u00e0n to\u00e0n mi\u1ec5n ph\u00ed!\" \/>\n<meta property=\"og:url\" content=\"https:\/\/cokhitanminh.com\/may-thuc-pham\/san-pham\/bo-day-chuyen-sx-dau-phu-lien-hoan-hs-60-tmtp-m10\/\" \/>\n<meta property=\"og:site_name\" content=\"M\u00e1y Th\u1ef1c Ph\u1ea9m T\u00e2n Minh\" \/>\n<meta property=\"article:modified_time\" content=\"2022-03-19T01:37:14+00:00\" \/>\n<meta property=\"og:image\" content=\"https:\/\/cokhitanminh.com\/may-thuc-pham\/wp-content\/uploads\/2021\/12\/bo-day-chuyen-sx-dau-phu-lien-hoan-hs-60-tmtp-m10-1-cokhitanminhcommtp.jpg\" \/>\n\t<meta property=\"og:image:width\" content=\"450\" \/>\n\t<meta property=\"og:image:height\" content=\"450\" \/>\n<meta name=\"twitter:card\" content=\"summary_large_image\" \/>\n<meta name=\"twitter:label1\" content=\"\u01af\u1edbc t\u00ednh th\u1eddi gian \u0111\u1ecdc\" \/>\n\t<meta name=\"twitter:data1\" content=\"3 ph\u00fat\" \/>\n<script type=\"application\/ld+json\" class=\"yoast-schema-graph\">{\"@context\":\"https:\/\/schema.org\",\"@graph\":[{\"@type\":\"WebSite\",\"@id\":\"https:\/\/cokhitanminh.com\/may-thuc-pham\/#website\",\"url\":\"https:\/\/cokhitanminh.com\/may-thuc-pham\/\",\"name\":\"M\\u00e1y Th\\u1ef1c Ph\\u1ea9m T\\u00e2n Minh\",\"description\":\"K\\u1ebft N\\u1ed1i \\u0110\\u1ebfn S\\u1ef1 Ho\\u00e0n H\\u1ea3o!\",\"potentialAction\":[{\"@type\":\"SearchAction\",\"target\":{\"@type\":\"EntryPoint\",\"urlTemplate\":\"https:\/\/cokhitanminh.com\/may-thuc-pham\/?s={search_term_string}\"},\"query-input\":\"required name=search_term_string\"}],\"inLanguage\":\"vi\"},{\"@type\":\"ImageObject\",\"@id\":\"https:\/\/cokhitanminh.com\/may-thuc-pham\/san-pham\/bo-day-chuyen-sx-dau-phu-lien-hoan-hs-60-tmtp-m10\/#primaryimage\",\"inLanguage\":\"vi\",\"url\":\"https:\/\/cokhitanminh.com\/may-thuc-pham\/wp-content\/uploads\/2021\/12\/bo-day-chuyen-sx-dau-phu-lien-hoan-hs-60-tmtp-m10-1-cokhitanminhcommtp.jpg\",\"contentUrl\":\"https:\/\/cokhitanminh.com\/may-thuc-pham\/wp-content\/uploads\/2021\/12\/bo-day-chuyen-sx-dau-phu-lien-hoan-hs-60-tmtp-m10-1-cokhitanminhcommtp.jpg\",\"width\":450,\"height\":450,\"caption\":\"B\\u1ed8 D\\u00c2Y CHUY\\u1ec0N SX \\u0110\\u1eacU PH\\u1ee4 LI\\u00caN HO\\u00c0N HS-60 (TMTP-M10)\"},{\"@type\":\"WebPage\",\"@id\":\"https:\/\/cokhitanminh.com\/may-thuc-pham\/san-pham\/bo-day-chuyen-sx-dau-phu-lien-hoan-hs-60-tmtp-m10\/#webpage\",\"url\":\"https:\/\/cokhitanminh.com\/may-thuc-pham\/san-pham\/bo-day-chuyen-sx-dau-phu-lien-hoan-hs-60-tmtp-m10\/\",\"name\":\"B\\u1ed9 d\\u00e2y chuy\\u1ec1n SX \\u0111\\u1eadu ph\\u1ee5 li\\u00ean ho\\u00e0n HS-60 | C\\u01a1 Kh\\u00ed T\\u00e2n Minh\",\"isPartOf\":{\"@id\":\"https:\/\/cokhitanminh.com\/may-thuc-pham\/#website\"},\"primaryImageOfPage\":{\"@id\":\"https:\/\/cokhitanminh.com\/may-thuc-pham\/san-pham\/bo-day-chuyen-sx-dau-phu-lien-hoan-hs-60-tmtp-m10\/#primaryimage\"},\"datePublished\":\"2021-12-04T08:36:03+00:00\",\"dateModified\":\"2022-03-19T01:37:14+00:00\",\"description\":\"B\\u1ed9 d\\u00e2y chuy\\u1ec1n SX \\u0111\\u1eadu ph\\u1ee5 li\\u00ean ho\\u00e0n HS-60 - Gi\\u00e1 R\\u1ebb - B\\u1ea3o H\\u00e0nh Chuy\\u00ean Nghi\\u1ec7p - Chi ti\\u1ebft xin li\\u00ean h\\u1ec7 Hotline: 19002861 \\u0110\\u1ec3 \\u0111\\u01b0\\u1ee3c t\\u01b0 v\\u1ea5n ho\\u00e0n to\\u00e0n mi\\u1ec5n ph\\u00ed!\",\"breadcrumb\":{\"@id\":\"https:\/\/cokhitanminh.com\/may-thuc-pham\/san-pham\/bo-day-chuyen-sx-dau-phu-lien-hoan-hs-60-tmtp-m10\/#breadcrumb\"},\"inLanguage\":\"vi\",\"potentialAction\":[{\"@type\":\"ReadAction\",\"target\":[\"https:\/\/cokhitanminh.com\/may-thuc-pham\/san-pham\/bo-day-chuyen-sx-dau-phu-lien-hoan-hs-60-tmtp-m10\/\"]}]},{\"@type\":\"BreadcrumbList\",\"@id\":\"https:\/\/cokhitanminh.com\/may-thuc-pham\/san-pham\/bo-day-chuyen-sx-dau-phu-lien-hoan-hs-60-tmtp-m10\/#breadcrumb\",\"itemListElement\":[{\"@type\":\"ListItem\",\"position\":1,\"name\":\"Trang ch\\u1ee7\",\"item\":\"https:\/\/cokhitanminh.com\/may-thuc-pham\/\"},{\"@type\":\"ListItem\",\"position\":2,\"name\":\"C\\u1eeda h\\u00e0ng\",\"item\":\"https:\/\/cokhitanminh.com\/may-thuc-pham\/cua-hang\/\"},{\"@type\":\"ListItem\",\"position\":3,\"name\":\"B\\u1ed9 d\\u00e2y chuy\\u1ec1n SX \\u0111\\u1eadu ph\\u1ee5 li\\u00ean ho\\u00e0n HS-60 (TMTP-M10)\"}]}]}<\/script>\n<!-- \/ Yoast SEO plugin. -->","yoast_head_json":{"title":"B\u1ed9 d\u00e2y chuy\u1ec1n SX \u0111\u1eadu ph\u1ee5 li\u00ean ho\u00e0n HS-60 | C\u01a1 Kh\u00ed T\u00e2n Minh","description":"B\u1ed9 d\u00e2y chuy\u1ec1n SX \u0111\u1eadu ph\u1ee5 li\u00ean ho\u00e0n HS-60 - Gi\u00e1 R\u1ebb - B\u1ea3o H\u00e0nh Chuy\u00ean Nghi\u1ec7p - Chi ti\u1ebft xin li\u00ean h\u1ec7 Hotline: 19002861 \u0110\u1ec3 \u0111\u01b0\u1ee3c t\u01b0 v\u1ea5n ho\u00e0n to\u00e0n mi\u1ec5n ph\u00ed!","robots":{"index":"noindex","follow":"follow","max-snippet":"max-snippet:-1","max-image-preview":"max-image-preview:large","max-video-preview":"max-video-preview:-1"},"og_locale":"vi_VN","og_type":"article","og_title":"B\u1ed9 d\u00e2y chuy\u1ec1n SX \u0111\u1eadu ph\u1ee5 li\u00ean ho\u00e0n HS-60 | C\u01a1 Kh\u00ed T\u00e2n Minh","og_description":"B\u1ed9 d\u00e2y chuy\u1ec1n SX \u0111\u1eadu ph\u1ee5 li\u00ean ho\u00e0n HS-60 - Gi\u00e1 R\u1ebb - B\u1ea3o H\u00e0nh Chuy\u00ean Nghi\u1ec7p - Chi ti\u1ebft xin li\u00ean h\u1ec7 Hotline: 19002861 \u0110\u1ec3 \u0111\u01b0\u1ee3c t\u01b0 v\u1ea5n ho\u00e0n to\u00e0n mi\u1ec5n ph\u00ed!","og_url":"https:\/\/cokhitanminh.com\/may-thuc-pham\/san-pham\/bo-day-chuyen-sx-dau-phu-lien-hoan-hs-60-tmtp-m10\/","og_site_name":"M\u00e1y Th\u1ef1c Ph\u1ea9m T\u00e2n Minh","article_modified_time":"2022-03-19T01:37:14+00:00","og_image":[{"width":450,"height":450,"url":"https:\/\/cokhitanminh.com\/may-thuc-pham\/wp-content\/uploads\/2021\/12\/bo-day-chuyen-sx-dau-phu-lien-hoan-hs-60-tmtp-m10-1-cokhitanminhcommtp.jpg","type":"image\/jpeg"}],"twitter_card":"summary_large_image","twitter_misc":{"\u01af\u1edbc t\u00ednh th\u1eddi gian \u0111\u1ecdc":"3 ph\u00fat"},"schema":{"@context":"https:\/\/schema.org","@graph":[{"@type":"WebSite","@id":"https:\/\/cokhitanminh.com\/may-thuc-pham\/#website","url":"https:\/\/cokhitanminh.com\/may-thuc-pham\/","name":"M\u00e1y Th\u1ef1c Ph\u1ea9m T\u00e2n Minh","description":"K\u1ebft N\u1ed1i \u0110\u1ebfn S\u1ef1 Ho\u00e0n H\u1ea3o!","potentialAction":[{"@type":"SearchAction","target":{"@type":"EntryPoint","urlTemplate":"https:\/\/cokhitanminh.com\/may-thuc-pham\/?s={search_term_string}"},"query-input":"required name=search_term_string"}],"inLanguage":"vi"},{"@type":"ImageObject","@id":"https:\/\/cokhitanminh.com\/may-thuc-pham\/san-pham\/bo-day-chuyen-sx-dau-phu-lien-hoan-hs-60-tmtp-m10\/#primaryimage","inLanguage":"vi","url":"https:\/\/cokhitanminh.com\/may-thuc-pham\/wp-content\/uploads\/2021\/12\/bo-day-chuyen-sx-dau-phu-lien-hoan-hs-60-tmtp-m10-1-cokhitanminhcommtp.jpg","contentUrl":"https:\/\/cokhitanminh.com\/may-thuc-pham\/wp-content\/uploads\/2021\/12\/bo-day-chuyen-sx-dau-phu-lien-hoan-hs-60-tmtp-m10-1-cokhitanminhcommtp.jpg","width":450,"height":450,"caption":"B\u1ed8 D\u00c2Y CHUY\u1ec0N SX \u0110\u1eacU PH\u1ee4 LI\u00caN HO\u00c0N HS-60 (TMTP-M10)"},{"@type":"WebPage","@id":"https:\/\/cokhitanminh.com\/may-thuc-pham\/san-pham\/bo-day-chuyen-sx-dau-phu-lien-hoan-hs-60-tmtp-m10\/#webpage","url":"https:\/\/cokhitanminh.com\/may-thuc-pham\/san-pham\/bo-day-chuyen-sx-dau-phu-lien-hoan-hs-60-tmtp-m10\/","name":"B\u1ed9 d\u00e2y chuy\u1ec1n SX \u0111\u1eadu ph\u1ee5 li\u00ean ho\u00e0n HS-60 | C\u01a1 Kh\u00ed T\u00e2n Minh","isPartOf":{"@id":"https:\/\/cokhitanminh.com\/may-thuc-pham\/#website"},"primaryImageOfPage":{"@id":"https:\/\/cokhitanminh.com\/may-thuc-pham\/san-pham\/bo-day-chuyen-sx-dau-phu-lien-hoan-hs-60-tmtp-m10\/#primaryimage"},"datePublished":"2021-12-04T08:36:03+00:00","dateModified":"2022-03-19T01:37:14+00:00","description":"B\u1ed9 d\u00e2y chuy\u1ec1n SX \u0111\u1eadu ph\u1ee5 li\u00ean ho\u00e0n HS-60 - Gi\u00e1 R\u1ebb - B\u1ea3o H\u00e0nh Chuy\u00ean Nghi\u1ec7p - Chi ti\u1ebft xin li\u00ean h\u1ec7 Hotline: 19002861 \u0110\u1ec3 \u0111\u01b0\u1ee3c t\u01b0 v\u1ea5n ho\u00e0n to\u00e0n mi\u1ec5n ph\u00ed!","breadcrumb":{"@id":"https:\/\/cokhitanminh.com\/may-thuc-pham\/san-pham\/bo-day-chuyen-sx-dau-phu-lien-hoan-hs-60-tmtp-m10\/#breadcrumb"},"inLanguage":"vi","potentialAction":[{"@type":"ReadAction","target":["https:\/\/cokhitanminh.com\/may-thuc-pham\/san-pham\/bo-day-chuyen-sx-dau-phu-lien-hoan-hs-60-tmtp-m10\/"]}]},{"@type":"BreadcrumbList","@id":"https:\/\/cokhitanminh.com\/may-thuc-pham\/san-pham\/bo-day-chuyen-sx-dau-phu-lien-hoan-hs-60-tmtp-m10\/#breadcrumb","itemListElement":[{"@type":"ListItem","position":1,"name":"Trang ch\u1ee7","item":"https:\/\/cokhitanminh.com\/may-thuc-pham\/"},{"@type":"ListItem","position":2,"name":"C\u1eeda h\u00e0ng","item":"https:\/\/cokhitanminh.com\/may-thuc-pham\/cua-hang\/"},{"@type":"ListItem","position":3,"name":"B\u1ed9 d\u00e2y chuy\u1ec1n SX \u0111\u1eadu ph\u1ee5 li\u00ean ho\u00e0n HS-60 (TMTP-M10)"}]}]}},"_links":{"self":[{"href":"https:\/\/cokhitanminh.com\/may-thuc-pham\/wp-json\/wp\/v2\/product\/7256"}],"collection":[{"href":"https:\/\/cokhitanminh.com\/may-thuc-pham\/wp-json\/wp\/v2\/product"}],"about":[{"href":"https:\/\/cokhitanminh.com\/may-thuc-pham\/wp-json\/wp\/v2\/types\/product"}],"replies":[{"embeddable":true,"href":"https:\/\/cokhitanminh.com\/may-thuc-pham\/wp-json\/wp\/v2\/comments?post=7256"}],"wp:featuredmedia":[{"embeddable":true,"href":"https:\/\/cokhitanminh.com\/may-thuc-pham\/wp-json\/wp\/v2\/media\/12928"}],"wp:attachment":[{"href":"https:\/\/cokhitanminh.com\/may-thuc-pham\/wp-json\/wp\/v2\/media?parent=7256"}],"curies":[{"name":"wp","href":"https:\/\/api.w.org\/{rel}","templated":true}]}}