{"id":8904,"date":"2025-04-10T09:22:56","date_gmt":"2025-04-10T09:22:56","guid":{"rendered":"https:\/\/cokhitanminh.com\/may-dong-goi\/?post_type=product&#038;p=8904"},"modified":"2025-05-16T08:03:13","modified_gmt":"2025-05-16T08:03:13","slug":"may-hut-chan-khong-buong-sau-tmdg-5n5","status":"publish","type":"product","link":"https:\/\/cokhitanminh.com\/may-dong-goi\/may-hut-chan-khong-buong-sau-tmdg-5n5\/","title":{"rendered":"M\u00e1y h\u00fat ch\u00e2n kh\u00f4ng bu\u1ed3ng s\u00e2u TMDG-5N5"},"content":{"rendered":"<p><a href=\"https:\/\/cokhitanminh.com\/may-dong-goi\/may-hut-chan-khong-buong-sau-tmdg-5n6\/\"><em><strong>M\u00e1y h\u00fa<\/strong><\/em>\u00a0<em><strong>t ch\u00e2n kh\u00f4ng bu\u1ed3ng s\u00e2u TMDG-5N5<\/strong><\/em><\/a>\u00a0\u0111\u01b0\u1ee3c nghi\u00ean c\u1ee9u s\u1ea3n xu\u1ea5t v\u00e0 ph\u00e2n ph\u1ed1i tr\u00ean to\u00e0n qu\u1ed1c. T\u1ea5t c\u1ea3 c\u00e1c s\u1ea3n ph\u1ea9m c\u1ee7a ch\u00fang t\u00f4i \u0111\u1ec1u \u0111\u01b0\u1ee3c ki\u1ec3m tra k\u1ef9 l\u01b0\u1ee1ng v\u00e0 v\u1eadn h\u00e0nh th\u1ef1c t\u1ebf \u0111\u1ec3 lu\u00f4n \u0111\u1ea3m b\u1ea3o ch\u1ea5t l\u01b0\u1ee3ng t\u1ed1t nh\u1ea5t tr\u01b0\u1edbc khi b\u00e0n giao thi\u1ebft b\u1ecb cho kh\u00e1ch h\u00e0ng.<\/p>\n<p><a href=\"https:\/\/cokhitanminh.com\/may-dong-goi\/wp-content\/uploads\/2025\/04\/may-hut-chan-khong-buong-sau-TMDG-5N6-1-scaled.jpg\"><img loading=\"lazy\" decoding=\"async\" class=\"aligncenter wp-image-8905\" src=\"https:\/\/cokhitanminh.com\/may-dong-goi\/wp-content\/uploads\/2025\/04\/may-hut-chan-khong-buong-sau-TMDG-5N6-1-scaled.jpg\" alt=\"\" width=\"600\" height=\"600\" srcset=\"https:\/\/cokhitanminh.com\/may-dong-goi\/wp-content\/uploads\/2025\/04\/may-hut-chan-khong-buong-sau-TMDG-5N6-1-scaled.jpg 2560w, https:\/\/cokhitanminh.com\/may-dong-goi\/wp-content\/uploads\/2025\/04\/may-hut-chan-khong-buong-sau-TMDG-5N6-1-300x300.jpg 300w, https:\/\/cokhitanminh.com\/may-dong-goi\/wp-content\/uploads\/2025\/04\/may-hut-chan-khong-buong-sau-TMDG-5N6-1-1024x1024.jpg 1024w, https:\/\/cokhitanminh.com\/may-dong-goi\/wp-content\/uploads\/2025\/04\/may-hut-chan-khong-buong-sau-TMDG-5N6-1-150x150.jpg 150w, https:\/\/cokhitanminh.com\/may-dong-goi\/wp-content\/uploads\/2025\/04\/may-hut-chan-khong-buong-sau-TMDG-5N6-1-768x768.jpg 768w, https:\/\/cokhitanminh.com\/may-dong-goi\/wp-content\/uploads\/2025\/04\/may-hut-chan-khong-buong-sau-TMDG-5N6-1-1536x1536.jpg 1536w, https:\/\/cokhitanminh.com\/may-dong-goi\/wp-content\/uploads\/2025\/04\/may-hut-chan-khong-buong-sau-TMDG-5N6-1-2048x2048.jpg 2048w, https:\/\/cokhitanminh.com\/may-dong-goi\/wp-content\/uploads\/2025\/04\/may-hut-chan-khong-buong-sau-TMDG-5N6-1-600x600.jpg 600w, https:\/\/cokhitanminh.com\/may-dong-goi\/wp-content\/uploads\/2025\/04\/may-hut-chan-khong-buong-sau-TMDG-5N6-1-100x100.jpg 100w\" sizes=\"auto, (max-width: 600px) 100vw, 600px\" \/><\/a> <a href=\"https:\/\/cokhitanminh.com\/may-dong-goi\/wp-content\/uploads\/2025\/04\/may-hut-chan-khong-buong-sau-TMDG-5N6-2.jpg\"><img loading=\"lazy\" decoding=\"async\" class=\"aligncenter wp-image-8906\" src=\"https:\/\/cokhitanminh.com\/may-dong-goi\/wp-content\/uploads\/2025\/04\/may-hut-chan-khong-buong-sau-TMDG-5N6-2.jpg\" alt=\"\" width=\"600\" height=\"450\" srcset=\"https:\/\/cokhitanminh.com\/may-dong-goi\/wp-content\/uploads\/2025\/04\/may-hut-chan-khong-buong-sau-TMDG-5N6-2.jpg 1000w, https:\/\/cokhitanminh.com\/may-dong-goi\/wp-content\/uploads\/2025\/04\/may-hut-chan-khong-buong-sau-TMDG-5N6-2-300x225.jpg 300w, https:\/\/cokhitanminh.com\/may-dong-goi\/wp-content\/uploads\/2025\/04\/may-hut-chan-khong-buong-sau-TMDG-5N6-2-768x576.jpg 768w, https:\/\/cokhitanminh.com\/may-dong-goi\/wp-content\/uploads\/2025\/04\/may-hut-chan-khong-buong-sau-TMDG-5N6-2-600x450.jpg 600w\" sizes=\"auto, (max-width: 600px) 100vw, 600px\" \/><\/a> <a href=\"https:\/\/cokhitanminh.com\/may-dong-goi\/wp-content\/uploads\/2025\/04\/may-hut-chan-khong-buong-sau-TMDG-5N6-3.jpg\"><img loading=\"lazy\" decoding=\"async\" class=\"aligncenter wp-image-8907\" src=\"https:\/\/cokhitanminh.com\/may-dong-goi\/wp-content\/uploads\/2025\/04\/may-hut-chan-khong-buong-sau-TMDG-5N6-3.jpg\" alt=\"\" width=\"600\" height=\"450\" srcset=\"https:\/\/cokhitanminh.com\/may-dong-goi\/wp-content\/uploads\/2025\/04\/may-hut-chan-khong-buong-sau-TMDG-5N6-3.jpg 1000w, https:\/\/cokhitanminh.com\/may-dong-goi\/wp-content\/uploads\/2025\/04\/may-hut-chan-khong-buong-sau-TMDG-5N6-3-300x225.jpg 300w, https:\/\/cokhitanminh.com\/may-dong-goi\/wp-content\/uploads\/2025\/04\/may-hut-chan-khong-buong-sau-TMDG-5N6-3-768x576.jpg 768w, https:\/\/cokhitanminh.com\/may-dong-goi\/wp-content\/uploads\/2025\/04\/may-hut-chan-khong-buong-sau-TMDG-5N6-3-600x450.jpg 600w\" sizes=\"auto, (max-width: 600px) 100vw, 600px\" \/><\/a> <a href=\"https:\/\/cokhitanminh.com\/may-dong-goi\/wp-content\/uploads\/2025\/04\/may-hut-chan-khong-buong-sau-TMDG-5N6-4.jpg\"><img loading=\"lazy\" decoding=\"async\" class=\"aligncenter wp-image-8908\" src=\"https:\/\/cokhitanminh.com\/may-dong-goi\/wp-content\/uploads\/2025\/04\/may-hut-chan-khong-buong-sau-TMDG-5N6-4.jpg\" alt=\"\" width=\"600\" height=\"450\" srcset=\"https:\/\/cokhitanminh.com\/may-dong-goi\/wp-content\/uploads\/2025\/04\/may-hut-chan-khong-buong-sau-TMDG-5N6-4.jpg 1000w, https:\/\/cokhitanminh.com\/may-dong-goi\/wp-content\/uploads\/2025\/04\/may-hut-chan-khong-buong-sau-TMDG-5N6-4-300x225.jpg 300w, https:\/\/cokhitanminh.com\/may-dong-goi\/wp-content\/uploads\/2025\/04\/may-hut-chan-khong-buong-sau-TMDG-5N6-4-768x576.jpg 768w, https:\/\/cokhitanminh.com\/may-dong-goi\/wp-content\/uploads\/2025\/04\/may-hut-chan-khong-buong-sau-TMDG-5N6-4-600x450.jpg 600w\" sizes=\"auto, (max-width: 600px) 100vw, 600px\" \/><\/a> <a href=\"https:\/\/cokhitanminh.com\/may-dong-goi\/wp-content\/uploads\/2025\/04\/may-hut-chan-khong-buong-sau-TMDG-5N6-5.jpg\"><img loading=\"lazy\" decoding=\"async\" class=\"aligncenter wp-image-8909\" src=\"https:\/\/cokhitanminh.com\/may-dong-goi\/wp-content\/uploads\/2025\/04\/may-hut-chan-khong-buong-sau-TMDG-5N6-5.jpg\" alt=\"\" width=\"600\" height=\"450\" srcset=\"https:\/\/cokhitanminh.com\/may-dong-goi\/wp-content\/uploads\/2025\/04\/may-hut-chan-khong-buong-sau-TMDG-5N6-5.jpg 1000w, https:\/\/cokhitanminh.com\/may-dong-goi\/wp-content\/uploads\/2025\/04\/may-hut-chan-khong-buong-sau-TMDG-5N6-5-300x225.jpg 300w, https:\/\/cokhitanminh.com\/may-dong-goi\/wp-content\/uploads\/2025\/04\/may-hut-chan-khong-buong-sau-TMDG-5N6-5-768x576.jpg 768w, https:\/\/cokhitanminh.com\/may-dong-goi\/wp-content\/uploads\/2025\/04\/may-hut-chan-khong-buong-sau-TMDG-5N6-5-600x450.jpg 600w\" sizes=\"auto, (max-width: 600px) 100vw, 600px\" \/><\/a> <a href=\"https:\/\/cokhitanminh.com\/may-dong-goi\/wp-content\/uploads\/2025\/04\/may-hut-chan-khong-buong-sau-TMDG-5N6-6.jpg\"><img loading=\"lazy\" decoding=\"async\" class=\"aligncenter wp-image-8910\" src=\"https:\/\/cokhitanminh.com\/may-dong-goi\/wp-content\/uploads\/2025\/04\/may-hut-chan-khong-buong-sau-TMDG-5N6-6.jpg\" alt=\"\" width=\"600\" height=\"450\" srcset=\"https:\/\/cokhitanminh.com\/may-dong-goi\/wp-content\/uploads\/2025\/04\/may-hut-chan-khong-buong-sau-TMDG-5N6-6.jpg 1000w, https:\/\/cokhitanminh.com\/may-dong-goi\/wp-content\/uploads\/2025\/04\/may-hut-chan-khong-buong-sau-TMDG-5N6-6-300x225.jpg 300w, https:\/\/cokhitanminh.com\/may-dong-goi\/wp-content\/uploads\/2025\/04\/may-hut-chan-khong-buong-sau-TMDG-5N6-6-768x576.jpg 768w, https:\/\/cokhitanminh.com\/may-dong-goi\/wp-content\/uploads\/2025\/04\/may-hut-chan-khong-buong-sau-TMDG-5N6-6-600x450.jpg 600w\" sizes=\"auto, (max-width: 600px) 100vw, 600px\" \/><\/a> <a href=\"https:\/\/cokhitanminh.com\/may-dong-goi\/wp-content\/uploads\/2025\/04\/may-hut-chan-khong-buong-sau-TMDG-5N6-7.jpg\"><img loading=\"lazy\" decoding=\"async\" class=\"aligncenter wp-image-8911\" src=\"https:\/\/cokhitanminh.com\/may-dong-goi\/wp-content\/uploads\/2025\/04\/may-hut-chan-khong-buong-sau-TMDG-5N6-7.jpg\" alt=\"\" width=\"600\" height=\"450\" srcset=\"https:\/\/cokhitanminh.com\/may-dong-goi\/wp-content\/uploads\/2025\/04\/may-hut-chan-khong-buong-sau-TMDG-5N6-7.jpg 1000w, https:\/\/cokhitanminh.com\/may-dong-goi\/wp-content\/uploads\/2025\/04\/may-hut-chan-khong-buong-sau-TMDG-5N6-7-300x225.jpg 300w, https:\/\/cokhitanminh.com\/may-dong-goi\/wp-content\/uploads\/2025\/04\/may-hut-chan-khong-buong-sau-TMDG-5N6-7-768x576.jpg 768w, https:\/\/cokhitanminh.com\/may-dong-goi\/wp-content\/uploads\/2025\/04\/may-hut-chan-khong-buong-sau-TMDG-5N6-7-600x450.jpg 600w\" sizes=\"auto, (max-width: 600px) 100vw, 600px\" \/><\/a> <a href=\"https:\/\/cokhitanminh.com\/may-dong-goi\/wp-content\/uploads\/2025\/04\/may-hut-chan-khong-buong-sau-TMDG-5N6-8.jpg\"><img loading=\"lazy\" decoding=\"async\" class=\"aligncenter wp-image-8912\" src=\"https:\/\/cokhitanminh.com\/may-dong-goi\/wp-content\/uploads\/2025\/04\/may-hut-chan-khong-buong-sau-TMDG-5N6-8.jpg\" alt=\"\" width=\"600\" height=\"450\" srcset=\"https:\/\/cokhitanminh.com\/may-dong-goi\/wp-content\/uploads\/2025\/04\/may-hut-chan-khong-buong-sau-TMDG-5N6-8.jpg 1000w, https:\/\/cokhitanminh.com\/may-dong-goi\/wp-content\/uploads\/2025\/04\/may-hut-chan-khong-buong-sau-TMDG-5N6-8-300x225.jpg 300w, https:\/\/cokhitanminh.com\/may-dong-goi\/wp-content\/uploads\/2025\/04\/may-hut-chan-khong-buong-sau-TMDG-5N6-8-768x576.jpg 768w, https:\/\/cokhitanminh.com\/may-dong-goi\/wp-content\/uploads\/2025\/04\/may-hut-chan-khong-buong-sau-TMDG-5N6-8-600x450.jpg 600w\" sizes=\"auto, (max-width: 600px) 100vw, 600px\" \/><\/a><\/p>\n<h3>Th\u00f4ng s\u1ed1 k\u1ef9 thu\u1eadt:<\/h3>\n<p><a href=\"https:\/\/cokhitanminh.com\/may-dong-goi\/wp-content\/uploads\/2025\/04\/may-hut-chan-khong-buong-sau-TMDG-5N5-9.jpg\"><img loading=\"lazy\" decoding=\"async\" class=\"aligncenter size-full wp-image-8928\" src=\"https:\/\/cokhitanminh.com\/may-dong-goi\/wp-content\/uploads\/2025\/04\/may-hut-chan-khong-buong-sau-TMDG-5N5-9.jpg\" alt=\"\" width=\"608\" height=\"457\" srcset=\"https:\/\/cokhitanminh.com\/may-dong-goi\/wp-content\/uploads\/2025\/04\/may-hut-chan-khong-buong-sau-TMDG-5N5-9.jpg 608w, https:\/\/cokhitanminh.com\/may-dong-goi\/wp-content\/uploads\/2025\/04\/may-hut-chan-khong-buong-sau-TMDG-5N5-9-300x225.jpg 300w, https:\/\/cokhitanminh.com\/may-dong-goi\/wp-content\/uploads\/2025\/04\/may-hut-chan-khong-buong-sau-TMDG-5N5-9-600x451.jpg 600w\" sizes=\"auto, (max-width: 608px) 100vw, 608px\" \/><\/a><\/p>\n<p>Chi ti\u1ebft xin vui l\u00f2ng li\u00ean h\u1ec7 theo s\u1ed1 hotline 19002861-0967686911 \u0111\u1ec3 \u0111\u01b0\u1ee3c h\u1ed7 tr\u1ee3 t\u01b0 v\u1ea5n<\/p>\n","protected":false},"excerpt":{"rendered":"<p>M\u00e1y h\u00fa\u00a0t ch\u00e2n kh\u00f4ng bu\u1ed3ng s\u00e2u TMDG-5N5\u00a0\u0111\u01b0\u1ee3c nghi\u00ean c\u1ee9u s\u1ea3n xu\u1ea5t v\u00e0 ph\u00e2n ph\u1ed1i tr\u00ean to\u00e0n qu\u1ed1c. T\u1ea5t c\u1ea3 c\u00e1c s\u1ea3n ph\u1ea9m c\u1ee7a ch\u00fang t\u00f4i \u0111\u1ec1u \u0111\u01b0\u1ee3c ki\u1ec3m tra k\u1ef9 l\u01b0\u1ee1ng v\u00e0 v\u1eadn h\u00e0nh th\u1ef1c t\u1ebf \u0111\u1ec3 lu\u00f4n \u0111\u1ea3m b\u1ea3o ch\u1ea5t l\u01b0\u1ee3ng t\u1ed1t nh\u1ea5t tr\u01b0\u1edbc khi b\u00e0n giao thi\u1ebft b\u1ecb cho kh\u00e1ch h\u00e0ng. Th\u00f4ng s\u1ed1 &#8230;<\/p>\n","protected":false},"featured_media":8905,"comment_status":"open","ping_status":"closed","template":"","meta":[],"class_list":{"0":"post-8904","1":"product","2":"type-product","3":"status-publish","4":"has-post-thumbnail","6":"product_cat-may-hut-chan-khong-co-buong-hut","8":"first","9":"instock","10":"shipping-taxable","11":"purchasable","12":"product-type-simple"},"brands":[],"yoast_head":"<!-- This site is optimized with the Yoast SEO plugin v17.6 - https:\/\/yoast.com\/wordpress\/plugins\/seo\/ -->\n<title>M\u00e1y h\u00fat ch\u00e2n kh\u00f4ng bu\u1ed3ng s\u00e2u TMDG-5N5 - M\u00c1Y \u0110\u00d3NG G\u00d3I T\u00c2N MINH<\/title>\n<meta name=\"description\" content=\"M\u00e1y h\u00fat ch\u00e2n kh\u00f4ng bu\u1ed3ng s\u00e2u TMDG-5N5.Chi ti\u1ebft xin vui l\u00f2ng li\u00ean h\u1ec7 theo s\u1ed1 hotline 19002861-0967686911 \u0111\u1ec3 \u0111\u01b0\u1ee3c h\u1ed7 tr\u1ee3 t\u01b0 v\u1ea5n\" \/>\n<meta name=\"robots\" content=\"index, follow, max-snippet:-1, max-image-preview:large, max-video-preview:-1\" \/>\n<link rel=\"canonical\" href=\"https:\/\/cokhitanminh.com\/may-dong-goi\/may-hut-chan-khong-buong-sau-tmdg-5n5\/\" \/>\n<meta property=\"og:locale\" content=\"vi_VN\" \/>\n<meta property=\"og:type\" content=\"article\" \/>\n<meta property=\"og:title\" content=\"M\u00e1y h\u00fat ch\u00e2n kh\u00f4ng bu\u1ed3ng s\u00e2u TMDG-5N5 - M\u00c1Y \u0110\u00d3NG G\u00d3I T\u00c2N MINH\" \/>\n<meta property=\"og:description\" content=\"M\u00e1y h\u00fat ch\u00e2n kh\u00f4ng bu\u1ed3ng s\u00e2u TMDG-5N5.Chi ti\u1ebft xin vui l\u00f2ng li\u00ean h\u1ec7 theo s\u1ed1 hotline 19002861-0967686911 \u0111\u1ec3 \u0111\u01b0\u1ee3c h\u1ed7 tr\u1ee3 t\u01b0 v\u1ea5n\" \/>\n<meta property=\"og:url\" content=\"https:\/\/cokhitanminh.com\/may-dong-goi\/may-hut-chan-khong-buong-sau-tmdg-5n5\/\" \/>\n<meta property=\"og:site_name\" content=\"M\u00c1Y \u0110\u00d3NG G\u00d3I T\u00c2N MINH\" \/>\n<meta property=\"article:modified_time\" content=\"2025-05-16T08:03:13+00:00\" \/>\n<meta property=\"og:image\" content=\"https:\/\/cokhitanminh.com\/may-dong-goi\/wp-content\/uploads\/2025\/04\/may-hut-chan-khong-buong-sau-TMDG-5N6-1-scaled.jpg\" \/>\n\t<meta property=\"og:image:width\" content=\"2560\" \/>\n\t<meta property=\"og:image:height\" content=\"2560\" \/>\n<meta name=\"twitter:card\" content=\"summary_large_image\" \/>\n<meta name=\"twitter:label1\" content=\"\u01af\u1edbc t\u00ednh th\u1eddi gian \u0111\u1ecdc\" \/>\n\t<meta name=\"twitter:data1\" content=\"3 ph\u00fat\" \/>\n<script type=\"application\/ld+json\" class=\"yoast-schema-graph\">{\"@context\":\"https:\/\/schema.org\",\"@graph\":[{\"@type\":\"WebSite\",\"@id\":\"https:\/\/cokhitanminh.com\/may-dong-goi\/#website\",\"url\":\"https:\/\/cokhitanminh.com\/may-dong-goi\/\",\"name\":\"M\\u00c1Y \\u0110\\u00d3NG G\\u00d3I T\\u00c2N MINH\",\"description\":\"Chuy\\u00ean gia m\\u00e1y \\u0111\\u00f3ng g\\u00f3i\",\"potentialAction\":[{\"@type\":\"SearchAction\",\"target\":{\"@type\":\"EntryPoint\",\"urlTemplate\":\"https:\/\/cokhitanminh.com\/may-dong-goi\/?s={search_term_string}\"},\"query-input\":\"required name=search_term_string\"}],\"inLanguage\":\"vi\"},{\"@type\":\"ImageObject\",\"@id\":\"https:\/\/cokhitanminh.com\/may-dong-goi\/may-hut-chan-khong-buong-sau-tmdg-5n5\/#primaryimage\",\"inLanguage\":\"vi\",\"url\":\"https:\/\/cokhitanminh.com\/may-dong-goi\/wp-content\/uploads\/2025\/04\/may-hut-chan-khong-buong-sau-TMDG-5N6-1-scaled.jpg\",\"contentUrl\":\"https:\/\/cokhitanminh.com\/may-dong-goi\/wp-content\/uploads\/2025\/04\/may-hut-chan-khong-buong-sau-TMDG-5N6-1-scaled.jpg\",\"width\":2560,\"height\":2560},{\"@type\":\"WebPage\",\"@id\":\"https:\/\/cokhitanminh.com\/may-dong-goi\/may-hut-chan-khong-buong-sau-tmdg-5n5\/#webpage\",\"url\":\"https:\/\/cokhitanminh.com\/may-dong-goi\/may-hut-chan-khong-buong-sau-tmdg-5n5\/\",\"name\":\"M\\u00e1y h\\u00fat ch\\u00e2n kh\\u00f4ng bu\\u1ed3ng s\\u00e2u TMDG-5N5 - M\\u00c1Y \\u0110\\u00d3NG G\\u00d3I T\\u00c2N MINH\",\"isPartOf\":{\"@id\":\"https:\/\/cokhitanminh.com\/may-dong-goi\/#website\"},\"primaryImageOfPage\":{\"@id\":\"https:\/\/cokhitanminh.com\/may-dong-goi\/may-hut-chan-khong-buong-sau-tmdg-5n5\/#primaryimage\"},\"datePublished\":\"2025-04-10T09:22:56+00:00\",\"dateModified\":\"2025-05-16T08:03:13+00:00\",\"description\":\"M\\u00e1y h\\u00fat ch\\u00e2n kh\\u00f4ng bu\\u1ed3ng s\\u00e2u TMDG-5N5.Chi ti\\u1ebft xin vui l\\u00f2ng li\\u00ean h\\u1ec7 theo s\\u1ed1 hotline 19002861-0967686911 \\u0111\\u1ec3 \\u0111\\u01b0\\u1ee3c h\\u1ed7 tr\\u1ee3 t\\u01b0 v\\u1ea5n\",\"breadcrumb\":{\"@id\":\"https:\/\/cokhitanminh.com\/may-dong-goi\/may-hut-chan-khong-buong-sau-tmdg-5n5\/#breadcrumb\"},\"inLanguage\":\"vi\",\"potentialAction\":[{\"@type\":\"ReadAction\",\"target\":[\"https:\/\/cokhitanminh.com\/may-dong-goi\/may-hut-chan-khong-buong-sau-tmdg-5n5\/\"]}]},{\"@type\":\"BreadcrumbList\",\"@id\":\"https:\/\/cokhitanminh.com\/may-dong-goi\/may-hut-chan-khong-buong-sau-tmdg-5n5\/#breadcrumb\",\"itemListElement\":[{\"@type\":\"ListItem\",\"position\":1,\"name\":\"Trang ch\\u1ee7\",\"item\":\"https:\/\/cokhitanminh.com\/may-dong-goi\/\"},{\"@type\":\"ListItem\",\"position\":2,\"name\":\"C\\u1eeda h\\u00e0ng\",\"item\":\"https:\/\/cokhitanminh.com\/may-dong-goi\/mua\/\"},{\"@type\":\"ListItem\",\"position\":3,\"name\":\"M\\u00e1y h\\u00fat ch\\u00e2n kh\\u00f4ng bu\\u1ed3ng s\\u00e2u TMDG-5N5\"}]}]}<\/script>\n<!-- \/ Yoast SEO plugin. -->","yoast_head_json":{"title":"M\u00e1y h\u00fat ch\u00e2n kh\u00f4ng bu\u1ed3ng s\u00e2u TMDG-5N5 - M\u00c1Y \u0110\u00d3NG G\u00d3I T\u00c2N MINH","description":"M\u00e1y h\u00fat ch\u00e2n kh\u00f4ng bu\u1ed3ng s\u00e2u TMDG-5N5.Chi ti\u1ebft xin vui l\u00f2ng li\u00ean h\u1ec7 theo s\u1ed1 hotline 19002861-0967686911 \u0111\u1ec3 \u0111\u01b0\u1ee3c h\u1ed7 tr\u1ee3 t\u01b0 v\u1ea5n","robots":{"index":"index","follow":"follow","max-snippet":"max-snippet:-1","max-image-preview":"max-image-preview:large","max-video-preview":"max-video-preview:-1"},"canonical":"https:\/\/cokhitanminh.com\/may-dong-goi\/may-hut-chan-khong-buong-sau-tmdg-5n5\/","og_locale":"vi_VN","og_type":"article","og_title":"M\u00e1y h\u00fat ch\u00e2n kh\u00f4ng bu\u1ed3ng s\u00e2u TMDG-5N5 - M\u00c1Y \u0110\u00d3NG G\u00d3I T\u00c2N MINH","og_description":"M\u00e1y h\u00fat ch\u00e2n kh\u00f4ng bu\u1ed3ng s\u00e2u TMDG-5N5.Chi ti\u1ebft xin vui l\u00f2ng li\u00ean h\u1ec7 theo s\u1ed1 hotline 19002861-0967686911 \u0111\u1ec3 \u0111\u01b0\u1ee3c h\u1ed7 tr\u1ee3 t\u01b0 v\u1ea5n","og_url":"https:\/\/cokhitanminh.com\/may-dong-goi\/may-hut-chan-khong-buong-sau-tmdg-5n5\/","og_site_name":"M\u00c1Y \u0110\u00d3NG G\u00d3I T\u00c2N MINH","article_modified_time":"2025-05-16T08:03:13+00:00","og_image":[{"width":2560,"height":2560,"url":"https:\/\/cokhitanminh.com\/may-dong-goi\/wp-content\/uploads\/2025\/04\/may-hut-chan-khong-buong-sau-TMDG-5N6-1-scaled.jpg","type":"image\/jpeg"}],"twitter_card":"summary_large_image","twitter_misc":{"\u01af\u1edbc t\u00ednh th\u1eddi gian \u0111\u1ecdc":"3 ph\u00fat"},"schema":{"@context":"https:\/\/schema.org","@graph":[{"@type":"WebSite","@id":"https:\/\/cokhitanminh.com\/may-dong-goi\/#website","url":"https:\/\/cokhitanminh.com\/may-dong-goi\/","name":"M\u00c1Y \u0110\u00d3NG G\u00d3I T\u00c2N MINH","description":"Chuy\u00ean gia m\u00e1y \u0111\u00f3ng g\u00f3i","potentialAction":[{"@type":"SearchAction","target":{"@type":"EntryPoint","urlTemplate":"https:\/\/cokhitanminh.com\/may-dong-goi\/?s={search_term_string}"},"query-input":"required name=search_term_string"}],"inLanguage":"vi"},{"@type":"ImageObject","@id":"https:\/\/cokhitanminh.com\/may-dong-goi\/may-hut-chan-khong-buong-sau-tmdg-5n5\/#primaryimage","inLanguage":"vi","url":"https:\/\/cokhitanminh.com\/may-dong-goi\/wp-content\/uploads\/2025\/04\/may-hut-chan-khong-buong-sau-TMDG-5N6-1-scaled.jpg","contentUrl":"https:\/\/cokhitanminh.com\/may-dong-goi\/wp-content\/uploads\/2025\/04\/may-hut-chan-khong-buong-sau-TMDG-5N6-1-scaled.jpg","width":2560,"height":2560},{"@type":"WebPage","@id":"https:\/\/cokhitanminh.com\/may-dong-goi\/may-hut-chan-khong-buong-sau-tmdg-5n5\/#webpage","url":"https:\/\/cokhitanminh.com\/may-dong-goi\/may-hut-chan-khong-buong-sau-tmdg-5n5\/","name":"M\u00e1y h\u00fat ch\u00e2n kh\u00f4ng bu\u1ed3ng s\u00e2u TMDG-5N5 - M\u00c1Y \u0110\u00d3NG G\u00d3I T\u00c2N MINH","isPartOf":{"@id":"https:\/\/cokhitanminh.com\/may-dong-goi\/#website"},"primaryImageOfPage":{"@id":"https:\/\/cokhitanminh.com\/may-dong-goi\/may-hut-chan-khong-buong-sau-tmdg-5n5\/#primaryimage"},"datePublished":"2025-04-10T09:22:56+00:00","dateModified":"2025-05-16T08:03:13+00:00","description":"M\u00e1y h\u00fat ch\u00e2n kh\u00f4ng bu\u1ed3ng s\u00e2u TMDG-5N5.Chi ti\u1ebft xin vui l\u00f2ng li\u00ean h\u1ec7 theo s\u1ed1 hotline 19002861-0967686911 \u0111\u1ec3 \u0111\u01b0\u1ee3c h\u1ed7 tr\u1ee3 t\u01b0 v\u1ea5n","breadcrumb":{"@id":"https:\/\/cokhitanminh.com\/may-dong-goi\/may-hut-chan-khong-buong-sau-tmdg-5n5\/#breadcrumb"},"inLanguage":"vi","potentialAction":[{"@type":"ReadAction","target":["https:\/\/cokhitanminh.com\/may-dong-goi\/may-hut-chan-khong-buong-sau-tmdg-5n5\/"]}]},{"@type":"BreadcrumbList","@id":"https:\/\/cokhitanminh.com\/may-dong-goi\/may-hut-chan-khong-buong-sau-tmdg-5n5\/#breadcrumb","itemListElement":[{"@type":"ListItem","position":1,"name":"Trang ch\u1ee7","item":"https:\/\/cokhitanminh.com\/may-dong-goi\/"},{"@type":"ListItem","position":2,"name":"C\u1eeda h\u00e0ng","item":"https:\/\/cokhitanminh.com\/may-dong-goi\/mua\/"},{"@type":"ListItem","position":3,"name":"M\u00e1y h\u00fat ch\u00e2n kh\u00f4ng bu\u1ed3ng s\u00e2u TMDG-5N5"}]}]}},"_links":{"self":[{"href":"https:\/\/cokhitanminh.com\/may-dong-goi\/wp-json\/wp\/v2\/product\/8904","targetHints":{"allow":["GET"]}}],"collection":[{"href":"https:\/\/cokhitanminh.com\/may-dong-goi\/wp-json\/wp\/v2\/product"}],"about":[{"href":"https:\/\/cokhitanminh.com\/may-dong-goi\/wp-json\/wp\/v2\/types\/product"}],"replies":[{"embeddable":true,"href":"https:\/\/cokhitanminh.com\/may-dong-goi\/wp-json\/wp\/v2\/comments?post=8904"}],"wp:featuredmedia":[{"embeddable":true,"href":"https:\/\/cokhitanminh.com\/may-dong-goi\/wp-json\/wp\/v2\/media\/8905"}],"wp:attachment":[{"href":"https:\/\/cokhitanminh.com\/may-dong-goi\/wp-json\/wp\/v2\/media?parent=8904"}],"curies":[{"name":"wp","href":"https:\/\/api.w.org\/{rel}","templated":true}]}}