{"id":8801,"date":"2024-12-13T02:36:23","date_gmt":"2024-12-13T02:36:23","guid":{"rendered":"https:\/\/cokhitanminh.com\/may-dong-goi\/?post_type=product&#038;p=8801"},"modified":"2025-03-17T02:58:20","modified_gmt":"2025-03-17T02:58:20","slug":"may-dinh-luong-truc-vit-tmdg-6r1","status":"publish","type":"product","link":"https:\/\/cokhitanminh.com\/may-dong-goi\/may-dinh-luong-truc-vit-tmdg-6r1\/","title":{"rendered":"M\u00e1y \u0111\u1ecbnh l\u01b0\u1ee3ng tr\u1ee5c v\u00edt (TM\u0110G-6R1)"},"content":{"rendered":"<p><a href=\"https:\/\/cokhitanminh.com\/may-dong-goi\/?post_type=product&amp;p=8801&amp;preview=true\">M\u00e1y \u0111\u1ecbnh l\u01b0\u1ee3ng c\u00e2n \u0111i\u1ec7n t\u1eed<\/a> (TM\u0110G-6R1)<span style=\"font-size: 120%;\">\u00a0\u0111\u01b0\u1ee3c C\u00f4ng Ty C\u01a1 Kh\u00ed T\u00e2n Minh nh\u1eadp kh\u1ea9u v\u00e0 ph\u00e2n ph\u1ed1i tr\u00ean to\u00e0n qu\u1ed1c. M\u00e1y \u0111\u01b0\u1ee3c \u1ee9ng d\u1ee5ng trong l\u0129nh v\u1ef1c <\/span><strong style=\"font-size: 120%;\"><em>M\u00e1y \u0110\u00f3ng G\u00f3i<\/em><\/strong><span style=\"font-size: 120%;\">. C\u00e1c s\u1ea3n ph\u1ea9m c\u1ee7a ch\u00fang t\u00f4i \u0111\u1ec1u \u0111\u01b0\u1ee3c ki\u1ec3m tra k\u1ef9 l\u01b0\u1ee1ng v\u00e0 v\u1eadn h\u00e0nh th\u1ef1c t\u1ebf \u0111\u1ec3 lu\u00f4n \u0111\u1ea3m b\u1ea3o ch\u1ea5t l\u01b0\u1ee3ng t\u1ed1t nh\u1ea5t tr\u01b0\u1edbc khi b\u00e0n giao thi\u1ebft b\u1ecb cho kh\u00e1ch h\u00e0ng.<\/span><\/p>\n<p><a href=\"https:\/\/cokhitanminh.com\/may-dong-goi\/wp-content\/uploads\/2024\/12\/IMG_0517-scaled.jpg\"><img loading=\"lazy\" decoding=\"async\" class=\"aligncenter wp-image-8802\" src=\"https:\/\/cokhitanminh.com\/may-dong-goi\/wp-content\/uploads\/2024\/12\/IMG_0517-scaled.jpg\" alt=\"\" width=\"600\" height=\"1069\" srcset=\"https:\/\/cokhitanminh.com\/may-dong-goi\/wp-content\/uploads\/2024\/12\/IMG_0517-scaled.jpg 1437w, https:\/\/cokhitanminh.com\/may-dong-goi\/wp-content\/uploads\/2024\/12\/IMG_0517-168x300.jpg 168w, https:\/\/cokhitanminh.com\/may-dong-goi\/wp-content\/uploads\/2024\/12\/IMG_0517-575x1024.jpg 575w, https:\/\/cokhitanminh.com\/may-dong-goi\/wp-content\/uploads\/2024\/12\/IMG_0517-768x1368.jpg 768w, https:\/\/cokhitanminh.com\/may-dong-goi\/wp-content\/uploads\/2024\/12\/IMG_0517-862x1536.jpg 862w, https:\/\/cokhitanminh.com\/may-dong-goi\/wp-content\/uploads\/2024\/12\/IMG_0517-1150x2048.jpg 1150w, https:\/\/cokhitanminh.com\/may-dong-goi\/wp-content\/uploads\/2024\/12\/IMG_0517-600x1069.jpg 600w\" sizes=\"auto, (max-width: 600px) 100vw, 600px\" \/><\/a><\/p>\n<p><a href=\"https:\/\/cokhitanminh.com\/may-dong-goi\/wp-content\/uploads\/2024\/12\/TMDG-6R1-2-scaled.jpg\"><img loading=\"lazy\" decoding=\"async\" class=\"aligncenter wp-image-8806\" src=\"https:\/\/cokhitanminh.com\/may-dong-goi\/wp-content\/uploads\/2024\/12\/TMDG-6R1-2-scaled.jpg\" alt=\"\" width=\"600\" height=\"1069\" srcset=\"https:\/\/cokhitanminh.com\/may-dong-goi\/wp-content\/uploads\/2024\/12\/TMDG-6R1-2-scaled.jpg 1437w, https:\/\/cokhitanminh.com\/may-dong-goi\/wp-content\/uploads\/2024\/12\/TMDG-6R1-2-168x300.jpg 168w, https:\/\/cokhitanminh.com\/may-dong-goi\/wp-content\/uploads\/2024\/12\/TMDG-6R1-2-575x1024.jpg 575w, https:\/\/cokhitanminh.com\/may-dong-goi\/wp-content\/uploads\/2024\/12\/TMDG-6R1-2-768x1368.jpg 768w, https:\/\/cokhitanminh.com\/may-dong-goi\/wp-content\/uploads\/2024\/12\/TMDG-6R1-2-862x1536.jpg 862w, https:\/\/cokhitanminh.com\/may-dong-goi\/wp-content\/uploads\/2024\/12\/TMDG-6R1-2-1150x2048.jpg 1150w, https:\/\/cokhitanminh.com\/may-dong-goi\/wp-content\/uploads\/2024\/12\/TMDG-6R1-2-600x1069.jpg 600w\" sizes=\"auto, (max-width: 600px) 100vw, 600px\" \/><\/a><\/p>\n<p><a href=\"https:\/\/cokhitanminh.com\/may-dong-goi\/wp-content\/uploads\/2024\/12\/TMDG-6R1-3-scaled.jpg\"><img loading=\"lazy\" decoding=\"async\" class=\"aligncenter wp-image-8807\" src=\"https:\/\/cokhitanminh.com\/may-dong-goi\/wp-content\/uploads\/2024\/12\/TMDG-6R1-3-scaled.jpg\" alt=\"\" width=\"600\" height=\"1069\" srcset=\"https:\/\/cokhitanminh.com\/may-dong-goi\/wp-content\/uploads\/2024\/12\/TMDG-6R1-3-scaled.jpg 1437w, https:\/\/cokhitanminh.com\/may-dong-goi\/wp-content\/uploads\/2024\/12\/TMDG-6R1-3-168x300.jpg 168w, https:\/\/cokhitanminh.com\/may-dong-goi\/wp-content\/uploads\/2024\/12\/TMDG-6R1-3-575x1024.jpg 575w, https:\/\/cokhitanminh.com\/may-dong-goi\/wp-content\/uploads\/2024\/12\/TMDG-6R1-3-768x1368.jpg 768w, https:\/\/cokhitanminh.com\/may-dong-goi\/wp-content\/uploads\/2024\/12\/TMDG-6R1-3-862x1536.jpg 862w, https:\/\/cokhitanminh.com\/may-dong-goi\/wp-content\/uploads\/2024\/12\/TMDG-6R1-3-1150x2048.jpg 1150w, https:\/\/cokhitanminh.com\/may-dong-goi\/wp-content\/uploads\/2024\/12\/TMDG-6R1-3-600x1069.jpg 600w\" sizes=\"auto, (max-width: 600px) 100vw, 600px\" \/><\/a> <a href=\"https:\/\/cokhitanminh.com\/may-dong-goi\/wp-content\/uploads\/2024\/12\/TMDG-6R1-4-scaled.jpg\"><img loading=\"lazy\" decoding=\"async\" class=\"aligncenter wp-image-8808\" src=\"https:\/\/cokhitanminh.com\/may-dong-goi\/wp-content\/uploads\/2024\/12\/TMDG-6R1-4-scaled.jpg\" alt=\"\" width=\"600\" height=\"1069\" srcset=\"https:\/\/cokhitanminh.com\/may-dong-goi\/wp-content\/uploads\/2024\/12\/TMDG-6R1-4-scaled.jpg 1437w, https:\/\/cokhitanminh.com\/may-dong-goi\/wp-content\/uploads\/2024\/12\/TMDG-6R1-4-168x300.jpg 168w, https:\/\/cokhitanminh.com\/may-dong-goi\/wp-content\/uploads\/2024\/12\/TMDG-6R1-4-575x1024.jpg 575w, https:\/\/cokhitanminh.com\/may-dong-goi\/wp-content\/uploads\/2024\/12\/TMDG-6R1-4-768x1368.jpg 768w, https:\/\/cokhitanminh.com\/may-dong-goi\/wp-content\/uploads\/2024\/12\/TMDG-6R1-4-862x1536.jpg 862w, https:\/\/cokhitanminh.com\/may-dong-goi\/wp-content\/uploads\/2024\/12\/TMDG-6R1-4-1150x2048.jpg 1150w, https:\/\/cokhitanminh.com\/may-dong-goi\/wp-content\/uploads\/2024\/12\/TMDG-6R1-4-600x1069.jpg 600w\" sizes=\"auto, (max-width: 600px) 100vw, 600px\" \/><\/a> <a href=\"https:\/\/cokhitanminh.com\/may-dong-goi\/wp-content\/uploads\/2024\/12\/TMDG-6R1-5-scaled.jpg\"><img loading=\"lazy\" decoding=\"async\" class=\"aligncenter wp-image-8809\" src=\"https:\/\/cokhitanminh.com\/may-dong-goi\/wp-content\/uploads\/2024\/12\/TMDG-6R1-5-scaled.jpg\" alt=\"\" width=\"600\" height=\"1069\" srcset=\"https:\/\/cokhitanminh.com\/may-dong-goi\/wp-content\/uploads\/2024\/12\/TMDG-6R1-5-scaled.jpg 1437w, https:\/\/cokhitanminh.com\/may-dong-goi\/wp-content\/uploads\/2024\/12\/TMDG-6R1-5-168x300.jpg 168w, https:\/\/cokhitanminh.com\/may-dong-goi\/wp-content\/uploads\/2024\/12\/TMDG-6R1-5-575x1024.jpg 575w, https:\/\/cokhitanminh.com\/may-dong-goi\/wp-content\/uploads\/2024\/12\/TMDG-6R1-5-768x1368.jpg 768w, https:\/\/cokhitanminh.com\/may-dong-goi\/wp-content\/uploads\/2024\/12\/TMDG-6R1-5-862x1536.jpg 862w, https:\/\/cokhitanminh.com\/may-dong-goi\/wp-content\/uploads\/2024\/12\/TMDG-6R1-5-1150x2048.jpg 1150w, https:\/\/cokhitanminh.com\/may-dong-goi\/wp-content\/uploads\/2024\/12\/TMDG-6R1-5-600x1069.jpg 600w\" sizes=\"auto, (max-width: 600px) 100vw, 600px\" \/><\/a> <a href=\"https:\/\/cokhitanminh.com\/may-dong-goi\/wp-content\/uploads\/2024\/12\/TMDG-6R1-6-scaled.jpg\"><img loading=\"lazy\" decoding=\"async\" class=\"aligncenter wp-image-8810\" src=\"https:\/\/cokhitanminh.com\/may-dong-goi\/wp-content\/uploads\/2024\/12\/TMDG-6R1-6-scaled.jpg\" alt=\"\" width=\"600\" height=\"1069\" srcset=\"https:\/\/cokhitanminh.com\/may-dong-goi\/wp-content\/uploads\/2024\/12\/TMDG-6R1-6-scaled.jpg 1437w, https:\/\/cokhitanminh.com\/may-dong-goi\/wp-content\/uploads\/2024\/12\/TMDG-6R1-6-168x300.jpg 168w, https:\/\/cokhitanminh.com\/may-dong-goi\/wp-content\/uploads\/2024\/12\/TMDG-6R1-6-575x1024.jpg 575w, https:\/\/cokhitanminh.com\/may-dong-goi\/wp-content\/uploads\/2024\/12\/TMDG-6R1-6-768x1368.jpg 768w, https:\/\/cokhitanminh.com\/may-dong-goi\/wp-content\/uploads\/2024\/12\/TMDG-6R1-6-862x1536.jpg 862w, https:\/\/cokhitanminh.com\/may-dong-goi\/wp-content\/uploads\/2024\/12\/TMDG-6R1-6-1150x2048.jpg 1150w, https:\/\/cokhitanminh.com\/may-dong-goi\/wp-content\/uploads\/2024\/12\/TMDG-6R1-6-600x1069.jpg 600w\" sizes=\"auto, (max-width: 600px) 100vw, 600px\" \/><\/a> <a href=\"https:\/\/cokhitanminh.com\/may-dong-goi\/wp-content\/uploads\/2024\/12\/TMDG-6R1-7-scaled.jpg\"><img loading=\"lazy\" decoding=\"async\" class=\"aligncenter wp-image-8811\" src=\"https:\/\/cokhitanminh.com\/may-dong-goi\/wp-content\/uploads\/2024\/12\/TMDG-6R1-7-scaled.jpg\" alt=\"\" width=\"600\" height=\"1069\" srcset=\"https:\/\/cokhitanminh.com\/may-dong-goi\/wp-content\/uploads\/2024\/12\/TMDG-6R1-7-scaled.jpg 1437w, https:\/\/cokhitanminh.com\/may-dong-goi\/wp-content\/uploads\/2024\/12\/TMDG-6R1-7-168x300.jpg 168w, https:\/\/cokhitanminh.com\/may-dong-goi\/wp-content\/uploads\/2024\/12\/TMDG-6R1-7-575x1024.jpg 575w, https:\/\/cokhitanminh.com\/may-dong-goi\/wp-content\/uploads\/2024\/12\/TMDG-6R1-7-768x1368.jpg 768w, https:\/\/cokhitanminh.com\/may-dong-goi\/wp-content\/uploads\/2024\/12\/TMDG-6R1-7-862x1536.jpg 862w, https:\/\/cokhitanminh.com\/may-dong-goi\/wp-content\/uploads\/2024\/12\/TMDG-6R1-7-1150x2048.jpg 1150w, https:\/\/cokhitanminh.com\/may-dong-goi\/wp-content\/uploads\/2024\/12\/TMDG-6R1-7-600x1069.jpg 600w\" sizes=\"auto, (max-width: 600px) 100vw, 600px\" \/><\/a><\/p>\n<p><strong>S\u1ea3n Ph\u1ea9m \u00e1p d\u1ee5ng\u00a0<\/strong><\/p>\n<p><a href=\"https:\/\/cokhitanminh.com\/may-dong-goi\/wp-content\/uploads\/2024\/12\/TMDG-6R1.jpg\"><img loading=\"lazy\" decoding=\"async\" class=\"aligncenter wp-image-8828\" src=\"https:\/\/cokhitanminh.com\/may-dong-goi\/wp-content\/uploads\/2024\/12\/TMDG-6R1.jpg\" alt=\"\" width=\"600\" height=\"226\" srcset=\"https:\/\/cokhitanminh.com\/may-dong-goi\/wp-content\/uploads\/2024\/12\/TMDG-6R1.jpg 675w, https:\/\/cokhitanminh.com\/may-dong-goi\/wp-content\/uploads\/2024\/12\/TMDG-6R1-300x113.jpg 300w, https:\/\/cokhitanminh.com\/may-dong-goi\/wp-content\/uploads\/2024\/12\/TMDG-6R1-600x226.jpg 600w\" sizes=\"auto, (max-width: 600px) 100vw, 600px\" \/><\/a><\/p>\n<p><strong>Th\u00f4ng s\u1ed1 k\u1ef9 thu\u1eadt:<\/strong><\/p>\n<p>&#8211; \u0110i\u1ec7n \u00e1p (V\/Hz) : 220V\/50Hz<\/p>\n<p>&#8211; C\u00f4ng Su\u1ea5t\u00a0\u00a0\u00a0\u00a0\u00a0\u00a0\u00a0 \u00a0: 1kW<\/p>\n<p>&#8211; N\u0103ng su\u00e2\u0301t\u00a0\u00a0\u00a0\u00a0\u00a0\u00a0\u00a0\u00a0 \u00a0: 10-30 s\u1ea3n ph\u1ea9m\/ph\u00fat<\/p>\n<p>&#8211; M\u1ee9c \u0111\u1ecbnh l\u01b0\u1ee3ng : 0.2g-5g (ph\u1ee5 thu\u1ed9c v\u00e0o nguy\u00ean li\u1ec7u)<\/p>\n<p>&#8211; Sai s\u1ed1\u00a0\u00a0\u00a0\u00a0\u00a0\u00a0\u00a0\u00a0\u00a0\u00a0\u00a0\u00a0\u00a0\u00a0\u00a0\u00a0 : \u00b110%<\/p>\n<p>&#8211; Dung t\u00edch ph\u1ec5u ch\u1ee9a: kho\u1ea3ng 6lit<\/p>\n<p>&#8211; K\u00edch th\u01b0\u1edbc m\u00e1y\u00a0 : 550*350*1250 (mm)<\/p>\n<p>&#8211; Tr\u1ecdng l\u01b0\u1ee3ng m\u00e1y: kho\u1ea3ng 62kg<\/p>\n<p>&#8211; V\u1eadt li\u1ec7u ch\u00ednh\u00a0\u00a0\u00a0\u00a0 : vo\u0309 ma\u0301y inox 304<\/p>\n<p>Xem th\u00eam: M\u00e1y \u0111\u1ecbnh l\u01b0\u1ee3ng tr\u1ee5c v\u00edt (TM\u0110G-6R1)<\/p>\n<p><span style=\"font-size: 120%;\">Chi ti\u1ebft xin vui l\u00f2ng li\u00ean h\u1ec7 theo s\u1ed1 hotline 19002861-0967686911 \u0111\u1ec3 \u0111\u01b0\u1ee3c h\u1ed7 tr\u1ee3 t\u01b0 v\u1ea5n ho\u00e0n to\u00e0n mi\u1ec5n ph\u00ed\u00a0<\/span><\/p>\n","protected":false},"excerpt":{"rendered":"<p>M\u00e1y \u0111\u1ecbnh l\u01b0\u1ee3ng c\u00e2n \u0111i\u1ec7n t\u1eed (TM\u0110G-6R1)\u00a0\u0111\u01b0\u1ee3c C\u00f4ng Ty C\u01a1 Kh\u00ed T\u00e2n Minh nh\u1eadp kh\u1ea9u v\u00e0 ph\u00e2n ph\u1ed1i tr\u00ean to\u00e0n qu\u1ed1c. M\u00e1y \u0111\u01b0\u1ee3c \u1ee9ng d\u1ee5ng trong l\u0129nh v\u1ef1c M\u00e1y \u0110\u00f3ng G\u00f3i. C\u00e1c s\u1ea3n ph\u1ea9m c\u1ee7a ch\u00fang t\u00f4i \u0111\u1ec1u \u0111\u01b0\u1ee3c ki\u1ec3m tra k\u1ef9 l\u01b0\u1ee1ng v\u00e0 v\u1eadn h\u00e0nh th\u1ef1c t\u1ebf \u0111\u1ec3 lu\u00f4n \u0111\u1ea3m b\u1ea3o ch\u1ea5t l\u01b0\u1ee3ng t\u1ed1t &#8230;<\/p>\n","protected":false},"featured_media":8803,"comment_status":"open","ping_status":"closed","template":"","meta":[],"class_list":{"0":"post-8801","1":"product","2":"type-product","3":"status-publish","4":"has-post-thumbnail","6":"product_cat-may-dinh-luong","8":"first","9":"instock","10":"shipping-taxable","11":"purchasable","12":"product-type-simple"},"brands":[],"yoast_head":"<!-- This site is optimized with the Yoast SEO plugin v17.6 - https:\/\/yoast.com\/wordpress\/plugins\/seo\/ -->\n<title>M\u00e1y \u0111\u1ecbnh l\u01b0\u1ee3ng tr\u1ee5c v\u00edt (TM\u0110G-6R1) - M\u00c1Y \u0110\u00d3NG G\u00d3I T\u00c2N MINH M\u00e1y \u0111\u1ecbnh l\u01b0\u1ee3ng c\u00e2n \u0111i\u1ec7n t\u1eed (TM\u0110G-6R1)<\/title>\n<meta name=\"description\" content=\"M\u00e1y \u0111\u1ecbnh l\u01b0\u1ee3ng tr\u1ee5c v\u00edt (TM\u0110G-6R1).Chi ti\u1ebft xin vui l\u00f2ng li\u00ean h\u1ec7 theo s\u1ed1 hotline 19002861-0967686911 \u0111\u1ec3 \u0111\u01b0\u1ee3c h\u1ed7 tr\u1ee3 t\u01b0 v\u1ea5n ho\u00e0n to\u00e0n mi\u1ec5n ph\u00ed\" \/>\n<meta name=\"robots\" content=\"index, follow, max-snippet:-1, max-image-preview:large, max-video-preview:-1\" \/>\n<link rel=\"canonical\" href=\"https:\/\/cokhitanminh.com\/may-dong-goi\/may-dinh-luong-truc-vit-tmdg-6r1\/\" \/>\n<meta property=\"og:locale\" content=\"vi_VN\" \/>\n<meta property=\"og:type\" content=\"article\" \/>\n<meta property=\"og:title\" content=\"M\u00e1y \u0111\u1ecbnh l\u01b0\u1ee3ng tr\u1ee5c v\u00edt (TM\u0110G-6R1) - M\u00c1Y \u0110\u00d3NG G\u00d3I T\u00c2N MINH M\u00e1y \u0111\u1ecbnh l\u01b0\u1ee3ng c\u00e2n \u0111i\u1ec7n t\u1eed (TM\u0110G-6R1)\" \/>\n<meta property=\"og:description\" content=\"M\u00e1y \u0111\u1ecbnh l\u01b0\u1ee3ng tr\u1ee5c v\u00edt (TM\u0110G-6R1).Chi ti\u1ebft xin vui l\u00f2ng li\u00ean h\u1ec7 theo s\u1ed1 hotline 19002861-0967686911 \u0111\u1ec3 \u0111\u01b0\u1ee3c h\u1ed7 tr\u1ee3 t\u01b0 v\u1ea5n ho\u00e0n to\u00e0n mi\u1ec5n ph\u00ed\" \/>\n<meta property=\"og:url\" content=\"https:\/\/cokhitanminh.com\/may-dong-goi\/may-dinh-luong-truc-vit-tmdg-6r1\/\" \/>\n<meta property=\"og:site_name\" content=\"M\u00c1Y \u0110\u00d3NG G\u00d3I T\u00c2N MINH\" \/>\n<meta property=\"article:modified_time\" content=\"2025-03-17T02:58:20+00:00\" \/>\n<meta property=\"og:image\" content=\"https:\/\/cokhitanminh.com\/may-dong-goi\/wp-content\/uploads\/2024\/12\/TMDG-6R1-1-scaled.jpg\" \/>\n\t<meta property=\"og:image:width\" content=\"1437\" \/>\n\t<meta property=\"og:image:height\" content=\"2560\" \/>\n<meta name=\"twitter:card\" content=\"summary_large_image\" \/>\n<meta name=\"twitter:label1\" content=\"\u01af\u1edbc t\u00ednh th\u1eddi gian \u0111\u1ecdc\" \/>\n\t<meta name=\"twitter:data1\" content=\"3 ph\u00fat\" \/>\n<script type=\"application\/ld+json\" class=\"yoast-schema-graph\">{\"@context\":\"https:\/\/schema.org\",\"@graph\":[{\"@type\":\"WebSite\",\"@id\":\"https:\/\/cokhitanminh.com\/may-dong-goi\/#website\",\"url\":\"https:\/\/cokhitanminh.com\/may-dong-goi\/\",\"name\":\"M\\u00c1Y \\u0110\\u00d3NG G\\u00d3I T\\u00c2N MINH\",\"description\":\"Chuy\\u00ean gia m\\u00e1y \\u0111\\u00f3ng g\\u00f3i\",\"potentialAction\":[{\"@type\":\"SearchAction\",\"target\":{\"@type\":\"EntryPoint\",\"urlTemplate\":\"https:\/\/cokhitanminh.com\/may-dong-goi\/?s={search_term_string}\"},\"query-input\":\"required name=search_term_string\"}],\"inLanguage\":\"vi\"},{\"@type\":\"ImageObject\",\"@id\":\"https:\/\/cokhitanminh.com\/may-dong-goi\/may-dinh-luong-truc-vit-tmdg-6r1\/#primaryimage\",\"inLanguage\":\"vi\",\"url\":\"https:\/\/cokhitanminh.com\/may-dong-goi\/wp-content\/uploads\/2024\/12\/TMDG-6R1-1-scaled.jpg\",\"contentUrl\":\"https:\/\/cokhitanminh.com\/may-dong-goi\/wp-content\/uploads\/2024\/12\/TMDG-6R1-1-scaled.jpg\",\"width\":1437,\"height\":2560},{\"@type\":\"WebPage\",\"@id\":\"https:\/\/cokhitanminh.com\/may-dong-goi\/may-dinh-luong-truc-vit-tmdg-6r1\/#webpage\",\"url\":\"https:\/\/cokhitanminh.com\/may-dong-goi\/may-dinh-luong-truc-vit-tmdg-6r1\/\",\"name\":\"M\\u00e1y \\u0111\\u1ecbnh l\\u01b0\\u1ee3ng tr\\u1ee5c v\\u00edt (TM\\u0110G-6R1) - M\\u00c1Y \\u0110\\u00d3NG G\\u00d3I T\\u00c2N MINH M\\u00e1y \\u0111\\u1ecbnh l\\u01b0\\u1ee3ng c\\u00e2n \\u0111i\\u1ec7n t\\u1eed (TM\\u0110G-6R1)\",\"isPartOf\":{\"@id\":\"https:\/\/cokhitanminh.com\/may-dong-goi\/#website\"},\"primaryImageOfPage\":{\"@id\":\"https:\/\/cokhitanminh.com\/may-dong-goi\/may-dinh-luong-truc-vit-tmdg-6r1\/#primaryimage\"},\"datePublished\":\"2024-12-13T02:36:23+00:00\",\"dateModified\":\"2025-03-17T02:58:20+00:00\",\"description\":\"M\\u00e1y \\u0111\\u1ecbnh l\\u01b0\\u1ee3ng tr\\u1ee5c v\\u00edt (TM\\u0110G-6R1).Chi ti\\u1ebft xin vui l\\u00f2ng li\\u00ean h\\u1ec7 theo s\\u1ed1 hotline 19002861-0967686911 \\u0111\\u1ec3 \\u0111\\u01b0\\u1ee3c h\\u1ed7 tr\\u1ee3 t\\u01b0 v\\u1ea5n ho\\u00e0n to\\u00e0n mi\\u1ec5n ph\\u00ed\",\"breadcrumb\":{\"@id\":\"https:\/\/cokhitanminh.com\/may-dong-goi\/may-dinh-luong-truc-vit-tmdg-6r1\/#breadcrumb\"},\"inLanguage\":\"vi\",\"potentialAction\":[{\"@type\":\"ReadAction\",\"target\":[\"https:\/\/cokhitanminh.com\/may-dong-goi\/may-dinh-luong-truc-vit-tmdg-6r1\/\"]}]},{\"@type\":\"BreadcrumbList\",\"@id\":\"https:\/\/cokhitanminh.com\/may-dong-goi\/may-dinh-luong-truc-vit-tmdg-6r1\/#breadcrumb\",\"itemListElement\":[{\"@type\":\"ListItem\",\"position\":1,\"name\":\"Trang ch\\u1ee7\",\"item\":\"https:\/\/cokhitanminh.com\/may-dong-goi\/\"},{\"@type\":\"ListItem\",\"position\":2,\"name\":\"C\\u1eeda h\\u00e0ng\",\"item\":\"https:\/\/cokhitanminh.com\/may-dong-goi\/mua\/\"},{\"@type\":\"ListItem\",\"position\":3,\"name\":\"M\\u00e1y \\u0111\\u1ecbnh l\\u01b0\\u1ee3ng tr\\u1ee5c v\\u00edt (TM\\u0110G-6R1)\"}]}]}<\/script>\n<!-- \/ Yoast SEO plugin. -->","yoast_head_json":{"title":"M\u00e1y \u0111\u1ecbnh l\u01b0\u1ee3ng tr\u1ee5c v\u00edt (TM\u0110G-6R1) - M\u00c1Y \u0110\u00d3NG G\u00d3I T\u00c2N MINH M\u00e1y \u0111\u1ecbnh l\u01b0\u1ee3ng c\u00e2n \u0111i\u1ec7n t\u1eed (TM\u0110G-6R1)","description":"M\u00e1y \u0111\u1ecbnh l\u01b0\u1ee3ng tr\u1ee5c v\u00edt (TM\u0110G-6R1).Chi ti\u1ebft xin vui l\u00f2ng li\u00ean h\u1ec7 theo s\u1ed1 hotline 19002861-0967686911 \u0111\u1ec3 \u0111\u01b0\u1ee3c h\u1ed7 tr\u1ee3 t\u01b0 v\u1ea5n ho\u00e0n to\u00e0n mi\u1ec5n ph\u00ed","robots":{"index":"index","follow":"follow","max-snippet":"max-snippet:-1","max-image-preview":"max-image-preview:large","max-video-preview":"max-video-preview:-1"},"canonical":"https:\/\/cokhitanminh.com\/may-dong-goi\/may-dinh-luong-truc-vit-tmdg-6r1\/","og_locale":"vi_VN","og_type":"article","og_title":"M\u00e1y \u0111\u1ecbnh l\u01b0\u1ee3ng tr\u1ee5c v\u00edt (TM\u0110G-6R1) - M\u00c1Y \u0110\u00d3NG G\u00d3I T\u00c2N MINH M\u00e1y \u0111\u1ecbnh l\u01b0\u1ee3ng c\u00e2n \u0111i\u1ec7n t\u1eed (TM\u0110G-6R1)","og_description":"M\u00e1y \u0111\u1ecbnh l\u01b0\u1ee3ng tr\u1ee5c v\u00edt (TM\u0110G-6R1).Chi ti\u1ebft xin vui l\u00f2ng li\u00ean h\u1ec7 theo s\u1ed1 hotline 19002861-0967686911 \u0111\u1ec3 \u0111\u01b0\u1ee3c h\u1ed7 tr\u1ee3 t\u01b0 v\u1ea5n ho\u00e0n to\u00e0n mi\u1ec5n ph\u00ed","og_url":"https:\/\/cokhitanminh.com\/may-dong-goi\/may-dinh-luong-truc-vit-tmdg-6r1\/","og_site_name":"M\u00c1Y \u0110\u00d3NG G\u00d3I T\u00c2N MINH","article_modified_time":"2025-03-17T02:58:20+00:00","og_image":[{"width":1437,"height":2560,"url":"https:\/\/cokhitanminh.com\/may-dong-goi\/wp-content\/uploads\/2024\/12\/TMDG-6R1-1-scaled.jpg","type":"image\/jpeg"}],"twitter_card":"summary_large_image","twitter_misc":{"\u01af\u1edbc t\u00ednh th\u1eddi gian \u0111\u1ecdc":"3 ph\u00fat"},"schema":{"@context":"https:\/\/schema.org","@graph":[{"@type":"WebSite","@id":"https:\/\/cokhitanminh.com\/may-dong-goi\/#website","url":"https:\/\/cokhitanminh.com\/may-dong-goi\/","name":"M\u00c1Y \u0110\u00d3NG G\u00d3I T\u00c2N MINH","description":"Chuy\u00ean gia m\u00e1y \u0111\u00f3ng g\u00f3i","potentialAction":[{"@type":"SearchAction","target":{"@type":"EntryPoint","urlTemplate":"https:\/\/cokhitanminh.com\/may-dong-goi\/?s={search_term_string}"},"query-input":"required name=search_term_string"}],"inLanguage":"vi"},{"@type":"ImageObject","@id":"https:\/\/cokhitanminh.com\/may-dong-goi\/may-dinh-luong-truc-vit-tmdg-6r1\/#primaryimage","inLanguage":"vi","url":"https:\/\/cokhitanminh.com\/may-dong-goi\/wp-content\/uploads\/2024\/12\/TMDG-6R1-1-scaled.jpg","contentUrl":"https:\/\/cokhitanminh.com\/may-dong-goi\/wp-content\/uploads\/2024\/12\/TMDG-6R1-1-scaled.jpg","width":1437,"height":2560},{"@type":"WebPage","@id":"https:\/\/cokhitanminh.com\/may-dong-goi\/may-dinh-luong-truc-vit-tmdg-6r1\/#webpage","url":"https:\/\/cokhitanminh.com\/may-dong-goi\/may-dinh-luong-truc-vit-tmdg-6r1\/","name":"M\u00e1y \u0111\u1ecbnh l\u01b0\u1ee3ng tr\u1ee5c v\u00edt (TM\u0110G-6R1) - M\u00c1Y \u0110\u00d3NG G\u00d3I T\u00c2N MINH M\u00e1y \u0111\u1ecbnh l\u01b0\u1ee3ng c\u00e2n \u0111i\u1ec7n t\u1eed (TM\u0110G-6R1)","isPartOf":{"@id":"https:\/\/cokhitanminh.com\/may-dong-goi\/#website"},"primaryImageOfPage":{"@id":"https:\/\/cokhitanminh.com\/may-dong-goi\/may-dinh-luong-truc-vit-tmdg-6r1\/#primaryimage"},"datePublished":"2024-12-13T02:36:23+00:00","dateModified":"2025-03-17T02:58:20+00:00","description":"M\u00e1y \u0111\u1ecbnh l\u01b0\u1ee3ng tr\u1ee5c v\u00edt (TM\u0110G-6R1).Chi ti\u1ebft xin vui l\u00f2ng li\u00ean h\u1ec7 theo s\u1ed1 hotline 19002861-0967686911 \u0111\u1ec3 \u0111\u01b0\u1ee3c h\u1ed7 tr\u1ee3 t\u01b0 v\u1ea5n ho\u00e0n to\u00e0n mi\u1ec5n ph\u00ed","breadcrumb":{"@id":"https:\/\/cokhitanminh.com\/may-dong-goi\/may-dinh-luong-truc-vit-tmdg-6r1\/#breadcrumb"},"inLanguage":"vi","potentialAction":[{"@type":"ReadAction","target":["https:\/\/cokhitanminh.com\/may-dong-goi\/may-dinh-luong-truc-vit-tmdg-6r1\/"]}]},{"@type":"BreadcrumbList","@id":"https:\/\/cokhitanminh.com\/may-dong-goi\/may-dinh-luong-truc-vit-tmdg-6r1\/#breadcrumb","itemListElement":[{"@type":"ListItem","position":1,"name":"Trang ch\u1ee7","item":"https:\/\/cokhitanminh.com\/may-dong-goi\/"},{"@type":"ListItem","position":2,"name":"C\u1eeda h\u00e0ng","item":"https:\/\/cokhitanminh.com\/may-dong-goi\/mua\/"},{"@type":"ListItem","position":3,"name":"M\u00e1y \u0111\u1ecbnh l\u01b0\u1ee3ng tr\u1ee5c v\u00edt (TM\u0110G-6R1)"}]}]}},"_links":{"self":[{"href":"https:\/\/cokhitanminh.com\/may-dong-goi\/wp-json\/wp\/v2\/product\/8801","targetHints":{"allow":["GET"]}}],"collection":[{"href":"https:\/\/cokhitanminh.com\/may-dong-goi\/wp-json\/wp\/v2\/product"}],"about":[{"href":"https:\/\/cokhitanminh.com\/may-dong-goi\/wp-json\/wp\/v2\/types\/product"}],"replies":[{"embeddable":true,"href":"https:\/\/cokhitanminh.com\/may-dong-goi\/wp-json\/wp\/v2\/comments?post=8801"}],"wp:featuredmedia":[{"embeddable":true,"href":"https:\/\/cokhitanminh.com\/may-dong-goi\/wp-json\/wp\/v2\/media\/8803"}],"wp:attachment":[{"href":"https:\/\/cokhitanminh.com\/may-dong-goi\/wp-json\/wp\/v2\/media?parent=8801"}],"curies":[{"name":"wp","href":"https:\/\/api.w.org\/{rel}","templated":true}]}}