{"id":8699,"date":"2023-07-19T03:19:22","date_gmt":"2023-07-19T03:19:22","guid":{"rendered":"https:\/\/cokhitanminh.com\/may-dong-goi\/?post_type=product&#038;p=8699"},"modified":"2023-10-18T06:55:36","modified_gmt":"2023-10-18T06:55:36","slug":"may-do-tim-kim-loai-tmdc-kl01","status":"publish","type":"product","link":"https:\/\/cokhitanminh.com\/may-dong-goi\/may-do-tim-kim-loai-tmdc-kl01\/","title":{"rendered":"M\u00e1y d\u00f2 t\u00ecm kim lo\u1ea1i (TMDC-KL01)"},"content":{"rendered":"<p><b>M\u00e1y d\u00f2<\/b>\u00a0<b>kim lo\u1ea1i<\/b>\u00a0<b>l\u00e0<\/b>\u00a0thi\u1ebft b\u1ecb kh\u00f4ng th\u1ec3 thi\u1ebfu t\u1ea1i c\u00e1c s\u00e2n bay, nh\u00e0 ga, b\u1ebfn c\u1ea3ng \u0111\u1ec3 \u0111\u1ea3m b\u1ea3o an ninh. B\u00ean c\u1ea1nh \u0111\u00f3, thi\u1ebft b\u1ecb h\u1eefu \u00edch n\u00e0y gi\u00fap \u00edch trong qu\u00e1 tr\u00ecnh t\u00ecm ki\u1ebfm \u0111\u1ed3 c\u1ed5,\u00a0<b>kim lo\u1ea1i<\/b>\u00a0c\u00f3 gi\u00e1 tr\u1ecb nh\u01b0 v\u00e0ng, b\u1ea1c \u0111\u01b0\u1ee3c ch\u00f4n s\u00e2u d\u01b0\u1edbi l\u00f2ng \u0111\u1ea5t.<\/p>\n<p><em><strong>M\u00e1y d\u00f2 t\u00ecm kim lo\u1ea1i (TMDC-KL01)<\/strong><\/em>\u00a0\u0111\u01b0\u1ee3c C\u00f4ng Ty C\u01a1 Kh\u00ed T\u00e2n Minh s\u1ea3n xu\u1ea5t v\u00e0 ph\u00e2n ph\u1ed1i tr\u00ean to\u00e0n qu\u1ed1c. C\u00e1c s\u1ea3n ph\u1ea9m c\u1ee7a ch\u00fang t\u00f4i \u0111\u1ec1u \u0111\u01b0\u1ee3c ki\u1ec3m tra k\u1ef9 l\u01b0\u1ee1ng v\u00e0 v\u1eadn h\u00e0nh th\u1ef1c t\u1ebf \u0111\u1ec3 lu\u00f4n \u0111\u1ea3m b\u1ea3o ch\u1ea5t l\u01b0\u1ee3ng t\u1ed1t nh\u1ea5t tr\u01b0\u1edbc khi b\u00e0n giao thi\u1ebft b\u1ecb cho kh\u00e1ch h\u00e0ng.<\/p>\n<p style=\"text-align: center;\"><img loading=\"lazy\" decoding=\"async\" class=\"size-full wp-image-8700 aligncenter\" src=\"https:\/\/cokhitanminh.com\/may-dong-goi\/wp-content\/uploads\/2023\/07\/may-do-tim-kim-loai-tmdc-kl01-2.jpg\" alt=\"\" width=\"750\" height=\"350\" srcset=\"https:\/\/cokhitanminh.com\/may-dong-goi\/wp-content\/uploads\/2023\/07\/may-do-tim-kim-loai-tmdc-kl01-2.jpg 750w, https:\/\/cokhitanminh.com\/may-dong-goi\/wp-content\/uploads\/2023\/07\/may-do-tim-kim-loai-tmdc-kl01-2-300x140.jpg 300w, https:\/\/cokhitanminh.com\/may-dong-goi\/wp-content\/uploads\/2023\/07\/may-do-tim-kim-loai-tmdc-kl01-2-600x280.jpg 600w\" sizes=\"auto, (max-width: 750px) 100vw, 750px\" \/><\/p>\n<p style=\"text-align: center;\"><img loading=\"lazy\" decoding=\"async\" class=\"size-full wp-image-8701 aligncenter\" src=\"https:\/\/cokhitanminh.com\/may-dong-goi\/wp-content\/uploads\/2023\/07\/may-do-tim-kim-loai-tmdc-kl01-3.jpg\" alt=\"\" width=\"600\" height=\"337\" srcset=\"https:\/\/cokhitanminh.com\/may-dong-goi\/wp-content\/uploads\/2023\/07\/may-do-tim-kim-loai-tmdc-kl01-3.jpg 600w, https:\/\/cokhitanminh.com\/may-dong-goi\/wp-content\/uploads\/2023\/07\/may-do-tim-kim-loai-tmdc-kl01-3-300x169.jpg 300w\" sizes=\"auto, (max-width: 600px) 100vw, 600px\" \/><\/p>\n<p style=\"text-align: center;\"><img loading=\"lazy\" decoding=\"async\" class=\"size-full wp-image-8702 aligncenter\" src=\"https:\/\/cokhitanminh.com\/may-dong-goi\/wp-content\/uploads\/2023\/07\/may-do-tim-kim-loai-tmdc-kl01-4.jpg\" alt=\"\" width=\"600\" height=\"337\" srcset=\"https:\/\/cokhitanminh.com\/may-dong-goi\/wp-content\/uploads\/2023\/07\/may-do-tim-kim-loai-tmdc-kl01-4.jpg 600w, https:\/\/cokhitanminh.com\/may-dong-goi\/wp-content\/uploads\/2023\/07\/may-do-tim-kim-loai-tmdc-kl01-4-300x169.jpg 300w\" sizes=\"auto, (max-width: 600px) 100vw, 600px\" \/><\/p>\n<p style=\"text-align: center;\"><img loading=\"lazy\" decoding=\"async\" class=\"size-full wp-image-8703 aligncenter\" src=\"https:\/\/cokhitanminh.com\/may-dong-goi\/wp-content\/uploads\/2023\/07\/may-do-tim-kim-loai-tmdc-kl01-5.jpg\" alt=\"\" width=\"600\" height=\"517\" srcset=\"https:\/\/cokhitanminh.com\/may-dong-goi\/wp-content\/uploads\/2023\/07\/may-do-tim-kim-loai-tmdc-kl01-5.jpg 600w, https:\/\/cokhitanminh.com\/may-dong-goi\/wp-content\/uploads\/2023\/07\/may-do-tim-kim-loai-tmdc-kl01-5-300x259.jpg 300w\" sizes=\"auto, (max-width: 600px) 100vw, 600px\" \/><\/p>\n<p style=\"text-align: center;\"><img loading=\"lazy\" decoding=\"async\" class=\"size-full wp-image-8704 aligncenter\" src=\"https:\/\/cokhitanminh.com\/may-dong-goi\/wp-content\/uploads\/2023\/07\/may-do-tim-kim-loai-tmdc-kl01-6.jpg\" alt=\"\" width=\"600\" height=\"337\" srcset=\"https:\/\/cokhitanminh.com\/may-dong-goi\/wp-content\/uploads\/2023\/07\/may-do-tim-kim-loai-tmdc-kl01-6.jpg 600w, https:\/\/cokhitanminh.com\/may-dong-goi\/wp-content\/uploads\/2023\/07\/may-do-tim-kim-loai-tmdc-kl01-6-300x169.jpg 300w\" sizes=\"auto, (max-width: 600px) 100vw, 600px\" \/><\/p>\n<p style=\"text-align: center;\"><img loading=\"lazy\" decoding=\"async\" class=\"size-full wp-image-8705 aligncenter\" src=\"https:\/\/cokhitanminh.com\/may-dong-goi\/wp-content\/uploads\/2023\/07\/may-do-tim-kim-loai-tmdc-kl01-7.jpg\" alt=\"\" width=\"600\" height=\"446\" srcset=\"https:\/\/cokhitanminh.com\/may-dong-goi\/wp-content\/uploads\/2023\/07\/may-do-tim-kim-loai-tmdc-kl01-7.jpg 600w, https:\/\/cokhitanminh.com\/may-dong-goi\/wp-content\/uploads\/2023\/07\/may-do-tim-kim-loai-tmdc-kl01-7-300x223.jpg 300w\" sizes=\"auto, (max-width: 600px) 100vw, 600px\" \/><\/p>\n<p style=\"text-align: left;\"><img loading=\"lazy\" decoding=\"async\" class=\"size-full wp-image-8706 aligncenter\" src=\"https:\/\/cokhitanminh.com\/may-dong-goi\/wp-content\/uploads\/2023\/07\/may-do-tim-kim-loai-tmdc-kl01-8.jpg\" alt=\"\" width=\"600\" height=\"460\" srcset=\"https:\/\/cokhitanminh.com\/may-dong-goi\/wp-content\/uploads\/2023\/07\/may-do-tim-kim-loai-tmdc-kl01-8.jpg 600w, https:\/\/cokhitanminh.com\/may-dong-goi\/wp-content\/uploads\/2023\/07\/may-do-tim-kim-loai-tmdc-kl01-8-300x230.jpg 300w\" sizes=\"auto, (max-width: 600px) 100vw, 600px\" \/>Th\u00f4ng s\u1ed1 k\u1ef9 thu\u1eadt:<\/p>\n<p style=\"text-align: center;\"><img loading=\"lazy\" decoding=\"async\" class=\"aligncenter wp-image-8707\" src=\"https:\/\/cokhitanminh.com\/may-dong-goi\/wp-content\/uploads\/2023\/07\/may-do-tim-kim-loai-tmdc-kl01-9.jpg\" alt=\"\" width=\"750\" height=\"261\" srcset=\"https:\/\/cokhitanminh.com\/may-dong-goi\/wp-content\/uploads\/2023\/07\/may-do-tim-kim-loai-tmdc-kl01-9.jpg 1067w, https:\/\/cokhitanminh.com\/may-dong-goi\/wp-content\/uploads\/2023\/07\/may-do-tim-kim-loai-tmdc-kl01-9-300x104.jpg 300w, https:\/\/cokhitanminh.com\/may-dong-goi\/wp-content\/uploads\/2023\/07\/may-do-tim-kim-loai-tmdc-kl01-9-1024x356.jpg 1024w, https:\/\/cokhitanminh.com\/may-dong-goi\/wp-content\/uploads\/2023\/07\/may-do-tim-kim-loai-tmdc-kl01-9-768x267.jpg 768w, https:\/\/cokhitanminh.com\/may-dong-goi\/wp-content\/uploads\/2023\/07\/may-do-tim-kim-loai-tmdc-kl01-9-600x209.jpg 600w\" sizes=\"auto, (max-width: 750px) 100vw, 750px\" \/><\/p>\n<p>M\u1ecdi th\u00f4ng tin chi ti\u1ebft v\u1ec1\u00a0<em><strong>M\u00e1y d\u00f2 t\u00ecm kim lo\u1ea1i (TMDC-KL01)\u00a0<\/strong><\/em>vui l\u00f2ng li\u00ean h\u1ec7 Hotline: 1900.2861 \u2013 0967.68.69.11 \u0111\u1ec3 \u0111\u01b0\u1ee3c h\u1ed7 tr\u1ee3 t\u01b0 v\u1ea5n ho\u00e0n to\u00e0n mi\u1ec5n ph\u00ed !<\/p>\n","protected":false},"excerpt":{"rendered":"<p>M\u00e1y d\u00f2\u00a0kim lo\u1ea1i\u00a0l\u00e0\u00a0thi\u1ebft b\u1ecb kh\u00f4ng th\u1ec3 thi\u1ebfu t\u1ea1i c\u00e1c s\u00e2n bay, nh\u00e0 ga, b\u1ebfn c\u1ea3ng \u0111\u1ec3 \u0111\u1ea3m b\u1ea3o an ninh. B\u00ean c\u1ea1nh \u0111\u00f3, thi\u1ebft b\u1ecb h\u1eefu \u00edch n\u00e0y gi\u00fap \u00edch trong qu\u00e1 tr\u00ecnh t\u00ecm ki\u1ebfm \u0111\u1ed3 c\u1ed5,\u00a0kim lo\u1ea1i\u00a0c\u00f3 gi\u00e1 tr\u1ecb nh\u01b0 v\u00e0ng, b\u1ea1c \u0111\u01b0\u1ee3c ch\u00f4n s\u00e2u d\u01b0\u1edbi l\u00f2ng \u0111\u1ea5t. M\u00e1y d\u00f2 t\u00ecm kim lo\u1ea1i (TMDC-KL01)\u00a0\u0111\u01b0\u1ee3c &#8230;<\/p>\n","protected":false},"featured_media":8708,"comment_status":"open","ping_status":"closed","template":"","meta":[],"class_list":{"0":"post-8699","1":"product","2":"type-product","3":"status-publish","4":"has-post-thumbnail","6":"product_cat-may-do-kim-loai","8":"first","9":"instock","10":"shipping-taxable","11":"purchasable","12":"product-type-simple"},"brands":[],"yoast_head":"<!-- This site is optimized with the Yoast SEO plugin v17.6 - https:\/\/yoast.com\/wordpress\/plugins\/seo\/ -->\n<title>M\u00e1y d\u00f2 t\u00ecm kim lo\u1ea1i (TMDC-KL01) - M\u00c1Y \u0110\u00d3NG G\u00d3I T\u00c2N MINH<\/title>\n<meta name=\"description\" content=\"M\u1ecdi th\u00f4ng tin chi ti\u1ebft v\u1ec1 M\u00e1y d\u00f2 t\u00ecm kim lo\u1ea1i (TMDC-KL01) vui l\u00f2ng li\u00ean h\u1ec7 Hotline: 1900.2861 \u2013 0967.68.69.11 \u0111\u1ec3 \u0111\u01b0\u1ee3c h\u1ed7 tr\u1ee3 t\u01b0 v\u1ea5n ho\u00e0n to\u00e0n mi\u1ec5n ph\u00ed !\" \/>\n<meta name=\"robots\" content=\"index, follow, max-snippet:-1, max-image-preview:large, max-video-preview:-1\" \/>\n<link rel=\"canonical\" href=\"https:\/\/cokhitanminh.com\/may-dong-goi\/may-do-tim-kim-loai-tmdc-kl01\/\" \/>\n<meta property=\"og:locale\" content=\"vi_VN\" \/>\n<meta property=\"og:type\" content=\"article\" \/>\n<meta property=\"og:title\" content=\"M\u00e1y d\u00f2 t\u00ecm kim lo\u1ea1i (TMDC-KL01) - M\u00c1Y \u0110\u00d3NG G\u00d3I T\u00c2N MINH\" \/>\n<meta property=\"og:description\" content=\"M\u1ecdi th\u00f4ng tin chi ti\u1ebft v\u1ec1 M\u00e1y d\u00f2 t\u00ecm kim lo\u1ea1i (TMDC-KL01) vui l\u00f2ng li\u00ean h\u1ec7 Hotline: 1900.2861 \u2013 0967.68.69.11 \u0111\u1ec3 \u0111\u01b0\u1ee3c h\u1ed7 tr\u1ee3 t\u01b0 v\u1ea5n ho\u00e0n to\u00e0n mi\u1ec5n ph\u00ed !\" \/>\n<meta property=\"og:url\" content=\"https:\/\/cokhitanminh.com\/may-dong-goi\/may-do-tim-kim-loai-tmdc-kl01\/\" \/>\n<meta property=\"og:site_name\" content=\"M\u00c1Y \u0110\u00d3NG G\u00d3I T\u00c2N MINH\" \/>\n<meta property=\"article:modified_time\" content=\"2023-10-18T06:55:36+00:00\" \/>\n<meta property=\"og:image\" content=\"https:\/\/cokhitanminh.com\/may-dong-goi\/wp-content\/uploads\/2023\/07\/may-do-tim-kim-loai-tmdc-kl01-1.jpg\" \/>\n\t<meta property=\"og:image:width\" content=\"600\" \/>\n\t<meta property=\"og:image:height\" content=\"599\" \/>\n<meta name=\"twitter:card\" content=\"summary_large_image\" \/>\n<meta name=\"twitter:label1\" content=\"\u01af\u1edbc t\u00ednh th\u1eddi gian \u0111\u1ecdc\" \/>\n\t<meta name=\"twitter:data1\" content=\"3 ph\u00fat\" \/>\n<script type=\"application\/ld+json\" class=\"yoast-schema-graph\">{\"@context\":\"https:\/\/schema.org\",\"@graph\":[{\"@type\":\"WebSite\",\"@id\":\"https:\/\/cokhitanminh.com\/may-dong-goi\/#website\",\"url\":\"https:\/\/cokhitanminh.com\/may-dong-goi\/\",\"name\":\"M\\u00c1Y \\u0110\\u00d3NG G\\u00d3I T\\u00c2N MINH\",\"description\":\"Chuy\\u00ean gia m\\u00e1y \\u0111\\u00f3ng g\\u00f3i\",\"potentialAction\":[{\"@type\":\"SearchAction\",\"target\":{\"@type\":\"EntryPoint\",\"urlTemplate\":\"https:\/\/cokhitanminh.com\/may-dong-goi\/?s={search_term_string}\"},\"query-input\":\"required name=search_term_string\"}],\"inLanguage\":\"vi\"},{\"@type\":\"ImageObject\",\"@id\":\"https:\/\/cokhitanminh.com\/may-dong-goi\/may-do-tim-kim-loai-tmdc-kl01\/#primaryimage\",\"inLanguage\":\"vi\",\"url\":\"https:\/\/cokhitanminh.com\/may-dong-goi\/wp-content\/uploads\/2023\/07\/may-do-tim-kim-loai-tmdc-kl01-1.jpg\",\"contentUrl\":\"https:\/\/cokhitanminh.com\/may-dong-goi\/wp-content\/uploads\/2023\/07\/may-do-tim-kim-loai-tmdc-kl01-1.jpg\",\"width\":600,\"height\":599},{\"@type\":\"WebPage\",\"@id\":\"https:\/\/cokhitanminh.com\/may-dong-goi\/may-do-tim-kim-loai-tmdc-kl01\/#webpage\",\"url\":\"https:\/\/cokhitanminh.com\/may-dong-goi\/may-do-tim-kim-loai-tmdc-kl01\/\",\"name\":\"M\\u00e1y d\\u00f2 t\\u00ecm kim lo\\u1ea1i (TMDC-KL01) - M\\u00c1Y \\u0110\\u00d3NG G\\u00d3I T\\u00c2N MINH\",\"isPartOf\":{\"@id\":\"https:\/\/cokhitanminh.com\/may-dong-goi\/#website\"},\"primaryImageOfPage\":{\"@id\":\"https:\/\/cokhitanminh.com\/may-dong-goi\/may-do-tim-kim-loai-tmdc-kl01\/#primaryimage\"},\"datePublished\":\"2023-07-19T03:19:22+00:00\",\"dateModified\":\"2023-10-18T06:55:36+00:00\",\"description\":\"M\\u1ecdi th\\u00f4ng tin chi ti\\u1ebft v\\u1ec1 M\\u00e1y d\\u00f2 t\\u00ecm kim lo\\u1ea1i (TMDC-KL01) vui l\\u00f2ng li\\u00ean h\\u1ec7 Hotline: 1900.2861 \\u2013 0967.68.69.11 \\u0111\\u1ec3 \\u0111\\u01b0\\u1ee3c h\\u1ed7 tr\\u1ee3 t\\u01b0 v\\u1ea5n ho\\u00e0n to\\u00e0n mi\\u1ec5n ph\\u00ed !\",\"breadcrumb\":{\"@id\":\"https:\/\/cokhitanminh.com\/may-dong-goi\/may-do-tim-kim-loai-tmdc-kl01\/#breadcrumb\"},\"inLanguage\":\"vi\",\"potentialAction\":[{\"@type\":\"ReadAction\",\"target\":[\"https:\/\/cokhitanminh.com\/may-dong-goi\/may-do-tim-kim-loai-tmdc-kl01\/\"]}]},{\"@type\":\"BreadcrumbList\",\"@id\":\"https:\/\/cokhitanminh.com\/may-dong-goi\/may-do-tim-kim-loai-tmdc-kl01\/#breadcrumb\",\"itemListElement\":[{\"@type\":\"ListItem\",\"position\":1,\"name\":\"Trang ch\\u1ee7\",\"item\":\"https:\/\/cokhitanminh.com\/may-dong-goi\/\"},{\"@type\":\"ListItem\",\"position\":2,\"name\":\"C\\u1eeda h\\u00e0ng\",\"item\":\"https:\/\/cokhitanminh.com\/may-dong-goi\/mua\/\"},{\"@type\":\"ListItem\",\"position\":3,\"name\":\"M\\u00e1y d\\u00f2 t\\u00ecm kim lo\\u1ea1i (TMDC-KL01)\"}]}]}<\/script>\n<!-- \/ Yoast SEO plugin. -->","yoast_head_json":{"title":"M\u00e1y d\u00f2 t\u00ecm kim lo\u1ea1i (TMDC-KL01) - M\u00c1Y \u0110\u00d3NG G\u00d3I T\u00c2N MINH","description":"M\u1ecdi th\u00f4ng tin chi ti\u1ebft v\u1ec1 M\u00e1y d\u00f2 t\u00ecm kim lo\u1ea1i (TMDC-KL01) vui l\u00f2ng li\u00ean h\u1ec7 Hotline: 1900.2861 \u2013 0967.68.69.11 \u0111\u1ec3 \u0111\u01b0\u1ee3c h\u1ed7 tr\u1ee3 t\u01b0 v\u1ea5n ho\u00e0n to\u00e0n mi\u1ec5n ph\u00ed !","robots":{"index":"index","follow":"follow","max-snippet":"max-snippet:-1","max-image-preview":"max-image-preview:large","max-video-preview":"max-video-preview:-1"},"canonical":"https:\/\/cokhitanminh.com\/may-dong-goi\/may-do-tim-kim-loai-tmdc-kl01\/","og_locale":"vi_VN","og_type":"article","og_title":"M\u00e1y d\u00f2 t\u00ecm kim lo\u1ea1i (TMDC-KL01) - M\u00c1Y \u0110\u00d3NG G\u00d3I T\u00c2N MINH","og_description":"M\u1ecdi th\u00f4ng tin chi ti\u1ebft v\u1ec1 M\u00e1y d\u00f2 t\u00ecm kim lo\u1ea1i (TMDC-KL01) vui l\u00f2ng li\u00ean h\u1ec7 Hotline: 1900.2861 \u2013 0967.68.69.11 \u0111\u1ec3 \u0111\u01b0\u1ee3c h\u1ed7 tr\u1ee3 t\u01b0 v\u1ea5n ho\u00e0n to\u00e0n mi\u1ec5n ph\u00ed !","og_url":"https:\/\/cokhitanminh.com\/may-dong-goi\/may-do-tim-kim-loai-tmdc-kl01\/","og_site_name":"M\u00c1Y \u0110\u00d3NG G\u00d3I T\u00c2N MINH","article_modified_time":"2023-10-18T06:55:36+00:00","og_image":[{"width":600,"height":599,"url":"https:\/\/cokhitanminh.com\/may-dong-goi\/wp-content\/uploads\/2023\/07\/may-do-tim-kim-loai-tmdc-kl01-1.jpg","type":"image\/jpeg"}],"twitter_card":"summary_large_image","twitter_misc":{"\u01af\u1edbc t\u00ednh th\u1eddi gian \u0111\u1ecdc":"3 ph\u00fat"},"schema":{"@context":"https:\/\/schema.org","@graph":[{"@type":"WebSite","@id":"https:\/\/cokhitanminh.com\/may-dong-goi\/#website","url":"https:\/\/cokhitanminh.com\/may-dong-goi\/","name":"M\u00c1Y \u0110\u00d3NG G\u00d3I T\u00c2N MINH","description":"Chuy\u00ean gia m\u00e1y \u0111\u00f3ng g\u00f3i","potentialAction":[{"@type":"SearchAction","target":{"@type":"EntryPoint","urlTemplate":"https:\/\/cokhitanminh.com\/may-dong-goi\/?s={search_term_string}"},"query-input":"required name=search_term_string"}],"inLanguage":"vi"},{"@type":"ImageObject","@id":"https:\/\/cokhitanminh.com\/may-dong-goi\/may-do-tim-kim-loai-tmdc-kl01\/#primaryimage","inLanguage":"vi","url":"https:\/\/cokhitanminh.com\/may-dong-goi\/wp-content\/uploads\/2023\/07\/may-do-tim-kim-loai-tmdc-kl01-1.jpg","contentUrl":"https:\/\/cokhitanminh.com\/may-dong-goi\/wp-content\/uploads\/2023\/07\/may-do-tim-kim-loai-tmdc-kl01-1.jpg","width":600,"height":599},{"@type":"WebPage","@id":"https:\/\/cokhitanminh.com\/may-dong-goi\/may-do-tim-kim-loai-tmdc-kl01\/#webpage","url":"https:\/\/cokhitanminh.com\/may-dong-goi\/may-do-tim-kim-loai-tmdc-kl01\/","name":"M\u00e1y d\u00f2 t\u00ecm kim lo\u1ea1i (TMDC-KL01) - M\u00c1Y \u0110\u00d3NG G\u00d3I T\u00c2N MINH","isPartOf":{"@id":"https:\/\/cokhitanminh.com\/may-dong-goi\/#website"},"primaryImageOfPage":{"@id":"https:\/\/cokhitanminh.com\/may-dong-goi\/may-do-tim-kim-loai-tmdc-kl01\/#primaryimage"},"datePublished":"2023-07-19T03:19:22+00:00","dateModified":"2023-10-18T06:55:36+00:00","description":"M\u1ecdi th\u00f4ng tin chi ti\u1ebft v\u1ec1 M\u00e1y d\u00f2 t\u00ecm kim lo\u1ea1i (TMDC-KL01) vui l\u00f2ng li\u00ean h\u1ec7 Hotline: 1900.2861 \u2013 0967.68.69.11 \u0111\u1ec3 \u0111\u01b0\u1ee3c h\u1ed7 tr\u1ee3 t\u01b0 v\u1ea5n ho\u00e0n to\u00e0n mi\u1ec5n ph\u00ed !","breadcrumb":{"@id":"https:\/\/cokhitanminh.com\/may-dong-goi\/may-do-tim-kim-loai-tmdc-kl01\/#breadcrumb"},"inLanguage":"vi","potentialAction":[{"@type":"ReadAction","target":["https:\/\/cokhitanminh.com\/may-dong-goi\/may-do-tim-kim-loai-tmdc-kl01\/"]}]},{"@type":"BreadcrumbList","@id":"https:\/\/cokhitanminh.com\/may-dong-goi\/may-do-tim-kim-loai-tmdc-kl01\/#breadcrumb","itemListElement":[{"@type":"ListItem","position":1,"name":"Trang ch\u1ee7","item":"https:\/\/cokhitanminh.com\/may-dong-goi\/"},{"@type":"ListItem","position":2,"name":"C\u1eeda h\u00e0ng","item":"https:\/\/cokhitanminh.com\/may-dong-goi\/mua\/"},{"@type":"ListItem","position":3,"name":"M\u00e1y d\u00f2 t\u00ecm kim lo\u1ea1i (TMDC-KL01)"}]}]}},"_links":{"self":[{"href":"https:\/\/cokhitanminh.com\/may-dong-goi\/wp-json\/wp\/v2\/product\/8699","targetHints":{"allow":["GET"]}}],"collection":[{"href":"https:\/\/cokhitanminh.com\/may-dong-goi\/wp-json\/wp\/v2\/product"}],"about":[{"href":"https:\/\/cokhitanminh.com\/may-dong-goi\/wp-json\/wp\/v2\/types\/product"}],"replies":[{"embeddable":true,"href":"https:\/\/cokhitanminh.com\/may-dong-goi\/wp-json\/wp\/v2\/comments?post=8699"}],"wp:featuredmedia":[{"embeddable":true,"href":"https:\/\/cokhitanminh.com\/may-dong-goi\/wp-json\/wp\/v2\/media\/8708"}],"wp:attachment":[{"href":"https:\/\/cokhitanminh.com\/may-dong-goi\/wp-json\/wp\/v2\/media?parent=8699"}],"curies":[{"name":"wp","href":"https:\/\/api.w.org\/{rel}","templated":true}]}}