{"id":8589,"date":"2023-02-21T03:21:54","date_gmt":"2023-02-21T03:21:54","guid":{"rendered":"https:\/\/cokhitanminh.com\/may-dong-goi\/?post_type=product&#038;p=8589"},"modified":"2025-04-15T07:16:20","modified_gmt":"2025-04-15T07:16:20","slug":"may-dong-goi-ngang-tmdg-5e3-700","status":"publish","type":"product","link":"https:\/\/cokhitanminh.com\/may-dong-goi\/may-dong-goi-ngang-tmdg-5e3-700\/","title":{"rendered":"M\u00e1y \u0111\u00f3ng g\u00f3i ngang (TM\u0110G-5E3-700)"},"content":{"rendered":"<p><em><a href=\"https:\/\/cokhitanminh.com\/may-dong-goi\/?post_type=product&amp;p=8589&amp;preview=true\"><strong>M\u00e1y \u0111\u00f3ng g\u00f3i ngang (TM\u0110G-5E3-700)<\/strong><\/a>\u00a0<\/em>l\u00e0 tinh hoa k\u1ebft h\u1ee3p c\u1ee7a \u0111\u1ed9i ng\u0169 k\u0129 s\u01b0 c\u00f4ng ty c\u1ed5 ph\u1ea7n C\u01a1 Kh\u00ed T\u00e2n Minh c\u00f9ng \u0111\u1ed9i ng\u0169 chuy\u00ean gia h\u00e0ng \u0111\u1ea7u v\u1ec1 l\u0129nh v\u1ef1c m\u00e1y \u0111\u00f3ng g\u00f3i c\u00e1c c\u00e1c n\u01b0\u1edbc ti\u00ean ti\u1ebfn trong khu v\u1ef1c v\u00e0 Qu\u1ed1c t\u1ebf, \u0111\u01b0\u1ee3c L\u1eafp R\u00e1p v\u00e0 \u0111\u1ed9c quy\u1ec1n ph\u00e2n ph\u1ed1i t\u1ea1i Vi\u1ec7t Nam b\u1edfi 1 \u0111\u01a1n v\u1ecb duy nh\u1ea5t l\u00e0 c\u00f4ng ty c\u1ed5 ph\u1ea7n C\u01a1 Kh\u00ed T\u00e2n Minh.<\/p>\n<p><img loading=\"lazy\" decoding=\"async\" class=\"size-full wp-image-8590 aligncenter\" src=\"https:\/\/cokhitanminh.com\/may-dong-goi\/wp-content\/uploads\/2023\/02\/may-dong-goi-ngang-tmdg-5e3-2.jpg\" alt=\"\" width=\"750\" height=\"350\" srcset=\"https:\/\/cokhitanminh.com\/may-dong-goi\/wp-content\/uploads\/2023\/02\/may-dong-goi-ngang-tmdg-5e3-2.jpg 750w, https:\/\/cokhitanminh.com\/may-dong-goi\/wp-content\/uploads\/2023\/02\/may-dong-goi-ngang-tmdg-5e3-2-300x140.jpg 300w, https:\/\/cokhitanminh.com\/may-dong-goi\/wp-content\/uploads\/2023\/02\/may-dong-goi-ngang-tmdg-5e3-2-600x280.jpg 600w\" sizes=\"auto, (max-width: 750px) 100vw, 750px\" \/><\/p>\n<p><img loading=\"lazy\" decoding=\"async\" class=\"size-full wp-image-8591 aligncenter\" src=\"https:\/\/cokhitanminh.com\/may-dong-goi\/wp-content\/uploads\/2023\/02\/may-dong-goi-ngang-tmdg-5e3-3.jpg\" alt=\"\" width=\"550\" height=\"346\" srcset=\"https:\/\/cokhitanminh.com\/may-dong-goi\/wp-content\/uploads\/2023\/02\/may-dong-goi-ngang-tmdg-5e3-3.jpg 550w, https:\/\/cokhitanminh.com\/may-dong-goi\/wp-content\/uploads\/2023\/02\/may-dong-goi-ngang-tmdg-5e3-3-300x189.jpg 300w\" sizes=\"auto, (max-width: 550px) 100vw, 550px\" \/><\/p>\n<p><img loading=\"lazy\" decoding=\"async\" class=\"size-full wp-image-8592 aligncenter\" src=\"https:\/\/cokhitanminh.com\/may-dong-goi\/wp-content\/uploads\/2023\/02\/may-dong-goi-ngang-tmdg-5e3-4.jpg\" alt=\"\" width=\"550\" height=\"336\" srcset=\"https:\/\/cokhitanminh.com\/may-dong-goi\/wp-content\/uploads\/2023\/02\/may-dong-goi-ngang-tmdg-5e3-4.jpg 550w, https:\/\/cokhitanminh.com\/may-dong-goi\/wp-content\/uploads\/2023\/02\/may-dong-goi-ngang-tmdg-5e3-4-300x183.jpg 300w\" sizes=\"auto, (max-width: 550px) 100vw, 550px\" \/><\/p>\n<p><img loading=\"lazy\" decoding=\"async\" class=\"size-full wp-image-8593 aligncenter\" src=\"https:\/\/cokhitanminh.com\/may-dong-goi\/wp-content\/uploads\/2023\/02\/may-dong-goi-ngang-tmdg-5e3-5.jpg\" alt=\"\" width=\"550\" height=\"366\" srcset=\"https:\/\/cokhitanminh.com\/may-dong-goi\/wp-content\/uploads\/2023\/02\/may-dong-goi-ngang-tmdg-5e3-5.jpg 550w, https:\/\/cokhitanminh.com\/may-dong-goi\/wp-content\/uploads\/2023\/02\/may-dong-goi-ngang-tmdg-5e3-5-300x200.jpg 300w\" sizes=\"auto, (max-width: 550px) 100vw, 550px\" \/><\/p>\n<p><img loading=\"lazy\" decoding=\"async\" class=\"size-full wp-image-8594 aligncenter\" src=\"https:\/\/cokhitanminh.com\/may-dong-goi\/wp-content\/uploads\/2023\/02\/may-dong-goi-ngang-tmdg-5e3-6.jpg\" alt=\"\" width=\"550\" height=\"340\" srcset=\"https:\/\/cokhitanminh.com\/may-dong-goi\/wp-content\/uploads\/2023\/02\/may-dong-goi-ngang-tmdg-5e3-6.jpg 550w, https:\/\/cokhitanminh.com\/may-dong-goi\/wp-content\/uploads\/2023\/02\/may-dong-goi-ngang-tmdg-5e3-6-300x185.jpg 300w\" sizes=\"auto, (max-width: 550px) 100vw, 550px\" \/><\/p>\n<p><img loading=\"lazy\" decoding=\"async\" class=\"size-full wp-image-8595 aligncenter\" src=\"https:\/\/cokhitanminh.com\/may-dong-goi\/wp-content\/uploads\/2023\/02\/may-dong-goi-ngang-tmdg-5e3-7.jpg\" alt=\"\" width=\"550\" height=\"353\" srcset=\"https:\/\/cokhitanminh.com\/may-dong-goi\/wp-content\/uploads\/2023\/02\/may-dong-goi-ngang-tmdg-5e3-7.jpg 550w, https:\/\/cokhitanminh.com\/may-dong-goi\/wp-content\/uploads\/2023\/02\/may-dong-goi-ngang-tmdg-5e3-7-300x193.jpg 300w\" sizes=\"auto, (max-width: 550px) 100vw, 550px\" \/><\/p>\n<p><img loading=\"lazy\" decoding=\"async\" class=\"size-full wp-image-8596 aligncenter\" src=\"https:\/\/cokhitanminh.com\/may-dong-goi\/wp-content\/uploads\/2023\/02\/may-dong-goi-ngang-tmdg-5e3-8.jpg\" alt=\"\" width=\"550\" height=\"308\" srcset=\"https:\/\/cokhitanminh.com\/may-dong-goi\/wp-content\/uploads\/2023\/02\/may-dong-goi-ngang-tmdg-5e3-8.jpg 550w, https:\/\/cokhitanminh.com\/may-dong-goi\/wp-content\/uploads\/2023\/02\/may-dong-goi-ngang-tmdg-5e3-8-300x168.jpg 300w\" sizes=\"auto, (max-width: 550px) 100vw, 550px\" \/><\/p>\n<p><img loading=\"lazy\" decoding=\"async\" class=\"size-full wp-image-8597 aligncenter\" src=\"https:\/\/cokhitanminh.com\/may-dong-goi\/wp-content\/uploads\/2023\/02\/may-dong-goi-ngang-tmdg-5e3-9.jpg\" alt=\"\" width=\"550\" height=\"337\" srcset=\"https:\/\/cokhitanminh.com\/may-dong-goi\/wp-content\/uploads\/2023\/02\/may-dong-goi-ngang-tmdg-5e3-9.jpg 550w, https:\/\/cokhitanminh.com\/may-dong-goi\/wp-content\/uploads\/2023\/02\/may-dong-goi-ngang-tmdg-5e3-9-300x184.jpg 300w\" sizes=\"auto, (max-width: 550px) 100vw, 550px\" \/><\/p>\n<p><img loading=\"lazy\" decoding=\"async\" class=\"size-full wp-image-8598 aligncenter\" src=\"https:\/\/cokhitanminh.com\/may-dong-goi\/wp-content\/uploads\/2023\/02\/may-dong-goi-ngang-tmdg-5e3-10.jpg\" alt=\"\" width=\"550\" height=\"386\" srcset=\"https:\/\/cokhitanminh.com\/may-dong-goi\/wp-content\/uploads\/2023\/02\/may-dong-goi-ngang-tmdg-5e3-10.jpg 550w, https:\/\/cokhitanminh.com\/may-dong-goi\/wp-content\/uploads\/2023\/02\/may-dong-goi-ngang-tmdg-5e3-10-300x211.jpg 300w\" sizes=\"auto, (max-width: 550px) 100vw, 550px\" \/><\/p>\n<p><img loading=\"lazy\" decoding=\"async\" class=\"size-full wp-image-8599 aligncenter\" src=\"https:\/\/cokhitanminh.com\/may-dong-goi\/wp-content\/uploads\/2023\/02\/may-dong-goi-ngang-tmdg-5e3-11.jpg\" alt=\"\" width=\"550\" height=\"362\" srcset=\"https:\/\/cokhitanminh.com\/may-dong-goi\/wp-content\/uploads\/2023\/02\/may-dong-goi-ngang-tmdg-5e3-11.jpg 550w, https:\/\/cokhitanminh.com\/may-dong-goi\/wp-content\/uploads\/2023\/02\/may-dong-goi-ngang-tmdg-5e3-11-300x197.jpg 300w\" sizes=\"auto, (max-width: 550px) 100vw, 550px\" \/><\/p>\n<p><img loading=\"lazy\" decoding=\"async\" class=\"size-full wp-image-8600 aligncenter\" src=\"https:\/\/cokhitanminh.com\/may-dong-goi\/wp-content\/uploads\/2023\/02\/may-dong-goi-ngang-tmdg-5e3-12.jpg\" alt=\"\" width=\"550\" height=\"406\" srcset=\"https:\/\/cokhitanminh.com\/may-dong-goi\/wp-content\/uploads\/2023\/02\/may-dong-goi-ngang-tmdg-5e3-12.jpg 550w, https:\/\/cokhitanminh.com\/may-dong-goi\/wp-content\/uploads\/2023\/02\/may-dong-goi-ngang-tmdg-5e3-12-300x221.jpg 300w\" sizes=\"auto, (max-width: 550px) 100vw, 550px\" \/><\/p>\n<p><img loading=\"lazy\" decoding=\"async\" class=\"size-full wp-image-8601 aligncenter\" src=\"https:\/\/cokhitanminh.com\/may-dong-goi\/wp-content\/uploads\/2023\/02\/may-dong-goi-ngang-tmdg-5e3-13.jpg\" alt=\"\" width=\"550\" height=\"448\" srcset=\"https:\/\/cokhitanminh.com\/may-dong-goi\/wp-content\/uploads\/2023\/02\/may-dong-goi-ngang-tmdg-5e3-13.jpg 550w, https:\/\/cokhitanminh.com\/may-dong-goi\/wp-content\/uploads\/2023\/02\/may-dong-goi-ngang-tmdg-5e3-13-300x244.jpg 300w\" sizes=\"auto, (max-width: 550px) 100vw, 550px\" \/><\/p>\n<p><img loading=\"lazy\" decoding=\"async\" class=\"size-full wp-image-8602 aligncenter\" src=\"https:\/\/cokhitanminh.com\/may-dong-goi\/wp-content\/uploads\/2023\/02\/may-dong-goi-ngang-tmdg-5e3-14.jpg\" alt=\"\" width=\"550\" height=\"347\" srcset=\"https:\/\/cokhitanminh.com\/may-dong-goi\/wp-content\/uploads\/2023\/02\/may-dong-goi-ngang-tmdg-5e3-14.jpg 550w, https:\/\/cokhitanminh.com\/may-dong-goi\/wp-content\/uploads\/2023\/02\/may-dong-goi-ngang-tmdg-5e3-14-300x189.jpg 300w\" sizes=\"auto, (max-width: 550px) 100vw, 550px\" \/><\/p>\n<p><img loading=\"lazy\" decoding=\"async\" class=\"size-full wp-image-8603 aligncenter\" src=\"https:\/\/cokhitanminh.com\/may-dong-goi\/wp-content\/uploads\/2023\/02\/may-dong-goi-ngang-tmdg-5e3-15.jpg\" alt=\"\" width=\"550\" height=\"358\" srcset=\"https:\/\/cokhitanminh.com\/may-dong-goi\/wp-content\/uploads\/2023\/02\/may-dong-goi-ngang-tmdg-5e3-15.jpg 550w, https:\/\/cokhitanminh.com\/may-dong-goi\/wp-content\/uploads\/2023\/02\/may-dong-goi-ngang-tmdg-5e3-15-300x195.jpg 300w\" sizes=\"auto, (max-width: 550px) 100vw, 550px\" \/><\/p>\n<p><a href=\"https:\/\/cokhitanminh.com\/may-dong-goi\/wp-content\/uploads\/2023\/02\/May-dong-goi-ngang-TMDG-5e2-700.jpg\"><img loading=\"lazy\" decoding=\"async\" class=\"aligncenter size-full wp-image-8915\" src=\"https:\/\/cokhitanminh.com\/may-dong-goi\/wp-content\/uploads\/2023\/02\/May-dong-goi-ngang-TMDG-5e2-700.jpg\" alt=\"\" width=\"615\" height=\"381\" srcset=\"https:\/\/cokhitanminh.com\/may-dong-goi\/wp-content\/uploads\/2023\/02\/May-dong-goi-ngang-TMDG-5e2-700.jpg 615w, https:\/\/cokhitanminh.com\/may-dong-goi\/wp-content\/uploads\/2023\/02\/May-dong-goi-ngang-TMDG-5e2-700-300x186.jpg 300w, https:\/\/cokhitanminh.com\/may-dong-goi\/wp-content\/uploads\/2023\/02\/May-dong-goi-ngang-TMDG-5e2-700-600x372.jpg 600w\" sizes=\"auto, (max-width: 615px) 100vw, 615px\" \/><\/a><\/p>\n<p>M\u1ecdi chi ti\u1ebft v\u1ec1 <em><strong>M\u00e1y \u0111\u00f3ng g\u00f3i ngang (TM\u0110G-5E3-700)<\/strong><\/em> Qu\u00fd kh\u00e1ch vui l\u00f2ng li\u00ean h\u1ec7 Hotline 1900 2861 Ho\u1eb7c 0967 68 69 11 \u0111\u1ec3 nh\u1eadn \u0111\u01b0\u1ee3c h\u1ed7 tr\u1ee3 t\u1ed1t nh\u1ea5t<\/p>\n","protected":false},"excerpt":{"rendered":"<p><em><strong>M\u00e1y \u0111\u00f3ng g\u00f3i ngang (TM\u0110G-5E3-700)<\/strong>\u00a0<\/em>l\u00e0 tinh hoa k\u1ebft h\u1ee3p c\u1ee7a \u0111\u1ed9i ng\u0169 k\u0129 s\u01b0 c\u00f4ng ty c\u1ed5 ph\u1ea7n C\u01a1 Kh\u00ed T\u00e2n Minh c\u00f9ng \u0111\u1ed9i ng\u0169 chuy\u00ean gia h\u00e0ng \u0111\u1ea7u v\u1ec1 l\u0129nh v\u1ef1c m\u00e1y \u0111\u00f3ng g\u00f3i c\u00e1c c\u00e1c n\u01b0\u1edbc ti\u00ean ti\u1ebfn trong khu v\u1ef1c v\u00e0 Qu\u1ed1c t\u1ebf, \u0111\u01b0\u1ee3c L\u1eafp R\u00e1p v\u00e0 \u0111\u1ed9c quy\u1ec1n ph\u00e2n ph\u1ed1i t\u1ea1i Vi\u1ec7t Nam b\u1edfi 1 \u0111\u01a1n v\u1ecb duy nh\u1ea5t l\u00e0 c\u00f4ng ty c\u1ed5 ph\u1ea7n C\u01a1 Kh\u00ed T\u00e2n Minh.<\/p>\n","protected":false},"featured_media":8605,"comment_status":"open","ping_status":"closed","template":"","meta":[],"class_list":{"0":"post-8589","1":"product","2":"type-product","3":"status-publish","4":"has-post-thumbnail","6":"product_cat-may-dong-goi-ngang","8":"first","9":"instock","10":"shipping-taxable","11":"purchasable","12":"product-type-simple"},"brands":[],"yoast_head":"<!-- This site is optimized with the Yoast SEO plugin v17.6 - https:\/\/yoast.com\/wordpress\/plugins\/seo\/ -->\n<title>M\u00e1y \u0111\u00f3ng g\u00f3i ngang (TM\u0110G-5E3-700) - M\u00c1Y \u0110\u00d3NG G\u00d3I T\u00c2N MINH<\/title>\n<meta name=\"description\" content=\"M\u1ecdi chi ti\u1ebft v\u1ec1 M\u00e1y \u0111\u00f3ng g\u00f3i ngang (TM\u0110G-5E3-700) Qu\u00fd kh\u00e1ch vui l\u00f2ng li\u00ean h\u1ec7 Hotline 1900 2861 Ho\u1eb7c 0967 68 69 11 \u0111\u1ec3 nh\u1eadn \u0111\u01b0\u1ee3c h\u1ed7 tr\u1ee3 t\u1ed1t nh\u1ea5t\" \/>\n<meta name=\"robots\" content=\"index, follow, max-snippet:-1, max-image-preview:large, max-video-preview:-1\" \/>\n<link rel=\"canonical\" href=\"https:\/\/cokhitanminh.com\/may-dong-goi\/may-dong-goi-ngang-tmdg-5e3-700\/\" \/>\n<meta property=\"og:locale\" content=\"vi_VN\" \/>\n<meta property=\"og:type\" content=\"article\" \/>\n<meta property=\"og:title\" content=\"M\u00e1y \u0111\u00f3ng g\u00f3i ngang (TM\u0110G-5E3-700) - M\u00c1Y \u0110\u00d3NG G\u00d3I T\u00c2N MINH\" \/>\n<meta property=\"og:description\" content=\"M\u1ecdi chi ti\u1ebft v\u1ec1 M\u00e1y \u0111\u00f3ng g\u00f3i ngang (TM\u0110G-5E3-700) Qu\u00fd kh\u00e1ch vui l\u00f2ng li\u00ean h\u1ec7 Hotline 1900 2861 Ho\u1eb7c 0967 68 69 11 \u0111\u1ec3 nh\u1eadn \u0111\u01b0\u1ee3c h\u1ed7 tr\u1ee3 t\u1ed1t nh\u1ea5t\" \/>\n<meta property=\"og:url\" content=\"https:\/\/cokhitanminh.com\/may-dong-goi\/may-dong-goi-ngang-tmdg-5e3-700\/\" \/>\n<meta property=\"og:site_name\" content=\"M\u00c1Y \u0110\u00d3NG G\u00d3I T\u00c2N MINH\" \/>\n<meta property=\"article:modified_time\" content=\"2025-04-15T07:16:20+00:00\" \/>\n<meta property=\"og:image\" content=\"https:\/\/cokhitanminh.com\/may-dong-goi\/wp-content\/uploads\/2023\/02\/may-dong-goi-ngang-tmdg-5e3-1.jpg\" \/>\n\t<meta property=\"og:image:width\" content=\"550\" \/>\n\t<meta property=\"og:image:height\" content=\"550\" \/>\n<meta name=\"twitter:card\" content=\"summary_large_image\" \/>\n<meta name=\"twitter:label1\" content=\"\u01af\u1edbc t\u00ednh th\u1eddi gian \u0111\u1ecdc\" \/>\n\t<meta name=\"twitter:data1\" content=\"4 ph\u00fat\" \/>\n<script type=\"application\/ld+json\" class=\"yoast-schema-graph\">{\"@context\":\"https:\/\/schema.org\",\"@graph\":[{\"@type\":\"WebSite\",\"@id\":\"https:\/\/cokhitanminh.com\/may-dong-goi\/#website\",\"url\":\"https:\/\/cokhitanminh.com\/may-dong-goi\/\",\"name\":\"M\\u00c1Y \\u0110\\u00d3NG G\\u00d3I T\\u00c2N MINH\",\"description\":\"Chuy\\u00ean gia m\\u00e1y \\u0111\\u00f3ng g\\u00f3i\",\"potentialAction\":[{\"@type\":\"SearchAction\",\"target\":{\"@type\":\"EntryPoint\",\"urlTemplate\":\"https:\/\/cokhitanminh.com\/may-dong-goi\/?s={search_term_string}\"},\"query-input\":\"required name=search_term_string\"}],\"inLanguage\":\"vi\"},{\"@type\":\"ImageObject\",\"@id\":\"https:\/\/cokhitanminh.com\/may-dong-goi\/may-dong-goi-ngang-tmdg-5e3-700\/#primaryimage\",\"inLanguage\":\"vi\",\"url\":\"https:\/\/cokhitanminh.com\/may-dong-goi\/wp-content\/uploads\/2023\/02\/may-dong-goi-ngang-tmdg-5e3-1.jpg\",\"contentUrl\":\"https:\/\/cokhitanminh.com\/may-dong-goi\/wp-content\/uploads\/2023\/02\/may-dong-goi-ngang-tmdg-5e3-1.jpg\",\"width\":550,\"height\":550},{\"@type\":\"WebPage\",\"@id\":\"https:\/\/cokhitanminh.com\/may-dong-goi\/may-dong-goi-ngang-tmdg-5e3-700\/#webpage\",\"url\":\"https:\/\/cokhitanminh.com\/may-dong-goi\/may-dong-goi-ngang-tmdg-5e3-700\/\",\"name\":\"M\\u00e1y \\u0111\\u00f3ng g\\u00f3i ngang (TM\\u0110G-5E3-700) - M\\u00c1Y \\u0110\\u00d3NG G\\u00d3I T\\u00c2N MINH\",\"isPartOf\":{\"@id\":\"https:\/\/cokhitanminh.com\/may-dong-goi\/#website\"},\"primaryImageOfPage\":{\"@id\":\"https:\/\/cokhitanminh.com\/may-dong-goi\/may-dong-goi-ngang-tmdg-5e3-700\/#primaryimage\"},\"datePublished\":\"2023-02-21T03:21:54+00:00\",\"dateModified\":\"2025-04-15T07:16:20+00:00\",\"description\":\"M\\u1ecdi chi ti\\u1ebft v\\u1ec1 M\\u00e1y \\u0111\\u00f3ng g\\u00f3i ngang (TM\\u0110G-5E3-700) Qu\\u00fd kh\\u00e1ch vui l\\u00f2ng li\\u00ean h\\u1ec7 Hotline 1900 2861 Ho\\u1eb7c 0967 68 69 11 \\u0111\\u1ec3 nh\\u1eadn \\u0111\\u01b0\\u1ee3c h\\u1ed7 tr\\u1ee3 t\\u1ed1t nh\\u1ea5t\",\"breadcrumb\":{\"@id\":\"https:\/\/cokhitanminh.com\/may-dong-goi\/may-dong-goi-ngang-tmdg-5e3-700\/#breadcrumb\"},\"inLanguage\":\"vi\",\"potentialAction\":[{\"@type\":\"ReadAction\",\"target\":[\"https:\/\/cokhitanminh.com\/may-dong-goi\/may-dong-goi-ngang-tmdg-5e3-700\/\"]}]},{\"@type\":\"BreadcrumbList\",\"@id\":\"https:\/\/cokhitanminh.com\/may-dong-goi\/may-dong-goi-ngang-tmdg-5e3-700\/#breadcrumb\",\"itemListElement\":[{\"@type\":\"ListItem\",\"position\":1,\"name\":\"Trang ch\\u1ee7\",\"item\":\"https:\/\/cokhitanminh.com\/may-dong-goi\/\"},{\"@type\":\"ListItem\",\"position\":2,\"name\":\"C\\u1eeda h\\u00e0ng\",\"item\":\"https:\/\/cokhitanminh.com\/may-dong-goi\/mua\/\"},{\"@type\":\"ListItem\",\"position\":3,\"name\":\"M\\u00e1y \\u0111\\u00f3ng g\\u00f3i ngang (TM\\u0110G-5E3-700)\"}]}]}<\/script>\n<!-- \/ Yoast SEO plugin. -->","yoast_head_json":{"title":"M\u00e1y \u0111\u00f3ng g\u00f3i ngang (TM\u0110G-5E3-700) - M\u00c1Y \u0110\u00d3NG G\u00d3I T\u00c2N MINH","description":"M\u1ecdi chi ti\u1ebft v\u1ec1 M\u00e1y \u0111\u00f3ng g\u00f3i ngang (TM\u0110G-5E3-700) Qu\u00fd kh\u00e1ch vui l\u00f2ng li\u00ean h\u1ec7 Hotline 1900 2861 Ho\u1eb7c 0967 68 69 11 \u0111\u1ec3 nh\u1eadn \u0111\u01b0\u1ee3c h\u1ed7 tr\u1ee3 t\u1ed1t nh\u1ea5t","robots":{"index":"index","follow":"follow","max-snippet":"max-snippet:-1","max-image-preview":"max-image-preview:large","max-video-preview":"max-video-preview:-1"},"canonical":"https:\/\/cokhitanminh.com\/may-dong-goi\/may-dong-goi-ngang-tmdg-5e3-700\/","og_locale":"vi_VN","og_type":"article","og_title":"M\u00e1y \u0111\u00f3ng g\u00f3i ngang (TM\u0110G-5E3-700) - M\u00c1Y \u0110\u00d3NG G\u00d3I T\u00c2N MINH","og_description":"M\u1ecdi chi ti\u1ebft v\u1ec1 M\u00e1y \u0111\u00f3ng g\u00f3i ngang (TM\u0110G-5E3-700) Qu\u00fd kh\u00e1ch vui l\u00f2ng li\u00ean h\u1ec7 Hotline 1900 2861 Ho\u1eb7c 0967 68 69 11 \u0111\u1ec3 nh\u1eadn \u0111\u01b0\u1ee3c h\u1ed7 tr\u1ee3 t\u1ed1t nh\u1ea5t","og_url":"https:\/\/cokhitanminh.com\/may-dong-goi\/may-dong-goi-ngang-tmdg-5e3-700\/","og_site_name":"M\u00c1Y \u0110\u00d3NG G\u00d3I T\u00c2N MINH","article_modified_time":"2025-04-15T07:16:20+00:00","og_image":[{"width":550,"height":550,"url":"https:\/\/cokhitanminh.com\/may-dong-goi\/wp-content\/uploads\/2023\/02\/may-dong-goi-ngang-tmdg-5e3-1.jpg","type":"image\/jpeg"}],"twitter_card":"summary_large_image","twitter_misc":{"\u01af\u1edbc t\u00ednh th\u1eddi gian \u0111\u1ecdc":"4 ph\u00fat"},"schema":{"@context":"https:\/\/schema.org","@graph":[{"@type":"WebSite","@id":"https:\/\/cokhitanminh.com\/may-dong-goi\/#website","url":"https:\/\/cokhitanminh.com\/may-dong-goi\/","name":"M\u00c1Y \u0110\u00d3NG G\u00d3I T\u00c2N MINH","description":"Chuy\u00ean gia m\u00e1y \u0111\u00f3ng g\u00f3i","potentialAction":[{"@type":"SearchAction","target":{"@type":"EntryPoint","urlTemplate":"https:\/\/cokhitanminh.com\/may-dong-goi\/?s={search_term_string}"},"query-input":"required name=search_term_string"}],"inLanguage":"vi"},{"@type":"ImageObject","@id":"https:\/\/cokhitanminh.com\/may-dong-goi\/may-dong-goi-ngang-tmdg-5e3-700\/#primaryimage","inLanguage":"vi","url":"https:\/\/cokhitanminh.com\/may-dong-goi\/wp-content\/uploads\/2023\/02\/may-dong-goi-ngang-tmdg-5e3-1.jpg","contentUrl":"https:\/\/cokhitanminh.com\/may-dong-goi\/wp-content\/uploads\/2023\/02\/may-dong-goi-ngang-tmdg-5e3-1.jpg","width":550,"height":550},{"@type":"WebPage","@id":"https:\/\/cokhitanminh.com\/may-dong-goi\/may-dong-goi-ngang-tmdg-5e3-700\/#webpage","url":"https:\/\/cokhitanminh.com\/may-dong-goi\/may-dong-goi-ngang-tmdg-5e3-700\/","name":"M\u00e1y \u0111\u00f3ng g\u00f3i ngang (TM\u0110G-5E3-700) - M\u00c1Y \u0110\u00d3NG G\u00d3I T\u00c2N MINH","isPartOf":{"@id":"https:\/\/cokhitanminh.com\/may-dong-goi\/#website"},"primaryImageOfPage":{"@id":"https:\/\/cokhitanminh.com\/may-dong-goi\/may-dong-goi-ngang-tmdg-5e3-700\/#primaryimage"},"datePublished":"2023-02-21T03:21:54+00:00","dateModified":"2025-04-15T07:16:20+00:00","description":"M\u1ecdi chi ti\u1ebft v\u1ec1 M\u00e1y \u0111\u00f3ng g\u00f3i ngang (TM\u0110G-5E3-700) Qu\u00fd kh\u00e1ch vui l\u00f2ng li\u00ean h\u1ec7 Hotline 1900 2861 Ho\u1eb7c 0967 68 69 11 \u0111\u1ec3 nh\u1eadn \u0111\u01b0\u1ee3c h\u1ed7 tr\u1ee3 t\u1ed1t nh\u1ea5t","breadcrumb":{"@id":"https:\/\/cokhitanminh.com\/may-dong-goi\/may-dong-goi-ngang-tmdg-5e3-700\/#breadcrumb"},"inLanguage":"vi","potentialAction":[{"@type":"ReadAction","target":["https:\/\/cokhitanminh.com\/may-dong-goi\/may-dong-goi-ngang-tmdg-5e3-700\/"]}]},{"@type":"BreadcrumbList","@id":"https:\/\/cokhitanminh.com\/may-dong-goi\/may-dong-goi-ngang-tmdg-5e3-700\/#breadcrumb","itemListElement":[{"@type":"ListItem","position":1,"name":"Trang ch\u1ee7","item":"https:\/\/cokhitanminh.com\/may-dong-goi\/"},{"@type":"ListItem","position":2,"name":"C\u1eeda h\u00e0ng","item":"https:\/\/cokhitanminh.com\/may-dong-goi\/mua\/"},{"@type":"ListItem","position":3,"name":"M\u00e1y \u0111\u00f3ng g\u00f3i ngang (TM\u0110G-5E3-700)"}]}]}},"_links":{"self":[{"href":"https:\/\/cokhitanminh.com\/may-dong-goi\/wp-json\/wp\/v2\/product\/8589","targetHints":{"allow":["GET"]}}],"collection":[{"href":"https:\/\/cokhitanminh.com\/may-dong-goi\/wp-json\/wp\/v2\/product"}],"about":[{"href":"https:\/\/cokhitanminh.com\/may-dong-goi\/wp-json\/wp\/v2\/types\/product"}],"replies":[{"embeddable":true,"href":"https:\/\/cokhitanminh.com\/may-dong-goi\/wp-json\/wp\/v2\/comments?post=8589"}],"wp:featuredmedia":[{"embeddable":true,"href":"https:\/\/cokhitanminh.com\/may-dong-goi\/wp-json\/wp\/v2\/media\/8605"}],"wp:attachment":[{"href":"https:\/\/cokhitanminh.com\/may-dong-goi\/wp-json\/wp\/v2\/media?parent=8589"}],"curies":[{"name":"wp","href":"https:\/\/api.w.org\/{rel}","templated":true}]}}