{"id":8560,"date":"2023-02-21T02:50:41","date_gmt":"2023-02-21T02:50:41","guid":{"rendered":"https:\/\/cokhitanminh.com\/may-dong-goi\/?post_type=product&#038;p=8560"},"modified":"2023-02-21T02:51:58","modified_gmt":"2023-02-21T02:51:58","slug":"may-cap-lieu-gau-tai-tmdg-2f15","status":"publish","type":"product","link":"https:\/\/cokhitanminh.com\/may-dong-goi\/may-cap-lieu-gau-tai-tmdg-2f15\/","title":{"rendered":"M\u00e1y c\u1ea5p li\u1ec7u g\u1ea7u t\u1ea3i (TM\u0110G-2F15)"},"content":{"rendered":"<p><a href=\"https:\/\/cokhitanminh.com\/may-dong-goi\/may-cap-lieu-gau-tai-tmdg-2f15\/\"><em><strong>M\u00e1y c\u1ea5p li\u1ec7u g\u1ea7u t\u1ea3i (TM\u0110G-2F15)<\/strong><\/em><\/a> l\u00e0 tinh hoa k\u1ebft h\u1ee3p c\u1ee7a \u0111\u1ed9i ng\u0169 k\u0129 s\u01b0 c\u00f4ng ty c\u1ed5 ph\u1ea7n C\u01a1 Kh\u00ed T\u00e2n Minh c\u00f9ng \u0111\u1ed9i ng\u0169 chuy\u00ean gia h\u00e0ng \u0111\u1ea7u v\u1ec1 l\u0129nh v\u1ef1c m\u00e1y \u0111\u00f3ng g\u00f3i c\u00e1c c\u00e1c n\u01b0\u1edbc ti\u00ean ti\u1ebfn trong khu v\u1ef1c v\u00e0 Qu\u1ed1c t\u1ebf, \u0111\u01b0\u1ee3c L\u1eafp R\u00e1p v\u00e0 \u0111\u1ed9c quy\u1ec1n ph\u00e2n ph\u1ed1i t\u1ea1i Vi\u1ec7t Nam b\u1edfi 1 \u0111\u01a1n v\u1ecb duy nh\u1ea5t l\u00e0 c\u00f4ng ty c\u1ed5 ph\u1ea7n C\u01a1 Kh\u00ed T\u00e2n Minh.<\/p>\n<p><img loading=\"lazy\" decoding=\"async\" class=\"size-full wp-image-8575 aligncenter\" src=\"https:\/\/cokhitanminh.com\/may-dong-goi\/wp-content\/uploads\/2023\/02\/may-cap-lieu-gau-tai-tmdg-2f15-2-1.jpg\" alt=\"\" width=\"750\" height=\"350\" srcset=\"https:\/\/cokhitanminh.com\/may-dong-goi\/wp-content\/uploads\/2023\/02\/may-cap-lieu-gau-tai-tmdg-2f15-2-1.jpg 750w, https:\/\/cokhitanminh.com\/may-dong-goi\/wp-content\/uploads\/2023\/02\/may-cap-lieu-gau-tai-tmdg-2f15-2-1-300x140.jpg 300w, https:\/\/cokhitanminh.com\/may-dong-goi\/wp-content\/uploads\/2023\/02\/may-cap-lieu-gau-tai-tmdg-2f15-2-1-600x280.jpg 600w\" sizes=\"auto, (max-width: 750px) 100vw, 750px\" \/><\/p>\n<p>&nbsp;<\/p>\n<p><img loading=\"lazy\" decoding=\"async\" class=\"size-full wp-image-8562 aligncenter\" src=\"https:\/\/cokhitanminh.com\/may-dong-goi\/wp-content\/uploads\/2023\/02\/may-cap-lieu-gau-tai-tmdg-2f15-3.jpg\" alt=\"\" width=\"550\" height=\"308\" srcset=\"https:\/\/cokhitanminh.com\/may-dong-goi\/wp-content\/uploads\/2023\/02\/may-cap-lieu-gau-tai-tmdg-2f15-3.jpg 550w, https:\/\/cokhitanminh.com\/may-dong-goi\/wp-content\/uploads\/2023\/02\/may-cap-lieu-gau-tai-tmdg-2f15-3-300x168.jpg 300w\" sizes=\"auto, (max-width: 550px) 100vw, 550px\" \/><\/p>\n<p><img loading=\"lazy\" decoding=\"async\" class=\"size-full wp-image-8563 aligncenter\" src=\"https:\/\/cokhitanminh.com\/may-dong-goi\/wp-content\/uploads\/2023\/02\/may-cap-lieu-gau-tai-tmdg-2f15-4.jpg\" alt=\"\" width=\"550\" height=\"400\" srcset=\"https:\/\/cokhitanminh.com\/may-dong-goi\/wp-content\/uploads\/2023\/02\/may-cap-lieu-gau-tai-tmdg-2f15-4.jpg 550w, https:\/\/cokhitanminh.com\/may-dong-goi\/wp-content\/uploads\/2023\/02\/may-cap-lieu-gau-tai-tmdg-2f15-4-300x218.jpg 300w\" sizes=\"auto, (max-width: 550px) 100vw, 550px\" \/><\/p>\n<p><img loading=\"lazy\" decoding=\"async\" class=\"size-full wp-image-8564 aligncenter\" src=\"https:\/\/cokhitanminh.com\/may-dong-goi\/wp-content\/uploads\/2023\/02\/may-cap-lieu-gau-tai-tmdg-2f15-5.jpg\" alt=\"\" width=\"550\" height=\"308\" srcset=\"https:\/\/cokhitanminh.com\/may-dong-goi\/wp-content\/uploads\/2023\/02\/may-cap-lieu-gau-tai-tmdg-2f15-5.jpg 550w, https:\/\/cokhitanminh.com\/may-dong-goi\/wp-content\/uploads\/2023\/02\/may-cap-lieu-gau-tai-tmdg-2f15-5-300x168.jpg 300w\" sizes=\"auto, (max-width: 550px) 100vw, 550px\" \/><\/p>\n<p><img loading=\"lazy\" decoding=\"async\" class=\"size-full wp-image-8565 aligncenter\" src=\"https:\/\/cokhitanminh.com\/may-dong-goi\/wp-content\/uploads\/2023\/02\/may-cap-lieu-gau-tai-tmdg-2f15-6.jpg\" alt=\"\" width=\"550\" height=\"308\" srcset=\"https:\/\/cokhitanminh.com\/may-dong-goi\/wp-content\/uploads\/2023\/02\/may-cap-lieu-gau-tai-tmdg-2f15-6.jpg 550w, https:\/\/cokhitanminh.com\/may-dong-goi\/wp-content\/uploads\/2023\/02\/may-cap-lieu-gau-tai-tmdg-2f15-6-300x168.jpg 300w\" sizes=\"auto, (max-width: 550px) 100vw, 550px\" \/><\/p>\n<p><img loading=\"lazy\" decoding=\"async\" class=\"size-full wp-image-8566 aligncenter\" src=\"https:\/\/cokhitanminh.com\/may-dong-goi\/wp-content\/uploads\/2023\/02\/may-cap-lieu-gau-tai-tmdg-2f15-7.jpg\" alt=\"\" width=\"550\" height=\"392\" srcset=\"https:\/\/cokhitanminh.com\/may-dong-goi\/wp-content\/uploads\/2023\/02\/may-cap-lieu-gau-tai-tmdg-2f15-7.jpg 550w, https:\/\/cokhitanminh.com\/may-dong-goi\/wp-content\/uploads\/2023\/02\/may-cap-lieu-gau-tai-tmdg-2f15-7-300x214.jpg 300w\" sizes=\"auto, (max-width: 550px) 100vw, 550px\" \/><\/p>\n<p><img loading=\"lazy\" decoding=\"async\" class=\"size-full wp-image-8567 aligncenter\" src=\"https:\/\/cokhitanminh.com\/may-dong-goi\/wp-content\/uploads\/2023\/02\/may-cap-lieu-gau-tai-tmdg-2f15-8.jpg\" alt=\"\" width=\"550\" height=\"395\" srcset=\"https:\/\/cokhitanminh.com\/may-dong-goi\/wp-content\/uploads\/2023\/02\/may-cap-lieu-gau-tai-tmdg-2f15-8.jpg 550w, https:\/\/cokhitanminh.com\/may-dong-goi\/wp-content\/uploads\/2023\/02\/may-cap-lieu-gau-tai-tmdg-2f15-8-300x215.jpg 300w\" sizes=\"auto, (max-width: 550px) 100vw, 550px\" \/><\/p>\n<p><img loading=\"lazy\" decoding=\"async\" class=\"size-full wp-image-8568 aligncenter\" src=\"https:\/\/cokhitanminh.com\/may-dong-goi\/wp-content\/uploads\/2023\/02\/may-cap-lieu-gau-tai-tmdg-2f15-9.jpg\" alt=\"\" width=\"550\" height=\"431\" srcset=\"https:\/\/cokhitanminh.com\/may-dong-goi\/wp-content\/uploads\/2023\/02\/may-cap-lieu-gau-tai-tmdg-2f15-9.jpg 550w, https:\/\/cokhitanminh.com\/may-dong-goi\/wp-content\/uploads\/2023\/02\/may-cap-lieu-gau-tai-tmdg-2f15-9-300x235.jpg 300w\" sizes=\"auto, (max-width: 550px) 100vw, 550px\" \/><\/p>\n<p><img loading=\"lazy\" decoding=\"async\" class=\"size-full wp-image-8569 aligncenter\" src=\"https:\/\/cokhitanminh.com\/may-dong-goi\/wp-content\/uploads\/2023\/02\/may-cap-lieu-gau-tai-tmdg-2f15-10.jpg\" alt=\"\" width=\"550\" height=\"481\" srcset=\"https:\/\/cokhitanminh.com\/may-dong-goi\/wp-content\/uploads\/2023\/02\/may-cap-lieu-gau-tai-tmdg-2f15-10.jpg 550w, https:\/\/cokhitanminh.com\/may-dong-goi\/wp-content\/uploads\/2023\/02\/may-cap-lieu-gau-tai-tmdg-2f15-10-300x262.jpg 300w\" sizes=\"auto, (max-width: 550px) 100vw, 550px\" \/><\/p>\n<p><img loading=\"lazy\" decoding=\"async\" class=\"size-full wp-image-8570 aligncenter\" src=\"https:\/\/cokhitanminh.com\/may-dong-goi\/wp-content\/uploads\/2023\/02\/may-cap-lieu-gau-tai-tmdg-2f15-11.jpg\" alt=\"\" width=\"550\" height=\"359\" srcset=\"https:\/\/cokhitanminh.com\/may-dong-goi\/wp-content\/uploads\/2023\/02\/may-cap-lieu-gau-tai-tmdg-2f15-11.jpg 550w, https:\/\/cokhitanminh.com\/may-dong-goi\/wp-content\/uploads\/2023\/02\/may-cap-lieu-gau-tai-tmdg-2f15-11-300x196.jpg 300w\" sizes=\"auto, (max-width: 550px) 100vw, 550px\" \/><\/p>\n<p><img loading=\"lazy\" decoding=\"async\" class=\"size-full wp-image-8571 aligncenter\" src=\"https:\/\/cokhitanminh.com\/may-dong-goi\/wp-content\/uploads\/2023\/02\/may-cap-lieu-gau-tai-tmdg-2f15-12.jpg\" alt=\"\" width=\"550\" height=\"373\" srcset=\"https:\/\/cokhitanminh.com\/may-dong-goi\/wp-content\/uploads\/2023\/02\/may-cap-lieu-gau-tai-tmdg-2f15-12.jpg 550w, https:\/\/cokhitanminh.com\/may-dong-goi\/wp-content\/uploads\/2023\/02\/may-cap-lieu-gau-tai-tmdg-2f15-12-300x203.jpg 300w\" sizes=\"auto, (max-width: 550px) 100vw, 550px\" \/><\/p>\n<p><img loading=\"lazy\" decoding=\"async\" class=\"size-full wp-image-8572 aligncenter\" src=\"https:\/\/cokhitanminh.com\/may-dong-goi\/wp-content\/uploads\/2023\/02\/may-cap-lieu-gau-tai-tmdg-2f15-13.jpg\" alt=\"\" width=\"550\" height=\"435\" srcset=\"https:\/\/cokhitanminh.com\/may-dong-goi\/wp-content\/uploads\/2023\/02\/may-cap-lieu-gau-tai-tmdg-2f15-13.jpg 550w, https:\/\/cokhitanminh.com\/may-dong-goi\/wp-content\/uploads\/2023\/02\/may-cap-lieu-gau-tai-tmdg-2f15-13-300x237.jpg 300w\" sizes=\"auto, (max-width: 550px) 100vw, 550px\" \/><\/p>\n<p><img loading=\"lazy\" decoding=\"async\" class=\"aligncenter wp-image-8573\" src=\"https:\/\/cokhitanminh.com\/may-dong-goi\/wp-content\/uploads\/2023\/02\/may-cap-lieu-gau-tai-tmdg-2f15-14.jpg\" alt=\"\" width=\"750\" height=\"191\" srcset=\"https:\/\/cokhitanminh.com\/may-dong-goi\/wp-content\/uploads\/2023\/02\/may-cap-lieu-gau-tai-tmdg-2f15-14.jpg 1066w, https:\/\/cokhitanminh.com\/may-dong-goi\/wp-content\/uploads\/2023\/02\/may-cap-lieu-gau-tai-tmdg-2f15-14-300x76.jpg 300w, https:\/\/cokhitanminh.com\/may-dong-goi\/wp-content\/uploads\/2023\/02\/may-cap-lieu-gau-tai-tmdg-2f15-14-1024x260.jpg 1024w, https:\/\/cokhitanminh.com\/may-dong-goi\/wp-content\/uploads\/2023\/02\/may-cap-lieu-gau-tai-tmdg-2f15-14-768x195.jpg 768w, https:\/\/cokhitanminh.com\/may-dong-goi\/wp-content\/uploads\/2023\/02\/may-cap-lieu-gau-tai-tmdg-2f15-14-600x153.jpg 600w\" sizes=\"auto, (max-width: 750px) 100vw, 750px\" \/><\/p>\n<p>&nbsp;<\/p>\n<div>M\u1ecdi chi ti\u1ebft v\u1ec1 M\u00e1y c\u1ea5p li\u1ec7u g\u1ea7u t\u1ea3i (TM\u0110G-2F15) Qu\u00fd kh\u00e1ch h\u00e0ng vui l\u00f2ng li\u00ean h\u1ec7 Hotline 1900 2861 Ho\u1eb7c 0967 68 69 11 \u0111\u1ec3 nh\u1eadn \u0111\u01b0\u1ee3c h\u1ed7 tr\u1ee3 t\u1ed1t nh\u1ea5t<\/div>\n<div><\/div>\n","protected":false},"excerpt":{"rendered":"<p><em><strong>M\u00e1y c\u1ea5p li\u1ec7u g\u1ea7u t\u1ea3i (TM\u0110G-2F15)<\/strong><\/em> l\u00e0 tinh hoa k\u1ebft h\u1ee3p c\u1ee7a \u0111\u1ed9i ng\u0169 k\u0129 s\u01b0 c\u00f4ng ty c\u1ed5 ph\u1ea7n C\u01a1 Kh\u00ed T\u00e2n Minh c\u00f9ng \u0111\u1ed9i ng\u0169 chuy\u00ean gia h\u00e0ng \u0111\u1ea7u v\u1ec1 l\u0129nh v\u1ef1c m\u00e1y \u0111\u00f3ng g\u00f3i c\u00e1c c\u00e1c n\u01b0\u1edbc ti\u00ean ti\u1ebfn trong khu v\u1ef1c v\u00e0 Qu\u1ed1c t\u1ebf, \u0111\u01b0\u1ee3c L\u1eafp R\u00e1p v\u00e0 \u0111\u1ed9c quy\u1ec1n ph\u00e2n ph\u1ed1i t\u1ea1i Vi\u1ec7t Nam b\u1edfi 1 \u0111\u01a1n v\u1ecb duy nh\u1ea5t l\u00e0 c\u00f4ng ty c\u1ed5 ph\u1ea7n C\u01a1 Kh\u00ed T\u00e2n Minh.<\/p>\n<p style=\"text-align: center;\">\n","protected":false},"featured_media":8574,"comment_status":"open","ping_status":"closed","template":"","meta":[],"class_list":{"0":"post-8560","1":"product","2":"type-product","3":"status-publish","4":"has-post-thumbnail","6":"product_cat-may-dinh-luong","8":"first","9":"instock","10":"shipping-taxable","11":"purchasable","12":"product-type-simple"},"brands":[],"yoast_head":"<!-- This site is optimized with the Yoast SEO plugin v17.6 - https:\/\/yoast.com\/wordpress\/plugins\/seo\/ -->\n<title>M\u00e1y c\u1ea5p li\u1ec7u g\u1ea7u t\u1ea3i (TM\u0110G-2F15) - M\u00c1Y \u0110\u00d3NG G\u00d3I T\u00c2N MINH<\/title>\n<meta name=\"description\" content=\"M\u1ecdi chi ti\u1ebft v\u1ec1 M\u00e1y c\u1ea5p li\u1ec7u g\u1ea7u t\u1ea3i (TM\u0110G-2F15) Qu\u00fd kh\u00e1ch vui l\u00f2ng li\u00ean h\u1ec7 Hotline 1900 2861 Ho\u1eb7c 0967 68 69 11 \u0111\u1ec3 nh\u1eadn \u0111\u01b0\u1ee3c h\u1ed7 tr\u1ee3 t\u1ed1t nh\u1ea5t\" \/>\n<meta name=\"robots\" content=\"index, follow, max-snippet:-1, max-image-preview:large, max-video-preview:-1\" \/>\n<link rel=\"canonical\" href=\"https:\/\/cokhitanminh.com\/may-dong-goi\/may-cap-lieu-gau-tai-tmdg-2f15\/\" \/>\n<meta property=\"og:locale\" content=\"vi_VN\" \/>\n<meta property=\"og:type\" content=\"article\" \/>\n<meta property=\"og:title\" content=\"M\u00e1y c\u1ea5p li\u1ec7u g\u1ea7u t\u1ea3i (TM\u0110G-2F15) - M\u00c1Y \u0110\u00d3NG G\u00d3I T\u00c2N MINH\" \/>\n<meta property=\"og:description\" content=\"M\u1ecdi chi ti\u1ebft v\u1ec1 M\u00e1y c\u1ea5p li\u1ec7u g\u1ea7u t\u1ea3i (TM\u0110G-2F15) Qu\u00fd kh\u00e1ch vui l\u00f2ng li\u00ean h\u1ec7 Hotline 1900 2861 Ho\u1eb7c 0967 68 69 11 \u0111\u1ec3 nh\u1eadn \u0111\u01b0\u1ee3c h\u1ed7 tr\u1ee3 t\u1ed1t nh\u1ea5t\" \/>\n<meta property=\"og:url\" content=\"https:\/\/cokhitanminh.com\/may-dong-goi\/may-cap-lieu-gau-tai-tmdg-2f15\/\" \/>\n<meta property=\"og:site_name\" content=\"M\u00c1Y \u0110\u00d3NG G\u00d3I T\u00c2N MINH\" \/>\n<meta property=\"article:modified_time\" content=\"2023-02-21T02:51:58+00:00\" \/>\n<meta property=\"og:image\" content=\"https:\/\/cokhitanminh.com\/may-dong-goi\/wp-content\/uploads\/2023\/02\/may-cap-lieu-gau-tai-tmdg-2f15-1.jpg\" \/>\n\t<meta property=\"og:image:width\" content=\"550\" \/>\n\t<meta property=\"og:image:height\" content=\"550\" \/>\n<meta name=\"twitter:card\" content=\"summary_large_image\" \/>\n<meta name=\"twitter:label1\" content=\"\u01af\u1edbc t\u00ednh th\u1eddi gian \u0111\u1ecdc\" \/>\n\t<meta name=\"twitter:data1\" content=\"4 ph\u00fat\" \/>\n<script type=\"application\/ld+json\" class=\"yoast-schema-graph\">{\"@context\":\"https:\/\/schema.org\",\"@graph\":[{\"@type\":\"WebSite\",\"@id\":\"https:\/\/cokhitanminh.com\/may-dong-goi\/#website\",\"url\":\"https:\/\/cokhitanminh.com\/may-dong-goi\/\",\"name\":\"M\\u00c1Y \\u0110\\u00d3NG G\\u00d3I T\\u00c2N MINH\",\"description\":\"Chuy\\u00ean gia m\\u00e1y \\u0111\\u00f3ng g\\u00f3i\",\"potentialAction\":[{\"@type\":\"SearchAction\",\"target\":{\"@type\":\"EntryPoint\",\"urlTemplate\":\"https:\/\/cokhitanminh.com\/may-dong-goi\/?s={search_term_string}\"},\"query-input\":\"required name=search_term_string\"}],\"inLanguage\":\"vi\"},{\"@type\":\"ImageObject\",\"@id\":\"https:\/\/cokhitanminh.com\/may-dong-goi\/may-cap-lieu-gau-tai-tmdg-2f15\/#primaryimage\",\"inLanguage\":\"vi\",\"url\":\"https:\/\/cokhitanminh.com\/may-dong-goi\/wp-content\/uploads\/2023\/02\/may-cap-lieu-gau-tai-tmdg-2f15-1.jpg\",\"contentUrl\":\"https:\/\/cokhitanminh.com\/may-dong-goi\/wp-content\/uploads\/2023\/02\/may-cap-lieu-gau-tai-tmdg-2f15-1.jpg\",\"width\":550,\"height\":550},{\"@type\":\"WebPage\",\"@id\":\"https:\/\/cokhitanminh.com\/may-dong-goi\/may-cap-lieu-gau-tai-tmdg-2f15\/#webpage\",\"url\":\"https:\/\/cokhitanminh.com\/may-dong-goi\/may-cap-lieu-gau-tai-tmdg-2f15\/\",\"name\":\"M\\u00e1y c\\u1ea5p li\\u1ec7u g\\u1ea7u t\\u1ea3i (TM\\u0110G-2F15) - M\\u00c1Y \\u0110\\u00d3NG G\\u00d3I T\\u00c2N MINH\",\"isPartOf\":{\"@id\":\"https:\/\/cokhitanminh.com\/may-dong-goi\/#website\"},\"primaryImageOfPage\":{\"@id\":\"https:\/\/cokhitanminh.com\/may-dong-goi\/may-cap-lieu-gau-tai-tmdg-2f15\/#primaryimage\"},\"datePublished\":\"2023-02-21T02:50:41+00:00\",\"dateModified\":\"2023-02-21T02:51:58+00:00\",\"description\":\"M\\u1ecdi chi ti\\u1ebft v\\u1ec1 M\\u00e1y c\\u1ea5p li\\u1ec7u g\\u1ea7u t\\u1ea3i (TM\\u0110G-2F15) Qu\\u00fd kh\\u00e1ch vui l\\u00f2ng li\\u00ean h\\u1ec7 Hotline 1900 2861 Ho\\u1eb7c 0967 68 69 11 \\u0111\\u1ec3 nh\\u1eadn \\u0111\\u01b0\\u1ee3c h\\u1ed7 tr\\u1ee3 t\\u1ed1t nh\\u1ea5t\",\"breadcrumb\":{\"@id\":\"https:\/\/cokhitanminh.com\/may-dong-goi\/may-cap-lieu-gau-tai-tmdg-2f15\/#breadcrumb\"},\"inLanguage\":\"vi\",\"potentialAction\":[{\"@type\":\"ReadAction\",\"target\":[\"https:\/\/cokhitanminh.com\/may-dong-goi\/may-cap-lieu-gau-tai-tmdg-2f15\/\"]}]},{\"@type\":\"BreadcrumbList\",\"@id\":\"https:\/\/cokhitanminh.com\/may-dong-goi\/may-cap-lieu-gau-tai-tmdg-2f15\/#breadcrumb\",\"itemListElement\":[{\"@type\":\"ListItem\",\"position\":1,\"name\":\"Trang ch\\u1ee7\",\"item\":\"https:\/\/cokhitanminh.com\/may-dong-goi\/\"},{\"@type\":\"ListItem\",\"position\":2,\"name\":\"C\\u1eeda h\\u00e0ng\",\"item\":\"https:\/\/cokhitanminh.com\/may-dong-goi\/mua\/\"},{\"@type\":\"ListItem\",\"position\":3,\"name\":\"M\\u00e1y c\\u1ea5p li\\u1ec7u g\\u1ea7u t\\u1ea3i (TM\\u0110G-2F15)\"}]}]}<\/script>\n<!-- \/ Yoast SEO plugin. -->","yoast_head_json":{"title":"M\u00e1y c\u1ea5p li\u1ec7u g\u1ea7u t\u1ea3i (TM\u0110G-2F15) - M\u00c1Y \u0110\u00d3NG G\u00d3I T\u00c2N MINH","description":"M\u1ecdi chi ti\u1ebft v\u1ec1 M\u00e1y c\u1ea5p li\u1ec7u g\u1ea7u t\u1ea3i (TM\u0110G-2F15) Qu\u00fd kh\u00e1ch vui l\u00f2ng li\u00ean h\u1ec7 Hotline 1900 2861 Ho\u1eb7c 0967 68 69 11 \u0111\u1ec3 nh\u1eadn \u0111\u01b0\u1ee3c h\u1ed7 tr\u1ee3 t\u1ed1t nh\u1ea5t","robots":{"index":"index","follow":"follow","max-snippet":"max-snippet:-1","max-image-preview":"max-image-preview:large","max-video-preview":"max-video-preview:-1"},"canonical":"https:\/\/cokhitanminh.com\/may-dong-goi\/may-cap-lieu-gau-tai-tmdg-2f15\/","og_locale":"vi_VN","og_type":"article","og_title":"M\u00e1y c\u1ea5p li\u1ec7u g\u1ea7u t\u1ea3i (TM\u0110G-2F15) - M\u00c1Y \u0110\u00d3NG G\u00d3I T\u00c2N MINH","og_description":"M\u1ecdi chi ti\u1ebft v\u1ec1 M\u00e1y c\u1ea5p li\u1ec7u g\u1ea7u t\u1ea3i (TM\u0110G-2F15) Qu\u00fd kh\u00e1ch vui l\u00f2ng li\u00ean h\u1ec7 Hotline 1900 2861 Ho\u1eb7c 0967 68 69 11 \u0111\u1ec3 nh\u1eadn \u0111\u01b0\u1ee3c h\u1ed7 tr\u1ee3 t\u1ed1t nh\u1ea5t","og_url":"https:\/\/cokhitanminh.com\/may-dong-goi\/may-cap-lieu-gau-tai-tmdg-2f15\/","og_site_name":"M\u00c1Y \u0110\u00d3NG G\u00d3I T\u00c2N MINH","article_modified_time":"2023-02-21T02:51:58+00:00","og_image":[{"width":550,"height":550,"url":"https:\/\/cokhitanminh.com\/may-dong-goi\/wp-content\/uploads\/2023\/02\/may-cap-lieu-gau-tai-tmdg-2f15-1.jpg","type":"image\/jpeg"}],"twitter_card":"summary_large_image","twitter_misc":{"\u01af\u1edbc t\u00ednh th\u1eddi gian \u0111\u1ecdc":"4 ph\u00fat"},"schema":{"@context":"https:\/\/schema.org","@graph":[{"@type":"WebSite","@id":"https:\/\/cokhitanminh.com\/may-dong-goi\/#website","url":"https:\/\/cokhitanminh.com\/may-dong-goi\/","name":"M\u00c1Y \u0110\u00d3NG G\u00d3I T\u00c2N MINH","description":"Chuy\u00ean gia m\u00e1y \u0111\u00f3ng g\u00f3i","potentialAction":[{"@type":"SearchAction","target":{"@type":"EntryPoint","urlTemplate":"https:\/\/cokhitanminh.com\/may-dong-goi\/?s={search_term_string}"},"query-input":"required name=search_term_string"}],"inLanguage":"vi"},{"@type":"ImageObject","@id":"https:\/\/cokhitanminh.com\/may-dong-goi\/may-cap-lieu-gau-tai-tmdg-2f15\/#primaryimage","inLanguage":"vi","url":"https:\/\/cokhitanminh.com\/may-dong-goi\/wp-content\/uploads\/2023\/02\/may-cap-lieu-gau-tai-tmdg-2f15-1.jpg","contentUrl":"https:\/\/cokhitanminh.com\/may-dong-goi\/wp-content\/uploads\/2023\/02\/may-cap-lieu-gau-tai-tmdg-2f15-1.jpg","width":550,"height":550},{"@type":"WebPage","@id":"https:\/\/cokhitanminh.com\/may-dong-goi\/may-cap-lieu-gau-tai-tmdg-2f15\/#webpage","url":"https:\/\/cokhitanminh.com\/may-dong-goi\/may-cap-lieu-gau-tai-tmdg-2f15\/","name":"M\u00e1y c\u1ea5p li\u1ec7u g\u1ea7u t\u1ea3i (TM\u0110G-2F15) - M\u00c1Y \u0110\u00d3NG G\u00d3I T\u00c2N MINH","isPartOf":{"@id":"https:\/\/cokhitanminh.com\/may-dong-goi\/#website"},"primaryImageOfPage":{"@id":"https:\/\/cokhitanminh.com\/may-dong-goi\/may-cap-lieu-gau-tai-tmdg-2f15\/#primaryimage"},"datePublished":"2023-02-21T02:50:41+00:00","dateModified":"2023-02-21T02:51:58+00:00","description":"M\u1ecdi chi ti\u1ebft v\u1ec1 M\u00e1y c\u1ea5p li\u1ec7u g\u1ea7u t\u1ea3i (TM\u0110G-2F15) Qu\u00fd kh\u00e1ch vui l\u00f2ng li\u00ean h\u1ec7 Hotline 1900 2861 Ho\u1eb7c 0967 68 69 11 \u0111\u1ec3 nh\u1eadn \u0111\u01b0\u1ee3c h\u1ed7 tr\u1ee3 t\u1ed1t nh\u1ea5t","breadcrumb":{"@id":"https:\/\/cokhitanminh.com\/may-dong-goi\/may-cap-lieu-gau-tai-tmdg-2f15\/#breadcrumb"},"inLanguage":"vi","potentialAction":[{"@type":"ReadAction","target":["https:\/\/cokhitanminh.com\/may-dong-goi\/may-cap-lieu-gau-tai-tmdg-2f15\/"]}]},{"@type":"BreadcrumbList","@id":"https:\/\/cokhitanminh.com\/may-dong-goi\/may-cap-lieu-gau-tai-tmdg-2f15\/#breadcrumb","itemListElement":[{"@type":"ListItem","position":1,"name":"Trang ch\u1ee7","item":"https:\/\/cokhitanminh.com\/may-dong-goi\/"},{"@type":"ListItem","position":2,"name":"C\u1eeda h\u00e0ng","item":"https:\/\/cokhitanminh.com\/may-dong-goi\/mua\/"},{"@type":"ListItem","position":3,"name":"M\u00e1y c\u1ea5p li\u1ec7u g\u1ea7u t\u1ea3i (TM\u0110G-2F15)"}]}]}},"_links":{"self":[{"href":"https:\/\/cokhitanminh.com\/may-dong-goi\/wp-json\/wp\/v2\/product\/8560","targetHints":{"allow":["GET"]}}],"collection":[{"href":"https:\/\/cokhitanminh.com\/may-dong-goi\/wp-json\/wp\/v2\/product"}],"about":[{"href":"https:\/\/cokhitanminh.com\/may-dong-goi\/wp-json\/wp\/v2\/types\/product"}],"replies":[{"embeddable":true,"href":"https:\/\/cokhitanminh.com\/may-dong-goi\/wp-json\/wp\/v2\/comments?post=8560"}],"wp:featuredmedia":[{"embeddable":true,"href":"https:\/\/cokhitanminh.com\/may-dong-goi\/wp-json\/wp\/v2\/media\/8574"}],"wp:attachment":[{"href":"https:\/\/cokhitanminh.com\/may-dong-goi\/wp-json\/wp\/v2\/media?parent=8560"}],"curies":[{"name":"wp","href":"https:\/\/api.w.org\/{rel}","templated":true}]}}