{"id":8293,"date":"2022-07-20T07:08:24","date_gmt":"2022-07-20T07:08:24","guid":{"rendered":"https:\/\/cokhitanminh.com\/may-dong-goi\/?post_type=product&#038;p=8293"},"modified":"2025-04-15T06:48:32","modified_gmt":"2025-04-15T06:48:32","slug":"may-dong-goi-ngang-co-indate-tmdg-5e1-250","status":"publish","type":"product","link":"https:\/\/cokhitanminh.com\/may-dong-goi\/may-dong-goi-ngang-co-indate-tmdg-5e1-250\/","title":{"rendered":"M\u00c1Y \u0110\u00d3NG G\u00d3I NGANG C\u00d3 INDATE (TM\u0110G-5E1-250)"},"content":{"rendered":"<p><a href=\"https:\/\/cokhitanminh.com\/may-dong-goi\/may-dong-goi-ngang-co-indate-tmdg-5e2\/\"><em><strong>M\u00e1y \u0111\u00f3ng g\u00f3i ngang c\u00f3 indate\u00a0 (TM\u0110G-5E1-250)<\/strong><\/em>\u00a0<\/a>l\u00e0 thi\u1ebft b\u1ecb \u0111\u01b0\u1ee3c C\u00f4ng Ty C\u01a1 Kh\u00ed T\u00e2n Minh s\u1ea3n xu\u1ea5t v\u00e0 ph\u00e2n ph\u1ed1i tr\u00ean to\u00e0n qu\u1ed1c. M\u00e1y \u0111\u01b0\u1ee3c \u1ee9ng d\u1ee5ng trong l\u0129nh v\u1ef1c\u00a0<strong>M\u00e1y \u0110\u00f3ng G\u00f3i<\/strong>. C\u00e1c s\u1ea3n ph\u1ea9m c\u1ee7a ch\u00fang t\u00f4i \u0111\u1ec1u \u0111\u01b0\u1ee3c ki\u1ec3m tra k\u1ef9 l\u01b0\u1ee1ng v\u00e0 v\u1eadn h\u00e0nh th\u1ef1c t\u1ebf \u0111\u1ec3 lu\u00f4n \u0111\u1ea3m b\u1ea3o ch\u1ea5t l\u01b0\u1ee3ng t\u1ed1t nh\u1ea5t tr\u01b0\u1edbc khi b\u00e0n giao thi\u1ebft b\u1ecb cho kh\u00e1ch h\u00e0ng.<\/p>\n<p style=\"text-align: center;\"><img loading=\"lazy\" decoding=\"async\" class=\"size-full wp-image-8295 aligncenter\" src=\"https:\/\/cokhitanminh.com\/may-dong-goi\/wp-content\/uploads\/2022\/07\/May-dong-goi-ngang-co-indate-tmdg-5e2-2.jpg\" alt=\"\" width=\"750\" height=\"350\" srcset=\"https:\/\/cokhitanminh.com\/may-dong-goi\/wp-content\/uploads\/2022\/07\/May-dong-goi-ngang-co-indate-tmdg-5e2-2.jpg 750w, https:\/\/cokhitanminh.com\/may-dong-goi\/wp-content\/uploads\/2022\/07\/May-dong-goi-ngang-co-indate-tmdg-5e2-2-300x140.jpg 300w, https:\/\/cokhitanminh.com\/may-dong-goi\/wp-content\/uploads\/2022\/07\/May-dong-goi-ngang-co-indate-tmdg-5e2-2-600x280.jpg 600w\" sizes=\"auto, (max-width: 750px) 100vw, 750px\" \/> <img loading=\"lazy\" decoding=\"async\" class=\"size-full wp-image-8296 aligncenter\" src=\"https:\/\/cokhitanminh.com\/may-dong-goi\/wp-content\/uploads\/2022\/07\/May-dong-goi-ngang-co-indate-tmdg-5e2-3.jpg\" alt=\"\" width=\"550\" height=\"308\" srcset=\"https:\/\/cokhitanminh.com\/may-dong-goi\/wp-content\/uploads\/2022\/07\/May-dong-goi-ngang-co-indate-tmdg-5e2-3.jpg 550w, https:\/\/cokhitanminh.com\/may-dong-goi\/wp-content\/uploads\/2022\/07\/May-dong-goi-ngang-co-indate-tmdg-5e2-3-300x168.jpg 300w\" sizes=\"auto, (max-width: 550px) 100vw, 550px\" \/> <img loading=\"lazy\" decoding=\"async\" class=\"size-full wp-image-8297 aligncenter\" src=\"https:\/\/cokhitanminh.com\/may-dong-goi\/wp-content\/uploads\/2022\/07\/May-dong-goi-ngang-co-indate-tmdg-5e2-4.jpg\" alt=\"\" width=\"550\" height=\"308\" srcset=\"https:\/\/cokhitanminh.com\/may-dong-goi\/wp-content\/uploads\/2022\/07\/May-dong-goi-ngang-co-indate-tmdg-5e2-4.jpg 550w, https:\/\/cokhitanminh.com\/may-dong-goi\/wp-content\/uploads\/2022\/07\/May-dong-goi-ngang-co-indate-tmdg-5e2-4-300x168.jpg 300w\" sizes=\"auto, (max-width: 550px) 100vw, 550px\" \/> <img loading=\"lazy\" decoding=\"async\" class=\"size-full wp-image-8298 aligncenter\" src=\"https:\/\/cokhitanminh.com\/may-dong-goi\/wp-content\/uploads\/2022\/07\/May-dong-goi-ngang-co-indate-tmdg-5e2-5.jpg\" alt=\"\" width=\"550\" height=\"308\" srcset=\"https:\/\/cokhitanminh.com\/may-dong-goi\/wp-content\/uploads\/2022\/07\/May-dong-goi-ngang-co-indate-tmdg-5e2-5.jpg 550w, https:\/\/cokhitanminh.com\/may-dong-goi\/wp-content\/uploads\/2022\/07\/May-dong-goi-ngang-co-indate-tmdg-5e2-5-300x168.jpg 300w\" sizes=\"auto, (max-width: 550px) 100vw, 550px\" \/> <img loading=\"lazy\" decoding=\"async\" class=\"size-full wp-image-8299 aligncenter\" src=\"https:\/\/cokhitanminh.com\/may-dong-goi\/wp-content\/uploads\/2022\/07\/May-dong-goi-ngang-co-indate-tmdg-5e2-6.jpg\" alt=\"\" width=\"550\" height=\"386\" srcset=\"https:\/\/cokhitanminh.com\/may-dong-goi\/wp-content\/uploads\/2022\/07\/May-dong-goi-ngang-co-indate-tmdg-5e2-6.jpg 550w, https:\/\/cokhitanminh.com\/may-dong-goi\/wp-content\/uploads\/2022\/07\/May-dong-goi-ngang-co-indate-tmdg-5e2-6-300x211.jpg 300w\" sizes=\"auto, (max-width: 550px) 100vw, 550px\" \/> <img loading=\"lazy\" decoding=\"async\" class=\"size-full wp-image-8300 aligncenter\" src=\"https:\/\/cokhitanminh.com\/may-dong-goi\/wp-content\/uploads\/2022\/07\/May-dong-goi-ngang-co-indate-tmdg-5e2-7.jpg\" alt=\"\" width=\"550\" height=\"267\" srcset=\"https:\/\/cokhitanminh.com\/may-dong-goi\/wp-content\/uploads\/2022\/07\/May-dong-goi-ngang-co-indate-tmdg-5e2-7.jpg 550w, https:\/\/cokhitanminh.com\/may-dong-goi\/wp-content\/uploads\/2022\/07\/May-dong-goi-ngang-co-indate-tmdg-5e2-7-300x146.jpg 300w\" sizes=\"auto, (max-width: 550px) 100vw, 550px\" \/> <img loading=\"lazy\" decoding=\"async\" class=\"size-full wp-image-8302 aligncenter\" src=\"https:\/\/cokhitanminh.com\/may-dong-goi\/wp-content\/uploads\/2022\/07\/May-dong-goi-ngang-co-indate-tmdg-5e2-9.jpg\" alt=\"\" width=\"550\" height=\"308\" srcset=\"https:\/\/cokhitanminh.com\/may-dong-goi\/wp-content\/uploads\/2022\/07\/May-dong-goi-ngang-co-indate-tmdg-5e2-9.jpg 550w, https:\/\/cokhitanminh.com\/may-dong-goi\/wp-content\/uploads\/2022\/07\/May-dong-goi-ngang-co-indate-tmdg-5e2-9-300x168.jpg 300w\" sizes=\"auto, (max-width: 550px) 100vw, 550px\" \/> <img loading=\"lazy\" decoding=\"async\" class=\"size-full wp-image-8303 aligncenter\" src=\"https:\/\/cokhitanminh.com\/may-dong-goi\/wp-content\/uploads\/2022\/07\/May-dong-goi-ngang-co-indate-tmdg-5e2-10.jpg\" alt=\"\" width=\"550\" height=\"308\" srcset=\"https:\/\/cokhitanminh.com\/may-dong-goi\/wp-content\/uploads\/2022\/07\/May-dong-goi-ngang-co-indate-tmdg-5e2-10.jpg 550w, https:\/\/cokhitanminh.com\/may-dong-goi\/wp-content\/uploads\/2022\/07\/May-dong-goi-ngang-co-indate-tmdg-5e2-10-300x168.jpg 300w\" sizes=\"auto, (max-width: 550px) 100vw, 550px\" \/> <img loading=\"lazy\" decoding=\"async\" class=\"aligncenter wp-image-8304 size-full\" src=\"https:\/\/cokhitanminh.com\/may-dong-goi\/wp-content\/uploads\/2022\/07\/May-dong-goi-ngang-co-indate-tmdg-5e2-11.jpg\" alt=\"\" width=\"550\" height=\"308\" srcset=\"https:\/\/cokhitanminh.com\/may-dong-goi\/wp-content\/uploads\/2022\/07\/May-dong-goi-ngang-co-indate-tmdg-5e2-11.jpg 550w, https:\/\/cokhitanminh.com\/may-dong-goi\/wp-content\/uploads\/2022\/07\/May-dong-goi-ngang-co-indate-tmdg-5e2-11-300x168.jpg 300w\" sizes=\"auto, (max-width: 550px) 100vw, 550px\" \/><\/p>\n<p><strong>Th\u00f4ng s\u1ed1 k\u1ef9 thu\u1eadt:<\/strong><\/p>\n<p><a href=\"https:\/\/cokhitanminh.com\/may-dong-goi\/wp-content\/uploads\/2022\/07\/TMDG-5E1-250.jpg\"><img loading=\"lazy\" decoding=\"async\" class=\"aligncenter size-full wp-image-8884\" src=\"https:\/\/cokhitanminh.com\/may-dong-goi\/wp-content\/uploads\/2022\/07\/TMDG-5E1-250.jpg\" alt=\"\" width=\"719\" height=\"252\" srcset=\"https:\/\/cokhitanminh.com\/may-dong-goi\/wp-content\/uploads\/2022\/07\/TMDG-5E1-250.jpg 719w, https:\/\/cokhitanminh.com\/may-dong-goi\/wp-content\/uploads\/2022\/07\/TMDG-5E1-250-300x105.jpg 300w, https:\/\/cokhitanminh.com\/may-dong-goi\/wp-content\/uploads\/2022\/07\/TMDG-5E1-250-600x210.jpg 600w\" sizes=\"auto, (max-width: 719px) 100vw, 719px\" \/><\/a><\/p>\n<p>Chi ti\u1ebft s\u1ea3n ph\u1ea9m\u00a0<em><strong>M\u00e1y \u0111\u00f3ng g\u00f3i ngang c\u00f3 indate\u00a0 (TM\u0110G-5E1-250) <\/strong><\/em>xin vui l\u00f2ng li\u00ean h\u1ec7 Hotline: 1900.2861 ho\u1eb7c 0967.68.6911 \u0110\u1ec3 \u0111\u01b0\u1ee3c t\u01b0 v\u1ea5n ho\u00e0n to\u00e0n mi\u1ec5n ph\u00ed!<\/p>\n","protected":false},"excerpt":{"rendered":"<p>M\u00e1y \u0111\u00f3ng g\u00f3i ngang c\u00f3 indate\u00a0 (TM\u0110G-5E1-250)\u00a0l\u00e0 thi\u1ebft b\u1ecb \u0111\u01b0\u1ee3c C\u00f4ng Ty C\u01a1 Kh\u00ed T\u00e2n Minh s\u1ea3n xu\u1ea5t v\u00e0 ph\u00e2n ph\u1ed1i tr\u00ean to\u00e0n qu\u1ed1c. M\u00e1y \u0111\u01b0\u1ee3c \u1ee9ng d\u1ee5ng trong l\u0129nh v\u1ef1c\u00a0M\u00e1y \u0110\u00f3ng G\u00f3i. C\u00e1c s\u1ea3n ph\u1ea9m c\u1ee7a ch\u00fang t\u00f4i \u0111\u1ec1u \u0111\u01b0\u1ee3c ki\u1ec3m tra k\u1ef9 l\u01b0\u1ee1ng v\u00e0 v\u1eadn h\u00e0nh th\u1ef1c t\u1ebf \u0111\u1ec3 lu\u00f4n \u0111\u1ea3m b\u1ea3o ch\u1ea5t &#8230;<\/p>\n","protected":false},"featured_media":8294,"comment_status":"open","ping_status":"closed","template":"","meta":[],"class_list":{"0":"post-8293","1":"product","2":"type-product","3":"status-publish","4":"has-post-thumbnail","6":"product_cat-may-dong-goi-dang-tui-dang-bao","7":"product_cat-may-dong-goi-ngang","9":"first","10":"instock","11":"shipping-taxable","12":"purchasable","13":"product-type-simple"},"brands":[],"yoast_head":"<!-- This site is optimized with the Yoast SEO plugin v17.6 - https:\/\/yoast.com\/wordpress\/plugins\/seo\/ -->\n<title>M\u00c1Y \u0110\u00d3NG G\u00d3I NGANG C\u00d3 INDATE (TM\u0110G-5E1-250) - M\u00c1Y \u0110\u00d3NG G\u00d3I T\u00c2N MINH<\/title>\n<meta name=\"description\" content=\"M\u00e1y \u0111\u00f3ng g\u00f3i ngang c\u00f3 indate\u00a0 (TM\u0110G-5E1-250). Chi ti\u1ebft s\u1ea3n ph\u1ea9m\u00a0xin vui l\u00f2ng li\u00ean h\u1ec7 Hotline: 1900.2861 ho\u1eb7c 0967.68.6911 \u0110\u1ec3 \u0111\u01b0\u1ee3c t\u01b0 v\u1ea5n ho\u00e0n to\u00e0n mi\u1ec5n ph\u00ed!\" \/>\n<meta name=\"robots\" content=\"index, follow, max-snippet:-1, max-image-preview:large, max-video-preview:-1\" \/>\n<link rel=\"canonical\" href=\"https:\/\/cokhitanminh.com\/may-dong-goi\/may-dong-goi-ngang-co-indate-tmdg-5e1-250\/\" \/>\n<meta property=\"og:locale\" content=\"vi_VN\" \/>\n<meta property=\"og:type\" content=\"article\" \/>\n<meta property=\"og:title\" content=\"M\u00c1Y \u0110\u00d3NG G\u00d3I NGANG C\u00d3 INDATE (TM\u0110G-5E1-250) - M\u00c1Y \u0110\u00d3NG G\u00d3I T\u00c2N MINH\" \/>\n<meta property=\"og:description\" content=\"M\u00e1y \u0111\u00f3ng g\u00f3i ngang c\u00f3 indate\u00a0 (TM\u0110G-5E1-250). Chi ti\u1ebft s\u1ea3n ph\u1ea9m\u00a0xin vui l\u00f2ng li\u00ean h\u1ec7 Hotline: 1900.2861 ho\u1eb7c 0967.68.6911 \u0110\u1ec3 \u0111\u01b0\u1ee3c t\u01b0 v\u1ea5n ho\u00e0n to\u00e0n mi\u1ec5n ph\u00ed!\" \/>\n<meta property=\"og:url\" content=\"https:\/\/cokhitanminh.com\/may-dong-goi\/may-dong-goi-ngang-co-indate-tmdg-5e1-250\/\" \/>\n<meta property=\"og:site_name\" content=\"M\u00c1Y \u0110\u00d3NG G\u00d3I T\u00c2N MINH\" \/>\n<meta property=\"article:modified_time\" content=\"2025-04-15T06:48:32+00:00\" \/>\n<meta property=\"og:image\" content=\"https:\/\/cokhitanminh.com\/may-dong-goi\/wp-content\/uploads\/2022\/07\/May-dong-goi-ngang-co-indate-tmdg-5e2-1.jpg\" \/>\n\t<meta property=\"og:image:width\" content=\"550\" \/>\n\t<meta property=\"og:image:height\" content=\"550\" \/>\n<meta name=\"twitter:card\" content=\"summary_large_image\" \/>\n<meta name=\"twitter:label1\" content=\"\u01af\u1edbc t\u00ednh th\u1eddi gian \u0111\u1ecdc\" \/>\n\t<meta name=\"twitter:data1\" content=\"3 ph\u00fat\" \/>\n<script type=\"application\/ld+json\" class=\"yoast-schema-graph\">{\"@context\":\"https:\/\/schema.org\",\"@graph\":[{\"@type\":\"WebSite\",\"@id\":\"https:\/\/cokhitanminh.com\/may-dong-goi\/#website\",\"url\":\"https:\/\/cokhitanminh.com\/may-dong-goi\/\",\"name\":\"M\\u00c1Y \\u0110\\u00d3NG G\\u00d3I T\\u00c2N MINH\",\"description\":\"Chuy\\u00ean gia m\\u00e1y \\u0111\\u00f3ng g\\u00f3i\",\"potentialAction\":[{\"@type\":\"SearchAction\",\"target\":{\"@type\":\"EntryPoint\",\"urlTemplate\":\"https:\/\/cokhitanminh.com\/may-dong-goi\/?s={search_term_string}\"},\"query-input\":\"required name=search_term_string\"}],\"inLanguage\":\"vi\"},{\"@type\":\"ImageObject\",\"@id\":\"https:\/\/cokhitanminh.com\/may-dong-goi\/may-dong-goi-ngang-co-indate-tmdg-5e1-250\/#primaryimage\",\"inLanguage\":\"vi\",\"url\":\"https:\/\/cokhitanminh.com\/may-dong-goi\/wp-content\/uploads\/2022\/07\/May-dong-goi-ngang-co-indate-tmdg-5e2-1.jpg\",\"contentUrl\":\"https:\/\/cokhitanminh.com\/may-dong-goi\/wp-content\/uploads\/2022\/07\/May-dong-goi-ngang-co-indate-tmdg-5e2-1.jpg\",\"width\":550,\"height\":550},{\"@type\":\"WebPage\",\"@id\":\"https:\/\/cokhitanminh.com\/may-dong-goi\/may-dong-goi-ngang-co-indate-tmdg-5e1-250\/#webpage\",\"url\":\"https:\/\/cokhitanminh.com\/may-dong-goi\/may-dong-goi-ngang-co-indate-tmdg-5e1-250\/\",\"name\":\"M\\u00c1Y \\u0110\\u00d3NG G\\u00d3I NGANG C\\u00d3 INDATE (TM\\u0110G-5E1-250) - M\\u00c1Y \\u0110\\u00d3NG G\\u00d3I T\\u00c2N MINH\",\"isPartOf\":{\"@id\":\"https:\/\/cokhitanminh.com\/may-dong-goi\/#website\"},\"primaryImageOfPage\":{\"@id\":\"https:\/\/cokhitanminh.com\/may-dong-goi\/may-dong-goi-ngang-co-indate-tmdg-5e1-250\/#primaryimage\"},\"datePublished\":\"2022-07-20T07:08:24+00:00\",\"dateModified\":\"2025-04-15T06:48:32+00:00\",\"description\":\"M\\u00e1y \\u0111\\u00f3ng g\\u00f3i ngang c\\u00f3 indate\\u00a0 (TM\\u0110G-5E1-250). Chi ti\\u1ebft s\\u1ea3n ph\\u1ea9m\\u00a0xin vui l\\u00f2ng li\\u00ean h\\u1ec7 Hotline: 1900.2861 ho\\u1eb7c 0967.68.6911 \\u0110\\u1ec3 \\u0111\\u01b0\\u1ee3c t\\u01b0 v\\u1ea5n ho\\u00e0n to\\u00e0n mi\\u1ec5n ph\\u00ed!\",\"breadcrumb\":{\"@id\":\"https:\/\/cokhitanminh.com\/may-dong-goi\/may-dong-goi-ngang-co-indate-tmdg-5e1-250\/#breadcrumb\"},\"inLanguage\":\"vi\",\"potentialAction\":[{\"@type\":\"ReadAction\",\"target\":[\"https:\/\/cokhitanminh.com\/may-dong-goi\/may-dong-goi-ngang-co-indate-tmdg-5e1-250\/\"]}]},{\"@type\":\"BreadcrumbList\",\"@id\":\"https:\/\/cokhitanminh.com\/may-dong-goi\/may-dong-goi-ngang-co-indate-tmdg-5e1-250\/#breadcrumb\",\"itemListElement\":[{\"@type\":\"ListItem\",\"position\":1,\"name\":\"Trang ch\\u1ee7\",\"item\":\"https:\/\/cokhitanminh.com\/may-dong-goi\/\"},{\"@type\":\"ListItem\",\"position\":2,\"name\":\"C\\u1eeda h\\u00e0ng\",\"item\":\"https:\/\/cokhitanminh.com\/may-dong-goi\/mua\/\"},{\"@type\":\"ListItem\",\"position\":3,\"name\":\"M\\u00c1Y \\u0110\\u00d3NG G\\u00d3I NGANG C\\u00d3 INDATE (TM\\u0110G-5E1-250)\"}]}]}<\/script>\n<!-- \/ Yoast SEO plugin. -->","yoast_head_json":{"title":"M\u00c1Y \u0110\u00d3NG G\u00d3I NGANG C\u00d3 INDATE (TM\u0110G-5E1-250) - M\u00c1Y \u0110\u00d3NG G\u00d3I T\u00c2N MINH","description":"M\u00e1y \u0111\u00f3ng g\u00f3i ngang c\u00f3 indate\u00a0 (TM\u0110G-5E1-250). Chi ti\u1ebft s\u1ea3n ph\u1ea9m\u00a0xin vui l\u00f2ng li\u00ean h\u1ec7 Hotline: 1900.2861 ho\u1eb7c 0967.68.6911 \u0110\u1ec3 \u0111\u01b0\u1ee3c t\u01b0 v\u1ea5n ho\u00e0n to\u00e0n mi\u1ec5n ph\u00ed!","robots":{"index":"index","follow":"follow","max-snippet":"max-snippet:-1","max-image-preview":"max-image-preview:large","max-video-preview":"max-video-preview:-1"},"canonical":"https:\/\/cokhitanminh.com\/may-dong-goi\/may-dong-goi-ngang-co-indate-tmdg-5e1-250\/","og_locale":"vi_VN","og_type":"article","og_title":"M\u00c1Y \u0110\u00d3NG G\u00d3I NGANG C\u00d3 INDATE (TM\u0110G-5E1-250) - M\u00c1Y \u0110\u00d3NG G\u00d3I T\u00c2N MINH","og_description":"M\u00e1y \u0111\u00f3ng g\u00f3i ngang c\u00f3 indate\u00a0 (TM\u0110G-5E1-250). Chi ti\u1ebft s\u1ea3n ph\u1ea9m\u00a0xin vui l\u00f2ng li\u00ean h\u1ec7 Hotline: 1900.2861 ho\u1eb7c 0967.68.6911 \u0110\u1ec3 \u0111\u01b0\u1ee3c t\u01b0 v\u1ea5n ho\u00e0n to\u00e0n mi\u1ec5n ph\u00ed!","og_url":"https:\/\/cokhitanminh.com\/may-dong-goi\/may-dong-goi-ngang-co-indate-tmdg-5e1-250\/","og_site_name":"M\u00c1Y \u0110\u00d3NG G\u00d3I T\u00c2N MINH","article_modified_time":"2025-04-15T06:48:32+00:00","og_image":[{"width":550,"height":550,"url":"https:\/\/cokhitanminh.com\/may-dong-goi\/wp-content\/uploads\/2022\/07\/May-dong-goi-ngang-co-indate-tmdg-5e2-1.jpg","type":"image\/jpeg"}],"twitter_card":"summary_large_image","twitter_misc":{"\u01af\u1edbc t\u00ednh th\u1eddi gian \u0111\u1ecdc":"3 ph\u00fat"},"schema":{"@context":"https:\/\/schema.org","@graph":[{"@type":"WebSite","@id":"https:\/\/cokhitanminh.com\/may-dong-goi\/#website","url":"https:\/\/cokhitanminh.com\/may-dong-goi\/","name":"M\u00c1Y \u0110\u00d3NG G\u00d3I T\u00c2N MINH","description":"Chuy\u00ean gia m\u00e1y \u0111\u00f3ng g\u00f3i","potentialAction":[{"@type":"SearchAction","target":{"@type":"EntryPoint","urlTemplate":"https:\/\/cokhitanminh.com\/may-dong-goi\/?s={search_term_string}"},"query-input":"required name=search_term_string"}],"inLanguage":"vi"},{"@type":"ImageObject","@id":"https:\/\/cokhitanminh.com\/may-dong-goi\/may-dong-goi-ngang-co-indate-tmdg-5e1-250\/#primaryimage","inLanguage":"vi","url":"https:\/\/cokhitanminh.com\/may-dong-goi\/wp-content\/uploads\/2022\/07\/May-dong-goi-ngang-co-indate-tmdg-5e2-1.jpg","contentUrl":"https:\/\/cokhitanminh.com\/may-dong-goi\/wp-content\/uploads\/2022\/07\/May-dong-goi-ngang-co-indate-tmdg-5e2-1.jpg","width":550,"height":550},{"@type":"WebPage","@id":"https:\/\/cokhitanminh.com\/may-dong-goi\/may-dong-goi-ngang-co-indate-tmdg-5e1-250\/#webpage","url":"https:\/\/cokhitanminh.com\/may-dong-goi\/may-dong-goi-ngang-co-indate-tmdg-5e1-250\/","name":"M\u00c1Y \u0110\u00d3NG G\u00d3I NGANG C\u00d3 INDATE (TM\u0110G-5E1-250) - M\u00c1Y \u0110\u00d3NG G\u00d3I T\u00c2N MINH","isPartOf":{"@id":"https:\/\/cokhitanminh.com\/may-dong-goi\/#website"},"primaryImageOfPage":{"@id":"https:\/\/cokhitanminh.com\/may-dong-goi\/may-dong-goi-ngang-co-indate-tmdg-5e1-250\/#primaryimage"},"datePublished":"2022-07-20T07:08:24+00:00","dateModified":"2025-04-15T06:48:32+00:00","description":"M\u00e1y \u0111\u00f3ng g\u00f3i ngang c\u00f3 indate\u00a0 (TM\u0110G-5E1-250). Chi ti\u1ebft s\u1ea3n ph\u1ea9m\u00a0xin vui l\u00f2ng li\u00ean h\u1ec7 Hotline: 1900.2861 ho\u1eb7c 0967.68.6911 \u0110\u1ec3 \u0111\u01b0\u1ee3c t\u01b0 v\u1ea5n ho\u00e0n to\u00e0n mi\u1ec5n ph\u00ed!","breadcrumb":{"@id":"https:\/\/cokhitanminh.com\/may-dong-goi\/may-dong-goi-ngang-co-indate-tmdg-5e1-250\/#breadcrumb"},"inLanguage":"vi","potentialAction":[{"@type":"ReadAction","target":["https:\/\/cokhitanminh.com\/may-dong-goi\/may-dong-goi-ngang-co-indate-tmdg-5e1-250\/"]}]},{"@type":"BreadcrumbList","@id":"https:\/\/cokhitanminh.com\/may-dong-goi\/may-dong-goi-ngang-co-indate-tmdg-5e1-250\/#breadcrumb","itemListElement":[{"@type":"ListItem","position":1,"name":"Trang ch\u1ee7","item":"https:\/\/cokhitanminh.com\/may-dong-goi\/"},{"@type":"ListItem","position":2,"name":"C\u1eeda h\u00e0ng","item":"https:\/\/cokhitanminh.com\/may-dong-goi\/mua\/"},{"@type":"ListItem","position":3,"name":"M\u00c1Y \u0110\u00d3NG G\u00d3I NGANG C\u00d3 INDATE (TM\u0110G-5E1-250)"}]}]}},"_links":{"self":[{"href":"https:\/\/cokhitanminh.com\/may-dong-goi\/wp-json\/wp\/v2\/product\/8293","targetHints":{"allow":["GET"]}}],"collection":[{"href":"https:\/\/cokhitanminh.com\/may-dong-goi\/wp-json\/wp\/v2\/product"}],"about":[{"href":"https:\/\/cokhitanminh.com\/may-dong-goi\/wp-json\/wp\/v2\/types\/product"}],"replies":[{"embeddable":true,"href":"https:\/\/cokhitanminh.com\/may-dong-goi\/wp-json\/wp\/v2\/comments?post=8293"}],"wp:featuredmedia":[{"embeddable":true,"href":"https:\/\/cokhitanminh.com\/may-dong-goi\/wp-json\/wp\/v2\/media\/8294"}],"wp:attachment":[{"href":"https:\/\/cokhitanminh.com\/may-dong-goi\/wp-json\/wp\/v2\/media?parent=8293"}],"curies":[{"name":"wp","href":"https:\/\/api.w.org\/{rel}","templated":true}]}}