{"id":8229,"date":"2022-06-17T04:45:30","date_gmt":"2022-06-17T04:45:30","guid":{"rendered":"https:\/\/cokhitanminh.com\/may-dong-goi\/?post_type=product&#038;p=8229"},"modified":"2022-06-17T04:45:51","modified_gmt":"2022-06-17T04:45:51","slug":"day-chuyen-dong-goi-va-co-mang-tu-dong-tmdg-b03","status":"publish","type":"product","link":"https:\/\/cokhitanminh.com\/may-dong-goi\/day-chuyen-dong-goi-va-co-mang-tu-dong-tmdg-b03\/","title":{"rendered":"D\u00c2Y CHUY\u1ec0N \u0110\u00d3NG G\u00d3I V\u00c0 CO M\u00c0NG T\u1ef0 \u0110\u1ed8NG TM\u0110G-B03"},"content":{"rendered":"<p><a href=\"https:\/\/cokhitanminh.com\/may-dong-goi\/day-chuyen-dong-goi-va-co-mang-tu-dong-tmdg-b03\/\"><em><strong>D\u00e2y chuy\u1ec1n \u0111\u00f3ng g\u00f3i v\u00e0 co m\u00e0ng t\u1ef1 \u0111\u1ed9ng<\/strong><\/em><\/a>\u00a0TM\u0110G-B03\u00a0\u0111\u01b0\u1ee3c C\u00f4ng Ty C\u01a1 Kh\u00ed T\u00e2n Minh s\u1ea3n xu\u1ea5t v\u00e0 ph\u00e2n ph\u1ed1i tr\u00ean to\u00e0n qu\u1ed1c. M\u00e1y \u0111\u01b0\u1ee3c \u1ee9ng d\u1ee5ng trong l\u0129nh v\u1ef1c\u00a0<strong>M\u00e1y\u00a0 Th<\/strong><strong>\u1ef1<\/strong><strong>c Ph<\/strong><strong>\u1ea9<\/strong><strong>m<\/strong>.C\u00e1c s\u1ea3n ph\u1ea9m c\u1ee7a ch\u00fang t\u00f4i \u0111\u1ec1u \u0111\u01b0\u1ee3c ki\u1ec3m tra k\u1ef9 l\u01b0\u1ee1ng v\u00e0 v\u1eadn h\u00e0nh th\u1ef1c t\u1ebf \u0111\u1ec3 lu\u00f4n \u0111\u1ea3m b\u1ea3o ch\u1ea5t l\u01b0\u1ee3ng t\u1ed1t nh\u1ea5t tr\u01b0\u1edbc khi b\u00e0n giao thi\u1ebft b\u1ecb cho kh\u00e1ch h\u00e0ng.<\/p>\n<p><img loading=\"lazy\" decoding=\"async\" class=\"size-full wp-image-8230 aligncenter\" src=\"https:\/\/cokhitanminh.com\/may-dong-goi\/wp-content\/uploads\/2022\/06\/day-chuyen-dong-goi-va-co-mang-tu-dong-tmdg-b03-3.jpg\" alt=\"\" width=\"750\" height=\"350\" srcset=\"https:\/\/cokhitanminh.com\/may-dong-goi\/wp-content\/uploads\/2022\/06\/day-chuyen-dong-goi-va-co-mang-tu-dong-tmdg-b03-3.jpg 750w, https:\/\/cokhitanminh.com\/may-dong-goi\/wp-content\/uploads\/2022\/06\/day-chuyen-dong-goi-va-co-mang-tu-dong-tmdg-b03-3-300x140.jpg 300w, https:\/\/cokhitanminh.com\/may-dong-goi\/wp-content\/uploads\/2022\/06\/day-chuyen-dong-goi-va-co-mang-tu-dong-tmdg-b03-3-600x280.jpg 600w\" sizes=\"auto, (max-width: 750px) 100vw, 750px\" \/><\/p>\n<p><img loading=\"lazy\" decoding=\"async\" class=\"size-full wp-image-8241 aligncenter\" src=\"https:\/\/cokhitanminh.com\/may-dong-goi\/wp-content\/uploads\/2022\/06\/day-chuyen-dong-goi-va-co-mang-tu-dong-tmdg-b03-2.jpg\" alt=\"\" width=\"550\" height=\"641\" srcset=\"https:\/\/cokhitanminh.com\/may-dong-goi\/wp-content\/uploads\/2022\/06\/day-chuyen-dong-goi-va-co-mang-tu-dong-tmdg-b03-2.jpg 550w, https:\/\/cokhitanminh.com\/may-dong-goi\/wp-content\/uploads\/2022\/06\/day-chuyen-dong-goi-va-co-mang-tu-dong-tmdg-b03-2-257x300.jpg 257w\" sizes=\"auto, (max-width: 550px) 100vw, 550px\" \/><\/p>\n<p><img loading=\"lazy\" decoding=\"async\" class=\"size-full wp-image-8231 aligncenter\" src=\"https:\/\/cokhitanminh.com\/may-dong-goi\/wp-content\/uploads\/2022\/06\/day-chuyen-dong-goi-va-co-mang-tu-dong-tmdg-b03-4.jpg\" alt=\"\" width=\"550\" height=\"310\" srcset=\"https:\/\/cokhitanminh.com\/may-dong-goi\/wp-content\/uploads\/2022\/06\/day-chuyen-dong-goi-va-co-mang-tu-dong-tmdg-b03-4.jpg 550w, https:\/\/cokhitanminh.com\/may-dong-goi\/wp-content\/uploads\/2022\/06\/day-chuyen-dong-goi-va-co-mang-tu-dong-tmdg-b03-4-300x169.jpg 300w\" sizes=\"auto, (max-width: 550px) 100vw, 550px\" \/><\/p>\n<p><img loading=\"lazy\" decoding=\"async\" class=\"size-full wp-image-8232 aligncenter\" src=\"https:\/\/cokhitanminh.com\/may-dong-goi\/wp-content\/uploads\/2022\/06\/day-chuyen-dong-goi-va-co-mang-tu-dong-tmdg-b03-5.jpg\" alt=\"\" width=\"550\" height=\"310\" srcset=\"https:\/\/cokhitanminh.com\/may-dong-goi\/wp-content\/uploads\/2022\/06\/day-chuyen-dong-goi-va-co-mang-tu-dong-tmdg-b03-5.jpg 550w, https:\/\/cokhitanminh.com\/may-dong-goi\/wp-content\/uploads\/2022\/06\/day-chuyen-dong-goi-va-co-mang-tu-dong-tmdg-b03-5-300x169.jpg 300w\" sizes=\"auto, (max-width: 550px) 100vw, 550px\" \/><\/p>\n<p><img loading=\"lazy\" decoding=\"async\" class=\"size-full wp-image-8233 aligncenter\" src=\"https:\/\/cokhitanminh.com\/may-dong-goi\/wp-content\/uploads\/2022\/06\/day-chuyen-dong-goi-va-co-mang-tu-dong-tmdg-b03-6.jpg\" alt=\"\" width=\"550\" height=\"312\" srcset=\"https:\/\/cokhitanminh.com\/may-dong-goi\/wp-content\/uploads\/2022\/06\/day-chuyen-dong-goi-va-co-mang-tu-dong-tmdg-b03-6.jpg 550w, https:\/\/cokhitanminh.com\/may-dong-goi\/wp-content\/uploads\/2022\/06\/day-chuyen-dong-goi-va-co-mang-tu-dong-tmdg-b03-6-300x170.jpg 300w\" sizes=\"auto, (max-width: 550px) 100vw, 550px\" \/><\/p>\n<p><img loading=\"lazy\" decoding=\"async\" class=\"size-full wp-image-8234 aligncenter\" src=\"https:\/\/cokhitanminh.com\/may-dong-goi\/wp-content\/uploads\/2022\/06\/day-chuyen-dong-goi-va-co-mang-tu-dong-tmdg-b03-7.jpg\" alt=\"\" width=\"550\" height=\"556\" srcset=\"https:\/\/cokhitanminh.com\/may-dong-goi\/wp-content\/uploads\/2022\/06\/day-chuyen-dong-goi-va-co-mang-tu-dong-tmdg-b03-7.jpg 550w, https:\/\/cokhitanminh.com\/may-dong-goi\/wp-content\/uploads\/2022\/06\/day-chuyen-dong-goi-va-co-mang-tu-dong-tmdg-b03-7-297x300.jpg 297w, https:\/\/cokhitanminh.com\/may-dong-goi\/wp-content\/uploads\/2022\/06\/day-chuyen-dong-goi-va-co-mang-tu-dong-tmdg-b03-7-100x100.jpg 100w\" sizes=\"auto, (max-width: 550px) 100vw, 550px\" \/><\/p>\n<p><img loading=\"lazy\" decoding=\"async\" class=\"size-full wp-image-8235 aligncenter\" src=\"https:\/\/cokhitanminh.com\/may-dong-goi\/wp-content\/uploads\/2022\/06\/day-chuyen-dong-goi-va-co-mang-tu-dong-tmdg-b03-8.jpg\" alt=\"\" width=\"550\" height=\"341\" srcset=\"https:\/\/cokhitanminh.com\/may-dong-goi\/wp-content\/uploads\/2022\/06\/day-chuyen-dong-goi-va-co-mang-tu-dong-tmdg-b03-8.jpg 550w, https:\/\/cokhitanminh.com\/may-dong-goi\/wp-content\/uploads\/2022\/06\/day-chuyen-dong-goi-va-co-mang-tu-dong-tmdg-b03-8-300x186.jpg 300w\" sizes=\"auto, (max-width: 550px) 100vw, 550px\" \/><\/p>\n<p><img loading=\"lazy\" decoding=\"async\" class=\"size-full wp-image-8236 aligncenter\" src=\"https:\/\/cokhitanminh.com\/may-dong-goi\/wp-content\/uploads\/2022\/06\/day-chuyen-dong-goi-va-co-mang-tu-dong-tmdg-b03-12.jpg\" alt=\"\" width=\"550\" height=\"310\" srcset=\"https:\/\/cokhitanminh.com\/may-dong-goi\/wp-content\/uploads\/2022\/06\/day-chuyen-dong-goi-va-co-mang-tu-dong-tmdg-b03-12.jpg 550w, https:\/\/cokhitanminh.com\/may-dong-goi\/wp-content\/uploads\/2022\/06\/day-chuyen-dong-goi-va-co-mang-tu-dong-tmdg-b03-12-300x169.jpg 300w\" sizes=\"auto, (max-width: 550px) 100vw, 550px\" \/><\/p>\n<p><img loading=\"lazy\" decoding=\"async\" class=\"size-full wp-image-8237 aligncenter\" src=\"https:\/\/cokhitanminh.com\/may-dong-goi\/wp-content\/uploads\/2022\/06\/day-chuyen-dong-goi-va-co-mang-tu-dong-tmdg-b03-13.jpg\" alt=\"\" width=\"550\" height=\"310\" srcset=\"https:\/\/cokhitanminh.com\/may-dong-goi\/wp-content\/uploads\/2022\/06\/day-chuyen-dong-goi-va-co-mang-tu-dong-tmdg-b03-13.jpg 550w, https:\/\/cokhitanminh.com\/may-dong-goi\/wp-content\/uploads\/2022\/06\/day-chuyen-dong-goi-va-co-mang-tu-dong-tmdg-b03-13-300x169.jpg 300w\" sizes=\"auto, (max-width: 550px) 100vw, 550px\" \/><\/p>\n<p><img loading=\"lazy\" decoding=\"async\" class=\"size-full wp-image-8238 aligncenter\" src=\"https:\/\/cokhitanminh.com\/may-dong-goi\/wp-content\/uploads\/2022\/06\/day-chuyen-dong-goi-va-co-mang-tu-dong-tmdg-b03-14.jpg\" alt=\"\" width=\"550\" height=\"310\" srcset=\"https:\/\/cokhitanminh.com\/may-dong-goi\/wp-content\/uploads\/2022\/06\/day-chuyen-dong-goi-va-co-mang-tu-dong-tmdg-b03-14.jpg 550w, https:\/\/cokhitanminh.com\/may-dong-goi\/wp-content\/uploads\/2022\/06\/day-chuyen-dong-goi-va-co-mang-tu-dong-tmdg-b03-14-300x169.jpg 300w\" sizes=\"auto, (max-width: 550px) 100vw, 550px\" \/><\/p>\n<p><img loading=\"lazy\" decoding=\"async\" class=\"size-full wp-image-8239 aligncenter\" src=\"https:\/\/cokhitanminh.com\/may-dong-goi\/wp-content\/uploads\/2022\/06\/day-chuyen-dong-goi-va-co-mang-tu-dong-tmdg-b03-15.jpg\" alt=\"\" width=\"550\" height=\"371\" srcset=\"https:\/\/cokhitanminh.com\/may-dong-goi\/wp-content\/uploads\/2022\/06\/day-chuyen-dong-goi-va-co-mang-tu-dong-tmdg-b03-15.jpg 550w, https:\/\/cokhitanminh.com\/may-dong-goi\/wp-content\/uploads\/2022\/06\/day-chuyen-dong-goi-va-co-mang-tu-dong-tmdg-b03-15-300x202.jpg 300w\" sizes=\"auto, (max-width: 550px) 100vw, 550px\" \/><\/p>\n<p><img loading=\"lazy\" decoding=\"async\" class=\"size-full wp-image-8240 aligncenter\" src=\"https:\/\/cokhitanminh.com\/may-dong-goi\/wp-content\/uploads\/2022\/06\/day-chuyen-dong-goi-va-co-mang-tu-dong-tmdg-b03-16.jpg\" alt=\"\" width=\"550\" height=\"310\" srcset=\"https:\/\/cokhitanminh.com\/may-dong-goi\/wp-content\/uploads\/2022\/06\/day-chuyen-dong-goi-va-co-mang-tu-dong-tmdg-b03-16.jpg 550w, https:\/\/cokhitanminh.com\/may-dong-goi\/wp-content\/uploads\/2022\/06\/day-chuyen-dong-goi-va-co-mang-tu-dong-tmdg-b03-16-300x169.jpg 300w\" sizes=\"auto, (max-width: 550px) 100vw, 550px\" \/><\/p>\n<p><strong>Th\u00f4ng s\u1ed1 k\u1ef9 thu\u1eadt:<\/strong><\/p>\n<p><img loading=\"lazy\" decoding=\"async\" class=\"aligncenter wp-image-8242\" src=\"https:\/\/cokhitanminh.com\/may-dong-goi\/wp-content\/uploads\/2022\/06\/day-chuyen-dong-goi-va-co-mang-tu-dong-tmdg-b03-10.jpg\" alt=\"\" width=\"900\" height=\"324\" srcset=\"https:\/\/cokhitanminh.com\/may-dong-goi\/wp-content\/uploads\/2022\/06\/day-chuyen-dong-goi-va-co-mang-tu-dong-tmdg-b03-10.jpg 1213w, https:\/\/cokhitanminh.com\/may-dong-goi\/wp-content\/uploads\/2022\/06\/day-chuyen-dong-goi-va-co-mang-tu-dong-tmdg-b03-10-300x108.jpg 300w, https:\/\/cokhitanminh.com\/may-dong-goi\/wp-content\/uploads\/2022\/06\/day-chuyen-dong-goi-va-co-mang-tu-dong-tmdg-b03-10-1024x369.jpg 1024w, https:\/\/cokhitanminh.com\/may-dong-goi\/wp-content\/uploads\/2022\/06\/day-chuyen-dong-goi-va-co-mang-tu-dong-tmdg-b03-10-768x277.jpg 768w, https:\/\/cokhitanminh.com\/may-dong-goi\/wp-content\/uploads\/2022\/06\/day-chuyen-dong-goi-va-co-mang-tu-dong-tmdg-b03-10-600x216.jpg 600w\" sizes=\"auto, (max-width: 900px) 100vw, 900px\" \/><\/p>\n<p><img loading=\"lazy\" decoding=\"async\" class=\"aligncenter wp-image-8243\" src=\"https:\/\/cokhitanminh.com\/may-dong-goi\/wp-content\/uploads\/2022\/06\/day-chuyen-dong-goi-va-co-mang-tu-dong-tmdg-b03-11.jpg\" alt=\"\" width=\"900\" height=\"297\" srcset=\"https:\/\/cokhitanminh.com\/may-dong-goi\/wp-content\/uploads\/2022\/06\/day-chuyen-dong-goi-va-co-mang-tu-dong-tmdg-b03-11.jpg 1210w, https:\/\/cokhitanminh.com\/may-dong-goi\/wp-content\/uploads\/2022\/06\/day-chuyen-dong-goi-va-co-mang-tu-dong-tmdg-b03-11-300x99.jpg 300w, https:\/\/cokhitanminh.com\/may-dong-goi\/wp-content\/uploads\/2022\/06\/day-chuyen-dong-goi-va-co-mang-tu-dong-tmdg-b03-11-1024x338.jpg 1024w, https:\/\/cokhitanminh.com\/may-dong-goi\/wp-content\/uploads\/2022\/06\/day-chuyen-dong-goi-va-co-mang-tu-dong-tmdg-b03-11-768x253.jpg 768w, https:\/\/cokhitanminh.com\/may-dong-goi\/wp-content\/uploads\/2022\/06\/day-chuyen-dong-goi-va-co-mang-tu-dong-tmdg-b03-11-600x198.jpg 600w\" sizes=\"auto, (max-width: 900px) 100vw, 900px\" \/><\/p>\n<p>\u0110\u1ec3 bi\u1ebft th\u00eam th\u00f4ng tin v\u1ec1 s\u1ea3n ph\u1ea9m\u00a0<em><strong>D\u00e2y chuy\u1ec1n \u0111\u00f3ng g\u00f3i v\u00e0 co m\u00e0ng t\u1ef1 \u0111\u1ed9ng<\/strong><\/em>\u00a0TM\u0110G-B03\u00a0xin vui l\u00f2ng li\u00ean h\u1ec7 1900.2861<\/p>\n","protected":false},"excerpt":{"rendered":"<p>D\u00e2y chuy\u1ec1n \u0111\u00f3ng g\u00f3i v\u00e0 co m\u00e0ng t\u1ef1 \u0111\u1ed9ng\u00a0TM\u0110G-B03\u00a0\u0111\u01b0\u1ee3c C\u00f4ng Ty C\u01a1 Kh\u00ed T\u00e2n Minh s\u1ea3n xu\u1ea5t v\u00e0 ph\u00e2n ph\u1ed1i tr\u00ean to\u00e0n qu\u1ed1c. M\u00e1y \u0111\u01b0\u1ee3c \u1ee9ng d\u1ee5ng trong l\u0129nh v\u1ef1c\u00a0M\u00e1y\u00a0 Th\u1ef1c Ph\u1ea9m.C\u00e1c s\u1ea3n ph\u1ea9m c\u1ee7a ch\u00fang t\u00f4i \u0111\u1ec1u \u0111\u01b0\u1ee3c ki\u1ec3m tra k\u1ef9 l\u01b0\u1ee1ng v\u00e0 v\u1eadn h\u00e0nh th\u1ef1c t\u1ebf \u0111\u1ec3 lu\u00f4n \u0111\u1ea3m b\u1ea3o ch\u1ea5t l\u01b0\u1ee3ng t\u1ed1t &#8230;<\/p>\n","protected":false},"featured_media":8244,"comment_status":"open","ping_status":"closed","template":"","meta":[],"class_list":{"0":"post-8229","1":"product","2":"type-product","3":"status-publish","4":"has-post-thumbnail","6":"product_cat-day-chuyen-co-cat-mang","7":"product_cat-may-co-cat-mang-ep-mang","9":"first","10":"instock","11":"shipping-taxable","12":"purchasable","13":"product-type-simple"},"brands":[],"yoast_head":"<!-- This site is optimized with the Yoast SEO plugin v17.6 - https:\/\/yoast.com\/wordpress\/plugins\/seo\/ -->\n<title>D\u00c2Y CHUY\u1ec0N \u0110\u00d3NG G\u00d3I V\u00c0 CO M\u00c0NG T\u1ef0 \u0110\u1ed8NG TM\u0110G-B03<\/title>\n<meta name=\"description\" content=\"D\u00e2y chuy\u1ec1n \u0111\u00f3ng g\u00f3i v\u00e0 co m\u00e0ng t\u1ef1 \u0111\u1ed9ng\u00a0TM\u0110G-B03 - Chi ti\u1ebft xin vui l\u00f2ng li\u00ean h\u1ec7 Hotline 1: 1900 2861 - Hotline 2: 09 67 68 69 11 !\" \/>\n<meta name=\"robots\" content=\"index, follow, max-snippet:-1, max-image-preview:large, max-video-preview:-1\" \/>\n<link rel=\"canonical\" href=\"https:\/\/cokhitanminh.com\/may-dong-goi\/day-chuyen-dong-goi-va-co-mang-tu-dong-tmdg-b03\/\" \/>\n<meta property=\"og:locale\" content=\"vi_VN\" \/>\n<meta property=\"og:type\" content=\"article\" \/>\n<meta property=\"og:title\" content=\"D\u00c2Y CHUY\u1ec0N \u0110\u00d3NG G\u00d3I V\u00c0 CO M\u00c0NG T\u1ef0 \u0110\u1ed8NG TM\u0110G-B03\" \/>\n<meta property=\"og:description\" content=\"D\u00e2y chuy\u1ec1n \u0111\u00f3ng g\u00f3i v\u00e0 co m\u00e0ng t\u1ef1 \u0111\u1ed9ng\u00a0TM\u0110G-B03 - Chi ti\u1ebft xin vui l\u00f2ng li\u00ean h\u1ec7 Hotline 1: 1900 2861 - Hotline 2: 09 67 68 69 11 !\" \/>\n<meta property=\"og:url\" content=\"https:\/\/cokhitanminh.com\/may-dong-goi\/day-chuyen-dong-goi-va-co-mang-tu-dong-tmdg-b03\/\" \/>\n<meta property=\"og:site_name\" content=\"M\u00c1Y \u0110\u00d3NG G\u00d3I T\u00c2N MINH\" \/>\n<meta property=\"article:modified_time\" content=\"2022-06-17T04:45:51+00:00\" \/>\n<meta property=\"og:image\" content=\"https:\/\/cokhitanminh.com\/may-dong-goi\/wp-content\/uploads\/2022\/06\/day-chuyen-dong-goi-va-co-mang-tu-dong-tmdg-b03-1.jpg\" \/>\n\t<meta property=\"og:image:width\" content=\"550\" \/>\n\t<meta property=\"og:image:height\" content=\"550\" \/>\n<meta name=\"twitter:card\" content=\"summary_large_image\" \/>\n<meta name=\"twitter:label1\" content=\"\u01af\u1edbc t\u00ednh th\u1eddi gian \u0111\u1ecdc\" \/>\n\t<meta name=\"twitter:data1\" content=\"4 ph\u00fat\" \/>\n<script type=\"application\/ld+json\" class=\"yoast-schema-graph\">{\"@context\":\"https:\/\/schema.org\",\"@graph\":[{\"@type\":\"WebSite\",\"@id\":\"https:\/\/cokhitanminh.com\/may-dong-goi\/#website\",\"url\":\"https:\/\/cokhitanminh.com\/may-dong-goi\/\",\"name\":\"M\\u00c1Y \\u0110\\u00d3NG G\\u00d3I T\\u00c2N MINH\",\"description\":\"Chuy\\u00ean gia m\\u00e1y \\u0111\\u00f3ng g\\u00f3i\",\"potentialAction\":[{\"@type\":\"SearchAction\",\"target\":{\"@type\":\"EntryPoint\",\"urlTemplate\":\"https:\/\/cokhitanminh.com\/may-dong-goi\/?s={search_term_string}\"},\"query-input\":\"required name=search_term_string\"}],\"inLanguage\":\"vi\"},{\"@type\":\"ImageObject\",\"@id\":\"https:\/\/cokhitanminh.com\/may-dong-goi\/day-chuyen-dong-goi-va-co-mang-tu-dong-tmdg-b03\/#primaryimage\",\"inLanguage\":\"vi\",\"url\":\"https:\/\/cokhitanminh.com\/may-dong-goi\/wp-content\/uploads\/2022\/06\/day-chuyen-dong-goi-va-co-mang-tu-dong-tmdg-b03-1.jpg\",\"contentUrl\":\"https:\/\/cokhitanminh.com\/may-dong-goi\/wp-content\/uploads\/2022\/06\/day-chuyen-dong-goi-va-co-mang-tu-dong-tmdg-b03-1.jpg\",\"width\":550,\"height\":550},{\"@type\":\"WebPage\",\"@id\":\"https:\/\/cokhitanminh.com\/may-dong-goi\/day-chuyen-dong-goi-va-co-mang-tu-dong-tmdg-b03\/#webpage\",\"url\":\"https:\/\/cokhitanminh.com\/may-dong-goi\/day-chuyen-dong-goi-va-co-mang-tu-dong-tmdg-b03\/\",\"name\":\"D\\u00c2Y CHUY\\u1ec0N \\u0110\\u00d3NG G\\u00d3I V\\u00c0 CO M\\u00c0NG T\\u1ef0 \\u0110\\u1ed8NG TM\\u0110G-B03\",\"isPartOf\":{\"@id\":\"https:\/\/cokhitanminh.com\/may-dong-goi\/#website\"},\"primaryImageOfPage\":{\"@id\":\"https:\/\/cokhitanminh.com\/may-dong-goi\/day-chuyen-dong-goi-va-co-mang-tu-dong-tmdg-b03\/#primaryimage\"},\"datePublished\":\"2022-06-17T04:45:30+00:00\",\"dateModified\":\"2022-06-17T04:45:51+00:00\",\"description\":\"D\\u00e2y chuy\\u1ec1n \\u0111\\u00f3ng g\\u00f3i v\\u00e0 co m\\u00e0ng t\\u1ef1 \\u0111\\u1ed9ng\\u00a0TM\\u0110G-B03 - Chi ti\\u1ebft xin vui l\\u00f2ng li\\u00ean h\\u1ec7 Hotline 1: 1900 2861 - Hotline 2: 09 67 68 69 11 !\",\"breadcrumb\":{\"@id\":\"https:\/\/cokhitanminh.com\/may-dong-goi\/day-chuyen-dong-goi-va-co-mang-tu-dong-tmdg-b03\/#breadcrumb\"},\"inLanguage\":\"vi\",\"potentialAction\":[{\"@type\":\"ReadAction\",\"target\":[\"https:\/\/cokhitanminh.com\/may-dong-goi\/day-chuyen-dong-goi-va-co-mang-tu-dong-tmdg-b03\/\"]}]},{\"@type\":\"BreadcrumbList\",\"@id\":\"https:\/\/cokhitanminh.com\/may-dong-goi\/day-chuyen-dong-goi-va-co-mang-tu-dong-tmdg-b03\/#breadcrumb\",\"itemListElement\":[{\"@type\":\"ListItem\",\"position\":1,\"name\":\"Trang ch\\u1ee7\",\"item\":\"https:\/\/cokhitanminh.com\/may-dong-goi\/\"},{\"@type\":\"ListItem\",\"position\":2,\"name\":\"C\\u1eeda h\\u00e0ng\",\"item\":\"https:\/\/cokhitanminh.com\/may-dong-goi\/mua\/\"},{\"@type\":\"ListItem\",\"position\":3,\"name\":\"D\\u00c2Y CHUY\\u1ec0N \\u0110\\u00d3NG G\\u00d3I V\\u00c0 CO M\\u00c0NG T\\u1ef0 \\u0110\\u1ed8NG TM\\u0110G-B03\"}]}]}<\/script>\n<!-- \/ Yoast SEO plugin. -->","yoast_head_json":{"title":"D\u00c2Y CHUY\u1ec0N \u0110\u00d3NG G\u00d3I V\u00c0 CO M\u00c0NG T\u1ef0 \u0110\u1ed8NG TM\u0110G-B03","description":"D\u00e2y chuy\u1ec1n \u0111\u00f3ng g\u00f3i v\u00e0 co m\u00e0ng t\u1ef1 \u0111\u1ed9ng\u00a0TM\u0110G-B03 - Chi ti\u1ebft xin vui l\u00f2ng li\u00ean h\u1ec7 Hotline 1: 1900 2861 - Hotline 2: 09 67 68 69 11 !","robots":{"index":"index","follow":"follow","max-snippet":"max-snippet:-1","max-image-preview":"max-image-preview:large","max-video-preview":"max-video-preview:-1"},"canonical":"https:\/\/cokhitanminh.com\/may-dong-goi\/day-chuyen-dong-goi-va-co-mang-tu-dong-tmdg-b03\/","og_locale":"vi_VN","og_type":"article","og_title":"D\u00c2Y CHUY\u1ec0N \u0110\u00d3NG G\u00d3I V\u00c0 CO M\u00c0NG T\u1ef0 \u0110\u1ed8NG TM\u0110G-B03","og_description":"D\u00e2y chuy\u1ec1n \u0111\u00f3ng g\u00f3i v\u00e0 co m\u00e0ng t\u1ef1 \u0111\u1ed9ng\u00a0TM\u0110G-B03 - Chi ti\u1ebft xin vui l\u00f2ng li\u00ean h\u1ec7 Hotline 1: 1900 2861 - Hotline 2: 09 67 68 69 11 !","og_url":"https:\/\/cokhitanminh.com\/may-dong-goi\/day-chuyen-dong-goi-va-co-mang-tu-dong-tmdg-b03\/","og_site_name":"M\u00c1Y \u0110\u00d3NG G\u00d3I T\u00c2N MINH","article_modified_time":"2022-06-17T04:45:51+00:00","og_image":[{"width":550,"height":550,"url":"https:\/\/cokhitanminh.com\/may-dong-goi\/wp-content\/uploads\/2022\/06\/day-chuyen-dong-goi-va-co-mang-tu-dong-tmdg-b03-1.jpg","type":"image\/jpeg"}],"twitter_card":"summary_large_image","twitter_misc":{"\u01af\u1edbc t\u00ednh th\u1eddi gian \u0111\u1ecdc":"4 ph\u00fat"},"schema":{"@context":"https:\/\/schema.org","@graph":[{"@type":"WebSite","@id":"https:\/\/cokhitanminh.com\/may-dong-goi\/#website","url":"https:\/\/cokhitanminh.com\/may-dong-goi\/","name":"M\u00c1Y \u0110\u00d3NG G\u00d3I T\u00c2N MINH","description":"Chuy\u00ean gia m\u00e1y \u0111\u00f3ng g\u00f3i","potentialAction":[{"@type":"SearchAction","target":{"@type":"EntryPoint","urlTemplate":"https:\/\/cokhitanminh.com\/may-dong-goi\/?s={search_term_string}"},"query-input":"required name=search_term_string"}],"inLanguage":"vi"},{"@type":"ImageObject","@id":"https:\/\/cokhitanminh.com\/may-dong-goi\/day-chuyen-dong-goi-va-co-mang-tu-dong-tmdg-b03\/#primaryimage","inLanguage":"vi","url":"https:\/\/cokhitanminh.com\/may-dong-goi\/wp-content\/uploads\/2022\/06\/day-chuyen-dong-goi-va-co-mang-tu-dong-tmdg-b03-1.jpg","contentUrl":"https:\/\/cokhitanminh.com\/may-dong-goi\/wp-content\/uploads\/2022\/06\/day-chuyen-dong-goi-va-co-mang-tu-dong-tmdg-b03-1.jpg","width":550,"height":550},{"@type":"WebPage","@id":"https:\/\/cokhitanminh.com\/may-dong-goi\/day-chuyen-dong-goi-va-co-mang-tu-dong-tmdg-b03\/#webpage","url":"https:\/\/cokhitanminh.com\/may-dong-goi\/day-chuyen-dong-goi-va-co-mang-tu-dong-tmdg-b03\/","name":"D\u00c2Y CHUY\u1ec0N \u0110\u00d3NG G\u00d3I V\u00c0 CO M\u00c0NG T\u1ef0 \u0110\u1ed8NG TM\u0110G-B03","isPartOf":{"@id":"https:\/\/cokhitanminh.com\/may-dong-goi\/#website"},"primaryImageOfPage":{"@id":"https:\/\/cokhitanminh.com\/may-dong-goi\/day-chuyen-dong-goi-va-co-mang-tu-dong-tmdg-b03\/#primaryimage"},"datePublished":"2022-06-17T04:45:30+00:00","dateModified":"2022-06-17T04:45:51+00:00","description":"D\u00e2y chuy\u1ec1n \u0111\u00f3ng g\u00f3i v\u00e0 co m\u00e0ng t\u1ef1 \u0111\u1ed9ng\u00a0TM\u0110G-B03 - Chi ti\u1ebft xin vui l\u00f2ng li\u00ean h\u1ec7 Hotline 1: 1900 2861 - Hotline 2: 09 67 68 69 11 !","breadcrumb":{"@id":"https:\/\/cokhitanminh.com\/may-dong-goi\/day-chuyen-dong-goi-va-co-mang-tu-dong-tmdg-b03\/#breadcrumb"},"inLanguage":"vi","potentialAction":[{"@type":"ReadAction","target":["https:\/\/cokhitanminh.com\/may-dong-goi\/day-chuyen-dong-goi-va-co-mang-tu-dong-tmdg-b03\/"]}]},{"@type":"BreadcrumbList","@id":"https:\/\/cokhitanminh.com\/may-dong-goi\/day-chuyen-dong-goi-va-co-mang-tu-dong-tmdg-b03\/#breadcrumb","itemListElement":[{"@type":"ListItem","position":1,"name":"Trang ch\u1ee7","item":"https:\/\/cokhitanminh.com\/may-dong-goi\/"},{"@type":"ListItem","position":2,"name":"C\u1eeda h\u00e0ng","item":"https:\/\/cokhitanminh.com\/may-dong-goi\/mua\/"},{"@type":"ListItem","position":3,"name":"D\u00c2Y CHUY\u1ec0N \u0110\u00d3NG G\u00d3I V\u00c0 CO M\u00c0NG T\u1ef0 \u0110\u1ed8NG TM\u0110G-B03"}]}]}},"_links":{"self":[{"href":"https:\/\/cokhitanminh.com\/may-dong-goi\/wp-json\/wp\/v2\/product\/8229","targetHints":{"allow":["GET"]}}],"collection":[{"href":"https:\/\/cokhitanminh.com\/may-dong-goi\/wp-json\/wp\/v2\/product"}],"about":[{"href":"https:\/\/cokhitanminh.com\/may-dong-goi\/wp-json\/wp\/v2\/types\/product"}],"replies":[{"embeddable":true,"href":"https:\/\/cokhitanminh.com\/may-dong-goi\/wp-json\/wp\/v2\/comments?post=8229"}],"wp:featuredmedia":[{"embeddable":true,"href":"https:\/\/cokhitanminh.com\/may-dong-goi\/wp-json\/wp\/v2\/media\/8244"}],"wp:attachment":[{"href":"https:\/\/cokhitanminh.com\/may-dong-goi\/wp-json\/wp\/v2\/media?parent=8229"}],"curies":[{"name":"wp","href":"https:\/\/api.w.org\/{rel}","templated":true}]}}