{"id":8180,"date":"2022-04-26T02:15:20","date_gmt":"2022-04-26T02:15:20","guid":{"rendered":"https:\/\/cokhitanminh.com\/may-dong-goi\/?post_type=product&#038;p=8180"},"modified":"2022-04-26T03:04:56","modified_gmt":"2022-04-26T03:04:56","slug":"may-dan-nhan-tu-dong-tren-be-mat-phang-tmdg-7t1","status":"publish","type":"product","link":"https:\/\/cokhitanminh.com\/may-dong-goi\/may-dan-nhan-tu-dong-tren-be-mat-phang-tmdg-7t1\/","title":{"rendered":"M\u00e1y d\u00e1n nh\u00e3n t\u1ef1 \u0111\u1ed9ng tr\u00ean b\u1ec1 m\u1eb7t ph\u1eb3ng (TM\u0110G-7T1)"},"content":{"rendered":"<p><a href=\"https:\/\/cokhitanminh.com\/may-dong-goi\/?post_type=product&amp;p=8180&amp;preview=true\"><em><strong>M\u00e1y d\u00e1n nh\u00e3n t\u1ef1 \u0111\u1ed9ng tr\u00ean b\u1ec1 m\u1eb7t ph\u1eb3ng (TM\u0110G-7T1)<\/strong><\/em><\/a> \u0111\u01b0\u1ee3c C\u00f4ng Ty C\u01a1 Kh\u00ed T\u00e2n Minh s\u1ea3n xu\u1ea5t v\u00e0 ph\u00e2n ph\u1ed1i tr\u00ean to\u00e0n qu\u1ed1c. M\u00e1y \u0111\u01b0\u1ee3c \u1ee9ng d\u1ee5ng trong l\u0129nh v\u1ef1c M\u00e1y \u0110\u00f3ng G\u00f3i. C\u00e1c s\u1ea3n ph\u1ea9m c\u1ee7a ch\u00fang t\u00f4i \u0111\u1ec1u \u0111\u01b0\u1ee3c ki\u1ec3m tra k\u1ef9 l\u01b0\u1ee1ng v\u00e0 v\u1eadn h\u00e0nh th\u1ef1c t\u1ebf \u0111\u1ec3 lu\u00f4n \u0111\u1ea3m b\u1ea3o ch\u1ea5t l\u01b0\u1ee3ng t\u1ed1t nh\u1ea5t tr\u01b0\u1edbc khi b\u00e0n giao thi\u1ebft b\u1ecb cho kh\u00e1ch h\u00e0ng.<\/p>\n<p><img loading=\"lazy\" decoding=\"async\" class=\"size-full wp-image-8181 aligncenter\" src=\"https:\/\/cokhitanminh.com\/may-dong-goi\/wp-content\/uploads\/2022\/04\/may-dan-nhan-tu-dong-tren-be-mat-phang-tmdg-7t1-2.jpg\" alt=\"\" width=\"750\" height=\"821\" srcset=\"https:\/\/cokhitanminh.com\/may-dong-goi\/wp-content\/uploads\/2022\/04\/may-dan-nhan-tu-dong-tren-be-mat-phang-tmdg-7t1-2.jpg 750w, https:\/\/cokhitanminh.com\/may-dong-goi\/wp-content\/uploads\/2022\/04\/may-dan-nhan-tu-dong-tren-be-mat-phang-tmdg-7t1-2-274x300.jpg 274w, https:\/\/cokhitanminh.com\/may-dong-goi\/wp-content\/uploads\/2022\/04\/may-dan-nhan-tu-dong-tren-be-mat-phang-tmdg-7t1-2-600x657.jpg 600w\" sizes=\"auto, (max-width: 750px) 100vw, 750px\" \/> <img loading=\"lazy\" decoding=\"async\" class=\"size-full wp-image-8182 aligncenter\" src=\"https:\/\/cokhitanminh.com\/may-dong-goi\/wp-content\/uploads\/2022\/04\/may-dan-nhan-tu-dong-tren-be-mat-phang-tmdg-7t1-3.jpg\" alt=\"\" width=\"550\" height=\"390\" srcset=\"https:\/\/cokhitanminh.com\/may-dong-goi\/wp-content\/uploads\/2022\/04\/may-dan-nhan-tu-dong-tren-be-mat-phang-tmdg-7t1-3.jpg 550w, https:\/\/cokhitanminh.com\/may-dong-goi\/wp-content\/uploads\/2022\/04\/may-dan-nhan-tu-dong-tren-be-mat-phang-tmdg-7t1-3-300x213.jpg 300w\" sizes=\"auto, (max-width: 550px) 100vw, 550px\" \/> <img loading=\"lazy\" decoding=\"async\" class=\"size-full wp-image-8183 aligncenter\" src=\"https:\/\/cokhitanminh.com\/may-dong-goi\/wp-content\/uploads\/2022\/04\/may-dan-nhan-tu-dong-tren-be-mat-phang-tmdg-7t1-4.jpg\" alt=\"\" width=\"550\" height=\"433\" srcset=\"https:\/\/cokhitanminh.com\/may-dong-goi\/wp-content\/uploads\/2022\/04\/may-dan-nhan-tu-dong-tren-be-mat-phang-tmdg-7t1-4.jpg 550w, https:\/\/cokhitanminh.com\/may-dong-goi\/wp-content\/uploads\/2022\/04\/may-dan-nhan-tu-dong-tren-be-mat-phang-tmdg-7t1-4-300x236.jpg 300w\" sizes=\"auto, (max-width: 550px) 100vw, 550px\" \/> <img loading=\"lazy\" decoding=\"async\" class=\"size-full wp-image-8184 aligncenter\" src=\"https:\/\/cokhitanminh.com\/may-dong-goi\/wp-content\/uploads\/2022\/04\/may-dan-nhan-tu-dong-tren-be-mat-phang-tmdg-7t1-5.jpg\" alt=\"\" width=\"550\" height=\"550\" srcset=\"https:\/\/cokhitanminh.com\/may-dong-goi\/wp-content\/uploads\/2022\/04\/may-dan-nhan-tu-dong-tren-be-mat-phang-tmdg-7t1-5.jpg 550w, https:\/\/cokhitanminh.com\/may-dong-goi\/wp-content\/uploads\/2022\/04\/may-dan-nhan-tu-dong-tren-be-mat-phang-tmdg-7t1-5-300x300.jpg 300w, https:\/\/cokhitanminh.com\/may-dong-goi\/wp-content\/uploads\/2022\/04\/may-dan-nhan-tu-dong-tren-be-mat-phang-tmdg-7t1-5-150x150.jpg 150w, https:\/\/cokhitanminh.com\/may-dong-goi\/wp-content\/uploads\/2022\/04\/may-dan-nhan-tu-dong-tren-be-mat-phang-tmdg-7t1-5-100x100.jpg 100w\" sizes=\"auto, (max-width: 550px) 100vw, 550px\" \/> <img loading=\"lazy\" decoding=\"async\" class=\"size-full wp-image-8185 aligncenter\" src=\"https:\/\/cokhitanminh.com\/may-dong-goi\/wp-content\/uploads\/2022\/04\/may-dan-nhan-tu-dong-tren-be-mat-phang-tmdg-7t1-6.jpg\" alt=\"\" width=\"550\" height=\"438\" srcset=\"https:\/\/cokhitanminh.com\/may-dong-goi\/wp-content\/uploads\/2022\/04\/may-dan-nhan-tu-dong-tren-be-mat-phang-tmdg-7t1-6.jpg 550w, https:\/\/cokhitanminh.com\/may-dong-goi\/wp-content\/uploads\/2022\/04\/may-dan-nhan-tu-dong-tren-be-mat-phang-tmdg-7t1-6-300x239.jpg 300w\" sizes=\"auto, (max-width: 550px) 100vw, 550px\" \/> <img loading=\"lazy\" decoding=\"async\" class=\"size-full wp-image-8186 aligncenter\" src=\"https:\/\/cokhitanminh.com\/may-dong-goi\/wp-content\/uploads\/2022\/04\/may-dan-nhan-tu-dong-tren-be-mat-phang-tmdg-7t1-7.jpg\" alt=\"\" width=\"550\" height=\"478\" srcset=\"https:\/\/cokhitanminh.com\/may-dong-goi\/wp-content\/uploads\/2022\/04\/may-dan-nhan-tu-dong-tren-be-mat-phang-tmdg-7t1-7.jpg 550w, https:\/\/cokhitanminh.com\/may-dong-goi\/wp-content\/uploads\/2022\/04\/may-dan-nhan-tu-dong-tren-be-mat-phang-tmdg-7t1-7-300x261.jpg 300w\" sizes=\"auto, (max-width: 550px) 100vw, 550px\" \/><\/p>\n<p><strong>Th\u00f4ng s\u1ed1 k\u1ef9 thu\u1eadt<\/strong><\/p>\n<p>&#8211; Model: TM\u0110G-7T1<\/p>\n<p>&#8211; \u0110i\u1ec7n \u00e1p :\u00a0220V\/50Hz<\/p>\n<p>&#8211;\u00a0C\u00f4ng su\u1ea5t :800W<\/p>\n<p>&#8211; N\u0103ng su\u1ea5t\u00a0:\u00a030-90 s\u1ea3n ph\u1ea9m\/ph\u00fat (ph\u1ee5 thu\u1ed9c s\u1ea3n ph\u1ea9m v\u00e0 k\u00edch th\u01b0\u1edbc nh\u00e3n d\u00e1n)<\/p>\n<p>&#8211; K\u00edch th\u01b0\u1edbc tem d\u00e1n :\u00a0Chi\u1ec1u d\u00e0i 6-250mm. Chi\u1ec1u r\u1ed9ng 6-130mm<\/p>\n<p>&#8211; Sai s\u1ed1 :\u00a0\u00b11mm<\/p>\n<p>&#8211; \u0110\u01b0\u1eddng k\u00ednh trong cu\u1ed9n nh\u00e3n :\u00a076mm<\/p>\n<p>&#8211; \u0110\u01b0\u1eddng k\u00ednh ngo\u00e0i cu\u1ed9n nh\u00e3n l\u1edbn nh\u1ea5t :\u00a0280mm<\/p>\n<p>&#8211; K\u00edch th\u01b0\u1edbc m\u00e1y (DxRxC)\u00a0:1100*700*1000mm<\/p>\n<p>&#8211; Tr\u1ecdng l\u01b0\u1ee3ng m\u00e1y :\u00a070kg<\/p>\n<p>&#8211; V\u1eadt li\u1ec7u ch\u00ednh (v\u1ecf m\u00e1y)\u00a0:\u00a0H\u1ee3p kim nh\u00f4m + Th\u00e9p phun s\u01a1n<\/p>\n<p>\u2013 B\u00e0o h\u00e0nh : 12 th\u00e1ng<\/p>\n<p>M\u1ecdi th\u00f4ng tin v\u1ec1\u00a0<em><strong>M\u00e1y d\u00e1n nh\u00e3n t\u1ef1 \u0111\u1ed9ng tr\u00ean b\u1ec1 m\u1eb7t ph\u1eb3ng (TM\u0110G-7T1)<\/strong><\/em>\u00a0vui l\u00f2ng li\u00ean h\u1ec7 Hotline: 1900.2861 &#8211; 0967.68.69.11 \u0111\u1ec3 \u0111\u01b0\u1ee3c t\u01b0 v\u1ea5n ho\u00e0n to\u00e0n mi\u1ec5n ph\u00ed!<\/p>\n","protected":false},"excerpt":{"rendered":"<p>M\u00e1y d\u00e1n nh\u00e3n t\u1ef1 \u0111\u1ed9ng tr\u00ean b\u1ec1 m\u1eb7t ph\u1eb3ng (TM\u0110G-7T1) \u0111\u01b0\u1ee3c C\u00f4ng Ty C\u01a1 Kh\u00ed T\u00e2n Minh s\u1ea3n xu\u1ea5t v\u00e0 ph\u00e2n ph\u1ed1i tr\u00ean to\u00e0n qu\u1ed1c. M\u00e1y \u0111\u01b0\u1ee3c \u1ee9ng d\u1ee5ng trong l\u0129nh v\u1ef1c M\u00e1y \u0110\u00f3ng G\u00f3i. C\u00e1c s\u1ea3n ph\u1ea9m c\u1ee7a ch\u00fang t\u00f4i \u0111\u1ec1u \u0111\u01b0\u1ee3c ki\u1ec3m tra k\u1ef9 l\u01b0\u1ee1ng v\u00e0 v\u1eadn h\u00e0nh th\u1ef1c t\u1ebf \u0111\u1ec3 lu\u00f4n \u0111\u1ea3m b\u1ea3o ch\u1ea5t l\u01b0\u1ee3ng t\u1ed1t nh\u1ea5t tr\u01b0\u1edbc khi b\u00e0n giao thi\u1ebft b\u1ecb cho kh\u00e1ch h\u00e0ng.<\/p>\n","protected":false},"featured_media":8187,"comment_status":"open","ping_status":"closed","template":"","meta":[],"class_list":{"0":"post-8180","1":"product","2":"type-product","3":"status-publish","4":"has-post-thumbnail","6":"product_cat-may-dan-nhan-tu-dong","8":"first","9":"instock","10":"shipping-taxable","11":"purchasable","12":"product-type-simple"},"brands":[],"yoast_head":"<!-- This site is optimized with the Yoast SEO plugin v17.6 - https:\/\/yoast.com\/wordpress\/plugins\/seo\/ -->\n<title>M\u00e1y d\u00e1n nh\u00e3n t\u1ef1 \u0111\u1ed9ng tr\u00ean b\u1ec1 m\u1eb7t ph\u1eb3ng (TM\u0110G-7T1) - M\u00c1Y \u0110\u00d3NG G\u00d3I T\u00c2N MINH<\/title>\n<meta name=\"description\" content=\"Th\u00f4ng tin v\u1ec1\u00a0M\u00e1y d\u00e1n nh\u00e3n t\u1ef1 \u0111\u1ed9ng tr\u00ean b\u1ec1 m\u1eb7t ph\u1eb3ng (TM\u0110G-7T1)\u00a0 li\u00ean h\u1ec7 Hotline: 1900.2861 - 0967.68.69.11 \u0111\u1ec3 \u0111\u01b0\u1ee3c t\u01b0 v\u1ea5n ho\u00e0n to\u00e0n mi\u1ec5n ph\u00ed!\" \/>\n<meta name=\"robots\" content=\"index, follow, max-snippet:-1, max-image-preview:large, max-video-preview:-1\" \/>\n<link rel=\"canonical\" href=\"https:\/\/cokhitanminh.com\/may-dong-goi\/may-dan-nhan-tu-dong-tren-be-mat-phang-tmdg-7t1\/\" \/>\n<meta property=\"og:locale\" content=\"vi_VN\" \/>\n<meta property=\"og:type\" content=\"article\" \/>\n<meta property=\"og:title\" content=\"M\u00e1y d\u00e1n nh\u00e3n t\u1ef1 \u0111\u1ed9ng tr\u00ean b\u1ec1 m\u1eb7t ph\u1eb3ng (TM\u0110G-7T1)\" \/>\n<meta property=\"og:description\" content=\"Th\u00f4ng tin v\u1ec1\u00a0M\u00e1y d\u00e1n nh\u00e3n t\u1ef1 \u0111\u1ed9ng tr\u00ean b\u1ec1 m\u1eb7t ph\u1eb3ng (TM\u0110G-7T1)\u00a0 li\u00ean h\u1ec7 Hotline: 1900.2861 - 0967.68.69.11 \u0111\u1ec3 \u0111\u01b0\u1ee3c t\u01b0 v\u1ea5n ho\u00e0n to\u00e0n mi\u1ec5n ph\u00ed!\" \/>\n<meta property=\"og:url\" content=\"https:\/\/cokhitanminh.com\/may-dong-goi\/may-dan-nhan-tu-dong-tren-be-mat-phang-tmdg-7t1\/\" \/>\n<meta property=\"og:site_name\" content=\"M\u00c1Y \u0110\u00d3NG G\u00d3I T\u00c2N MINH\" \/>\n<meta property=\"article:modified_time\" content=\"2022-04-26T03:04:56+00:00\" \/>\n<meta property=\"og:image\" content=\"https:\/\/cokhitanminh.com\/may-dong-goi\/wp-content\/uploads\/2022\/04\/may-dan-nhan-tu-dong-tren-be-mat-phang-tmdg-7t1-1.jpg\" \/>\n\t<meta property=\"og:image:width\" content=\"550\" \/>\n\t<meta property=\"og:image:height\" content=\"549\" \/>\n<meta name=\"twitter:card\" content=\"summary_large_image\" \/>\n<meta name=\"twitter:title\" content=\"M\u00e1y d\u00e1n nh\u00e3n t\u1ef1 \u0111\u1ed9ng tr\u00ean b\u1ec1 m\u1eb7t ph\u1eb3ng (TM\u0110G-7T1)\" \/>\n<meta name=\"twitter:description\" content=\"Th\u00f4ng tin v\u1ec1\u00a0M\u00e1y d\u00e1n nh\u00e3n t\u1ef1 \u0111\u1ed9ng tr\u00ean b\u1ec1 m\u1eb7t ph\u1eb3ng (TM\u0110G-7T1)\u00a0 li\u00ean h\u1ec7 Hotline: 1900.2861 - 0967.68.69.11 \u0111\u1ec3 \u0111\u01b0\u1ee3c t\u01b0 v\u1ea5n ho\u00e0n to\u00e0n mi\u1ec5n ph\u00ed!\" \/>\n<meta name=\"twitter:image\" content=\"https:\/\/cokhitanminh.com\/may-dong-goi\/wp-content\/uploads\/2022\/04\/may-dan-nhan-tu-dong-tren-be-mat-phang-tmdg-7t1-1.jpg\" \/>\n<meta name=\"twitter:label1\" content=\"\u01af\u1edbc t\u00ednh th\u1eddi gian \u0111\u1ecdc\" \/>\n\t<meta name=\"twitter:data1\" content=\"2 ph\u00fat\" \/>\n<script type=\"application\/ld+json\" class=\"yoast-schema-graph\">{\"@context\":\"https:\/\/schema.org\",\"@graph\":[{\"@type\":\"WebSite\",\"@id\":\"https:\/\/cokhitanminh.com\/may-dong-goi\/#website\",\"url\":\"https:\/\/cokhitanminh.com\/may-dong-goi\/\",\"name\":\"M\\u00c1Y \\u0110\\u00d3NG G\\u00d3I T\\u00c2N MINH\",\"description\":\"Chuy\\u00ean gia m\\u00e1y \\u0111\\u00f3ng g\\u00f3i\",\"potentialAction\":[{\"@type\":\"SearchAction\",\"target\":{\"@type\":\"EntryPoint\",\"urlTemplate\":\"https:\/\/cokhitanminh.com\/may-dong-goi\/?s={search_term_string}\"},\"query-input\":\"required name=search_term_string\"}],\"inLanguage\":\"vi\"},{\"@type\":\"ImageObject\",\"@id\":\"https:\/\/cokhitanminh.com\/may-dong-goi\/may-dan-nhan-tu-dong-tren-be-mat-phang-tmdg-7t1\/#primaryimage\",\"inLanguage\":\"vi\",\"url\":\"https:\/\/cokhitanminh.com\/may-dong-goi\/wp-content\/uploads\/2022\/04\/may-dan-nhan-tu-dong-tren-be-mat-phang-tmdg-7t1-1.jpg\",\"contentUrl\":\"https:\/\/cokhitanminh.com\/may-dong-goi\/wp-content\/uploads\/2022\/04\/may-dan-nhan-tu-dong-tren-be-mat-phang-tmdg-7t1-1.jpg\",\"width\":550,\"height\":549},{\"@type\":\"WebPage\",\"@id\":\"https:\/\/cokhitanminh.com\/may-dong-goi\/may-dan-nhan-tu-dong-tren-be-mat-phang-tmdg-7t1\/#webpage\",\"url\":\"https:\/\/cokhitanminh.com\/may-dong-goi\/may-dan-nhan-tu-dong-tren-be-mat-phang-tmdg-7t1\/\",\"name\":\"M\\u00e1y d\\u00e1n nh\\u00e3n t\\u1ef1 \\u0111\\u1ed9ng tr\\u00ean b\\u1ec1 m\\u1eb7t ph\\u1eb3ng (TM\\u0110G-7T1) - M\\u00c1Y \\u0110\\u00d3NG G\\u00d3I T\\u00c2N MINH\",\"isPartOf\":{\"@id\":\"https:\/\/cokhitanminh.com\/may-dong-goi\/#website\"},\"primaryImageOfPage\":{\"@id\":\"https:\/\/cokhitanminh.com\/may-dong-goi\/may-dan-nhan-tu-dong-tren-be-mat-phang-tmdg-7t1\/#primaryimage\"},\"datePublished\":\"2022-04-26T02:15:20+00:00\",\"dateModified\":\"2022-04-26T03:04:56+00:00\",\"description\":\"Th\\u00f4ng tin v\\u1ec1\\u00a0M\\u00e1y d\\u00e1n nh\\u00e3n t\\u1ef1 \\u0111\\u1ed9ng tr\\u00ean b\\u1ec1 m\\u1eb7t ph\\u1eb3ng (TM\\u0110G-7T1)\\u00a0 li\\u00ean h\\u1ec7 Hotline: 1900.2861 - 0967.68.69.11 \\u0111\\u1ec3 \\u0111\\u01b0\\u1ee3c t\\u01b0 v\\u1ea5n ho\\u00e0n to\\u00e0n mi\\u1ec5n ph\\u00ed!\",\"breadcrumb\":{\"@id\":\"https:\/\/cokhitanminh.com\/may-dong-goi\/may-dan-nhan-tu-dong-tren-be-mat-phang-tmdg-7t1\/#breadcrumb\"},\"inLanguage\":\"vi\",\"potentialAction\":[{\"@type\":\"ReadAction\",\"target\":[\"https:\/\/cokhitanminh.com\/may-dong-goi\/may-dan-nhan-tu-dong-tren-be-mat-phang-tmdg-7t1\/\"]}]},{\"@type\":\"BreadcrumbList\",\"@id\":\"https:\/\/cokhitanminh.com\/may-dong-goi\/may-dan-nhan-tu-dong-tren-be-mat-phang-tmdg-7t1\/#breadcrumb\",\"itemListElement\":[{\"@type\":\"ListItem\",\"position\":1,\"name\":\"Trang ch\\u1ee7\",\"item\":\"https:\/\/cokhitanminh.com\/may-dong-goi\/\"},{\"@type\":\"ListItem\",\"position\":2,\"name\":\"C\\u1eeda h\\u00e0ng\",\"item\":\"https:\/\/cokhitanminh.com\/may-dong-goi\/mua\/\"},{\"@type\":\"ListItem\",\"position\":3,\"name\":\"M\\u00e1y d\\u00e1n nh\\u00e3n t\\u1ef1 \\u0111\\u1ed9ng tr\\u00ean b\\u1ec1 m\\u1eb7t ph\\u1eb3ng (TM\\u0110G-7T1)\"}]}]}<\/script>\n<!-- \/ Yoast SEO plugin. -->","yoast_head_json":{"title":"M\u00e1y d\u00e1n nh\u00e3n t\u1ef1 \u0111\u1ed9ng tr\u00ean b\u1ec1 m\u1eb7t ph\u1eb3ng (TM\u0110G-7T1) - M\u00c1Y \u0110\u00d3NG G\u00d3I T\u00c2N MINH","description":"Th\u00f4ng tin v\u1ec1\u00a0M\u00e1y d\u00e1n nh\u00e3n t\u1ef1 \u0111\u1ed9ng tr\u00ean b\u1ec1 m\u1eb7t ph\u1eb3ng (TM\u0110G-7T1)\u00a0 li\u00ean h\u1ec7 Hotline: 1900.2861 - 0967.68.69.11 \u0111\u1ec3 \u0111\u01b0\u1ee3c t\u01b0 v\u1ea5n ho\u00e0n to\u00e0n mi\u1ec5n ph\u00ed!","robots":{"index":"index","follow":"follow","max-snippet":"max-snippet:-1","max-image-preview":"max-image-preview:large","max-video-preview":"max-video-preview:-1"},"canonical":"https:\/\/cokhitanminh.com\/may-dong-goi\/may-dan-nhan-tu-dong-tren-be-mat-phang-tmdg-7t1\/","og_locale":"vi_VN","og_type":"article","og_title":"M\u00e1y d\u00e1n nh\u00e3n t\u1ef1 \u0111\u1ed9ng tr\u00ean b\u1ec1 m\u1eb7t ph\u1eb3ng (TM\u0110G-7T1)","og_description":"Th\u00f4ng tin v\u1ec1\u00a0M\u00e1y d\u00e1n nh\u00e3n t\u1ef1 \u0111\u1ed9ng tr\u00ean b\u1ec1 m\u1eb7t ph\u1eb3ng (TM\u0110G-7T1)\u00a0 li\u00ean h\u1ec7 Hotline: 1900.2861 - 0967.68.69.11 \u0111\u1ec3 \u0111\u01b0\u1ee3c t\u01b0 v\u1ea5n ho\u00e0n to\u00e0n mi\u1ec5n ph\u00ed!","og_url":"https:\/\/cokhitanminh.com\/may-dong-goi\/may-dan-nhan-tu-dong-tren-be-mat-phang-tmdg-7t1\/","og_site_name":"M\u00c1Y \u0110\u00d3NG G\u00d3I T\u00c2N MINH","article_modified_time":"2022-04-26T03:04:56+00:00","og_image":[{"width":550,"height":549,"url":"https:\/\/cokhitanminh.com\/may-dong-goi\/wp-content\/uploads\/2022\/04\/may-dan-nhan-tu-dong-tren-be-mat-phang-tmdg-7t1-1.jpg","type":"image\/jpeg"}],"twitter_card":"summary_large_image","twitter_title":"M\u00e1y d\u00e1n nh\u00e3n t\u1ef1 \u0111\u1ed9ng tr\u00ean b\u1ec1 m\u1eb7t ph\u1eb3ng (TM\u0110G-7T1)","twitter_description":"Th\u00f4ng tin v\u1ec1\u00a0M\u00e1y d\u00e1n nh\u00e3n t\u1ef1 \u0111\u1ed9ng tr\u00ean b\u1ec1 m\u1eb7t ph\u1eb3ng (TM\u0110G-7T1)\u00a0 li\u00ean h\u1ec7 Hotline: 1900.2861 - 0967.68.69.11 \u0111\u1ec3 \u0111\u01b0\u1ee3c t\u01b0 v\u1ea5n ho\u00e0n to\u00e0n mi\u1ec5n ph\u00ed!","twitter_image":"https:\/\/cokhitanminh.com\/may-dong-goi\/wp-content\/uploads\/2022\/04\/may-dan-nhan-tu-dong-tren-be-mat-phang-tmdg-7t1-1.jpg","twitter_misc":{"\u01af\u1edbc t\u00ednh th\u1eddi gian \u0111\u1ecdc":"2 ph\u00fat"},"schema":{"@context":"https:\/\/schema.org","@graph":[{"@type":"WebSite","@id":"https:\/\/cokhitanminh.com\/may-dong-goi\/#website","url":"https:\/\/cokhitanminh.com\/may-dong-goi\/","name":"M\u00c1Y \u0110\u00d3NG G\u00d3I T\u00c2N MINH","description":"Chuy\u00ean gia m\u00e1y \u0111\u00f3ng g\u00f3i","potentialAction":[{"@type":"SearchAction","target":{"@type":"EntryPoint","urlTemplate":"https:\/\/cokhitanminh.com\/may-dong-goi\/?s={search_term_string}"},"query-input":"required name=search_term_string"}],"inLanguage":"vi"},{"@type":"ImageObject","@id":"https:\/\/cokhitanminh.com\/may-dong-goi\/may-dan-nhan-tu-dong-tren-be-mat-phang-tmdg-7t1\/#primaryimage","inLanguage":"vi","url":"https:\/\/cokhitanminh.com\/may-dong-goi\/wp-content\/uploads\/2022\/04\/may-dan-nhan-tu-dong-tren-be-mat-phang-tmdg-7t1-1.jpg","contentUrl":"https:\/\/cokhitanminh.com\/may-dong-goi\/wp-content\/uploads\/2022\/04\/may-dan-nhan-tu-dong-tren-be-mat-phang-tmdg-7t1-1.jpg","width":550,"height":549},{"@type":"WebPage","@id":"https:\/\/cokhitanminh.com\/may-dong-goi\/may-dan-nhan-tu-dong-tren-be-mat-phang-tmdg-7t1\/#webpage","url":"https:\/\/cokhitanminh.com\/may-dong-goi\/may-dan-nhan-tu-dong-tren-be-mat-phang-tmdg-7t1\/","name":"M\u00e1y d\u00e1n nh\u00e3n t\u1ef1 \u0111\u1ed9ng tr\u00ean b\u1ec1 m\u1eb7t ph\u1eb3ng (TM\u0110G-7T1) - M\u00c1Y \u0110\u00d3NG G\u00d3I T\u00c2N MINH","isPartOf":{"@id":"https:\/\/cokhitanminh.com\/may-dong-goi\/#website"},"primaryImageOfPage":{"@id":"https:\/\/cokhitanminh.com\/may-dong-goi\/may-dan-nhan-tu-dong-tren-be-mat-phang-tmdg-7t1\/#primaryimage"},"datePublished":"2022-04-26T02:15:20+00:00","dateModified":"2022-04-26T03:04:56+00:00","description":"Th\u00f4ng tin v\u1ec1\u00a0M\u00e1y d\u00e1n nh\u00e3n t\u1ef1 \u0111\u1ed9ng tr\u00ean b\u1ec1 m\u1eb7t ph\u1eb3ng (TM\u0110G-7T1)\u00a0 li\u00ean h\u1ec7 Hotline: 1900.2861 - 0967.68.69.11 \u0111\u1ec3 \u0111\u01b0\u1ee3c t\u01b0 v\u1ea5n ho\u00e0n to\u00e0n mi\u1ec5n ph\u00ed!","breadcrumb":{"@id":"https:\/\/cokhitanminh.com\/may-dong-goi\/may-dan-nhan-tu-dong-tren-be-mat-phang-tmdg-7t1\/#breadcrumb"},"inLanguage":"vi","potentialAction":[{"@type":"ReadAction","target":["https:\/\/cokhitanminh.com\/may-dong-goi\/may-dan-nhan-tu-dong-tren-be-mat-phang-tmdg-7t1\/"]}]},{"@type":"BreadcrumbList","@id":"https:\/\/cokhitanminh.com\/may-dong-goi\/may-dan-nhan-tu-dong-tren-be-mat-phang-tmdg-7t1\/#breadcrumb","itemListElement":[{"@type":"ListItem","position":1,"name":"Trang ch\u1ee7","item":"https:\/\/cokhitanminh.com\/may-dong-goi\/"},{"@type":"ListItem","position":2,"name":"C\u1eeda h\u00e0ng","item":"https:\/\/cokhitanminh.com\/may-dong-goi\/mua\/"},{"@type":"ListItem","position":3,"name":"M\u00e1y d\u00e1n nh\u00e3n t\u1ef1 \u0111\u1ed9ng tr\u00ean b\u1ec1 m\u1eb7t ph\u1eb3ng (TM\u0110G-7T1)"}]}]}},"_links":{"self":[{"href":"https:\/\/cokhitanminh.com\/may-dong-goi\/wp-json\/wp\/v2\/product\/8180","targetHints":{"allow":["GET"]}}],"collection":[{"href":"https:\/\/cokhitanminh.com\/may-dong-goi\/wp-json\/wp\/v2\/product"}],"about":[{"href":"https:\/\/cokhitanminh.com\/may-dong-goi\/wp-json\/wp\/v2\/types\/product"}],"replies":[{"embeddable":true,"href":"https:\/\/cokhitanminh.com\/may-dong-goi\/wp-json\/wp\/v2\/comments?post=8180"}],"wp:featuredmedia":[{"embeddable":true,"href":"https:\/\/cokhitanminh.com\/may-dong-goi\/wp-json\/wp\/v2\/media\/8187"}],"wp:attachment":[{"href":"https:\/\/cokhitanminh.com\/may-dong-goi\/wp-json\/wp\/v2\/media?parent=8180"}],"curies":[{"name":"wp","href":"https:\/\/api.w.org\/{rel}","templated":true}]}}