{"id":8147,"date":"2022-03-29T02:46:51","date_gmt":"2022-03-29T02:46:51","guid":{"rendered":"https:\/\/cokhitanminh.com\/may-dong-goi\/?post_type=product&#038;p=8147"},"modified":"2025-04-09T03:35:22","modified_gmt":"2025-04-09T03:35:22","slug":"may-boc-mang-thuc-pham-ban-tu-dong-tmdg-bd03","status":"publish","type":"product","link":"https:\/\/cokhitanminh.com\/may-dong-goi\/may-boc-mang-thuc-pham-ban-tu-dong-tmdg-bd03\/","title":{"rendered":"M\u00e1y b\u1ecdc m\u00e0ng th\u1ef1c ph\u1ea9m b\u00e1n t\u1ef1 \u0111\u1ed9ng TM\u0110G-BD03"},"content":{"rendered":"<div><a href=\"https:\/\/cokhitanminh.com\/may-dong-goi\/may-boc-mang-thuc-pham-ban-tu-dong-tmdg-bd03\/\"><em><strong>M\u00e1y b\u1ecdc m\u00e0ng th\u1ef1c ph\u1ea9m b\u00e1n t\u1ef1 \u0111\u1ed9ng<\/strong> <\/em><\/a>TM\u0110G-BD03 \u0111\u01b0\u1ee3c C\u00f4ng Ty C\u01a1 Kh\u00ed T\u00e2n Minh nh\u1eadp kh\u1ea9u v\u00e0 ph\u00e2n ph\u1ed1i tr\u00ean to\u00e0n qu\u1ed1c. M\u00e1y \u0111\u01b0\u1ee3c \u1ee9ng d\u1ee5ng trong l\u0129nh v\u1ef1c M\u00e1y \u0110\u00f3ng G\u00f3i. C\u00e1c s\u1ea3n ph\u1ea9m c\u1ee7a ch\u00fang t\u00f4i \u0111\u1ec1u \u0111\u01b0\u1ee3c ki\u1ec3m tra k\u1ef9 l\u01b0\u1ee1ng v\u00e0 v\u1eadn h\u00e0nh th\u1ef1c t\u1ebf \u0111\u1ec3 lu\u00f4n \u0111\u1ea3m b\u1ea3o ch\u1ea5t l\u01b0\u1ee3ng t\u1ed1t nh\u1ea5t tr\u01b0\u1edbc khi b\u00e0n giao thi\u1ebft b\u1ecb cho kh\u00e1ch h\u00e0ng.<\/div>\n<div><\/div>\n<div><a href=\"https:\/\/cokhitanminh.com\/may-dong-goi\/wp-content\/uploads\/2022\/03\/may-boc-mang-thuc-pham-tu-dong-tmdg-db03-1-mdg-2.jpg\"><img loading=\"lazy\" decoding=\"async\" class=\"aligncenter wp-image-8887\" src=\"https:\/\/cokhitanminh.com\/may-dong-goi\/wp-content\/uploads\/2022\/03\/may-boc-mang-thuc-pham-tu-dong-tmdg-db03-1-mdg-2.jpg\" alt=\"\" width=\"600\" height=\"300\" srcset=\"https:\/\/cokhitanminh.com\/may-dong-goi\/wp-content\/uploads\/2022\/03\/may-boc-mang-thuc-pham-tu-dong-tmdg-db03-1-mdg-2.jpg 750w, https:\/\/cokhitanminh.com\/may-dong-goi\/wp-content\/uploads\/2022\/03\/may-boc-mang-thuc-pham-tu-dong-tmdg-db03-1-mdg-2-300x150.jpg 300w, https:\/\/cokhitanminh.com\/may-dong-goi\/wp-content\/uploads\/2022\/03\/may-boc-mang-thuc-pham-tu-dong-tmdg-db03-1-mdg-2-600x300.jpg 600w\" sizes=\"auto, (max-width: 600px) 100vw, 600px\" \/><\/a><\/div>\n<div><\/div>\n<div><img loading=\"lazy\" decoding=\"async\" class=\"size-full wp-image-8150 aligncenter\" src=\"https:\/\/cokhitanminh.com\/may-dong-goi\/wp-content\/uploads\/2022\/03\/may-boc-mang-thuc-pham-tu-dong-tmdg-db03-1-ckmdg-3.jpg\" alt=\"\" width=\"550\" height=\"439\" srcset=\"https:\/\/cokhitanminh.com\/may-dong-goi\/wp-content\/uploads\/2022\/03\/may-boc-mang-thuc-pham-tu-dong-tmdg-db03-1-ckmdg-3.jpg 550w, https:\/\/cokhitanminh.com\/may-dong-goi\/wp-content\/uploads\/2022\/03\/may-boc-mang-thuc-pham-tu-dong-tmdg-db03-1-ckmdg-3-300x239.jpg 300w\" sizes=\"auto, (max-width: 550px) 100vw, 550px\" \/> <img loading=\"lazy\" decoding=\"async\" class=\"size-full wp-image-8151 aligncenter\" src=\"https:\/\/cokhitanminh.com\/may-dong-goi\/wp-content\/uploads\/2022\/03\/may-boc-mang-thuc-pham-tu-dong-tmdg-db03-1-ckmdg-4.jpg\" alt=\"\" width=\"550\" height=\"508\" srcset=\"https:\/\/cokhitanminh.com\/may-dong-goi\/wp-content\/uploads\/2022\/03\/may-boc-mang-thuc-pham-tu-dong-tmdg-db03-1-ckmdg-4.jpg 550w, https:\/\/cokhitanminh.com\/may-dong-goi\/wp-content\/uploads\/2022\/03\/may-boc-mang-thuc-pham-tu-dong-tmdg-db03-1-ckmdg-4-300x277.jpg 300w\" sizes=\"auto, (max-width: 550px) 100vw, 550px\" \/> <img loading=\"lazy\" decoding=\"async\" class=\"size-full wp-image-8152 aligncenter\" src=\"https:\/\/cokhitanminh.com\/may-dong-goi\/wp-content\/uploads\/2022\/03\/may-boc-mang-thuc-pham-tu-dong-tmdg-db03-1-ckmdg-5.jpg\" alt=\"\" width=\"550\" height=\"344\" srcset=\"https:\/\/cokhitanminh.com\/may-dong-goi\/wp-content\/uploads\/2022\/03\/may-boc-mang-thuc-pham-tu-dong-tmdg-db03-1-ckmdg-5.jpg 550w, https:\/\/cokhitanminh.com\/may-dong-goi\/wp-content\/uploads\/2022\/03\/may-boc-mang-thuc-pham-tu-dong-tmdg-db03-1-ckmdg-5-300x188.jpg 300w\" sizes=\"auto, (max-width: 550px) 100vw, 550px\" \/> <img loading=\"lazy\" decoding=\"async\" class=\"size-full wp-image-8153 aligncenter\" src=\"https:\/\/cokhitanminh.com\/may-dong-goi\/wp-content\/uploads\/2022\/03\/may-boc-mang-thuc-pham-tu-dong-tmdg-db03-1-ckmdg-6.jpg\" alt=\"\" width=\"550\" height=\"381\" srcset=\"https:\/\/cokhitanminh.com\/may-dong-goi\/wp-content\/uploads\/2022\/03\/may-boc-mang-thuc-pham-tu-dong-tmdg-db03-1-ckmdg-6.jpg 550w, https:\/\/cokhitanminh.com\/may-dong-goi\/wp-content\/uploads\/2022\/03\/may-boc-mang-thuc-pham-tu-dong-tmdg-db03-1-ckmdg-6-300x208.jpg 300w\" sizes=\"auto, (max-width: 550px) 100vw, 550px\" \/> <img loading=\"lazy\" decoding=\"async\" class=\"size-full wp-image-8154 aligncenter\" src=\"https:\/\/cokhitanminh.com\/may-dong-goi\/wp-content\/uploads\/2022\/03\/may-boc-mang-thuc-pham-tu-dong-tmdg-db03-1-ckmdg-7.jpg\" alt=\"\" width=\"550\" height=\"366\" srcset=\"https:\/\/cokhitanminh.com\/may-dong-goi\/wp-content\/uploads\/2022\/03\/may-boc-mang-thuc-pham-tu-dong-tmdg-db03-1-ckmdg-7.jpg 550w, https:\/\/cokhitanminh.com\/may-dong-goi\/wp-content\/uploads\/2022\/03\/may-boc-mang-thuc-pham-tu-dong-tmdg-db03-1-ckmdg-7-300x200.jpg 300w\" sizes=\"auto, (max-width: 550px) 100vw, 550px\" \/> <img loading=\"lazy\" decoding=\"async\" class=\"size-full wp-image-8155 aligncenter\" src=\"https:\/\/cokhitanminh.com\/may-dong-goi\/wp-content\/uploads\/2022\/03\/may-boc-mang-thuc-pham-tu-dong-tmdg-db03-1-ckmdg-8.jpg\" alt=\"\" width=\"550\" height=\"366\" srcset=\"https:\/\/cokhitanminh.com\/may-dong-goi\/wp-content\/uploads\/2022\/03\/may-boc-mang-thuc-pham-tu-dong-tmdg-db03-1-ckmdg-8.jpg 550w, https:\/\/cokhitanminh.com\/may-dong-goi\/wp-content\/uploads\/2022\/03\/may-boc-mang-thuc-pham-tu-dong-tmdg-db03-1-ckmdg-8-300x200.jpg 300w\" sizes=\"auto, (max-width: 550px) 100vw, 550px\" \/> <img loading=\"lazy\" decoding=\"async\" class=\"size-full wp-image-8156 aligncenter\" src=\"https:\/\/cokhitanminh.com\/may-dong-goi\/wp-content\/uploads\/2022\/03\/may-boc-mang-thuc-pham-tu-dong-tmdg-db03-1-ckmdg-9.jpg\" alt=\"\" width=\"550\" height=\"279\" srcset=\"https:\/\/cokhitanminh.com\/may-dong-goi\/wp-content\/uploads\/2022\/03\/may-boc-mang-thuc-pham-tu-dong-tmdg-db03-1-ckmdg-9.jpg 550w, https:\/\/cokhitanminh.com\/may-dong-goi\/wp-content\/uploads\/2022\/03\/may-boc-mang-thuc-pham-tu-dong-tmdg-db03-1-ckmdg-9-300x152.jpg 300w\" sizes=\"auto, (max-width: 550px) 100vw, 550px\" \/> <img loading=\"lazy\" decoding=\"async\" class=\"size-full wp-image-8157 aligncenter\" src=\"https:\/\/cokhitanminh.com\/may-dong-goi\/wp-content\/uploads\/2022\/03\/may-boc-mang-thuc-pham-tu-dong-tmdg-db03-1-ckmdg-10.jpg\" alt=\"\" width=\"550\" height=\"284\" srcset=\"https:\/\/cokhitanminh.com\/may-dong-goi\/wp-content\/uploads\/2022\/03\/may-boc-mang-thuc-pham-tu-dong-tmdg-db03-1-ckmdg-10.jpg 550w, https:\/\/cokhitanminh.com\/may-dong-goi\/wp-content\/uploads\/2022\/03\/may-boc-mang-thuc-pham-tu-dong-tmdg-db03-1-ckmdg-10-300x155.jpg 300w\" sizes=\"auto, (max-width: 550px) 100vw, 550px\" \/><\/div>\n<div><\/div>\n<div><strong>Th\u00f4ng s\u1ed1 k\u1ef9 thu\u1eadt:<\/strong><\/div>\n<div><\/div>\n<div>&#8211; Model: TM\u0110G-BD03<\/div>\n<div><\/div>\n<div>&#8211; \u0110i\u1ec7n \u00e1p: 220V\/50Hz<\/div>\n<div><\/div>\n<div>&#8211; C\u00f4ng Su\u1ea5t: 1.8kW<\/div>\n<div><\/div>\n<div>&#8211; N\u0103ng su\u00e2\u0301t: ~15sp\/p<\/div>\n<div><\/div>\n<div>&#8211; Ki\u0301ch th\u01b0\u01a1\u0301c SP a\u0301p du\u0323ng: D:80-350*R:80-230*C:10-150<\/div>\n<div><\/div>\n<div>&#8211; Kh\u1ed5 r\u1ed9ng m\u00e0ng: 350-500mm<\/div>\n<div><\/div>\n<div>&#8211; T\u1ea3i tr\u1ecdng sp: 100G-3kg<\/div>\n<div><\/div>\n<div>&#8211; S\u1ed1 l\u01b0\u1ee3ng sp b\u1ecdc: 1sp\/l\u1ea7n<\/div>\n<div><\/div>\n<div>&#8211; K\u00edch th\u01b0\u1edbc m\u00e1y: 888*840*1415mm<\/div>\n<div><\/div>\n<div>&#8211; Tr\u1ecdng l\u01b0\u1ee3ng m\u00e1y: 600kg<\/div>\n<div><\/div>\n<div>&#8211; V\u1eadt li\u1ec7u ch\u00ednh (v\u1ecf m\u00e1y): inox 304<\/div>\n<div><\/div>\n<div>&#8211; B\u1ea3o h\u00e0nh: 12 th\u00e1ng<\/div>\n<div><\/div>\n<div>Xem th\u00eam: <em><strong>M\u00e1y b\u1ecdc m\u00e0ng th\u1ef1c ph\u1ea9m b\u00e1n t\u1ef1 \u0111\u1ed9ng<\/strong><\/em> TM\u0110G-BD03<\/div>\n","protected":false},"excerpt":{"rendered":"<p>M\u00e1y b\u1ecdc m\u00e0ng th\u1ef1c ph\u1ea9m b\u00e1n t\u1ef1 \u0111\u1ed9ng TM\u0110G-BD03 \u0111\u01b0\u1ee3c C\u00f4ng Ty C\u01a1 Kh\u00ed T\u00e2n Minh nh\u1eadp kh\u1ea9u v\u00e0 ph\u00e2n ph\u1ed1i tr\u00ean to\u00e0n qu\u1ed1c. M\u00e1y \u0111\u01b0\u1ee3c \u1ee9ng d\u1ee5ng trong l\u0129nh v\u1ef1c M\u00e1y \u0110\u00f3ng G\u00f3i. C\u00e1c s\u1ea3n ph\u1ea9m c\u1ee7a ch\u00fang t\u00f4i \u0111\u1ec1u \u0111\u01b0\u1ee3c ki\u1ec3m tra k\u1ef9 l\u01b0\u1ee1ng v\u00e0 v\u1eadn h\u00e0nh th\u1ef1c t\u1ebf \u0111\u1ec3 lu\u00f4n \u0111\u1ea3m b\u1ea3o &#8230;<\/p>\n","protected":false},"featured_media":8148,"comment_status":"open","ping_status":"closed","template":"","meta":[],"class_list":{"0":"post-8147","1":"product","2":"type-product","3":"status-publish","4":"has-post-thumbnail","6":"product_cat-may-co-cat-mang-ep-mang","8":"first","9":"instock","10":"shipping-taxable","11":"purchasable","12":"product-type-simple"},"brands":[],"yoast_head":"<!-- This site is optimized with the Yoast SEO plugin v17.6 - https:\/\/yoast.com\/wordpress\/plugins\/seo\/ -->\n<title>M\u00e1y b\u1ecdc m\u00e0ng th\u1ef1c ph\u1ea9m b\u00e1n t\u1ef1 \u0111\u1ed9ng TM\u0110G-BD03 -<\/title>\n<meta name=\"description\" content=\"M\u00e1y b\u1ecdc m\u00e0ng th\u1ef1c ph\u1ea9m b\u00e1n t\u1ef1 \u0111\u1ed9ng TM\u0110G-BD03 uy t\u00edn, ch\u1ea5t l\u01b0\u1ee3ng! C\u00f4ng Ty CP C\u01a1 Kh\u00ed T\u00e2n Minh.- li\u00ean h\u1ec7 hotline: 1900.2861\/ 0967.68.69.11\" \/>\n<meta name=\"robots\" content=\"index, follow, max-snippet:-1, max-image-preview:large, max-video-preview:-1\" \/>\n<link rel=\"canonical\" href=\"https:\/\/cokhitanminh.com\/may-dong-goi\/may-boc-mang-thuc-pham-ban-tu-dong-tmdg-bd03\/\" \/>\n<meta property=\"og:locale\" content=\"vi_VN\" \/>\n<meta property=\"og:type\" content=\"article\" \/>\n<meta property=\"og:title\" content=\"M\u00e1y b\u1ecdc m\u00e0ng th\u1ef1c ph\u1ea9m b\u00e1n t\u1ef1 \u0111\u1ed9ng TM\u0110G-BD03 -\" \/>\n<meta property=\"og:description\" content=\"M\u00e1y b\u1ecdc m\u00e0ng th\u1ef1c ph\u1ea9m b\u00e1n t\u1ef1 \u0111\u1ed9ng TM\u0110G-BD03 uy t\u00edn, ch\u1ea5t l\u01b0\u1ee3ng! C\u00f4ng Ty CP C\u01a1 Kh\u00ed T\u00e2n Minh.- li\u00ean h\u1ec7 hotline: 1900.2861\/ 0967.68.69.11\" \/>\n<meta property=\"og:url\" content=\"https:\/\/cokhitanminh.com\/may-dong-goi\/may-boc-mang-thuc-pham-ban-tu-dong-tmdg-bd03\/\" \/>\n<meta property=\"og:site_name\" content=\"M\u00c1Y \u0110\u00d3NG G\u00d3I T\u00c2N MINH\" \/>\n<meta property=\"article:modified_time\" content=\"2025-04-09T03:35:22+00:00\" \/>\n<meta property=\"og:image\" content=\"https:\/\/cokhitanminh.com\/may-dong-goi\/wp-content\/uploads\/2022\/03\/may-boc-mang-thuc-pham-tu-dong-tmdg-db03-1-ckmdg-1.jpg\" \/>\n\t<meta property=\"og:image:width\" content=\"550\" \/>\n\t<meta property=\"og:image:height\" content=\"550\" \/>\n<meta name=\"twitter:card\" content=\"summary_large_image\" \/>\n<meta name=\"twitter:label1\" content=\"\u01af\u1edbc t\u00ednh th\u1eddi gian \u0111\u1ecdc\" \/>\n\t<meta name=\"twitter:data1\" content=\"3 ph\u00fat\" \/>\n<script type=\"application\/ld+json\" class=\"yoast-schema-graph\">{\"@context\":\"https:\/\/schema.org\",\"@graph\":[{\"@type\":\"WebSite\",\"@id\":\"https:\/\/cokhitanminh.com\/may-dong-goi\/#website\",\"url\":\"https:\/\/cokhitanminh.com\/may-dong-goi\/\",\"name\":\"M\\u00c1Y \\u0110\\u00d3NG G\\u00d3I T\\u00c2N MINH\",\"description\":\"Chuy\\u00ean gia m\\u00e1y \\u0111\\u00f3ng g\\u00f3i\",\"potentialAction\":[{\"@type\":\"SearchAction\",\"target\":{\"@type\":\"EntryPoint\",\"urlTemplate\":\"https:\/\/cokhitanminh.com\/may-dong-goi\/?s={search_term_string}\"},\"query-input\":\"required name=search_term_string\"}],\"inLanguage\":\"vi\"},{\"@type\":\"ImageObject\",\"@id\":\"https:\/\/cokhitanminh.com\/may-dong-goi\/may-boc-mang-thuc-pham-ban-tu-dong-tmdg-bd03\/#primaryimage\",\"inLanguage\":\"vi\",\"url\":\"https:\/\/cokhitanminh.com\/may-dong-goi\/wp-content\/uploads\/2022\/03\/may-boc-mang-thuc-pham-tu-dong-tmdg-db03-1-ckmdg-1.jpg\",\"contentUrl\":\"https:\/\/cokhitanminh.com\/may-dong-goi\/wp-content\/uploads\/2022\/03\/may-boc-mang-thuc-pham-tu-dong-tmdg-db03-1-ckmdg-1.jpg\",\"width\":550,\"height\":550},{\"@type\":\"WebPage\",\"@id\":\"https:\/\/cokhitanminh.com\/may-dong-goi\/may-boc-mang-thuc-pham-ban-tu-dong-tmdg-bd03\/#webpage\",\"url\":\"https:\/\/cokhitanminh.com\/may-dong-goi\/may-boc-mang-thuc-pham-ban-tu-dong-tmdg-bd03\/\",\"name\":\"M\\u00e1y b\\u1ecdc m\\u00e0ng th\\u1ef1c ph\\u1ea9m b\\u00e1n t\\u1ef1 \\u0111\\u1ed9ng TM\\u0110G-BD03 -\",\"isPartOf\":{\"@id\":\"https:\/\/cokhitanminh.com\/may-dong-goi\/#website\"},\"primaryImageOfPage\":{\"@id\":\"https:\/\/cokhitanminh.com\/may-dong-goi\/may-boc-mang-thuc-pham-ban-tu-dong-tmdg-bd03\/#primaryimage\"},\"datePublished\":\"2022-03-29T02:46:51+00:00\",\"dateModified\":\"2025-04-09T03:35:22+00:00\",\"description\":\"M\\u00e1y b\\u1ecdc m\\u00e0ng th\\u1ef1c ph\\u1ea9m b\\u00e1n t\\u1ef1 \\u0111\\u1ed9ng TM\\u0110G-BD03 uy t\\u00edn, ch\\u1ea5t l\\u01b0\\u1ee3ng! C\\u00f4ng Ty CP C\\u01a1 Kh\\u00ed T\\u00e2n Minh.- li\\u00ean h\\u1ec7 hotline: 1900.2861\/ 0967.68.69.11\",\"breadcrumb\":{\"@id\":\"https:\/\/cokhitanminh.com\/may-dong-goi\/may-boc-mang-thuc-pham-ban-tu-dong-tmdg-bd03\/#breadcrumb\"},\"inLanguage\":\"vi\",\"potentialAction\":[{\"@type\":\"ReadAction\",\"target\":[\"https:\/\/cokhitanminh.com\/may-dong-goi\/may-boc-mang-thuc-pham-ban-tu-dong-tmdg-bd03\/\"]}]},{\"@type\":\"BreadcrumbList\",\"@id\":\"https:\/\/cokhitanminh.com\/may-dong-goi\/may-boc-mang-thuc-pham-ban-tu-dong-tmdg-bd03\/#breadcrumb\",\"itemListElement\":[{\"@type\":\"ListItem\",\"position\":1,\"name\":\"Trang ch\\u1ee7\",\"item\":\"https:\/\/cokhitanminh.com\/may-dong-goi\/\"},{\"@type\":\"ListItem\",\"position\":2,\"name\":\"C\\u1eeda h\\u00e0ng\",\"item\":\"https:\/\/cokhitanminh.com\/may-dong-goi\/mua\/\"},{\"@type\":\"ListItem\",\"position\":3,\"name\":\"M\\u00e1y b\\u1ecdc m\\u00e0ng th\\u1ef1c ph\\u1ea9m b\\u00e1n t\\u1ef1 \\u0111\\u1ed9ng TM\\u0110G-BD03\"}]}]}<\/script>\n<!-- \/ Yoast SEO plugin. -->","yoast_head_json":{"title":"M\u00e1y b\u1ecdc m\u00e0ng th\u1ef1c ph\u1ea9m b\u00e1n t\u1ef1 \u0111\u1ed9ng TM\u0110G-BD03 -","description":"M\u00e1y b\u1ecdc m\u00e0ng th\u1ef1c ph\u1ea9m b\u00e1n t\u1ef1 \u0111\u1ed9ng TM\u0110G-BD03 uy t\u00edn, ch\u1ea5t l\u01b0\u1ee3ng! C\u00f4ng Ty CP C\u01a1 Kh\u00ed T\u00e2n Minh.- li\u00ean h\u1ec7 hotline: 1900.2861\/ 0967.68.69.11","robots":{"index":"index","follow":"follow","max-snippet":"max-snippet:-1","max-image-preview":"max-image-preview:large","max-video-preview":"max-video-preview:-1"},"canonical":"https:\/\/cokhitanminh.com\/may-dong-goi\/may-boc-mang-thuc-pham-ban-tu-dong-tmdg-bd03\/","og_locale":"vi_VN","og_type":"article","og_title":"M\u00e1y b\u1ecdc m\u00e0ng th\u1ef1c ph\u1ea9m b\u00e1n t\u1ef1 \u0111\u1ed9ng TM\u0110G-BD03 -","og_description":"M\u00e1y b\u1ecdc m\u00e0ng th\u1ef1c ph\u1ea9m b\u00e1n t\u1ef1 \u0111\u1ed9ng TM\u0110G-BD03 uy t\u00edn, ch\u1ea5t l\u01b0\u1ee3ng! C\u00f4ng Ty CP C\u01a1 Kh\u00ed T\u00e2n Minh.- li\u00ean h\u1ec7 hotline: 1900.2861\/ 0967.68.69.11","og_url":"https:\/\/cokhitanminh.com\/may-dong-goi\/may-boc-mang-thuc-pham-ban-tu-dong-tmdg-bd03\/","og_site_name":"M\u00c1Y \u0110\u00d3NG G\u00d3I T\u00c2N MINH","article_modified_time":"2025-04-09T03:35:22+00:00","og_image":[{"width":550,"height":550,"url":"https:\/\/cokhitanminh.com\/may-dong-goi\/wp-content\/uploads\/2022\/03\/may-boc-mang-thuc-pham-tu-dong-tmdg-db03-1-ckmdg-1.jpg","type":"image\/jpeg"}],"twitter_card":"summary_large_image","twitter_misc":{"\u01af\u1edbc t\u00ednh th\u1eddi gian \u0111\u1ecdc":"3 ph\u00fat"},"schema":{"@context":"https:\/\/schema.org","@graph":[{"@type":"WebSite","@id":"https:\/\/cokhitanminh.com\/may-dong-goi\/#website","url":"https:\/\/cokhitanminh.com\/may-dong-goi\/","name":"M\u00c1Y \u0110\u00d3NG G\u00d3I T\u00c2N MINH","description":"Chuy\u00ean gia m\u00e1y \u0111\u00f3ng g\u00f3i","potentialAction":[{"@type":"SearchAction","target":{"@type":"EntryPoint","urlTemplate":"https:\/\/cokhitanminh.com\/may-dong-goi\/?s={search_term_string}"},"query-input":"required name=search_term_string"}],"inLanguage":"vi"},{"@type":"ImageObject","@id":"https:\/\/cokhitanminh.com\/may-dong-goi\/may-boc-mang-thuc-pham-ban-tu-dong-tmdg-bd03\/#primaryimage","inLanguage":"vi","url":"https:\/\/cokhitanminh.com\/may-dong-goi\/wp-content\/uploads\/2022\/03\/may-boc-mang-thuc-pham-tu-dong-tmdg-db03-1-ckmdg-1.jpg","contentUrl":"https:\/\/cokhitanminh.com\/may-dong-goi\/wp-content\/uploads\/2022\/03\/may-boc-mang-thuc-pham-tu-dong-tmdg-db03-1-ckmdg-1.jpg","width":550,"height":550},{"@type":"WebPage","@id":"https:\/\/cokhitanminh.com\/may-dong-goi\/may-boc-mang-thuc-pham-ban-tu-dong-tmdg-bd03\/#webpage","url":"https:\/\/cokhitanminh.com\/may-dong-goi\/may-boc-mang-thuc-pham-ban-tu-dong-tmdg-bd03\/","name":"M\u00e1y b\u1ecdc m\u00e0ng th\u1ef1c ph\u1ea9m b\u00e1n t\u1ef1 \u0111\u1ed9ng TM\u0110G-BD03 -","isPartOf":{"@id":"https:\/\/cokhitanminh.com\/may-dong-goi\/#website"},"primaryImageOfPage":{"@id":"https:\/\/cokhitanminh.com\/may-dong-goi\/may-boc-mang-thuc-pham-ban-tu-dong-tmdg-bd03\/#primaryimage"},"datePublished":"2022-03-29T02:46:51+00:00","dateModified":"2025-04-09T03:35:22+00:00","description":"M\u00e1y b\u1ecdc m\u00e0ng th\u1ef1c ph\u1ea9m b\u00e1n t\u1ef1 \u0111\u1ed9ng TM\u0110G-BD03 uy t\u00edn, ch\u1ea5t l\u01b0\u1ee3ng! C\u00f4ng Ty CP C\u01a1 Kh\u00ed T\u00e2n Minh.- li\u00ean h\u1ec7 hotline: 1900.2861\/ 0967.68.69.11","breadcrumb":{"@id":"https:\/\/cokhitanminh.com\/may-dong-goi\/may-boc-mang-thuc-pham-ban-tu-dong-tmdg-bd03\/#breadcrumb"},"inLanguage":"vi","potentialAction":[{"@type":"ReadAction","target":["https:\/\/cokhitanminh.com\/may-dong-goi\/may-boc-mang-thuc-pham-ban-tu-dong-tmdg-bd03\/"]}]},{"@type":"BreadcrumbList","@id":"https:\/\/cokhitanminh.com\/may-dong-goi\/may-boc-mang-thuc-pham-ban-tu-dong-tmdg-bd03\/#breadcrumb","itemListElement":[{"@type":"ListItem","position":1,"name":"Trang ch\u1ee7","item":"https:\/\/cokhitanminh.com\/may-dong-goi\/"},{"@type":"ListItem","position":2,"name":"C\u1eeda h\u00e0ng","item":"https:\/\/cokhitanminh.com\/may-dong-goi\/mua\/"},{"@type":"ListItem","position":3,"name":"M\u00e1y b\u1ecdc m\u00e0ng th\u1ef1c ph\u1ea9m b\u00e1n t\u1ef1 \u0111\u1ed9ng TM\u0110G-BD03"}]}]}},"_links":{"self":[{"href":"https:\/\/cokhitanminh.com\/may-dong-goi\/wp-json\/wp\/v2\/product\/8147","targetHints":{"allow":["GET"]}}],"collection":[{"href":"https:\/\/cokhitanminh.com\/may-dong-goi\/wp-json\/wp\/v2\/product"}],"about":[{"href":"https:\/\/cokhitanminh.com\/may-dong-goi\/wp-json\/wp\/v2\/types\/product"}],"replies":[{"embeddable":true,"href":"https:\/\/cokhitanminh.com\/may-dong-goi\/wp-json\/wp\/v2\/comments?post=8147"}],"wp:featuredmedia":[{"embeddable":true,"href":"https:\/\/cokhitanminh.com\/may-dong-goi\/wp-json\/wp\/v2\/media\/8148"}],"wp:attachment":[{"href":"https:\/\/cokhitanminh.com\/may-dong-goi\/wp-json\/wp\/v2\/media?parent=8147"}],"curies":[{"name":"wp","href":"https:\/\/api.w.org\/{rel}","templated":true}]}}