{"id":7997,"date":"2022-01-08T02:44:56","date_gmt":"2022-01-08T02:44:56","guid":{"rendered":"https:\/\/cokhitanminh.com\/may-dong-goi\/?post_type=product&#038;p=7997"},"modified":"2022-09-13T01:50:16","modified_gmt":"2022-09-13T01:50:16","slug":"may-dong-goi-ong-hut-tu-dong-tmdg-i77","status":"publish","type":"product","link":"https:\/\/cokhitanminh.com\/may-dong-goi\/may-dong-goi-ong-hut-tu-dong-tmdg-i77\/","title":{"rendered":"M\u00e1y \u0111\u00f3ng g\u00f3i \u1ed1ng h\u00fat t\u1ef1 \u0111\u1ed9ng (TM\u0110G-I77)"},"content":{"rendered":"<h3><a href=\"https:\/\/cokhitanminh.com\/may-dong-goi\/may-dong-goi-ong-hut-tu-dong-tmdg-i77\/\"><em><strong>M\u00e1y \u0111\u00f3ng g\u00f3i \u1ed1ng h\u00fat t\u1ef1 \u0111\u1ed9ng<\/strong><\/em> <\/a>(TM\u0110G-I77)<\/h3>\n<p><em><strong>M\u00e1y \u0111\u00f3ng g\u00f3i \u1ed1ng h\u00fat t\u1ef1 \u0111\u1ed9ng <\/strong><\/em><strong>(TM\u0110G-I77)<\/strong> \u0111\u01b0\u1ee3c nghi\u00ean c\u1ee9u s\u1ea3n xu\u1ea5t v\u00e0 ph\u00e2n ph\u1ed1i tr\u00ean to\u00e0n qu\u1ed1c. T\u1ea5t c\u1ea3 c\u00e1c s\u1ea3n ph\u1ea9m c\u1ee7a ch\u00fang t\u00f4i \u0111\u1ec1u \u0111\u01b0\u1ee3c ki\u1ec3m tra k\u1ef9 l\u01b0\u1ee1ng v\u00e0 v\u1eadn h\u00e0nh th\u1ef1c t\u1ebf \u0111\u1ec3 lu\u00f4n \u0111\u1ea3m b\u1ea3o ch\u1ea5t l\u01b0\u1ee3ng t\u1ed1t nh\u1ea5t tr\u01b0\u1edbc khi b\u00e0n giao thi\u1ebft b\u1ecb cho kh\u00e1ch h\u00e0ng.<\/p>\n<p><strong>Th\u00f4ng s\u1ed1 k\u1ef9 thu\u1eadt:<\/strong><\/p>\n<p>&#8211; Model: TM\u0110G-I77<\/p>\n<p>&#8211; \u0110i\u1ec7n \u00e1p: 220V\/50 Hz<\/p>\n<p>&#8211; C\u00f4ng Su\u1ea5t: 2.5 kW<\/p>\n<p>&#8211; N\u0103ng su\u1ea5t: 200-300 s\u1ea3n ph\u1ea9m\/ph\u00fat (ph\u1ee5 thu\u1ed9c v\u00e0o s\u1ea3n ph\u1ea9m)<\/p>\n<p>&#8211; \u0110\u01b0\u1eddng k\u00ednh \u1ed1ng h\u00fat: 4 &#8211; 12mm (\u0111i\u1ec1u ch\u1ec9nh)<\/p>\n<p>&#8211; Chi\u00ea\u0300u da\u0300i \u1ed1ng h\u00fat: 150 &#8211; 280 mm (\u0111\u1eb7t h\u00e0ng)<\/p>\n<p>&#8211; Ma\u0300ng a\u0301p du\u0323ng: m\u00e0ng gi\u1ea5y, BOPP<\/p>\n<p>&#8211; \u0110\u01b0\u01a1\u0300ng ki\u0301nh cu\u00f4\u0323n ma\u0300ng l\u1edbn nh\u1ea5t: 500 mm<\/p>\n<p>&#8211; H\u00ecnh th\u1ee9c t\u00fai: 3 bi\u00ean c\u1ea1nh b\u00ean<\/p>\n<p>&#8211; K\u00edch th\u01b0\u1edbc m\u00e1y: 1400 x 800 x 1700 mm<\/p>\n<p>&#8211; Tr\u1ecdng l\u01b0\u1ee3ng m\u00e1y: 500 kg<\/p>\n<p>&#8211; V\u1eadt li\u1ec7u ch\u00ednh: v\u1ecf m\u00e1y th\u00e9p phun s\u01a1n<\/p>\n<p>&#8211; B\u1ea3o h\u00e0nh: 12 th\u00e1ng<\/p>\n<p><strong>H\u00ecnh \u1ea3nh s\u1ea3n ph\u1ea9m:<\/strong><\/p>\n<p><img loading=\"lazy\" decoding=\"async\" class=\"size-full wp-image-7999 aligncenter\" src=\"https:\/\/cokhitanminh.com\/may-dong-goi\/wp-content\/uploads\/2022\/01\/may-dong-goi-ong-hut-tu-dong-tmdg-i77-2-cokhitanminhcommdg.jpg\" alt=\"\" width=\"750\" height=\"375\" srcset=\"https:\/\/cokhitanminh.com\/may-dong-goi\/wp-content\/uploads\/2022\/01\/may-dong-goi-ong-hut-tu-dong-tmdg-i77-2-cokhitanminhcommdg.jpg 750w, https:\/\/cokhitanminh.com\/may-dong-goi\/wp-content\/uploads\/2022\/01\/may-dong-goi-ong-hut-tu-dong-tmdg-i77-2-cokhitanminhcommdg-300x150.jpg 300w, https:\/\/cokhitanminh.com\/may-dong-goi\/wp-content\/uploads\/2022\/01\/may-dong-goi-ong-hut-tu-dong-tmdg-i77-2-cokhitanminhcommdg-600x300.jpg 600w\" sizes=\"auto, (max-width: 750px) 100vw, 750px\" \/><\/p>\n<p><img loading=\"lazy\" decoding=\"async\" class=\"size-full wp-image-8000 aligncenter\" src=\"https:\/\/cokhitanminh.com\/may-dong-goi\/wp-content\/uploads\/2022\/01\/may-dong-goi-ong-hut-tu-dong-tmdg-i77-3-cokhitanminhcommdg.jpg\" alt=\"\" width=\"550\" height=\"412\" srcset=\"https:\/\/cokhitanminh.com\/may-dong-goi\/wp-content\/uploads\/2022\/01\/may-dong-goi-ong-hut-tu-dong-tmdg-i77-3-cokhitanminhcommdg.jpg 550w, https:\/\/cokhitanminh.com\/may-dong-goi\/wp-content\/uploads\/2022\/01\/may-dong-goi-ong-hut-tu-dong-tmdg-i77-3-cokhitanminhcommdg-300x225.jpg 300w\" sizes=\"auto, (max-width: 550px) 100vw, 550px\" \/><\/p>\n<p><img loading=\"lazy\" decoding=\"async\" class=\"size-full wp-image-8001 aligncenter\" src=\"https:\/\/cokhitanminh.com\/may-dong-goi\/wp-content\/uploads\/2022\/01\/may-dong-goi-ong-hut-tu-dong-tmdg-i77-4-cokhitanminhcommdg.jpg\" alt=\"\" width=\"550\" height=\"368\" srcset=\"https:\/\/cokhitanminh.com\/may-dong-goi\/wp-content\/uploads\/2022\/01\/may-dong-goi-ong-hut-tu-dong-tmdg-i77-4-cokhitanminhcommdg.jpg 550w, https:\/\/cokhitanminh.com\/may-dong-goi\/wp-content\/uploads\/2022\/01\/may-dong-goi-ong-hut-tu-dong-tmdg-i77-4-cokhitanminhcommdg-300x201.jpg 300w\" sizes=\"auto, (max-width: 550px) 100vw, 550px\" \/><\/p>\n<p><img loading=\"lazy\" decoding=\"async\" class=\"size-full wp-image-8002 aligncenter\" src=\"https:\/\/cokhitanminh.com\/may-dong-goi\/wp-content\/uploads\/2022\/01\/may-dong-goi-ong-hut-tu-dong-tmdg-i77-5-cokhitanminhcommdg.jpg\" alt=\"\" width=\"550\" height=\"371\" srcset=\"https:\/\/cokhitanminh.com\/may-dong-goi\/wp-content\/uploads\/2022\/01\/may-dong-goi-ong-hut-tu-dong-tmdg-i77-5-cokhitanminhcommdg.jpg 550w, https:\/\/cokhitanminh.com\/may-dong-goi\/wp-content\/uploads\/2022\/01\/may-dong-goi-ong-hut-tu-dong-tmdg-i77-5-cokhitanminhcommdg-300x202.jpg 300w\" sizes=\"auto, (max-width: 550px) 100vw, 550px\" \/><\/p>\n<p><img loading=\"lazy\" decoding=\"async\" class=\"size-full wp-image-8003 aligncenter\" src=\"https:\/\/cokhitanminh.com\/may-dong-goi\/wp-content\/uploads\/2022\/01\/may-dong-goi-ong-hut-tu-dong-tmdg-i77-6-cokhitanminhcommdg.jpg\" alt=\"\" width=\"550\" height=\"385\" srcset=\"https:\/\/cokhitanminh.com\/may-dong-goi\/wp-content\/uploads\/2022\/01\/may-dong-goi-ong-hut-tu-dong-tmdg-i77-6-cokhitanminhcommdg.jpg 550w, https:\/\/cokhitanminh.com\/may-dong-goi\/wp-content\/uploads\/2022\/01\/may-dong-goi-ong-hut-tu-dong-tmdg-i77-6-cokhitanminhcommdg-300x210.jpg 300w\" sizes=\"auto, (max-width: 550px) 100vw, 550px\" \/><\/p>\n<p>Video:<\/p>\n<p><iframe loading=\"lazy\" title=\"M\u00e1y \u0111\u00f3ng g\u00f3i \u1ed1ng h\u00fat t\u1ef1 \u0111\u1ed9ng (TM\u0110G-I77)\" width=\"1020\" height=\"574\" src=\"https:\/\/www.youtube.com\/embed\/Hyhb2M9jRnM?feature=oembed\" frameborder=\"0\" allow=\"accelerometer; autoplay; clipboard-write; encrypted-media; gyroscope; picture-in-picture\" allowfullscreen><\/iframe><\/p>\n<p>&nbsp;<\/p>\n<p>Chi ti\u1ebft s\u1ea3n ph\u1ea9m<strong><em> M\u00e1y \u0111\u00f3ng g\u00f3i \u1ed1ng h\u00fat t\u1ef1 \u0111\u1ed9ng (TM\u0110G-I77) <\/em><\/strong>xin vui l\u00f2ng li\u00ean h\u1ec7 Hotline: 19002861 \u0110\u1ec3 \u0111\u01b0\u1ee3c t\u01b0 v\u1ea5n ho\u00e0n to\u00e0n mi\u1ec5n ph\u00ed!<\/p>\n","protected":false},"excerpt":{"rendered":"<p>M\u00e1y \u0111\u00f3ng g\u00f3i \u1ed1ng h\u00fat t\u1ef1 \u0111\u1ed9ng (TM\u0110G-I77) M\u00e1y \u0111\u00f3ng g\u00f3i \u1ed1ng h\u00fat t\u1ef1 \u0111\u1ed9ng (TM\u0110G-I77) \u0111\u01b0\u1ee3c nghi\u00ean c\u1ee9u s\u1ea3n xu\u1ea5t v\u00e0 ph\u00e2n ph\u1ed1i tr\u00ean to\u00e0n qu\u1ed1c. T\u1ea5t c\u1ea3 c\u00e1c s\u1ea3n ph\u1ea9m c\u1ee7a ch\u00fang t\u00f4i \u0111\u1ec1u \u0111\u01b0\u1ee3c ki\u1ec3m tra k\u1ef9 l\u01b0\u1ee1ng v\u00e0 v\u1eadn h\u00e0nh th\u1ef1c t\u1ebf \u0111\u1ec3 lu\u00f4n \u0111\u1ea3m b\u1ea3o ch\u1ea5t l\u01b0\u1ee3ng t\u1ed1t nh\u1ea5t tr\u01b0\u1edbc &#8230;<\/p>\n","protected":false},"featured_media":8004,"comment_status":"open","ping_status":"closed","template":"","meta":[],"class_list":{"0":"post-7997","1":"product","2":"type-product","3":"status-publish","4":"has-post-thumbnail","6":"product_cat-may-dong-goi-dang-tui-dang-bao","8":"first","9":"instock","10":"shipping-taxable","11":"purchasable","12":"product-type-simple"},"brands":[],"yoast_head":"<!-- This site is optimized with the Yoast SEO plugin v17.6 - https:\/\/yoast.com\/wordpress\/plugins\/seo\/ -->\n<title>M\u00e1y \u0111\u00f3ng g\u00f3i \u1ed1ng h\u00fat t\u1ef1 \u0111\u1ed9ng (TM\u0110G-I77) - M\u00c1Y \u0110\u00d3NG G\u00d3I T\u00c2N MINH<\/title>\n<meta name=\"description\" content=\"M\u00e1y \u0111\u00f3ng g\u00f3i \u1ed1ng h\u00fat t\u1ef1 \u0111\u1ed9ng (TM\u0110G-I77) B\u1ea3o H\u00e0nh Chuy\u00ean Nghi\u1ec7p - Chi ti\u1ebft xin li\u00ean h\u1ec7 Hotline: 19002861 \u0110\u1ec3 \u0111\u01b0\u1ee3c t\u01b0 v\u1ea5n ho\u00e0n to\u00e0n mi\u1ec5n ph\u00ed!\" \/>\n<meta name=\"robots\" content=\"index, follow, max-snippet:-1, max-image-preview:large, max-video-preview:-1\" \/>\n<link rel=\"canonical\" href=\"https:\/\/cokhitanminh.com\/may-dong-goi\/may-dong-goi-ong-hut-tu-dong-tmdg-i77\/\" \/>\n<meta property=\"og:locale\" content=\"vi_VN\" \/>\n<meta property=\"og:type\" content=\"article\" \/>\n<meta property=\"og:title\" content=\"M\u00e1y \u0111\u00f3ng g\u00f3i \u1ed1ng h\u00fat t\u1ef1 \u0111\u1ed9ng (TM\u0110G-I77) - M\u00c1Y \u0110\u00d3NG G\u00d3I T\u00c2N MINH\" \/>\n<meta property=\"og:description\" content=\"M\u00e1y \u0111\u00f3ng g\u00f3i \u1ed1ng h\u00fat t\u1ef1 \u0111\u1ed9ng (TM\u0110G-I77) B\u1ea3o H\u00e0nh Chuy\u00ean Nghi\u1ec7p - Chi ti\u1ebft xin li\u00ean h\u1ec7 Hotline: 19002861 \u0110\u1ec3 \u0111\u01b0\u1ee3c t\u01b0 v\u1ea5n ho\u00e0n to\u00e0n mi\u1ec5n ph\u00ed!\" \/>\n<meta property=\"og:url\" content=\"https:\/\/cokhitanminh.com\/may-dong-goi\/may-dong-goi-ong-hut-tu-dong-tmdg-i77\/\" \/>\n<meta property=\"og:site_name\" content=\"M\u00c1Y \u0110\u00d3NG G\u00d3I T\u00c2N MINH\" \/>\n<meta property=\"article:modified_time\" content=\"2022-09-13T01:50:16+00:00\" \/>\n<meta property=\"og:image\" content=\"https:\/\/cokhitanminh.com\/may-dong-goi\/wp-content\/uploads\/2022\/01\/may-dong-goi-ong-hut-tu-dong-tmdg-i77-1-cokhitanminhcommdg.jpg\" \/>\n\t<meta property=\"og:image:width\" content=\"550\" \/>\n\t<meta property=\"og:image:height\" content=\"550\" \/>\n<meta name=\"twitter:card\" content=\"summary_large_image\" \/>\n<meta name=\"twitter:label1\" content=\"\u01af\u1edbc t\u00ednh th\u1eddi gian \u0111\u1ecdc\" \/>\n\t<meta name=\"twitter:data1\" content=\"2 ph\u00fat\" \/>\n<script type=\"application\/ld+json\" class=\"yoast-schema-graph\">{\"@context\":\"https:\/\/schema.org\",\"@graph\":[{\"@type\":\"WebSite\",\"@id\":\"https:\/\/cokhitanminh.com\/may-dong-goi\/#website\",\"url\":\"https:\/\/cokhitanminh.com\/may-dong-goi\/\",\"name\":\"M\\u00c1Y \\u0110\\u00d3NG G\\u00d3I T\\u00c2N MINH\",\"description\":\"Chuy\\u00ean gia m\\u00e1y \\u0111\\u00f3ng g\\u00f3i\",\"potentialAction\":[{\"@type\":\"SearchAction\",\"target\":{\"@type\":\"EntryPoint\",\"urlTemplate\":\"https:\/\/cokhitanminh.com\/may-dong-goi\/?s={search_term_string}\"},\"query-input\":\"required name=search_term_string\"}],\"inLanguage\":\"vi\"},{\"@type\":\"ImageObject\",\"@id\":\"https:\/\/cokhitanminh.com\/may-dong-goi\/may-dong-goi-ong-hut-tu-dong-tmdg-i77\/#primaryimage\",\"inLanguage\":\"vi\",\"url\":\"https:\/\/cokhitanminh.com\/may-dong-goi\/wp-content\/uploads\/2022\/01\/may-dong-goi-ong-hut-tu-dong-tmdg-i77-1-cokhitanminhcommdg.jpg\",\"contentUrl\":\"https:\/\/cokhitanminh.com\/may-dong-goi\/wp-content\/uploads\/2022\/01\/may-dong-goi-ong-hut-tu-dong-tmdg-i77-1-cokhitanminhcommdg.jpg\",\"width\":550,\"height\":550},{\"@type\":\"WebPage\",\"@id\":\"https:\/\/cokhitanminh.com\/may-dong-goi\/may-dong-goi-ong-hut-tu-dong-tmdg-i77\/#webpage\",\"url\":\"https:\/\/cokhitanminh.com\/may-dong-goi\/may-dong-goi-ong-hut-tu-dong-tmdg-i77\/\",\"name\":\"M\\u00e1y \\u0111\\u00f3ng g\\u00f3i \\u1ed1ng h\\u00fat t\\u1ef1 \\u0111\\u1ed9ng (TM\\u0110G-I77) - M\\u00c1Y \\u0110\\u00d3NG G\\u00d3I T\\u00c2N MINH\",\"isPartOf\":{\"@id\":\"https:\/\/cokhitanminh.com\/may-dong-goi\/#website\"},\"primaryImageOfPage\":{\"@id\":\"https:\/\/cokhitanminh.com\/may-dong-goi\/may-dong-goi-ong-hut-tu-dong-tmdg-i77\/#primaryimage\"},\"datePublished\":\"2022-01-08T02:44:56+00:00\",\"dateModified\":\"2022-09-13T01:50:16+00:00\",\"description\":\"M\\u00e1y \\u0111\\u00f3ng g\\u00f3i \\u1ed1ng h\\u00fat t\\u1ef1 \\u0111\\u1ed9ng (TM\\u0110G-I77) B\\u1ea3o H\\u00e0nh Chuy\\u00ean Nghi\\u1ec7p - Chi ti\\u1ebft xin li\\u00ean h\\u1ec7 Hotline: 19002861 \\u0110\\u1ec3 \\u0111\\u01b0\\u1ee3c t\\u01b0 v\\u1ea5n ho\\u00e0n to\\u00e0n mi\\u1ec5n ph\\u00ed!\",\"breadcrumb\":{\"@id\":\"https:\/\/cokhitanminh.com\/may-dong-goi\/may-dong-goi-ong-hut-tu-dong-tmdg-i77\/#breadcrumb\"},\"inLanguage\":\"vi\",\"potentialAction\":[{\"@type\":\"ReadAction\",\"target\":[\"https:\/\/cokhitanminh.com\/may-dong-goi\/may-dong-goi-ong-hut-tu-dong-tmdg-i77\/\"]}]},{\"@type\":\"BreadcrumbList\",\"@id\":\"https:\/\/cokhitanminh.com\/may-dong-goi\/may-dong-goi-ong-hut-tu-dong-tmdg-i77\/#breadcrumb\",\"itemListElement\":[{\"@type\":\"ListItem\",\"position\":1,\"name\":\"Trang ch\\u1ee7\",\"item\":\"https:\/\/cokhitanminh.com\/may-dong-goi\/\"},{\"@type\":\"ListItem\",\"position\":2,\"name\":\"C\\u1eeda h\\u00e0ng\",\"item\":\"https:\/\/cokhitanminh.com\/may-dong-goi\/mua\/\"},{\"@type\":\"ListItem\",\"position\":3,\"name\":\"M\\u00e1y \\u0111\\u00f3ng g\\u00f3i \\u1ed1ng h\\u00fat t\\u1ef1 \\u0111\\u1ed9ng (TM\\u0110G-I77)\"}]}]}<\/script>\n<!-- \/ Yoast SEO plugin. -->","yoast_head_json":{"title":"M\u00e1y \u0111\u00f3ng g\u00f3i \u1ed1ng h\u00fat t\u1ef1 \u0111\u1ed9ng (TM\u0110G-I77) - M\u00c1Y \u0110\u00d3NG G\u00d3I T\u00c2N MINH","description":"M\u00e1y \u0111\u00f3ng g\u00f3i \u1ed1ng h\u00fat t\u1ef1 \u0111\u1ed9ng (TM\u0110G-I77) B\u1ea3o H\u00e0nh Chuy\u00ean Nghi\u1ec7p - Chi ti\u1ebft xin li\u00ean h\u1ec7 Hotline: 19002861 \u0110\u1ec3 \u0111\u01b0\u1ee3c t\u01b0 v\u1ea5n ho\u00e0n to\u00e0n mi\u1ec5n ph\u00ed!","robots":{"index":"index","follow":"follow","max-snippet":"max-snippet:-1","max-image-preview":"max-image-preview:large","max-video-preview":"max-video-preview:-1"},"canonical":"https:\/\/cokhitanminh.com\/may-dong-goi\/may-dong-goi-ong-hut-tu-dong-tmdg-i77\/","og_locale":"vi_VN","og_type":"article","og_title":"M\u00e1y \u0111\u00f3ng g\u00f3i \u1ed1ng h\u00fat t\u1ef1 \u0111\u1ed9ng (TM\u0110G-I77) - M\u00c1Y \u0110\u00d3NG G\u00d3I T\u00c2N MINH","og_description":"M\u00e1y \u0111\u00f3ng g\u00f3i \u1ed1ng h\u00fat t\u1ef1 \u0111\u1ed9ng (TM\u0110G-I77) B\u1ea3o H\u00e0nh Chuy\u00ean Nghi\u1ec7p - Chi ti\u1ebft xin li\u00ean h\u1ec7 Hotline: 19002861 \u0110\u1ec3 \u0111\u01b0\u1ee3c t\u01b0 v\u1ea5n ho\u00e0n to\u00e0n mi\u1ec5n ph\u00ed!","og_url":"https:\/\/cokhitanminh.com\/may-dong-goi\/may-dong-goi-ong-hut-tu-dong-tmdg-i77\/","og_site_name":"M\u00c1Y \u0110\u00d3NG G\u00d3I T\u00c2N MINH","article_modified_time":"2022-09-13T01:50:16+00:00","og_image":[{"width":550,"height":550,"url":"https:\/\/cokhitanminh.com\/may-dong-goi\/wp-content\/uploads\/2022\/01\/may-dong-goi-ong-hut-tu-dong-tmdg-i77-1-cokhitanminhcommdg.jpg","type":"image\/jpeg"}],"twitter_card":"summary_large_image","twitter_misc":{"\u01af\u1edbc t\u00ednh th\u1eddi gian \u0111\u1ecdc":"2 ph\u00fat"},"schema":{"@context":"https:\/\/schema.org","@graph":[{"@type":"WebSite","@id":"https:\/\/cokhitanminh.com\/may-dong-goi\/#website","url":"https:\/\/cokhitanminh.com\/may-dong-goi\/","name":"M\u00c1Y \u0110\u00d3NG G\u00d3I T\u00c2N MINH","description":"Chuy\u00ean gia m\u00e1y \u0111\u00f3ng g\u00f3i","potentialAction":[{"@type":"SearchAction","target":{"@type":"EntryPoint","urlTemplate":"https:\/\/cokhitanminh.com\/may-dong-goi\/?s={search_term_string}"},"query-input":"required name=search_term_string"}],"inLanguage":"vi"},{"@type":"ImageObject","@id":"https:\/\/cokhitanminh.com\/may-dong-goi\/may-dong-goi-ong-hut-tu-dong-tmdg-i77\/#primaryimage","inLanguage":"vi","url":"https:\/\/cokhitanminh.com\/may-dong-goi\/wp-content\/uploads\/2022\/01\/may-dong-goi-ong-hut-tu-dong-tmdg-i77-1-cokhitanminhcommdg.jpg","contentUrl":"https:\/\/cokhitanminh.com\/may-dong-goi\/wp-content\/uploads\/2022\/01\/may-dong-goi-ong-hut-tu-dong-tmdg-i77-1-cokhitanminhcommdg.jpg","width":550,"height":550},{"@type":"WebPage","@id":"https:\/\/cokhitanminh.com\/may-dong-goi\/may-dong-goi-ong-hut-tu-dong-tmdg-i77\/#webpage","url":"https:\/\/cokhitanminh.com\/may-dong-goi\/may-dong-goi-ong-hut-tu-dong-tmdg-i77\/","name":"M\u00e1y \u0111\u00f3ng g\u00f3i \u1ed1ng h\u00fat t\u1ef1 \u0111\u1ed9ng (TM\u0110G-I77) - M\u00c1Y \u0110\u00d3NG G\u00d3I T\u00c2N MINH","isPartOf":{"@id":"https:\/\/cokhitanminh.com\/may-dong-goi\/#website"},"primaryImageOfPage":{"@id":"https:\/\/cokhitanminh.com\/may-dong-goi\/may-dong-goi-ong-hut-tu-dong-tmdg-i77\/#primaryimage"},"datePublished":"2022-01-08T02:44:56+00:00","dateModified":"2022-09-13T01:50:16+00:00","description":"M\u00e1y \u0111\u00f3ng g\u00f3i \u1ed1ng h\u00fat t\u1ef1 \u0111\u1ed9ng (TM\u0110G-I77) B\u1ea3o H\u00e0nh Chuy\u00ean Nghi\u1ec7p - Chi ti\u1ebft xin li\u00ean h\u1ec7 Hotline: 19002861 \u0110\u1ec3 \u0111\u01b0\u1ee3c t\u01b0 v\u1ea5n ho\u00e0n to\u00e0n mi\u1ec5n ph\u00ed!","breadcrumb":{"@id":"https:\/\/cokhitanminh.com\/may-dong-goi\/may-dong-goi-ong-hut-tu-dong-tmdg-i77\/#breadcrumb"},"inLanguage":"vi","potentialAction":[{"@type":"ReadAction","target":["https:\/\/cokhitanminh.com\/may-dong-goi\/may-dong-goi-ong-hut-tu-dong-tmdg-i77\/"]}]},{"@type":"BreadcrumbList","@id":"https:\/\/cokhitanminh.com\/may-dong-goi\/may-dong-goi-ong-hut-tu-dong-tmdg-i77\/#breadcrumb","itemListElement":[{"@type":"ListItem","position":1,"name":"Trang ch\u1ee7","item":"https:\/\/cokhitanminh.com\/may-dong-goi\/"},{"@type":"ListItem","position":2,"name":"C\u1eeda h\u00e0ng","item":"https:\/\/cokhitanminh.com\/may-dong-goi\/mua\/"},{"@type":"ListItem","position":3,"name":"M\u00e1y \u0111\u00f3ng g\u00f3i \u1ed1ng h\u00fat t\u1ef1 \u0111\u1ed9ng (TM\u0110G-I77)"}]}]}},"_links":{"self":[{"href":"https:\/\/cokhitanminh.com\/may-dong-goi\/wp-json\/wp\/v2\/product\/7997","targetHints":{"allow":["GET"]}}],"collection":[{"href":"https:\/\/cokhitanminh.com\/may-dong-goi\/wp-json\/wp\/v2\/product"}],"about":[{"href":"https:\/\/cokhitanminh.com\/may-dong-goi\/wp-json\/wp\/v2\/types\/product"}],"replies":[{"embeddable":true,"href":"https:\/\/cokhitanminh.com\/may-dong-goi\/wp-json\/wp\/v2\/comments?post=7997"}],"wp:featuredmedia":[{"embeddable":true,"href":"https:\/\/cokhitanminh.com\/may-dong-goi\/wp-json\/wp\/v2\/media\/8004"}],"wp:attachment":[{"href":"https:\/\/cokhitanminh.com\/may-dong-goi\/wp-json\/wp\/v2\/media?parent=7997"}],"curies":[{"name":"wp","href":"https:\/\/api.w.org\/{rel}","templated":true}]}}