{"id":6552,"date":"2021-12-29T09:23:10","date_gmt":"2021-12-29T09:23:10","guid":{"rendered":"https:\/\/cokhitanminh.com\/may-dong-goi\/?post_type=product&#038;p=6552"},"modified":"2021-12-29T09:27:27","modified_gmt":"2021-12-29T09:27:27","slug":"may-dinh-luong-cap-lieu-gau-tai-tmdg-2r11","status":"publish","type":"product","link":"https:\/\/cokhitanminh.com\/may-dong-goi\/may-dinh-luong-cap-lieu-gau-tai-tmdg-2r11\/","title":{"rendered":"M\u00e1y \u0111\u1ecbnh l\u01b0\u1ee3ng c\u1ea5p li\u1ec7u g\u1ea7u t\u1ea3i TM\u0110G-2R11"},"content":{"rendered":"<p><a href=\"https:\/\/cokhitanminh.com\/may-dong-goi\/may-dinh-luong-cap-lieu-gau-tai-tmdg-2r11\/\"><em><strong>M\u00e1y \u0111\u1ecbnh l\u01b0\u1ee3ng c\u1ea5p li\u1ec7u g\u1ea7u t\u1ea3i TM\u0110G-2R11<\/strong><\/em><\/a>\u00a0\u0111\u01b0\u1ee3c C\u00f4ng Ty C\u01a1 Kh\u00ed T\u00e2n Minh s\u1ea3n xu\u1ea5t v\u00e0 ph\u00e2n ph\u1ed1i tr\u00ean to\u00e0n qu\u1ed1c. M\u00e1y \u0111\u01b0\u1ee3c \u1ee9ng d\u1ee5ng trong l\u0129nh v\u1ef1c\u00a0<strong>M\u00e1y \u0110\u00f3ng G\u00f3i<\/strong>. C\u00e1c s\u1ea3n ph\u1ea9m c\u1ee7a ch\u00fang t\u00f4i \u0111\u1ec1u \u0111\u01b0\u1ee3c ki\u1ec3m tra k\u1ef9 l\u01b0\u1ee1ng v\u00e0 v\u1eadn h\u00e0nh th\u1ef1c t\u1ebf \u0111\u1ec3 lu\u00f4n \u0111\u1ea3m b\u1ea3o ch\u1ea5t l\u01b0\u1ee3ng t\u1ed1t nh\u1ea5t tr\u01b0\u1edbc khi b\u00e0n giao thi\u1ebft b\u1ecb cho kh\u00e1ch h\u00e0ng.<\/p>\n<p style=\"text-align: center;\"><a href=\"https:\/\/cokhitanminh.com\/may-dong-goi\/wp-content\/uploads\/2021\/12\/may-dinh-luong-cap-lieu-gau-tai-tmdg-2r11-ckmdg-1.png\"><img loading=\"lazy\" decoding=\"async\" class=\"alignnone size-full wp-image-6563 aligncenter\" src=\"https:\/\/cokhitanminh.com\/may-dong-goi\/wp-content\/uploads\/2021\/12\/may-dinh-luong-cap-lieu-gau-tai-tmdg-2r11-ckmdg-1.png\" alt=\"\" width=\"750\" height=\"350\" srcset=\"https:\/\/cokhitanminh.com\/may-dong-goi\/wp-content\/uploads\/2021\/12\/may-dinh-luong-cap-lieu-gau-tai-tmdg-2r11-ckmdg-1.png 750w, https:\/\/cokhitanminh.com\/may-dong-goi\/wp-content\/uploads\/2021\/12\/may-dinh-luong-cap-lieu-gau-tai-tmdg-2r11-ckmdg-1-300x140.png 300w, https:\/\/cokhitanminh.com\/may-dong-goi\/wp-content\/uploads\/2021\/12\/may-dinh-luong-cap-lieu-gau-tai-tmdg-2r11-ckmdg-1-600x280.png 600w\" sizes=\"auto, (max-width: 750px) 100vw, 750px\" \/><\/a> <a href=\"https:\/\/cokhitanminh.com\/may-dong-goi\/wp-content\/uploads\/2021\/12\/may-dinh-luong-cap-lieu-gau-tai-tmdg-2r11-ckmdg-2.jpg\"><img loading=\"lazy\" decoding=\"async\" class=\"alignnone size-large wp-image-6564\" src=\"https:\/\/cokhitanminh.com\/may-dong-goi\/wp-content\/uploads\/2021\/12\/may-dinh-luong-cap-lieu-gau-tai-tmdg-2r11-ckmdg-2.jpg\" alt=\"\" width=\"550\" height=\"366\" srcset=\"https:\/\/cokhitanminh.com\/may-dong-goi\/wp-content\/uploads\/2021\/12\/may-dinh-luong-cap-lieu-gau-tai-tmdg-2r11-ckmdg-2.jpg 550w, https:\/\/cokhitanminh.com\/may-dong-goi\/wp-content\/uploads\/2021\/12\/may-dinh-luong-cap-lieu-gau-tai-tmdg-2r11-ckmdg-2-300x200.jpg 300w\" sizes=\"auto, (max-width: 550px) 100vw, 550px\" \/><\/a> <a href=\"https:\/\/cokhitanminh.com\/may-dong-goi\/wp-content\/uploads\/2021\/12\/may-dinh-luong-cap-lieu-gau-tai-tmdg-2r11-ckmdg-3.jpg\"><img loading=\"lazy\" decoding=\"async\" class=\"alignnone size-large wp-image-6565\" src=\"https:\/\/cokhitanminh.com\/may-dong-goi\/wp-content\/uploads\/2021\/12\/may-dinh-luong-cap-lieu-gau-tai-tmdg-2r11-ckmdg-3.jpg\" alt=\"\" width=\"550\" height=\"366\" srcset=\"https:\/\/cokhitanminh.com\/may-dong-goi\/wp-content\/uploads\/2021\/12\/may-dinh-luong-cap-lieu-gau-tai-tmdg-2r11-ckmdg-3.jpg 550w, https:\/\/cokhitanminh.com\/may-dong-goi\/wp-content\/uploads\/2021\/12\/may-dinh-luong-cap-lieu-gau-tai-tmdg-2r11-ckmdg-3-300x200.jpg 300w\" sizes=\"auto, (max-width: 550px) 100vw, 550px\" \/><\/a> <a href=\"https:\/\/cokhitanminh.com\/may-dong-goi\/wp-content\/uploads\/2021\/12\/may-dinh-luong-cap-lieu-gau-tai-tmdg-2r11-ckmdg-4.jpg\"><img loading=\"lazy\" decoding=\"async\" class=\"alignnone size-large wp-image-6566\" src=\"https:\/\/cokhitanminh.com\/may-dong-goi\/wp-content\/uploads\/2021\/12\/may-dinh-luong-cap-lieu-gau-tai-tmdg-2r11-ckmdg-4.jpg\" alt=\"\" width=\"550\" height=\"366\" srcset=\"https:\/\/cokhitanminh.com\/may-dong-goi\/wp-content\/uploads\/2021\/12\/may-dinh-luong-cap-lieu-gau-tai-tmdg-2r11-ckmdg-4.jpg 550w, https:\/\/cokhitanminh.com\/may-dong-goi\/wp-content\/uploads\/2021\/12\/may-dinh-luong-cap-lieu-gau-tai-tmdg-2r11-ckmdg-4-300x200.jpg 300w\" sizes=\"auto, (max-width: 550px) 100vw, 550px\" \/><\/a> <a href=\"https:\/\/cokhitanminh.com\/may-dong-goi\/wp-content\/uploads\/2021\/12\/may-dinh-luong-cap-lieu-gau-tai-tmdg-2r11-ckmdg-5.jpg\"><img loading=\"lazy\" decoding=\"async\" class=\"alignnone size-large wp-image-6567\" src=\"https:\/\/cokhitanminh.com\/may-dong-goi\/wp-content\/uploads\/2021\/12\/may-dinh-luong-cap-lieu-gau-tai-tmdg-2r11-ckmdg-5.jpg\" alt=\"\" width=\"550\" height=\"366\" srcset=\"https:\/\/cokhitanminh.com\/may-dong-goi\/wp-content\/uploads\/2021\/12\/may-dinh-luong-cap-lieu-gau-tai-tmdg-2r11-ckmdg-5.jpg 550w, https:\/\/cokhitanminh.com\/may-dong-goi\/wp-content\/uploads\/2021\/12\/may-dinh-luong-cap-lieu-gau-tai-tmdg-2r11-ckmdg-5-300x200.jpg 300w\" sizes=\"auto, (max-width: 550px) 100vw, 550px\" \/><\/a> <a href=\"https:\/\/cokhitanminh.com\/may-dong-goi\/wp-content\/uploads\/2021\/12\/may-dinh-luong-cap-lieu-gau-tai-tmdg-2r11-ckmdg-6.jpg\"><img loading=\"lazy\" decoding=\"async\" class=\"alignnone size-large wp-image-6568\" src=\"https:\/\/cokhitanminh.com\/may-dong-goi\/wp-content\/uploads\/2021\/12\/may-dinh-luong-cap-lieu-gau-tai-tmdg-2r11-ckmdg-6.jpg\" alt=\"\" width=\"550\" height=\"366\" srcset=\"https:\/\/cokhitanminh.com\/may-dong-goi\/wp-content\/uploads\/2021\/12\/may-dinh-luong-cap-lieu-gau-tai-tmdg-2r11-ckmdg-6.jpg 550w, https:\/\/cokhitanminh.com\/may-dong-goi\/wp-content\/uploads\/2021\/12\/may-dinh-luong-cap-lieu-gau-tai-tmdg-2r11-ckmdg-6-300x200.jpg 300w\" sizes=\"auto, (max-width: 550px) 100vw, 550px\" \/><\/a> <a href=\"https:\/\/cokhitanminh.com\/may-dong-goi\/wp-content\/uploads\/2021\/12\/may-dinh-luong-cap-lieu-gau-tai-tmdg-2r11-ckmdg-7.jpg\"><img loading=\"lazy\" decoding=\"async\" class=\"alignnone size-large wp-image-6569\" src=\"https:\/\/cokhitanminh.com\/may-dong-goi\/wp-content\/uploads\/2021\/12\/may-dinh-luong-cap-lieu-gau-tai-tmdg-2r11-ckmdg-7.jpg\" alt=\"\" width=\"550\" height=\"366\" srcset=\"https:\/\/cokhitanminh.com\/may-dong-goi\/wp-content\/uploads\/2021\/12\/may-dinh-luong-cap-lieu-gau-tai-tmdg-2r11-ckmdg-7.jpg 550w, https:\/\/cokhitanminh.com\/may-dong-goi\/wp-content\/uploads\/2021\/12\/may-dinh-luong-cap-lieu-gau-tai-tmdg-2r11-ckmdg-7-300x200.jpg 300w\" sizes=\"auto, (max-width: 550px) 100vw, 550px\" \/><\/a> <a href=\"https:\/\/cokhitanminh.com\/may-dong-goi\/wp-content\/uploads\/2021\/12\/may-dinh-luong-cap-lieu-gau-tai-tmdg-2r11-ckmdg-8.jpg\"><img loading=\"lazy\" decoding=\"async\" class=\"alignnone size-large wp-image-6570\" src=\"https:\/\/cokhitanminh.com\/may-dong-goi\/wp-content\/uploads\/2021\/12\/may-dinh-luong-cap-lieu-gau-tai-tmdg-2r11-ckmdg-8.jpg\" alt=\"\" width=\"550\" height=\"366\" srcset=\"https:\/\/cokhitanminh.com\/may-dong-goi\/wp-content\/uploads\/2021\/12\/may-dinh-luong-cap-lieu-gau-tai-tmdg-2r11-ckmdg-8.jpg 550w, https:\/\/cokhitanminh.com\/may-dong-goi\/wp-content\/uploads\/2021\/12\/may-dinh-luong-cap-lieu-gau-tai-tmdg-2r11-ckmdg-8-300x200.jpg 300w\" sizes=\"auto, (max-width: 550px) 100vw, 550px\" \/><\/a><\/p>\n<p>Th\u00f4ng s\u1ed1 k\u1ef9 thu\u1eadt<\/p>\n<p style=\"text-align: center;\"><a href=\"https:\/\/cokhitanminh.com\/may-dong-goi\/wp-content\/uploads\/2021\/12\/may-dinh-luong-cap-lieu-gau-tai-tmdg-2r11-ckmdg-9.jpg\"><img loading=\"lazy\" decoding=\"async\" class=\"aligncenter wp-image-6571\" src=\"https:\/\/cokhitanminh.com\/may-dong-goi\/wp-content\/uploads\/2021\/12\/may-dinh-luong-cap-lieu-gau-tai-tmdg-2r11-ckmdg-9-1024x440.jpg\" alt=\"\" width=\"550\" height=\"236\" srcset=\"https:\/\/cokhitanminh.com\/may-dong-goi\/wp-content\/uploads\/2021\/12\/may-dinh-luong-cap-lieu-gau-tai-tmdg-2r11-ckmdg-9-1024x440.jpg 1024w, https:\/\/cokhitanminh.com\/may-dong-goi\/wp-content\/uploads\/2021\/12\/may-dinh-luong-cap-lieu-gau-tai-tmdg-2r11-ckmdg-9-300x129.jpg 300w, https:\/\/cokhitanminh.com\/may-dong-goi\/wp-content\/uploads\/2021\/12\/may-dinh-luong-cap-lieu-gau-tai-tmdg-2r11-ckmdg-9-768x330.jpg 768w, https:\/\/cokhitanminh.com\/may-dong-goi\/wp-content\/uploads\/2021\/12\/may-dinh-luong-cap-lieu-gau-tai-tmdg-2r11-ckmdg-9-600x258.jpg 600w, https:\/\/cokhitanminh.com\/may-dong-goi\/wp-content\/uploads\/2021\/12\/may-dinh-luong-cap-lieu-gau-tai-tmdg-2r11-ckmdg-9.jpg 1407w\" sizes=\"auto, (max-width: 550px) 100vw, 550px\" \/><\/a><\/p>\n<p>Ngo\u00e0i\u00a0<em><strong>M\u00e1y \u0111\u1ecbnh l\u01b0\u1ee3ng c\u1ea5p li\u1ec7u g\u1ea7u t\u1ea3i TM\u0110G-2R11<\/strong><\/em>\u00a0, T\u00e2n Minh c\u00f2n cung c\u1ea5p r\u1ea5t nhi\u1ec1u c\u00e1c m\u1eabu m\u00e1y \u0111\u1ecbnh l\u01b0\u1ee3ng\u00a0kh\u00e1c<\/p>\n<p>Xin vui l\u00f2ng tham kh\u1ea3o th\u00eam t\u1ea1i \u0111\u00e2y: M\u00e1y \u0110\u1ecbnh L\u01b0\u1ee3ng<\/p>\n<p>H\u1ed7 tr\u1ee3 h\u01b0\u1edbng d\u1eabn s\u1eed d\u1ee5ng &amp; chuy\u1ec3n giao c\u00f4ng ngh\u1ec7 mi\u1ec5n ph\u00ed.<\/p>\n","protected":false},"excerpt":{"rendered":"<p><em><strong>M\u00e1y \u0111\u1ecbnh l\u01b0\u1ee3ng c\u1ea5p li\u1ec7u g\u1ea7u t\u1ea3i TM\u0110G-2R11<\/strong><\/em>\u00a0\u0111\u01b0\u1ee3c C\u00f4ng Ty C\u01a1 Kh\u00ed T\u00e2n Minh s\u1ea3n xu\u1ea5t v\u00e0 ph\u00e2n ph\u1ed1i tr\u00ean to\u00e0n qu\u1ed1c. M\u00e1y \u0111\u01b0\u1ee3c \u1ee9ng d\u1ee5ng trong l\u0129nh v\u1ef1c\u00a0<strong>M\u00e1y \u0110\u00f3ng G\u00f3i<\/strong>. C\u00e1c s\u1ea3n ph\u1ea9m c\u1ee7a ch\u00fang t\u00f4i \u0111\u1ec1u \u0111\u01b0\u1ee3c ki\u1ec3m tra k\u1ef9 l\u01b0\u1ee1ng v\u00e0 v\u1eadn h\u00e0nh th\u1ef1c t\u1ebf \u0111\u1ec3 lu\u00f4n \u0111\u1ea3m b\u1ea3o ch\u1ea5t l\u01b0\u1ee3ng t\u1ed1t nh\u1ea5t tr\u01b0\u1edbc khi b\u00e0n giao thi\u1ebft b\u1ecb cho kh\u00e1ch h\u00e0ng.<\/p>\n","protected":false},"featured_media":6572,"comment_status":"open","ping_status":"closed","template":"","meta":[],"class_list":{"0":"post-6552","1":"product","2":"type-product","3":"status-publish","4":"has-post-thumbnail","6":"product_cat-may-dinh-luong","8":"first","9":"instock","10":"shipping-taxable","11":"purchasable","12":"product-type-simple"},"brands":[],"yoast_head":"<!-- This site is optimized with the Yoast SEO plugin v17.6 - https:\/\/yoast.com\/wordpress\/plugins\/seo\/ -->\n<title>M\u00e1y \u0111\u1ecbnh l\u01b0\u1ee3ng c\u1ea5p li\u1ec7u g\u1ea7u t\u1ea3i TM\u0110G-2R11 - M\u00c1Y \u0110\u00d3NG G\u00d3I T\u00c2N MINH<\/title>\n<meta name=\"description\" content=\"Th\u00f4ng tin v\u1ec1 M\u00e1y \u0111\u1ecbnh l\u01b0\u1ee3ng c\u1ea5p li\u1ec7u g\u1ea7u t\u1ea3i TM\u0110G-2R11 li\u00ean h\u1ec7 Hotline: 1900.2861 - 0967.68.69.11 \u0111\u1ec3 \u0111\u01b0\u1ee3c t\u01b0 v\u1ea5n ho\u00e0n to\u00e0n mi\u1ec5n ph\u00ed!\" \/>\n<meta name=\"robots\" content=\"index, follow, max-snippet:-1, max-image-preview:large, max-video-preview:-1\" \/>\n<link rel=\"canonical\" href=\"https:\/\/cokhitanminh.com\/may-dong-goi\/may-dinh-luong-cap-lieu-gau-tai-tmdg-2r11\/\" \/>\n<meta property=\"og:locale\" content=\"vi_VN\" \/>\n<meta property=\"og:type\" content=\"article\" \/>\n<meta property=\"og:title\" content=\"M\u00e1y \u0111\u1ecbnh l\u01b0\u1ee3ng c\u1ea5p li\u1ec7u g\u1ea7u t\u1ea3i TM\u0110G-2R11\" \/>\n<meta property=\"og:description\" content=\"Th\u00f4ng tin v\u1ec1 M\u00e1y \u0111\u1ecbnh l\u01b0\u1ee3ng c\u1ea5p li\u1ec7u g\u1ea7u t\u1ea3i TM\u0110G-2R11 li\u00ean h\u1ec7 Hotline: 1900.2861 - 0967.68.69.11 \u0111\u1ec3 \u0111\u01b0\u1ee3c t\u01b0 v\u1ea5n ho\u00e0n to\u00e0n mi\u1ec5n ph\u00ed!\" \/>\n<meta property=\"og:url\" content=\"https:\/\/cokhitanminh.com\/may-dong-goi\/may-dinh-luong-cap-lieu-gau-tai-tmdg-2r11\/\" \/>\n<meta property=\"og:site_name\" content=\"M\u00c1Y \u0110\u00d3NG G\u00d3I T\u00c2N MINH\" \/>\n<meta property=\"article:modified_time\" content=\"2021-12-29T09:27:27+00:00\" \/>\n<meta property=\"og:image\" content=\"https:\/\/cokhitanminh.com\/may-dong-goi\/wp-content\/uploads\/2021\/12\/may-dinh-luong-cap-lieu-gau-tai-tmdg-2r11-ckmdg-1.jpg\" \/>\n\t<meta property=\"og:image:width\" content=\"550\" \/>\n\t<meta property=\"og:image:height\" content=\"550\" \/>\n<meta name=\"twitter:card\" content=\"summary_large_image\" \/>\n<meta name=\"twitter:title\" content=\"M\u00e1y \u0111\u1ecbnh l\u01b0\u1ee3ng c\u1ea5p li\u1ec7u g\u1ea7u t\u1ea3i TM\u0110G-2R11\" \/>\n<meta name=\"twitter:description\" content=\"Th\u00f4ng tin v\u1ec1 M\u00e1y \u0111\u1ecbnh l\u01b0\u1ee3ng c\u1ea5p li\u1ec7u g\u1ea7u t\u1ea3i TM\u0110G-2R11 li\u00ean h\u1ec7 Hotline: 1900.2861 - 0967.68.69.11 \u0111\u1ec3 \u0111\u01b0\u1ee3c t\u01b0 v\u1ea5n ho\u00e0n to\u00e0n mi\u1ec5n ph\u00ed!\" \/>\n<meta name=\"twitter:image\" content=\"https:\/\/cokhitanminh.com\/may-dong-goi\/wp-content\/uploads\/2021\/12\/may-dinh-luong-cap-lieu-gau-tai-tmdg-2r11-ckmdg-1.jpg\" \/>\n<meta name=\"twitter:label1\" content=\"\u01af\u1edbc t\u00ednh th\u1eddi gian \u0111\u1ecdc\" \/>\n\t<meta name=\"twitter:data1\" content=\"1 ph\u00fat\" \/>\n<script type=\"application\/ld+json\" class=\"yoast-schema-graph\">{\"@context\":\"https:\/\/schema.org\",\"@graph\":[{\"@type\":\"WebSite\",\"@id\":\"https:\/\/cokhitanminh.com\/may-dong-goi\/#website\",\"url\":\"https:\/\/cokhitanminh.com\/may-dong-goi\/\",\"name\":\"M\\u00c1Y \\u0110\\u00d3NG G\\u00d3I T\\u00c2N MINH\",\"description\":\"Chuy\\u00ean gia m\\u00e1y \\u0111\\u00f3ng g\\u00f3i\",\"potentialAction\":[{\"@type\":\"SearchAction\",\"target\":{\"@type\":\"EntryPoint\",\"urlTemplate\":\"https:\/\/cokhitanminh.com\/may-dong-goi\/?s={search_term_string}\"},\"query-input\":\"required name=search_term_string\"}],\"inLanguage\":\"vi\"},{\"@type\":\"ImageObject\",\"@id\":\"https:\/\/cokhitanminh.com\/may-dong-goi\/may-dinh-luong-cap-lieu-gau-tai-tmdg-2r11\/#primaryimage\",\"inLanguage\":\"vi\",\"url\":\"https:\/\/cokhitanminh.com\/may-dong-goi\/wp-content\/uploads\/2021\/12\/may-dinh-luong-cap-lieu-gau-tai-tmdg-2r11-ckmdg-1.jpg\",\"contentUrl\":\"https:\/\/cokhitanminh.com\/may-dong-goi\/wp-content\/uploads\/2021\/12\/may-dinh-luong-cap-lieu-gau-tai-tmdg-2r11-ckmdg-1.jpg\",\"width\":550,\"height\":550},{\"@type\":\"WebPage\",\"@id\":\"https:\/\/cokhitanminh.com\/may-dong-goi\/may-dinh-luong-cap-lieu-gau-tai-tmdg-2r11\/#webpage\",\"url\":\"https:\/\/cokhitanminh.com\/may-dong-goi\/may-dinh-luong-cap-lieu-gau-tai-tmdg-2r11\/\",\"name\":\"M\\u00e1y \\u0111\\u1ecbnh l\\u01b0\\u1ee3ng c\\u1ea5p li\\u1ec7u g\\u1ea7u t\\u1ea3i TM\\u0110G-2R11 - M\\u00c1Y \\u0110\\u00d3NG G\\u00d3I T\\u00c2N MINH\",\"isPartOf\":{\"@id\":\"https:\/\/cokhitanminh.com\/may-dong-goi\/#website\"},\"primaryImageOfPage\":{\"@id\":\"https:\/\/cokhitanminh.com\/may-dong-goi\/may-dinh-luong-cap-lieu-gau-tai-tmdg-2r11\/#primaryimage\"},\"datePublished\":\"2021-12-29T09:23:10+00:00\",\"dateModified\":\"2021-12-29T09:27:27+00:00\",\"description\":\"Th\\u00f4ng tin v\\u1ec1 M\\u00e1y \\u0111\\u1ecbnh l\\u01b0\\u1ee3ng c\\u1ea5p li\\u1ec7u g\\u1ea7u t\\u1ea3i TM\\u0110G-2R11 li\\u00ean h\\u1ec7 Hotline: 1900.2861 - 0967.68.69.11 \\u0111\\u1ec3 \\u0111\\u01b0\\u1ee3c t\\u01b0 v\\u1ea5n ho\\u00e0n to\\u00e0n mi\\u1ec5n ph\\u00ed!\",\"breadcrumb\":{\"@id\":\"https:\/\/cokhitanminh.com\/may-dong-goi\/may-dinh-luong-cap-lieu-gau-tai-tmdg-2r11\/#breadcrumb\"},\"inLanguage\":\"vi\",\"potentialAction\":[{\"@type\":\"ReadAction\",\"target\":[\"https:\/\/cokhitanminh.com\/may-dong-goi\/may-dinh-luong-cap-lieu-gau-tai-tmdg-2r11\/\"]}]},{\"@type\":\"BreadcrumbList\",\"@id\":\"https:\/\/cokhitanminh.com\/may-dong-goi\/may-dinh-luong-cap-lieu-gau-tai-tmdg-2r11\/#breadcrumb\",\"itemListElement\":[{\"@type\":\"ListItem\",\"position\":1,\"name\":\"Trang ch\\u1ee7\",\"item\":\"https:\/\/cokhitanminh.com\/may-dong-goi\/\"},{\"@type\":\"ListItem\",\"position\":2,\"name\":\"C\\u1eeda h\\u00e0ng\",\"item\":\"https:\/\/cokhitanminh.com\/may-dong-goi\/mua\/\"},{\"@type\":\"ListItem\",\"position\":3,\"name\":\"M\\u00e1y \\u0111\\u1ecbnh l\\u01b0\\u1ee3ng c\\u1ea5p li\\u1ec7u g\\u1ea7u t\\u1ea3i TM\\u0110G-2R11\"}]}]}<\/script>\n<!-- \/ Yoast SEO plugin. -->","yoast_head_json":{"title":"M\u00e1y \u0111\u1ecbnh l\u01b0\u1ee3ng c\u1ea5p li\u1ec7u g\u1ea7u t\u1ea3i TM\u0110G-2R11 - M\u00c1Y \u0110\u00d3NG G\u00d3I T\u00c2N MINH","description":"Th\u00f4ng tin v\u1ec1 M\u00e1y \u0111\u1ecbnh l\u01b0\u1ee3ng c\u1ea5p li\u1ec7u g\u1ea7u t\u1ea3i TM\u0110G-2R11 li\u00ean h\u1ec7 Hotline: 1900.2861 - 0967.68.69.11 \u0111\u1ec3 \u0111\u01b0\u1ee3c t\u01b0 v\u1ea5n ho\u00e0n to\u00e0n mi\u1ec5n ph\u00ed!","robots":{"index":"index","follow":"follow","max-snippet":"max-snippet:-1","max-image-preview":"max-image-preview:large","max-video-preview":"max-video-preview:-1"},"canonical":"https:\/\/cokhitanminh.com\/may-dong-goi\/may-dinh-luong-cap-lieu-gau-tai-tmdg-2r11\/","og_locale":"vi_VN","og_type":"article","og_title":"M\u00e1y \u0111\u1ecbnh l\u01b0\u1ee3ng c\u1ea5p li\u1ec7u g\u1ea7u t\u1ea3i TM\u0110G-2R11","og_description":"Th\u00f4ng tin v\u1ec1 M\u00e1y \u0111\u1ecbnh l\u01b0\u1ee3ng c\u1ea5p li\u1ec7u g\u1ea7u t\u1ea3i TM\u0110G-2R11 li\u00ean h\u1ec7 Hotline: 1900.2861 - 0967.68.69.11 \u0111\u1ec3 \u0111\u01b0\u1ee3c t\u01b0 v\u1ea5n ho\u00e0n to\u00e0n mi\u1ec5n ph\u00ed!","og_url":"https:\/\/cokhitanminh.com\/may-dong-goi\/may-dinh-luong-cap-lieu-gau-tai-tmdg-2r11\/","og_site_name":"M\u00c1Y \u0110\u00d3NG G\u00d3I T\u00c2N MINH","article_modified_time":"2021-12-29T09:27:27+00:00","og_image":[{"width":550,"height":550,"url":"https:\/\/cokhitanminh.com\/may-dong-goi\/wp-content\/uploads\/2021\/12\/may-dinh-luong-cap-lieu-gau-tai-tmdg-2r11-ckmdg-1.jpg","type":"image\/jpeg"}],"twitter_card":"summary_large_image","twitter_title":"M\u00e1y \u0111\u1ecbnh l\u01b0\u1ee3ng c\u1ea5p li\u1ec7u g\u1ea7u t\u1ea3i TM\u0110G-2R11","twitter_description":"Th\u00f4ng tin v\u1ec1 M\u00e1y \u0111\u1ecbnh l\u01b0\u1ee3ng c\u1ea5p li\u1ec7u g\u1ea7u t\u1ea3i TM\u0110G-2R11 li\u00ean h\u1ec7 Hotline: 1900.2861 - 0967.68.69.11 \u0111\u1ec3 \u0111\u01b0\u1ee3c t\u01b0 v\u1ea5n ho\u00e0n to\u00e0n mi\u1ec5n ph\u00ed!","twitter_image":"https:\/\/cokhitanminh.com\/may-dong-goi\/wp-content\/uploads\/2021\/12\/may-dinh-luong-cap-lieu-gau-tai-tmdg-2r11-ckmdg-1.jpg","twitter_misc":{"\u01af\u1edbc t\u00ednh th\u1eddi gian \u0111\u1ecdc":"1 ph\u00fat"},"schema":{"@context":"https:\/\/schema.org","@graph":[{"@type":"WebSite","@id":"https:\/\/cokhitanminh.com\/may-dong-goi\/#website","url":"https:\/\/cokhitanminh.com\/may-dong-goi\/","name":"M\u00c1Y \u0110\u00d3NG G\u00d3I T\u00c2N MINH","description":"Chuy\u00ean gia m\u00e1y \u0111\u00f3ng g\u00f3i","potentialAction":[{"@type":"SearchAction","target":{"@type":"EntryPoint","urlTemplate":"https:\/\/cokhitanminh.com\/may-dong-goi\/?s={search_term_string}"},"query-input":"required name=search_term_string"}],"inLanguage":"vi"},{"@type":"ImageObject","@id":"https:\/\/cokhitanminh.com\/may-dong-goi\/may-dinh-luong-cap-lieu-gau-tai-tmdg-2r11\/#primaryimage","inLanguage":"vi","url":"https:\/\/cokhitanminh.com\/may-dong-goi\/wp-content\/uploads\/2021\/12\/may-dinh-luong-cap-lieu-gau-tai-tmdg-2r11-ckmdg-1.jpg","contentUrl":"https:\/\/cokhitanminh.com\/may-dong-goi\/wp-content\/uploads\/2021\/12\/may-dinh-luong-cap-lieu-gau-tai-tmdg-2r11-ckmdg-1.jpg","width":550,"height":550},{"@type":"WebPage","@id":"https:\/\/cokhitanminh.com\/may-dong-goi\/may-dinh-luong-cap-lieu-gau-tai-tmdg-2r11\/#webpage","url":"https:\/\/cokhitanminh.com\/may-dong-goi\/may-dinh-luong-cap-lieu-gau-tai-tmdg-2r11\/","name":"M\u00e1y \u0111\u1ecbnh l\u01b0\u1ee3ng c\u1ea5p li\u1ec7u g\u1ea7u t\u1ea3i TM\u0110G-2R11 - M\u00c1Y \u0110\u00d3NG G\u00d3I T\u00c2N MINH","isPartOf":{"@id":"https:\/\/cokhitanminh.com\/may-dong-goi\/#website"},"primaryImageOfPage":{"@id":"https:\/\/cokhitanminh.com\/may-dong-goi\/may-dinh-luong-cap-lieu-gau-tai-tmdg-2r11\/#primaryimage"},"datePublished":"2021-12-29T09:23:10+00:00","dateModified":"2021-12-29T09:27:27+00:00","description":"Th\u00f4ng tin v\u1ec1 M\u00e1y \u0111\u1ecbnh l\u01b0\u1ee3ng c\u1ea5p li\u1ec7u g\u1ea7u t\u1ea3i TM\u0110G-2R11 li\u00ean h\u1ec7 Hotline: 1900.2861 - 0967.68.69.11 \u0111\u1ec3 \u0111\u01b0\u1ee3c t\u01b0 v\u1ea5n ho\u00e0n to\u00e0n mi\u1ec5n ph\u00ed!","breadcrumb":{"@id":"https:\/\/cokhitanminh.com\/may-dong-goi\/may-dinh-luong-cap-lieu-gau-tai-tmdg-2r11\/#breadcrumb"},"inLanguage":"vi","potentialAction":[{"@type":"ReadAction","target":["https:\/\/cokhitanminh.com\/may-dong-goi\/may-dinh-luong-cap-lieu-gau-tai-tmdg-2r11\/"]}]},{"@type":"BreadcrumbList","@id":"https:\/\/cokhitanminh.com\/may-dong-goi\/may-dinh-luong-cap-lieu-gau-tai-tmdg-2r11\/#breadcrumb","itemListElement":[{"@type":"ListItem","position":1,"name":"Trang ch\u1ee7","item":"https:\/\/cokhitanminh.com\/may-dong-goi\/"},{"@type":"ListItem","position":2,"name":"C\u1eeda h\u00e0ng","item":"https:\/\/cokhitanminh.com\/may-dong-goi\/mua\/"},{"@type":"ListItem","position":3,"name":"M\u00e1y \u0111\u1ecbnh l\u01b0\u1ee3ng c\u1ea5p li\u1ec7u g\u1ea7u t\u1ea3i TM\u0110G-2R11"}]}]}},"_links":{"self":[{"href":"https:\/\/cokhitanminh.com\/may-dong-goi\/wp-json\/wp\/v2\/product\/6552","targetHints":{"allow":["GET"]}}],"collection":[{"href":"https:\/\/cokhitanminh.com\/may-dong-goi\/wp-json\/wp\/v2\/product"}],"about":[{"href":"https:\/\/cokhitanminh.com\/may-dong-goi\/wp-json\/wp\/v2\/types\/product"}],"replies":[{"embeddable":true,"href":"https:\/\/cokhitanminh.com\/may-dong-goi\/wp-json\/wp\/v2\/comments?post=6552"}],"wp:featuredmedia":[{"embeddable":true,"href":"https:\/\/cokhitanminh.com\/may-dong-goi\/wp-json\/wp\/v2\/media\/6572"}],"wp:attachment":[{"href":"https:\/\/cokhitanminh.com\/may-dong-goi\/wp-json\/wp\/v2\/media?parent=6552"}],"curies":[{"name":"wp","href":"https:\/\/api.w.org\/{rel}","templated":true}]}}