{"id":6551,"date":"2021-12-29T09:17:39","date_gmt":"2021-12-29T09:17:39","guid":{"rendered":"https:\/\/cokhitanminh.com\/may-dong-goi\/?post_type=product&#038;p=6551"},"modified":"2021-12-30T03:02:30","modified_gmt":"2021-12-30T03:02:30","slug":"may-dan-nhan-2-mat-ban-tu-dong-tmdg-2t3","status":"publish","type":"product","link":"https:\/\/cokhitanminh.com\/may-dong-goi\/may-dan-nhan-2-mat-ban-tu-dong-tmdg-2t3\/","title":{"rendered":"M\u00e1y d\u00e1n nh\u00e3n 2 m\u1eb7t b\u00e1n t\u1ef1 \u0111\u1ed9ng TM\u0110G-2T3"},"content":{"rendered":"<p><a href=\"https:\/\/cokhitanminh.com\/may-dong-goi\/may-dan-nhan-2-mat-ban-tu-dong-tmdg-2t3\/\"><em><strong>M\u00e1y d\u00e1n nh\u00e3n 2 m\u1eb7t b\u00e1n t\u1ef1 \u0111\u1ed9ng TM\u0110G-2T3<\/strong><\/em><\/a> \u0111\u01b0\u1ee3c C\u00f4ng Ty C\u01a1 Kh\u00ed T\u00e2n Minh s\u1ea3n xu\u1ea5t v\u00e0 ph\u00e2n ph\u1ed1i tr\u00ean to\u00e0n qu\u1ed1c. M\u00e1y \u0111\u01b0\u1ee3c \u1ee9ng d\u1ee5ng trong l\u0129nh v\u1ef1c\u00a0<strong>M\u00e1y \u0110\u00f3ng G\u00f3i<\/strong>. C\u00e1c s\u1ea3n ph\u1ea9m c\u1ee7a ch\u00fang t\u00f4i \u0111\u1ec1u \u0111\u01b0\u1ee3c ki\u1ec3m tra k\u1ef9 l\u01b0\u1ee1ng v\u00e0 v\u1eadn h\u00e0nh th\u1ef1c t\u1ebf \u0111\u1ec3 lu\u00f4n \u0111\u1ea3m b\u1ea3o ch\u1ea5t l\u01b0\u1ee3ng t\u1ed1t nh\u1ea5t tr\u01b0\u1edbc khi b\u00e0n giao thi\u1ebft b\u1ecb cho kh\u00e1ch h\u00e0ng.<\/p>\n<p style=\"text-align: center;\"><a href=\"https:\/\/cokhitanminh.com\/may-dong-goi\/wp-content\/uploads\/2021\/12\/may-dan-nhan-2-mat-ban-tu-dong-tmdg-2t3-ckmdg-1.png\"><img loading=\"lazy\" decoding=\"async\" class=\"alignnone size-full wp-image-6553\" src=\"https:\/\/cokhitanminh.com\/may-dong-goi\/wp-content\/uploads\/2021\/12\/may-dan-nhan-2-mat-ban-tu-dong-tmdg-2t3-ckmdg-1.png\" alt=\"\" width=\"750\" height=\"350\" srcset=\"https:\/\/cokhitanminh.com\/may-dong-goi\/wp-content\/uploads\/2021\/12\/may-dan-nhan-2-mat-ban-tu-dong-tmdg-2t3-ckmdg-1.png 750w, https:\/\/cokhitanminh.com\/may-dong-goi\/wp-content\/uploads\/2021\/12\/may-dan-nhan-2-mat-ban-tu-dong-tmdg-2t3-ckmdg-1-300x140.png 300w, https:\/\/cokhitanminh.com\/may-dong-goi\/wp-content\/uploads\/2021\/12\/may-dan-nhan-2-mat-ban-tu-dong-tmdg-2t3-ckmdg-1-600x280.png 600w\" sizes=\"auto, (max-width: 750px) 100vw, 750px\" \/><\/a> <a href=\"https:\/\/cokhitanminh.com\/may-dong-goi\/wp-content\/uploads\/2021\/12\/may-dan-nhan-2-mat-ban-tu-dong-tmdg-2t3-ckmdg-2.jpg\"><img loading=\"lazy\" decoding=\"async\" class=\"alignnone size-large wp-image-6554\" src=\"https:\/\/cokhitanminh.com\/may-dong-goi\/wp-content\/uploads\/2021\/12\/may-dan-nhan-2-mat-ban-tu-dong-tmdg-2t3-ckmdg-2.jpg\" alt=\"\" width=\"550\" height=\"386\" srcset=\"https:\/\/cokhitanminh.com\/may-dong-goi\/wp-content\/uploads\/2021\/12\/may-dan-nhan-2-mat-ban-tu-dong-tmdg-2t3-ckmdg-2.jpg 550w, https:\/\/cokhitanminh.com\/may-dong-goi\/wp-content\/uploads\/2021\/12\/may-dan-nhan-2-mat-ban-tu-dong-tmdg-2t3-ckmdg-2-300x211.jpg 300w\" sizes=\"auto, (max-width: 550px) 100vw, 550px\" \/><\/a> <a href=\"https:\/\/cokhitanminh.com\/may-dong-goi\/wp-content\/uploads\/2021\/12\/may-dan-nhan-2-mat-ban-tu-dong-tmdg-2t3-ckmdg-3.jpg\"><img loading=\"lazy\" decoding=\"async\" class=\"alignnone size-large wp-image-6555\" src=\"https:\/\/cokhitanminh.com\/may-dong-goi\/wp-content\/uploads\/2021\/12\/may-dan-nhan-2-mat-ban-tu-dong-tmdg-2t3-ckmdg-3.jpg\" alt=\"\" width=\"550\" height=\"366\" srcset=\"https:\/\/cokhitanminh.com\/may-dong-goi\/wp-content\/uploads\/2021\/12\/may-dan-nhan-2-mat-ban-tu-dong-tmdg-2t3-ckmdg-3.jpg 550w, https:\/\/cokhitanminh.com\/may-dong-goi\/wp-content\/uploads\/2021\/12\/may-dan-nhan-2-mat-ban-tu-dong-tmdg-2t3-ckmdg-3-300x200.jpg 300w\" sizes=\"auto, (max-width: 550px) 100vw, 550px\" \/><\/a> <a href=\"https:\/\/cokhitanminh.com\/may-dong-goi\/wp-content\/uploads\/2021\/12\/may-dan-nhan-2-mat-ban-tu-dong-tmdg-2t3-ckmdg-4.jpg\"><img loading=\"lazy\" decoding=\"async\" class=\"alignnone size-large wp-image-6556\" src=\"https:\/\/cokhitanminh.com\/may-dong-goi\/wp-content\/uploads\/2021\/12\/may-dan-nhan-2-mat-ban-tu-dong-tmdg-2t3-ckmdg-4.jpg\" alt=\"\" width=\"550\" height=\"366\" srcset=\"https:\/\/cokhitanminh.com\/may-dong-goi\/wp-content\/uploads\/2021\/12\/may-dan-nhan-2-mat-ban-tu-dong-tmdg-2t3-ckmdg-4.jpg 550w, https:\/\/cokhitanminh.com\/may-dong-goi\/wp-content\/uploads\/2021\/12\/may-dan-nhan-2-mat-ban-tu-dong-tmdg-2t3-ckmdg-4-300x200.jpg 300w\" sizes=\"auto, (max-width: 550px) 100vw, 550px\" \/><\/a> <a href=\"https:\/\/cokhitanminh.com\/may-dong-goi\/wp-content\/uploads\/2021\/12\/may-dan-nhan-2-mat-ban-tu-dong-tmdg-2t3-ckmdg-5.jpg\"><img loading=\"lazy\" decoding=\"async\" class=\"alignnone size-large wp-image-6557\" src=\"https:\/\/cokhitanminh.com\/may-dong-goi\/wp-content\/uploads\/2021\/12\/may-dan-nhan-2-mat-ban-tu-dong-tmdg-2t3-ckmdg-5.jpg\" alt=\"\" width=\"550\" height=\"366\" srcset=\"https:\/\/cokhitanminh.com\/may-dong-goi\/wp-content\/uploads\/2021\/12\/may-dan-nhan-2-mat-ban-tu-dong-tmdg-2t3-ckmdg-5.jpg 550w, https:\/\/cokhitanminh.com\/may-dong-goi\/wp-content\/uploads\/2021\/12\/may-dan-nhan-2-mat-ban-tu-dong-tmdg-2t3-ckmdg-5-300x200.jpg 300w\" sizes=\"auto, (max-width: 550px) 100vw, 550px\" \/><\/a> <a href=\"https:\/\/cokhitanminh.com\/may-dong-goi\/wp-content\/uploads\/2021\/12\/may-dan-nhan-2-mat-ban-tu-dong-tmdg-2t3-ckmdg-6.jpg\"><img loading=\"lazy\" decoding=\"async\" class=\"alignnone size-large wp-image-6558\" src=\"https:\/\/cokhitanminh.com\/may-dong-goi\/wp-content\/uploads\/2021\/12\/may-dan-nhan-2-mat-ban-tu-dong-tmdg-2t3-ckmdg-6.jpg\" alt=\"\" width=\"550\" height=\"366\" srcset=\"https:\/\/cokhitanminh.com\/may-dong-goi\/wp-content\/uploads\/2021\/12\/may-dan-nhan-2-mat-ban-tu-dong-tmdg-2t3-ckmdg-6.jpg 550w, https:\/\/cokhitanminh.com\/may-dong-goi\/wp-content\/uploads\/2021\/12\/may-dan-nhan-2-mat-ban-tu-dong-tmdg-2t3-ckmdg-6-300x200.jpg 300w\" sizes=\"auto, (max-width: 550px) 100vw, 550px\" \/><\/a> <a href=\"https:\/\/cokhitanminh.com\/may-dong-goi\/wp-content\/uploads\/2021\/12\/may-dan-nhan-2-mat-ban-tu-dong-tmdg-2t3-ckmdg-7.jpg\"><img loading=\"lazy\" decoding=\"async\" class=\"alignnone size-large wp-image-6559\" src=\"https:\/\/cokhitanminh.com\/may-dong-goi\/wp-content\/uploads\/2021\/12\/may-dan-nhan-2-mat-ban-tu-dong-tmdg-2t3-ckmdg-7.jpg\" alt=\"\" width=\"550\" height=\"366\" srcset=\"https:\/\/cokhitanminh.com\/may-dong-goi\/wp-content\/uploads\/2021\/12\/may-dan-nhan-2-mat-ban-tu-dong-tmdg-2t3-ckmdg-7.jpg 550w, https:\/\/cokhitanminh.com\/may-dong-goi\/wp-content\/uploads\/2021\/12\/may-dan-nhan-2-mat-ban-tu-dong-tmdg-2t3-ckmdg-7-300x200.jpg 300w\" sizes=\"auto, (max-width: 550px) 100vw, 550px\" \/><\/a> <a href=\"https:\/\/cokhitanminh.com\/may-dong-goi\/wp-content\/uploads\/2021\/12\/may-dan-nhan-2-mat-ban-tu-dong-tmdg-2t3-ckmdg-8.jpg\"><img loading=\"lazy\" decoding=\"async\" class=\"alignnone size-large wp-image-6560\" src=\"https:\/\/cokhitanminh.com\/may-dong-goi\/wp-content\/uploads\/2021\/12\/may-dan-nhan-2-mat-ban-tu-dong-tmdg-2t3-ckmdg-8.jpg\" alt=\"\" width=\"550\" height=\"366\" srcset=\"https:\/\/cokhitanminh.com\/may-dong-goi\/wp-content\/uploads\/2021\/12\/may-dan-nhan-2-mat-ban-tu-dong-tmdg-2t3-ckmdg-8.jpg 550w, https:\/\/cokhitanminh.com\/may-dong-goi\/wp-content\/uploads\/2021\/12\/may-dan-nhan-2-mat-ban-tu-dong-tmdg-2t3-ckmdg-8-300x200.jpg 300w\" sizes=\"auto, (max-width: 550px) 100vw, 550px\" \/><\/a><\/p>\n<p><strong>Th\u00f4ng s\u1ed1 k\u1ef9 thu\u1eadt<\/strong><\/p>\n<p style=\"text-align: left;\"><a href=\"https:\/\/cokhitanminh.com\/may-dong-goi\/wp-content\/uploads\/2021\/12\/may-dan-nhan-2-mat-ban-tu-dong-tmdg-2t3-ckmdg9.jpg\"><img loading=\"lazy\" decoding=\"async\" class=\"aligncenter wp-image-6677\" src=\"https:\/\/cokhitanminh.com\/may-dong-goi\/wp-content\/uploads\/2021\/12\/may-dan-nhan-2-mat-ban-tu-dong-tmdg-2t3-ckmdg9-300x103.jpg\" alt=\"\" width=\"550\" height=\"188\" srcset=\"https:\/\/cokhitanminh.com\/may-dong-goi\/wp-content\/uploads\/2021\/12\/may-dan-nhan-2-mat-ban-tu-dong-tmdg-2t3-ckmdg9-300x103.jpg 300w, https:\/\/cokhitanminh.com\/may-dong-goi\/wp-content\/uploads\/2021\/12\/may-dan-nhan-2-mat-ban-tu-dong-tmdg-2t3-ckmdg9-1024x350.jpg 1024w, https:\/\/cokhitanminh.com\/may-dong-goi\/wp-content\/uploads\/2021\/12\/may-dan-nhan-2-mat-ban-tu-dong-tmdg-2t3-ckmdg9-768x263.jpg 768w, https:\/\/cokhitanminh.com\/may-dong-goi\/wp-content\/uploads\/2021\/12\/may-dan-nhan-2-mat-ban-tu-dong-tmdg-2t3-ckmdg9-600x205.jpg 600w, https:\/\/cokhitanminh.com\/may-dong-goi\/wp-content\/uploads\/2021\/12\/may-dan-nhan-2-mat-ban-tu-dong-tmdg-2t3-ckmdg9.jpg 1328w\" sizes=\"auto, (max-width: 550px) 100vw, 550px\" \/><\/a><\/p>\n<p>Ngo\u00e0i\u00a0<em><strong>M\u00e1y d\u00e1n nh\u00e3n 2 m\u1eb7t b\u00e1n t\u1ef1 \u0111\u1ed9ng TM\u0110G-2T3<\/strong><\/em>\u00a0, T\u00e2n Minh c\u00f2n cung c\u1ea5p r\u1ea5t nhi\u1ec1u c\u00e1c m\u1eabu m\u00e1y d\u00e1n nh\u00e3n b\u00e1n\u00a0t\u01b0\u0323 \u0111\u00f4\u0323ng\u00a0kh\u00e1c<\/p>\n<p>Xin vui l\u00f2ng tham kh\u1ea3o th\u00eam t\u1ea1i \u0111\u00e2y: M\u00e1y d\u00e1n nh\u00e3n b\u00e1n t\u1ef1 \u0111\u1ed9ng<\/p>\n<p>H\u1ed7 tr\u1ee3 h\u01b0\u1edbng d\u1eabn s\u1eed d\u1ee5ng &amp; chuy\u1ec3n giao c\u00f4ng ngh\u1ec7 mi\u1ec5n ph\u00ed.<\/p>\n","protected":false},"excerpt":{"rendered":"<p>M\u00e1y d\u00e1n nh\u00e3n 2 m\u1eb7t b\u00e1n t\u1ef1 \u0111\u1ed9ng TM\u0110G-2T3 \u0111\u01b0\u1ee3c C\u00f4ng Ty C\u01a1 Kh\u00ed T\u00e2n Minh s\u1ea3n xu\u1ea5t v\u00e0 ph\u00e2n ph\u1ed1i tr\u00ean to\u00e0n qu\u1ed1c. M\u00e1y \u0111\u01b0\u1ee3c \u1ee9ng d\u1ee5ng trong l\u0129nh v\u1ef1c\u00a0<strong>M\u00e1y \u0110\u00f3ng G\u00f3i<\/strong>. C\u00e1c s\u1ea3n ph\u1ea9m c\u1ee7a ch\u00fang t\u00f4i \u0111\u1ec1u \u0111\u01b0\u1ee3c ki\u1ec3m tra k\u1ef9 l\u01b0\u1ee1ng v\u00e0 v\u1eadn h\u00e0nh th\u1ef1c t\u1ebf \u0111\u1ec3 lu\u00f4n \u0111\u1ea3m b\u1ea3o ch\u1ea5t l\u01b0\u1ee3ng t\u1ed1t nh\u1ea5t tr\u01b0\u1edbc khi b\u00e0n giao thi\u1ebft b\u1ecb cho kh\u00e1ch h\u00e0ng.<\/p>\n","protected":false},"featured_media":6562,"comment_status":"open","ping_status":"closed","template":"","meta":[],"class_list":{"0":"post-6551","1":"product","2":"type-product","3":"status-publish","4":"has-post-thumbnail","6":"product_cat-may-dan-nhan-ban-tu-dong","8":"first","9":"instock","10":"shipping-taxable","11":"purchasable","12":"product-type-simple"},"brands":[],"yoast_head":"<!-- This site is optimized with the Yoast SEO plugin v17.6 - https:\/\/yoast.com\/wordpress\/plugins\/seo\/ -->\n<title>M\u00e1y d\u00e1n nh\u00e3n 2 m\u1eb7t b\u00e1n t\u1ef1 \u0111\u1ed9ng TM\u0110G-2T3 - M\u00c1Y \u0110\u00d3NG G\u00d3I T\u00c2N MINH<\/title>\n<meta name=\"description\" content=\"Th\u00f4ng tin chi ti\u1ebft v\u1ec1 M\u00e1y d\u00e1n nh\u00e3n 2 m\u1eb7t b\u00e1n t\u1ef1 \u0111\u1ed9ng TM\u0110G-2T3 li\u00ean h\u1ec7 Hotline: 1900.2861 - 0967.68.69.11 \u0111\u1ec3 \u0111\u01b0\u1ee3c t\u01b0 v\u1ea5n ho\u00e0n to\u00e0n mi\u1ec5n ph\u00ed!\" \/>\n<meta name=\"robots\" content=\"index, follow, max-snippet:-1, max-image-preview:large, max-video-preview:-1\" \/>\n<link rel=\"canonical\" href=\"https:\/\/cokhitanminh.com\/may-dong-goi\/may-dan-nhan-2-mat-ban-tu-dong-tmdg-2t3\/\" \/>\n<meta property=\"og:locale\" content=\"vi_VN\" \/>\n<meta property=\"og:type\" content=\"article\" \/>\n<meta property=\"og:title\" content=\"M\u00e1y d\u00e1n nh\u00e3n 2 m\u1eb7t b\u00e1n t\u1ef1 \u0111\u1ed9ng TM\u0110G-2T3\" \/>\n<meta property=\"og:description\" content=\"Th\u00f4ng tin chi ti\u1ebft v\u1ec1 M\u00e1y d\u00e1n nh\u00e3n 2 m\u1eb7t b\u00e1n t\u1ef1 \u0111\u1ed9ng TM\u0110G-2T3 li\u00ean h\u1ec7 Hotline: 1900.2861 - 0967.68.69.11 \u0111\u1ec3 \u0111\u01b0\u1ee3c t\u01b0 v\u1ea5n ho\u00e0n to\u00e0n mi\u1ec5n ph\u00ed!\" \/>\n<meta property=\"og:url\" content=\"https:\/\/cokhitanminh.com\/may-dong-goi\/may-dan-nhan-2-mat-ban-tu-dong-tmdg-2t3\/\" \/>\n<meta property=\"og:site_name\" content=\"M\u00c1Y \u0110\u00d3NG G\u00d3I T\u00c2N MINH\" \/>\n<meta property=\"article:modified_time\" content=\"2021-12-30T03:02:30+00:00\" \/>\n<meta property=\"og:image\" content=\"https:\/\/cokhitanminh.com\/may-dong-goi\/wp-content\/uploads\/2021\/12\/may-dan-nhan-2-mat-ban-tu-dong-tmdg-2t3-ckmdg-1.jpg\" \/>\n\t<meta property=\"og:image:width\" content=\"550\" \/>\n\t<meta property=\"og:image:height\" content=\"550\" \/>\n<meta name=\"twitter:card\" content=\"summary_large_image\" \/>\n<meta name=\"twitter:title\" content=\"M\u00e1y d\u00e1n nh\u00e3n 2 m\u1eb7t b\u00e1n t\u1ef1 \u0111\u1ed9ng TM\u0110G-2T3\" \/>\n<meta name=\"twitter:description\" content=\"Th\u00f4ng tin chi ti\u1ebft v\u1ec1 M\u00e1y d\u00e1n nh\u00e3n 2 m\u1eb7t b\u00e1n t\u1ef1 \u0111\u1ed9ng TM\u0110G-2T3 li\u00ean h\u1ec7 Hotline: 1900.2861 - 0967.68.69.11 \u0111\u1ec3 \u0111\u01b0\u1ee3c t\u01b0 v\u1ea5n ho\u00e0n to\u00e0n mi\u1ec5n ph\u00ed!\" \/>\n<meta name=\"twitter:image\" content=\"https:\/\/cokhitanminh.com\/may-dong-goi\/wp-content\/uploads\/2021\/12\/may-dan-nhan-2-mat-ban-tu-dong-tmdg-2t3-ckmdg-1.jpg\" \/>\n<meta name=\"twitter:label1\" content=\"\u01af\u1edbc t\u00ednh th\u1eddi gian \u0111\u1ecdc\" \/>\n\t<meta name=\"twitter:data1\" content=\"3 ph\u00fat\" \/>\n<script type=\"application\/ld+json\" class=\"yoast-schema-graph\">{\"@context\":\"https:\/\/schema.org\",\"@graph\":[{\"@type\":\"WebSite\",\"@id\":\"https:\/\/cokhitanminh.com\/may-dong-goi\/#website\",\"url\":\"https:\/\/cokhitanminh.com\/may-dong-goi\/\",\"name\":\"M\\u00c1Y \\u0110\\u00d3NG G\\u00d3I T\\u00c2N MINH\",\"description\":\"Chuy\\u00ean gia m\\u00e1y \\u0111\\u00f3ng g\\u00f3i\",\"potentialAction\":[{\"@type\":\"SearchAction\",\"target\":{\"@type\":\"EntryPoint\",\"urlTemplate\":\"https:\/\/cokhitanminh.com\/may-dong-goi\/?s={search_term_string}\"},\"query-input\":\"required name=search_term_string\"}],\"inLanguage\":\"vi\"},{\"@type\":\"ImageObject\",\"@id\":\"https:\/\/cokhitanminh.com\/may-dong-goi\/may-dan-nhan-2-mat-ban-tu-dong-tmdg-2t3\/#primaryimage\",\"inLanguage\":\"vi\",\"url\":\"https:\/\/cokhitanminh.com\/may-dong-goi\/wp-content\/uploads\/2021\/12\/may-dan-nhan-2-mat-ban-tu-dong-tmdg-2t3-ckmdg-1.jpg\",\"contentUrl\":\"https:\/\/cokhitanminh.com\/may-dong-goi\/wp-content\/uploads\/2021\/12\/may-dan-nhan-2-mat-ban-tu-dong-tmdg-2t3-ckmdg-1.jpg\",\"width\":550,\"height\":550},{\"@type\":\"WebPage\",\"@id\":\"https:\/\/cokhitanminh.com\/may-dong-goi\/may-dan-nhan-2-mat-ban-tu-dong-tmdg-2t3\/#webpage\",\"url\":\"https:\/\/cokhitanminh.com\/may-dong-goi\/may-dan-nhan-2-mat-ban-tu-dong-tmdg-2t3\/\",\"name\":\"M\\u00e1y d\\u00e1n nh\\u00e3n 2 m\\u1eb7t b\\u00e1n t\\u1ef1 \\u0111\\u1ed9ng TM\\u0110G-2T3 - M\\u00c1Y \\u0110\\u00d3NG G\\u00d3I T\\u00c2N MINH\",\"isPartOf\":{\"@id\":\"https:\/\/cokhitanminh.com\/may-dong-goi\/#website\"},\"primaryImageOfPage\":{\"@id\":\"https:\/\/cokhitanminh.com\/may-dong-goi\/may-dan-nhan-2-mat-ban-tu-dong-tmdg-2t3\/#primaryimage\"},\"datePublished\":\"2021-12-29T09:17:39+00:00\",\"dateModified\":\"2021-12-30T03:02:30+00:00\",\"description\":\"Th\\u00f4ng tin chi ti\\u1ebft v\\u1ec1 M\\u00e1y d\\u00e1n nh\\u00e3n 2 m\\u1eb7t b\\u00e1n t\\u1ef1 \\u0111\\u1ed9ng TM\\u0110G-2T3 li\\u00ean h\\u1ec7 Hotline: 1900.2861 - 0967.68.69.11 \\u0111\\u1ec3 \\u0111\\u01b0\\u1ee3c t\\u01b0 v\\u1ea5n ho\\u00e0n to\\u00e0n mi\\u1ec5n ph\\u00ed!\",\"breadcrumb\":{\"@id\":\"https:\/\/cokhitanminh.com\/may-dong-goi\/may-dan-nhan-2-mat-ban-tu-dong-tmdg-2t3\/#breadcrumb\"},\"inLanguage\":\"vi\",\"potentialAction\":[{\"@type\":\"ReadAction\",\"target\":[\"https:\/\/cokhitanminh.com\/may-dong-goi\/may-dan-nhan-2-mat-ban-tu-dong-tmdg-2t3\/\"]}]},{\"@type\":\"BreadcrumbList\",\"@id\":\"https:\/\/cokhitanminh.com\/may-dong-goi\/may-dan-nhan-2-mat-ban-tu-dong-tmdg-2t3\/#breadcrumb\",\"itemListElement\":[{\"@type\":\"ListItem\",\"position\":1,\"name\":\"Trang ch\\u1ee7\",\"item\":\"https:\/\/cokhitanminh.com\/may-dong-goi\/\"},{\"@type\":\"ListItem\",\"position\":2,\"name\":\"C\\u1eeda h\\u00e0ng\",\"item\":\"https:\/\/cokhitanminh.com\/may-dong-goi\/mua\/\"},{\"@type\":\"ListItem\",\"position\":3,\"name\":\"M\\u00e1y d\\u00e1n nh\\u00e3n 2 m\\u1eb7t b\\u00e1n t\\u1ef1 \\u0111\\u1ed9ng TM\\u0110G-2T3\"}]}]}<\/script>\n<!-- \/ Yoast SEO plugin. -->","yoast_head_json":{"title":"M\u00e1y d\u00e1n nh\u00e3n 2 m\u1eb7t b\u00e1n t\u1ef1 \u0111\u1ed9ng TM\u0110G-2T3 - M\u00c1Y \u0110\u00d3NG G\u00d3I T\u00c2N MINH","description":"Th\u00f4ng tin chi ti\u1ebft v\u1ec1 M\u00e1y d\u00e1n nh\u00e3n 2 m\u1eb7t b\u00e1n t\u1ef1 \u0111\u1ed9ng TM\u0110G-2T3 li\u00ean h\u1ec7 Hotline: 1900.2861 - 0967.68.69.11 \u0111\u1ec3 \u0111\u01b0\u1ee3c t\u01b0 v\u1ea5n ho\u00e0n to\u00e0n mi\u1ec5n ph\u00ed!","robots":{"index":"index","follow":"follow","max-snippet":"max-snippet:-1","max-image-preview":"max-image-preview:large","max-video-preview":"max-video-preview:-1"},"canonical":"https:\/\/cokhitanminh.com\/may-dong-goi\/may-dan-nhan-2-mat-ban-tu-dong-tmdg-2t3\/","og_locale":"vi_VN","og_type":"article","og_title":"M\u00e1y d\u00e1n nh\u00e3n 2 m\u1eb7t b\u00e1n t\u1ef1 \u0111\u1ed9ng TM\u0110G-2T3","og_description":"Th\u00f4ng tin chi ti\u1ebft v\u1ec1 M\u00e1y d\u00e1n nh\u00e3n 2 m\u1eb7t b\u00e1n t\u1ef1 \u0111\u1ed9ng TM\u0110G-2T3 li\u00ean h\u1ec7 Hotline: 1900.2861 - 0967.68.69.11 \u0111\u1ec3 \u0111\u01b0\u1ee3c t\u01b0 v\u1ea5n ho\u00e0n to\u00e0n mi\u1ec5n ph\u00ed!","og_url":"https:\/\/cokhitanminh.com\/may-dong-goi\/may-dan-nhan-2-mat-ban-tu-dong-tmdg-2t3\/","og_site_name":"M\u00c1Y \u0110\u00d3NG G\u00d3I T\u00c2N MINH","article_modified_time":"2021-12-30T03:02:30+00:00","og_image":[{"width":550,"height":550,"url":"https:\/\/cokhitanminh.com\/may-dong-goi\/wp-content\/uploads\/2021\/12\/may-dan-nhan-2-mat-ban-tu-dong-tmdg-2t3-ckmdg-1.jpg","type":"image\/jpeg"}],"twitter_card":"summary_large_image","twitter_title":"M\u00e1y d\u00e1n nh\u00e3n 2 m\u1eb7t b\u00e1n t\u1ef1 \u0111\u1ed9ng TM\u0110G-2T3","twitter_description":"Th\u00f4ng tin chi ti\u1ebft v\u1ec1 M\u00e1y d\u00e1n nh\u00e3n 2 m\u1eb7t b\u00e1n t\u1ef1 \u0111\u1ed9ng TM\u0110G-2T3 li\u00ean h\u1ec7 Hotline: 1900.2861 - 0967.68.69.11 \u0111\u1ec3 \u0111\u01b0\u1ee3c t\u01b0 v\u1ea5n ho\u00e0n to\u00e0n mi\u1ec5n ph\u00ed!","twitter_image":"https:\/\/cokhitanminh.com\/may-dong-goi\/wp-content\/uploads\/2021\/12\/may-dan-nhan-2-mat-ban-tu-dong-tmdg-2t3-ckmdg-1.jpg","twitter_misc":{"\u01af\u1edbc t\u00ednh th\u1eddi gian \u0111\u1ecdc":"3 ph\u00fat"},"schema":{"@context":"https:\/\/schema.org","@graph":[{"@type":"WebSite","@id":"https:\/\/cokhitanminh.com\/may-dong-goi\/#website","url":"https:\/\/cokhitanminh.com\/may-dong-goi\/","name":"M\u00c1Y \u0110\u00d3NG G\u00d3I T\u00c2N MINH","description":"Chuy\u00ean gia m\u00e1y \u0111\u00f3ng g\u00f3i","potentialAction":[{"@type":"SearchAction","target":{"@type":"EntryPoint","urlTemplate":"https:\/\/cokhitanminh.com\/may-dong-goi\/?s={search_term_string}"},"query-input":"required name=search_term_string"}],"inLanguage":"vi"},{"@type":"ImageObject","@id":"https:\/\/cokhitanminh.com\/may-dong-goi\/may-dan-nhan-2-mat-ban-tu-dong-tmdg-2t3\/#primaryimage","inLanguage":"vi","url":"https:\/\/cokhitanminh.com\/may-dong-goi\/wp-content\/uploads\/2021\/12\/may-dan-nhan-2-mat-ban-tu-dong-tmdg-2t3-ckmdg-1.jpg","contentUrl":"https:\/\/cokhitanminh.com\/may-dong-goi\/wp-content\/uploads\/2021\/12\/may-dan-nhan-2-mat-ban-tu-dong-tmdg-2t3-ckmdg-1.jpg","width":550,"height":550},{"@type":"WebPage","@id":"https:\/\/cokhitanminh.com\/may-dong-goi\/may-dan-nhan-2-mat-ban-tu-dong-tmdg-2t3\/#webpage","url":"https:\/\/cokhitanminh.com\/may-dong-goi\/may-dan-nhan-2-mat-ban-tu-dong-tmdg-2t3\/","name":"M\u00e1y d\u00e1n nh\u00e3n 2 m\u1eb7t b\u00e1n t\u1ef1 \u0111\u1ed9ng TM\u0110G-2T3 - M\u00c1Y \u0110\u00d3NG G\u00d3I T\u00c2N MINH","isPartOf":{"@id":"https:\/\/cokhitanminh.com\/may-dong-goi\/#website"},"primaryImageOfPage":{"@id":"https:\/\/cokhitanminh.com\/may-dong-goi\/may-dan-nhan-2-mat-ban-tu-dong-tmdg-2t3\/#primaryimage"},"datePublished":"2021-12-29T09:17:39+00:00","dateModified":"2021-12-30T03:02:30+00:00","description":"Th\u00f4ng tin chi ti\u1ebft v\u1ec1 M\u00e1y d\u00e1n nh\u00e3n 2 m\u1eb7t b\u00e1n t\u1ef1 \u0111\u1ed9ng TM\u0110G-2T3 li\u00ean h\u1ec7 Hotline: 1900.2861 - 0967.68.69.11 \u0111\u1ec3 \u0111\u01b0\u1ee3c t\u01b0 v\u1ea5n ho\u00e0n to\u00e0n mi\u1ec5n ph\u00ed!","breadcrumb":{"@id":"https:\/\/cokhitanminh.com\/may-dong-goi\/may-dan-nhan-2-mat-ban-tu-dong-tmdg-2t3\/#breadcrumb"},"inLanguage":"vi","potentialAction":[{"@type":"ReadAction","target":["https:\/\/cokhitanminh.com\/may-dong-goi\/may-dan-nhan-2-mat-ban-tu-dong-tmdg-2t3\/"]}]},{"@type":"BreadcrumbList","@id":"https:\/\/cokhitanminh.com\/may-dong-goi\/may-dan-nhan-2-mat-ban-tu-dong-tmdg-2t3\/#breadcrumb","itemListElement":[{"@type":"ListItem","position":1,"name":"Trang ch\u1ee7","item":"https:\/\/cokhitanminh.com\/may-dong-goi\/"},{"@type":"ListItem","position":2,"name":"C\u1eeda h\u00e0ng","item":"https:\/\/cokhitanminh.com\/may-dong-goi\/mua\/"},{"@type":"ListItem","position":3,"name":"M\u00e1y d\u00e1n nh\u00e3n 2 m\u1eb7t b\u00e1n t\u1ef1 \u0111\u1ed9ng TM\u0110G-2T3"}]}]}},"_links":{"self":[{"href":"https:\/\/cokhitanminh.com\/may-dong-goi\/wp-json\/wp\/v2\/product\/6551","targetHints":{"allow":["GET"]}}],"collection":[{"href":"https:\/\/cokhitanminh.com\/may-dong-goi\/wp-json\/wp\/v2\/product"}],"about":[{"href":"https:\/\/cokhitanminh.com\/may-dong-goi\/wp-json\/wp\/v2\/types\/product"}],"replies":[{"embeddable":true,"href":"https:\/\/cokhitanminh.com\/may-dong-goi\/wp-json\/wp\/v2\/comments?post=6551"}],"wp:featuredmedia":[{"embeddable":true,"href":"https:\/\/cokhitanminh.com\/may-dong-goi\/wp-json\/wp\/v2\/media\/6562"}],"wp:attachment":[{"href":"https:\/\/cokhitanminh.com\/may-dong-goi\/wp-json\/wp\/v2\/media?parent=6551"}],"curies":[{"name":"wp","href":"https:\/\/api.w.org\/{rel}","templated":true}]}}