{"id":5819,"date":"2021-12-22T10:12:58","date_gmt":"2021-12-22T10:12:58","guid":{"rendered":"https:\/\/cokhitanminh.com\/may-dong-goi\/?post_type=product&#038;p=5819"},"modified":"2021-12-22T10:16:48","modified_gmt":"2021-12-22T10:16:48","slug":"may-dan-nhan-mat-phang-chia-san-pham-tu-dong-tmdg-2t2","status":"publish","type":"product","link":"https:\/\/cokhitanminh.com\/may-dong-goi\/may-dan-nhan-mat-phang-chia-san-pham-tu-dong-tmdg-2t2\/","title":{"rendered":"M\u00e1y d\u00e1n nh\u00e3n m\u1eb7t ph\u1eb3ng chia s\u1ea3n ph\u1ea9m t\u1ef1 \u0111\u1ed9ng TM\u0110G-2T2"},"content":{"rendered":"<div><a href=\"https:\/\/cokhitanminh.com\/may-dong-goi\/may-dan-nhan-mat-phang-chia-san-pham-tu-dong-tmdg-2t2\/\"><em><strong>M\u00e1y d\u00e1n nh\u00e3n m\u1eb7t ph\u1eb3ng chia s\u1ea3n ph\u1ea9m t\u1ef1 \u0111\u1ed9ng<\/strong> <\/em><\/a>TM\u0110G-2T2 \u0111\u01b0\u1ee3c C\u00f4ng Ty C\u01a1 Kh\u00ed T\u00e2n Minh s\u1ea3n xu\u1ea5t v\u00e0 ph\u00e2n ph\u1ed1i tr\u00ean to\u00e0n qu\u1ed1c. M\u00e1y \u0111\u01b0\u1ee3c \u1ee9ng d\u1ee5ng trong l\u0129nh v\u1ef1c <strong>M\u00e1y \u0110\u00f3ng G\u00f3i<\/strong>. C\u00e1c s\u1ea3n ph\u1ea9m c\u1ee7a ch\u00fang t\u00f4i \u0111\u1ec1u \u0111\u01b0\u1ee3c ki\u1ec3m tra k\u1ef9 l\u01b0\u1ee1ng v\u00e0 v\u1eadn h\u00e0nh th\u1ef1c t\u1ebf \u0111\u1ec3 lu\u00f4n \u0111\u1ea3m b\u1ea3o ch\u1ea5t l\u01b0\u1ee3ng t\u1ed1t nh\u1ea5t tr\u01b0\u1edbc khi b\u00e0n giao thi\u1ebft b\u1ecb cho kh\u00e1ch h\u00e0ng.<\/div>\n<div><\/div>\n<div><a href=\"https:\/\/cokhitanminh.com\/may-dong-goi\/wp-content\/uploads\/2021\/12\/may-dan-nhan-mat-phang-chia-san-pham-tu-dong-tmdg-2t2-ckmdg-2.jpg\"><img loading=\"lazy\" decoding=\"async\" class=\"size-full wp-image-5822 aligncenter\" src=\"https:\/\/cokhitanminh.com\/may-dong-goi\/wp-content\/uploads\/2021\/12\/may-dan-nhan-mat-phang-chia-san-pham-tu-dong-tmdg-2t2-ckmdg-2.jpg\" alt=\"\" width=\"750\" height=\"350\" srcset=\"https:\/\/cokhitanminh.com\/may-dong-goi\/wp-content\/uploads\/2021\/12\/may-dan-nhan-mat-phang-chia-san-pham-tu-dong-tmdg-2t2-ckmdg-2.jpg 750w, https:\/\/cokhitanminh.com\/may-dong-goi\/wp-content\/uploads\/2021\/12\/may-dan-nhan-mat-phang-chia-san-pham-tu-dong-tmdg-2t2-ckmdg-2-300x140.jpg 300w, https:\/\/cokhitanminh.com\/may-dong-goi\/wp-content\/uploads\/2021\/12\/may-dan-nhan-mat-phang-chia-san-pham-tu-dong-tmdg-2t2-ckmdg-2-600x280.jpg 600w\" sizes=\"auto, (max-width: 750px) 100vw, 750px\" \/><\/a> <a href=\"https:\/\/cokhitanminh.com\/may-dong-goi\/wp-content\/uploads\/2021\/12\/may-dan-nhan-mat-phang-chia-san-pham-tu-dong-tmdg-2t2-ckmdg-4.jpg\"><img loading=\"lazy\" decoding=\"async\" class=\"size-full wp-image-5824 aligncenter\" src=\"https:\/\/cokhitanminh.com\/may-dong-goi\/wp-content\/uploads\/2021\/12\/may-dan-nhan-mat-phang-chia-san-pham-tu-dong-tmdg-2t2-ckmdg-4.jpg\" alt=\"\" width=\"550\" height=\"366\" srcset=\"https:\/\/cokhitanminh.com\/may-dong-goi\/wp-content\/uploads\/2021\/12\/may-dan-nhan-mat-phang-chia-san-pham-tu-dong-tmdg-2t2-ckmdg-4.jpg 550w, https:\/\/cokhitanminh.com\/may-dong-goi\/wp-content\/uploads\/2021\/12\/may-dan-nhan-mat-phang-chia-san-pham-tu-dong-tmdg-2t2-ckmdg-4-300x200.jpg 300w\" sizes=\"auto, (max-width: 550px) 100vw, 550px\" \/><\/a> <a href=\"https:\/\/cokhitanminh.com\/may-dong-goi\/wp-content\/uploads\/2021\/12\/may-dan-nhan-mat-phang-chia-san-pham-tu-dong-tmdg-2t2-ckmdg-1-1.jpg\"><img loading=\"lazy\" decoding=\"async\" class=\"size-full wp-image-5821 aligncenter\" src=\"https:\/\/cokhitanminh.com\/may-dong-goi\/wp-content\/uploads\/2021\/12\/may-dan-nhan-mat-phang-chia-san-pham-tu-dong-tmdg-2t2-ckmdg-1-1.jpg\" alt=\"\" width=\"550\" height=\"550\" srcset=\"https:\/\/cokhitanminh.com\/may-dong-goi\/wp-content\/uploads\/2021\/12\/may-dan-nhan-mat-phang-chia-san-pham-tu-dong-tmdg-2t2-ckmdg-1-1.jpg 550w, https:\/\/cokhitanminh.com\/may-dong-goi\/wp-content\/uploads\/2021\/12\/may-dan-nhan-mat-phang-chia-san-pham-tu-dong-tmdg-2t2-ckmdg-1-1-300x300.jpg 300w, https:\/\/cokhitanminh.com\/may-dong-goi\/wp-content\/uploads\/2021\/12\/may-dan-nhan-mat-phang-chia-san-pham-tu-dong-tmdg-2t2-ckmdg-1-1-150x150.jpg 150w, https:\/\/cokhitanminh.com\/may-dong-goi\/wp-content\/uploads\/2021\/12\/may-dan-nhan-mat-phang-chia-san-pham-tu-dong-tmdg-2t2-ckmdg-1-1-100x100.jpg 100w\" sizes=\"auto, (max-width: 550px) 100vw, 550px\" \/><\/a> <a href=\"https:\/\/cokhitanminh.com\/may-dong-goi\/wp-content\/uploads\/2021\/12\/may-dan-nhan-mat-phang-chia-san-pham-tu-dong-tmdg-2t2-ckmdg-3.jpg\"><img loading=\"lazy\" decoding=\"async\" class=\"size-full wp-image-5823 aligncenter\" src=\"https:\/\/cokhitanminh.com\/may-dong-goi\/wp-content\/uploads\/2021\/12\/may-dan-nhan-mat-phang-chia-san-pham-tu-dong-tmdg-2t2-ckmdg-3.jpg\" alt=\"\" width=\"550\" height=\"366\" srcset=\"https:\/\/cokhitanminh.com\/may-dong-goi\/wp-content\/uploads\/2021\/12\/may-dan-nhan-mat-phang-chia-san-pham-tu-dong-tmdg-2t2-ckmdg-3.jpg 550w, https:\/\/cokhitanminh.com\/may-dong-goi\/wp-content\/uploads\/2021\/12\/may-dan-nhan-mat-phang-chia-san-pham-tu-dong-tmdg-2t2-ckmdg-3-300x200.jpg 300w\" sizes=\"auto, (max-width: 550px) 100vw, 550px\" \/><\/a> <a href=\"https:\/\/cokhitanminh.com\/may-dong-goi\/wp-content\/uploads\/2021\/12\/may-dan-nhan-mat-phang-chia-san-pham-tu-dong-tmdg-2t2-ckmdg-5.jpg\"><img loading=\"lazy\" decoding=\"async\" class=\"size-full wp-image-5825 aligncenter\" src=\"https:\/\/cokhitanminh.com\/may-dong-goi\/wp-content\/uploads\/2021\/12\/may-dan-nhan-mat-phang-chia-san-pham-tu-dong-tmdg-2t2-ckmdg-5.jpg\" alt=\"\" width=\"550\" height=\"366\" srcset=\"https:\/\/cokhitanminh.com\/may-dong-goi\/wp-content\/uploads\/2021\/12\/may-dan-nhan-mat-phang-chia-san-pham-tu-dong-tmdg-2t2-ckmdg-5.jpg 550w, https:\/\/cokhitanminh.com\/may-dong-goi\/wp-content\/uploads\/2021\/12\/may-dan-nhan-mat-phang-chia-san-pham-tu-dong-tmdg-2t2-ckmdg-5-300x200.jpg 300w\" sizes=\"auto, (max-width: 550px) 100vw, 550px\" \/><\/a> <a href=\"https:\/\/cokhitanminh.com\/may-dong-goi\/wp-content\/uploads\/2021\/12\/may-dan-nhan-mat-phang-chia-san-pham-tu-dong-tmdg-2t2-ckmdg-6.jpg\"><img loading=\"lazy\" decoding=\"async\" class=\"size-full wp-image-5826 aligncenter\" src=\"https:\/\/cokhitanminh.com\/may-dong-goi\/wp-content\/uploads\/2021\/12\/may-dan-nhan-mat-phang-chia-san-pham-tu-dong-tmdg-2t2-ckmdg-6.jpg\" alt=\"\" width=\"550\" height=\"366\" srcset=\"https:\/\/cokhitanminh.com\/may-dong-goi\/wp-content\/uploads\/2021\/12\/may-dan-nhan-mat-phang-chia-san-pham-tu-dong-tmdg-2t2-ckmdg-6.jpg 550w, https:\/\/cokhitanminh.com\/may-dong-goi\/wp-content\/uploads\/2021\/12\/may-dan-nhan-mat-phang-chia-san-pham-tu-dong-tmdg-2t2-ckmdg-6-300x200.jpg 300w\" sizes=\"auto, (max-width: 550px) 100vw, 550px\" \/><\/a><\/div>\n<div><\/div>\n<div><strong>Th\u00f4ng s\u00f4\u0301 ky\u0303 thu\u00e2\u0323t<\/strong><\/div>\n<div><\/div>\n<div>&#8211; Model: TM\u0110G-2T2<\/div>\n<div><\/div>\n<div>&#8211; \u0110i\u1ec7n \u00e1p (V \/ Hz) : 220V\/50Hz<\/div>\n<div><\/div>\n<div>&#8211; C\u00f4ng su\u1ea5t : 1.5kW<\/div>\n<div><\/div>\n<div>&#8211; N\u0103ng su\u1ea5t : 10-150 s\u1ea3n ph\u1ea9m\/ph\u00fat (ph\u1ee5 thu\u1ed9c k\u00edch th\u01b0\u1edbc s\u1ea3n ph\u1ea9m)<\/div>\n<div><\/div>\n<div>&#8211; K\u00edch th\u01b0\u1edbc tem : r\u1ed9ng 15 &#8211; 180 mm, d\u00e0i 25 &#8211; 300mm<\/div>\n<div><\/div>\n<div>&#8211; K\u00edch th\u01b0\u1edbc s\u1ea3n ph\u1ea9m cao : 0.2 &#8211; 2mm, d\u00e0i 40 &#8211; 350mm, r\u1ed9ng 60 &#8211; 280 mm<\/div>\n<div><\/div>\n<div>&#8211; Sai s\u1ed1 : \u00b11mm<\/div>\n<div><\/div>\n<div>&#8211; \u0110\u01b0\u1eddng k\u00ednh cu\u1ed9n nh\u00e3n : trong 76mm, ngo\u00e0i 320mm<\/div>\n<div><\/div>\n<div>&#8211; K\u00edch th\u01b0\u1edbc m\u00e1y : 1920 x 800 x 1600 mm<\/div>\n<div><\/div>\n<div>&#8211; Tr\u1ecdng l\u01b0\u1ee3ng m\u00e1y : 180kg<\/div>\n<div><\/div>\n<div>&#8211; V\u1eadt li\u1ec7u ch\u00ednh : v\u1ecf m\u00e1y inox<\/div>\n<div><\/div>\n<div>&#8211; B\u1ea3o h\u00e0nh: 12 th\u00e1ng<\/div>\n<div><\/div>\n<div>Ngo\u00e0i <em><strong>M\u00e1y d\u00e1n nh\u00e3n m\u1eb7t ph\u1eb3ng chia s\u1ea3n ph\u1ea9m t\u1ef1 \u0111\u1ed9ng<\/strong><\/em> TM\u0110G-2T2 , T\u00e2n Minh c\u00f2n cung c\u1ea5p r\u1ea5t nhi\u1ec1u c\u00e1c m\u1eabu m\u00e1y d\u00e1n nh\u00e3n\u00a0 kh\u00e1c<\/div>\n<div><\/div>\n<div>Xin vui l\u00f2ng tham kh\u1ea3o th\u00eam t\u1ea1i \u0111\u00e2y: <em><strong>M\u00e1y d\u00e1n nh\u00e3n<\/strong><\/em><\/div>\n<div><\/div>\n<div>H\u1ed7 tr\u1ee3 h\u01b0\u1edbng d\u1eabn s\u1eed d\u1ee5ng &amp; chuy\u1ec3n giao c\u00f4ng ngh\u1ec7 mi\u1ec5n ph\u00ed.<\/div>\n","protected":false},"excerpt":{"rendered":"<p>M\u00e1y d\u00e1n nh\u00e3n m\u1eb7t ph\u1eb3ng chia s\u1ea3n ph\u1ea9m t\u1ef1 \u0111\u1ed9ng TM\u0110G-2T2 \u0111\u01b0\u1ee3c C\u00f4ng Ty C\u01a1 Kh\u00ed T\u00e2n Minh s\u1ea3n xu\u1ea5t v\u00e0 ph\u00e2n ph\u1ed1i tr\u00ean to\u00e0n qu\u1ed1c. M\u00e1y \u0111\u01b0\u1ee3c \u1ee9ng d\u1ee5ng trong l\u0129nh v\u1ef1c M\u00e1y \u0110\u00f3ng G\u00f3i. C\u00e1c s\u1ea3n ph\u1ea9m c\u1ee7a ch\u00fang t\u00f4i \u0111\u1ec1u \u0111\u01b0\u1ee3c ki\u1ec3m tra k\u1ef9 l\u01b0\u1ee1ng v\u00e0 v\u1eadn h\u00e0nh th\u1ef1c t\u1ebf \u0111\u1ec3 lu\u00f4n &#8230;<\/p>\n","protected":false},"featured_media":5820,"comment_status":"open","ping_status":"closed","template":"","meta":[],"class_list":{"0":"post-5819","1":"product","2":"type-product","3":"status-publish","4":"has-post-thumbnail","6":"product_cat-may-dan-tem-nhan","8":"first","9":"instock","10":"shipping-taxable","11":"purchasable","12":"product-type-simple"},"brands":[],"yoast_head":"<!-- This site is optimized with the Yoast SEO plugin v17.6 - https:\/\/yoast.com\/wordpress\/plugins\/seo\/ -->\n<title>M\u00e1y d\u00e1n nh\u00e3n m\u1eb7t ph\u1eb3ng chia s\u1ea3n ph\u1ea9m t\u1ef1 \u0111\u1ed9ng TM\u0110G-2T2<\/title>\n<meta name=\"description\" content=\"M\u00e1y d\u00e1n nh\u00e3n m\u1eb7t ph\u1eb3ng chia s\u1ea3n ph\u1ea9m t\u1ef1 \u0111\u1ed9ng TM\u0110G-2T2 vui lo\u0300ng li\u00ean h\u00ea\u0323 Hotline 1900.2861 - 0967.68.69.11\" \/>\n<meta name=\"robots\" content=\"index, follow, max-snippet:-1, max-image-preview:large, max-video-preview:-1\" \/>\n<link rel=\"canonical\" href=\"https:\/\/cokhitanminh.com\/may-dong-goi\/may-dan-nhan-mat-phang-chia-san-pham-tu-dong-tmdg-2t2\/\" \/>\n<meta property=\"og:locale\" content=\"vi_VN\" \/>\n<meta property=\"og:type\" content=\"article\" \/>\n<meta property=\"og:title\" content=\"M\u00e1y d\u00e1n nh\u00e3n m\u1eb7t ph\u1eb3ng chia s\u1ea3n ph\u1ea9m t\u1ef1 \u0111\u1ed9ng TM\u0110G-2T2\" \/>\n<meta property=\"og:description\" content=\"M\u00e1y d\u00e1n nh\u00e3n m\u1eb7t ph\u1eb3ng chia s\u1ea3n ph\u1ea9m t\u1ef1 \u0111\u1ed9ng TM\u0110G-2T2 vui lo\u0300ng li\u00ean h\u00ea\u0323 Hotline 1900.2861 - 0967.68.69.11\" \/>\n<meta property=\"og:url\" content=\"https:\/\/cokhitanminh.com\/may-dong-goi\/may-dan-nhan-mat-phang-chia-san-pham-tu-dong-tmdg-2t2\/\" \/>\n<meta property=\"og:site_name\" content=\"M\u00c1Y \u0110\u00d3NG G\u00d3I T\u00c2N MINH\" \/>\n<meta property=\"article:modified_time\" content=\"2021-12-22T10:16:48+00:00\" \/>\n<meta property=\"og:image\" content=\"https:\/\/cokhitanminh.com\/may-dong-goi\/wp-content\/uploads\/2021\/12\/may-dan-nhan-mat-phang-chia-san-pham-tu-dong-tmdg-2t2-ckmdg-1.jpg\" \/>\n\t<meta property=\"og:image:width\" content=\"550\" \/>\n\t<meta property=\"og:image:height\" content=\"550\" \/>\n<meta name=\"twitter:card\" content=\"summary_large_image\" \/>\n<meta name=\"twitter:label1\" content=\"\u01af\u1edbc t\u00ednh th\u1eddi gian \u0111\u1ecdc\" \/>\n\t<meta name=\"twitter:data1\" content=\"3 ph\u00fat\" \/>\n<script type=\"application\/ld+json\" class=\"yoast-schema-graph\">{\"@context\":\"https:\/\/schema.org\",\"@graph\":[{\"@type\":\"WebSite\",\"@id\":\"https:\/\/cokhitanminh.com\/may-dong-goi\/#website\",\"url\":\"https:\/\/cokhitanminh.com\/may-dong-goi\/\",\"name\":\"M\\u00c1Y \\u0110\\u00d3NG G\\u00d3I T\\u00c2N MINH\",\"description\":\"Chuy\\u00ean gia m\\u00e1y \\u0111\\u00f3ng g\\u00f3i\",\"potentialAction\":[{\"@type\":\"SearchAction\",\"target\":{\"@type\":\"EntryPoint\",\"urlTemplate\":\"https:\/\/cokhitanminh.com\/may-dong-goi\/?s={search_term_string}\"},\"query-input\":\"required name=search_term_string\"}],\"inLanguage\":\"vi\"},{\"@type\":\"ImageObject\",\"@id\":\"https:\/\/cokhitanminh.com\/may-dong-goi\/may-dan-nhan-mat-phang-chia-san-pham-tu-dong-tmdg-2t2\/#primaryimage\",\"inLanguage\":\"vi\",\"url\":\"https:\/\/cokhitanminh.com\/may-dong-goi\/wp-content\/uploads\/2021\/12\/may-dan-nhan-mat-phang-chia-san-pham-tu-dong-tmdg-2t2-ckmdg-1.jpg\",\"contentUrl\":\"https:\/\/cokhitanminh.com\/may-dong-goi\/wp-content\/uploads\/2021\/12\/may-dan-nhan-mat-phang-chia-san-pham-tu-dong-tmdg-2t2-ckmdg-1.jpg\",\"width\":550,\"height\":550},{\"@type\":\"WebPage\",\"@id\":\"https:\/\/cokhitanminh.com\/may-dong-goi\/may-dan-nhan-mat-phang-chia-san-pham-tu-dong-tmdg-2t2\/#webpage\",\"url\":\"https:\/\/cokhitanminh.com\/may-dong-goi\/may-dan-nhan-mat-phang-chia-san-pham-tu-dong-tmdg-2t2\/\",\"name\":\"M\\u00e1y d\\u00e1n nh\\u00e3n m\\u1eb7t ph\\u1eb3ng chia s\\u1ea3n ph\\u1ea9m t\\u1ef1 \\u0111\\u1ed9ng TM\\u0110G-2T2\",\"isPartOf\":{\"@id\":\"https:\/\/cokhitanminh.com\/may-dong-goi\/#website\"},\"primaryImageOfPage\":{\"@id\":\"https:\/\/cokhitanminh.com\/may-dong-goi\/may-dan-nhan-mat-phang-chia-san-pham-tu-dong-tmdg-2t2\/#primaryimage\"},\"datePublished\":\"2021-12-22T10:12:58+00:00\",\"dateModified\":\"2021-12-22T10:16:48+00:00\",\"description\":\"M\\u00e1y d\\u00e1n nh\\u00e3n m\\u1eb7t ph\\u1eb3ng chia s\\u1ea3n ph\\u1ea9m t\\u1ef1 \\u0111\\u1ed9ng TM\\u0110G-2T2 vui lo\\u0300ng li\\u00ean h\\u00ea\\u0323 Hotline 1900.2861 - 0967.68.69.11\",\"breadcrumb\":{\"@id\":\"https:\/\/cokhitanminh.com\/may-dong-goi\/may-dan-nhan-mat-phang-chia-san-pham-tu-dong-tmdg-2t2\/#breadcrumb\"},\"inLanguage\":\"vi\",\"potentialAction\":[{\"@type\":\"ReadAction\",\"target\":[\"https:\/\/cokhitanminh.com\/may-dong-goi\/may-dan-nhan-mat-phang-chia-san-pham-tu-dong-tmdg-2t2\/\"]}]},{\"@type\":\"BreadcrumbList\",\"@id\":\"https:\/\/cokhitanminh.com\/may-dong-goi\/may-dan-nhan-mat-phang-chia-san-pham-tu-dong-tmdg-2t2\/#breadcrumb\",\"itemListElement\":[{\"@type\":\"ListItem\",\"position\":1,\"name\":\"Trang ch\\u1ee7\",\"item\":\"https:\/\/cokhitanminh.com\/may-dong-goi\/\"},{\"@type\":\"ListItem\",\"position\":2,\"name\":\"C\\u1eeda h\\u00e0ng\",\"item\":\"https:\/\/cokhitanminh.com\/may-dong-goi\/mua\/\"},{\"@type\":\"ListItem\",\"position\":3,\"name\":\"M\\u00e1y d\\u00e1n nh\\u00e3n m\\u1eb7t ph\\u1eb3ng chia s\\u1ea3n ph\\u1ea9m t\\u1ef1 \\u0111\\u1ed9ng TM\\u0110G-2T2\"}]}]}<\/script>\n<!-- \/ Yoast SEO plugin. -->","yoast_head_json":{"title":"M\u00e1y d\u00e1n nh\u00e3n m\u1eb7t ph\u1eb3ng chia s\u1ea3n ph\u1ea9m t\u1ef1 \u0111\u1ed9ng TM\u0110G-2T2","description":"M\u00e1y d\u00e1n nh\u00e3n m\u1eb7t ph\u1eb3ng chia s\u1ea3n ph\u1ea9m t\u1ef1 \u0111\u1ed9ng TM\u0110G-2T2 vui lo\u0300ng li\u00ean h\u00ea\u0323 Hotline 1900.2861 - 0967.68.69.11","robots":{"index":"index","follow":"follow","max-snippet":"max-snippet:-1","max-image-preview":"max-image-preview:large","max-video-preview":"max-video-preview:-1"},"canonical":"https:\/\/cokhitanminh.com\/may-dong-goi\/may-dan-nhan-mat-phang-chia-san-pham-tu-dong-tmdg-2t2\/","og_locale":"vi_VN","og_type":"article","og_title":"M\u00e1y d\u00e1n nh\u00e3n m\u1eb7t ph\u1eb3ng chia s\u1ea3n ph\u1ea9m t\u1ef1 \u0111\u1ed9ng TM\u0110G-2T2","og_description":"M\u00e1y d\u00e1n nh\u00e3n m\u1eb7t ph\u1eb3ng chia s\u1ea3n ph\u1ea9m t\u1ef1 \u0111\u1ed9ng TM\u0110G-2T2 vui lo\u0300ng li\u00ean h\u00ea\u0323 Hotline 1900.2861 - 0967.68.69.11","og_url":"https:\/\/cokhitanminh.com\/may-dong-goi\/may-dan-nhan-mat-phang-chia-san-pham-tu-dong-tmdg-2t2\/","og_site_name":"M\u00c1Y \u0110\u00d3NG G\u00d3I T\u00c2N MINH","article_modified_time":"2021-12-22T10:16:48+00:00","og_image":[{"width":550,"height":550,"url":"https:\/\/cokhitanminh.com\/may-dong-goi\/wp-content\/uploads\/2021\/12\/may-dan-nhan-mat-phang-chia-san-pham-tu-dong-tmdg-2t2-ckmdg-1.jpg","type":"image\/jpeg"}],"twitter_card":"summary_large_image","twitter_misc":{"\u01af\u1edbc t\u00ednh th\u1eddi gian \u0111\u1ecdc":"3 ph\u00fat"},"schema":{"@context":"https:\/\/schema.org","@graph":[{"@type":"WebSite","@id":"https:\/\/cokhitanminh.com\/may-dong-goi\/#website","url":"https:\/\/cokhitanminh.com\/may-dong-goi\/","name":"M\u00c1Y \u0110\u00d3NG G\u00d3I T\u00c2N MINH","description":"Chuy\u00ean gia m\u00e1y \u0111\u00f3ng g\u00f3i","potentialAction":[{"@type":"SearchAction","target":{"@type":"EntryPoint","urlTemplate":"https:\/\/cokhitanminh.com\/may-dong-goi\/?s={search_term_string}"},"query-input":"required name=search_term_string"}],"inLanguage":"vi"},{"@type":"ImageObject","@id":"https:\/\/cokhitanminh.com\/may-dong-goi\/may-dan-nhan-mat-phang-chia-san-pham-tu-dong-tmdg-2t2\/#primaryimage","inLanguage":"vi","url":"https:\/\/cokhitanminh.com\/may-dong-goi\/wp-content\/uploads\/2021\/12\/may-dan-nhan-mat-phang-chia-san-pham-tu-dong-tmdg-2t2-ckmdg-1.jpg","contentUrl":"https:\/\/cokhitanminh.com\/may-dong-goi\/wp-content\/uploads\/2021\/12\/may-dan-nhan-mat-phang-chia-san-pham-tu-dong-tmdg-2t2-ckmdg-1.jpg","width":550,"height":550},{"@type":"WebPage","@id":"https:\/\/cokhitanminh.com\/may-dong-goi\/may-dan-nhan-mat-phang-chia-san-pham-tu-dong-tmdg-2t2\/#webpage","url":"https:\/\/cokhitanminh.com\/may-dong-goi\/may-dan-nhan-mat-phang-chia-san-pham-tu-dong-tmdg-2t2\/","name":"M\u00e1y d\u00e1n nh\u00e3n m\u1eb7t ph\u1eb3ng chia s\u1ea3n ph\u1ea9m t\u1ef1 \u0111\u1ed9ng TM\u0110G-2T2","isPartOf":{"@id":"https:\/\/cokhitanminh.com\/may-dong-goi\/#website"},"primaryImageOfPage":{"@id":"https:\/\/cokhitanminh.com\/may-dong-goi\/may-dan-nhan-mat-phang-chia-san-pham-tu-dong-tmdg-2t2\/#primaryimage"},"datePublished":"2021-12-22T10:12:58+00:00","dateModified":"2021-12-22T10:16:48+00:00","description":"M\u00e1y d\u00e1n nh\u00e3n m\u1eb7t ph\u1eb3ng chia s\u1ea3n ph\u1ea9m t\u1ef1 \u0111\u1ed9ng TM\u0110G-2T2 vui lo\u0300ng li\u00ean h\u00ea\u0323 Hotline 1900.2861 - 0967.68.69.11","breadcrumb":{"@id":"https:\/\/cokhitanminh.com\/may-dong-goi\/may-dan-nhan-mat-phang-chia-san-pham-tu-dong-tmdg-2t2\/#breadcrumb"},"inLanguage":"vi","potentialAction":[{"@type":"ReadAction","target":["https:\/\/cokhitanminh.com\/may-dong-goi\/may-dan-nhan-mat-phang-chia-san-pham-tu-dong-tmdg-2t2\/"]}]},{"@type":"BreadcrumbList","@id":"https:\/\/cokhitanminh.com\/may-dong-goi\/may-dan-nhan-mat-phang-chia-san-pham-tu-dong-tmdg-2t2\/#breadcrumb","itemListElement":[{"@type":"ListItem","position":1,"name":"Trang ch\u1ee7","item":"https:\/\/cokhitanminh.com\/may-dong-goi\/"},{"@type":"ListItem","position":2,"name":"C\u1eeda h\u00e0ng","item":"https:\/\/cokhitanminh.com\/may-dong-goi\/mua\/"},{"@type":"ListItem","position":3,"name":"M\u00e1y d\u00e1n nh\u00e3n m\u1eb7t ph\u1eb3ng chia s\u1ea3n ph\u1ea9m t\u1ef1 \u0111\u1ed9ng TM\u0110G-2T2"}]}]}},"_links":{"self":[{"href":"https:\/\/cokhitanminh.com\/may-dong-goi\/wp-json\/wp\/v2\/product\/5819","targetHints":{"allow":["GET"]}}],"collection":[{"href":"https:\/\/cokhitanminh.com\/may-dong-goi\/wp-json\/wp\/v2\/product"}],"about":[{"href":"https:\/\/cokhitanminh.com\/may-dong-goi\/wp-json\/wp\/v2\/types\/product"}],"replies":[{"embeddable":true,"href":"https:\/\/cokhitanminh.com\/may-dong-goi\/wp-json\/wp\/v2\/comments?post=5819"}],"wp:featuredmedia":[{"embeddable":true,"href":"https:\/\/cokhitanminh.com\/may-dong-goi\/wp-json\/wp\/v2\/media\/5820"}],"wp:attachment":[{"href":"https:\/\/cokhitanminh.com\/may-dong-goi\/wp-json\/wp\/v2\/media?parent=5819"}],"curies":[{"name":"wp","href":"https:\/\/api.w.org\/{rel}","templated":true}]}}