{"id":3666,"date":"2021-12-04T04:02:38","date_gmt":"2021-12-04T04:02:38","guid":{"rendered":"https:\/\/cokhitanminh.com\/may-dong-goi\/?post_type=product&#038;p=3666"},"modified":"2021-12-21T15:08:14","modified_gmt":"2021-12-21T15:08:14","slug":"may-dong-goi-tra-tui-loc-tmdg-3f10","status":"publish","type":"product","link":"https:\/\/cokhitanminh.com\/may-dong-goi\/may-dong-goi-tra-tui-loc-tmdg-3f10\/","title":{"rendered":"M\u00c1Y \u0110\u00d3NG G\u00d3I TR\u00c0 T\u00daI L\u1eccC TM\u0110G-3F10"},"content":{"rendered":"<p><a href=\"https:\/\/cokhitanminh.com\/may-dong-goi\/may-dong-goi-tra-tui-loc-tmdg-3f10\/\"><strong><em>M\u00e1y \u0111\u00f3ng g\u00f3i tr\u00e0 t\u00fai l\u1ecdc TM\u0110G-3F10<\/em><\/strong><\/a><\/p>\n<p>M\u00e1y \u0111\u00f3ng g\u00f3i tr\u00e0 t\u00fai l\u1ecdc TM\u0110G-3F10<strong><em>\u00a0<\/em><\/strong>l\u00e0 d\u00f2ng m\u00e1y \u0111\u00f3ng g\u00f3i tr\u00e0 t\u00fai l\u1ecdc t\u1ef1 \u0111\u1ed9ng ho\u00e0n to\u00e0n, \u0111a ch\u1ee9c n\u0103ng, ph\u01b0\u01a1ng th\u1ee9c h\u00e0n nhi\u1ec7t ki\u1ec3u m\u1edbi.<\/p>\n<p><strong>S\u1ea2N PH\u1ea8M \u00c1P D\u1ee4NG<\/strong><\/p>\n<p>Nguy\u00ean li\u1ec7u s\u1eed d\u1ee5ng \u0111\u00f3ng g\u00f3i l\u00e0 c\u00e1c lo\u1ea1i tr\u00e0 d\u1ea1ng c\u00e1nh nh\u1ecf, d\u1ea1ng h\u1ea1t c\u00f3 \u0111\u1ed9 tr\u01a1n tr\u01b0\u1ee3t t\u1ed1t, \u0111\u1ed3ng \u0111\u1ec1u, \u0111\u1ed9 m\u1ecbn trong kho\u1ea3ng 20mesh-60mesh ho\u1eb7c lo\u1ea1i nguy\u00ean li\u1ec7u t\u01b0\u01a1ng t\u1ef1 kh\u00e1c \u0111\u00e3 \u0111\u01b0\u1ee3c nghi\u1ec1n.<\/p>\n<p><strong>CH\u1ee8C N\u0102NG C\u1ee6A M\u00c1Y<\/strong><\/p>\n<p>M\u00e1y c\u00f3 c\u00e1c ch\u1ee9c n\u0103ng c\u1ea5p li\u1ec7u \u0111\u1ecbnh l\u01b0\u1ee3ng, h\u00e0n nhi\u1ec7t t\u00fai b\u00ean trong, d\u00e1n tem ch\u1ec9 v\u00e0 \u0111\u00f3ng g\u00f3i t\u00fai b\u00ean ngo\u00e0i. M\u00e1y s\u1eed d\u1ee5ng ph\u01b0\u01a1ng th\u1ee9c \u0111\u00f3ng t\u00fai ngo\u00e0i ki\u1ec3u m\u1edbi gi\u00fap ti\u1ebft ki\u1ec7m v\u1eadt li\u1ec7u \u0111\u00f3ng g\u00f3i, s\u1ea3n ph\u1ea9m c\u00f3 t\u00ednh th\u1ea9m m\u1ef9 cao. \u0110\u1ed9ng c\u01a1 ch\u00ednh \u0111\u01b0\u1ee3c \u0111i\u1ec1u khi\u1ec3n t\u1ed1c \u0111\u1ed9 b\u1eb1ng bi\u1ebfn t\u1ea7n, h\u1ec7 th\u1ed1ng gia nhi\u1ec7t h\u00e0n t\u00fai ngo\u00e0i c\u00f3 th\u1ec3 s\u1eed d\u1ee5ng cho nhi\u1ec1u lo\u1ea1i m\u00e0ng h\u00e0n nhi\u1ec7t nh\u01b0: gi\u1ea5y-nh\u1ef1a, nh\u1ef1a- nh\u1ef1a, nh\u1ef1a-nh\u00f4m-nh\u1ef1a, gi\u1ea5y-nh\u00f4m-nh\u1ef1a\u2026<\/p>\n<p><strong>TH\u00d4NG S\u1ed0 K\u0128<\/strong>\u00a0<strong>THU\u1eacT<\/strong><\/p>\n<p><a href=\"https:\/\/cokhitanminh.com\/may-dong-goi\/wp-content\/uploads\/2021\/12\/may-dong-goi-tui-loc-tam-giac-2-lop-han-sieu-tmdg-3f9-2-cokhitanminhcommdg-1.jpg\"><img loading=\"lazy\" decoding=\"async\" class=\"size-full wp-image-5613 aligncenter\" src=\"https:\/\/cokhitanminh.com\/may-dong-goi\/wp-content\/uploads\/2021\/12\/may-dong-goi-tui-loc-tam-giac-2-lop-han-sieu-tmdg-3f9-2-cokhitanminhcommdg-1.jpg\" alt=\"\" width=\"650\" height=\"498\" srcset=\"https:\/\/cokhitanminh.com\/may-dong-goi\/wp-content\/uploads\/2021\/12\/may-dong-goi-tui-loc-tam-giac-2-lop-han-sieu-tmdg-3f9-2-cokhitanminhcommdg-1.jpg 650w, https:\/\/cokhitanminh.com\/may-dong-goi\/wp-content\/uploads\/2021\/12\/may-dong-goi-tui-loc-tam-giac-2-lop-han-sieu-tmdg-3f9-2-cokhitanminhcommdg-1-300x230.jpg 300w, https:\/\/cokhitanminh.com\/may-dong-goi\/wp-content\/uploads\/2021\/12\/may-dong-goi-tui-loc-tam-giac-2-lop-han-sieu-tmdg-3f9-2-cokhitanminhcommdg-1-600x460.jpg 600w\" sizes=\"auto, (max-width: 650px) 100vw, 650px\" \/><\/a><\/p>\n<p>\u0110\u1ec3 bi\u1ebft th\u00eam th\u00f4ng tin chi ti\u1ebft<strong><em>\u00a0M\u00e1y \u0111\u00f3ng g\u00f3i tr\u00e0 t\u00fai l\u1ecdc TM\u0110G-3F10<\/em>\u00a0,\u00a0<\/strong>Q\u00fay kh\u00e1ch vui l\u00f2ng li\u00ean h\u1ec7 hotline: 19002861-0967686911 \u0111\u1ec3 \u0111\u01b0\u1ee3c t\u01b0 v\u1ea5n mi\u1ec5n ph\u00ed<\/p>\n","protected":false},"excerpt":{"rendered":"<p>M\u00e1y \u0111\u00f3ng g\u00f3i tr\u00e0 t\u00fai l\u1ecdc TM\u0110G-3F10 M\u00e1y \u0111\u00f3ng g\u00f3i tr\u00e0 t\u00fai l\u1ecdc TM\u0110G-3F10\u00a0l\u00e0 d\u00f2ng m\u00e1y \u0111\u00f3ng g\u00f3i tr\u00e0 t\u00fai l\u1ecdc t\u1ef1 \u0111\u1ed9ng ho\u00e0n to\u00e0n, \u0111a ch\u1ee9c n\u0103ng, ph\u01b0\u01a1ng th\u1ee9c h\u00e0n nhi\u1ec7t ki\u1ec3u m\u1edbi. S\u1ea2N PH\u1ea8M \u00c1P D\u1ee4NG Nguy\u00ean li\u1ec7u s\u1eed d\u1ee5ng \u0111\u00f3ng g\u00f3i l\u00e0 c\u00e1c lo\u1ea1i tr\u00e0 d\u1ea1ng c\u00e1nh nh\u1ecf, d\u1ea1ng h\u1ea1t c\u00f3 \u0111\u1ed9 &#8230;<\/p>\n","protected":false},"featured_media":5614,"comment_status":"open","ping_status":"closed","template":"","meta":[],"class_list":{"0":"post-3666","1":"product","2":"type-product","3":"status-publish","4":"has-post-thumbnail","6":"product_cat-may-dong-goi-dang-tui-loc","8":"first","9":"instock","10":"shipping-taxable","11":"purchasable","12":"product-type-simple"},"brands":[],"yoast_head":"<!-- This site is optimized with the Yoast SEO plugin v17.6 - https:\/\/yoast.com\/wordpress\/plugins\/seo\/ -->\n<title>M\u00c1Y \u0110\u00d3NG G\u00d3I TR\u00c0 T\u00daI L\u1eccC TM\u0110G-3F10 - M\u00c1Y \u0110\u00d3NG G\u00d3I T\u00c2N MINH<\/title>\n<meta name=\"description\" content=\"M\u00c1Y \u0110\u00d3NG G\u00d3I TR\u00c0 T\u00daI L\u1eccC TM\u0110G-3F10 - Chi ti\u1ebft xin vui l\u00f2ng li\u00ean h\u1ec7 Hotline 1: 1900 2861 - Hotline 2: 09 67 68 69 11 \u0110\u1ec3 \u0111\u01b0\u1ee3c t\u01b0 v\u1ea5n ho\u00e0n to\u00e0n mi\u1ec5n ph\u00ed!\" \/>\n<meta name=\"robots\" content=\"index, follow, max-snippet:-1, max-image-preview:large, max-video-preview:-1\" \/>\n<link rel=\"canonical\" href=\"https:\/\/cokhitanminh.com\/may-dong-goi\/may-dong-goi-tra-tui-loc-tmdg-3f10\/\" \/>\n<meta property=\"og:locale\" content=\"vi_VN\" \/>\n<meta property=\"og:type\" content=\"article\" \/>\n<meta property=\"og:title\" content=\"M\u00c1Y \u0110\u00d3NG G\u00d3I TR\u00c0 T\u00daI L\u1eccC TM\u0110G-3F10 - M\u00c1Y \u0110\u00d3NG G\u00d3I T\u00c2N MINH\" \/>\n<meta property=\"og:description\" content=\"M\u00c1Y \u0110\u00d3NG G\u00d3I TR\u00c0 T\u00daI L\u1eccC TM\u0110G-3F10 - Chi ti\u1ebft xin vui l\u00f2ng li\u00ean h\u1ec7 Hotline 1: 1900 2861 - Hotline 2: 09 67 68 69 11 \u0110\u1ec3 \u0111\u01b0\u1ee3c t\u01b0 v\u1ea5n ho\u00e0n to\u00e0n mi\u1ec5n ph\u00ed!\" \/>\n<meta property=\"og:url\" content=\"https:\/\/cokhitanminh.com\/may-dong-goi\/may-dong-goi-tra-tui-loc-tmdg-3f10\/\" \/>\n<meta property=\"og:site_name\" content=\"M\u00c1Y \u0110\u00d3NG G\u00d3I T\u00c2N MINH\" \/>\n<meta property=\"article:modified_time\" content=\"2021-12-21T15:08:14+00:00\" \/>\n<meta property=\"og:image\" content=\"https:\/\/cokhitanminh.com\/may-dong-goi\/wp-content\/uploads\/2021\/12\/may-dong-goi-tui-loc-tam-giac-2-lop-han-sieu-tmdg-3f9-1-cokhitanminhcommdg-1.jpg\" \/>\n\t<meta property=\"og:image:width\" content=\"550\" \/>\n\t<meta property=\"og:image:height\" content=\"550\" \/>\n<meta name=\"twitter:card\" content=\"summary_large_image\" \/>\n<meta name=\"twitter:label1\" content=\"\u01af\u1edbc t\u00ednh th\u1eddi gian \u0111\u1ecdc\" \/>\n\t<meta name=\"twitter:data1\" content=\"2 ph\u00fat\" \/>\n<script type=\"application\/ld+json\" class=\"yoast-schema-graph\">{\"@context\":\"https:\/\/schema.org\",\"@graph\":[{\"@type\":\"WebSite\",\"@id\":\"https:\/\/cokhitanminh.com\/may-dong-goi\/#website\",\"url\":\"https:\/\/cokhitanminh.com\/may-dong-goi\/\",\"name\":\"M\\u00c1Y \\u0110\\u00d3NG G\\u00d3I T\\u00c2N MINH\",\"description\":\"Chuy\\u00ean gia m\\u00e1y \\u0111\\u00f3ng g\\u00f3i\",\"potentialAction\":[{\"@type\":\"SearchAction\",\"target\":{\"@type\":\"EntryPoint\",\"urlTemplate\":\"https:\/\/cokhitanminh.com\/may-dong-goi\/?s={search_term_string}\"},\"query-input\":\"required name=search_term_string\"}],\"inLanguage\":\"vi\"},{\"@type\":\"ImageObject\",\"@id\":\"https:\/\/cokhitanminh.com\/may-dong-goi\/may-dong-goi-tra-tui-loc-tmdg-3f10\/#primaryimage\",\"inLanguage\":\"vi\",\"url\":\"https:\/\/cokhitanminh.com\/may-dong-goi\/wp-content\/uploads\/2021\/12\/may-dong-goi-tui-loc-tam-giac-2-lop-han-sieu-tmdg-3f9-1-cokhitanminhcommdg-1.jpg\",\"contentUrl\":\"https:\/\/cokhitanminh.com\/may-dong-goi\/wp-content\/uploads\/2021\/12\/may-dong-goi-tui-loc-tam-giac-2-lop-han-sieu-tmdg-3f9-1-cokhitanminhcommdg-1.jpg\",\"width\":550,\"height\":550,\"caption\":\"M\\u00c1Y \\u0110\\u00d3NG G\\u00d3I TR\\u00c0 T\\u00daI L\\u1eccC TM\\u0110G-3F10\"},{\"@type\":\"WebPage\",\"@id\":\"https:\/\/cokhitanminh.com\/may-dong-goi\/may-dong-goi-tra-tui-loc-tmdg-3f10\/#webpage\",\"url\":\"https:\/\/cokhitanminh.com\/may-dong-goi\/may-dong-goi-tra-tui-loc-tmdg-3f10\/\",\"name\":\"M\\u00c1Y \\u0110\\u00d3NG G\\u00d3I TR\\u00c0 T\\u00daI L\\u1eccC TM\\u0110G-3F10 - M\\u00c1Y \\u0110\\u00d3NG G\\u00d3I T\\u00c2N MINH\",\"isPartOf\":{\"@id\":\"https:\/\/cokhitanminh.com\/may-dong-goi\/#website\"},\"primaryImageOfPage\":{\"@id\":\"https:\/\/cokhitanminh.com\/may-dong-goi\/may-dong-goi-tra-tui-loc-tmdg-3f10\/#primaryimage\"},\"datePublished\":\"2021-12-04T04:02:38+00:00\",\"dateModified\":\"2021-12-21T15:08:14+00:00\",\"description\":\"M\\u00c1Y \\u0110\\u00d3NG G\\u00d3I TR\\u00c0 T\\u00daI L\\u1eccC TM\\u0110G-3F10 - Chi ti\\u1ebft xin vui l\\u00f2ng li\\u00ean h\\u1ec7 Hotline 1: 1900 2861 - Hotline 2: 09 67 68 69 11 \\u0110\\u1ec3 \\u0111\\u01b0\\u1ee3c t\\u01b0 v\\u1ea5n ho\\u00e0n to\\u00e0n mi\\u1ec5n ph\\u00ed!\",\"breadcrumb\":{\"@id\":\"https:\/\/cokhitanminh.com\/may-dong-goi\/may-dong-goi-tra-tui-loc-tmdg-3f10\/#breadcrumb\"},\"inLanguage\":\"vi\",\"potentialAction\":[{\"@type\":\"ReadAction\",\"target\":[\"https:\/\/cokhitanminh.com\/may-dong-goi\/may-dong-goi-tra-tui-loc-tmdg-3f10\/\"]}]},{\"@type\":\"BreadcrumbList\",\"@id\":\"https:\/\/cokhitanminh.com\/may-dong-goi\/may-dong-goi-tra-tui-loc-tmdg-3f10\/#breadcrumb\",\"itemListElement\":[{\"@type\":\"ListItem\",\"position\":1,\"name\":\"Trang ch\\u1ee7\",\"item\":\"https:\/\/cokhitanminh.com\/may-dong-goi\/\"},{\"@type\":\"ListItem\",\"position\":2,\"name\":\"C\\u1eeda h\\u00e0ng\",\"item\":\"https:\/\/cokhitanminh.com\/may-dong-goi\/mua\/\"},{\"@type\":\"ListItem\",\"position\":3,\"name\":\"M\\u00c1Y \\u0110\\u00d3NG G\\u00d3I TR\\u00c0 T\\u00daI L\\u1eccC TM\\u0110G-3F10\"}]}]}<\/script>\n<!-- \/ Yoast SEO plugin. -->","yoast_head_json":{"title":"M\u00c1Y \u0110\u00d3NG G\u00d3I TR\u00c0 T\u00daI L\u1eccC TM\u0110G-3F10 - M\u00c1Y \u0110\u00d3NG G\u00d3I T\u00c2N MINH","description":"M\u00c1Y \u0110\u00d3NG G\u00d3I TR\u00c0 T\u00daI L\u1eccC TM\u0110G-3F10 - Chi ti\u1ebft xin vui l\u00f2ng li\u00ean h\u1ec7 Hotline 1: 1900 2861 - Hotline 2: 09 67 68 69 11 \u0110\u1ec3 \u0111\u01b0\u1ee3c t\u01b0 v\u1ea5n ho\u00e0n to\u00e0n mi\u1ec5n ph\u00ed!","robots":{"index":"index","follow":"follow","max-snippet":"max-snippet:-1","max-image-preview":"max-image-preview:large","max-video-preview":"max-video-preview:-1"},"canonical":"https:\/\/cokhitanminh.com\/may-dong-goi\/may-dong-goi-tra-tui-loc-tmdg-3f10\/","og_locale":"vi_VN","og_type":"article","og_title":"M\u00c1Y \u0110\u00d3NG G\u00d3I TR\u00c0 T\u00daI L\u1eccC TM\u0110G-3F10 - M\u00c1Y \u0110\u00d3NG G\u00d3I T\u00c2N MINH","og_description":"M\u00c1Y \u0110\u00d3NG G\u00d3I TR\u00c0 T\u00daI L\u1eccC TM\u0110G-3F10 - Chi ti\u1ebft xin vui l\u00f2ng li\u00ean h\u1ec7 Hotline 1: 1900 2861 - Hotline 2: 09 67 68 69 11 \u0110\u1ec3 \u0111\u01b0\u1ee3c t\u01b0 v\u1ea5n ho\u00e0n to\u00e0n mi\u1ec5n ph\u00ed!","og_url":"https:\/\/cokhitanminh.com\/may-dong-goi\/may-dong-goi-tra-tui-loc-tmdg-3f10\/","og_site_name":"M\u00c1Y \u0110\u00d3NG G\u00d3I T\u00c2N MINH","article_modified_time":"2021-12-21T15:08:14+00:00","og_image":[{"width":550,"height":550,"url":"https:\/\/cokhitanminh.com\/may-dong-goi\/wp-content\/uploads\/2021\/12\/may-dong-goi-tui-loc-tam-giac-2-lop-han-sieu-tmdg-3f9-1-cokhitanminhcommdg-1.jpg","type":"image\/jpeg"}],"twitter_card":"summary_large_image","twitter_misc":{"\u01af\u1edbc t\u00ednh th\u1eddi gian \u0111\u1ecdc":"2 ph\u00fat"},"schema":{"@context":"https:\/\/schema.org","@graph":[{"@type":"WebSite","@id":"https:\/\/cokhitanminh.com\/may-dong-goi\/#website","url":"https:\/\/cokhitanminh.com\/may-dong-goi\/","name":"M\u00c1Y \u0110\u00d3NG G\u00d3I T\u00c2N MINH","description":"Chuy\u00ean gia m\u00e1y \u0111\u00f3ng g\u00f3i","potentialAction":[{"@type":"SearchAction","target":{"@type":"EntryPoint","urlTemplate":"https:\/\/cokhitanminh.com\/may-dong-goi\/?s={search_term_string}"},"query-input":"required name=search_term_string"}],"inLanguage":"vi"},{"@type":"ImageObject","@id":"https:\/\/cokhitanminh.com\/may-dong-goi\/may-dong-goi-tra-tui-loc-tmdg-3f10\/#primaryimage","inLanguage":"vi","url":"https:\/\/cokhitanminh.com\/may-dong-goi\/wp-content\/uploads\/2021\/12\/may-dong-goi-tui-loc-tam-giac-2-lop-han-sieu-tmdg-3f9-1-cokhitanminhcommdg-1.jpg","contentUrl":"https:\/\/cokhitanminh.com\/may-dong-goi\/wp-content\/uploads\/2021\/12\/may-dong-goi-tui-loc-tam-giac-2-lop-han-sieu-tmdg-3f9-1-cokhitanminhcommdg-1.jpg","width":550,"height":550,"caption":"M\u00c1Y \u0110\u00d3NG G\u00d3I TR\u00c0 T\u00daI L\u1eccC TM\u0110G-3F10"},{"@type":"WebPage","@id":"https:\/\/cokhitanminh.com\/may-dong-goi\/may-dong-goi-tra-tui-loc-tmdg-3f10\/#webpage","url":"https:\/\/cokhitanminh.com\/may-dong-goi\/may-dong-goi-tra-tui-loc-tmdg-3f10\/","name":"M\u00c1Y \u0110\u00d3NG G\u00d3I TR\u00c0 T\u00daI L\u1eccC TM\u0110G-3F10 - M\u00c1Y \u0110\u00d3NG G\u00d3I T\u00c2N MINH","isPartOf":{"@id":"https:\/\/cokhitanminh.com\/may-dong-goi\/#website"},"primaryImageOfPage":{"@id":"https:\/\/cokhitanminh.com\/may-dong-goi\/may-dong-goi-tra-tui-loc-tmdg-3f10\/#primaryimage"},"datePublished":"2021-12-04T04:02:38+00:00","dateModified":"2021-12-21T15:08:14+00:00","description":"M\u00c1Y \u0110\u00d3NG G\u00d3I TR\u00c0 T\u00daI L\u1eccC TM\u0110G-3F10 - Chi ti\u1ebft xin vui l\u00f2ng li\u00ean h\u1ec7 Hotline 1: 1900 2861 - Hotline 2: 09 67 68 69 11 \u0110\u1ec3 \u0111\u01b0\u1ee3c t\u01b0 v\u1ea5n ho\u00e0n to\u00e0n mi\u1ec5n ph\u00ed!","breadcrumb":{"@id":"https:\/\/cokhitanminh.com\/may-dong-goi\/may-dong-goi-tra-tui-loc-tmdg-3f10\/#breadcrumb"},"inLanguage":"vi","potentialAction":[{"@type":"ReadAction","target":["https:\/\/cokhitanminh.com\/may-dong-goi\/may-dong-goi-tra-tui-loc-tmdg-3f10\/"]}]},{"@type":"BreadcrumbList","@id":"https:\/\/cokhitanminh.com\/may-dong-goi\/may-dong-goi-tra-tui-loc-tmdg-3f10\/#breadcrumb","itemListElement":[{"@type":"ListItem","position":1,"name":"Trang ch\u1ee7","item":"https:\/\/cokhitanminh.com\/may-dong-goi\/"},{"@type":"ListItem","position":2,"name":"C\u1eeda h\u00e0ng","item":"https:\/\/cokhitanminh.com\/may-dong-goi\/mua\/"},{"@type":"ListItem","position":3,"name":"M\u00c1Y \u0110\u00d3NG G\u00d3I TR\u00c0 T\u00daI L\u1eccC TM\u0110G-3F10"}]}]}},"_links":{"self":[{"href":"https:\/\/cokhitanminh.com\/may-dong-goi\/wp-json\/wp\/v2\/product\/3666","targetHints":{"allow":["GET"]}}],"collection":[{"href":"https:\/\/cokhitanminh.com\/may-dong-goi\/wp-json\/wp\/v2\/product"}],"about":[{"href":"https:\/\/cokhitanminh.com\/may-dong-goi\/wp-json\/wp\/v2\/types\/product"}],"replies":[{"embeddable":true,"href":"https:\/\/cokhitanminh.com\/may-dong-goi\/wp-json\/wp\/v2\/comments?post=3666"}],"wp:featuredmedia":[{"embeddable":true,"href":"https:\/\/cokhitanminh.com\/may-dong-goi\/wp-json\/wp\/v2\/media\/5614"}],"wp:attachment":[{"href":"https:\/\/cokhitanminh.com\/may-dong-goi\/wp-json\/wp\/v2\/media?parent=3666"}],"curies":[{"name":"wp","href":"https:\/\/api.w.org\/{rel}","templated":true}]}}