{"id":3661,"date":"2021-12-04T04:02:36","date_gmt":"2021-12-04T04:02:36","guid":{"rendered":"https:\/\/cokhitanminh.com\/may-dong-goi\/?post_type=product&#038;p=3661"},"modified":"2023-02-10T04:44:36","modified_gmt":"2023-02-10T04:44:36","slug":"may-dong-goi-tui-loc-2-lop-han-sieu-am-tmdg-3f5","status":"publish","type":"product","link":"https:\/\/cokhitanminh.com\/may-dong-goi\/may-dong-goi-tui-loc-2-lop-han-sieu-am-tmdg-3f5\/","title":{"rendered":"M\u00c1Y \u0110\u00d3NG G\u00d3I T\u00daI L\u1eccC 2 L\u1edaP H\u00c0N SI\u00caU \u00c2M TM\u0110G-3F5"},"content":{"rendered":"<p><em><strong><a href=\"https:\/\/cokhitanminh.com\/may-dong-goi\/may-dong-goi-tui-loc-2-lop-han-sieu-am-tmdg-3f5\/\">M\u00e1y \u0111\u00f3ng g\u00f3i t\u00fai l\u1ecdc 2 l\u1edbp h\u00e0n si\u00eau \u00e2m (c\u00e2n \u0111i\u1ec7n t\u1eed 4 \u0111\u1ea7u)<\/a> TM\u0110G-3F5\u00a0<\/strong><\/em><\/p>\n<p>M\u00e1y \u0111\u00f3ng g\u00f3i t\u00fai l\u1ecdc 2 l\u1edbp h\u00e0n si\u00eau \u00e2m TM\u0110G-3F5<em><strong>\u00a0<\/strong><\/em>l\u00e0 tinh hoa k\u1ebft h\u1ee3p c\u1ee7a \u0111\u1ed9i ng\u0169 k\u0129 s\u01b0 c\u00f4ng ty c\u1ed5 ph\u1ea7n C\u01a1 Kh\u00ed T\u00e2n Minh c\u00f9ng \u0111\u1ed9i ng\u0169 chuy\u00ean gia h\u00e0ng \u0111\u1ea7u v\u1ec1 l\u0129nh v\u1ef1c m\u00e1y \u0111\u00f3ng g\u00f3i c\u00e1c c\u00e1c n\u01b0\u1edbc ti\u00ean ti\u1ebfn trong khu v\u1ef1c v\u00e0 Qu\u1ed1c t\u1ebf, \u0111\u01b0\u1ee3c L\u1eafp R\u00e1p v\u00e0 \u0111\u1ed9c quy\u1ec1n ph\u00e2n ph\u1ed1i t\u1ea1i Vi\u1ec7t Nam b\u1edfi 1 \u0111\u01a1n v\u1ecb duy nh\u1ea5t l\u00e0 c\u00f4ng ty c\u1ed5 ph\u1ea7n C\u01a1 Kh\u00ed T\u00e2n Minh<\/p>\n<p>\u0110\u1ed1i v\u1edbi c\u00e1c s\u1ea3n ph\u1ea9m trong ng\u00e0nh ch\u1ebf bi\u1ebfn th\u1ef1c ph\u1ea9m th\u00ec y\u1ebfu t\u1ed1 an to\u00e0n lu\u00f4n \u0111\u01b0\u1ee3c \u0111\u1eb7t l\u00ean h\u00e0ng \u0111\u1ea7u, to\u00e0n b\u1ed9 b\u1ec1 m\u1eb7t m\u00e1y v\u00e0 c\u00e1c b\u1ed9 ph\u1eadn ti\u1ebfp x\u00fac v\u1edbi nguy\u00ean li\u1ec7u \u0111\u1ec1u \u0111\u01b0\u1ee3c s\u1ea3n xu\u1ea5t b\u1eb1ng inox 304 v\u00f4 c\u00f9ng an to\u00e0n v\u00e0 ch\u1eafc ch\u1eafn<\/p>\n<p><strong>\u0110\u1eb6C T\u00cdNH C\u1ee6A M\u00c1Y<\/strong><\/p>\n<p>V\u1eadt li\u1ec7u \u0111\u00f3ng g\u00f3i c\u1ee7a m\u00e1y s\u1eed d\u1ee5ng t\u00fai Nylon tam gi\u00e1c \u0111\u01b0\u1ee3c l\u00e0m b\u1eb1ng Nylon th\u00e2n thi\u1ec7n v\u1edbi m\u00f4i tr\u01b0\u1eddng, v\u1eadt li\u1ec7u v\u1ea3i kh\u00f4ng d\u1ec7t nh\u1eadp kh\u1ea9u t\u1eeb nh\u1eadt B\u1ea3n, kh\u00f4ng \u0111\u1ed9c h\u1ea1i, kh\u00f4ng vi khu\u1ea9n, ch\u1ecbu \u0111\u01b0\u1ee3c nhi\u1ec7t \u0111\u1ed9 cao, ph\u00f9 h\u1ee3p cho \u0111\u00f3ng g\u00f3i th\u1ef1c ph\u1ea9m theo ti\u00eau chu\u1ea9n ki\u1ec3m \u0111\u1ecbnh an to\u00e0n qu\u1ed1c gia. \u0110\u01b0\u1eddng h\u00e0n s\u1eed d\u1ee5ng ph\u01b0\u01a1ng ph\u00e1p \u0111\u1ed9c \u0111\u00e1o \u2013 ni\u00eam phong li\u1ec1n m\u1ea1ch b\u1eb1ng s\u00f3ng si\u00eau \u00e2m, k\u00edn, v\u1ec7 sinh, an to\u00e0n, gi\u1ea3m chi\u1ec1u r\u1ed9ng m\u00e0ng d\u01b0 th\u1eeba c\u1ee7a m\u00e9p h\u00e0n b\u00ean v\u00e0 ho\u00e0n to\u00e0n kh\u00f4ng l\u1ea1ng ph\u00ed m\u1ed9t s\u1ee3i v\u1ea3i l\u1ecdc.<\/p>\n<p><strong>CH\u1ea4T LI\u1ec6U M\u00c0NG<\/strong><\/p>\n<p>Nylon, v\u1ea3i kh\u00f4ng d\u1ec7t, PET, PLA<\/p>\n<p><strong>C\u1ea4U T\u1ea0O M\u00c1Y<\/strong><\/p>\n<p>M\u00e1y c\u00f3 c\u1ea5u t\u1ea1o g\u1ed3m c\u00e1c b\u1ed9 ph\u1eadn:<\/p>\n<ul>\n<li>B\u1ed9 \u0111i\u1ec1u khi\u1ec3n ti\u1ebfng Vi\u1ec7t<\/li>\n<li>C\u00e2n \u0111i\u1ec7n t\u1eed \u0111\u1ecbnh l\u01b0\u1ee3ng<\/li>\n<li>Cu\u1ed9n m\u00e0ng<\/li>\n<li>H\u1ec7 th\u1ed1ng h\u00e0n-\u0111\u00f3ng g\u00f3i<\/li>\n<\/ul>\n<p style=\"text-align: center;\"><a href=\"https:\/\/cokhitanminh.com\/may-dong-goi\/wp-content\/uploads\/2021\/12\/may-dong-goi-tui-loc-2-lop-han-sieu-am-tmdg-3f5-cktm.mdg-1.jpg\"><img loading=\"lazy\" decoding=\"async\" class=\"alignnone size-full wp-image-5374\" src=\"https:\/\/cokhitanminh.com\/may-dong-goi\/wp-content\/uploads\/2021\/12\/may-dong-goi-tui-loc-2-lop-han-sieu-am-tmdg-3f5-cktm.mdg-1.jpg\" alt=\"\" width=\"700\" height=\"438\" srcset=\"https:\/\/cokhitanminh.com\/may-dong-goi\/wp-content\/uploads\/2021\/12\/may-dong-goi-tui-loc-2-lop-han-sieu-am-tmdg-3f5-cktm.mdg-1.jpg 700w, https:\/\/cokhitanminh.com\/may-dong-goi\/wp-content\/uploads\/2021\/12\/may-dong-goi-tui-loc-2-lop-han-sieu-am-tmdg-3f5-cktm.mdg-1-300x188.jpg 300w, https:\/\/cokhitanminh.com\/may-dong-goi\/wp-content\/uploads\/2021\/12\/may-dong-goi-tui-loc-2-lop-han-sieu-am-tmdg-3f5-cktm.mdg-1-600x375.jpg 600w\" sizes=\"auto, (max-width: 700px) 100vw, 700px\" \/><\/a><\/p>\n<p><strong>S\u1ea2N PH\u1ea8M \u00c1P D\u1ee4NG<\/strong><\/p>\n<p><em><strong>M\u00e1y \u0111\u00f3ng g\u00f3i t\u00fai l\u1ecdc 2 l\u1edbp h\u00e0n si\u00eau \u00e2m TM\u0110G-3F5\u00a0<\/strong><\/em>\u00e1p d\u1ee5ng \u0111\u00f3ng g\u00f3i s\u1ea3n ph\u1ea9m t\u00fai 2 l\u1edbp d\u00f9ng 1 l\u1ea7n cho c\u00e1c lo\u1ea1i nguy\u00ean li\u1ec7u d\u1ea1ng h\u1ea1t nh\u1ecf nh\u01b0:<\/p>\n<ul>\n<li>Tr\u00e0 l\u00e1 (tr\u00e0 xanh, tr\u00e0 \u0111en, tr\u00e0 \u00f4 long, h\u1ed3ng tr\u00e0)<\/li>\n<li>Tr\u00e0 th\u1ea3o d\u01b0\u1ee3c<\/li>\n<li>Tr\u00e0 c\u00e0 gai leo<\/li>\n<li>Gi\u1ea3o c\u1ed5 lam<\/li>\n<li>Tr\u00e0 thu\u1ed1c<\/li>\n<li>Atiso<\/li>\n<li>C\u00e0 ph\u00ea<\/li>\n<li>Th\u1ef1c ph\u1ea9m ch\u1ee9c n\u0103ng<\/li>\n<li>C\u00e1c lo\u1ea1i tr\u00e0 hoa (tr\u00e0 hoa h\u1ed3ng, tr\u00e0 hoa nh\u00e0i)<\/li>\n<li>\u0110\u00f4ng tr\u00f9ng h\u1ea1 th\u1ea3o d\u1ea1ng v\u1ee5n ng\u00e2m u\u1ed1ng<\/li>\n<li>Nguy\u00ean li\u1ec7u d\u1ea1ng h\u1ea1t nh\u1ecf.<\/li>\n<\/ul>\n<p style=\"text-align: center;\"><a href=\"https:\/\/cokhitanminh.com\/may-dong-goi\/wp-content\/uploads\/2021\/12\/may-dong-goi-tui-loc-2-lop-han-sieu-am-tmdg-3f5-cktm.mdg-4.jpg\"><img loading=\"lazy\" decoding=\"async\" class=\"alignnone size-full wp-image-5378\" src=\"https:\/\/cokhitanminh.com\/may-dong-goi\/wp-content\/uploads\/2021\/12\/may-dong-goi-tui-loc-2-lop-han-sieu-am-tmdg-3f5-cktm.mdg-4.jpg\" alt=\"\" width=\"800\" height=\"480\" srcset=\"https:\/\/cokhitanminh.com\/may-dong-goi\/wp-content\/uploads\/2021\/12\/may-dong-goi-tui-loc-2-lop-han-sieu-am-tmdg-3f5-cktm.mdg-4.jpg 800w, https:\/\/cokhitanminh.com\/may-dong-goi\/wp-content\/uploads\/2021\/12\/may-dong-goi-tui-loc-2-lop-han-sieu-am-tmdg-3f5-cktm.mdg-4-300x180.jpg 300w, https:\/\/cokhitanminh.com\/may-dong-goi\/wp-content\/uploads\/2021\/12\/may-dong-goi-tui-loc-2-lop-han-sieu-am-tmdg-3f5-cktm.mdg-4-768x461.jpg 768w, https:\/\/cokhitanminh.com\/may-dong-goi\/wp-content\/uploads\/2021\/12\/may-dong-goi-tui-loc-2-lop-han-sieu-am-tmdg-3f5-cktm.mdg-4-600x360.jpg 600w\" sizes=\"auto, (max-width: 800px) 100vw, 800px\" \/><\/a><\/p>\n<section data-element_type=\"section\" data-id=\"87a3008\">\u00a0<\/section>\n<section data-element_type=\"section\" data-id=\"9292327\">\u00a0<strong>S\u1ea3n ph\u1ea9m \u0111\u01b0\u1ee3c ch\u1ee9ng nh\u1eadn \u0111\u1ea1t ti\u00eau chu\u1ea9n ch\u00e2u \u00c2u.<\/strong><\/section>\n<section data-element_type=\"section\" data-id=\"9292327\"><a href=\"https:\/\/cokhitanminh.com\/may-dong-goi\/wp-content\/uploads\/2021\/12\/may-dong-goi-tui-loc-2-lop-han-sieu-am-tmdg-3f5-cktm.mdg-2.jpg\"><img loading=\"lazy\" decoding=\"async\" class=\"size-full wp-image-5375 aligncenter\" src=\"https:\/\/cokhitanminh.com\/may-dong-goi\/wp-content\/uploads\/2021\/12\/may-dong-goi-tui-loc-2-lop-han-sieu-am-tmdg-3f5-cktm.mdg-2.jpg\" alt=\"\" width=\"700\" height=\"990\" srcset=\"https:\/\/cokhitanminh.com\/may-dong-goi\/wp-content\/uploads\/2021\/12\/may-dong-goi-tui-loc-2-lop-han-sieu-am-tmdg-3f5-cktm.mdg-2.jpg 700w, https:\/\/cokhitanminh.com\/may-dong-goi\/wp-content\/uploads\/2021\/12\/may-dong-goi-tui-loc-2-lop-han-sieu-am-tmdg-3f5-cktm.mdg-2-212x300.jpg 212w, https:\/\/cokhitanminh.com\/may-dong-goi\/wp-content\/uploads\/2021\/12\/may-dong-goi-tui-loc-2-lop-han-sieu-am-tmdg-3f5-cktm.mdg-2-600x849.jpg 600w\" sizes=\"auto, (max-width: 700px) 100vw, 700px\" \/><\/a><\/section>\n<section data-element_type=\"section\" data-id=\"9292327\"><strong>C\u00c1C T\u00cdNH N\u0102NG<\/strong><\/section>\n<section data-element_type=\"section\" data-id=\"9292327\">\n<section data-element_type=\"section\" data-id=\"bc1de37\">\n<ol>\n<li>B\u1ed9 \u0111i\u1ec1u khi\u1ec3n ti\u1ebfng Vi\u1ec7t d\u1ec5 d\u00e0ng s\u1eed d\u1ee5ng duy nh\u1ea5t ch\u1ec9 c\u00f3 t\u1ea1i\u00a0<strong><em data-rich-text-format-boundary=\"true\">m\u00e1y \u0111\u00f3ng g\u00f3i t\u00fai l\u1ecdc tam gi\u00e1c\u00a0<\/em><\/strong>T\u00e2n Minh<\/li>\n<li>\u0110\u1ecbnh l\u01b0\u1ee3ng c\u00e2n \u0111i\u1ec7n t\u1eed s\u1eed d\u1ee5ng m\u00f4-\u0111un \u0111i\u1ec1u khi\u1ec3n \u0111\u1ed9c l\u1eadp c\u00f3 \u0111\u1ed9 ch\u00ednh x\u00e1c cao, ph\u00f9 h\u1ee3p v\u1edbi nhi\u1ec1u lo\u1ea1i s\u1ea3n ph\u1ea9m kh\u00e1c nhau (c\u00f3 th\u1ec3 l\u1ef1a ch\u1ecdn c\u00e1c ph\u01b0\u01a1ng \u00e1n 4 \u0111\u1ea7u c\u00e2n, 6 \u0111\u1ea7u c\u00e2n ho\u1eb7c 8 \u0111\u1ea7u c\u00e2n)<\/li>\n<li>\u00a0H\u00ecnh th\u1ee9c \u0111\u00f3ng g\u00f3i: T\u00fai 3 bi\u00ean, \u0111\u00f3ng g\u00f3i 2 l\u1edbp<\/li>\n<li>\u00a0T\u00fai ngo\u00e0i s\u1eed d\u1ee5ng ch\u1ea5t li\u1ec7u m\u00e0ng nh\u1ef1a t\u1ed5ng h\u1ee3p (PP, PE), m\u00e0ng m\u1ea1 nh\u00f4m,\u2026<\/li>\n<li>C\u00f3 th\u1ec3 \u0111i\u1ec1u ch\u1ec9nh m\u1ee9c \u0111\u1ecbnh l\u01b0\u1ee3ng s\u1ea3n ph\u1ea9m theo d\u1ea3i c\u1ee7a m\u00e1y<\/li>\n<li>C\u00f3 th\u1ec3 thay \u0111\u1ed5i k\u00edch th\u01b0\u1edbc t\u00fai trong\/ t\u00fai ngo\u00e0i theo y\u00eau c\u1ea7u c\u1ee7a kh\u00e1ch h\u00e0ng<\/li>\n<li>Tr\u00ean m\u00e1y c\u00f3 \u0111\u1ea7y \u0111\u1ee7 \u0111\u00e8n b\u00e1o ch\u1ebf \u0111\u1ed9 ho\u1ea1t \u0111\u1ed9ng<\/li>\n<li>S\u1eed d\u1ee5ng xung \u0111i\u1ec7n t\u1eeb \u0111\u1ec3 c\u1eaft v\u00e0 h\u00e0n, d\u00f9ng s\u00f3ng si\u00eau \u00e2m \u0111\u1ec3 c\u1eaft nhi\u1ec7t<\/li>\n<li>C\u00f3 th\u1ec3 t\u00edch h\u1ee3p m\u00e1y in date \u0111\u1ec3 in h\u1ea1n s\u1eed d\u1ee5ng l\u00ean t\u00fai ngo\u00e0i<\/li>\n<\/ol>\n<p><strong>LINH KI\u1ec6N CH\u00cdNH H\u00c3NG<\/strong><\/p>\n<p>T\u1ea5t c\u1ea3 c\u00e1c linh ki\u1ec7n tr\u00ean m\u00e1y \u0111\u1ec1u \u0111\u01b0\u1ee3c l\u1ef1a ch\u1ecdn, nh\u1eadp kh\u1ea9u ch\u00ednh h\u00e3ng t\u1eeb nh\u1eefng nh\u00e0 cung c\u1ea5p c\u00f3 th\u01b0\u01a1ng hi\u1ec7u uy t\u00edn<\/p>\n<p style=\"text-align: center;\"><a href=\"https:\/\/cokhitanminh.com\/may-dong-goi\/wp-content\/uploads\/2021\/12\/may-dong-goi-tui-loc-2-lop-han-sieu-am-tmdg-3f5-cktm.mdg-5.jpg\"><img loading=\"lazy\" decoding=\"async\" class=\"alignnone size-full wp-image-5379\" src=\"https:\/\/cokhitanminh.com\/may-dong-goi\/wp-content\/uploads\/2021\/12\/may-dong-goi-tui-loc-2-lop-han-sieu-am-tmdg-3f5-cktm.mdg-5.jpg\" alt=\"\" width=\"700\" height=\"509\" srcset=\"https:\/\/cokhitanminh.com\/may-dong-goi\/wp-content\/uploads\/2021\/12\/may-dong-goi-tui-loc-2-lop-han-sieu-am-tmdg-3f5-cktm.mdg-5.jpg 700w, https:\/\/cokhitanminh.com\/may-dong-goi\/wp-content\/uploads\/2021\/12\/may-dong-goi-tui-loc-2-lop-han-sieu-am-tmdg-3f5-cktm.mdg-5-300x218.jpg 300w, https:\/\/cokhitanminh.com\/may-dong-goi\/wp-content\/uploads\/2021\/12\/may-dong-goi-tui-loc-2-lop-han-sieu-am-tmdg-3f5-cktm.mdg-5-600x436.jpg 600w\" sizes=\"auto, (max-width: 700px) 100vw, 700px\" \/><\/a> <a href=\"https:\/\/cokhitanminh.com\/may-dong-goi\/wp-content\/uploads\/2021\/12\/may-dong-goi-tui-loc-2-lop-han-sieu-am-tmdg-3f5-cktm.mdg-6.jpg\"><img loading=\"lazy\" decoding=\"async\" class=\"alignnone size-full wp-image-5380\" src=\"https:\/\/cokhitanminh.com\/may-dong-goi\/wp-content\/uploads\/2021\/12\/may-dong-goi-tui-loc-2-lop-han-sieu-am-tmdg-3f5-cktm.mdg-6.jpg\" alt=\"\" width=\"470\" height=\"800\" srcset=\"https:\/\/cokhitanminh.com\/may-dong-goi\/wp-content\/uploads\/2021\/12\/may-dong-goi-tui-loc-2-lop-han-sieu-am-tmdg-3f5-cktm.mdg-6.jpg 470w, https:\/\/cokhitanminh.com\/may-dong-goi\/wp-content\/uploads\/2021\/12\/may-dong-goi-tui-loc-2-lop-han-sieu-am-tmdg-3f5-cktm.mdg-6-176x300.jpg 176w\" sizes=\"auto, (max-width: 470px) 100vw, 470px\" \/><\/a><\/p>\n<p><strong>TH\u00d4NG S\u1ed0 K\u1ef8 THU\u1eacT<\/strong><\/p>\n<p style=\"text-align: center;\"><img loading=\"lazy\" decoding=\"async\" class=\"alignnone size-full wp-image-8548\" src=\"https:\/\/cokhitanminh.com\/may-dong-goi\/wp-content\/uploads\/2021\/12\/may-dong-goi-tui-loc-2-lop-han-sieu-am-tmdg-3f5.jpg\" alt=\"\" width=\"628\" height=\"378\" srcset=\"https:\/\/cokhitanminh.com\/may-dong-goi\/wp-content\/uploads\/2021\/12\/may-dong-goi-tui-loc-2-lop-han-sieu-am-tmdg-3f5.jpg 628w, https:\/\/cokhitanminh.com\/may-dong-goi\/wp-content\/uploads\/2021\/12\/may-dong-goi-tui-loc-2-lop-han-sieu-am-tmdg-3f5-300x181.jpg 300w, https:\/\/cokhitanminh.com\/may-dong-goi\/wp-content\/uploads\/2021\/12\/may-dong-goi-tui-loc-2-lop-han-sieu-am-tmdg-3f5-600x361.jpg 600w\" sizes=\"auto, (max-width: 628px) 100vw, 628px\" \/><\/p>\n<p>&nbsp;<\/p>\n<p style=\"text-align: center;\"><a href=\"https:\/\/cokhitanminh.com\/may-dong-goi\/wp-content\/uploads\/2021\/12\/may-dong-goi-tui-loc-2-lop-han-sieu-am-tmdg-3f5-cktm.mdg-7.jpg\"><img loading=\"lazy\" decoding=\"async\" class=\"alignnone size-full wp-image-5381\" src=\"https:\/\/cokhitanminh.com\/may-dong-goi\/wp-content\/uploads\/2021\/12\/may-dong-goi-tui-loc-2-lop-han-sieu-am-tmdg-3f5-cktm.mdg-7.jpg\" alt=\"\" width=\"700\" height=\"450\" srcset=\"https:\/\/cokhitanminh.com\/may-dong-goi\/wp-content\/uploads\/2021\/12\/may-dong-goi-tui-loc-2-lop-han-sieu-am-tmdg-3f5-cktm.mdg-7.jpg 700w, https:\/\/cokhitanminh.com\/may-dong-goi\/wp-content\/uploads\/2021\/12\/may-dong-goi-tui-loc-2-lop-han-sieu-am-tmdg-3f5-cktm.mdg-7-300x193.jpg 300w, https:\/\/cokhitanminh.com\/may-dong-goi\/wp-content\/uploads\/2021\/12\/may-dong-goi-tui-loc-2-lop-han-sieu-am-tmdg-3f5-cktm.mdg-7-600x386.jpg 600w\" sizes=\"auto, (max-width: 700px) 100vw, 700px\" \/><\/a><\/p>\n<p>&nbsp;<\/p>\n<\/section>\n<\/section>\n","protected":false},"excerpt":{"rendered":"<p>M\u00e1y \u0111\u00f3ng g\u00f3i t\u00fai l\u1ecdc 2 l\u1edbp h\u00e0n si\u00eau \u00e2m (c\u00e2n \u0111i\u1ec7n t\u1eed 4 \u0111\u1ea7u) TM\u0110G-3F5\u00a0 M\u00e1y \u0111\u00f3ng g\u00f3i t\u00fai l\u1ecdc 2 l\u1edbp h\u00e0n si\u00eau \u00e2m TM\u0110G-3F5\u00a0l\u00e0 tinh hoa k\u1ebft h\u1ee3p c\u1ee7a \u0111\u1ed9i ng\u0169 k\u0129 s\u01b0 c\u00f4ng ty c\u1ed5 ph\u1ea7n C\u01a1 Kh\u00ed T\u00e2n Minh c\u00f9ng \u0111\u1ed9i ng\u0169 chuy\u00ean gia h\u00e0ng \u0111\u1ea7u v\u1ec1 l\u0129nh v\u1ef1c m\u00e1y &#8230;<\/p>\n","protected":false},"featured_media":5376,"comment_status":"open","ping_status":"closed","template":"","meta":[],"class_list":{"0":"post-3661","1":"product","2":"type-product","3":"status-publish","4":"has-post-thumbnail","6":"product_cat-may-dong-goi-dang-tui-dang-bao","8":"first","9":"instock","10":"shipping-taxable","11":"purchasable","12":"product-type-simple"},"brands":[],"yoast_head":"<!-- This site is optimized with the Yoast SEO plugin v17.6 - https:\/\/yoast.com\/wordpress\/plugins\/seo\/ -->\n<title>M\u00c1Y \u0110\u00d3NG G\u00d3I T\u00daI L\u1eccC 2 L\u1edaP H\u00c0N SI\u00caU \u00c2M TM\u0110G-3F5 - M\u00c1Y \u0110\u00d3NG G\u00d3I T\u00c2N MINH M\u00e1y \u0111\u00f3ng g\u00f3i t\u00fai l\u1ecdc 2 l\u1edbp h\u00e0n si\u00eau \u00e2m TM\u0110G-3F5<\/title>\n<meta name=\"description\" content=\"M\u00e1y \u0111\u00f3ng g\u00f3i t\u00fai l\u1ecdc 2 l\u1edbp h\u00e0n si\u00eau \u00e2m TM\u0110G-3F5. Chi ti\u1ebft xin vui l\u00f2ng li\u00ean h\u1ec7 Hotline 1: 1900 2861 - Hotline 2: 09 67 68 69 11 \u0110\u1ec3 \u0111\u01b0\u1ee3c t\u01b0 v\u1ea5n ho\u00e0n to\u00e0n mi\u1ec5n ph\u00ed!\" \/>\n<meta name=\"robots\" content=\"index, follow, max-snippet:-1, max-image-preview:large, max-video-preview:-1\" \/>\n<link rel=\"canonical\" href=\"https:\/\/cokhitanminh.com\/may-dong-goi\/may-dong-goi-tui-loc-2-lop-han-sieu-am-tmdg-3f5\/\" \/>\n<meta property=\"og:locale\" content=\"vi_VN\" \/>\n<meta property=\"og:type\" content=\"article\" \/>\n<meta property=\"og:title\" content=\"M\u00c1Y \u0110\u00d3NG G\u00d3I T\u00daI L\u1eccC 2 L\u1edaP H\u00c0N SI\u00caU \u00c2M TM\u0110G-3F5 - M\u00c1Y \u0110\u00d3NG G\u00d3I T\u00c2N MINH M\u00e1y \u0111\u00f3ng g\u00f3i t\u00fai l\u1ecdc 2 l\u1edbp h\u00e0n si\u00eau \u00e2m TM\u0110G-3F5\" \/>\n<meta property=\"og:description\" content=\"M\u00e1y \u0111\u00f3ng g\u00f3i t\u00fai l\u1ecdc 2 l\u1edbp h\u00e0n si\u00eau \u00e2m TM\u0110G-3F5. Chi ti\u1ebft xin vui l\u00f2ng li\u00ean h\u1ec7 Hotline 1: 1900 2861 - Hotline 2: 09 67 68 69 11 \u0110\u1ec3 \u0111\u01b0\u1ee3c t\u01b0 v\u1ea5n ho\u00e0n to\u00e0n mi\u1ec5n ph\u00ed!\" \/>\n<meta property=\"og:url\" content=\"https:\/\/cokhitanminh.com\/may-dong-goi\/may-dong-goi-tui-loc-2-lop-han-sieu-am-tmdg-3f5\/\" \/>\n<meta property=\"og:site_name\" content=\"M\u00c1Y \u0110\u00d3NG G\u00d3I T\u00c2N MINH\" \/>\n<meta property=\"article:modified_time\" content=\"2023-02-10T04:44:36+00:00\" \/>\n<meta property=\"og:image\" content=\"https:\/\/cokhitanminh.com\/may-dong-goi\/wp-content\/uploads\/2021\/12\/may-dong-goi-tui-loc-2-lop-han-sieu-am-tmdg-3f5-cktm.mdg-3.jpg\" \/>\n\t<meta property=\"og:image:width\" content=\"550\" \/>\n\t<meta property=\"og:image:height\" content=\"550\" \/>\n<meta name=\"twitter:card\" content=\"summary_large_image\" \/>\n<meta name=\"twitter:label1\" content=\"\u01af\u1edbc t\u00ednh th\u1eddi gian \u0111\u1ecdc\" \/>\n\t<meta name=\"twitter:data1\" content=\"5 ph\u00fat\" \/>\n<script type=\"application\/ld+json\" class=\"yoast-schema-graph\">{\"@context\":\"https:\/\/schema.org\",\"@graph\":[{\"@type\":\"WebSite\",\"@id\":\"https:\/\/cokhitanminh.com\/may-dong-goi\/#website\",\"url\":\"https:\/\/cokhitanminh.com\/may-dong-goi\/\",\"name\":\"M\\u00c1Y \\u0110\\u00d3NG G\\u00d3I T\\u00c2N MINH\",\"description\":\"Chuy\\u00ean gia m\\u00e1y \\u0111\\u00f3ng g\\u00f3i\",\"potentialAction\":[{\"@type\":\"SearchAction\",\"target\":{\"@type\":\"EntryPoint\",\"urlTemplate\":\"https:\/\/cokhitanminh.com\/may-dong-goi\/?s={search_term_string}\"},\"query-input\":\"required name=search_term_string\"}],\"inLanguage\":\"vi\"},{\"@type\":\"ImageObject\",\"@id\":\"https:\/\/cokhitanminh.com\/may-dong-goi\/may-dong-goi-tui-loc-2-lop-han-sieu-am-tmdg-3f5\/#primaryimage\",\"inLanguage\":\"vi\",\"url\":\"https:\/\/cokhitanminh.com\/may-dong-goi\/wp-content\/uploads\/2021\/12\/may-dong-goi-tui-loc-2-lop-han-sieu-am-tmdg-3f5-cktm.mdg-3.jpg\",\"contentUrl\":\"https:\/\/cokhitanminh.com\/may-dong-goi\/wp-content\/uploads\/2021\/12\/may-dong-goi-tui-loc-2-lop-han-sieu-am-tmdg-3f5-cktm.mdg-3.jpg\",\"width\":550,\"height\":550},{\"@type\":\"WebPage\",\"@id\":\"https:\/\/cokhitanminh.com\/may-dong-goi\/may-dong-goi-tui-loc-2-lop-han-sieu-am-tmdg-3f5\/#webpage\",\"url\":\"https:\/\/cokhitanminh.com\/may-dong-goi\/may-dong-goi-tui-loc-2-lop-han-sieu-am-tmdg-3f5\/\",\"name\":\"M\\u00c1Y \\u0110\\u00d3NG G\\u00d3I T\\u00daI L\\u1eccC 2 L\\u1edaP H\\u00c0N SI\\u00caU \\u00c2M TM\\u0110G-3F5 - M\\u00c1Y \\u0110\\u00d3NG G\\u00d3I T\\u00c2N MINH M\\u00e1y \\u0111\\u00f3ng g\\u00f3i t\\u00fai l\\u1ecdc 2 l\\u1edbp h\\u00e0n si\\u00eau \\u00e2m TM\\u0110G-3F5\",\"isPartOf\":{\"@id\":\"https:\/\/cokhitanminh.com\/may-dong-goi\/#website\"},\"primaryImageOfPage\":{\"@id\":\"https:\/\/cokhitanminh.com\/may-dong-goi\/may-dong-goi-tui-loc-2-lop-han-sieu-am-tmdg-3f5\/#primaryimage\"},\"datePublished\":\"2021-12-04T04:02:36+00:00\",\"dateModified\":\"2023-02-10T04:44:36+00:00\",\"description\":\"M\\u00e1y \\u0111\\u00f3ng g\\u00f3i t\\u00fai l\\u1ecdc 2 l\\u1edbp h\\u00e0n si\\u00eau \\u00e2m TM\\u0110G-3F5. Chi ti\\u1ebft xin vui l\\u00f2ng li\\u00ean h\\u1ec7 Hotline 1: 1900 2861 - Hotline 2: 09 67 68 69 11 \\u0110\\u1ec3 \\u0111\\u01b0\\u1ee3c t\\u01b0 v\\u1ea5n ho\\u00e0n to\\u00e0n mi\\u1ec5n ph\\u00ed!\",\"breadcrumb\":{\"@id\":\"https:\/\/cokhitanminh.com\/may-dong-goi\/may-dong-goi-tui-loc-2-lop-han-sieu-am-tmdg-3f5\/#breadcrumb\"},\"inLanguage\":\"vi\",\"potentialAction\":[{\"@type\":\"ReadAction\",\"target\":[\"https:\/\/cokhitanminh.com\/may-dong-goi\/may-dong-goi-tui-loc-2-lop-han-sieu-am-tmdg-3f5\/\"]}]},{\"@type\":\"BreadcrumbList\",\"@id\":\"https:\/\/cokhitanminh.com\/may-dong-goi\/may-dong-goi-tui-loc-2-lop-han-sieu-am-tmdg-3f5\/#breadcrumb\",\"itemListElement\":[{\"@type\":\"ListItem\",\"position\":1,\"name\":\"Trang ch\\u1ee7\",\"item\":\"https:\/\/cokhitanminh.com\/may-dong-goi\/\"},{\"@type\":\"ListItem\",\"position\":2,\"name\":\"C\\u1eeda h\\u00e0ng\",\"item\":\"https:\/\/cokhitanminh.com\/may-dong-goi\/mua\/\"},{\"@type\":\"ListItem\",\"position\":3,\"name\":\"M\\u00c1Y \\u0110\\u00d3NG G\\u00d3I T\\u00daI L\\u1eccC 2 L\\u1edaP H\\u00c0N SI\\u00caU \\u00c2M TM\\u0110G-3F5\"}]}]}<\/script>\n<!-- \/ Yoast SEO plugin. -->","yoast_head_json":{"title":"M\u00c1Y \u0110\u00d3NG G\u00d3I T\u00daI L\u1eccC 2 L\u1edaP H\u00c0N SI\u00caU \u00c2M TM\u0110G-3F5 - M\u00c1Y \u0110\u00d3NG G\u00d3I T\u00c2N MINH M\u00e1y \u0111\u00f3ng g\u00f3i t\u00fai l\u1ecdc 2 l\u1edbp h\u00e0n si\u00eau \u00e2m TM\u0110G-3F5","description":"M\u00e1y \u0111\u00f3ng g\u00f3i t\u00fai l\u1ecdc 2 l\u1edbp h\u00e0n si\u00eau \u00e2m TM\u0110G-3F5. Chi ti\u1ebft xin vui l\u00f2ng li\u00ean h\u1ec7 Hotline 1: 1900 2861 - Hotline 2: 09 67 68 69 11 \u0110\u1ec3 \u0111\u01b0\u1ee3c t\u01b0 v\u1ea5n ho\u00e0n to\u00e0n mi\u1ec5n ph\u00ed!","robots":{"index":"index","follow":"follow","max-snippet":"max-snippet:-1","max-image-preview":"max-image-preview:large","max-video-preview":"max-video-preview:-1"},"canonical":"https:\/\/cokhitanminh.com\/may-dong-goi\/may-dong-goi-tui-loc-2-lop-han-sieu-am-tmdg-3f5\/","og_locale":"vi_VN","og_type":"article","og_title":"M\u00c1Y \u0110\u00d3NG G\u00d3I T\u00daI L\u1eccC 2 L\u1edaP H\u00c0N SI\u00caU \u00c2M TM\u0110G-3F5 - M\u00c1Y \u0110\u00d3NG G\u00d3I T\u00c2N MINH M\u00e1y \u0111\u00f3ng g\u00f3i t\u00fai l\u1ecdc 2 l\u1edbp h\u00e0n si\u00eau \u00e2m TM\u0110G-3F5","og_description":"M\u00e1y \u0111\u00f3ng g\u00f3i t\u00fai l\u1ecdc 2 l\u1edbp h\u00e0n si\u00eau \u00e2m TM\u0110G-3F5. Chi ti\u1ebft xin vui l\u00f2ng li\u00ean h\u1ec7 Hotline 1: 1900 2861 - Hotline 2: 09 67 68 69 11 \u0110\u1ec3 \u0111\u01b0\u1ee3c t\u01b0 v\u1ea5n ho\u00e0n to\u00e0n mi\u1ec5n ph\u00ed!","og_url":"https:\/\/cokhitanminh.com\/may-dong-goi\/may-dong-goi-tui-loc-2-lop-han-sieu-am-tmdg-3f5\/","og_site_name":"M\u00c1Y \u0110\u00d3NG G\u00d3I T\u00c2N MINH","article_modified_time":"2023-02-10T04:44:36+00:00","og_image":[{"width":550,"height":550,"url":"https:\/\/cokhitanminh.com\/may-dong-goi\/wp-content\/uploads\/2021\/12\/may-dong-goi-tui-loc-2-lop-han-sieu-am-tmdg-3f5-cktm.mdg-3.jpg","type":"image\/jpeg"}],"twitter_card":"summary_large_image","twitter_misc":{"\u01af\u1edbc t\u00ednh th\u1eddi gian \u0111\u1ecdc":"5 ph\u00fat"},"schema":{"@context":"https:\/\/schema.org","@graph":[{"@type":"WebSite","@id":"https:\/\/cokhitanminh.com\/may-dong-goi\/#website","url":"https:\/\/cokhitanminh.com\/may-dong-goi\/","name":"M\u00c1Y \u0110\u00d3NG G\u00d3I T\u00c2N MINH","description":"Chuy\u00ean gia m\u00e1y \u0111\u00f3ng g\u00f3i","potentialAction":[{"@type":"SearchAction","target":{"@type":"EntryPoint","urlTemplate":"https:\/\/cokhitanminh.com\/may-dong-goi\/?s={search_term_string}"},"query-input":"required name=search_term_string"}],"inLanguage":"vi"},{"@type":"ImageObject","@id":"https:\/\/cokhitanminh.com\/may-dong-goi\/may-dong-goi-tui-loc-2-lop-han-sieu-am-tmdg-3f5\/#primaryimage","inLanguage":"vi","url":"https:\/\/cokhitanminh.com\/may-dong-goi\/wp-content\/uploads\/2021\/12\/may-dong-goi-tui-loc-2-lop-han-sieu-am-tmdg-3f5-cktm.mdg-3.jpg","contentUrl":"https:\/\/cokhitanminh.com\/may-dong-goi\/wp-content\/uploads\/2021\/12\/may-dong-goi-tui-loc-2-lop-han-sieu-am-tmdg-3f5-cktm.mdg-3.jpg","width":550,"height":550},{"@type":"WebPage","@id":"https:\/\/cokhitanminh.com\/may-dong-goi\/may-dong-goi-tui-loc-2-lop-han-sieu-am-tmdg-3f5\/#webpage","url":"https:\/\/cokhitanminh.com\/may-dong-goi\/may-dong-goi-tui-loc-2-lop-han-sieu-am-tmdg-3f5\/","name":"M\u00c1Y \u0110\u00d3NG G\u00d3I T\u00daI L\u1eccC 2 L\u1edaP H\u00c0N SI\u00caU \u00c2M TM\u0110G-3F5 - M\u00c1Y \u0110\u00d3NG G\u00d3I T\u00c2N MINH M\u00e1y \u0111\u00f3ng g\u00f3i t\u00fai l\u1ecdc 2 l\u1edbp h\u00e0n si\u00eau \u00e2m TM\u0110G-3F5","isPartOf":{"@id":"https:\/\/cokhitanminh.com\/may-dong-goi\/#website"},"primaryImageOfPage":{"@id":"https:\/\/cokhitanminh.com\/may-dong-goi\/may-dong-goi-tui-loc-2-lop-han-sieu-am-tmdg-3f5\/#primaryimage"},"datePublished":"2021-12-04T04:02:36+00:00","dateModified":"2023-02-10T04:44:36+00:00","description":"M\u00e1y \u0111\u00f3ng g\u00f3i t\u00fai l\u1ecdc 2 l\u1edbp h\u00e0n si\u00eau \u00e2m TM\u0110G-3F5. Chi ti\u1ebft xin vui l\u00f2ng li\u00ean h\u1ec7 Hotline 1: 1900 2861 - Hotline 2: 09 67 68 69 11 \u0110\u1ec3 \u0111\u01b0\u1ee3c t\u01b0 v\u1ea5n ho\u00e0n to\u00e0n mi\u1ec5n ph\u00ed!","breadcrumb":{"@id":"https:\/\/cokhitanminh.com\/may-dong-goi\/may-dong-goi-tui-loc-2-lop-han-sieu-am-tmdg-3f5\/#breadcrumb"},"inLanguage":"vi","potentialAction":[{"@type":"ReadAction","target":["https:\/\/cokhitanminh.com\/may-dong-goi\/may-dong-goi-tui-loc-2-lop-han-sieu-am-tmdg-3f5\/"]}]},{"@type":"BreadcrumbList","@id":"https:\/\/cokhitanminh.com\/may-dong-goi\/may-dong-goi-tui-loc-2-lop-han-sieu-am-tmdg-3f5\/#breadcrumb","itemListElement":[{"@type":"ListItem","position":1,"name":"Trang ch\u1ee7","item":"https:\/\/cokhitanminh.com\/may-dong-goi\/"},{"@type":"ListItem","position":2,"name":"C\u1eeda h\u00e0ng","item":"https:\/\/cokhitanminh.com\/may-dong-goi\/mua\/"},{"@type":"ListItem","position":3,"name":"M\u00c1Y \u0110\u00d3NG G\u00d3I T\u00daI L\u1eccC 2 L\u1edaP H\u00c0N SI\u00caU \u00c2M TM\u0110G-3F5"}]}]}},"_links":{"self":[{"href":"https:\/\/cokhitanminh.com\/may-dong-goi\/wp-json\/wp\/v2\/product\/3661","targetHints":{"allow":["GET"]}}],"collection":[{"href":"https:\/\/cokhitanminh.com\/may-dong-goi\/wp-json\/wp\/v2\/product"}],"about":[{"href":"https:\/\/cokhitanminh.com\/may-dong-goi\/wp-json\/wp\/v2\/types\/product"}],"replies":[{"embeddable":true,"href":"https:\/\/cokhitanminh.com\/may-dong-goi\/wp-json\/wp\/v2\/comments?post=3661"}],"wp:featuredmedia":[{"embeddable":true,"href":"https:\/\/cokhitanminh.com\/may-dong-goi\/wp-json\/wp\/v2\/media\/5376"}],"wp:attachment":[{"href":"https:\/\/cokhitanminh.com\/may-dong-goi\/wp-json\/wp\/v2\/media?parent=3661"}],"curies":[{"name":"wp","href":"https:\/\/api.w.org\/{rel}","templated":true}]}}