{"id":3644,"date":"2021-12-04T04:02:08","date_gmt":"2021-12-04T04:02:08","guid":{"rendered":"https:\/\/cokhitanminh.com\/may-dong-goi\/?post_type=product&#038;p=3644"},"modified":"2021-12-21T02:38:23","modified_gmt":"2021-12-21T02:38:23","slug":"may-dong-goi-can-die%cc%a3n-tu%cc%89-tu%cc%a3-do%cc%a3ng-tmdg-5f9","status":"publish","type":"product","link":"https:\/\/cokhitanminh.com\/may-dong-goi\/may-dong-goi-can-die%cc%a3n-tu%cc%89-tu%cc%a3-do%cc%a3ng-tmdg-5f9\/","title":{"rendered":"Ma\u0301y \u0111o\u0301ng go\u0301i c\u00e2n \u0111i\u00ea\u0323n t\u01b0\u0309 t\u01b0\u0323 \u0111\u00f4\u0323ng TM\u0110G-5F9"},"content":{"rendered":"<p><em><a href=\"https:\/\/cokhitanminh.com\/may-dong-goi\/may-dong-goi-can-die%cc%a3n-tu%cc%89-tu%cc%a3-do%cc%a3ng-tmdg-5f9\/\"><strong>Ma\u0301y \u0111o\u0301ng go\u0301i c\u00e2n \u0111i\u00ea\u0323n t\u01b0\u0309 t\u01b0\u0323 \u0111\u00f4\u0323ng<\/strong><\/a>\u00a0<\/em>TM\u0110G-5F9 \u0111\u01b0\u1ee3c C\u00f4ng Ty C\u01a1 Kh\u00ed T\u00e2n Minh s\u1ea3n xu\u1ea5t v\u00e0 ph\u00e2n ph\u1ed1i tr\u00ean to\u00e0n qu\u1ed1c. M\u00e1y \u0111\u01b0\u1ee3c \u1ee9ng d\u1ee5ng trong l\u0129nh v\u1ef1c\u00a0<strong>M\u00e1y \u0110\u00f3ng G\u00f3i<\/strong>. C\u00e1c s\u1ea3n ph\u1ea9m c\u1ee7a ch\u00fang t\u00f4i \u0111\u1ec1u \u0111\u01b0\u1ee3c ki\u1ec3m tra k\u1ef9 l\u01b0\u1ee1ng v\u00e0 v\u1eadn h\u00e0nh th\u1ef1c t\u1ebf \u0111\u1ec3 lu\u00f4n \u0111\u1ea3m b\u1ea3o ch\u1ea5t l\u01b0\u1ee3ng t\u1ed1t nh\u1ea5t tr\u01b0\u1edbc khi b\u00e0n giao thi\u1ebft b\u1ecb cho kh\u00e1ch h\u00e0ng.<\/p>\n<p><a href=\"https:\/\/cokhitanminh.com\/may-dong-goi\/wp-content\/uploads\/2021\/12\/may-dong-goi-can-dien-tu-tu-dong-tmdg-5f9-ckmdg-1.png\"><img loading=\"lazy\" decoding=\"async\" class=\"size-large wp-image-5322 aligncenter\" src=\"https:\/\/cokhitanminh.com\/may-dong-goi\/wp-content\/uploads\/2021\/12\/may-dong-goi-can-dien-tu-tu-dong-tmdg-5f9-ckmdg-1.png\" alt=\"\" width=\"600\" height=\"280\" srcset=\"https:\/\/cokhitanminh.com\/may-dong-goi\/wp-content\/uploads\/2021\/12\/may-dong-goi-can-dien-tu-tu-dong-tmdg-5f9-ckmdg-1.png 600w, https:\/\/cokhitanminh.com\/may-dong-goi\/wp-content\/uploads\/2021\/12\/may-dong-goi-can-dien-tu-tu-dong-tmdg-5f9-ckmdg-1-300x140.png 300w\" sizes=\"auto, (max-width: 600px) 100vw, 600px\" \/><\/a> <a href=\"https:\/\/cokhitanminh.com\/may-dong-goi\/wp-content\/uploads\/2021\/12\/may-dong-goi-can-dien-tu-tu-dong-tmdg-5f9-ckmdg-3.jpg\"><img loading=\"lazy\" decoding=\"async\" class=\"size-large wp-image-5325 aligncenter\" src=\"https:\/\/cokhitanminh.com\/may-dong-goi\/wp-content\/uploads\/2021\/12\/may-dong-goi-can-dien-tu-tu-dong-tmdg-5f9-ckmdg-3.jpg\" alt=\"\" width=\"550\" height=\"550\" srcset=\"https:\/\/cokhitanminh.com\/may-dong-goi\/wp-content\/uploads\/2021\/12\/may-dong-goi-can-dien-tu-tu-dong-tmdg-5f9-ckmdg-3.jpg 550w, https:\/\/cokhitanminh.com\/may-dong-goi\/wp-content\/uploads\/2021\/12\/may-dong-goi-can-dien-tu-tu-dong-tmdg-5f9-ckmdg-3-300x300.jpg 300w, https:\/\/cokhitanminh.com\/may-dong-goi\/wp-content\/uploads\/2021\/12\/may-dong-goi-can-dien-tu-tu-dong-tmdg-5f9-ckmdg-3-150x150.jpg 150w, https:\/\/cokhitanminh.com\/may-dong-goi\/wp-content\/uploads\/2021\/12\/may-dong-goi-can-dien-tu-tu-dong-tmdg-5f9-ckmdg-3-100x100.jpg 100w\" sizes=\"auto, (max-width: 550px) 100vw, 550px\" \/><\/a> <a href=\"https:\/\/cokhitanminh.com\/may-dong-goi\/wp-content\/uploads\/2021\/12\/may-dong-goi-can-dien-tu-tu-dong-tmdg-5f9-ckmdg-4.jpg\"><img loading=\"lazy\" decoding=\"async\" class=\"size-large wp-image-5326 aligncenter\" src=\"https:\/\/cokhitanminh.com\/may-dong-goi\/wp-content\/uploads\/2021\/12\/may-dong-goi-can-dien-tu-tu-dong-tmdg-5f9-ckmdg-4.jpg\" alt=\"\" width=\"550\" height=\"550\" srcset=\"https:\/\/cokhitanminh.com\/may-dong-goi\/wp-content\/uploads\/2021\/12\/may-dong-goi-can-dien-tu-tu-dong-tmdg-5f9-ckmdg-4.jpg 550w, https:\/\/cokhitanminh.com\/may-dong-goi\/wp-content\/uploads\/2021\/12\/may-dong-goi-can-dien-tu-tu-dong-tmdg-5f9-ckmdg-4-300x300.jpg 300w, https:\/\/cokhitanminh.com\/may-dong-goi\/wp-content\/uploads\/2021\/12\/may-dong-goi-can-dien-tu-tu-dong-tmdg-5f9-ckmdg-4-150x150.jpg 150w, https:\/\/cokhitanminh.com\/may-dong-goi\/wp-content\/uploads\/2021\/12\/may-dong-goi-can-dien-tu-tu-dong-tmdg-5f9-ckmdg-4-100x100.jpg 100w\" sizes=\"auto, (max-width: 550px) 100vw, 550px\" \/><\/a> <a href=\"https:\/\/cokhitanminh.com\/may-dong-goi\/wp-content\/uploads\/2021\/12\/may-dong-goi-can-dien-tu-tu-dong-tmdg-5f9-ckmdg-5.jpg\"><img loading=\"lazy\" decoding=\"async\" class=\"size-large wp-image-5327 aligncenter\" src=\"https:\/\/cokhitanminh.com\/may-dong-goi\/wp-content\/uploads\/2021\/12\/may-dong-goi-can-dien-tu-tu-dong-tmdg-5f9-ckmdg-5.jpg\" alt=\"\" width=\"550\" height=\"550\" srcset=\"https:\/\/cokhitanminh.com\/may-dong-goi\/wp-content\/uploads\/2021\/12\/may-dong-goi-can-dien-tu-tu-dong-tmdg-5f9-ckmdg-5.jpg 550w, https:\/\/cokhitanminh.com\/may-dong-goi\/wp-content\/uploads\/2021\/12\/may-dong-goi-can-dien-tu-tu-dong-tmdg-5f9-ckmdg-5-300x300.jpg 300w, https:\/\/cokhitanminh.com\/may-dong-goi\/wp-content\/uploads\/2021\/12\/may-dong-goi-can-dien-tu-tu-dong-tmdg-5f9-ckmdg-5-150x150.jpg 150w, https:\/\/cokhitanminh.com\/may-dong-goi\/wp-content\/uploads\/2021\/12\/may-dong-goi-can-dien-tu-tu-dong-tmdg-5f9-ckmdg-5-100x100.jpg 100w\" sizes=\"auto, (max-width: 550px) 100vw, 550px\" \/><\/a> <a href=\"https:\/\/cokhitanminh.com\/may-dong-goi\/wp-content\/uploads\/2021\/12\/may-dong-goi-can-dien-tu-tu-dong-tmdg-5f9-ckmdg-6.jpg\"><img loading=\"lazy\" decoding=\"async\" class=\"size-full wp-image-5328 aligncenter\" src=\"https:\/\/cokhitanminh.com\/may-dong-goi\/wp-content\/uploads\/2021\/12\/may-dong-goi-can-dien-tu-tu-dong-tmdg-5f9-ckmdg-6.jpg\" alt=\"\" width=\"550\" height=\"550\" srcset=\"https:\/\/cokhitanminh.com\/may-dong-goi\/wp-content\/uploads\/2021\/12\/may-dong-goi-can-dien-tu-tu-dong-tmdg-5f9-ckmdg-6.jpg 550w, https:\/\/cokhitanminh.com\/may-dong-goi\/wp-content\/uploads\/2021\/12\/may-dong-goi-can-dien-tu-tu-dong-tmdg-5f9-ckmdg-6-300x300.jpg 300w, https:\/\/cokhitanminh.com\/may-dong-goi\/wp-content\/uploads\/2021\/12\/may-dong-goi-can-dien-tu-tu-dong-tmdg-5f9-ckmdg-6-150x150.jpg 150w, https:\/\/cokhitanminh.com\/may-dong-goi\/wp-content\/uploads\/2021\/12\/may-dong-goi-can-dien-tu-tu-dong-tmdg-5f9-ckmdg-6-100x100.jpg 100w\" sizes=\"auto, (max-width: 550px) 100vw, 550px\" \/><\/a><\/p>\n<p><strong>Th\u00f4ng s\u1ed1 k\u1ef9 thu\u1eadt:<\/strong><\/p>\n<p><a href=\"https:\/\/cokhitanminh.com\/may-dong-goi\/wp-content\/uploads\/2021\/12\/may-dong-goi-can-dien-tu-tu-dong-tmdg-5f9-ckmdg-2.jpg\"><img loading=\"lazy\" decoding=\"async\" class=\"size-large wp-image-5324 aligncenter\" src=\"https:\/\/cokhitanminh.com\/may-dong-goi\/wp-content\/uploads\/2021\/12\/may-dong-goi-can-dien-tu-tu-dong-tmdg-5f9-ckmdg-2.jpg\" alt=\"\" width=\"600\" height=\"351\" srcset=\"https:\/\/cokhitanminh.com\/may-dong-goi\/wp-content\/uploads\/2021\/12\/may-dong-goi-can-dien-tu-tu-dong-tmdg-5f9-ckmdg-2.jpg 600w, https:\/\/cokhitanminh.com\/may-dong-goi\/wp-content\/uploads\/2021\/12\/may-dong-goi-can-dien-tu-tu-dong-tmdg-5f9-ckmdg-2-300x176.jpg 300w\" sizes=\"auto, (max-width: 600px) 100vw, 600px\" \/><\/a><\/p>\n<p>Xem th\u00eam:\u00a0<em><strong>Ma\u0301y \u0111o\u0301ng go\u0301i c\u00e2n \u0111i\u00ea\u0323n t\u01b0\u0309 t\u01b0\u0323 \u0111\u00f4\u0323ng<\/strong>\u00a0<\/em>TM\u0110G-5F9<\/p>\n","protected":false},"excerpt":{"rendered":"<p>Ma\u0301y \u0111o\u0301ng go\u0301i c\u00e2n \u0111i\u00ea\u0323n t\u01b0\u0309 t\u01b0\u0323 \u0111\u00f4\u0323ng\u00a0TM\u0110G-5F9 \u0111\u01b0\u1ee3c C\u00f4ng Ty C\u01a1 Kh\u00ed T\u00e2n Minh s\u1ea3n xu\u1ea5t v\u00e0 ph\u00e2n ph\u1ed1i tr\u00ean to\u00e0n qu\u1ed1c. M\u00e1y \u0111\u01b0\u1ee3c \u1ee9ng d\u1ee5ng trong l\u0129nh v\u1ef1c\u00a0M\u00e1y \u0110\u00f3ng G\u00f3i. C\u00e1c s\u1ea3n ph\u1ea9m c\u1ee7a ch\u00fang t\u00f4i \u0111\u1ec1u \u0111\u01b0\u1ee3c ki\u1ec3m tra k\u1ef9 l\u01b0\u1ee1ng v\u00e0 v\u1eadn h\u00e0nh th\u1ef1c t\u1ebf \u0111\u1ec3 lu\u00f4n \u0111\u1ea3m b\u1ea3o ch\u1ea5t l\u01b0\u1ee3ng &#8230;<\/p>\n","protected":false},"featured_media":5321,"comment_status":"open","ping_status":"closed","template":"","meta":[],"class_list":{"0":"post-3644","1":"product","2":"type-product","3":"status-publish","4":"has-post-thumbnail","6":"product_cat-may-dong-goi-dang-tui-dang-bao","8":"first","9":"instock","10":"shipping-taxable","11":"purchasable","12":"product-type-simple"},"brands":[],"yoast_head":"<!-- This site is optimized with the Yoast SEO plugin v17.6 - https:\/\/yoast.com\/wordpress\/plugins\/seo\/ -->\n<title>Ma\u0301y \u0111o\u0301ng go\u0301i c\u00e2n \u0111i\u00ea\u0323n t\u01b0\u0309 t\u01b0\u0323 \u0111\u00f4\u0323ng TM\u0110G-5F9 - M\u00c1Y \u0110\u00d3NG G\u00d3I T\u00c2N MINH<\/title>\n<meta name=\"description\" content=\"Ma\u0301y \u0111o\u0301ng go\u0301i c\u00e2n \u0111i\u00ea\u0323n t\u01b0\u0309 t\u01b0\u0323 \u0111\u00f4\u0323ng TM\u0110G-5F9 uy t\u00edn ch\u1ea5t l\u01b0\u1ee3ng Li\u00ean h\u1ec7 Hotline 1: 1900 2861 | Hotline 2: 09 67 68 69 11 \u0110\u1ec3 \u0111\u01b0\u1ee3c t\u01b0 v\u1ea5n mi\u1ec5n ph\u00ed!\" \/>\n<meta name=\"robots\" content=\"index, follow, max-snippet:-1, max-image-preview:large, max-video-preview:-1\" \/>\n<link rel=\"canonical\" href=\"https:\/\/cokhitanminh.com\/may-dong-goi\/may-dong-goi-can-die\u0323n-tu\u0309-tu\u0323-do\u0323ng-tmdg-5f9\/\" \/>\n<meta property=\"og:locale\" content=\"vi_VN\" \/>\n<meta property=\"og:type\" content=\"article\" \/>\n<meta property=\"og:title\" content=\"Ma\u0301y \u0111o\u0301ng go\u0301i c\u00e2n \u0111i\u00ea\u0323n t\u01b0\u0309 t\u01b0\u0323 \u0111\u00f4\u0323ng TM\u0110G-5F9 - M\u00c1Y \u0110\u00d3NG G\u00d3I T\u00c2N MINH\" \/>\n<meta property=\"og:description\" content=\"Ma\u0301y \u0111o\u0301ng go\u0301i c\u00e2n \u0111i\u00ea\u0323n t\u01b0\u0309 t\u01b0\u0323 \u0111\u00f4\u0323ng TM\u0110G-5F9 uy t\u00edn ch\u1ea5t l\u01b0\u1ee3ng Li\u00ean h\u1ec7 Hotline 1: 1900 2861 | Hotline 2: 09 67 68 69 11 \u0110\u1ec3 \u0111\u01b0\u1ee3c t\u01b0 v\u1ea5n mi\u1ec5n ph\u00ed!\" \/>\n<meta property=\"og:url\" content=\"https:\/\/cokhitanminh.com\/may-dong-goi\/may-dong-goi-can-die\u0323n-tu\u0309-tu\u0323-do\u0323ng-tmdg-5f9\/\" \/>\n<meta property=\"og:site_name\" content=\"M\u00c1Y \u0110\u00d3NG G\u00d3I T\u00c2N MINH\" \/>\n<meta property=\"article:modified_time\" content=\"2021-12-21T02:38:23+00:00\" \/>\n<meta property=\"og:image\" content=\"https:\/\/cokhitanminh.com\/may-dong-goi\/wp-content\/uploads\/2021\/12\/may-dong-goi-can-dien-tu-tu-dong-tmdg-5f9-ckmdg-1.jpg\" \/>\n\t<meta property=\"og:image:width\" content=\"550\" \/>\n\t<meta property=\"og:image:height\" content=\"550\" \/>\n<meta name=\"twitter:card\" content=\"summary_large_image\" \/>\n<meta name=\"twitter:label1\" content=\"\u01af\u1edbc t\u00ednh th\u1eddi gian \u0111\u1ecdc\" \/>\n\t<meta name=\"twitter:data1\" content=\"2 ph\u00fat\" \/>\n<script type=\"application\/ld+json\" class=\"yoast-schema-graph\">{\"@context\":\"https:\/\/schema.org\",\"@graph\":[{\"@type\":\"WebSite\",\"@id\":\"https:\/\/cokhitanminh.com\/may-dong-goi\/#website\",\"url\":\"https:\/\/cokhitanminh.com\/may-dong-goi\/\",\"name\":\"M\\u00c1Y \\u0110\\u00d3NG G\\u00d3I T\\u00c2N MINH\",\"description\":\"Chuy\\u00ean gia m\\u00e1y \\u0111\\u00f3ng g\\u00f3i\",\"potentialAction\":[{\"@type\":\"SearchAction\",\"target\":{\"@type\":\"EntryPoint\",\"urlTemplate\":\"https:\/\/cokhitanminh.com\/may-dong-goi\/?s={search_term_string}\"},\"query-input\":\"required name=search_term_string\"}],\"inLanguage\":\"vi\"},{\"@type\":\"ImageObject\",\"@id\":\"https:\/\/cokhitanminh.com\/may-dong-goi\/may-dong-goi-can-die%cc%a3n-tu%cc%89-tu%cc%a3-do%cc%a3ng-tmdg-5f9\/#primaryimage\",\"inLanguage\":\"vi\",\"url\":\"https:\/\/cokhitanminh.com\/may-dong-goi\/wp-content\/uploads\/2021\/12\/may-dong-goi-can-dien-tu-tu-dong-tmdg-5f9-ckmdg-1.jpg\",\"contentUrl\":\"https:\/\/cokhitanminh.com\/may-dong-goi\/wp-content\/uploads\/2021\/12\/may-dong-goi-can-dien-tu-tu-dong-tmdg-5f9-ckmdg-1.jpg\",\"width\":550,\"height\":550},{\"@type\":\"WebPage\",\"@id\":\"https:\/\/cokhitanminh.com\/may-dong-goi\/may-dong-goi-can-die%cc%a3n-tu%cc%89-tu%cc%a3-do%cc%a3ng-tmdg-5f9\/#webpage\",\"url\":\"https:\/\/cokhitanminh.com\/may-dong-goi\/may-dong-goi-can-die%cc%a3n-tu%cc%89-tu%cc%a3-do%cc%a3ng-tmdg-5f9\/\",\"name\":\"Ma\\u0301y \\u0111o\\u0301ng go\\u0301i c\\u00e2n \\u0111i\\u00ea\\u0323n t\\u01b0\\u0309 t\\u01b0\\u0323 \\u0111\\u00f4\\u0323ng TM\\u0110G-5F9 - M\\u00c1Y \\u0110\\u00d3NG G\\u00d3I T\\u00c2N MINH\",\"isPartOf\":{\"@id\":\"https:\/\/cokhitanminh.com\/may-dong-goi\/#website\"},\"primaryImageOfPage\":{\"@id\":\"https:\/\/cokhitanminh.com\/may-dong-goi\/may-dong-goi-can-die%cc%a3n-tu%cc%89-tu%cc%a3-do%cc%a3ng-tmdg-5f9\/#primaryimage\"},\"datePublished\":\"2021-12-04T04:02:08+00:00\",\"dateModified\":\"2021-12-21T02:38:23+00:00\",\"description\":\"Ma\\u0301y \\u0111o\\u0301ng go\\u0301i c\\u00e2n \\u0111i\\u00ea\\u0323n t\\u01b0\\u0309 t\\u01b0\\u0323 \\u0111\\u00f4\\u0323ng TM\\u0110G-5F9 uy t\\u00edn ch\\u1ea5t l\\u01b0\\u1ee3ng Li\\u00ean h\\u1ec7 Hotline 1: 1900 2861 | Hotline 2: 09 67 68 69 11 \\u0110\\u1ec3 \\u0111\\u01b0\\u1ee3c t\\u01b0 v\\u1ea5n mi\\u1ec5n ph\\u00ed!\",\"breadcrumb\":{\"@id\":\"https:\/\/cokhitanminh.com\/may-dong-goi\/may-dong-goi-can-die%cc%a3n-tu%cc%89-tu%cc%a3-do%cc%a3ng-tmdg-5f9\/#breadcrumb\"},\"inLanguage\":\"vi\",\"potentialAction\":[{\"@type\":\"ReadAction\",\"target\":[\"https:\/\/cokhitanminh.com\/may-dong-goi\/may-dong-goi-can-die%cc%a3n-tu%cc%89-tu%cc%a3-do%cc%a3ng-tmdg-5f9\/\"]}]},{\"@type\":\"BreadcrumbList\",\"@id\":\"https:\/\/cokhitanminh.com\/may-dong-goi\/may-dong-goi-can-die%cc%a3n-tu%cc%89-tu%cc%a3-do%cc%a3ng-tmdg-5f9\/#breadcrumb\",\"itemListElement\":[{\"@type\":\"ListItem\",\"position\":1,\"name\":\"Trang ch\\u1ee7\",\"item\":\"https:\/\/cokhitanminh.com\/may-dong-goi\/\"},{\"@type\":\"ListItem\",\"position\":2,\"name\":\"C\\u1eeda h\\u00e0ng\",\"item\":\"https:\/\/cokhitanminh.com\/may-dong-goi\/mua\/\"},{\"@type\":\"ListItem\",\"position\":3,\"name\":\"Ma\\u0301y \\u0111o\\u0301ng go\\u0301i c\\u00e2n \\u0111i\\u00ea\\u0323n t\\u01b0\\u0309 t\\u01b0\\u0323 \\u0111\\u00f4\\u0323ng TM\\u0110G-5F9\"}]}]}<\/script>\n<!-- \/ Yoast SEO plugin. -->","yoast_head_json":{"title":"Ma\u0301y \u0111o\u0301ng go\u0301i c\u00e2n \u0111i\u00ea\u0323n t\u01b0\u0309 t\u01b0\u0323 \u0111\u00f4\u0323ng TM\u0110G-5F9 - M\u00c1Y \u0110\u00d3NG G\u00d3I T\u00c2N MINH","description":"Ma\u0301y \u0111o\u0301ng go\u0301i c\u00e2n \u0111i\u00ea\u0323n t\u01b0\u0309 t\u01b0\u0323 \u0111\u00f4\u0323ng TM\u0110G-5F9 uy t\u00edn ch\u1ea5t l\u01b0\u1ee3ng Li\u00ean h\u1ec7 Hotline 1: 1900 2861 | Hotline 2: 09 67 68 69 11 \u0110\u1ec3 \u0111\u01b0\u1ee3c t\u01b0 v\u1ea5n mi\u1ec5n ph\u00ed!","robots":{"index":"index","follow":"follow","max-snippet":"max-snippet:-1","max-image-preview":"max-image-preview:large","max-video-preview":"max-video-preview:-1"},"canonical":"https:\/\/cokhitanminh.com\/may-dong-goi\/may-dong-goi-can-die\u0323n-tu\u0309-tu\u0323-do\u0323ng-tmdg-5f9\/","og_locale":"vi_VN","og_type":"article","og_title":"Ma\u0301y \u0111o\u0301ng go\u0301i c\u00e2n \u0111i\u00ea\u0323n t\u01b0\u0309 t\u01b0\u0323 \u0111\u00f4\u0323ng TM\u0110G-5F9 - M\u00c1Y \u0110\u00d3NG G\u00d3I T\u00c2N MINH","og_description":"Ma\u0301y \u0111o\u0301ng go\u0301i c\u00e2n \u0111i\u00ea\u0323n t\u01b0\u0309 t\u01b0\u0323 \u0111\u00f4\u0323ng TM\u0110G-5F9 uy t\u00edn ch\u1ea5t l\u01b0\u1ee3ng Li\u00ean h\u1ec7 Hotline 1: 1900 2861 | Hotline 2: 09 67 68 69 11 \u0110\u1ec3 \u0111\u01b0\u1ee3c t\u01b0 v\u1ea5n mi\u1ec5n ph\u00ed!","og_url":"https:\/\/cokhitanminh.com\/may-dong-goi\/may-dong-goi-can-die\u0323n-tu\u0309-tu\u0323-do\u0323ng-tmdg-5f9\/","og_site_name":"M\u00c1Y \u0110\u00d3NG G\u00d3I T\u00c2N MINH","article_modified_time":"2021-12-21T02:38:23+00:00","og_image":[{"width":550,"height":550,"url":"https:\/\/cokhitanminh.com\/may-dong-goi\/wp-content\/uploads\/2021\/12\/may-dong-goi-can-dien-tu-tu-dong-tmdg-5f9-ckmdg-1.jpg","type":"image\/jpeg"}],"twitter_card":"summary_large_image","twitter_misc":{"\u01af\u1edbc t\u00ednh th\u1eddi gian \u0111\u1ecdc":"2 ph\u00fat"},"schema":{"@context":"https:\/\/schema.org","@graph":[{"@type":"WebSite","@id":"https:\/\/cokhitanminh.com\/may-dong-goi\/#website","url":"https:\/\/cokhitanminh.com\/may-dong-goi\/","name":"M\u00c1Y \u0110\u00d3NG G\u00d3I T\u00c2N MINH","description":"Chuy\u00ean gia m\u00e1y \u0111\u00f3ng g\u00f3i","potentialAction":[{"@type":"SearchAction","target":{"@type":"EntryPoint","urlTemplate":"https:\/\/cokhitanminh.com\/may-dong-goi\/?s={search_term_string}"},"query-input":"required name=search_term_string"}],"inLanguage":"vi"},{"@type":"ImageObject","@id":"https:\/\/cokhitanminh.com\/may-dong-goi\/may-dong-goi-can-die%cc%a3n-tu%cc%89-tu%cc%a3-do%cc%a3ng-tmdg-5f9\/#primaryimage","inLanguage":"vi","url":"https:\/\/cokhitanminh.com\/may-dong-goi\/wp-content\/uploads\/2021\/12\/may-dong-goi-can-dien-tu-tu-dong-tmdg-5f9-ckmdg-1.jpg","contentUrl":"https:\/\/cokhitanminh.com\/may-dong-goi\/wp-content\/uploads\/2021\/12\/may-dong-goi-can-dien-tu-tu-dong-tmdg-5f9-ckmdg-1.jpg","width":550,"height":550},{"@type":"WebPage","@id":"https:\/\/cokhitanminh.com\/may-dong-goi\/may-dong-goi-can-die%cc%a3n-tu%cc%89-tu%cc%a3-do%cc%a3ng-tmdg-5f9\/#webpage","url":"https:\/\/cokhitanminh.com\/may-dong-goi\/may-dong-goi-can-die%cc%a3n-tu%cc%89-tu%cc%a3-do%cc%a3ng-tmdg-5f9\/","name":"Ma\u0301y \u0111o\u0301ng go\u0301i c\u00e2n \u0111i\u00ea\u0323n t\u01b0\u0309 t\u01b0\u0323 \u0111\u00f4\u0323ng TM\u0110G-5F9 - M\u00c1Y \u0110\u00d3NG G\u00d3I T\u00c2N MINH","isPartOf":{"@id":"https:\/\/cokhitanminh.com\/may-dong-goi\/#website"},"primaryImageOfPage":{"@id":"https:\/\/cokhitanminh.com\/may-dong-goi\/may-dong-goi-can-die%cc%a3n-tu%cc%89-tu%cc%a3-do%cc%a3ng-tmdg-5f9\/#primaryimage"},"datePublished":"2021-12-04T04:02:08+00:00","dateModified":"2021-12-21T02:38:23+00:00","description":"Ma\u0301y \u0111o\u0301ng go\u0301i c\u00e2n \u0111i\u00ea\u0323n t\u01b0\u0309 t\u01b0\u0323 \u0111\u00f4\u0323ng TM\u0110G-5F9 uy t\u00edn ch\u1ea5t l\u01b0\u1ee3ng Li\u00ean h\u1ec7 Hotline 1: 1900 2861 | Hotline 2: 09 67 68 69 11 \u0110\u1ec3 \u0111\u01b0\u1ee3c t\u01b0 v\u1ea5n mi\u1ec5n ph\u00ed!","breadcrumb":{"@id":"https:\/\/cokhitanminh.com\/may-dong-goi\/may-dong-goi-can-die%cc%a3n-tu%cc%89-tu%cc%a3-do%cc%a3ng-tmdg-5f9\/#breadcrumb"},"inLanguage":"vi","potentialAction":[{"@type":"ReadAction","target":["https:\/\/cokhitanminh.com\/may-dong-goi\/may-dong-goi-can-die%cc%a3n-tu%cc%89-tu%cc%a3-do%cc%a3ng-tmdg-5f9\/"]}]},{"@type":"BreadcrumbList","@id":"https:\/\/cokhitanminh.com\/may-dong-goi\/may-dong-goi-can-die%cc%a3n-tu%cc%89-tu%cc%a3-do%cc%a3ng-tmdg-5f9\/#breadcrumb","itemListElement":[{"@type":"ListItem","position":1,"name":"Trang ch\u1ee7","item":"https:\/\/cokhitanminh.com\/may-dong-goi\/"},{"@type":"ListItem","position":2,"name":"C\u1eeda h\u00e0ng","item":"https:\/\/cokhitanminh.com\/may-dong-goi\/mua\/"},{"@type":"ListItem","position":3,"name":"Ma\u0301y \u0111o\u0301ng go\u0301i c\u00e2n \u0111i\u00ea\u0323n t\u01b0\u0309 t\u01b0\u0323 \u0111\u00f4\u0323ng TM\u0110G-5F9"}]}]}},"_links":{"self":[{"href":"https:\/\/cokhitanminh.com\/may-dong-goi\/wp-json\/wp\/v2\/product\/3644","targetHints":{"allow":["GET"]}}],"collection":[{"href":"https:\/\/cokhitanminh.com\/may-dong-goi\/wp-json\/wp\/v2\/product"}],"about":[{"href":"https:\/\/cokhitanminh.com\/may-dong-goi\/wp-json\/wp\/v2\/types\/product"}],"replies":[{"embeddable":true,"href":"https:\/\/cokhitanminh.com\/may-dong-goi\/wp-json\/wp\/v2\/comments?post=3644"}],"wp:featuredmedia":[{"embeddable":true,"href":"https:\/\/cokhitanminh.com\/may-dong-goi\/wp-json\/wp\/v2\/media\/5321"}],"wp:attachment":[{"href":"https:\/\/cokhitanminh.com\/may-dong-goi\/wp-json\/wp\/v2\/media?parent=3644"}],"curies":[{"name":"wp","href":"https:\/\/api.w.org\/{rel}","templated":true}]}}