{"id":3625,"date":"2021-12-04T04:01:40","date_gmt":"2021-12-04T04:01:40","guid":{"rendered":"https:\/\/cokhitanminh.com\/may-dong-goi\/?post_type=product&#038;p=3625"},"modified":"2022-04-15T01:40:55","modified_gmt":"2022-04-15T01:40:55","slug":"may-dan-ho%cc%a3p-giay-keo-nong-toc-do%cc%a3-cao-tmdg-1t1","status":"publish","type":"product","link":"https:\/\/cokhitanminh.com\/may-dong-goi\/may-dan-ho%cc%a3p-giay-keo-nong-toc-do%cc%a3-cao-tmdg-1t1\/","title":{"rendered":"Ma\u0301y da\u0301n h\u00f4\u0323p gi\u00e2\u0301y keo no\u0301ng t\u00f4\u0301c \u0111\u00f4\u0323 cao TM\u0110G-1T1"},"content":{"rendered":"<h3><strong><a href=\"http:\/\/maydonggoitanminh.com\/may-dan-ho%cc%a3p-giay-keo-nong-toc-do%cc%a3-cao-tmdg-1t1\/\"><em>Ma\u0301y da\u0301n h\u00f4\u0323p gi\u00e2\u0301y keo no\u0301ng t\u00f4\u0301c \u0111\u00f4\u0323 cao<\/em><\/a> TM\u0110G-1T1<\/strong><\/h3>\n<p><span data-sheets-value=\"{&quot;1&quot;:2,&quot;2&quot;:&quot;M\u00e1y h\u00fat ch\u00e2n kh\u00f4ng bu\u1ed3ng h\u00fat TM\u0110G-5N1&quot;}\" data-sheets-userformat=\"{&quot;2&quot;:515,&quot;3&quot;:{&quot;1&quot;:0},&quot;4&quot;:[null,2,65280],&quot;12&quot;:0}\"><em><strong>Ma\u0301y da\u0301n h\u00f4\u0323p gi\u00e2\u0301y keo no\u0301ng t\u00f4\u0301c \u0111\u00f4\u0323 cao<\/strong><\/em> TM\u0110G-1T1 \u0111\u01b0\u1ee3c nghi\u00ean c\u1ee9u s\u1ea3n xu\u1ea5t v\u00e0 ph\u00e2n ph\u1ed1i tr\u00ean to\u00e0n qu\u1ed1c. T\u1ea5t c\u1ea3 c\u00e1c s\u1ea3n ph\u1ea9m c\u1ee7a ch\u00fang t\u00f4i \u0111\u1ec1u \u0111\u01b0\u1ee3c ki\u1ec3m tra k\u1ef9 l\u01b0\u1ee1ng v\u00e0 v\u1eadn h\u00e0nh th\u1ef1c t\u1ebf \u0111\u1ec3 lu\u00f4n \u0111\u1ea3m b\u1ea3o ch\u1ea5t l\u01b0\u1ee3ng t\u1ed1t nh\u1ea5t tr\u01b0\u1edbc khi b\u00e0n giao thi\u1ebft b\u1ecb cho kh\u00e1ch h\u00e0ng.<\/span><\/p>\n<p><strong>Th\u00f4ng s\u1ed1 k\u1ef9 thu\u1eadt:<\/strong><\/p>\n<p><img loading=\"lazy\" decoding=\"async\" class=\"size-full wp-image-8160 aligncenter\" src=\"https:\/\/cokhitanminh.com\/may-dong-goi\/wp-content\/uploads\/2021\/12\/thong-so_1T1.jpg\" alt=\"\" width=\"703\" height=\"318\" srcset=\"https:\/\/cokhitanminh.com\/may-dong-goi\/wp-content\/uploads\/2021\/12\/thong-so_1T1.jpg 703w, https:\/\/cokhitanminh.com\/may-dong-goi\/wp-content\/uploads\/2021\/12\/thong-so_1T1-300x136.jpg 300w, https:\/\/cokhitanminh.com\/may-dong-goi\/wp-content\/uploads\/2021\/12\/thong-so_1T1-600x271.jpg 600w\" sizes=\"auto, (max-width: 703px) 100vw, 703px\" \/><\/p>\n<p><strong>H\u00ecnh \u1ea3nh s\u1ea3n ph\u1ea9m:<\/strong><\/p>\n<p style=\"text-align: center;\"><a href=\"https:\/\/cokhitanminh.com\/may-dong-goi\/wp-content\/uploads\/2021\/12\/may-dan-hop-giay-keo-nong-toc-do-cao-tmdg-1t1-cktm-2.jpg\"><img loading=\"lazy\" decoding=\"async\" class=\"alignnone size-full wp-image-3858\" src=\"https:\/\/cokhitanminh.com\/may-dong-goi\/wp-content\/uploads\/2021\/12\/may-dan-hop-giay-keo-nong-toc-do-cao-tmdg-1t1-cktm-2.jpg\" alt=\"\" width=\"550\" height=\"366\" srcset=\"https:\/\/cokhitanminh.com\/may-dong-goi\/wp-content\/uploads\/2021\/12\/may-dan-hop-giay-keo-nong-toc-do-cao-tmdg-1t1-cktm-2.jpg 550w, https:\/\/cokhitanminh.com\/may-dong-goi\/wp-content\/uploads\/2021\/12\/may-dan-hop-giay-keo-nong-toc-do-cao-tmdg-1t1-cktm-2-300x200.jpg 300w\" sizes=\"auto, (max-width: 550px) 100vw, 550px\" \/><\/a><\/p>\n<p style=\"text-align: center;\"><a href=\"https:\/\/cokhitanminh.com\/may-dong-goi\/wp-content\/uploads\/2021\/12\/may-dan-hop-giay-keo-nong-toc-do-cao-tmdg-1t1-cktm-3.jpg\"><img loading=\"lazy\" decoding=\"async\" class=\"alignnone size-full wp-image-3859\" src=\"https:\/\/cokhitanminh.com\/may-dong-goi\/wp-content\/uploads\/2021\/12\/may-dan-hop-giay-keo-nong-toc-do-cao-tmdg-1t1-cktm-3.jpg\" alt=\"\" width=\"550\" height=\"367\" srcset=\"https:\/\/cokhitanminh.com\/may-dong-goi\/wp-content\/uploads\/2021\/12\/may-dan-hop-giay-keo-nong-toc-do-cao-tmdg-1t1-cktm-3.jpg 550w, https:\/\/cokhitanminh.com\/may-dong-goi\/wp-content\/uploads\/2021\/12\/may-dan-hop-giay-keo-nong-toc-do-cao-tmdg-1t1-cktm-3-300x200.jpg 300w\" sizes=\"auto, (max-width: 550px) 100vw, 550px\" \/><\/a><\/p>\n<p style=\"text-align: center;\"><a href=\"https:\/\/cokhitanminh.com\/may-dong-goi\/wp-content\/uploads\/2021\/12\/may-dan-hop-giay-keo-nong-toc-do-cao-tmdg-1t1-cktm-4.jpg\"><img loading=\"lazy\" decoding=\"async\" class=\"alignnone size-full wp-image-3860\" src=\"https:\/\/cokhitanminh.com\/may-dong-goi\/wp-content\/uploads\/2021\/12\/may-dan-hop-giay-keo-nong-toc-do-cao-tmdg-1t1-cktm-4.jpg\" alt=\"\" width=\"550\" height=\"320\" srcset=\"https:\/\/cokhitanminh.com\/may-dong-goi\/wp-content\/uploads\/2021\/12\/may-dan-hop-giay-keo-nong-toc-do-cao-tmdg-1t1-cktm-4.jpg 550w, https:\/\/cokhitanminh.com\/may-dong-goi\/wp-content\/uploads\/2021\/12\/may-dan-hop-giay-keo-nong-toc-do-cao-tmdg-1t1-cktm-4-300x175.jpg 300w\" sizes=\"auto, (max-width: 550px) 100vw, 550px\" \/><\/a><\/p>\n<p style=\"text-align: center;\"><a href=\"https:\/\/cokhitanminh.com\/may-dong-goi\/wp-content\/uploads\/2021\/12\/may-dan-hop-giay-keo-nong-toc-do-cao-tmdg-1t1-cktm-5.jpg\"><img loading=\"lazy\" decoding=\"async\" class=\"alignnone size-full wp-image-3861\" src=\"https:\/\/cokhitanminh.com\/may-dong-goi\/wp-content\/uploads\/2021\/12\/may-dan-hop-giay-keo-nong-toc-do-cao-tmdg-1t1-cktm-5.jpg\" alt=\"\" width=\"550\" height=\"366\" srcset=\"https:\/\/cokhitanminh.com\/may-dong-goi\/wp-content\/uploads\/2021\/12\/may-dan-hop-giay-keo-nong-toc-do-cao-tmdg-1t1-cktm-5.jpg 550w, https:\/\/cokhitanminh.com\/may-dong-goi\/wp-content\/uploads\/2021\/12\/may-dan-hop-giay-keo-nong-toc-do-cao-tmdg-1t1-cktm-5-300x200.jpg 300w\" sizes=\"auto, (max-width: 550px) 100vw, 550px\" \/><\/a><\/p>\n<p style=\"text-align: center;\"><a href=\"https:\/\/cokhitanminh.com\/may-dong-goi\/wp-content\/uploads\/2021\/12\/may-dan-hop-giay-keo-nong-toc-do-cao-tmdg-1t1-cktm-6.jpg\"><img loading=\"lazy\" decoding=\"async\" class=\"alignnone size-full wp-image-3862\" src=\"https:\/\/cokhitanminh.com\/may-dong-goi\/wp-content\/uploads\/2021\/12\/may-dan-hop-giay-keo-nong-toc-do-cao-tmdg-1t1-cktm-6.jpg\" alt=\"\" width=\"550\" height=\"368\" srcset=\"https:\/\/cokhitanminh.com\/may-dong-goi\/wp-content\/uploads\/2021\/12\/may-dan-hop-giay-keo-nong-toc-do-cao-tmdg-1t1-cktm-6.jpg 550w, https:\/\/cokhitanminh.com\/may-dong-goi\/wp-content\/uploads\/2021\/12\/may-dan-hop-giay-keo-nong-toc-do-cao-tmdg-1t1-cktm-6-300x201.jpg 300w\" sizes=\"auto, (max-width: 550px) 100vw, 550px\" \/><\/a><\/p>\n<p style=\"text-align: center;\"><a href=\"https:\/\/cokhitanminh.com\/may-dong-goi\/wp-content\/uploads\/2021\/12\/may-dan-hop-giay-keo-nong-toc-do-cao-tmdg-1t1-cktm-7.jpg\"><img loading=\"lazy\" decoding=\"async\" class=\"alignnone size-full wp-image-3863\" src=\"https:\/\/cokhitanminh.com\/may-dong-goi\/wp-content\/uploads\/2021\/12\/may-dan-hop-giay-keo-nong-toc-do-cao-tmdg-1t1-cktm-7.jpg\" alt=\"\" width=\"550\" height=\"369\" srcset=\"https:\/\/cokhitanminh.com\/may-dong-goi\/wp-content\/uploads\/2021\/12\/may-dan-hop-giay-keo-nong-toc-do-cao-tmdg-1t1-cktm-7.jpg 550w, https:\/\/cokhitanminh.com\/may-dong-goi\/wp-content\/uploads\/2021\/12\/may-dan-hop-giay-keo-nong-toc-do-cao-tmdg-1t1-cktm-7-300x201.jpg 300w\" sizes=\"auto, (max-width: 550px) 100vw, 550px\" \/><\/a><\/p>\n<p><strong>Link Video S\u1ea3n Ph\u1ea9m:<\/strong><\/p>\n<p><center><iframe loading=\"lazy\" title=\"YouTube video player\" src=\"https:\/\/www.youtube.com\/embed\/_AiJ3D8bUiU\" width=\"560\" height=\"315\" frameborder=\"0\" allowfullscreen=\"allowfullscreen\"><\/iframe><\/center>Chi ti\u1ebft s\u1ea3n ph\u1ea9m <span data-sheets-value=\"{&quot;1&quot;:2,&quot;2&quot;:&quot;M\u00e1y h\u00fat ch\u00e2n kh\u00f4ng bu\u1ed3ng h\u00fat TM\u0110G-5N1&quot;}\" data-sheets-userformat=\"{&quot;2&quot;:515,&quot;3&quot;:{&quot;1&quot;:0},&quot;4&quot;:[null,2,65280],&quot;12&quot;:0}\"><em><strong>Ma\u0301y da\u0301n h\u00f4\u0323p gi\u00e2\u0301y keo no\u0301ng t\u00f4\u0301c \u0111\u00f4\u0323 cao<\/strong><\/em> TM\u0110G-1T1<\/span>\u00a0xin vui l\u00f2ng li\u00ean h\u1ec7 Hotline: 19002861 \u0110\u1ec3 \u0111\u01b0\u1ee3c t\u01b0 v\u1ea5n ho\u00e0n to\u00e0n mi\u1ec5n ph\u00ed!<\/p>\n<p>&nbsp;<\/p>\n","protected":false},"excerpt":{"rendered":"<p>Ma\u0301y da\u0301n h\u00f4\u0323p gi\u00e2\u0301y keo no\u0301ng t\u00f4\u0301c \u0111\u00f4\u0323 cao TM\u0110G-1T1 Ma\u0301y da\u0301n h\u00f4\u0323p gi\u00e2\u0301y keo no\u0301ng t\u00f4\u0301c \u0111\u00f4\u0323 cao TM\u0110G-1T1 \u0111\u01b0\u1ee3c nghi\u00ean c\u1ee9u s\u1ea3n xu\u1ea5t v\u00e0 ph\u00e2n ph\u1ed1i tr\u00ean to\u00e0n qu\u1ed1c. T\u1ea5t c\u1ea3 c\u00e1c s\u1ea3n ph\u1ea9m c\u1ee7a ch\u00fang t\u00f4i \u0111\u1ec1u \u0111\u01b0\u1ee3c ki\u1ec3m tra k\u1ef9 l\u01b0\u1ee1ng v\u00e0 v\u1eadn h\u00e0nh th\u1ef1c t\u1ebf \u0111\u1ec3 lu\u00f4n \u0111\u1ea3m b\u1ea3o ch\u1ea5t &#8230;<\/p>\n","protected":false},"featured_media":3864,"comment_status":"open","ping_status":"closed","template":"","meta":[],"class_list":{"0":"post-3625","1":"product","2":"type-product","3":"status-publish","4":"has-post-thumbnail","6":"product_cat-may-dan-tem-nhan","8":"first","9":"instock","10":"shipping-taxable","11":"purchasable","12":"product-type-simple"},"brands":[],"yoast_head":"<!-- This site is optimized with the Yoast SEO plugin v17.6 - https:\/\/yoast.com\/wordpress\/plugins\/seo\/ -->\n<title>Ma\u0301y da\u0301n h\u00f4\u0323p gi\u00e2\u0301y keo no\u0301ng t\u00f4\u0301c \u0111\u00f4\u0323 cao TM\u0110G-1T1<\/title>\n<meta name=\"description\" content=\"Ma\u0301y da\u0301n h\u00f4\u0323p gi\u00e2\u0301y keo no\u0301ng t\u00f4\u0301c \u0111\u00f4\u0323 cao TM\u0110G-1T1 uy t\u00edn ch\u1ea5t l\u01b0\u1ee3ng Li\u00ean h\u1ec7 Hotline 1: 1900 2861 | Hotline 2: 09 67 68 69 11 \u0110\u1ec3 \u0111\u01b0\u1ee3c t\u01b0 v\u1ea5n mi\u1ec5n ph\u00ed!\" \/>\n<meta name=\"robots\" content=\"index, follow, max-snippet:-1, max-image-preview:large, max-video-preview:-1\" \/>\n<link rel=\"canonical\" href=\"https:\/\/cokhitanminh.com\/may-dong-goi\/may-dan-ho\u0323p-giay-keo-nong-toc-do\u0323-cao-tmdg-1t1\/\" \/>\n<meta property=\"og:locale\" content=\"vi_VN\" \/>\n<meta property=\"og:type\" content=\"article\" \/>\n<meta property=\"og:title\" content=\"Ma\u0301y da\u0301n h\u00f4\u0323p gi\u00e2\u0301y keo no\u0301ng t\u00f4\u0301c \u0111\u00f4\u0323 cao TM\u0110G-1T1\" \/>\n<meta property=\"og:description\" content=\"Ma\u0301y da\u0301n h\u00f4\u0323p gi\u00e2\u0301y keo no\u0301ng t\u00f4\u0301c \u0111\u00f4\u0323 cao TM\u0110G-1T1 uy t\u00edn ch\u1ea5t l\u01b0\u1ee3ng Li\u00ean h\u1ec7 Hotline 1: 1900 2861 | Hotline 2: 09 67 68 69 11 \u0110\u1ec3 \u0111\u01b0\u1ee3c t\u01b0 v\u1ea5n mi\u1ec5n ph\u00ed!\" \/>\n<meta property=\"og:url\" content=\"https:\/\/cokhitanminh.com\/may-dong-goi\/may-dan-ho\u0323p-giay-keo-nong-toc-do\u0323-cao-tmdg-1t1\/\" \/>\n<meta property=\"og:site_name\" content=\"M\u00c1Y \u0110\u00d3NG G\u00d3I T\u00c2N MINH\" \/>\n<meta property=\"article:modified_time\" content=\"2022-04-15T01:40:55+00:00\" \/>\n<meta property=\"og:image\" content=\"https:\/\/cokhitanminh.com\/may-dong-goi\/wp-content\/uploads\/2021\/12\/may-dan-hop-giay-keo-nong-toc-do-cao-tmdg-1t1-cktm-1.jpg\" \/>\n\t<meta property=\"og:image:width\" content=\"550\" \/>\n\t<meta property=\"og:image:height\" content=\"550\" \/>\n<meta name=\"twitter:card\" content=\"summary_large_image\" \/>\n<meta name=\"twitter:label1\" content=\"\u01af\u1edbc t\u00ednh th\u1eddi gian \u0111\u1ecdc\" \/>\n\t<meta name=\"twitter:data1\" content=\"2 ph\u00fat\" \/>\n<script type=\"application\/ld+json\" class=\"yoast-schema-graph\">{\"@context\":\"https:\/\/schema.org\",\"@graph\":[{\"@type\":\"WebSite\",\"@id\":\"https:\/\/cokhitanminh.com\/may-dong-goi\/#website\",\"url\":\"https:\/\/cokhitanminh.com\/may-dong-goi\/\",\"name\":\"M\\u00c1Y \\u0110\\u00d3NG G\\u00d3I T\\u00c2N MINH\",\"description\":\"Chuy\\u00ean gia m\\u00e1y \\u0111\\u00f3ng g\\u00f3i\",\"potentialAction\":[{\"@type\":\"SearchAction\",\"target\":{\"@type\":\"EntryPoint\",\"urlTemplate\":\"https:\/\/cokhitanminh.com\/may-dong-goi\/?s={search_term_string}\"},\"query-input\":\"required name=search_term_string\"}],\"inLanguage\":\"vi\"},{\"@type\":\"ImageObject\",\"@id\":\"https:\/\/cokhitanminh.com\/may-dong-goi\/may-dan-ho%cc%a3p-giay-keo-nong-toc-do%cc%a3-cao-tmdg-1t1\/#primaryimage\",\"inLanguage\":\"vi\",\"url\":\"https:\/\/cokhitanminh.com\/may-dong-goi\/wp-content\/uploads\/2021\/12\/may-dan-hop-giay-keo-nong-toc-do-cao-tmdg-1t1-cktm-1.jpg\",\"contentUrl\":\"https:\/\/cokhitanminh.com\/may-dong-goi\/wp-content\/uploads\/2021\/12\/may-dan-hop-giay-keo-nong-toc-do-cao-tmdg-1t1-cktm-1.jpg\",\"width\":550,\"height\":550},{\"@type\":\"WebPage\",\"@id\":\"https:\/\/cokhitanminh.com\/may-dong-goi\/may-dan-ho%cc%a3p-giay-keo-nong-toc-do%cc%a3-cao-tmdg-1t1\/#webpage\",\"url\":\"https:\/\/cokhitanminh.com\/may-dong-goi\/may-dan-ho%cc%a3p-giay-keo-nong-toc-do%cc%a3-cao-tmdg-1t1\/\",\"name\":\"Ma\\u0301y da\\u0301n h\\u00f4\\u0323p gi\\u00e2\\u0301y keo no\\u0301ng t\\u00f4\\u0301c \\u0111\\u00f4\\u0323 cao TM\\u0110G-1T1\",\"isPartOf\":{\"@id\":\"https:\/\/cokhitanminh.com\/may-dong-goi\/#website\"},\"primaryImageOfPage\":{\"@id\":\"https:\/\/cokhitanminh.com\/may-dong-goi\/may-dan-ho%cc%a3p-giay-keo-nong-toc-do%cc%a3-cao-tmdg-1t1\/#primaryimage\"},\"datePublished\":\"2021-12-04T04:01:40+00:00\",\"dateModified\":\"2022-04-15T01:40:55+00:00\",\"description\":\"Ma\\u0301y da\\u0301n h\\u00f4\\u0323p gi\\u00e2\\u0301y keo no\\u0301ng t\\u00f4\\u0301c \\u0111\\u00f4\\u0323 cao TM\\u0110G-1T1 uy t\\u00edn ch\\u1ea5t l\\u01b0\\u1ee3ng Li\\u00ean h\\u1ec7 Hotline 1: 1900 2861 | Hotline 2: 09 67 68 69 11 \\u0110\\u1ec3 \\u0111\\u01b0\\u1ee3c t\\u01b0 v\\u1ea5n mi\\u1ec5n ph\\u00ed!\",\"breadcrumb\":{\"@id\":\"https:\/\/cokhitanminh.com\/may-dong-goi\/may-dan-ho%cc%a3p-giay-keo-nong-toc-do%cc%a3-cao-tmdg-1t1\/#breadcrumb\"},\"inLanguage\":\"vi\",\"potentialAction\":[{\"@type\":\"ReadAction\",\"target\":[\"https:\/\/cokhitanminh.com\/may-dong-goi\/may-dan-ho%cc%a3p-giay-keo-nong-toc-do%cc%a3-cao-tmdg-1t1\/\"]}]},{\"@type\":\"BreadcrumbList\",\"@id\":\"https:\/\/cokhitanminh.com\/may-dong-goi\/may-dan-ho%cc%a3p-giay-keo-nong-toc-do%cc%a3-cao-tmdg-1t1\/#breadcrumb\",\"itemListElement\":[{\"@type\":\"ListItem\",\"position\":1,\"name\":\"Trang ch\\u1ee7\",\"item\":\"https:\/\/cokhitanminh.com\/may-dong-goi\/\"},{\"@type\":\"ListItem\",\"position\":2,\"name\":\"C\\u1eeda h\\u00e0ng\",\"item\":\"https:\/\/cokhitanminh.com\/may-dong-goi\/mua\/\"},{\"@type\":\"ListItem\",\"position\":3,\"name\":\"Ma\\u0301y da\\u0301n h\\u00f4\\u0323p gi\\u00e2\\u0301y keo no\\u0301ng t\\u00f4\\u0301c \\u0111\\u00f4\\u0323 cao TM\\u0110G-1T1\"}]}]}<\/script>\n<!-- \/ Yoast SEO plugin. -->","yoast_head_json":{"title":"Ma\u0301y da\u0301n h\u00f4\u0323p gi\u00e2\u0301y keo no\u0301ng t\u00f4\u0301c \u0111\u00f4\u0323 cao TM\u0110G-1T1","description":"Ma\u0301y da\u0301n h\u00f4\u0323p gi\u00e2\u0301y keo no\u0301ng t\u00f4\u0301c \u0111\u00f4\u0323 cao TM\u0110G-1T1 uy t\u00edn ch\u1ea5t l\u01b0\u1ee3ng Li\u00ean h\u1ec7 Hotline 1: 1900 2861 | Hotline 2: 09 67 68 69 11 \u0110\u1ec3 \u0111\u01b0\u1ee3c t\u01b0 v\u1ea5n mi\u1ec5n ph\u00ed!","robots":{"index":"index","follow":"follow","max-snippet":"max-snippet:-1","max-image-preview":"max-image-preview:large","max-video-preview":"max-video-preview:-1"},"canonical":"https:\/\/cokhitanminh.com\/may-dong-goi\/may-dan-ho\u0323p-giay-keo-nong-toc-do\u0323-cao-tmdg-1t1\/","og_locale":"vi_VN","og_type":"article","og_title":"Ma\u0301y da\u0301n h\u00f4\u0323p gi\u00e2\u0301y keo no\u0301ng t\u00f4\u0301c \u0111\u00f4\u0323 cao TM\u0110G-1T1","og_description":"Ma\u0301y da\u0301n h\u00f4\u0323p gi\u00e2\u0301y keo no\u0301ng t\u00f4\u0301c \u0111\u00f4\u0323 cao TM\u0110G-1T1 uy t\u00edn ch\u1ea5t l\u01b0\u1ee3ng Li\u00ean h\u1ec7 Hotline 1: 1900 2861 | Hotline 2: 09 67 68 69 11 \u0110\u1ec3 \u0111\u01b0\u1ee3c t\u01b0 v\u1ea5n mi\u1ec5n ph\u00ed!","og_url":"https:\/\/cokhitanminh.com\/may-dong-goi\/may-dan-ho\u0323p-giay-keo-nong-toc-do\u0323-cao-tmdg-1t1\/","og_site_name":"M\u00c1Y \u0110\u00d3NG G\u00d3I T\u00c2N MINH","article_modified_time":"2022-04-15T01:40:55+00:00","og_image":[{"width":550,"height":550,"url":"https:\/\/cokhitanminh.com\/may-dong-goi\/wp-content\/uploads\/2021\/12\/may-dan-hop-giay-keo-nong-toc-do-cao-tmdg-1t1-cktm-1.jpg","type":"image\/jpeg"}],"twitter_card":"summary_large_image","twitter_misc":{"\u01af\u1edbc t\u00ednh th\u1eddi gian \u0111\u1ecdc":"2 ph\u00fat"},"schema":{"@context":"https:\/\/schema.org","@graph":[{"@type":"WebSite","@id":"https:\/\/cokhitanminh.com\/may-dong-goi\/#website","url":"https:\/\/cokhitanminh.com\/may-dong-goi\/","name":"M\u00c1Y \u0110\u00d3NG G\u00d3I T\u00c2N MINH","description":"Chuy\u00ean gia m\u00e1y \u0111\u00f3ng g\u00f3i","potentialAction":[{"@type":"SearchAction","target":{"@type":"EntryPoint","urlTemplate":"https:\/\/cokhitanminh.com\/may-dong-goi\/?s={search_term_string}"},"query-input":"required name=search_term_string"}],"inLanguage":"vi"},{"@type":"ImageObject","@id":"https:\/\/cokhitanminh.com\/may-dong-goi\/may-dan-ho%cc%a3p-giay-keo-nong-toc-do%cc%a3-cao-tmdg-1t1\/#primaryimage","inLanguage":"vi","url":"https:\/\/cokhitanminh.com\/may-dong-goi\/wp-content\/uploads\/2021\/12\/may-dan-hop-giay-keo-nong-toc-do-cao-tmdg-1t1-cktm-1.jpg","contentUrl":"https:\/\/cokhitanminh.com\/may-dong-goi\/wp-content\/uploads\/2021\/12\/may-dan-hop-giay-keo-nong-toc-do-cao-tmdg-1t1-cktm-1.jpg","width":550,"height":550},{"@type":"WebPage","@id":"https:\/\/cokhitanminh.com\/may-dong-goi\/may-dan-ho%cc%a3p-giay-keo-nong-toc-do%cc%a3-cao-tmdg-1t1\/#webpage","url":"https:\/\/cokhitanminh.com\/may-dong-goi\/may-dan-ho%cc%a3p-giay-keo-nong-toc-do%cc%a3-cao-tmdg-1t1\/","name":"Ma\u0301y da\u0301n h\u00f4\u0323p gi\u00e2\u0301y keo no\u0301ng t\u00f4\u0301c \u0111\u00f4\u0323 cao TM\u0110G-1T1","isPartOf":{"@id":"https:\/\/cokhitanminh.com\/may-dong-goi\/#website"},"primaryImageOfPage":{"@id":"https:\/\/cokhitanminh.com\/may-dong-goi\/may-dan-ho%cc%a3p-giay-keo-nong-toc-do%cc%a3-cao-tmdg-1t1\/#primaryimage"},"datePublished":"2021-12-04T04:01:40+00:00","dateModified":"2022-04-15T01:40:55+00:00","description":"Ma\u0301y da\u0301n h\u00f4\u0323p gi\u00e2\u0301y keo no\u0301ng t\u00f4\u0301c \u0111\u00f4\u0323 cao TM\u0110G-1T1 uy t\u00edn ch\u1ea5t l\u01b0\u1ee3ng Li\u00ean h\u1ec7 Hotline 1: 1900 2861 | Hotline 2: 09 67 68 69 11 \u0110\u1ec3 \u0111\u01b0\u1ee3c t\u01b0 v\u1ea5n mi\u1ec5n ph\u00ed!","breadcrumb":{"@id":"https:\/\/cokhitanminh.com\/may-dong-goi\/may-dan-ho%cc%a3p-giay-keo-nong-toc-do%cc%a3-cao-tmdg-1t1\/#breadcrumb"},"inLanguage":"vi","potentialAction":[{"@type":"ReadAction","target":["https:\/\/cokhitanminh.com\/may-dong-goi\/may-dan-ho%cc%a3p-giay-keo-nong-toc-do%cc%a3-cao-tmdg-1t1\/"]}]},{"@type":"BreadcrumbList","@id":"https:\/\/cokhitanminh.com\/may-dong-goi\/may-dan-ho%cc%a3p-giay-keo-nong-toc-do%cc%a3-cao-tmdg-1t1\/#breadcrumb","itemListElement":[{"@type":"ListItem","position":1,"name":"Trang ch\u1ee7","item":"https:\/\/cokhitanminh.com\/may-dong-goi\/"},{"@type":"ListItem","position":2,"name":"C\u1eeda h\u00e0ng","item":"https:\/\/cokhitanminh.com\/may-dong-goi\/mua\/"},{"@type":"ListItem","position":3,"name":"Ma\u0301y da\u0301n h\u00f4\u0323p gi\u00e2\u0301y keo no\u0301ng t\u00f4\u0301c \u0111\u00f4\u0323 cao TM\u0110G-1T1"}]}]}},"_links":{"self":[{"href":"https:\/\/cokhitanminh.com\/may-dong-goi\/wp-json\/wp\/v2\/product\/3625","targetHints":{"allow":["GET"]}}],"collection":[{"href":"https:\/\/cokhitanminh.com\/may-dong-goi\/wp-json\/wp\/v2\/product"}],"about":[{"href":"https:\/\/cokhitanminh.com\/may-dong-goi\/wp-json\/wp\/v2\/types\/product"}],"replies":[{"embeddable":true,"href":"https:\/\/cokhitanminh.com\/may-dong-goi\/wp-json\/wp\/v2\/comments?post=3625"}],"wp:featuredmedia":[{"embeddable":true,"href":"https:\/\/cokhitanminh.com\/may-dong-goi\/wp-json\/wp\/v2\/media\/3864"}],"wp:attachment":[{"href":"https:\/\/cokhitanminh.com\/may-dong-goi\/wp-json\/wp\/v2\/media?parent=3625"}],"curies":[{"name":"wp","href":"https:\/\/api.w.org\/{rel}","templated":true}]}}