{"id":3599,"date":"2021-12-04T04:00:42","date_gmt":"2021-12-04T04:00:42","guid":{"rendered":"https:\/\/cokhitanminh.com\/may-dong-goi\/?post_type=product&#038;p=3599"},"modified":"2021-12-13T02:43:55","modified_gmt":"2021-12-13T02:43:55","slug":"may-di%cc%a3nh-luo%cc%a3ng-can-die%cc%a3n-tu%cc%89-tmdg-2r3","status":"publish","type":"product","link":"https:\/\/cokhitanminh.com\/may-dong-goi\/may-di%cc%a3nh-luo%cc%a3ng-can-die%cc%a3n-tu%cc%89-tmdg-2r3\/","title":{"rendered":"Ma\u0301y \u0111i\u0323nh l\u01b0\u01a1\u0323ng c\u00e2n \u0111i\u00ea\u0323n t\u01b0\u0309 TM\u0110G-2R3"},"content":{"rendered":"<h3><strong><a href=\"https:\/\/cokhitanminh.com\/may-dong-goi\/may-di%cc%a3nh-luo%cc%a3ng-can-die%cc%a3n-tu%cc%89-tmdg-2r3\/\"><em>Ma\u0301y \u0111i\u0323nh l\u01b0\u01a1\u0323ng c\u00e2n \u0111i\u00ea\u0323n t\u01b0\u0309<\/em><\/a> TM\u0110G-2R3<\/strong><\/h3>\n<p><em><strong>Ma\u0301y \u0111i\u0323nh l\u01b0\u01a1\u0323ng c\u00e2n \u0111i\u00ea\u0323n t\u01b0\u0309<\/strong><\/em> TM\u0110G-2R3 <span data-sheets-value=\"{&quot;1&quot;:2,&quot;2&quot;:&quot;M\u00e1y h\u00fat ch\u00e2n kh\u00f4ng bu\u1ed3ng h\u00fat TM\u0110G-5N1&quot;}\" data-sheets-userformat=\"{&quot;2&quot;:515,&quot;3&quot;:{&quot;1&quot;:0},&quot;4&quot;:[null,2,65280],&quot;12&quot;:0}\">\u0111\u01b0\u1ee3c nghi\u00ean c\u1ee9u s\u1ea3n xu\u1ea5t v\u00e0 ph\u00e2n ph\u1ed1i tr\u00ean to\u00e0n qu\u1ed1c. T\u1ea5t c\u1ea3 c\u00e1c s\u1ea3n ph\u1ea9m c\u1ee7a ch\u00fang t\u00f4i \u0111\u1ec1u \u0111\u01b0\u1ee3c ki\u1ec3m tra k\u1ef9 l\u01b0\u1ee1ng v\u00e0 v\u1eadn h\u00e0nh th\u1ef1c t\u1ebf \u0111\u1ec3 lu\u00f4n \u0111\u1ea3m b\u1ea3o ch\u1ea5t l\u01b0\u1ee3ng t\u1ed1t nh\u1ea5t tr\u01b0\u1edbc khi b\u00e0n giao thi\u1ebft b\u1ecb cho kh\u00e1ch h\u00e0ng.<\/span><\/p>\n<p><strong>Th\u00f4ng s\u1ed1 k\u1ef9 thu\u1eadt:<\/strong><\/p>\n<p><a href=\"https:\/\/cokhitanminh.com\/may-dong-goi\/wp-content\/uploads\/2021\/12\/may-di\u0323nh-luo\u0323ng-can-die\u0323n-tu\u0309-tmdg-2r3-cktmmdg-9.jpg\"><img loading=\"lazy\" decoding=\"async\" class=\"size-full wp-image-4872 aligncenter\" src=\"https:\/\/cokhitanminh.com\/may-dong-goi\/wp-content\/uploads\/2021\/12\/may-di\u0323nh-luo\u0323ng-can-die\u0323n-tu\u0309-tmdg-2r3-cktmmdg-9.jpg\" alt=\"\" width=\"678\" height=\"300\" srcset=\"https:\/\/cokhitanminh.com\/may-dong-goi\/wp-content\/uploads\/2021\/12\/may-di\u0323nh-luo\u0323ng-can-die\u0323n-tu\u0309-tmdg-2r3-cktmmdg-9.jpg 678w, https:\/\/cokhitanminh.com\/may-dong-goi\/wp-content\/uploads\/2021\/12\/may-di\u0323nh-luo\u0323ng-can-die\u0323n-tu\u0309-tmdg-2r3-cktmmdg-9-300x133.jpg 300w, https:\/\/cokhitanminh.com\/may-dong-goi\/wp-content\/uploads\/2021\/12\/may-di\u0323nh-luo\u0323ng-can-die\u0323n-tu\u0309-tmdg-2r3-cktmmdg-9-600x265.jpg 600w\" sizes=\"auto, (max-width: 678px) 100vw, 678px\" \/><\/a><\/p>\n<p><strong>H\u00ecnh \u1ea3nh s\u1ea3n ph\u1ea9m:<\/strong><\/p>\n<p><a href=\"https:\/\/cokhitanminh.com\/may-dong-goi\/wp-content\/uploads\/2021\/12\/may-di\u0323nh-luo\u0323ng-can-die\u0323n-tu\u0309-tmdg-2r3.png\"><img loading=\"lazy\" decoding=\"async\" class=\"size-full wp-image-4874 aligncenter\" src=\"https:\/\/cokhitanminh.com\/may-dong-goi\/wp-content\/uploads\/2021\/12\/may-di\u0323nh-luo\u0323ng-can-die\u0323n-tu\u0309-tmdg-2r3.png\" alt=\"\" width=\"650\" height=\"325\" srcset=\"https:\/\/cokhitanminh.com\/may-dong-goi\/wp-content\/uploads\/2021\/12\/may-di\u0323nh-luo\u0323ng-can-die\u0323n-tu\u0309-tmdg-2r3.png 650w, https:\/\/cokhitanminh.com\/may-dong-goi\/wp-content\/uploads\/2021\/12\/may-di\u0323nh-luo\u0323ng-can-die\u0323n-tu\u0309-tmdg-2r3-300x150.png 300w, https:\/\/cokhitanminh.com\/may-dong-goi\/wp-content\/uploads\/2021\/12\/may-di\u0323nh-luo\u0323ng-can-die\u0323n-tu\u0309-tmdg-2r3-600x300.png 600w\" sizes=\"auto, (max-width: 650px) 100vw, 650px\" \/><\/a> <a href=\"https:\/\/cokhitanminh.com\/may-dong-goi\/wp-content\/uploads\/2021\/12\/may-di\u0323nh-luo\u0323ng-can-die\u0323n-tu\u0309-tmdg-2r3-cktmmdg-2.jpg\"><img loading=\"lazy\" decoding=\"async\" class=\"size-full wp-image-4875 aligncenter\" src=\"https:\/\/cokhitanminh.com\/may-dong-goi\/wp-content\/uploads\/2021\/12\/may-di\u0323nh-luo\u0323ng-can-die\u0323n-tu\u0309-tmdg-2r3-cktmmdg-2.jpg\" alt=\"\" width=\"550\" height=\"744\" srcset=\"https:\/\/cokhitanminh.com\/may-dong-goi\/wp-content\/uploads\/2021\/12\/may-di\u0323nh-luo\u0323ng-can-die\u0323n-tu\u0309-tmdg-2r3-cktmmdg-2.jpg 550w, https:\/\/cokhitanminh.com\/may-dong-goi\/wp-content\/uploads\/2021\/12\/may-di\u0323nh-luo\u0323ng-can-die\u0323n-tu\u0309-tmdg-2r3-cktmmdg-2-222x300.jpg 222w\" sizes=\"auto, (max-width: 550px) 100vw, 550px\" \/><\/a> <a href=\"https:\/\/cokhitanminh.com\/may-dong-goi\/wp-content\/uploads\/2021\/12\/may-di\u0323nh-luo\u0323ng-can-die\u0323n-tu\u0309-tmdg-2r3-cktmmdg-3.jpg\"><img loading=\"lazy\" decoding=\"async\" class=\"size-full wp-image-4876 aligncenter\" src=\"https:\/\/cokhitanminh.com\/may-dong-goi\/wp-content\/uploads\/2021\/12\/may-di\u0323nh-luo\u0323ng-can-die\u0323n-tu\u0309-tmdg-2r3-cktmmdg-3.jpg\" alt=\"\" width=\"550\" height=\"868\" srcset=\"https:\/\/cokhitanminh.com\/may-dong-goi\/wp-content\/uploads\/2021\/12\/may-di\u0323nh-luo\u0323ng-can-die\u0323n-tu\u0309-tmdg-2r3-cktmmdg-3.jpg 550w, https:\/\/cokhitanminh.com\/may-dong-goi\/wp-content\/uploads\/2021\/12\/may-di\u0323nh-luo\u0323ng-can-die\u0323n-tu\u0309-tmdg-2r3-cktmmdg-3-190x300.jpg 190w\" sizes=\"auto, (max-width: 550px) 100vw, 550px\" \/><\/a> <a href=\"https:\/\/cokhitanminh.com\/may-dong-goi\/wp-content\/uploads\/2021\/12\/may-di\u0323nh-luo\u0323ng-can-die\u0323n-tu\u0309-tmdg-2r3-cktmmdg-4.jpg\"><img loading=\"lazy\" decoding=\"async\" class=\"size-full wp-image-4877 aligncenter\" src=\"https:\/\/cokhitanminh.com\/may-dong-goi\/wp-content\/uploads\/2021\/12\/may-di\u0323nh-luo\u0323ng-can-die\u0323n-tu\u0309-tmdg-2r3-cktmmdg-4.jpg\" alt=\"\" width=\"550\" height=\"775\" srcset=\"https:\/\/cokhitanminh.com\/may-dong-goi\/wp-content\/uploads\/2021\/12\/may-di\u0323nh-luo\u0323ng-can-die\u0323n-tu\u0309-tmdg-2r3-cktmmdg-4.jpg 550w, https:\/\/cokhitanminh.com\/may-dong-goi\/wp-content\/uploads\/2021\/12\/may-di\u0323nh-luo\u0323ng-can-die\u0323n-tu\u0309-tmdg-2r3-cktmmdg-4-213x300.jpg 213w\" sizes=\"auto, (max-width: 550px) 100vw, 550px\" \/><\/a> <a href=\"https:\/\/cokhitanminh.com\/may-dong-goi\/wp-content\/uploads\/2021\/12\/may-di\u0323nh-luo\u0323ng-can-die\u0323n-tu\u0309-tmdg-2r3-cktmmdg-5.jpg\"><img loading=\"lazy\" decoding=\"async\" class=\"size-full wp-image-4878 aligncenter\" src=\"https:\/\/cokhitanminh.com\/may-dong-goi\/wp-content\/uploads\/2021\/12\/may-di\u0323nh-luo\u0323ng-can-die\u0323n-tu\u0309-tmdg-2r3-cktmmdg-5.jpg\" alt=\"\" width=\"550\" height=\"349\" srcset=\"https:\/\/cokhitanminh.com\/may-dong-goi\/wp-content\/uploads\/2021\/12\/may-di\u0323nh-luo\u0323ng-can-die\u0323n-tu\u0309-tmdg-2r3-cktmmdg-5.jpg 550w, https:\/\/cokhitanminh.com\/may-dong-goi\/wp-content\/uploads\/2021\/12\/may-di\u0323nh-luo\u0323ng-can-die\u0323n-tu\u0309-tmdg-2r3-cktmmdg-5-300x190.jpg 300w\" sizes=\"auto, (max-width: 550px) 100vw, 550px\" \/><\/a> <a href=\"https:\/\/cokhitanminh.com\/may-dong-goi\/wp-content\/uploads\/2021\/12\/may-di\u0323nh-luo\u0323ng-can-die\u0323n-tu\u0309-tmdg-2r3-cktmmdg-6.jpg\"><img loading=\"lazy\" decoding=\"async\" class=\"size-full wp-image-4879 aligncenter\" src=\"https:\/\/cokhitanminh.com\/may-dong-goi\/wp-content\/uploads\/2021\/12\/may-di\u0323nh-luo\u0323ng-can-die\u0323n-tu\u0309-tmdg-2r3-cktmmdg-6.jpg\" alt=\"\" width=\"550\" height=\"418\" srcset=\"https:\/\/cokhitanminh.com\/may-dong-goi\/wp-content\/uploads\/2021\/12\/may-di\u0323nh-luo\u0323ng-can-die\u0323n-tu\u0309-tmdg-2r3-cktmmdg-6.jpg 550w, https:\/\/cokhitanminh.com\/may-dong-goi\/wp-content\/uploads\/2021\/12\/may-di\u0323nh-luo\u0323ng-can-die\u0323n-tu\u0309-tmdg-2r3-cktmmdg-6-300x228.jpg 300w\" sizes=\"auto, (max-width: 550px) 100vw, 550px\" \/><\/a> <a href=\"https:\/\/cokhitanminh.com\/may-dong-goi\/wp-content\/uploads\/2021\/12\/may-di\u0323nh-luo\u0323ng-can-die\u0323n-tu\u0309-tmdg-2r3-cktmmdg-7.jpg\"><img loading=\"lazy\" decoding=\"async\" class=\"size-full wp-image-4880 aligncenter\" src=\"https:\/\/cokhitanminh.com\/may-dong-goi\/wp-content\/uploads\/2021\/12\/may-di\u0323nh-luo\u0323ng-can-die\u0323n-tu\u0309-tmdg-2r3-cktmmdg-7.jpg\" alt=\"\" width=\"550\" height=\"778\" srcset=\"https:\/\/cokhitanminh.com\/may-dong-goi\/wp-content\/uploads\/2021\/12\/may-di\u0323nh-luo\u0323ng-can-die\u0323n-tu\u0309-tmdg-2r3-cktmmdg-7.jpg 550w, https:\/\/cokhitanminh.com\/may-dong-goi\/wp-content\/uploads\/2021\/12\/may-di\u0323nh-luo\u0323ng-can-die\u0323n-tu\u0309-tmdg-2r3-cktmmdg-7-212x300.jpg 212w\" sizes=\"auto, (max-width: 550px) 100vw, 550px\" \/><\/a> <a href=\"https:\/\/cokhitanminh.com\/may-dong-goi\/wp-content\/uploads\/2021\/12\/may-di\u0323nh-luo\u0323ng-can-die\u0323n-tu\u0309-tmdg-2r3-cktmmdg-8.jpg\"><img loading=\"lazy\" decoding=\"async\" class=\"size-full wp-image-4881 aligncenter\" src=\"https:\/\/cokhitanminh.com\/may-dong-goi\/wp-content\/uploads\/2021\/12\/may-di\u0323nh-luo\u0323ng-can-die\u0323n-tu\u0309-tmdg-2r3-cktmmdg-8.jpg\" alt=\"\" width=\"550\" height=\"404\" srcset=\"https:\/\/cokhitanminh.com\/may-dong-goi\/wp-content\/uploads\/2021\/12\/may-di\u0323nh-luo\u0323ng-can-die\u0323n-tu\u0309-tmdg-2r3-cktmmdg-8.jpg 550w, https:\/\/cokhitanminh.com\/may-dong-goi\/wp-content\/uploads\/2021\/12\/may-di\u0323nh-luo\u0323ng-can-die\u0323n-tu\u0309-tmdg-2r3-cktmmdg-8-300x220.jpg 300w\" sizes=\"auto, (max-width: 550px) 100vw, 550px\" \/><\/a><\/p>\n<p>Chi ti\u1ebft s\u1ea3n ph\u1ea9m <em><strong>Ma\u0301y \u0111i\u0323nh l\u01b0\u01a1\u0323ng c\u00e2n \u0111i\u00ea\u0323n t\u01b0\u0309<\/strong><\/em> TM\u0110G-2R3 xin vui l\u00f2ng li\u00ean h\u1ec7 Hotline: 19002861 \u0110\u1ec3 \u0111\u01b0\u1ee3c t\u01b0 v\u1ea5n ho\u00e0n to\u00e0n mi\u1ec5n ph\u00ed!<\/p>\n","protected":false},"excerpt":{"rendered":"<p>Ma\u0301y \u0111i\u0323nh l\u01b0\u01a1\u0323ng c\u00e2n \u0111i\u00ea\u0323n t\u01b0\u0309 TM\u0110G-2R3 Ma\u0301y \u0111i\u0323nh l\u01b0\u01a1\u0323ng c\u00e2n \u0111i\u00ea\u0323n t\u01b0\u0309 TM\u0110G-2R3 \u0111\u01b0\u1ee3c nghi\u00ean c\u1ee9u s\u1ea3n xu\u1ea5t v\u00e0 ph\u00e2n ph\u1ed1i tr\u00ean to\u00e0n qu\u1ed1c. T\u1ea5t c\u1ea3 c\u00e1c s\u1ea3n ph\u1ea9m c\u1ee7a ch\u00fang t\u00f4i \u0111\u1ec1u \u0111\u01b0\u1ee3c ki\u1ec3m tra k\u1ef9 l\u01b0\u1ee1ng v\u00e0 v\u1eadn h\u00e0nh th\u1ef1c t\u1ebf \u0111\u1ec3 lu\u00f4n \u0111\u1ea3m b\u1ea3o ch\u1ea5t l\u01b0\u1ee3ng t\u1ed1t nh\u1ea5t tr\u01b0\u1edbc khi b\u00e0n &#8230;<\/p>\n","protected":false},"featured_media":4882,"comment_status":"open","ping_status":"closed","template":"","meta":[],"class_list":{"0":"post-3599","1":"product","2":"type-product","3":"status-publish","4":"has-post-thumbnail","6":"product_cat-may-dinh-luong","8":"first","9":"instock","10":"shipping-taxable","11":"purchasable","12":"product-type-simple"},"brands":[],"yoast_head":"<!-- This site is optimized with the Yoast SEO plugin v17.6 - https:\/\/yoast.com\/wordpress\/plugins\/seo\/ -->\n<title>Ma\u0301y \u0111i\u0323nh l\u01b0\u01a1\u0323ng c\u00e2n \u0111i\u00ea\u0323n t\u01b0\u0309 TM\u0110G-2R3 - M\u00c1Y \u0110\u00d3NG G\u00d3I T\u00c2N MINH<\/title>\n<meta name=\"description\" content=\"Ma\u0301y \u0111i\u0323nh l\u01b0\u01a1\u0323ng c\u00e2n \u0111i\u00ea\u0323n t\u01b0\u0309 TM\u0110G-2R3 uy t\u00edn ch\u1ea5t l\u01b0\u1ee3ng Li\u00ean h\u1ec7 Hotline 1: 1900 2861 | Hotline 2: 09 67 68 69 11 \u0110\u1ec3 \u0111\u01b0\u1ee3c t\u01b0 v\u1ea5n mi\u1ec5n ph\u00ed!\" \/>\n<meta name=\"robots\" content=\"index, follow, max-snippet:-1, max-image-preview:large, max-video-preview:-1\" \/>\n<link rel=\"canonical\" href=\"https:\/\/cokhitanminh.com\/may-dong-goi\/may-di\u0323nh-luo\u0323ng-can-die\u0323n-tu\u0309-tmdg-2r3\/\" \/>\n<meta property=\"og:locale\" content=\"vi_VN\" \/>\n<meta property=\"og:type\" content=\"article\" \/>\n<meta property=\"og:title\" content=\"Ma\u0301y \u0111i\u0323nh l\u01b0\u01a1\u0323ng c\u00e2n \u0111i\u00ea\u0323n t\u01b0\u0309 TM\u0110G-2R3 - M\u00c1Y \u0110\u00d3NG G\u00d3I T\u00c2N MINH\" \/>\n<meta property=\"og:description\" content=\"Ma\u0301y \u0111i\u0323nh l\u01b0\u01a1\u0323ng c\u00e2n \u0111i\u00ea\u0323n t\u01b0\u0309 TM\u0110G-2R3 uy t\u00edn ch\u1ea5t l\u01b0\u1ee3ng Li\u00ean h\u1ec7 Hotline 1: 1900 2861 | Hotline 2: 09 67 68 69 11 \u0110\u1ec3 \u0111\u01b0\u1ee3c t\u01b0 v\u1ea5n mi\u1ec5n ph\u00ed!\" \/>\n<meta property=\"og:url\" content=\"https:\/\/cokhitanminh.com\/may-dong-goi\/may-di\u0323nh-luo\u0323ng-can-die\u0323n-tu\u0309-tmdg-2r3\/\" \/>\n<meta property=\"og:site_name\" content=\"M\u00c1Y \u0110\u00d3NG G\u00d3I T\u00c2N MINH\" \/>\n<meta property=\"article:modified_time\" content=\"2021-12-13T02:43:55+00:00\" \/>\n<meta property=\"og:image\" content=\"https:\/\/cokhitanminh.com\/may-dong-goi\/wp-content\/uploads\/2021\/12\/may-di\u0323nh-luo\u0323ng-can-die\u0323n-tu\u0309-tmdg-2r3-cktmmdg-1.jpg\" \/>\n\t<meta property=\"og:image:width\" content=\"550\" \/>\n\t<meta property=\"og:image:height\" content=\"550\" \/>\n<meta name=\"twitter:card\" content=\"summary_large_image\" \/>\n<meta name=\"twitter:label1\" content=\"\u01af\u1edbc t\u00ednh th\u1eddi gian \u0111\u1ecdc\" \/>\n\t<meta name=\"twitter:data1\" content=\"1 ph\u00fat\" \/>\n<script type=\"application\/ld+json\" class=\"yoast-schema-graph\">{\"@context\":\"https:\/\/schema.org\",\"@graph\":[{\"@type\":\"WebSite\",\"@id\":\"https:\/\/cokhitanminh.com\/may-dong-goi\/#website\",\"url\":\"https:\/\/cokhitanminh.com\/may-dong-goi\/\",\"name\":\"M\\u00c1Y \\u0110\\u00d3NG G\\u00d3I T\\u00c2N MINH\",\"description\":\"Chuy\\u00ean gia m\\u00e1y \\u0111\\u00f3ng g\\u00f3i\",\"potentialAction\":[{\"@type\":\"SearchAction\",\"target\":{\"@type\":\"EntryPoint\",\"urlTemplate\":\"https:\/\/cokhitanminh.com\/may-dong-goi\/?s={search_term_string}\"},\"query-input\":\"required name=search_term_string\"}],\"inLanguage\":\"vi\"},{\"@type\":\"ImageObject\",\"@id\":\"https:\/\/cokhitanminh.com\/may-dong-goi\/may-di%cc%a3nh-luo%cc%a3ng-can-die%cc%a3n-tu%cc%89-tmdg-2r3\/#primaryimage\",\"inLanguage\":\"vi\",\"url\":\"https:\/\/cokhitanminh.com\/may-dong-goi\/wp-content\/uploads\/2021\/12\/may-di\\u0323nh-luo\\u0323ng-can-die\\u0323n-tu\\u0309-tmdg-2r3-cktmmdg-1.jpg\",\"contentUrl\":\"https:\/\/cokhitanminh.com\/may-dong-goi\/wp-content\/uploads\/2021\/12\/may-di\\u0323nh-luo\\u0323ng-can-die\\u0323n-tu\\u0309-tmdg-2r3-cktmmdg-1.jpg\",\"width\":550,\"height\":550},{\"@type\":\"WebPage\",\"@id\":\"https:\/\/cokhitanminh.com\/may-dong-goi\/may-di%cc%a3nh-luo%cc%a3ng-can-die%cc%a3n-tu%cc%89-tmdg-2r3\/#webpage\",\"url\":\"https:\/\/cokhitanminh.com\/may-dong-goi\/may-di%cc%a3nh-luo%cc%a3ng-can-die%cc%a3n-tu%cc%89-tmdg-2r3\/\",\"name\":\"Ma\\u0301y \\u0111i\\u0323nh l\\u01b0\\u01a1\\u0323ng c\\u00e2n \\u0111i\\u00ea\\u0323n t\\u01b0\\u0309 TM\\u0110G-2R3 - M\\u00c1Y \\u0110\\u00d3NG G\\u00d3I T\\u00c2N MINH\",\"isPartOf\":{\"@id\":\"https:\/\/cokhitanminh.com\/may-dong-goi\/#website\"},\"primaryImageOfPage\":{\"@id\":\"https:\/\/cokhitanminh.com\/may-dong-goi\/may-di%cc%a3nh-luo%cc%a3ng-can-die%cc%a3n-tu%cc%89-tmdg-2r3\/#primaryimage\"},\"datePublished\":\"2021-12-04T04:00:42+00:00\",\"dateModified\":\"2021-12-13T02:43:55+00:00\",\"description\":\"Ma\\u0301y \\u0111i\\u0323nh l\\u01b0\\u01a1\\u0323ng c\\u00e2n \\u0111i\\u00ea\\u0323n t\\u01b0\\u0309 TM\\u0110G-2R3 uy t\\u00edn ch\\u1ea5t l\\u01b0\\u1ee3ng Li\\u00ean h\\u1ec7 Hotline 1: 1900 2861 | Hotline 2: 09 67 68 69 11 \\u0110\\u1ec3 \\u0111\\u01b0\\u1ee3c t\\u01b0 v\\u1ea5n mi\\u1ec5n ph\\u00ed!\",\"breadcrumb\":{\"@id\":\"https:\/\/cokhitanminh.com\/may-dong-goi\/may-di%cc%a3nh-luo%cc%a3ng-can-die%cc%a3n-tu%cc%89-tmdg-2r3\/#breadcrumb\"},\"inLanguage\":\"vi\",\"potentialAction\":[{\"@type\":\"ReadAction\",\"target\":[\"https:\/\/cokhitanminh.com\/may-dong-goi\/may-di%cc%a3nh-luo%cc%a3ng-can-die%cc%a3n-tu%cc%89-tmdg-2r3\/\"]}]},{\"@type\":\"BreadcrumbList\",\"@id\":\"https:\/\/cokhitanminh.com\/may-dong-goi\/may-di%cc%a3nh-luo%cc%a3ng-can-die%cc%a3n-tu%cc%89-tmdg-2r3\/#breadcrumb\",\"itemListElement\":[{\"@type\":\"ListItem\",\"position\":1,\"name\":\"Trang ch\\u1ee7\",\"item\":\"https:\/\/cokhitanminh.com\/may-dong-goi\/\"},{\"@type\":\"ListItem\",\"position\":2,\"name\":\"C\\u1eeda h\\u00e0ng\",\"item\":\"https:\/\/cokhitanminh.com\/may-dong-goi\/mua\/\"},{\"@type\":\"ListItem\",\"position\":3,\"name\":\"Ma\\u0301y \\u0111i\\u0323nh l\\u01b0\\u01a1\\u0323ng c\\u00e2n \\u0111i\\u00ea\\u0323n t\\u01b0\\u0309 TM\\u0110G-2R3\"}]}]}<\/script>\n<!-- \/ Yoast SEO plugin. -->","yoast_head_json":{"title":"Ma\u0301y \u0111i\u0323nh l\u01b0\u01a1\u0323ng c\u00e2n \u0111i\u00ea\u0323n t\u01b0\u0309 TM\u0110G-2R3 - M\u00c1Y \u0110\u00d3NG G\u00d3I T\u00c2N MINH","description":"Ma\u0301y \u0111i\u0323nh l\u01b0\u01a1\u0323ng c\u00e2n \u0111i\u00ea\u0323n t\u01b0\u0309 TM\u0110G-2R3 uy t\u00edn ch\u1ea5t l\u01b0\u1ee3ng Li\u00ean h\u1ec7 Hotline 1: 1900 2861 | Hotline 2: 09 67 68 69 11 \u0110\u1ec3 \u0111\u01b0\u1ee3c t\u01b0 v\u1ea5n mi\u1ec5n ph\u00ed!","robots":{"index":"index","follow":"follow","max-snippet":"max-snippet:-1","max-image-preview":"max-image-preview:large","max-video-preview":"max-video-preview:-1"},"canonical":"https:\/\/cokhitanminh.com\/may-dong-goi\/may-di\u0323nh-luo\u0323ng-can-die\u0323n-tu\u0309-tmdg-2r3\/","og_locale":"vi_VN","og_type":"article","og_title":"Ma\u0301y \u0111i\u0323nh l\u01b0\u01a1\u0323ng c\u00e2n \u0111i\u00ea\u0323n t\u01b0\u0309 TM\u0110G-2R3 - M\u00c1Y \u0110\u00d3NG G\u00d3I T\u00c2N MINH","og_description":"Ma\u0301y \u0111i\u0323nh l\u01b0\u01a1\u0323ng c\u00e2n \u0111i\u00ea\u0323n t\u01b0\u0309 TM\u0110G-2R3 uy t\u00edn ch\u1ea5t l\u01b0\u1ee3ng Li\u00ean h\u1ec7 Hotline 1: 1900 2861 | Hotline 2: 09 67 68 69 11 \u0110\u1ec3 \u0111\u01b0\u1ee3c t\u01b0 v\u1ea5n mi\u1ec5n ph\u00ed!","og_url":"https:\/\/cokhitanminh.com\/may-dong-goi\/may-di\u0323nh-luo\u0323ng-can-die\u0323n-tu\u0309-tmdg-2r3\/","og_site_name":"M\u00c1Y \u0110\u00d3NG G\u00d3I T\u00c2N MINH","article_modified_time":"2021-12-13T02:43:55+00:00","og_image":[{"width":550,"height":550,"url":"https:\/\/cokhitanminh.com\/may-dong-goi\/wp-content\/uploads\/2021\/12\/may-di\u0323nh-luo\u0323ng-can-die\u0323n-tu\u0309-tmdg-2r3-cktmmdg-1.jpg","type":"image\/jpeg"}],"twitter_card":"summary_large_image","twitter_misc":{"\u01af\u1edbc t\u00ednh th\u1eddi gian \u0111\u1ecdc":"1 ph\u00fat"},"schema":{"@context":"https:\/\/schema.org","@graph":[{"@type":"WebSite","@id":"https:\/\/cokhitanminh.com\/may-dong-goi\/#website","url":"https:\/\/cokhitanminh.com\/may-dong-goi\/","name":"M\u00c1Y \u0110\u00d3NG G\u00d3I T\u00c2N MINH","description":"Chuy\u00ean gia m\u00e1y \u0111\u00f3ng g\u00f3i","potentialAction":[{"@type":"SearchAction","target":{"@type":"EntryPoint","urlTemplate":"https:\/\/cokhitanminh.com\/may-dong-goi\/?s={search_term_string}"},"query-input":"required name=search_term_string"}],"inLanguage":"vi"},{"@type":"ImageObject","@id":"https:\/\/cokhitanminh.com\/may-dong-goi\/may-di%cc%a3nh-luo%cc%a3ng-can-die%cc%a3n-tu%cc%89-tmdg-2r3\/#primaryimage","inLanguage":"vi","url":"https:\/\/cokhitanminh.com\/may-dong-goi\/wp-content\/uploads\/2021\/12\/may-di\u0323nh-luo\u0323ng-can-die\u0323n-tu\u0309-tmdg-2r3-cktmmdg-1.jpg","contentUrl":"https:\/\/cokhitanminh.com\/may-dong-goi\/wp-content\/uploads\/2021\/12\/may-di\u0323nh-luo\u0323ng-can-die\u0323n-tu\u0309-tmdg-2r3-cktmmdg-1.jpg","width":550,"height":550},{"@type":"WebPage","@id":"https:\/\/cokhitanminh.com\/may-dong-goi\/may-di%cc%a3nh-luo%cc%a3ng-can-die%cc%a3n-tu%cc%89-tmdg-2r3\/#webpage","url":"https:\/\/cokhitanminh.com\/may-dong-goi\/may-di%cc%a3nh-luo%cc%a3ng-can-die%cc%a3n-tu%cc%89-tmdg-2r3\/","name":"Ma\u0301y \u0111i\u0323nh l\u01b0\u01a1\u0323ng c\u00e2n \u0111i\u00ea\u0323n t\u01b0\u0309 TM\u0110G-2R3 - M\u00c1Y \u0110\u00d3NG G\u00d3I T\u00c2N MINH","isPartOf":{"@id":"https:\/\/cokhitanminh.com\/may-dong-goi\/#website"},"primaryImageOfPage":{"@id":"https:\/\/cokhitanminh.com\/may-dong-goi\/may-di%cc%a3nh-luo%cc%a3ng-can-die%cc%a3n-tu%cc%89-tmdg-2r3\/#primaryimage"},"datePublished":"2021-12-04T04:00:42+00:00","dateModified":"2021-12-13T02:43:55+00:00","description":"Ma\u0301y \u0111i\u0323nh l\u01b0\u01a1\u0323ng c\u00e2n \u0111i\u00ea\u0323n t\u01b0\u0309 TM\u0110G-2R3 uy t\u00edn ch\u1ea5t l\u01b0\u1ee3ng Li\u00ean h\u1ec7 Hotline 1: 1900 2861 | Hotline 2: 09 67 68 69 11 \u0110\u1ec3 \u0111\u01b0\u1ee3c t\u01b0 v\u1ea5n mi\u1ec5n ph\u00ed!","breadcrumb":{"@id":"https:\/\/cokhitanminh.com\/may-dong-goi\/may-di%cc%a3nh-luo%cc%a3ng-can-die%cc%a3n-tu%cc%89-tmdg-2r3\/#breadcrumb"},"inLanguage":"vi","potentialAction":[{"@type":"ReadAction","target":["https:\/\/cokhitanminh.com\/may-dong-goi\/may-di%cc%a3nh-luo%cc%a3ng-can-die%cc%a3n-tu%cc%89-tmdg-2r3\/"]}]},{"@type":"BreadcrumbList","@id":"https:\/\/cokhitanminh.com\/may-dong-goi\/may-di%cc%a3nh-luo%cc%a3ng-can-die%cc%a3n-tu%cc%89-tmdg-2r3\/#breadcrumb","itemListElement":[{"@type":"ListItem","position":1,"name":"Trang ch\u1ee7","item":"https:\/\/cokhitanminh.com\/may-dong-goi\/"},{"@type":"ListItem","position":2,"name":"C\u1eeda h\u00e0ng","item":"https:\/\/cokhitanminh.com\/may-dong-goi\/mua\/"},{"@type":"ListItem","position":3,"name":"Ma\u0301y \u0111i\u0323nh l\u01b0\u01a1\u0323ng c\u00e2n \u0111i\u00ea\u0323n t\u01b0\u0309 TM\u0110G-2R3"}]}]}},"_links":{"self":[{"href":"https:\/\/cokhitanminh.com\/may-dong-goi\/wp-json\/wp\/v2\/product\/3599","targetHints":{"allow":["GET"]}}],"collection":[{"href":"https:\/\/cokhitanminh.com\/may-dong-goi\/wp-json\/wp\/v2\/product"}],"about":[{"href":"https:\/\/cokhitanminh.com\/may-dong-goi\/wp-json\/wp\/v2\/types\/product"}],"replies":[{"embeddable":true,"href":"https:\/\/cokhitanminh.com\/may-dong-goi\/wp-json\/wp\/v2\/comments?post=3599"}],"wp:featuredmedia":[{"embeddable":true,"href":"https:\/\/cokhitanminh.com\/may-dong-goi\/wp-json\/wp\/v2\/media\/4882"}],"wp:attachment":[{"href":"https:\/\/cokhitanminh.com\/may-dong-goi\/wp-json\/wp\/v2\/media?parent=3599"}],"curies":[{"name":"wp","href":"https:\/\/api.w.org\/{rel}","templated":true}]}}