{"id":3579,"date":"2021-12-04T03:59:15","date_gmt":"2021-12-04T03:59:15","guid":{"rendered":"https:\/\/cokhitanminh.com\/may-dong-goi\/?post_type=product&#038;p=3579"},"modified":"2023-11-01T07:56:39","modified_gmt":"2023-11-01T07:56:39","slug":"may-di%cc%a3nh-luo%cc%a3ng-can-dien-tu-tmdg-2r5","status":"publish","type":"product","link":"https:\/\/cokhitanminh.com\/may-dong-goi\/may-di%cc%a3nh-luo%cc%a3ng-can-dien-tu-tmdg-2r5\/","title":{"rendered":"Ma\u0301y \u0111i\u0323nh l\u01b0\u01a1\u0323ng c\u00e2n \u0111i\u00ea\u0323n t\u01b0\u0309  TM\u0110G-2R5"},"content":{"rendered":"<p><a href=\"https:\/\/cokhitanminh.com\/may-dong-goi\/may-di%cc%a3nh-luo%cc%a3ng-can-die%cc%a3n-tu%cc%89-tmdg-2r5\/\"><em><strong>Ma\u0301y \u0111i\u0323nh l\u01b0\u01a1\u0323ng c\u00e2n \u0111i\u00ea\u0323n t\u01b0\u0309 TM\u0110G-2R5<\/strong><\/em><\/a> \u0111\u01b0\u1ee3c C\u00f4ng Ty C\u01a1 Kh\u00ed T\u00e2n Minh s\u1ea3n xu\u1ea5t v\u00e0 ph\u00e2n ph\u1ed1i tr\u00ean to\u00e0n qu\u1ed1c. M\u00e1y \u0111\u01b0\u1ee3c \u1ee9ng d\u1ee5ng trong l\u0129nh v\u1ef1c M\u00e1y \u0110\u00f3ng G\u00f3i. C\u00e1c s\u1ea3n ph\u1ea9m c\u1ee7a ch\u00fang t\u00f4i \u0111\u1ec1u \u0111\u01b0\u1ee3c ki\u1ec3m tra k\u1ef9 l\u01b0\u1ee1ng v\u00e0 v\u1eadn h\u00e0nh th\u1ef1c t\u1ebf \u0111\u1ec3 lu\u00f4n \u0111\u1ea3m b\u1ea3o ch\u1ea5t l\u01b0\u1ee3ng t\u1ed1t nh\u1ea5t tr\u01b0\u1edbc khi b\u00e0n giao thi\u1ebft b\u1ecb cho kh\u00e1ch h\u00e0ng.<\/p>\n<p style=\"text-align: left;\"><strong>H\u00ccNH \u1ea2NH M\u00c1Y<\/strong><\/p>\n<p style=\"text-align: center;\"><a href=\"https:\/\/cokhitanminh.com\/may-dong-goi\/wp-content\/uploads\/2021\/12\/may-dinh-luong-can-dien-tu-tmdg-2r5-cktmmdg-2.jpg\"><img loading=\"lazy\" decoding=\"async\" class=\"alignnone size-full wp-image-4973\" src=\"https:\/\/cokhitanminh.com\/may-dong-goi\/wp-content\/uploads\/2021\/12\/may-dinh-luong-can-dien-tu-tmdg-2r5-cktmmdg-2.jpg\" alt=\"\" width=\"650\" height=\"365\" srcset=\"https:\/\/cokhitanminh.com\/may-dong-goi\/wp-content\/uploads\/2021\/12\/may-dinh-luong-can-dien-tu-tmdg-2r5-cktmmdg-2.jpg 650w, https:\/\/cokhitanminh.com\/may-dong-goi\/wp-content\/uploads\/2021\/12\/may-dinh-luong-can-dien-tu-tmdg-2r5-cktmmdg-2-300x168.jpg 300w, https:\/\/cokhitanminh.com\/may-dong-goi\/wp-content\/uploads\/2021\/12\/may-dinh-luong-can-dien-tu-tmdg-2r5-cktmmdg-2-600x337.jpg 600w\" sizes=\"auto, (max-width: 650px) 100vw, 650px\" \/><\/a><\/p>\n<p style=\"text-align: center;\"><a href=\"https:\/\/cokhitanminh.com\/may-dong-goi\/wp-content\/uploads\/2021\/12\/may-dinh-luong-can-dien-tu-tmdg-2r5-cktmmdg-3.jpg\"><img loading=\"lazy\" decoding=\"async\" class=\"alignnone size-full wp-image-4974\" src=\"https:\/\/cokhitanminh.com\/may-dong-goi\/wp-content\/uploads\/2021\/12\/may-dinh-luong-can-dien-tu-tmdg-2r5-cktmmdg-3.jpg\" alt=\"\" width=\"650\" height=\"650\" srcset=\"https:\/\/cokhitanminh.com\/may-dong-goi\/wp-content\/uploads\/2021\/12\/may-dinh-luong-can-dien-tu-tmdg-2r5-cktmmdg-3.jpg 650w, https:\/\/cokhitanminh.com\/may-dong-goi\/wp-content\/uploads\/2021\/12\/may-dinh-luong-can-dien-tu-tmdg-2r5-cktmmdg-3-300x300.jpg 300w, https:\/\/cokhitanminh.com\/may-dong-goi\/wp-content\/uploads\/2021\/12\/may-dinh-luong-can-dien-tu-tmdg-2r5-cktmmdg-3-150x150.jpg 150w, https:\/\/cokhitanminh.com\/may-dong-goi\/wp-content\/uploads\/2021\/12\/may-dinh-luong-can-dien-tu-tmdg-2r5-cktmmdg-3-600x600.jpg 600w, https:\/\/cokhitanminh.com\/may-dong-goi\/wp-content\/uploads\/2021\/12\/may-dinh-luong-can-dien-tu-tmdg-2r5-cktmmdg-3-100x100.jpg 100w\" sizes=\"auto, (max-width: 650px) 100vw, 650px\" \/><\/a><\/p>\n<p style=\"text-align: center;\"><a href=\"https:\/\/cokhitanminh.com\/may-dong-goi\/wp-content\/uploads\/2021\/12\/may-dinh-luong-can-dien-tu-tmdg-2r5-cktmmdg-4.jpg\"><img loading=\"lazy\" decoding=\"async\" class=\"alignnone size-full wp-image-4976\" src=\"https:\/\/cokhitanminh.com\/may-dong-goi\/wp-content\/uploads\/2021\/12\/may-dinh-luong-can-dien-tu-tmdg-2r5-cktmmdg-4.jpg\" alt=\"\" width=\"650\" height=\"650\" srcset=\"https:\/\/cokhitanminh.com\/may-dong-goi\/wp-content\/uploads\/2021\/12\/may-dinh-luong-can-dien-tu-tmdg-2r5-cktmmdg-4.jpg 650w, https:\/\/cokhitanminh.com\/may-dong-goi\/wp-content\/uploads\/2021\/12\/may-dinh-luong-can-dien-tu-tmdg-2r5-cktmmdg-4-300x300.jpg 300w, https:\/\/cokhitanminh.com\/may-dong-goi\/wp-content\/uploads\/2021\/12\/may-dinh-luong-can-dien-tu-tmdg-2r5-cktmmdg-4-150x150.jpg 150w, https:\/\/cokhitanminh.com\/may-dong-goi\/wp-content\/uploads\/2021\/12\/may-dinh-luong-can-dien-tu-tmdg-2r5-cktmmdg-4-600x600.jpg 600w, https:\/\/cokhitanminh.com\/may-dong-goi\/wp-content\/uploads\/2021\/12\/may-dinh-luong-can-dien-tu-tmdg-2r5-cktmmdg-4-100x100.jpg 100w\" sizes=\"auto, (max-width: 650px) 100vw, 650px\" \/><\/a><\/p>\n<p><strong>TH\u00d4NG S\u1ed0 K\u0128 THU\u1eacT\u00a0<\/strong><\/p>\n<p style=\"text-align: center;\"><img loading=\"lazy\" decoding=\"async\" class=\"size-full wp-image-8759 aligncenter\" src=\"https:\/\/cokhitanminh.com\/may-dong-goi\/wp-content\/uploads\/2021\/12\/may-di\u0323nh-luo\u0323ng-can-dien-tu-tmdg-2r5.jpg\" alt=\"\" width=\"608\" height=\"261\" srcset=\"https:\/\/cokhitanminh.com\/may-dong-goi\/wp-content\/uploads\/2021\/12\/may-di\u0323nh-luo\u0323ng-can-dien-tu-tmdg-2r5.jpg 608w, https:\/\/cokhitanminh.com\/may-dong-goi\/wp-content\/uploads\/2021\/12\/may-di\u0323nh-luo\u0323ng-can-dien-tu-tmdg-2r5-300x129.jpg 300w, https:\/\/cokhitanminh.com\/may-dong-goi\/wp-content\/uploads\/2021\/12\/may-di\u0323nh-luo\u0323ng-can-dien-tu-tmdg-2r5-600x258.jpg 600w\" sizes=\"auto, (max-width: 608px) 100vw, 608px\" \/><\/p>\n<p>Xem th\u00eam: <em><strong>Ma\u0301y \u0111i\u0323nh l\u01b0\u01a1\u0323ng c\u00e2n \u0111i\u00ea\u0323n t\u01b0\u0309 TM\u0110G-2R5<\/strong><\/em><\/p>\n","protected":false},"excerpt":{"rendered":"<p><em><strong>Ma\u0301y \u0111i\u0323nh l\u01b0\u01a1\u0323ng c\u00e2n \u0111i\u00ea\u0323n t\u01b0\u0309 TM\u0110G-2R5<\/strong><\/em> \u0111\u01b0\u1ee3c C\u00f4ng Ty C\u01a1 Kh\u00ed T\u00e2n Minh s\u1ea3n xu\u1ea5t v\u00e0 ph\u00e2n ph\u1ed1i tr\u00ean to\u00e0n qu\u1ed1c. M\u00e1y \u0111\u01b0\u1ee3c \u1ee9ng d\u1ee5ng trong l\u0129nh v\u1ef1c M\u00e1y \u0110\u00f3ng G\u00f3i. C\u00e1c s\u1ea3n ph\u1ea9m c\u1ee7a ch\u00fang t\u00f4i \u0111\u1ec1u \u0111\u01b0\u1ee3c ki\u1ec3m tra k\u1ef9 l\u01b0\u1ee1ng v\u00e0 v\u1eadn h\u00e0nh th\u1ef1c t\u1ebf \u0111\u1ec3 lu\u00f4n \u0111\u1ea3m b\u1ea3o ch\u1ea5t l\u01b0\u1ee3ng t\u1ed1t nh\u1ea5t tr\u01b0\u1edbc khi b\u00e0n giao thi\u1ebft b\u1ecb cho kh\u00e1ch h\u00e0ng.<\/p>\n","protected":false},"featured_media":4978,"comment_status":"open","ping_status":"closed","template":"","meta":[],"class_list":{"0":"post-3579","1":"product","2":"type-product","3":"status-publish","4":"has-post-thumbnail","6":"product_cat-may-dinh-luong","8":"first","9":"instock","10":"shipping-taxable","11":"purchasable","12":"product-type-simple"},"brands":[],"yoast_head":"<!-- This site is optimized with the Yoast SEO plugin v17.6 - https:\/\/yoast.com\/wordpress\/plugins\/seo\/ -->\n<title>Ma\u0301y \u0111i\u0323nh l\u01b0\u01a1\u0323ng c\u00e2n \u0111i\u00ea\u0323n t\u01b0\u0309 TM\u0110G-2R5 - M\u00c1Y \u0110\u00d3NG G\u00d3I T\u00c2N MINH<\/title>\n<meta name=\"description\" content=\"Ma\u0301y \u0111i\u0323nh l\u01b0\u01a1\u0323ng c\u00e2n \u0111i\u00ea\u0323n t\u01b0\u0309 TM\u0110G-2R5 gi\u00e1 r\u1ebb. chi ti\u1ebft xin vui l\u00f2ng li\u00ean h\u1ec7 hotline: 19002861 - 0967686911 \u0111\u1ec3 \u0111\u01b0\u1ee3c t\u01b0 v\u1ea5n ho\u00e0n to\u00e0n mi\u1ec5n ph\u00ed\" \/>\n<meta name=\"robots\" content=\"index, follow, max-snippet:-1, max-image-preview:large, max-video-preview:-1\" \/>\n<link rel=\"canonical\" href=\"https:\/\/cokhitanminh.com\/may-dong-goi\/may-di\u0323nh-luo\u0323ng-can-dien-tu-tmdg-2r5\/\" \/>\n<meta property=\"og:locale\" content=\"vi_VN\" \/>\n<meta property=\"og:type\" content=\"article\" \/>\n<meta property=\"og:title\" content=\"Ma\u0301y \u0111i\u0323nh l\u01b0\u01a1\u0323ng c\u00e2n \u0111i\u00ea\u0323n t\u01b0\u0309 TM\u0110G-2R5 - M\u00c1Y \u0110\u00d3NG G\u00d3I T\u00c2N MINH\" \/>\n<meta property=\"og:description\" content=\"Ma\u0301y \u0111i\u0323nh l\u01b0\u01a1\u0323ng c\u00e2n \u0111i\u00ea\u0323n t\u01b0\u0309 TM\u0110G-2R5 gi\u00e1 r\u1ebb. chi ti\u1ebft xin vui l\u00f2ng li\u00ean h\u1ec7 hotline: 19002861 - 0967686911 \u0111\u1ec3 \u0111\u01b0\u1ee3c t\u01b0 v\u1ea5n ho\u00e0n to\u00e0n mi\u1ec5n ph\u00ed\" \/>\n<meta property=\"og:url\" content=\"https:\/\/cokhitanminh.com\/may-dong-goi\/may-di\u0323nh-luo\u0323ng-can-dien-tu-tmdg-2r5\/\" \/>\n<meta property=\"og:site_name\" content=\"M\u00c1Y \u0110\u00d3NG G\u00d3I T\u00c2N MINH\" \/>\n<meta property=\"article:modified_time\" content=\"2023-11-01T07:56:39+00:00\" \/>\n<meta property=\"og:image\" content=\"https:\/\/cokhitanminh.com\/may-dong-goi\/wp-content\/uploads\/2021\/12\/may-dinh-luong-can-dien-tu-tmdg-2r5-cktmmdg-1.jpg\" \/>\n\t<meta property=\"og:image:width\" content=\"550\" \/>\n\t<meta property=\"og:image:height\" content=\"550\" \/>\n<meta name=\"twitter:card\" content=\"summary_large_image\" \/>\n<meta name=\"twitter:label1\" content=\"\u01af\u1edbc t\u00ednh th\u1eddi gian \u0111\u1ecdc\" \/>\n\t<meta name=\"twitter:data1\" content=\"2 ph\u00fat\" \/>\n<script type=\"application\/ld+json\" class=\"yoast-schema-graph\">{\"@context\":\"https:\/\/schema.org\",\"@graph\":[{\"@type\":\"WebSite\",\"@id\":\"https:\/\/cokhitanminh.com\/may-dong-goi\/#website\",\"url\":\"https:\/\/cokhitanminh.com\/may-dong-goi\/\",\"name\":\"M\\u00c1Y \\u0110\\u00d3NG G\\u00d3I T\\u00c2N MINH\",\"description\":\"Chuy\\u00ean gia m\\u00e1y \\u0111\\u00f3ng g\\u00f3i\",\"potentialAction\":[{\"@type\":\"SearchAction\",\"target\":{\"@type\":\"EntryPoint\",\"urlTemplate\":\"https:\/\/cokhitanminh.com\/may-dong-goi\/?s={search_term_string}\"},\"query-input\":\"required name=search_term_string\"}],\"inLanguage\":\"vi\"},{\"@type\":\"ImageObject\",\"@id\":\"https:\/\/cokhitanminh.com\/may-dong-goi\/may-di%cc%a3nh-luo%cc%a3ng-can-dien-tu-tmdg-2r5\/#primaryimage\",\"inLanguage\":\"vi\",\"url\":\"https:\/\/cokhitanminh.com\/may-dong-goi\/wp-content\/uploads\/2021\/12\/may-dinh-luong-can-dien-tu-tmdg-2r5-cktmmdg-1.jpg\",\"contentUrl\":\"https:\/\/cokhitanminh.com\/may-dong-goi\/wp-content\/uploads\/2021\/12\/may-dinh-luong-can-dien-tu-tmdg-2r5-cktmmdg-1.jpg\",\"width\":550,\"height\":550},{\"@type\":\"WebPage\",\"@id\":\"https:\/\/cokhitanminh.com\/may-dong-goi\/may-di%cc%a3nh-luo%cc%a3ng-can-dien-tu-tmdg-2r5\/#webpage\",\"url\":\"https:\/\/cokhitanminh.com\/may-dong-goi\/may-di%cc%a3nh-luo%cc%a3ng-can-dien-tu-tmdg-2r5\/\",\"name\":\"Ma\\u0301y \\u0111i\\u0323nh l\\u01b0\\u01a1\\u0323ng c\\u00e2n \\u0111i\\u00ea\\u0323n t\\u01b0\\u0309 TM\\u0110G-2R5 - M\\u00c1Y \\u0110\\u00d3NG G\\u00d3I T\\u00c2N MINH\",\"isPartOf\":{\"@id\":\"https:\/\/cokhitanminh.com\/may-dong-goi\/#website\"},\"primaryImageOfPage\":{\"@id\":\"https:\/\/cokhitanminh.com\/may-dong-goi\/may-di%cc%a3nh-luo%cc%a3ng-can-dien-tu-tmdg-2r5\/#primaryimage\"},\"datePublished\":\"2021-12-04T03:59:15+00:00\",\"dateModified\":\"2023-11-01T07:56:39+00:00\",\"description\":\"Ma\\u0301y \\u0111i\\u0323nh l\\u01b0\\u01a1\\u0323ng c\\u00e2n \\u0111i\\u00ea\\u0323n t\\u01b0\\u0309 TM\\u0110G-2R5 gi\\u00e1 r\\u1ebb. chi ti\\u1ebft xin vui l\\u00f2ng li\\u00ean h\\u1ec7 hotline: 19002861 - 0967686911 \\u0111\\u1ec3 \\u0111\\u01b0\\u1ee3c t\\u01b0 v\\u1ea5n ho\\u00e0n to\\u00e0n mi\\u1ec5n ph\\u00ed\",\"breadcrumb\":{\"@id\":\"https:\/\/cokhitanminh.com\/may-dong-goi\/may-di%cc%a3nh-luo%cc%a3ng-can-dien-tu-tmdg-2r5\/#breadcrumb\"},\"inLanguage\":\"vi\",\"potentialAction\":[{\"@type\":\"ReadAction\",\"target\":[\"https:\/\/cokhitanminh.com\/may-dong-goi\/may-di%cc%a3nh-luo%cc%a3ng-can-dien-tu-tmdg-2r5\/\"]}]},{\"@type\":\"BreadcrumbList\",\"@id\":\"https:\/\/cokhitanminh.com\/may-dong-goi\/may-di%cc%a3nh-luo%cc%a3ng-can-dien-tu-tmdg-2r5\/#breadcrumb\",\"itemListElement\":[{\"@type\":\"ListItem\",\"position\":1,\"name\":\"Trang ch\\u1ee7\",\"item\":\"https:\/\/cokhitanminh.com\/may-dong-goi\/\"},{\"@type\":\"ListItem\",\"position\":2,\"name\":\"C\\u1eeda h\\u00e0ng\",\"item\":\"https:\/\/cokhitanminh.com\/may-dong-goi\/mua\/\"},{\"@type\":\"ListItem\",\"position\":3,\"name\":\"Ma\\u0301y \\u0111i\\u0323nh l\\u01b0\\u01a1\\u0323ng c\\u00e2n \\u0111i\\u00ea\\u0323n t\\u01b0\\u0309 TM\\u0110G-2R5\"}]}]}<\/script>\n<!-- \/ Yoast SEO plugin. -->","yoast_head_json":{"title":"Ma\u0301y \u0111i\u0323nh l\u01b0\u01a1\u0323ng c\u00e2n \u0111i\u00ea\u0323n t\u01b0\u0309 TM\u0110G-2R5 - M\u00c1Y \u0110\u00d3NG G\u00d3I T\u00c2N MINH","description":"Ma\u0301y \u0111i\u0323nh l\u01b0\u01a1\u0323ng c\u00e2n \u0111i\u00ea\u0323n t\u01b0\u0309 TM\u0110G-2R5 gi\u00e1 r\u1ebb. chi ti\u1ebft xin vui l\u00f2ng li\u00ean h\u1ec7 hotline: 19002861 - 0967686911 \u0111\u1ec3 \u0111\u01b0\u1ee3c t\u01b0 v\u1ea5n ho\u00e0n to\u00e0n mi\u1ec5n ph\u00ed","robots":{"index":"index","follow":"follow","max-snippet":"max-snippet:-1","max-image-preview":"max-image-preview:large","max-video-preview":"max-video-preview:-1"},"canonical":"https:\/\/cokhitanminh.com\/may-dong-goi\/may-di\u0323nh-luo\u0323ng-can-dien-tu-tmdg-2r5\/","og_locale":"vi_VN","og_type":"article","og_title":"Ma\u0301y \u0111i\u0323nh l\u01b0\u01a1\u0323ng c\u00e2n \u0111i\u00ea\u0323n t\u01b0\u0309 TM\u0110G-2R5 - M\u00c1Y \u0110\u00d3NG G\u00d3I T\u00c2N MINH","og_description":"Ma\u0301y \u0111i\u0323nh l\u01b0\u01a1\u0323ng c\u00e2n \u0111i\u00ea\u0323n t\u01b0\u0309 TM\u0110G-2R5 gi\u00e1 r\u1ebb. chi ti\u1ebft xin vui l\u00f2ng li\u00ean h\u1ec7 hotline: 19002861 - 0967686911 \u0111\u1ec3 \u0111\u01b0\u1ee3c t\u01b0 v\u1ea5n ho\u00e0n to\u00e0n mi\u1ec5n ph\u00ed","og_url":"https:\/\/cokhitanminh.com\/may-dong-goi\/may-di\u0323nh-luo\u0323ng-can-dien-tu-tmdg-2r5\/","og_site_name":"M\u00c1Y \u0110\u00d3NG G\u00d3I T\u00c2N MINH","article_modified_time":"2023-11-01T07:56:39+00:00","og_image":[{"width":550,"height":550,"url":"https:\/\/cokhitanminh.com\/may-dong-goi\/wp-content\/uploads\/2021\/12\/may-dinh-luong-can-dien-tu-tmdg-2r5-cktmmdg-1.jpg","type":"image\/jpeg"}],"twitter_card":"summary_large_image","twitter_misc":{"\u01af\u1edbc t\u00ednh th\u1eddi gian \u0111\u1ecdc":"2 ph\u00fat"},"schema":{"@context":"https:\/\/schema.org","@graph":[{"@type":"WebSite","@id":"https:\/\/cokhitanminh.com\/may-dong-goi\/#website","url":"https:\/\/cokhitanminh.com\/may-dong-goi\/","name":"M\u00c1Y \u0110\u00d3NG G\u00d3I T\u00c2N MINH","description":"Chuy\u00ean gia m\u00e1y \u0111\u00f3ng g\u00f3i","potentialAction":[{"@type":"SearchAction","target":{"@type":"EntryPoint","urlTemplate":"https:\/\/cokhitanminh.com\/may-dong-goi\/?s={search_term_string}"},"query-input":"required name=search_term_string"}],"inLanguage":"vi"},{"@type":"ImageObject","@id":"https:\/\/cokhitanminh.com\/may-dong-goi\/may-di%cc%a3nh-luo%cc%a3ng-can-dien-tu-tmdg-2r5\/#primaryimage","inLanguage":"vi","url":"https:\/\/cokhitanminh.com\/may-dong-goi\/wp-content\/uploads\/2021\/12\/may-dinh-luong-can-dien-tu-tmdg-2r5-cktmmdg-1.jpg","contentUrl":"https:\/\/cokhitanminh.com\/may-dong-goi\/wp-content\/uploads\/2021\/12\/may-dinh-luong-can-dien-tu-tmdg-2r5-cktmmdg-1.jpg","width":550,"height":550},{"@type":"WebPage","@id":"https:\/\/cokhitanminh.com\/may-dong-goi\/may-di%cc%a3nh-luo%cc%a3ng-can-dien-tu-tmdg-2r5\/#webpage","url":"https:\/\/cokhitanminh.com\/may-dong-goi\/may-di%cc%a3nh-luo%cc%a3ng-can-dien-tu-tmdg-2r5\/","name":"Ma\u0301y \u0111i\u0323nh l\u01b0\u01a1\u0323ng c\u00e2n \u0111i\u00ea\u0323n t\u01b0\u0309 TM\u0110G-2R5 - M\u00c1Y \u0110\u00d3NG G\u00d3I T\u00c2N MINH","isPartOf":{"@id":"https:\/\/cokhitanminh.com\/may-dong-goi\/#website"},"primaryImageOfPage":{"@id":"https:\/\/cokhitanminh.com\/may-dong-goi\/may-di%cc%a3nh-luo%cc%a3ng-can-dien-tu-tmdg-2r5\/#primaryimage"},"datePublished":"2021-12-04T03:59:15+00:00","dateModified":"2023-11-01T07:56:39+00:00","description":"Ma\u0301y \u0111i\u0323nh l\u01b0\u01a1\u0323ng c\u00e2n \u0111i\u00ea\u0323n t\u01b0\u0309 TM\u0110G-2R5 gi\u00e1 r\u1ebb. chi ti\u1ebft xin vui l\u00f2ng li\u00ean h\u1ec7 hotline: 19002861 - 0967686911 \u0111\u1ec3 \u0111\u01b0\u1ee3c t\u01b0 v\u1ea5n ho\u00e0n to\u00e0n mi\u1ec5n ph\u00ed","breadcrumb":{"@id":"https:\/\/cokhitanminh.com\/may-dong-goi\/may-di%cc%a3nh-luo%cc%a3ng-can-dien-tu-tmdg-2r5\/#breadcrumb"},"inLanguage":"vi","potentialAction":[{"@type":"ReadAction","target":["https:\/\/cokhitanminh.com\/may-dong-goi\/may-di%cc%a3nh-luo%cc%a3ng-can-dien-tu-tmdg-2r5\/"]}]},{"@type":"BreadcrumbList","@id":"https:\/\/cokhitanminh.com\/may-dong-goi\/may-di%cc%a3nh-luo%cc%a3ng-can-dien-tu-tmdg-2r5\/#breadcrumb","itemListElement":[{"@type":"ListItem","position":1,"name":"Trang ch\u1ee7","item":"https:\/\/cokhitanminh.com\/may-dong-goi\/"},{"@type":"ListItem","position":2,"name":"C\u1eeda h\u00e0ng","item":"https:\/\/cokhitanminh.com\/may-dong-goi\/mua\/"},{"@type":"ListItem","position":3,"name":"Ma\u0301y \u0111i\u0323nh l\u01b0\u01a1\u0323ng c\u00e2n \u0111i\u00ea\u0323n t\u01b0\u0309 TM\u0110G-2R5"}]}]}},"_links":{"self":[{"href":"https:\/\/cokhitanminh.com\/may-dong-goi\/wp-json\/wp\/v2\/product\/3579","targetHints":{"allow":["GET"]}}],"collection":[{"href":"https:\/\/cokhitanminh.com\/may-dong-goi\/wp-json\/wp\/v2\/product"}],"about":[{"href":"https:\/\/cokhitanminh.com\/may-dong-goi\/wp-json\/wp\/v2\/types\/product"}],"replies":[{"embeddable":true,"href":"https:\/\/cokhitanminh.com\/may-dong-goi\/wp-json\/wp\/v2\/comments?post=3579"}],"wp:featuredmedia":[{"embeddable":true,"href":"https:\/\/cokhitanminh.com\/may-dong-goi\/wp-json\/wp\/v2\/media\/4978"}],"wp:attachment":[{"href":"https:\/\/cokhitanminh.com\/may-dong-goi\/wp-json\/wp\/v2\/media?parent=3579"}],"curies":[{"name":"wp","href":"https:\/\/api.w.org\/{rel}","templated":true}]}}