{"id":3492,"date":"2021-12-04T03:56:56","date_gmt":"2021-12-04T03:56:56","guid":{"rendered":"https:\/\/cokhitanminh.com\/may-dong-goi\/?post_type=product&#038;p=3492"},"modified":"2025-03-18T03:10:59","modified_gmt":"2025-03-18T03:10:59","slug":"may-in-phun-cong-nghiep-tmdg-d10","status":"publish","type":"product","link":"https:\/\/cokhitanminh.com\/may-dong-goi\/may-in-phun-cong-nghiep-tmdg-d10\/","title":{"rendered":"M\u00c1Y IN PHUN C\u00d4NG NGHI\u00caP TM\u0110G-D10"},"content":{"rendered":"<p>V\u1edbi nhu c\u1ea7u truy v\u1ebft v\u1ec1 th\u00f4ng tin s\u1ea3n ph\u1ea9m, M\u00e1y in phun c\u00f4ng nghi\u1ec7p D10 ch\u00ednh l\u00e0 gi\u1ea3i ph\u00e1p t\u1ed1i \u01b0u cho c\u00e1c \u0111\u01a1n v\u1ecb c\u00f3 nhu c\u1ea7u in th\u00f4ng tin s\u1ea3n ph\u1ea9m, ng\u00e0y s\u1ea3n xu\u1ea5t, h\u1ea1n s\u1eed d\u1ee5ng, logo,\u2026 H\u00e3y c\u00f9ng T\u00e2n Minh Group t\u00ecm hi\u1ec3u v\u1ec1 s\u1ea3n ph\u1ea9m m\u00e1y in phun c\u00f4ng nghi\u1ec7p D10 n\u00e0y nh\u00e9!<\/p>\n<p><a href=\"https:\/\/cokhitanminh.com\/may-dong-goi\/wp-content\/uploads\/2021\/12\/TMDG-D10-1.png\"><img loading=\"lazy\" decoding=\"async\" class=\"aligncenter wp-image-8872\" src=\"https:\/\/cokhitanminh.com\/may-dong-goi\/wp-content\/uploads\/2021\/12\/TMDG-D10-1.png\" alt=\"\" width=\"600\" height=\"600\" srcset=\"https:\/\/cokhitanminh.com\/may-dong-goi\/wp-content\/uploads\/2021\/12\/TMDG-D10-1.png 800w, https:\/\/cokhitanminh.com\/may-dong-goi\/wp-content\/uploads\/2021\/12\/TMDG-D10-1-300x300.png 300w, https:\/\/cokhitanminh.com\/may-dong-goi\/wp-content\/uploads\/2021\/12\/TMDG-D10-1-150x150.png 150w, https:\/\/cokhitanminh.com\/may-dong-goi\/wp-content\/uploads\/2021\/12\/TMDG-D10-1-768x768.png 768w, https:\/\/cokhitanminh.com\/may-dong-goi\/wp-content\/uploads\/2021\/12\/TMDG-D10-1-600x600.png 600w, https:\/\/cokhitanminh.com\/may-dong-goi\/wp-content\/uploads\/2021\/12\/TMDG-D10-1-100x100.png 100w\" sizes=\"auto, (max-width: 600px) 100vw, 600px\" \/><\/a> <a href=\"https:\/\/cokhitanminh.com\/may-dong-goi\/wp-content\/uploads\/2021\/12\/TMDG-D10.jpg\"><img loading=\"lazy\" decoding=\"async\" class=\"aligncenter wp-image-8873\" src=\"https:\/\/cokhitanminh.com\/may-dong-goi\/wp-content\/uploads\/2021\/12\/TMDG-D10.jpg\" alt=\"\" width=\"600\" height=\"424\" srcset=\"https:\/\/cokhitanminh.com\/may-dong-goi\/wp-content\/uploads\/2021\/12\/TMDG-D10.jpg 1110w, https:\/\/cokhitanminh.com\/may-dong-goi\/wp-content\/uploads\/2021\/12\/TMDG-D10-300x212.jpg 300w, https:\/\/cokhitanminh.com\/may-dong-goi\/wp-content\/uploads\/2021\/12\/TMDG-D10-1024x724.jpg 1024w, https:\/\/cokhitanminh.com\/may-dong-goi\/wp-content\/uploads\/2021\/12\/TMDG-D10-768x543.jpg 768w, https:\/\/cokhitanminh.com\/may-dong-goi\/wp-content\/uploads\/2021\/12\/TMDG-D10-600x424.jpg 600w\" sizes=\"auto, (max-width: 600px) 100vw, 600px\" \/><\/a><\/p>\n<ol>\n<li><strong>C\u1ea5u h\u00ecnh m\u00e1y:<\/strong><\/li>\n<\/ol>\n<ul>\n<li>Th\u00e2n m\u00e1y ch\u00ednh<\/li>\n<li>B\u1ea3ng \u0111i\u1ec1u khi\u1ec3n<\/li>\n<li>\u0110\u1ea7u phun<\/li>\n<\/ul>\n<ol start=\"2\">\n<li><strong>Chi ti\u1ebft b\u1ed9 ph\u1eadn m\u00e1y:<\/strong><\/li>\n<\/ol>\n<p><a href=\"https:\/\/cokhitanminh.com\/may-dong-goi\/wp-content\/uploads\/2021\/12\/TMDG-D10-2.png\"><img loading=\"lazy\" decoding=\"async\" class=\"aligncenter wp-image-8877\" src=\"https:\/\/cokhitanminh.com\/may-dong-goi\/wp-content\/uploads\/2021\/12\/TMDG-D10-2.png\" alt=\"\" width=\"600\" height=\"406\" srcset=\"https:\/\/cokhitanminh.com\/may-dong-goi\/wp-content\/uploads\/2021\/12\/TMDG-D10-2.png 2581w, https:\/\/cokhitanminh.com\/may-dong-goi\/wp-content\/uploads\/2021\/12\/TMDG-D10-2-300x203.png 300w, https:\/\/cokhitanminh.com\/may-dong-goi\/wp-content\/uploads\/2021\/12\/TMDG-D10-2-1024x693.png 1024w, https:\/\/cokhitanminh.com\/may-dong-goi\/wp-content\/uploads\/2021\/12\/TMDG-D10-2-768x520.png 768w, https:\/\/cokhitanminh.com\/may-dong-goi\/wp-content\/uploads\/2021\/12\/TMDG-D10-2-1536x1039.png 1536w, https:\/\/cokhitanminh.com\/may-dong-goi\/wp-content\/uploads\/2021\/12\/TMDG-D10-2-2048x1385.png 2048w, https:\/\/cokhitanminh.com\/may-dong-goi\/wp-content\/uploads\/2021\/12\/TMDG-D10-2-600x406.png 600w\" sizes=\"auto, (max-width: 600px) 100vw, 600px\" \/><\/a><\/p>\n<p>B\u1ea3ng \u0111i\u1ec1u khi\u1ec3n bao g\u1ed3m m\u00e0n h\u00ecnh hi\u1ec3n th\u1ecb LCD v\u00e0 h\u1ec7 th\u1ed1ng b\u00e0n ph\u00edm c\u01a1, hi\u1ec3n th\u1ecb r\u00f5 r\u00e0ng, d\u1ec5 d\u00e0ng thao t\u00e1c.<\/p>\n<p><strong> <a href=\"https:\/\/cokhitanminh.com\/may-dong-goi\/wp-content\/uploads\/2021\/12\/TMDG-D10-3.png\"><img loading=\"lazy\" decoding=\"async\" class=\"aligncenter wp-image-8878\" src=\"https:\/\/cokhitanminh.com\/may-dong-goi\/wp-content\/uploads\/2021\/12\/TMDG-D10-3.png\" alt=\"\" width=\"600\" height=\"447\" srcset=\"https:\/\/cokhitanminh.com\/may-dong-goi\/wp-content\/uploads\/2021\/12\/TMDG-D10-3.png 789w, https:\/\/cokhitanminh.com\/may-dong-goi\/wp-content\/uploads\/2021\/12\/TMDG-D10-3-300x224.png 300w, https:\/\/cokhitanminh.com\/may-dong-goi\/wp-content\/uploads\/2021\/12\/TMDG-D10-3-768x572.png 768w, https:\/\/cokhitanminh.com\/may-dong-goi\/wp-content\/uploads\/2021\/12\/TMDG-D10-3-600x447.png 600w\" sizes=\"auto, (max-width: 600px) 100vw, 600px\" \/><\/a><br \/>\n<\/strong><\/p>\n<ul>\n<li>Khung v\u1ecf thi\u1ebft k\u1ebf v\u00e0 ch\u1ebf t\u1ea1o b\u1eb1ng v\u1eadt li\u1ec7u inox: b\u1ea3o v\u1ec7 m\u00e1y ch\u1eafc ch\u1eafn, v\u00e0 gi\u00fap t\u00ednh m\u00e1y \u1ed5n \u0111\u1ecbnh trong qu\u00e1 tr\u00ecnh v\u1eadn h\u00e0nh.<\/li>\n<li>B\u00ean trong l\u00e0 h\u1ec7 th\u1ed1ng c\u1ea5p, pha tr\u1ed9n dung m\u00f4i v\u00e0 m\u1ef1c.<\/li>\n<\/ul>\n<p><a href=\"https:\/\/cokhitanminh.com\/may-dong-goi\/wp-content\/uploads\/2021\/12\/TMDG-D10-1.jpg\"><img loading=\"lazy\" decoding=\"async\" class=\"aligncenter wp-image-8874\" src=\"https:\/\/cokhitanminh.com\/may-dong-goi\/wp-content\/uploads\/2021\/12\/TMDG-D10-1.jpg\" alt=\"\" width=\"600\" height=\"800\" srcset=\"https:\/\/cokhitanminh.com\/may-dong-goi\/wp-content\/uploads\/2021\/12\/TMDG-D10-1.jpg 694w, https:\/\/cokhitanminh.com\/may-dong-goi\/wp-content\/uploads\/2021\/12\/TMDG-D10-1-225x300.jpg 225w, https:\/\/cokhitanminh.com\/may-dong-goi\/wp-content\/uploads\/2021\/12\/TMDG-D10-1-600x800.jpg 600w\" sizes=\"auto, (max-width: 600px) 100vw, 600px\" \/><\/a><\/p>\n<ul>\n<li>K\u1ebft n\u1ed1i thi\u1ebft b\u1ecb ngo\u1ea1i vi: h\u1ed7 tr\u1ee3 k\u1ebft n\u1ed1i Sensor ho\u1eb7c Encoder, ph\u1ee5c v\u1ee5 nhi\u1ec1u m\u1ee5c \u0111\u00edch s\u1ea3n xu\u1ea5t kh\u00e1c nhau.<\/li>\n<\/ul>\n<p><a href=\"https:\/\/cokhitanminh.com\/may-dong-goi\/wp-content\/uploads\/2021\/12\/TMDG-D10.png.jpg\"><img loading=\"lazy\" decoding=\"async\" class=\"aligncenter wp-image-8880\" src=\"https:\/\/cokhitanminh.com\/may-dong-goi\/wp-content\/uploads\/2021\/12\/TMDG-D10.png.jpg\" alt=\"\" width=\"600\" height=\"487\" srcset=\"https:\/\/cokhitanminh.com\/may-dong-goi\/wp-content\/uploads\/2021\/12\/TMDG-D10.png.jpg 650w, https:\/\/cokhitanminh.com\/may-dong-goi\/wp-content\/uploads\/2021\/12\/TMDG-D10.png-300x244.jpg 300w, https:\/\/cokhitanminh.com\/may-dong-goi\/wp-content\/uploads\/2021\/12\/TMDG-D10.png-600x487.jpg 600w\" sizes=\"auto, (max-width: 600px) 100vw, 600px\" \/><\/a><\/p>\n<ul>\n<li>\u0110\u1ea7u kim phun s\u1eed d\u1ee5ng c\u00f4ng ngh\u1ec7 in ti\u00ean ti\u1ebfn, cho ch\u1ea5t l\u01b0\u1ee3ng in t\u1ed1t v\u00e0 ti\u1ebft ki\u1ec7m chi ph\u00ed.<\/li>\n<\/ul>\n<ol start=\"3\">\n<li>Nguy\u00ean l\u00fd v\u1eadn h\u00e0nh:<\/li>\n<\/ol>\n<p><a href=\"https:\/\/cokhitanminh.com\/may-dong-goi\/wp-content\/uploads\/2021\/12\/TMDG-D10.png\"><img loading=\"lazy\" decoding=\"async\" class=\"aligncenter size-full wp-image-8879\" src=\"https:\/\/cokhitanminh.com\/may-dong-goi\/wp-content\/uploads\/2021\/12\/TMDG-D10.png\" alt=\"\" width=\"618\" height=\"412\" srcset=\"https:\/\/cokhitanminh.com\/may-dong-goi\/wp-content\/uploads\/2021\/12\/TMDG-D10.png 618w, https:\/\/cokhitanminh.com\/may-dong-goi\/wp-content\/uploads\/2021\/12\/TMDG-D10-300x200.png 300w, https:\/\/cokhitanminh.com\/may-dong-goi\/wp-content\/uploads\/2021\/12\/TMDG-D10-600x400.png 600w\" sizes=\"auto, (max-width: 618px) 100vw, 618px\" \/><\/a><\/p>\n<p><strong>a.T\u1ea1o d\u00f2ng m\u1ef1c \u00e1p su\u1ea5t cao<\/strong><\/p>\n<ul>\n<li>M\u1ef1c in \u0111\u01b0\u1ee3c b\u01a1m t\u1eeb b\u00ecnh ch\u1ee9a qua h\u1ec7 th\u1ed1ng \u1ed1ng d\u1eabn v\u00e0 \u0111i v\u00e0o b\u1ed9 phun m\u1ef1c.<\/li>\n<li>Trong b\u1ed9 phun, m\u1ef1c \u0111\u01b0\u1ee3c \u0111\u01b0a qua m\u1ed9t \u0111\u1ea7u phun c\u00f3 k\u00edch th\u01b0\u1edbc si\u00eau nh\u1ecf, t\u1ea1o th\u00e0nh d\u00f2ng m\u1ef1c \u00e1p su\u1ea5t cao.<\/li>\n<\/ul>\n<p><strong>b.T\u1ea1o gi\u1ecdt m\u1ef1c b\u1eb1ng dao \u0111\u1ed9ng t\u1ea7n s\u1ed1 cao<\/strong><\/p>\n<ul>\n<li>M\u1ed9t tinh th\u1ec3 \u00e1p \u0111i\u1ec7n (Piezoelectric) rung \u0111\u1ed9ng \u1edf t\u1ea7n s\u1ed1 cao \u0111\u1ec3 chia d\u00f2ng m\u1ef1c th\u00e0nh c\u00e1c gi\u1ecdt nh\u1ecf, \u0111\u1ed3ng \u0111\u1ec1u.<\/li>\n<li>M\u1ed7i gi\u1ecdt m\u1ef1c \u0111\u01b0\u1ee3c ki\u1ec3m so\u00e1t ch\u00ednh x\u00e1c v\u1ec1 k\u00edch th\u01b0\u1edbc v\u00e0 v\u1ecb tr\u00ed.<\/li>\n<\/ul>\n<p><strong>c.N\u1ea1p \u0111i\u1ec7n cho gi\u1ecdt m\u1ef1c<\/strong><\/p>\n<ul>\n<li>M\u1ed9t \u0111i\u1ec7n c\u1ef1c n\u1ea1p \u0111i\u1ec7n cho t\u1eebng gi\u1ecdt m\u1ef1c t\u00f9y theo v\u1ecb tr\u00ed c\u1ea7n in tr\u00ean b\u1ec1 m\u1eb7t s\u1ea3n ph\u1ea9m.<\/li>\n<li>C\u01b0\u1eddng \u0111\u1ed9 \u0111i\u1ec7n t\u00edch \u0111\u01b0\u1ee3c \u0111i\u1ec1u ch\u1ec9nh \u0111\u1ec3 \u0111\u1ea3m b\u1ea3o \u0111\u1ed9 ch\u00ednh x\u00e1c cao khi phun m\u1ef1c.<\/li>\n<\/ul>\n<p><strong>d.\u0110i\u1ec1u khi\u1ec3n h\u01b0\u1edbng bay c\u1ee7a gi\u1ecdt m\u1ef1c<\/strong><\/p>\n<ul>\n<li>C\u00e1c gi\u1ecdt m\u1ef1c \u0111\u00e3 \u0111\u01b0\u1ee3c n\u1ea1p \u0111i\u1ec7n \u0111i qua hai t\u1ea5m \u0111i\u1ec7n c\u1ef1c l\u1ec7ch h\u01b0\u1edbng (Deflection Plates).<\/li>\n<li>\u0110i\u1ec7n tr\u01b0\u1eddng trong hai t\u1ea5m n\u00e0y s\u1ebd \u0111i\u1ec1u khi\u1ec3n qu\u1ef9 \u0111\u1ea1o bay c\u1ee7a gi\u1ecdt m\u1ef1c \u0111\u1ec3 t\u1ea1o th\u00e0nh k\u00fd t\u1ef1, s\u1ed1 ho\u1eb7c h\u00ecnh \u1ea3nh theo thi\u1ebft k\u1ebf.<\/li>\n<\/ul>\n<p><strong>e.Phun m\u1ef1c l\u00ean b\u1ec1 m\u1eb7t s\u1ea3n ph\u1ea9m<\/strong><\/p>\n<ul>\n<li>C\u00e1c gi\u1ecdt m\u1ef1c theo \u0111\u00fang qu\u1ef9 \u0111\u1ea1o s\u1ebd b\u1eafn l\u00ean b\u1ec1 m\u1eb7t s\u1ea3n ph\u1ea9m, t\u1ea1o th\u00e0nh n\u1ed9i dung c\u1ea7n in.<\/li>\n<li>Nh\u1eefng gi\u1ecdt m\u1ef1c kh\u00f4ng s\u1eed d\u1ee5ng s\u1ebd \u0111\u01b0\u1ee3c thu h\u1ed3i v\u00e0o h\u1ec7 th\u1ed1ng \u0111\u1ec3 t\u00e1i s\u1eed d\u1ee5ng, gi\u00fap ti\u1ebft ki\u1ec7m m\u1ef1c.<\/li>\n<\/ul>\n<p><strong>fS\u1ea5y kh\u00f4 v\u00e0 b\u00e1m d\u00ednh<\/strong><\/p>\n<ul>\n<li>M\u1ef1c in s\u1ebd kh\u00f4 nhanh ch\u00f3ng khi ti\u1ebfp x\u00fac v\u1edbi b\u1ec1 m\u1eb7t s\u1ea3n ph\u1ea9m m\u00e0 kh\u00f4ng c\u1ea7n ti\u1ebfp x\u00fac v\u1eadt l\u00fd.<\/li>\n<li>M\u1ed9t s\u1ed1 lo\u1ea1i m\u1ef1c \u0111\u1eb7c bi\u1ec7t c\u00f3 th\u1ec3 y\u00eau c\u1ea7u s\u1ea5y UV ho\u1eb7c x\u1eed l\u00fd nhi\u1ec7t \u0111\u1ec3 b\u00e1m ch\u1eafc h\u01a1n.<\/li>\n<\/ul>\n<p><strong>Th\u00f4ng s\u1ed1 k\u1ef9 thu\u1eadt:<\/strong><\/p>\n<table>\n<tbody>\n<tr>\n<td width=\"248\">Model<\/td>\n<td width=\"531\">TM\u0110G-D10<\/td>\n<\/tr>\n<tr>\n<td width=\"248\">Ngu\u1ed3n \u0111i\u1ec7n<\/td>\n<td width=\"531\">220v\/50Hz<\/td>\n<\/tr>\n<tr>\n<td width=\"248\">T\u1ed1c \u0111\u1ed9 in<\/td>\n<td width=\"531\">1024 K\u00fd t\u1ef1\/gi\u00e2y (c\u1ee1 ch\u1eef 8&#215;8)<\/td>\n<\/tr>\n<tr>\n<td width=\"248\">Ch\u1ee9c n\u0103ng in<\/td>\n<td width=\"531\">In v\u0103n b\u1ea3n, in th\u1eddi gian th\u1ef1c, in s\u1ed1 \u0111\u1ebfm, logo (th\u1ee7 c\u00f4ng),\u2026<\/td>\n<\/tr>\n<tr>\n<td width=\"248\">S\u1ed1 l\u01b0\u1ee3ng d\u00f2ng in<\/td>\n<td width=\"531\">1-4 d\u00f2ng<\/td>\n<\/tr>\n<tr>\n<td width=\"248\">Chi\u1ec1u cao k\u00fd t\u1ef1 in<\/td>\n<td width=\"531\">1,2 -18mm<\/td>\n<\/tr>\n<tr>\n<td width=\"248\">Kho\u1ea3ng c\u00e1ch in t\u1ed1i \u0111a<\/td>\n<td width=\"531\">30mm<\/td>\n<\/tr>\n<tr>\n<td width=\"248\">Ch\u1ea5t li\u1ec7u b\u1ec1 m\u1eb7t in<\/td>\n<td width=\"531\">Gi\u1ea5y, nh\u1ef1a, g\u1ed7, th\u1ee7y tinh, kim lo\u1ea1i,\u2026<\/td>\n<\/tr>\n<tr>\n<td width=\"248\">M\u1ee9c \u0111\u1ed9 ti\u00eau th\u1ee5 m\u1ef1c<\/td>\n<td width=\"531\">70 tri\u1ec7u t\u1eeb\/l\u00edt m\u1ef1c (c\u1ee1 ch\u1eef 8&#215;8)<\/td>\n<\/tr>\n<tr>\n<td width=\"248\">K\u00edch th\u01b0\u1edbc m\u00e1y<\/td>\n<td width=\"531\">370*260*590mm<\/td>\n<\/tr>\n<tr>\n<td width=\"248\">Tr\u1ecdng l\u01b0\u1ee3ng m\u00e1y<\/td>\n<td width=\"531\">28kg<\/td>\n<\/tr>\n<tr>\n<td width=\"248\">B\u1ea3o h\u00e0nh<\/td>\n<td width=\"531\">12 th\u00e1ng<\/td>\n<\/tr>\n<\/tbody>\n<\/table>\n<p>&nbsp;<\/p>\n<ol start=\"4\">\n<li><strong>\u01afu \u0111i\u1ec3m c\u1ee7a m\u00e1y in phun c\u00f4ng nghi\u1ec7p D10:<\/strong><\/li>\n<\/ol>\n<ul>\n<li><strong>C\u00f4ng ngh\u1ec7 in phun ti\u00ean ti\u1ebfn<\/strong>: M\u00e1y s\u1eed d\u1ee5ng c\u00f4ng ngh\u1ec7 in phun li\u00ean t\u1ee5c v\u1edbi \u0111\u1ed9 ch\u00ednh x\u00e1c cao, \u0111\u1ea3m b\u1ea3o n\u1ed9i dung in r\u00f5 n\u00e9t v\u00e0 b\u00e1m d\u00ednh t\u1ed1t.<\/li>\n<li><strong>B\u1ea3o tr\u00ec d\u1ec5 d\u00e0ng<\/strong>: Thi\u1ebft k\u1ebf t\u1ed1i \u01b0u gi\u00fap vi\u1ec7c v\u1ec7 sinh v\u00e0 b\u1ea3o tr\u00ec m\u00e1y \u0111\u01a1n gi\u1ea3n, ti\u1ebft ki\u1ec7m th\u1eddi gian v\u00e0 chi ph\u00ed.<\/li>\n<li><strong>K\u1ebft n\u1ed1i \u0111a d\u1ea1ng<\/strong>: H\u1ed7 tr\u1ee3 k\u1ebft n\u1ed1i v\u1edbi d\u00e2y chuy\u1ec1n s\u1ea3n xu\u1ea5t, sensor, encoder \u0111\u1ec3 ph\u1ee5c v\u1ee5 nhi\u1ec1u m\u1ee5c \u0111\u00edch s\u1ea3n xu\u1ea5t.<\/li>\n<\/ul>\n<ol start=\"5\">\n<li><strong>\u1ee8ng d\u1ee5ng c\u1ee7a m\u00e1y in phun c\u00f4ng nghi\u1ec7p D10:<\/strong><\/li>\n<\/ol>\n<p>M\u00e1y in phun c\u00f4ng nghi\u1ec7p D10 \u0111\u01b0\u1ee3c s\u1eed d\u1ee5ng r\u1ed9ng r\u00e3i trong c\u00e1c ng\u00e0nh:<br \/>\n???? <strong>Th\u1ef1c ph\u1ea9m &amp; \u0110\u1ed3 u\u1ed1ng<\/strong>: In h\u1ea1n s\u1eed d\u1ee5ng, m\u00e3 s\u1ea3n ph\u1ea9m tr\u00ean chai, h\u1ed9p, bao b\u00ec.<br \/>\n???? <strong>D\u01b0\u1ee3c ph\u1ea9m &amp; M\u1ef9 ph\u1ea9m<\/strong>: In s\u1ed1 l\u00f4, m\u00e3 QR, th\u00f4ng tin s\u1ea3n ph\u1ea9m l\u00ean v\u1ecf h\u1ed9p, l\u1ecd thu\u1ed1c.<br \/>\n???? <strong>\u0110i\u1ec7n t\u1eed &amp; Linh ki\u1ec7n<\/strong>: \u0110\u00e1nh d\u1ea5u m\u00e3 s\u1ea3n ph\u1ea9m, th\u00f4ng s\u1ed1 k\u1ef9 thu\u1eadt tr\u00ean vi m\u1ea1ch, linh ki\u1ec7n \u0111i\u1ec7n t\u1eed.<br \/>\n???? <strong>Ng\u00e0nh c\u00f4ng nghi\u1ec7p kh\u00e1c<\/strong>: In logo, m\u00e3 v\u1ea1ch, s\u1ed1 seri tr\u00ean s\u1ea3n ph\u1ea9m nh\u1ef1a, kim lo\u1ea1i, th\u1ee7y tinh&#8230;<\/p>\n<p>M\u00e1y in phun c\u00f4ng nghi\u1ec7p D10 l\u00e0 l\u1ef1a ch\u1ecdn l\u00fd t\u01b0\u1edfng cho doanh nghi\u1ec7p c\u1ea7n gi\u1ea3i ph\u00e1p in \u1ea5n t\u1ed1c \u0111\u1ed9 cao, b\u1ec1n b\u1ec9 v\u00e0 ch\u00ednh x\u00e1c. N\u1ebfu b\u1ea1n quan t\u00e2m \u0111\u1ebfn s\u1ea3n ph\u1ea9m n\u00e0y, h\u00e3y li\u00ean h\u1ec7 T\u00e2n Minh Group \u0111\u1ec3 \u0111\u01b0\u1ee3c t\u01b0 v\u1ea5n chi ti\u1ebft h\u01a1n!<\/p>\n","protected":false},"excerpt":{"rendered":"<p>V\u1edbi nhu c\u1ea7u truy v\u1ebft v\u1ec1 th\u00f4ng tin s\u1ea3n ph\u1ea9m, M\u00e1y in phun c\u00f4ng nghi\u1ec7p D10 ch\u00ednh l\u00e0 gi\u1ea3i ph\u00e1p t\u1ed1i \u01b0u cho c\u00e1c \u0111\u01a1n v\u1ecb c\u00f3 nhu c\u1ea7u in th\u00f4ng tin s\u1ea3n ph\u1ea9m, ng\u00e0y s\u1ea3n xu\u1ea5t, h\u1ea1n s\u1eed d\u1ee5ng, logo,\u2026 H\u00e3y c\u00f9ng T\u00e2n Minh Group t\u00ecm hi\u1ec3u v\u1ec1 s\u1ea3n ph\u1ea9m m\u00e1y in phun c\u00f4ng &#8230;<\/p>\n","protected":false},"featured_media":7032,"comment_status":"open","ping_status":"closed","template":"","meta":[],"class_list":{"0":"post-3492","1":"product","2":"type-product","3":"status-publish","4":"has-post-thumbnail","6":"product_cat-may-in-date-phun-muc","8":"first","9":"instock","10":"sale","11":"shipping-taxable","12":"purchasable","13":"product-type-simple"},"brands":[],"yoast_head":"<!-- This site is optimized with the Yoast SEO plugin v17.6 - https:\/\/yoast.com\/wordpress\/plugins\/seo\/ -->\n<title>M\u00c1Y IN PHUN C\u00d4NG NGHI\u00caP TM\u0110G-D10 - M\u00c1Y \u0110\u00d3NG G\u00d3I T\u00c2N MINH<\/title>\n<meta name=\"description\" content=\"M\u00c1Y IN PHUN CONG NGHIEP TM\u0110G-D10 | 1900.2861 | 09.67.68.69.11 | Cam k\u1ebft b\u1ea3o h\u00e0nh d\u00e0i h\u1ea1n - Li\u00ean h\u1ec7 hay \u0111\u1ec3 \u0111k h\u1ed7 tr\u1ee3 ho\u00e0n to\u00e0n mi\u1ec5n ph\u00ed\" \/>\n<meta name=\"robots\" content=\"index, follow, max-snippet:-1, max-image-preview:large, max-video-preview:-1\" \/>\n<link rel=\"canonical\" href=\"https:\/\/cokhitanminh.com\/may-dong-goi\/may-in-phun-cong-nghiep-tmdg-d10\/\" \/>\n<meta property=\"og:locale\" content=\"vi_VN\" \/>\n<meta property=\"og:type\" content=\"article\" \/>\n<meta property=\"og:title\" content=\"M\u00c1Y IN PHUN C\u00d4NG NGHI\u00caP TM\u0110G-D10 - M\u00c1Y \u0110\u00d3NG G\u00d3I T\u00c2N MINH\" \/>\n<meta property=\"og:description\" content=\"M\u00c1Y IN PHUN CONG NGHIEP TM\u0110G-D10 | 1900.2861 | 09.67.68.69.11 | Cam k\u1ebft b\u1ea3o h\u00e0nh d\u00e0i h\u1ea1n - Li\u00ean h\u1ec7 hay \u0111\u1ec3 \u0111k h\u1ed7 tr\u1ee3 ho\u00e0n to\u00e0n mi\u1ec5n ph\u00ed\" \/>\n<meta property=\"og:url\" content=\"https:\/\/cokhitanminh.com\/may-dong-goi\/may-in-phun-cong-nghiep-tmdg-d10\/\" \/>\n<meta property=\"og:site_name\" content=\"M\u00c1Y \u0110\u00d3NG G\u00d3I T\u00c2N MINH\" \/>\n<meta property=\"article:modified_time\" content=\"2025-03-18T03:10:59+00:00\" \/>\n<meta property=\"og:image\" content=\"https:\/\/cokhitanminh.com\/may-dong-goi\/wp-content\/uploads\/2021\/12\/may-in-phun-tan-minh-tmdg-d10-cktmmdg-1.jpg\" \/>\n\t<meta property=\"og:image:width\" content=\"500\" \/>\n\t<meta property=\"og:image:height\" content=\"500\" \/>\n<meta name=\"twitter:card\" content=\"summary_large_image\" \/>\n<meta name=\"twitter:label1\" content=\"\u01af\u1edbc t\u00ednh th\u1eddi gian \u0111\u1ecdc\" \/>\n\t<meta name=\"twitter:data1\" content=\"4 ph\u00fat\" \/>\n<script type=\"application\/ld+json\" class=\"yoast-schema-graph\">{\"@context\":\"https:\/\/schema.org\",\"@graph\":[{\"@type\":\"WebSite\",\"@id\":\"https:\/\/cokhitanminh.com\/may-dong-goi\/#website\",\"url\":\"https:\/\/cokhitanminh.com\/may-dong-goi\/\",\"name\":\"M\\u00c1Y \\u0110\\u00d3NG G\\u00d3I T\\u00c2N MINH\",\"description\":\"Chuy\\u00ean gia m\\u00e1y \\u0111\\u00f3ng g\\u00f3i\",\"potentialAction\":[{\"@type\":\"SearchAction\",\"target\":{\"@type\":\"EntryPoint\",\"urlTemplate\":\"https:\/\/cokhitanminh.com\/may-dong-goi\/?s={search_term_string}\"},\"query-input\":\"required name=search_term_string\"}],\"inLanguage\":\"vi\"},{\"@type\":\"ImageObject\",\"@id\":\"https:\/\/cokhitanminh.com\/may-dong-goi\/may-in-phun-cong-nghiep-tmdg-d10\/#primaryimage\",\"inLanguage\":\"vi\",\"url\":\"https:\/\/cokhitanminh.com\/may-dong-goi\/wp-content\/uploads\/2021\/12\/may-in-phun-tan-minh-tmdg-d10-cktmmdg-1.jpg\",\"contentUrl\":\"https:\/\/cokhitanminh.com\/may-dong-goi\/wp-content\/uploads\/2021\/12\/may-in-phun-tan-minh-tmdg-d10-cktmmdg-1.jpg\",\"width\":500,\"height\":500},{\"@type\":\"WebPage\",\"@id\":\"https:\/\/cokhitanminh.com\/may-dong-goi\/may-in-phun-cong-nghiep-tmdg-d10\/#webpage\",\"url\":\"https:\/\/cokhitanminh.com\/may-dong-goi\/may-in-phun-cong-nghiep-tmdg-d10\/\",\"name\":\"M\\u00c1Y IN PHUN C\\u00d4NG NGHI\\u00caP TM\\u0110G-D10 - M\\u00c1Y \\u0110\\u00d3NG G\\u00d3I T\\u00c2N MINH\",\"isPartOf\":{\"@id\":\"https:\/\/cokhitanminh.com\/may-dong-goi\/#website\"},\"primaryImageOfPage\":{\"@id\":\"https:\/\/cokhitanminh.com\/may-dong-goi\/may-in-phun-cong-nghiep-tmdg-d10\/#primaryimage\"},\"datePublished\":\"2021-12-04T03:56:56+00:00\",\"dateModified\":\"2025-03-18T03:10:59+00:00\",\"description\":\"M\\u00c1Y IN PHUN CONG NGHIEP TM\\u0110G-D10 | 1900.2861 | 09.67.68.69.11 | Cam k\\u1ebft b\\u1ea3o h\\u00e0nh d\\u00e0i h\\u1ea1n - Li\\u00ean h\\u1ec7 hay \\u0111\\u1ec3 \\u0111k h\\u1ed7 tr\\u1ee3 ho\\u00e0n to\\u00e0n mi\\u1ec5n ph\\u00ed\",\"breadcrumb\":{\"@id\":\"https:\/\/cokhitanminh.com\/may-dong-goi\/may-in-phun-cong-nghiep-tmdg-d10\/#breadcrumb\"},\"inLanguage\":\"vi\",\"potentialAction\":[{\"@type\":\"ReadAction\",\"target\":[\"https:\/\/cokhitanminh.com\/may-dong-goi\/may-in-phun-cong-nghiep-tmdg-d10\/\"]}]},{\"@type\":\"BreadcrumbList\",\"@id\":\"https:\/\/cokhitanminh.com\/may-dong-goi\/may-in-phun-cong-nghiep-tmdg-d10\/#breadcrumb\",\"itemListElement\":[{\"@type\":\"ListItem\",\"position\":1,\"name\":\"Trang ch\\u1ee7\",\"item\":\"https:\/\/cokhitanminh.com\/may-dong-goi\/\"},{\"@type\":\"ListItem\",\"position\":2,\"name\":\"C\\u1eeda h\\u00e0ng\",\"item\":\"https:\/\/cokhitanminh.com\/may-dong-goi\/mua\/\"},{\"@type\":\"ListItem\",\"position\":3,\"name\":\"M\\u00c1Y IN PHUN C\\u00d4NG NGHI\\u00caP TM\\u0110G-D10\"}]}]}<\/script>\n<!-- \/ Yoast SEO plugin. -->","yoast_head_json":{"title":"M\u00c1Y IN PHUN C\u00d4NG NGHI\u00caP TM\u0110G-D10 - M\u00c1Y \u0110\u00d3NG G\u00d3I T\u00c2N MINH","description":"M\u00c1Y IN PHUN CONG NGHIEP TM\u0110G-D10 | 1900.2861 | 09.67.68.69.11 | Cam k\u1ebft b\u1ea3o h\u00e0nh d\u00e0i h\u1ea1n - Li\u00ean h\u1ec7 hay \u0111\u1ec3 \u0111k h\u1ed7 tr\u1ee3 ho\u00e0n to\u00e0n mi\u1ec5n ph\u00ed","robots":{"index":"index","follow":"follow","max-snippet":"max-snippet:-1","max-image-preview":"max-image-preview:large","max-video-preview":"max-video-preview:-1"},"canonical":"https:\/\/cokhitanminh.com\/may-dong-goi\/may-in-phun-cong-nghiep-tmdg-d10\/","og_locale":"vi_VN","og_type":"article","og_title":"M\u00c1Y IN PHUN C\u00d4NG NGHI\u00caP TM\u0110G-D10 - M\u00c1Y \u0110\u00d3NG G\u00d3I T\u00c2N MINH","og_description":"M\u00c1Y IN PHUN CONG NGHIEP TM\u0110G-D10 | 1900.2861 | 09.67.68.69.11 | Cam k\u1ebft b\u1ea3o h\u00e0nh d\u00e0i h\u1ea1n - Li\u00ean h\u1ec7 hay \u0111\u1ec3 \u0111k h\u1ed7 tr\u1ee3 ho\u00e0n to\u00e0n mi\u1ec5n ph\u00ed","og_url":"https:\/\/cokhitanminh.com\/may-dong-goi\/may-in-phun-cong-nghiep-tmdg-d10\/","og_site_name":"M\u00c1Y \u0110\u00d3NG G\u00d3I T\u00c2N MINH","article_modified_time":"2025-03-18T03:10:59+00:00","og_image":[{"width":500,"height":500,"url":"https:\/\/cokhitanminh.com\/may-dong-goi\/wp-content\/uploads\/2021\/12\/may-in-phun-tan-minh-tmdg-d10-cktmmdg-1.jpg","type":"image\/jpeg"}],"twitter_card":"summary_large_image","twitter_misc":{"\u01af\u1edbc t\u00ednh th\u1eddi gian \u0111\u1ecdc":"4 ph\u00fat"},"schema":{"@context":"https:\/\/schema.org","@graph":[{"@type":"WebSite","@id":"https:\/\/cokhitanminh.com\/may-dong-goi\/#website","url":"https:\/\/cokhitanminh.com\/may-dong-goi\/","name":"M\u00c1Y \u0110\u00d3NG G\u00d3I T\u00c2N MINH","description":"Chuy\u00ean gia m\u00e1y \u0111\u00f3ng g\u00f3i","potentialAction":[{"@type":"SearchAction","target":{"@type":"EntryPoint","urlTemplate":"https:\/\/cokhitanminh.com\/may-dong-goi\/?s={search_term_string}"},"query-input":"required name=search_term_string"}],"inLanguage":"vi"},{"@type":"ImageObject","@id":"https:\/\/cokhitanminh.com\/may-dong-goi\/may-in-phun-cong-nghiep-tmdg-d10\/#primaryimage","inLanguage":"vi","url":"https:\/\/cokhitanminh.com\/may-dong-goi\/wp-content\/uploads\/2021\/12\/may-in-phun-tan-minh-tmdg-d10-cktmmdg-1.jpg","contentUrl":"https:\/\/cokhitanminh.com\/may-dong-goi\/wp-content\/uploads\/2021\/12\/may-in-phun-tan-minh-tmdg-d10-cktmmdg-1.jpg","width":500,"height":500},{"@type":"WebPage","@id":"https:\/\/cokhitanminh.com\/may-dong-goi\/may-in-phun-cong-nghiep-tmdg-d10\/#webpage","url":"https:\/\/cokhitanminh.com\/may-dong-goi\/may-in-phun-cong-nghiep-tmdg-d10\/","name":"M\u00c1Y IN PHUN C\u00d4NG NGHI\u00caP TM\u0110G-D10 - M\u00c1Y \u0110\u00d3NG G\u00d3I T\u00c2N MINH","isPartOf":{"@id":"https:\/\/cokhitanminh.com\/may-dong-goi\/#website"},"primaryImageOfPage":{"@id":"https:\/\/cokhitanminh.com\/may-dong-goi\/may-in-phun-cong-nghiep-tmdg-d10\/#primaryimage"},"datePublished":"2021-12-04T03:56:56+00:00","dateModified":"2025-03-18T03:10:59+00:00","description":"M\u00c1Y IN PHUN CONG NGHIEP TM\u0110G-D10 | 1900.2861 | 09.67.68.69.11 | Cam k\u1ebft b\u1ea3o h\u00e0nh d\u00e0i h\u1ea1n - Li\u00ean h\u1ec7 hay \u0111\u1ec3 \u0111k h\u1ed7 tr\u1ee3 ho\u00e0n to\u00e0n mi\u1ec5n ph\u00ed","breadcrumb":{"@id":"https:\/\/cokhitanminh.com\/may-dong-goi\/may-in-phun-cong-nghiep-tmdg-d10\/#breadcrumb"},"inLanguage":"vi","potentialAction":[{"@type":"ReadAction","target":["https:\/\/cokhitanminh.com\/may-dong-goi\/may-in-phun-cong-nghiep-tmdg-d10\/"]}]},{"@type":"BreadcrumbList","@id":"https:\/\/cokhitanminh.com\/may-dong-goi\/may-in-phun-cong-nghiep-tmdg-d10\/#breadcrumb","itemListElement":[{"@type":"ListItem","position":1,"name":"Trang ch\u1ee7","item":"https:\/\/cokhitanminh.com\/may-dong-goi\/"},{"@type":"ListItem","position":2,"name":"C\u1eeda h\u00e0ng","item":"https:\/\/cokhitanminh.com\/may-dong-goi\/mua\/"},{"@type":"ListItem","position":3,"name":"M\u00c1Y IN PHUN C\u00d4NG NGHI\u00caP TM\u0110G-D10"}]}]}},"_links":{"self":[{"href":"https:\/\/cokhitanminh.com\/may-dong-goi\/wp-json\/wp\/v2\/product\/3492","targetHints":{"allow":["GET"]}}],"collection":[{"href":"https:\/\/cokhitanminh.com\/may-dong-goi\/wp-json\/wp\/v2\/product"}],"about":[{"href":"https:\/\/cokhitanminh.com\/may-dong-goi\/wp-json\/wp\/v2\/types\/product"}],"replies":[{"embeddable":true,"href":"https:\/\/cokhitanminh.com\/may-dong-goi\/wp-json\/wp\/v2\/comments?post=3492"}],"wp:featuredmedia":[{"embeddable":true,"href":"https:\/\/cokhitanminh.com\/may-dong-goi\/wp-json\/wp\/v2\/media\/7032"}],"wp:attachment":[{"href":"https:\/\/cokhitanminh.com\/may-dong-goi\/wp-json\/wp\/v2\/media?parent=3492"}],"curies":[{"name":"wp","href":"https:\/\/api.w.org\/{rel}","templated":true}]}}