{"id":3399,"date":"2021-12-04T03:54:09","date_gmt":"2021-12-04T03:54:09","guid":{"rendered":"https:\/\/cokhitanminh.com\/may-dong-goi\/?post_type=product&#038;p=3399"},"modified":"2021-12-13T04:28:55","modified_gmt":"2021-12-13T04:28:55","slug":"may-dinh-luong-truc-vit-2018-tmdc-de11","status":"publish","type":"product","link":"https:\/\/cokhitanminh.com\/may-dong-goi\/may-dinh-luong-truc-vit-2018-tmdc-de11\/","title":{"rendered":"M\u00c1Y \u0110\u1ecaNH L\u01af\u1ee2NG TR\u1ee4C V\u00cdT 2018 (TMDC-DE11)"},"content":{"rendered":"<h3 style=\"text-align: justify;\"><a href=\"https:\/\/cokhitanminh.com\/may-dong-goi\/may-dinh-luong-truc-vit-2018-tmdc-de11\/\"><b><i>M\u00e1y \u0111\u1ecbnh l\u01b0\u1ee3ng tr\u1ee5c v\u00edt 2018<\/i><\/b><\/a>\u00a0(TMDC-DE11)<\/h3>\n<p style=\"text-align: justify;\"><em><strong>\u00a0M\u00e1y \u0111\u1ecbnh l\u01b0\u1ee3ng tr\u1ee5c v\u00edt 2018 <\/strong><\/em>\u0111\u01b0\u1ee3c C\u00f4ng Ty C\u01a1 Kh\u00ed T\u00e2n Minh s\u1ea3n xu\u1ea5t v\u00e0 ph\u00e2n ph\u1ed1i tr\u00ean to\u00e0n qu\u1ed1c. M\u00e1y \u0111\u01b0\u1ee3c \u1ee9ng d\u1ee5ng trong l\u0129nh v\u1ef1c\u00a0<strong>M\u00e1y\u00a0 \u0110\u00f3ng G\u00f3i<\/strong>.C\u00e1c s\u1ea3n ph\u1ea9m c\u1ee7a ch\u00fang t\u00f4i \u0111\u1ec1u \u0111\u01b0\u1ee3c ki\u1ec3m tra k\u1ef9 l\u01b0\u1ee1ng v\u00e0 v\u1eadn h\u00e0nh th\u1ef1c t\u1ebf \u0111\u1ec3 lu\u00f4n \u0111\u1ea3m b\u1ea3o ch\u1ea5t l\u01b0\u1ee3ng t\u1ed1t nh\u1ea5t tr\u01b0\u1edbc khi b\u00e0n giao thi\u1ebft b\u1ecb cho kh\u00e1ch h\u00e0ng<\/p>\n<p style=\"text-align: justify;\"><strong>Th\u00f4ng s\u1ed1 k\u1ef9 thu\u1eadt:<\/strong><\/p>\n<p style=\"text-align: justify;\">\u2013 Model: TMDC-DE11<\/p>\n<p style=\"text-align: justify;\">\u2013 \u0110i\u1ec7n \u00e1p: 220V\/380V-50Hz<\/p>\n<p style=\"text-align: justify;\">\u2013 C\u00f4ng su\u1ea5t: 900W<\/p>\n<p style=\"text-align: justify;\">\u2013 N\u0103ng su\u1ea5t: kho\u1ea3ng 5S\/l\u1ea7n (ph\u1ee5 thu\u1ed9c kho\u1ea3ng \u0111\u1ecbnh l\u01b0\u1ee3ng v\u00e0 thao t\u00e1c ng\u01b0\u1eddi s\u1eed d\u1ee5ng)<\/p>\n<p style=\"text-align: justify;\">\u2013 Kho\u1ea3ng \u0111\u1ecbnh l\u01b0\u1ee3ng: 5 \u2013 X- 5000 gram (thi\u1ebft k\u1ebf theo y\u00eau c\u1ea7u)<\/p>\n<p style=\"text-align: justify;\">\u2013 Sai s\u1ed1: 2%<\/p>\n<p style=\"text-align: justify;\">\u2013 Dung t\u00edch ph\u1ec5u ch\u1ee9a li\u1ec7u: 25L<\/p>\n<p style=\"text-align: justify;\">\u2013 K\u00edch th\u01b0\u1edbc m\u00e1y: 900 x 900 x 2000 mm<\/p>\n<p style=\"text-align: justify;\">\u2013 Tr\u1ecdng l\u01b0\u1ee3ng m\u00e1y: Kho\u1ea3ng 140kg<\/p>\n<p style=\"text-align: justify;\">\u2013 Ch\u1ea5t li\u1ec7u v\u1ecf m\u00e1y, khung: Inox 201<\/p>\n<p style=\"text-align: justify;\">\u2013 B\u1ea3o h\u00e0nh: 12 th\u00e1ng<\/p>\n<p><strong>H\u00ecnh \u1ea3nh:<\/strong><\/p>\n<p><a href=\"https:\/\/cokhitanminh.com\/may-dong-goi\/wp-content\/uploads\/2021\/12\/may-dinh-luong-truc-vit-2018-tmdc-de11-2-cokhitanminhcom.jpg\"><img loading=\"lazy\" decoding=\"async\" class=\"size-full wp-image-5018 aligncenter\" src=\"https:\/\/cokhitanminh.com\/may-dong-goi\/wp-content\/uploads\/2021\/12\/may-dinh-luong-truc-vit-2018-tmdc-de11-2-cokhitanminhcom.jpg\" alt=\"\" width=\"550\" height=\"413\" srcset=\"https:\/\/cokhitanminh.com\/may-dong-goi\/wp-content\/uploads\/2021\/12\/may-dinh-luong-truc-vit-2018-tmdc-de11-2-cokhitanminhcom.jpg 550w, https:\/\/cokhitanminh.com\/may-dong-goi\/wp-content\/uploads\/2021\/12\/may-dinh-luong-truc-vit-2018-tmdc-de11-2-cokhitanminhcom-300x225.jpg 300w\" sizes=\"auto, (max-width: 550px) 100vw, 550px\" \/><\/a><\/p>\n<p><a href=\"https:\/\/cokhitanminh.com\/may-dong-goi\/wp-content\/uploads\/2021\/12\/may-dinh-luong-truc-vit-2018-tmdc-de11-3-cokhitanminhcom.jpg\"><img loading=\"lazy\" decoding=\"async\" class=\"size-full wp-image-5019 aligncenter\" src=\"https:\/\/cokhitanminh.com\/may-dong-goi\/wp-content\/uploads\/2021\/12\/may-dinh-luong-truc-vit-2018-tmdc-de11-3-cokhitanminhcom.jpg\" alt=\"\" width=\"550\" height=\"413\" srcset=\"https:\/\/cokhitanminh.com\/may-dong-goi\/wp-content\/uploads\/2021\/12\/may-dinh-luong-truc-vit-2018-tmdc-de11-3-cokhitanminhcom.jpg 550w, https:\/\/cokhitanminh.com\/may-dong-goi\/wp-content\/uploads\/2021\/12\/may-dinh-luong-truc-vit-2018-tmdc-de11-3-cokhitanminhcom-300x225.jpg 300w\" sizes=\"auto, (max-width: 550px) 100vw, 550px\" \/><\/a><\/p>\n<p><a href=\"https:\/\/cokhitanminh.com\/may-dong-goi\/wp-content\/uploads\/2021\/12\/may-dinh-luong-truc-vit-2018-tmdc-de11-4-cokhitanminhcom.jpg\"><img loading=\"lazy\" decoding=\"async\" class=\"size-full wp-image-5020 aligncenter\" src=\"https:\/\/cokhitanminh.com\/may-dong-goi\/wp-content\/uploads\/2021\/12\/may-dinh-luong-truc-vit-2018-tmdc-de11-4-cokhitanminhcom.jpg\" alt=\"\" width=\"550\" height=\"413\" srcset=\"https:\/\/cokhitanminh.com\/may-dong-goi\/wp-content\/uploads\/2021\/12\/may-dinh-luong-truc-vit-2018-tmdc-de11-4-cokhitanminhcom.jpg 550w, https:\/\/cokhitanminh.com\/may-dong-goi\/wp-content\/uploads\/2021\/12\/may-dinh-luong-truc-vit-2018-tmdc-de11-4-cokhitanminhcom-300x225.jpg 300w\" sizes=\"auto, (max-width: 550px) 100vw, 550px\" \/><\/a><\/p>\n<p style=\"text-align: justify;\">Xem th\u00eam:\u00a0<em><strong>M\u00e1y \u0111\u1ecbnh l\u01b0\u1ee3ng tr\u1ee5c v\u00edt 2018<\/strong><\/em><\/p>\n<p>&nbsp;<\/p>\n","protected":false},"excerpt":{"rendered":"<p>M\u00e1y \u0111\u1ecbnh l\u01b0\u1ee3ng tr\u1ee5c v\u00edt 2018\u00a0(TMDC-DE11) \u00a0M\u00e1y \u0111\u1ecbnh l\u01b0\u1ee3ng tr\u1ee5c v\u00edt 2018 \u0111\u01b0\u1ee3c C\u00f4ng Ty C\u01a1 Kh\u00ed T\u00e2n Minh s\u1ea3n xu\u1ea5t v\u00e0 ph\u00e2n ph\u1ed1i tr\u00ean to\u00e0n qu\u1ed1c. M\u00e1y \u0111\u01b0\u1ee3c \u1ee9ng d\u1ee5ng trong l\u0129nh v\u1ef1c\u00a0M\u00e1y\u00a0 \u0110\u00f3ng G\u00f3i.C\u00e1c s\u1ea3n ph\u1ea9m c\u1ee7a ch\u00fang t\u00f4i \u0111\u1ec1u \u0111\u01b0\u1ee3c ki\u1ec3m tra k\u1ef9 l\u01b0\u1ee1ng v\u00e0 v\u1eadn h\u00e0nh th\u1ef1c t\u1ebf \u0111\u1ec3 lu\u00f4n \u0111\u1ea3m &#8230;<\/p>\n","protected":false},"featured_media":5024,"comment_status":"open","ping_status":"closed","template":"","meta":[],"class_list":{"0":"post-3399","1":"product","2":"type-product","3":"status-publish","4":"has-post-thumbnail","6":"product_cat-may-dinh-luong","8":"first","9":"instock","10":"shipping-taxable","11":"purchasable","12":"product-type-simple"},"brands":[],"yoast_head":"<!-- This site is optimized with the Yoast SEO plugin v17.6 - https:\/\/yoast.com\/wordpress\/plugins\/seo\/ -->\n<title>M\u00c1Y \u0110\u1ecaNH L\u01af\u1ee2NG TR\u1ee4C V\u00cdT 2018 (TMDC-DE11) - M\u00c1Y \u0110\u00d3NG G\u00d3I T\u00c2N MINH<\/title>\n<meta name=\"description\" content=\"M\u00e1y \u0111\u1ecbnh l\u01b0\u1ee3ng tr\u1ee5c v\u00edt 2018 - H\u00e0ng ch\u00ednh h\u00e3ng - gi\u00e1 c\u1ea1nh tranh - li\u00ean h\u1ec7 1900.2861 -09.67.68.69.11 \u0111\u1ec3 \u0111\u01b0\u1ee3c t\u01b0 v\u1ea5n ho\u00e0n to\u00e0n mi\u1ec5n ph\u00ed\" \/>\n<meta name=\"robots\" content=\"index, follow, max-snippet:-1, max-image-preview:large, max-video-preview:-1\" \/>\n<link rel=\"canonical\" href=\"https:\/\/cokhitanminh.com\/may-dong-goi\/may-dinh-luong-truc-vit-2018-tmdc-de11\/\" \/>\n<meta property=\"og:locale\" content=\"vi_VN\" \/>\n<meta property=\"og:type\" content=\"article\" \/>\n<meta property=\"og:title\" content=\"M\u00c1Y \u0110\u1ecaNH L\u01af\u1ee2NG TR\u1ee4C V\u00cdT 2018 (TMDC-DE11) - M\u00c1Y \u0110\u00d3NG G\u00d3I T\u00c2N MINH\" \/>\n<meta property=\"og:description\" content=\"M\u00e1y \u0111\u1ecbnh l\u01b0\u1ee3ng tr\u1ee5c v\u00edt 2018 - H\u00e0ng ch\u00ednh h\u00e3ng - gi\u00e1 c\u1ea1nh tranh - li\u00ean h\u1ec7 1900.2861 -09.67.68.69.11 \u0111\u1ec3 \u0111\u01b0\u1ee3c t\u01b0 v\u1ea5n ho\u00e0n to\u00e0n mi\u1ec5n ph\u00ed\" \/>\n<meta property=\"og:url\" content=\"https:\/\/cokhitanminh.com\/may-dong-goi\/may-dinh-luong-truc-vit-2018-tmdc-de11\/\" \/>\n<meta property=\"og:site_name\" content=\"M\u00c1Y \u0110\u00d3NG G\u00d3I T\u00c2N MINH\" \/>\n<meta property=\"article:modified_time\" content=\"2021-12-13T04:28:55+00:00\" \/>\n<meta property=\"og:image\" content=\"https:\/\/cokhitanminh.com\/may-dong-goi\/wp-content\/uploads\/2021\/12\/may-dinh-luong-truc-vit-2018-tmdc-de11-1-cokhitanminhcom-2.jpg\" \/>\n\t<meta property=\"og:image:width\" content=\"471\" \/>\n\t<meta property=\"og:image:height\" content=\"471\" \/>\n<meta name=\"twitter:card\" content=\"summary_large_image\" \/>\n<meta name=\"twitter:label1\" content=\"\u01af\u1edbc t\u00ednh th\u1eddi gian \u0111\u1ecdc\" \/>\n\t<meta name=\"twitter:data1\" content=\"1 ph\u00fat\" \/>\n<script type=\"application\/ld+json\" class=\"yoast-schema-graph\">{\"@context\":\"https:\/\/schema.org\",\"@graph\":[{\"@type\":\"WebSite\",\"@id\":\"https:\/\/cokhitanminh.com\/may-dong-goi\/#website\",\"url\":\"https:\/\/cokhitanminh.com\/may-dong-goi\/\",\"name\":\"M\\u00c1Y \\u0110\\u00d3NG G\\u00d3I T\\u00c2N MINH\",\"description\":\"Chuy\\u00ean gia m\\u00e1y \\u0111\\u00f3ng g\\u00f3i\",\"potentialAction\":[{\"@type\":\"SearchAction\",\"target\":{\"@type\":\"EntryPoint\",\"urlTemplate\":\"https:\/\/cokhitanminh.com\/may-dong-goi\/?s={search_term_string}\"},\"query-input\":\"required name=search_term_string\"}],\"inLanguage\":\"vi\"},{\"@type\":\"ImageObject\",\"@id\":\"https:\/\/cokhitanminh.com\/may-dong-goi\/may-dinh-luong-truc-vit-2018-tmdc-de11\/#primaryimage\",\"inLanguage\":\"vi\",\"url\":\"https:\/\/cokhitanminh.com\/may-dong-goi\/wp-content\/uploads\/2021\/12\/may-dinh-luong-truc-vit-2018-tmdc-de11-1-cokhitanminhcom-2.jpg\",\"contentUrl\":\"https:\/\/cokhitanminh.com\/may-dong-goi\/wp-content\/uploads\/2021\/12\/may-dinh-luong-truc-vit-2018-tmdc-de11-1-cokhitanminhcom-2.jpg\",\"width\":471,\"height\":471,\"caption\":\"M\\u00c1Y \\u0110\\u1ecaNH L\\u01af\\u1ee2NG TR\\u1ee4C V\\u00cdT 2018 (TMDC-DE11)\"},{\"@type\":\"WebPage\",\"@id\":\"https:\/\/cokhitanminh.com\/may-dong-goi\/may-dinh-luong-truc-vit-2018-tmdc-de11\/#webpage\",\"url\":\"https:\/\/cokhitanminh.com\/may-dong-goi\/may-dinh-luong-truc-vit-2018-tmdc-de11\/\",\"name\":\"M\\u00c1Y \\u0110\\u1ecaNH L\\u01af\\u1ee2NG TR\\u1ee4C V\\u00cdT 2018 (TMDC-DE11) - M\\u00c1Y \\u0110\\u00d3NG G\\u00d3I T\\u00c2N MINH\",\"isPartOf\":{\"@id\":\"https:\/\/cokhitanminh.com\/may-dong-goi\/#website\"},\"primaryImageOfPage\":{\"@id\":\"https:\/\/cokhitanminh.com\/may-dong-goi\/may-dinh-luong-truc-vit-2018-tmdc-de11\/#primaryimage\"},\"datePublished\":\"2021-12-04T03:54:09+00:00\",\"dateModified\":\"2021-12-13T04:28:55+00:00\",\"description\":\"M\\u00e1y \\u0111\\u1ecbnh l\\u01b0\\u1ee3ng tr\\u1ee5c v\\u00edt 2018 - H\\u00e0ng ch\\u00ednh h\\u00e3ng - gi\\u00e1 c\\u1ea1nh tranh - li\\u00ean h\\u1ec7 1900.2861 -09.67.68.69.11 \\u0111\\u1ec3 \\u0111\\u01b0\\u1ee3c t\\u01b0 v\\u1ea5n ho\\u00e0n to\\u00e0n mi\\u1ec5n ph\\u00ed\",\"breadcrumb\":{\"@id\":\"https:\/\/cokhitanminh.com\/may-dong-goi\/may-dinh-luong-truc-vit-2018-tmdc-de11\/#breadcrumb\"},\"inLanguage\":\"vi\",\"potentialAction\":[{\"@type\":\"ReadAction\",\"target\":[\"https:\/\/cokhitanminh.com\/may-dong-goi\/may-dinh-luong-truc-vit-2018-tmdc-de11\/\"]}]},{\"@type\":\"BreadcrumbList\",\"@id\":\"https:\/\/cokhitanminh.com\/may-dong-goi\/may-dinh-luong-truc-vit-2018-tmdc-de11\/#breadcrumb\",\"itemListElement\":[{\"@type\":\"ListItem\",\"position\":1,\"name\":\"Trang ch\\u1ee7\",\"item\":\"https:\/\/cokhitanminh.com\/may-dong-goi\/\"},{\"@type\":\"ListItem\",\"position\":2,\"name\":\"C\\u1eeda h\\u00e0ng\",\"item\":\"https:\/\/cokhitanminh.com\/may-dong-goi\/mua\/\"},{\"@type\":\"ListItem\",\"position\":3,\"name\":\"M\\u00c1Y \\u0110\\u1ecaNH L\\u01af\\u1ee2NG TR\\u1ee4C V\\u00cdT 2018 (TMDC-DE11)\"}]}]}<\/script>\n<!-- \/ Yoast SEO plugin. -->","yoast_head_json":{"title":"M\u00c1Y \u0110\u1ecaNH L\u01af\u1ee2NG TR\u1ee4C V\u00cdT 2018 (TMDC-DE11) - M\u00c1Y \u0110\u00d3NG G\u00d3I T\u00c2N MINH","description":"M\u00e1y \u0111\u1ecbnh l\u01b0\u1ee3ng tr\u1ee5c v\u00edt 2018 - H\u00e0ng ch\u00ednh h\u00e3ng - gi\u00e1 c\u1ea1nh tranh - li\u00ean h\u1ec7 1900.2861 -09.67.68.69.11 \u0111\u1ec3 \u0111\u01b0\u1ee3c t\u01b0 v\u1ea5n ho\u00e0n to\u00e0n mi\u1ec5n ph\u00ed","robots":{"index":"index","follow":"follow","max-snippet":"max-snippet:-1","max-image-preview":"max-image-preview:large","max-video-preview":"max-video-preview:-1"},"canonical":"https:\/\/cokhitanminh.com\/may-dong-goi\/may-dinh-luong-truc-vit-2018-tmdc-de11\/","og_locale":"vi_VN","og_type":"article","og_title":"M\u00c1Y \u0110\u1ecaNH L\u01af\u1ee2NG TR\u1ee4C V\u00cdT 2018 (TMDC-DE11) - M\u00c1Y \u0110\u00d3NG G\u00d3I T\u00c2N MINH","og_description":"M\u00e1y \u0111\u1ecbnh l\u01b0\u1ee3ng tr\u1ee5c v\u00edt 2018 - H\u00e0ng ch\u00ednh h\u00e3ng - gi\u00e1 c\u1ea1nh tranh - li\u00ean h\u1ec7 1900.2861 -09.67.68.69.11 \u0111\u1ec3 \u0111\u01b0\u1ee3c t\u01b0 v\u1ea5n ho\u00e0n to\u00e0n mi\u1ec5n ph\u00ed","og_url":"https:\/\/cokhitanminh.com\/may-dong-goi\/may-dinh-luong-truc-vit-2018-tmdc-de11\/","og_site_name":"M\u00c1Y \u0110\u00d3NG G\u00d3I T\u00c2N MINH","article_modified_time":"2021-12-13T04:28:55+00:00","og_image":[{"width":471,"height":471,"url":"https:\/\/cokhitanminh.com\/may-dong-goi\/wp-content\/uploads\/2021\/12\/may-dinh-luong-truc-vit-2018-tmdc-de11-1-cokhitanminhcom-2.jpg","type":"image\/jpeg"}],"twitter_card":"summary_large_image","twitter_misc":{"\u01af\u1edbc t\u00ednh th\u1eddi gian \u0111\u1ecdc":"1 ph\u00fat"},"schema":{"@context":"https:\/\/schema.org","@graph":[{"@type":"WebSite","@id":"https:\/\/cokhitanminh.com\/may-dong-goi\/#website","url":"https:\/\/cokhitanminh.com\/may-dong-goi\/","name":"M\u00c1Y \u0110\u00d3NG G\u00d3I T\u00c2N MINH","description":"Chuy\u00ean gia m\u00e1y \u0111\u00f3ng g\u00f3i","potentialAction":[{"@type":"SearchAction","target":{"@type":"EntryPoint","urlTemplate":"https:\/\/cokhitanminh.com\/may-dong-goi\/?s={search_term_string}"},"query-input":"required name=search_term_string"}],"inLanguage":"vi"},{"@type":"ImageObject","@id":"https:\/\/cokhitanminh.com\/may-dong-goi\/may-dinh-luong-truc-vit-2018-tmdc-de11\/#primaryimage","inLanguage":"vi","url":"https:\/\/cokhitanminh.com\/may-dong-goi\/wp-content\/uploads\/2021\/12\/may-dinh-luong-truc-vit-2018-tmdc-de11-1-cokhitanminhcom-2.jpg","contentUrl":"https:\/\/cokhitanminh.com\/may-dong-goi\/wp-content\/uploads\/2021\/12\/may-dinh-luong-truc-vit-2018-tmdc-de11-1-cokhitanminhcom-2.jpg","width":471,"height":471,"caption":"M\u00c1Y \u0110\u1ecaNH L\u01af\u1ee2NG TR\u1ee4C V\u00cdT 2018 (TMDC-DE11)"},{"@type":"WebPage","@id":"https:\/\/cokhitanminh.com\/may-dong-goi\/may-dinh-luong-truc-vit-2018-tmdc-de11\/#webpage","url":"https:\/\/cokhitanminh.com\/may-dong-goi\/may-dinh-luong-truc-vit-2018-tmdc-de11\/","name":"M\u00c1Y \u0110\u1ecaNH L\u01af\u1ee2NG TR\u1ee4C V\u00cdT 2018 (TMDC-DE11) - M\u00c1Y \u0110\u00d3NG G\u00d3I T\u00c2N MINH","isPartOf":{"@id":"https:\/\/cokhitanminh.com\/may-dong-goi\/#website"},"primaryImageOfPage":{"@id":"https:\/\/cokhitanminh.com\/may-dong-goi\/may-dinh-luong-truc-vit-2018-tmdc-de11\/#primaryimage"},"datePublished":"2021-12-04T03:54:09+00:00","dateModified":"2021-12-13T04:28:55+00:00","description":"M\u00e1y \u0111\u1ecbnh l\u01b0\u1ee3ng tr\u1ee5c v\u00edt 2018 - H\u00e0ng ch\u00ednh h\u00e3ng - gi\u00e1 c\u1ea1nh tranh - li\u00ean h\u1ec7 1900.2861 -09.67.68.69.11 \u0111\u1ec3 \u0111\u01b0\u1ee3c t\u01b0 v\u1ea5n ho\u00e0n to\u00e0n mi\u1ec5n ph\u00ed","breadcrumb":{"@id":"https:\/\/cokhitanminh.com\/may-dong-goi\/may-dinh-luong-truc-vit-2018-tmdc-de11\/#breadcrumb"},"inLanguage":"vi","potentialAction":[{"@type":"ReadAction","target":["https:\/\/cokhitanminh.com\/may-dong-goi\/may-dinh-luong-truc-vit-2018-tmdc-de11\/"]}]},{"@type":"BreadcrumbList","@id":"https:\/\/cokhitanminh.com\/may-dong-goi\/may-dinh-luong-truc-vit-2018-tmdc-de11\/#breadcrumb","itemListElement":[{"@type":"ListItem","position":1,"name":"Trang ch\u1ee7","item":"https:\/\/cokhitanminh.com\/may-dong-goi\/"},{"@type":"ListItem","position":2,"name":"C\u1eeda h\u00e0ng","item":"https:\/\/cokhitanminh.com\/may-dong-goi\/mua\/"},{"@type":"ListItem","position":3,"name":"M\u00c1Y \u0110\u1ecaNH L\u01af\u1ee2NG TR\u1ee4C V\u00cdT 2018 (TMDC-DE11)"}]}]}},"_links":{"self":[{"href":"https:\/\/cokhitanminh.com\/may-dong-goi\/wp-json\/wp\/v2\/product\/3399","targetHints":{"allow":["GET"]}}],"collection":[{"href":"https:\/\/cokhitanminh.com\/may-dong-goi\/wp-json\/wp\/v2\/product"}],"about":[{"href":"https:\/\/cokhitanminh.com\/may-dong-goi\/wp-json\/wp\/v2\/types\/product"}],"replies":[{"embeddable":true,"href":"https:\/\/cokhitanminh.com\/may-dong-goi\/wp-json\/wp\/v2\/comments?post=3399"}],"wp:featuredmedia":[{"embeddable":true,"href":"https:\/\/cokhitanminh.com\/may-dong-goi\/wp-json\/wp\/v2\/media\/5024"}],"wp:attachment":[{"href":"https:\/\/cokhitanminh.com\/may-dong-goi\/wp-json\/wp\/v2\/media?parent=3399"}],"curies":[{"name":"wp","href":"https:\/\/api.w.org\/{rel}","templated":true}]}}