{"id":3388,"date":"2021-12-04T03:53:40","date_gmt":"2021-12-04T03:53:40","guid":{"rendered":"https:\/\/cokhitanminh.com\/may-dong-goi\/?post_type=product&#038;p=3388"},"modified":"2021-12-31T03:06:53","modified_gmt":"2021-12-31T03:06:53","slug":"may-hut-chan-khong-2-buong-dz-800-2s-tmdg-c46","status":"publish","type":"product","link":"https:\/\/cokhitanminh.com\/may-dong-goi\/may-hut-chan-khong-2-buong-dz-800-2s-tmdg-c46\/","title":{"rendered":"M\u00e1y h\u00fat ch\u00e2n kh\u00f4ng 2 bu\u1ed3ng DZ-800-2S (TM\u0110G-C46)"},"content":{"rendered":"<h3><a href=\"https:\/\/cokhitanminh.com\/may-dong-goi\/may-hut-chan-khong-2-buong-dz-800-2s-tmdg-c46\/\"><strong><em>M\u00e1y h\u00fat ch\u00e2n kh\u00f4ng 2 bu\u1ed3ng DZ-800-2S<\/em><\/strong><\/a>\u00a0(TM\u0110G-C46)<\/h3>\n<p><strong><em>M\u00e1y h\u00fat ch\u00e2n kh\u00f4ng 2 bu\u1ed3ng DZ-800-2S<\/em><\/strong> \u0111\u01b0\u1ee3c nghi\u00ean c\u1ee9u s\u1ea3n xu\u1ea5t v\u00e0 ph\u00e2n ph\u1ed1i tr\u00ean to\u00e0n qu\u1ed1c. T\u1ea5t c\u1ea3 c\u00e1c s\u1ea3n ph\u1ea9m c\u1ee7a ch\u00fang t\u00f4i \u0111\u1ec1u \u0111\u01b0\u1ee3c ki\u1ec3m tra k\u1ef9 l\u01b0\u1ee1ng v\u00e0 v\u1eadn h\u00e0nh th\u1ef1c t\u1ebf \u0111\u1ec3 lu\u00f4n \u0111\u1ea3m b\u1ea3o ch\u1ea5t l\u01b0\u1ee3ng t\u1ed1t nh\u1ea5t tr\u01b0\u1edbc khi b\u00e0n giao thi\u1ebft b\u1ecb cho kh\u00e1ch h\u00e0ng.<\/p>\n<p><strong>Th\u00f4ng s\u1ed1 k\u1ef9 thu\u1eadt:<\/strong><\/p>\n<p><a href=\"https:\/\/cokhitanminh.com\/may-dong-goi\/wp-content\/uploads\/2021\/12\/may-hut-chan-khong-2-buong-dz-800-2s-tmdg-c46-cktmmdg-7.jpg\"><img loading=\"lazy\" decoding=\"async\" class=\"aligncenter wp-image-6839 size-full\" src=\"https:\/\/cokhitanminh.com\/may-dong-goi\/wp-content\/uploads\/2021\/12\/may-hut-chan-khong-2-buong-dz-800-2s-tmdg-c46-cktmmdg-7.jpg\" alt=\"\" width=\"747\" height=\"414\" srcset=\"https:\/\/cokhitanminh.com\/may-dong-goi\/wp-content\/uploads\/2021\/12\/may-hut-chan-khong-2-buong-dz-800-2s-tmdg-c46-cktmmdg-7.jpg 747w, https:\/\/cokhitanminh.com\/may-dong-goi\/wp-content\/uploads\/2021\/12\/may-hut-chan-khong-2-buong-dz-800-2s-tmdg-c46-cktmmdg-7-300x166.jpg 300w, https:\/\/cokhitanminh.com\/may-dong-goi\/wp-content\/uploads\/2021\/12\/may-hut-chan-khong-2-buong-dz-800-2s-tmdg-c46-cktmmdg-7-600x333.jpg 600w\" sizes=\"auto, (max-width: 747px) 100vw, 747px\" \/><\/a><\/p>\n<p><strong>H\u00ecnh \u1ea3nh s\u1ea3n ph\u1ea9m:<\/strong><\/p>\n<p><a href=\"https:\/\/cokhitanminh.com\/may-dong-goi\/wp-content\/uploads\/2021\/12\/may-hut-chan-khong-2-buong-dz-800-2s-tmdg-c46-1.jpg\"><img loading=\"lazy\" decoding=\"async\" class=\"aligncenter wp-image-6850 size-full\" src=\"https:\/\/cokhitanminh.com\/may-dong-goi\/wp-content\/uploads\/2021\/12\/may-hut-chan-khong-2-buong-dz-800-2s-tmdg-c46-1.jpg\" alt=\"\" width=\"650\" height=\"287\" srcset=\"https:\/\/cokhitanminh.com\/may-dong-goi\/wp-content\/uploads\/2021\/12\/may-hut-chan-khong-2-buong-dz-800-2s-tmdg-c46-1.jpg 650w, https:\/\/cokhitanminh.com\/may-dong-goi\/wp-content\/uploads\/2021\/12\/may-hut-chan-khong-2-buong-dz-800-2s-tmdg-c46-1-300x132.jpg 300w, https:\/\/cokhitanminh.com\/may-dong-goi\/wp-content\/uploads\/2021\/12\/may-hut-chan-khong-2-buong-dz-800-2s-tmdg-c46-1-600x265.jpg 600w\" sizes=\"auto, (max-width: 650px) 100vw, 650px\" \/><\/a><\/p>\n<p><a href=\"https:\/\/cokhitanminh.com\/may-dong-goi\/wp-content\/uploads\/2021\/12\/may-hut-chan-khong-2-buong-dz-800-2s-tmdg-c46-2.png\"><img loading=\"lazy\" decoding=\"async\" class=\"aligncenter wp-image-6851 size-full\" src=\"https:\/\/cokhitanminh.com\/may-dong-goi\/wp-content\/uploads\/2021\/12\/may-hut-chan-khong-2-buong-dz-800-2s-tmdg-c46-2.png\" alt=\"\" width=\"650\" height=\"303\" srcset=\"https:\/\/cokhitanminh.com\/may-dong-goi\/wp-content\/uploads\/2021\/12\/may-hut-chan-khong-2-buong-dz-800-2s-tmdg-c46-2.png 650w, https:\/\/cokhitanminh.com\/may-dong-goi\/wp-content\/uploads\/2021\/12\/may-hut-chan-khong-2-buong-dz-800-2s-tmdg-c46-2-300x140.png 300w, https:\/\/cokhitanminh.com\/may-dong-goi\/wp-content\/uploads\/2021\/12\/may-hut-chan-khong-2-buong-dz-800-2s-tmdg-c46-2-600x280.png 600w\" sizes=\"auto, (max-width: 650px) 100vw, 650px\" \/><\/a><\/p>\n<p><a href=\"https:\/\/cokhitanminh.com\/may-dong-goi\/wp-content\/uploads\/2021\/12\/may-hut-chan-khong-2-buong-dz-800-2s-tmdg-c46-3.png\"><img loading=\"lazy\" decoding=\"async\" class=\"aligncenter wp-image-6852 size-full\" src=\"https:\/\/cokhitanminh.com\/may-dong-goi\/wp-content\/uploads\/2021\/12\/may-hut-chan-khong-2-buong-dz-800-2s-tmdg-c46-3.png\" alt=\"\" width=\"650\" height=\"303\" srcset=\"https:\/\/cokhitanminh.com\/may-dong-goi\/wp-content\/uploads\/2021\/12\/may-hut-chan-khong-2-buong-dz-800-2s-tmdg-c46-3.png 650w, https:\/\/cokhitanminh.com\/may-dong-goi\/wp-content\/uploads\/2021\/12\/may-hut-chan-khong-2-buong-dz-800-2s-tmdg-c46-3-300x140.png 300w, https:\/\/cokhitanminh.com\/may-dong-goi\/wp-content\/uploads\/2021\/12\/may-hut-chan-khong-2-buong-dz-800-2s-tmdg-c46-3-600x280.png 600w\" sizes=\"auto, (max-width: 650px) 100vw, 650px\" \/><\/a><\/p>\n<p><a href=\"https:\/\/cokhitanminh.com\/may-dong-goi\/wp-content\/uploads\/2021\/12\/may-hut-chan-khong-2-buong-dz-800-2s-tmdg-c46-cktmmdg-2.jpg\"><img loading=\"lazy\" decoding=\"async\" class=\"aligncenter wp-image-6845 size-full\" src=\"https:\/\/cokhitanminh.com\/may-dong-goi\/wp-content\/uploads\/2021\/12\/may-hut-chan-khong-2-buong-dz-800-2s-tmdg-c46-cktmmdg-2.jpg\" alt=\"\" width=\"550\" height=\"413\" srcset=\"https:\/\/cokhitanminh.com\/may-dong-goi\/wp-content\/uploads\/2021\/12\/may-hut-chan-khong-2-buong-dz-800-2s-tmdg-c46-cktmmdg-2.jpg 550w, https:\/\/cokhitanminh.com\/may-dong-goi\/wp-content\/uploads\/2021\/12\/may-hut-chan-khong-2-buong-dz-800-2s-tmdg-c46-cktmmdg-2-300x225.jpg 300w\" sizes=\"auto, (max-width: 550px) 100vw, 550px\" \/><\/a><\/p>\n<p><a href=\"https:\/\/cokhitanminh.com\/may-dong-goi\/wp-content\/uploads\/2021\/12\/may-hut-chan-khong-2-buong-dz-800-2s-tmdg-c46-cktmmdg-3.jpg\"><img loading=\"lazy\" decoding=\"async\" class=\"aligncenter wp-image-6846 size-full\" src=\"https:\/\/cokhitanminh.com\/may-dong-goi\/wp-content\/uploads\/2021\/12\/may-hut-chan-khong-2-buong-dz-800-2s-tmdg-c46-cktmmdg-3.jpg\" alt=\"\" width=\"550\" height=\"413\" srcset=\"https:\/\/cokhitanminh.com\/may-dong-goi\/wp-content\/uploads\/2021\/12\/may-hut-chan-khong-2-buong-dz-800-2s-tmdg-c46-cktmmdg-3.jpg 550w, https:\/\/cokhitanminh.com\/may-dong-goi\/wp-content\/uploads\/2021\/12\/may-hut-chan-khong-2-buong-dz-800-2s-tmdg-c46-cktmmdg-3-300x225.jpg 300w\" sizes=\"auto, (max-width: 550px) 100vw, 550px\" \/><\/a><\/p>\n<p><a href=\"https:\/\/cokhitanminh.com\/may-dong-goi\/wp-content\/uploads\/2021\/12\/may-hut-chan-khong-2-buong-dz-800-2s-tmdg-c46-cktmmdg-4.jpg\"><img loading=\"lazy\" decoding=\"async\" class=\"aligncenter wp-image-6847 size-full\" src=\"https:\/\/cokhitanminh.com\/may-dong-goi\/wp-content\/uploads\/2021\/12\/may-hut-chan-khong-2-buong-dz-800-2s-tmdg-c46-cktmmdg-4.jpg\" alt=\"\" width=\"550\" height=\"413\" srcset=\"https:\/\/cokhitanminh.com\/may-dong-goi\/wp-content\/uploads\/2021\/12\/may-hut-chan-khong-2-buong-dz-800-2s-tmdg-c46-cktmmdg-4.jpg 550w, https:\/\/cokhitanminh.com\/may-dong-goi\/wp-content\/uploads\/2021\/12\/may-hut-chan-khong-2-buong-dz-800-2s-tmdg-c46-cktmmdg-4-300x225.jpg 300w\" sizes=\"auto, (max-width: 550px) 100vw, 550px\" \/><\/a><\/p>\n<p><a href=\"https:\/\/cokhitanminh.com\/may-dong-goi\/wp-content\/uploads\/2021\/12\/may-hut-chan-khong-2-buong-dz-800-2s-tmdg-c46-cktmmdg-5.jpg\"><img loading=\"lazy\" decoding=\"async\" class=\"aligncenter wp-image-6848 size-full\" src=\"https:\/\/cokhitanminh.com\/may-dong-goi\/wp-content\/uploads\/2021\/12\/may-hut-chan-khong-2-buong-dz-800-2s-tmdg-c46-cktmmdg-5.jpg\" alt=\"\" width=\"600\" height=\"450\" srcset=\"https:\/\/cokhitanminh.com\/may-dong-goi\/wp-content\/uploads\/2021\/12\/may-hut-chan-khong-2-buong-dz-800-2s-tmdg-c46-cktmmdg-5.jpg 600w, https:\/\/cokhitanminh.com\/may-dong-goi\/wp-content\/uploads\/2021\/12\/may-hut-chan-khong-2-buong-dz-800-2s-tmdg-c46-cktmmdg-5-300x225.jpg 300w\" sizes=\"auto, (max-width: 600px) 100vw, 600px\" \/><\/a><\/p>\n<p><a href=\"https:\/\/cokhitanminh.com\/may-dong-goi\/wp-content\/uploads\/2021\/12\/may-hut-chan-khong-2-buong-dz-800-2s-tmdg-c46-cktmmdg-6.jpg\"><img loading=\"lazy\" decoding=\"async\" class=\"aligncenter wp-image-6849 size-full\" src=\"https:\/\/cokhitanminh.com\/may-dong-goi\/wp-content\/uploads\/2021\/12\/may-hut-chan-khong-2-buong-dz-800-2s-tmdg-c46-cktmmdg-6.jpg\" alt=\"\" width=\"550\" height=\"413\" srcset=\"https:\/\/cokhitanminh.com\/may-dong-goi\/wp-content\/uploads\/2021\/12\/may-hut-chan-khong-2-buong-dz-800-2s-tmdg-c46-cktmmdg-6.jpg 550w, https:\/\/cokhitanminh.com\/may-dong-goi\/wp-content\/uploads\/2021\/12\/may-hut-chan-khong-2-buong-dz-800-2s-tmdg-c46-cktmmdg-6-300x225.jpg 300w\" sizes=\"auto, (max-width: 550px) 100vw, 550px\" \/><\/a><\/p>\n<p><a href=\"https:\/\/cokhitanminh.com\/may-dong-goi\/wp-content\/uploads\/2021\/12\/may-hut-chan-khong-2-buong-dz-800-2s-tmdg-c46-gif1.gif\"><img loading=\"lazy\" decoding=\"async\" class=\"aligncenter wp-image-6841 size-full\" src=\"https:\/\/cokhitanminh.com\/may-dong-goi\/wp-content\/uploads\/2021\/12\/may-hut-chan-khong-2-buong-dz-800-2s-tmdg-c46-gif1.gif\" alt=\"\" width=\"600\" height=\"337\" \/><\/a><\/p>\n<p><a href=\"https:\/\/cokhitanminh.com\/may-dong-goi\/wp-content\/uploads\/2021\/12\/may-hut-chan-khong-2-buong-dz-800-2s-tmdg-c46-gif2.gif\"><img loading=\"lazy\" decoding=\"async\" class=\"aligncenter wp-image-6842 size-full\" src=\"https:\/\/cokhitanminh.com\/may-dong-goi\/wp-content\/uploads\/2021\/12\/may-hut-chan-khong-2-buong-dz-800-2s-tmdg-c46-gif2.gif\" alt=\"\" width=\"600\" height=\"337\" \/><\/a><\/p>\n<p><a href=\"https:\/\/cokhitanminh.com\/may-dong-goi\/wp-content\/uploads\/2021\/12\/may-hut-chan-khong-2-buong-dz-800-2s-tmdg-c46-gif3.gif\"><img loading=\"lazy\" decoding=\"async\" class=\"aligncenter wp-image-6843 size-full\" src=\"https:\/\/cokhitanminh.com\/may-dong-goi\/wp-content\/uploads\/2021\/12\/may-hut-chan-khong-2-buong-dz-800-2s-tmdg-c46-gif3.gif\" alt=\"\" width=\"600\" height=\"337\" \/><\/a><\/p>\n<p><a href=\"https:\/\/cokhitanminh.com\/may-dong-goi\/wp-content\/uploads\/2021\/12\/may-hut-chan-khong-2-buong-dz-800-2s-tmdg-c46-gif4.gif\"><img loading=\"lazy\" decoding=\"async\" class=\"aligncenter wp-image-6844 size-full\" src=\"https:\/\/cokhitanminh.com\/may-dong-goi\/wp-content\/uploads\/2021\/12\/may-hut-chan-khong-2-buong-dz-800-2s-tmdg-c46-gif4.gif\" alt=\"\" width=\"600\" height=\"337\" \/><\/a><\/p>\n<p><strong>VIDEO S\u1ea2N PH\u1ea8M<\/strong><\/p>\n<p><center><iframe loading=\"lazy\" src=\"https:\/\/www.youtube.com\/embed\/nWjRg07wr28\" width=\"560\" height=\"315\" frameborder=\"0\" allowfullscreen=\"allowfullscreen\"><\/iframe><\/center><\/p>\n<p style=\"text-align: left;\">Xem th\u00eam:\u00a0<strong><em>M\u00e1y h\u00fat ch\u00e2n kh\u00f4ng 2 bu\u1ed3ng DZ-800-2S<\/em><\/strong>\u00a0(TM\u0110G-C46)<\/p>\n","protected":false},"excerpt":{"rendered":"<p>M\u00e1y h\u00fat ch\u00e2n kh\u00f4ng 2 bu\u1ed3ng DZ-800-2S\u00a0(TM\u0110G-C46) M\u00e1y h\u00fat ch\u00e2n kh\u00f4ng 2 bu\u1ed3ng DZ-800-2S \u0111\u01b0\u1ee3c nghi\u00ean c\u1ee9u s\u1ea3n xu\u1ea5t v\u00e0 ph\u00e2n ph\u1ed1i tr\u00ean to\u00e0n qu\u1ed1c. T\u1ea5t c\u1ea3 c\u00e1c s\u1ea3n ph\u1ea9m c\u1ee7a ch\u00fang t\u00f4i \u0111\u1ec1u \u0111\u01b0\u1ee3c ki\u1ec3m tra k\u1ef9 l\u01b0\u1ee1ng v\u00e0 v\u1eadn h\u00e0nh th\u1ef1c t\u1ebf \u0111\u1ec3 lu\u00f4n \u0111\u1ea3m b\u1ea3o ch\u1ea5t l\u01b0\u1ee3ng t\u1ed1t nh\u1ea5t tr\u01b0\u1edbc khi b\u00e0n &#8230;<\/p>\n","protected":false},"featured_media":6853,"comment_status":"open","ping_status":"closed","template":"","meta":[],"class_list":{"0":"post-3388","1":"product","2":"type-product","3":"status-publish","4":"has-post-thumbnail","6":"product_cat-may-hut-chan-khong","8":"first","9":"instock","10":"shipping-taxable","11":"purchasable","12":"product-type-simple"},"brands":[],"yoast_head":"<!-- This site is optimized with the Yoast SEO plugin v17.6 - https:\/\/yoast.com\/wordpress\/plugins\/seo\/ -->\n<title>M\u00e1y h\u00fat ch\u00e2n kh\u00f4ng 2 bu\u1ed3ng DZ-800-2S (TM\u0110G-C46) - M\u00c1Y \u0110\u00d3NG G\u00d3I T\u00c2N MINH<\/title>\n<meta name=\"description\" content=\"M\u00e1y h\u00fat ch\u00e2n kh\u00f4ng 2 bu\u1ed3ng DZ-800-2S (TM\u0110G-C46) - uy t\u00edn - ch\u00ednh h\u00e3ng - ch\u1ea5t l\u01b0\u1ee3ng cao - Chi ti\u1ebft xin vui l\u00f2ng li\u00ean h\u1ec7 hotline 1900.2861 - 0967.68.69.11\" \/>\n<meta name=\"robots\" content=\"index, follow, max-snippet:-1, max-image-preview:large, max-video-preview:-1\" \/>\n<link rel=\"canonical\" href=\"https:\/\/cokhitanminh.com\/may-dong-goi\/may-hut-chan-khong-2-buong-dz-800-2s-tmdg-c46\/\" \/>\n<meta property=\"og:locale\" content=\"vi_VN\" \/>\n<meta property=\"og:type\" content=\"article\" \/>\n<meta property=\"og:title\" content=\"M\u00e1y h\u00fat ch\u00e2n kh\u00f4ng 2 bu\u1ed3ng DZ-800-2S (TM\u0110G-C46) - M\u00c1Y \u0110\u00d3NG G\u00d3I T\u00c2N MINH\" \/>\n<meta property=\"og:description\" content=\"M\u00e1y h\u00fat ch\u00e2n kh\u00f4ng 2 bu\u1ed3ng DZ-800-2S (TM\u0110G-C46) - uy t\u00edn - ch\u00ednh h\u00e3ng - ch\u1ea5t l\u01b0\u1ee3ng cao - Chi ti\u1ebft xin vui l\u00f2ng li\u00ean h\u1ec7 hotline 1900.2861 - 0967.68.69.11\" \/>\n<meta property=\"og:url\" content=\"https:\/\/cokhitanminh.com\/may-dong-goi\/may-hut-chan-khong-2-buong-dz-800-2s-tmdg-c46\/\" \/>\n<meta property=\"og:site_name\" content=\"M\u00c1Y \u0110\u00d3NG G\u00d3I T\u00c2N MINH\" \/>\n<meta property=\"article:modified_time\" content=\"2021-12-31T03:06:53+00:00\" \/>\n<meta property=\"og:image\" content=\"https:\/\/cokhitanminh.com\/may-dong-goi\/wp-content\/uploads\/2021\/12\/may-hut-chan-khong-2-buong-dz-800-2s-tmdg-c46-cktmmdg-1.jpg\" \/>\n\t<meta property=\"og:image:width\" content=\"550\" \/>\n\t<meta property=\"og:image:height\" content=\"550\" \/>\n<meta name=\"twitter:card\" content=\"summary_large_image\" \/>\n<meta name=\"twitter:label1\" content=\"\u01af\u1edbc t\u00ednh th\u1eddi gian \u0111\u1ecdc\" \/>\n\t<meta name=\"twitter:data1\" content=\"3 ph\u00fat\" \/>\n<script type=\"application\/ld+json\" class=\"yoast-schema-graph\">{\"@context\":\"https:\/\/schema.org\",\"@graph\":[{\"@type\":\"WebSite\",\"@id\":\"https:\/\/cokhitanminh.com\/may-dong-goi\/#website\",\"url\":\"https:\/\/cokhitanminh.com\/may-dong-goi\/\",\"name\":\"M\\u00c1Y \\u0110\\u00d3NG G\\u00d3I T\\u00c2N MINH\",\"description\":\"Chuy\\u00ean gia m\\u00e1y \\u0111\\u00f3ng g\\u00f3i\",\"potentialAction\":[{\"@type\":\"SearchAction\",\"target\":{\"@type\":\"EntryPoint\",\"urlTemplate\":\"https:\/\/cokhitanminh.com\/may-dong-goi\/?s={search_term_string}\"},\"query-input\":\"required name=search_term_string\"}],\"inLanguage\":\"vi\"},{\"@type\":\"ImageObject\",\"@id\":\"https:\/\/cokhitanminh.com\/may-dong-goi\/may-hut-chan-khong-2-buong-dz-800-2s-tmdg-c46\/#primaryimage\",\"inLanguage\":\"vi\",\"url\":\"https:\/\/cokhitanminh.com\/may-dong-goi\/wp-content\/uploads\/2021\/12\/may-hut-chan-khong-2-buong-dz-800-2s-tmdg-c46-cktmmdg-1.jpg\",\"contentUrl\":\"https:\/\/cokhitanminh.com\/may-dong-goi\/wp-content\/uploads\/2021\/12\/may-hut-chan-khong-2-buong-dz-800-2s-tmdg-c46-cktmmdg-1.jpg\",\"width\":550,\"height\":550},{\"@type\":\"WebPage\",\"@id\":\"https:\/\/cokhitanminh.com\/may-dong-goi\/may-hut-chan-khong-2-buong-dz-800-2s-tmdg-c46\/#webpage\",\"url\":\"https:\/\/cokhitanminh.com\/may-dong-goi\/may-hut-chan-khong-2-buong-dz-800-2s-tmdg-c46\/\",\"name\":\"M\\u00e1y h\\u00fat ch\\u00e2n kh\\u00f4ng 2 bu\\u1ed3ng DZ-800-2S (TM\\u0110G-C46) - M\\u00c1Y \\u0110\\u00d3NG G\\u00d3I T\\u00c2N MINH\",\"isPartOf\":{\"@id\":\"https:\/\/cokhitanminh.com\/may-dong-goi\/#website\"},\"primaryImageOfPage\":{\"@id\":\"https:\/\/cokhitanminh.com\/may-dong-goi\/may-hut-chan-khong-2-buong-dz-800-2s-tmdg-c46\/#primaryimage\"},\"datePublished\":\"2021-12-04T03:53:40+00:00\",\"dateModified\":\"2021-12-31T03:06:53+00:00\",\"description\":\"M\\u00e1y h\\u00fat ch\\u00e2n kh\\u00f4ng 2 bu\\u1ed3ng DZ-800-2S (TM\\u0110G-C46) - uy t\\u00edn - ch\\u00ednh h\\u00e3ng - ch\\u1ea5t l\\u01b0\\u1ee3ng cao - Chi ti\\u1ebft xin vui l\\u00f2ng li\\u00ean h\\u1ec7 hotline 1900.2861 - 0967.68.69.11\",\"breadcrumb\":{\"@id\":\"https:\/\/cokhitanminh.com\/may-dong-goi\/may-hut-chan-khong-2-buong-dz-800-2s-tmdg-c46\/#breadcrumb\"},\"inLanguage\":\"vi\",\"potentialAction\":[{\"@type\":\"ReadAction\",\"target\":[\"https:\/\/cokhitanminh.com\/may-dong-goi\/may-hut-chan-khong-2-buong-dz-800-2s-tmdg-c46\/\"]}]},{\"@type\":\"BreadcrumbList\",\"@id\":\"https:\/\/cokhitanminh.com\/may-dong-goi\/may-hut-chan-khong-2-buong-dz-800-2s-tmdg-c46\/#breadcrumb\",\"itemListElement\":[{\"@type\":\"ListItem\",\"position\":1,\"name\":\"Trang ch\\u1ee7\",\"item\":\"https:\/\/cokhitanminh.com\/may-dong-goi\/\"},{\"@type\":\"ListItem\",\"position\":2,\"name\":\"C\\u1eeda h\\u00e0ng\",\"item\":\"https:\/\/cokhitanminh.com\/may-dong-goi\/mua\/\"},{\"@type\":\"ListItem\",\"position\":3,\"name\":\"M\\u00e1y h\\u00fat ch\\u00e2n kh\\u00f4ng 2 bu\\u1ed3ng DZ-800-2S (TM\\u0110G-C46)\"}]}]}<\/script>\n<!-- \/ Yoast SEO plugin. -->","yoast_head_json":{"title":"M\u00e1y h\u00fat ch\u00e2n kh\u00f4ng 2 bu\u1ed3ng DZ-800-2S (TM\u0110G-C46) - M\u00c1Y \u0110\u00d3NG G\u00d3I T\u00c2N MINH","description":"M\u00e1y h\u00fat ch\u00e2n kh\u00f4ng 2 bu\u1ed3ng DZ-800-2S (TM\u0110G-C46) - uy t\u00edn - ch\u00ednh h\u00e3ng - ch\u1ea5t l\u01b0\u1ee3ng cao - Chi ti\u1ebft xin vui l\u00f2ng li\u00ean h\u1ec7 hotline 1900.2861 - 0967.68.69.11","robots":{"index":"index","follow":"follow","max-snippet":"max-snippet:-1","max-image-preview":"max-image-preview:large","max-video-preview":"max-video-preview:-1"},"canonical":"https:\/\/cokhitanminh.com\/may-dong-goi\/may-hut-chan-khong-2-buong-dz-800-2s-tmdg-c46\/","og_locale":"vi_VN","og_type":"article","og_title":"M\u00e1y h\u00fat ch\u00e2n kh\u00f4ng 2 bu\u1ed3ng DZ-800-2S (TM\u0110G-C46) - M\u00c1Y \u0110\u00d3NG G\u00d3I T\u00c2N MINH","og_description":"M\u00e1y h\u00fat ch\u00e2n kh\u00f4ng 2 bu\u1ed3ng DZ-800-2S (TM\u0110G-C46) - uy t\u00edn - ch\u00ednh h\u00e3ng - ch\u1ea5t l\u01b0\u1ee3ng cao - Chi ti\u1ebft xin vui l\u00f2ng li\u00ean h\u1ec7 hotline 1900.2861 - 0967.68.69.11","og_url":"https:\/\/cokhitanminh.com\/may-dong-goi\/may-hut-chan-khong-2-buong-dz-800-2s-tmdg-c46\/","og_site_name":"M\u00c1Y \u0110\u00d3NG G\u00d3I T\u00c2N MINH","article_modified_time":"2021-12-31T03:06:53+00:00","og_image":[{"width":550,"height":550,"url":"https:\/\/cokhitanminh.com\/may-dong-goi\/wp-content\/uploads\/2021\/12\/may-hut-chan-khong-2-buong-dz-800-2s-tmdg-c46-cktmmdg-1.jpg","type":"image\/jpeg"}],"twitter_card":"summary_large_image","twitter_misc":{"\u01af\u1edbc t\u00ednh th\u1eddi gian \u0111\u1ecdc":"3 ph\u00fat"},"schema":{"@context":"https:\/\/schema.org","@graph":[{"@type":"WebSite","@id":"https:\/\/cokhitanminh.com\/may-dong-goi\/#website","url":"https:\/\/cokhitanminh.com\/may-dong-goi\/","name":"M\u00c1Y \u0110\u00d3NG G\u00d3I T\u00c2N MINH","description":"Chuy\u00ean gia m\u00e1y \u0111\u00f3ng g\u00f3i","potentialAction":[{"@type":"SearchAction","target":{"@type":"EntryPoint","urlTemplate":"https:\/\/cokhitanminh.com\/may-dong-goi\/?s={search_term_string}"},"query-input":"required name=search_term_string"}],"inLanguage":"vi"},{"@type":"ImageObject","@id":"https:\/\/cokhitanminh.com\/may-dong-goi\/may-hut-chan-khong-2-buong-dz-800-2s-tmdg-c46\/#primaryimage","inLanguage":"vi","url":"https:\/\/cokhitanminh.com\/may-dong-goi\/wp-content\/uploads\/2021\/12\/may-hut-chan-khong-2-buong-dz-800-2s-tmdg-c46-cktmmdg-1.jpg","contentUrl":"https:\/\/cokhitanminh.com\/may-dong-goi\/wp-content\/uploads\/2021\/12\/may-hut-chan-khong-2-buong-dz-800-2s-tmdg-c46-cktmmdg-1.jpg","width":550,"height":550},{"@type":"WebPage","@id":"https:\/\/cokhitanminh.com\/may-dong-goi\/may-hut-chan-khong-2-buong-dz-800-2s-tmdg-c46\/#webpage","url":"https:\/\/cokhitanminh.com\/may-dong-goi\/may-hut-chan-khong-2-buong-dz-800-2s-tmdg-c46\/","name":"M\u00e1y h\u00fat ch\u00e2n kh\u00f4ng 2 bu\u1ed3ng DZ-800-2S (TM\u0110G-C46) - M\u00c1Y \u0110\u00d3NG G\u00d3I T\u00c2N MINH","isPartOf":{"@id":"https:\/\/cokhitanminh.com\/may-dong-goi\/#website"},"primaryImageOfPage":{"@id":"https:\/\/cokhitanminh.com\/may-dong-goi\/may-hut-chan-khong-2-buong-dz-800-2s-tmdg-c46\/#primaryimage"},"datePublished":"2021-12-04T03:53:40+00:00","dateModified":"2021-12-31T03:06:53+00:00","description":"M\u00e1y h\u00fat ch\u00e2n kh\u00f4ng 2 bu\u1ed3ng DZ-800-2S (TM\u0110G-C46) - uy t\u00edn - ch\u00ednh h\u00e3ng - ch\u1ea5t l\u01b0\u1ee3ng cao - Chi ti\u1ebft xin vui l\u00f2ng li\u00ean h\u1ec7 hotline 1900.2861 - 0967.68.69.11","breadcrumb":{"@id":"https:\/\/cokhitanminh.com\/may-dong-goi\/may-hut-chan-khong-2-buong-dz-800-2s-tmdg-c46\/#breadcrumb"},"inLanguage":"vi","potentialAction":[{"@type":"ReadAction","target":["https:\/\/cokhitanminh.com\/may-dong-goi\/may-hut-chan-khong-2-buong-dz-800-2s-tmdg-c46\/"]}]},{"@type":"BreadcrumbList","@id":"https:\/\/cokhitanminh.com\/may-dong-goi\/may-hut-chan-khong-2-buong-dz-800-2s-tmdg-c46\/#breadcrumb","itemListElement":[{"@type":"ListItem","position":1,"name":"Trang ch\u1ee7","item":"https:\/\/cokhitanminh.com\/may-dong-goi\/"},{"@type":"ListItem","position":2,"name":"C\u1eeda h\u00e0ng","item":"https:\/\/cokhitanminh.com\/may-dong-goi\/mua\/"},{"@type":"ListItem","position":3,"name":"M\u00e1y h\u00fat ch\u00e2n kh\u00f4ng 2 bu\u1ed3ng DZ-800-2S (TM\u0110G-C46)"}]}]}},"_links":{"self":[{"href":"https:\/\/cokhitanminh.com\/may-dong-goi\/wp-json\/wp\/v2\/product\/3388","targetHints":{"allow":["GET"]}}],"collection":[{"href":"https:\/\/cokhitanminh.com\/may-dong-goi\/wp-json\/wp\/v2\/product"}],"about":[{"href":"https:\/\/cokhitanminh.com\/may-dong-goi\/wp-json\/wp\/v2\/types\/product"}],"replies":[{"embeddable":true,"href":"https:\/\/cokhitanminh.com\/may-dong-goi\/wp-json\/wp\/v2\/comments?post=3388"}],"wp:featuredmedia":[{"embeddable":true,"href":"https:\/\/cokhitanminh.com\/may-dong-goi\/wp-json\/wp\/v2\/media\/6853"}],"wp:attachment":[{"href":"https:\/\/cokhitanminh.com\/may-dong-goi\/wp-json\/wp\/v2\/media?parent=3388"}],"curies":[{"name":"wp","href":"https:\/\/api.w.org\/{rel}","templated":true}]}}