{"id":3386,"date":"2021-12-04T03:53:39","date_gmt":"2021-12-04T03:53:39","guid":{"rendered":"https:\/\/cokhitanminh.com\/may-dong-goi\/?post_type=product&#038;p=3386"},"modified":"2021-12-10T04:12:58","modified_gmt":"2021-12-10T04:12:58","slug":"may-han-mieng-bao-khi-nen-con-lan-700-inox-tmdg-a26","status":"publish","type":"product","link":"https:\/\/cokhitanminh.com\/may-dong-goi\/may-han-mieng-bao-khi-nen-con-lan-700-inox-tmdg-a26\/","title":{"rendered":"M\u00e1y h\u00e0n mi\u1ec7ng bao kh\u00ed n\u00e9n con l\u0103n 700 ( inox ) (TM\u0110G-A26)"},"content":{"rendered":"<p><span style=\"font-size: 14pt;\"><a href=\"https:\/\/cokhitanminh.com\/may-dong-goi\/may-han-mieng-bao-khi-nen-con-lan-700-inox-tmdg-a26\/\"><em><strong>M\u00e1y h\u00e0n mi\u1ec7ng bao kh\u00ed n\u00e9n con l\u0103n 700 ( inox )<\/strong><\/em><\/a> (TM\u0110G-A26)<\/span><\/p>\n<p><em><strong>M\u00e1y h\u00e0n mi\u1ec7ng bao kh\u00ed n\u00e9n con l\u0103n 700 ( inox )<\/strong><\/em> (TM\u0110G-A26) \u0111\u01b0\u1ee3c nghi\u00ean c\u1ee9u s\u1ea3n xu\u1ea5t v\u00e0 ph\u00e2n ph\u1ed1i tr\u00ean to\u00e0n qu\u1ed1c. T\u1ea5t c\u1ea3 c\u00e1c s\u1ea3n ph\u1ea9m c\u1ee7a ch\u00fang t\u00f4i \u0111\u1ec1u \u0111\u01b0\u1ee3c ki\u1ec3m tra k\u1ef9 l\u01b0\u1ee1ng v\u00e0 v\u1eadn h\u00e0nh th\u1ef1c t\u1ebf \u0111\u1ec3 lu\u00f4n \u0111\u1ea3m b\u1ea3o ch\u1ea5t l\u01b0\u1ee3ng t\u1ed1t nh\u1ea5t tr\u01b0\u1edbc khi b\u00e0n giao thi\u1ebft b\u1ecb cho kh\u00e1ch h\u00e0ng.<\/p>\n<p><strong>Th\u00f4ng s\u1ed1 k\u1ef9 thu\u1eadt:<\/strong><\/p>\n<p>&#8211; Model: TM\u0110G-A26<\/p>\n<p>&#8211; \u0110i\u1ec7n \u00e1p: 220V\/50Hz<\/p>\n<p>&#8211; C\u00f4ng su\u1ea5t: 2kw<\/p>\n<p>&#8211; \u00c1p su\u1ea5t kh\u00ed n\u00e9n: 0.4-0.6Mpa<\/p>\n<p>&#8211; \u00c1p d\u1ee5ng m\u00e1y n\u00e9n kh\u00ed: &gt;50Lit<\/p>\n<p>&#8211; N\u0103ng su\u1ea5t Trung B\u00ecnh: 10SP\/Ph\u00fat<\/p>\n<p>&#8211; Chi\u1ec1u d\u00e0i \u0111\u01b0\u1eddng h\u00e0n Max: 700mm<\/p>\n<p>&#8211; Chi\u1ec1u r\u1ed9ng \u0111\u01b0\u1eddng h\u00e0n: 10mm<\/p>\n<p>&#8211; Chi\u1ec1u cao s\u1ea3n ph\u1ea9m \u00e1p d\u00f9ng: t\u1eeb 350 \u0111\u1ebfn 750mm<\/p>\n<p>&#8211; Nhi\u1ec7t \u0111\u1ed9 h\u00e0n Max: 300 \u0110\u1ed9 C<\/p>\n<p>&#8211; Ch\u1ea5t li\u1ec7u t\u00fai, bao \u00e1p d\u1ee5ng: PE,PP, Gi\u1ea5y nh\u00f4m<\/p>\n<p>&#8211; \u0110\u1ed9 d\u1ea7y t\u00fai, bao \u00e1p d\u1ee5ng max: 0.2mm<\/p>\n<p>&#8211; K\u00edch th\u01b0\u1edbc b\u0103ng t\u1ea3i: 560 x 300mm<\/p>\n<p>&#8211; T\u1ea3i tr\u1ecdng b\u0103ng t\u1ea3i: &lt;50kg<\/p>\n<p>&#8211; K\u00edch th\u01b0\u1edbc m\u00e1y: 840 x 690 x 1420mm<\/p>\n<p>&#8211; Ch\u1ea5t li\u1ec7u v\u1ecf m\u00e1y: inox 304<\/p>\n<p>&#8211; Tr\u1ecdng l\u01b0\u1ee3ng: kho\u1ea3ng 100kg<\/p>\n<p>&#8211; B\u1ea3o h\u00e0nh: 12 th\u00e1ng<\/p>\n<p><strong>H\u00ecnh \u1ea3nh s\u1ea3n ph\u1ea9m:<\/strong><\/p>\n<p style=\"text-align: center;\"><a href=\"https:\/\/cokhitanminh.com\/may-dong-goi\/wp-content\/uploads\/2021\/12\/may-han-mieng-bao-khi-nen-con-lan-700-inox-tmdg-a26-cktmmdg-1.jpg\"><img loading=\"lazy\" decoding=\"async\" class=\"alignnone size-full wp-image-4617\" src=\"https:\/\/cokhitanminh.com\/may-dong-goi\/wp-content\/uploads\/2021\/12\/may-han-mieng-bao-khi-nen-con-lan-700-inox-tmdg-a26-cktmmdg-1.jpg\" alt=\"\" width=\"1200\" height=\"600\" srcset=\"https:\/\/cokhitanminh.com\/may-dong-goi\/wp-content\/uploads\/2021\/12\/may-han-mieng-bao-khi-nen-con-lan-700-inox-tmdg-a26-cktmmdg-1.jpg 1200w, https:\/\/cokhitanminh.com\/may-dong-goi\/wp-content\/uploads\/2021\/12\/may-han-mieng-bao-khi-nen-con-lan-700-inox-tmdg-a26-cktmmdg-1-300x150.jpg 300w, https:\/\/cokhitanminh.com\/may-dong-goi\/wp-content\/uploads\/2021\/12\/may-han-mieng-bao-khi-nen-con-lan-700-inox-tmdg-a26-cktmmdg-1-1024x512.jpg 1024w, https:\/\/cokhitanminh.com\/may-dong-goi\/wp-content\/uploads\/2021\/12\/may-han-mieng-bao-khi-nen-con-lan-700-inox-tmdg-a26-cktmmdg-1-768x384.jpg 768w, https:\/\/cokhitanminh.com\/may-dong-goi\/wp-content\/uploads\/2021\/12\/may-han-mieng-bao-khi-nen-con-lan-700-inox-tmdg-a26-cktmmdg-1-600x300.jpg 600w\" sizes=\"auto, (max-width: 1200px) 100vw, 1200px\" \/><\/a> <a href=\"https:\/\/cokhitanminh.com\/may-dong-goi\/wp-content\/uploads\/2021\/12\/may-han-mieng-bao-khi-nen-con-lan-700-inox-tmdg-a26-cktmmdg-2.jpg\"><img loading=\"lazy\" decoding=\"async\" class=\"alignnone size-full wp-image-4619\" src=\"https:\/\/cokhitanminh.com\/may-dong-goi\/wp-content\/uploads\/2021\/12\/may-han-mieng-bao-khi-nen-con-lan-700-inox-tmdg-a26-cktmmdg-2.jpg\" alt=\"\" width=\"550\" height=\"413\" srcset=\"https:\/\/cokhitanminh.com\/may-dong-goi\/wp-content\/uploads\/2021\/12\/may-han-mieng-bao-khi-nen-con-lan-700-inox-tmdg-a26-cktmmdg-2.jpg 550w, https:\/\/cokhitanminh.com\/may-dong-goi\/wp-content\/uploads\/2021\/12\/may-han-mieng-bao-khi-nen-con-lan-700-inox-tmdg-a26-cktmmdg-2-300x225.jpg 300w\" sizes=\"auto, (max-width: 550px) 100vw, 550px\" \/><\/a> <a href=\"https:\/\/cokhitanminh.com\/may-dong-goi\/wp-content\/uploads\/2021\/12\/may-han-mieng-bao-khi-nen-con-lan-700-inox-tmdg-a26-cktmmdg-3.jpg\"><img loading=\"lazy\" decoding=\"async\" class=\"alignnone size-full wp-image-4620\" src=\"https:\/\/cokhitanminh.com\/may-dong-goi\/wp-content\/uploads\/2021\/12\/may-han-mieng-bao-khi-nen-con-lan-700-inox-tmdg-a26-cktmmdg-3.jpg\" alt=\"\" width=\"550\" height=\"413\" srcset=\"https:\/\/cokhitanminh.com\/may-dong-goi\/wp-content\/uploads\/2021\/12\/may-han-mieng-bao-khi-nen-con-lan-700-inox-tmdg-a26-cktmmdg-3.jpg 550w, https:\/\/cokhitanminh.com\/may-dong-goi\/wp-content\/uploads\/2021\/12\/may-han-mieng-bao-khi-nen-con-lan-700-inox-tmdg-a26-cktmmdg-3-300x225.jpg 300w\" sizes=\"auto, (max-width: 550px) 100vw, 550px\" \/><\/a> <a href=\"https:\/\/cokhitanminh.com\/may-dong-goi\/wp-content\/uploads\/2021\/12\/may-han-mieng-bao-khi-nen-con-lan-700-inox-tmdg-a26-cktmmdg-4.jpg\"><img loading=\"lazy\" decoding=\"async\" class=\"alignnone size-full wp-image-4621\" src=\"https:\/\/cokhitanminh.com\/may-dong-goi\/wp-content\/uploads\/2021\/12\/may-han-mieng-bao-khi-nen-con-lan-700-inox-tmdg-a26-cktmmdg-4.jpg\" alt=\"\" width=\"550\" height=\"413\" srcset=\"https:\/\/cokhitanminh.com\/may-dong-goi\/wp-content\/uploads\/2021\/12\/may-han-mieng-bao-khi-nen-con-lan-700-inox-tmdg-a26-cktmmdg-4.jpg 550w, https:\/\/cokhitanminh.com\/may-dong-goi\/wp-content\/uploads\/2021\/12\/may-han-mieng-bao-khi-nen-con-lan-700-inox-tmdg-a26-cktmmdg-4-300x225.jpg 300w\" sizes=\"auto, (max-width: 550px) 100vw, 550px\" \/><\/a> <a href=\"https:\/\/cokhitanminh.com\/may-dong-goi\/wp-content\/uploads\/2021\/12\/may-han-mieng-bao-khi-nen-con-lan-700-inox-tmdg-a26-cktmmdg-5.jpg\"><img loading=\"lazy\" decoding=\"async\" class=\"alignnone size-full wp-image-4622\" src=\"https:\/\/cokhitanminh.com\/may-dong-goi\/wp-content\/uploads\/2021\/12\/may-han-mieng-bao-khi-nen-con-lan-700-inox-tmdg-a26-cktmmdg-5.jpg\" alt=\"\" width=\"550\" height=\"413\" srcset=\"https:\/\/cokhitanminh.com\/may-dong-goi\/wp-content\/uploads\/2021\/12\/may-han-mieng-bao-khi-nen-con-lan-700-inox-tmdg-a26-cktmmdg-5.jpg 550w, https:\/\/cokhitanminh.com\/may-dong-goi\/wp-content\/uploads\/2021\/12\/may-han-mieng-bao-khi-nen-con-lan-700-inox-tmdg-a26-cktmmdg-5-300x225.jpg 300w\" sizes=\"auto, (max-width: 550px) 100vw, 550px\" \/><\/a> <a href=\"https:\/\/cokhitanminh.com\/may-dong-goi\/wp-content\/uploads\/2021\/12\/may-han-mieng-bao-khi-nen-con-lan-700-inox-tmdg-a26-cktmmdg-7.gif\"><img loading=\"lazy\" decoding=\"async\" class=\"alignnone size-full wp-image-4623\" src=\"https:\/\/cokhitanminh.com\/may-dong-goi\/wp-content\/uploads\/2021\/12\/may-han-mieng-bao-khi-nen-con-lan-700-inox-tmdg-a26-cktmmdg-7.gif\" alt=\"\" width=\"600\" height=\"340\" \/><\/a><\/p>\n<p style=\"text-align: justify;\">Chi ti\u1ebft s\u1ea3n ph\u1ea9m <em><strong>M\u00e1y h\u00e0n mi\u1ec7ng bao kh\u00ed n\u00e9n con l\u0103n 700 ( inox )<\/strong><\/em>\u00a0xin vui l\u00f2ng li\u00ean h\u1ec7 Hotline: 19002861 \u0110\u1ec3 \u0111\u01b0\u1ee3c t\u01b0 v\u1ea5n ho\u00e0n to\u00e0n mi\u1ec5n ph\u00ed!<\/p>\n<p>&nbsp;<\/p>\n","protected":false},"excerpt":{"rendered":"<p>M\u00e1y h\u00e0n mi\u1ec7ng bao kh\u00ed n\u00e9n con l\u0103n 700 ( inox ) (TM\u0110G-A26) M\u00e1y h\u00e0n mi\u1ec7ng bao kh\u00ed n\u00e9n con l\u0103n 700 ( inox ) (TM\u0110G-A26) \u0111\u01b0\u1ee3c nghi\u00ean c\u1ee9u s\u1ea3n xu\u1ea5t v\u00e0 ph\u00e2n ph\u1ed1i tr\u00ean to\u00e0n qu\u1ed1c. T\u1ea5t c\u1ea3 c\u00e1c s\u1ea3n ph\u1ea9m c\u1ee7a ch\u00fang t\u00f4i \u0111\u1ec1u \u0111\u01b0\u1ee3c ki\u1ec3m tra k\u1ef9 l\u01b0\u1ee1ng v\u00e0 v\u1eadn h\u00e0nh th\u1ef1c &#8230;<\/p>\n","protected":false},"featured_media":4624,"comment_status":"open","ping_status":"closed","template":"","meta":[],"class_list":{"0":"post-3386","1":"product","2":"type-product","3":"status-publish","4":"has-post-thumbnail","6":"product_cat-may-han-mieng-tui","8":"first","9":"instock","10":"shipping-taxable","11":"purchasable","12":"product-type-simple"},"brands":[],"yoast_head":"<!-- This site is optimized with the Yoast SEO plugin v17.6 - https:\/\/yoast.com\/wordpress\/plugins\/seo\/ -->\n<title>M\u00e1y h\u00e0n mi\u1ec7ng bao kh\u00ed n\u00e9n con l\u0103n 700 ( inox ) | C\u01a1 Kh\u00ed T\u00e2n Minh<\/title>\n<meta name=\"description\" content=\"M\u00e1y h\u00e0n mi\u1ec7ng bao kh\u00ed n\u00e9n con l\u0103n 700 ( inox ) - Gi\u00e1 R\u1ebb - B\u1ea3o H\u00e0nh Chuy\u00ean Nghi\u1ec7p - Chi ti\u1ebft xin li\u00ean h\u1ec7 Hotline: 19002861 \u0110\u1ec3 \u0111\u01b0\u1ee3c t\u01b0 v\u1ea5n ho\u00e0n to\u00e0n mi\u1ec5n ph\u00ed!\" \/>\n<meta name=\"robots\" content=\"index, follow, max-snippet:-1, max-image-preview:large, max-video-preview:-1\" \/>\n<link rel=\"canonical\" href=\"https:\/\/cokhitanminh.com\/may-dong-goi\/may-han-mieng-bao-khi-nen-con-lan-700-inox-tmdg-a26\/\" \/>\n<meta property=\"og:locale\" content=\"vi_VN\" \/>\n<meta property=\"og:type\" content=\"article\" \/>\n<meta property=\"og:title\" content=\"M\u00e1y h\u00e0n mi\u1ec7ng bao kh\u00ed n\u00e9n con l\u0103n 700 ( inox ) | C\u01a1 Kh\u00ed T\u00e2n Minh\" \/>\n<meta property=\"og:description\" content=\"M\u00e1y h\u00e0n mi\u1ec7ng bao kh\u00ed n\u00e9n con l\u0103n 700 ( inox ) - Gi\u00e1 R\u1ebb - B\u1ea3o H\u00e0nh Chuy\u00ean Nghi\u1ec7p - Chi ti\u1ebft xin li\u00ean h\u1ec7 Hotline: 19002861 \u0110\u1ec3 \u0111\u01b0\u1ee3c t\u01b0 v\u1ea5n ho\u00e0n to\u00e0n mi\u1ec5n ph\u00ed!\" \/>\n<meta property=\"og:url\" content=\"https:\/\/cokhitanminh.com\/may-dong-goi\/may-han-mieng-bao-khi-nen-con-lan-700-inox-tmdg-a26\/\" \/>\n<meta property=\"og:site_name\" content=\"M\u00c1Y \u0110\u00d3NG G\u00d3I T\u00c2N MINH\" \/>\n<meta property=\"article:modified_time\" content=\"2021-12-10T04:12:58+00:00\" \/>\n<meta property=\"og:image\" content=\"https:\/\/cokhitanminh.com\/may-dong-goi\/wp-content\/uploads\/2021\/12\/may-han-mieng-bao-khi-nen-con-lan-700-inox-tmdg-a26-cktmmdg.jpg\" \/>\n\t<meta property=\"og:image:width\" content=\"500\" \/>\n\t<meta property=\"og:image:height\" content=\"500\" \/>\n<meta name=\"twitter:card\" content=\"summary_large_image\" \/>\n<meta name=\"twitter:label1\" content=\"\u01af\u1edbc t\u00ednh th\u1eddi gian \u0111\u1ecdc\" \/>\n\t<meta name=\"twitter:data1\" content=\"3 ph\u00fat\" \/>\n<script type=\"application\/ld+json\" class=\"yoast-schema-graph\">{\"@context\":\"https:\/\/schema.org\",\"@graph\":[{\"@type\":\"WebSite\",\"@id\":\"https:\/\/cokhitanminh.com\/may-dong-goi\/#website\",\"url\":\"https:\/\/cokhitanminh.com\/may-dong-goi\/\",\"name\":\"M\\u00c1Y \\u0110\\u00d3NG G\\u00d3I T\\u00c2N MINH\",\"description\":\"Chuy\\u00ean gia m\\u00e1y \\u0111\\u00f3ng g\\u00f3i\",\"potentialAction\":[{\"@type\":\"SearchAction\",\"target\":{\"@type\":\"EntryPoint\",\"urlTemplate\":\"https:\/\/cokhitanminh.com\/may-dong-goi\/?s={search_term_string}\"},\"query-input\":\"required name=search_term_string\"}],\"inLanguage\":\"vi\"},{\"@type\":\"ImageObject\",\"@id\":\"https:\/\/cokhitanminh.com\/may-dong-goi\/may-han-mieng-bao-khi-nen-con-lan-700-inox-tmdg-a26\/#primaryimage\",\"inLanguage\":\"vi\",\"url\":\"https:\/\/cokhitanminh.com\/may-dong-goi\/wp-content\/uploads\/2021\/12\/may-han-mieng-bao-khi-nen-con-lan-700-inox-tmdg-a26-cktmmdg.jpg\",\"contentUrl\":\"https:\/\/cokhitanminh.com\/may-dong-goi\/wp-content\/uploads\/2021\/12\/may-han-mieng-bao-khi-nen-con-lan-700-inox-tmdg-a26-cktmmdg.jpg\",\"width\":500,\"height\":500},{\"@type\":\"WebPage\",\"@id\":\"https:\/\/cokhitanminh.com\/may-dong-goi\/may-han-mieng-bao-khi-nen-con-lan-700-inox-tmdg-a26\/#webpage\",\"url\":\"https:\/\/cokhitanminh.com\/may-dong-goi\/may-han-mieng-bao-khi-nen-con-lan-700-inox-tmdg-a26\/\",\"name\":\"M\\u00e1y h\\u00e0n mi\\u1ec7ng bao kh\\u00ed n\\u00e9n con l\\u0103n 700 ( inox ) | C\\u01a1 Kh\\u00ed T\\u00e2n Minh\",\"isPartOf\":{\"@id\":\"https:\/\/cokhitanminh.com\/may-dong-goi\/#website\"},\"primaryImageOfPage\":{\"@id\":\"https:\/\/cokhitanminh.com\/may-dong-goi\/may-han-mieng-bao-khi-nen-con-lan-700-inox-tmdg-a26\/#primaryimage\"},\"datePublished\":\"2021-12-04T03:53:39+00:00\",\"dateModified\":\"2021-12-10T04:12:58+00:00\",\"description\":\"M\\u00e1y h\\u00e0n mi\\u1ec7ng bao kh\\u00ed n\\u00e9n con l\\u0103n 700 ( inox ) - Gi\\u00e1 R\\u1ebb - B\\u1ea3o H\\u00e0nh Chuy\\u00ean Nghi\\u1ec7p - Chi ti\\u1ebft xin li\\u00ean h\\u1ec7 Hotline: 19002861 \\u0110\\u1ec3 \\u0111\\u01b0\\u1ee3c t\\u01b0 v\\u1ea5n ho\\u00e0n to\\u00e0n mi\\u1ec5n ph\\u00ed!\",\"breadcrumb\":{\"@id\":\"https:\/\/cokhitanminh.com\/may-dong-goi\/may-han-mieng-bao-khi-nen-con-lan-700-inox-tmdg-a26\/#breadcrumb\"},\"inLanguage\":\"vi\",\"potentialAction\":[{\"@type\":\"ReadAction\",\"target\":[\"https:\/\/cokhitanminh.com\/may-dong-goi\/may-han-mieng-bao-khi-nen-con-lan-700-inox-tmdg-a26\/\"]}]},{\"@type\":\"BreadcrumbList\",\"@id\":\"https:\/\/cokhitanminh.com\/may-dong-goi\/may-han-mieng-bao-khi-nen-con-lan-700-inox-tmdg-a26\/#breadcrumb\",\"itemListElement\":[{\"@type\":\"ListItem\",\"position\":1,\"name\":\"Trang ch\\u1ee7\",\"item\":\"https:\/\/cokhitanminh.com\/may-dong-goi\/\"},{\"@type\":\"ListItem\",\"position\":2,\"name\":\"C\\u1eeda h\\u00e0ng\",\"item\":\"https:\/\/cokhitanminh.com\/may-dong-goi\/mua\/\"},{\"@type\":\"ListItem\",\"position\":3,\"name\":\"M\\u00e1y h\\u00e0n mi\\u1ec7ng bao kh\\u00ed n\\u00e9n con l\\u0103n 700 ( inox ) (TM\\u0110G-A26)\"}]}]}<\/script>\n<!-- \/ Yoast SEO plugin. -->","yoast_head_json":{"title":"M\u00e1y h\u00e0n mi\u1ec7ng bao kh\u00ed n\u00e9n con l\u0103n 700 ( inox ) | C\u01a1 Kh\u00ed T\u00e2n Minh","description":"M\u00e1y h\u00e0n mi\u1ec7ng bao kh\u00ed n\u00e9n con l\u0103n 700 ( inox ) - Gi\u00e1 R\u1ebb - B\u1ea3o H\u00e0nh Chuy\u00ean Nghi\u1ec7p - Chi ti\u1ebft xin li\u00ean h\u1ec7 Hotline: 19002861 \u0110\u1ec3 \u0111\u01b0\u1ee3c t\u01b0 v\u1ea5n ho\u00e0n to\u00e0n mi\u1ec5n ph\u00ed!","robots":{"index":"index","follow":"follow","max-snippet":"max-snippet:-1","max-image-preview":"max-image-preview:large","max-video-preview":"max-video-preview:-1"},"canonical":"https:\/\/cokhitanminh.com\/may-dong-goi\/may-han-mieng-bao-khi-nen-con-lan-700-inox-tmdg-a26\/","og_locale":"vi_VN","og_type":"article","og_title":"M\u00e1y h\u00e0n mi\u1ec7ng bao kh\u00ed n\u00e9n con l\u0103n 700 ( inox ) | C\u01a1 Kh\u00ed T\u00e2n Minh","og_description":"M\u00e1y h\u00e0n mi\u1ec7ng bao kh\u00ed n\u00e9n con l\u0103n 700 ( inox ) - Gi\u00e1 R\u1ebb - B\u1ea3o H\u00e0nh Chuy\u00ean Nghi\u1ec7p - Chi ti\u1ebft xin li\u00ean h\u1ec7 Hotline: 19002861 \u0110\u1ec3 \u0111\u01b0\u1ee3c t\u01b0 v\u1ea5n ho\u00e0n to\u00e0n mi\u1ec5n ph\u00ed!","og_url":"https:\/\/cokhitanminh.com\/may-dong-goi\/may-han-mieng-bao-khi-nen-con-lan-700-inox-tmdg-a26\/","og_site_name":"M\u00c1Y \u0110\u00d3NG G\u00d3I T\u00c2N MINH","article_modified_time":"2021-12-10T04:12:58+00:00","og_image":[{"width":500,"height":500,"url":"https:\/\/cokhitanminh.com\/may-dong-goi\/wp-content\/uploads\/2021\/12\/may-han-mieng-bao-khi-nen-con-lan-700-inox-tmdg-a26-cktmmdg.jpg","type":"image\/jpeg"}],"twitter_card":"summary_large_image","twitter_misc":{"\u01af\u1edbc t\u00ednh th\u1eddi gian \u0111\u1ecdc":"3 ph\u00fat"},"schema":{"@context":"https:\/\/schema.org","@graph":[{"@type":"WebSite","@id":"https:\/\/cokhitanminh.com\/may-dong-goi\/#website","url":"https:\/\/cokhitanminh.com\/may-dong-goi\/","name":"M\u00c1Y \u0110\u00d3NG G\u00d3I T\u00c2N MINH","description":"Chuy\u00ean gia m\u00e1y \u0111\u00f3ng g\u00f3i","potentialAction":[{"@type":"SearchAction","target":{"@type":"EntryPoint","urlTemplate":"https:\/\/cokhitanminh.com\/may-dong-goi\/?s={search_term_string}"},"query-input":"required name=search_term_string"}],"inLanguage":"vi"},{"@type":"ImageObject","@id":"https:\/\/cokhitanminh.com\/may-dong-goi\/may-han-mieng-bao-khi-nen-con-lan-700-inox-tmdg-a26\/#primaryimage","inLanguage":"vi","url":"https:\/\/cokhitanminh.com\/may-dong-goi\/wp-content\/uploads\/2021\/12\/may-han-mieng-bao-khi-nen-con-lan-700-inox-tmdg-a26-cktmmdg.jpg","contentUrl":"https:\/\/cokhitanminh.com\/may-dong-goi\/wp-content\/uploads\/2021\/12\/may-han-mieng-bao-khi-nen-con-lan-700-inox-tmdg-a26-cktmmdg.jpg","width":500,"height":500},{"@type":"WebPage","@id":"https:\/\/cokhitanminh.com\/may-dong-goi\/may-han-mieng-bao-khi-nen-con-lan-700-inox-tmdg-a26\/#webpage","url":"https:\/\/cokhitanminh.com\/may-dong-goi\/may-han-mieng-bao-khi-nen-con-lan-700-inox-tmdg-a26\/","name":"M\u00e1y h\u00e0n mi\u1ec7ng bao kh\u00ed n\u00e9n con l\u0103n 700 ( inox ) | C\u01a1 Kh\u00ed T\u00e2n Minh","isPartOf":{"@id":"https:\/\/cokhitanminh.com\/may-dong-goi\/#website"},"primaryImageOfPage":{"@id":"https:\/\/cokhitanminh.com\/may-dong-goi\/may-han-mieng-bao-khi-nen-con-lan-700-inox-tmdg-a26\/#primaryimage"},"datePublished":"2021-12-04T03:53:39+00:00","dateModified":"2021-12-10T04:12:58+00:00","description":"M\u00e1y h\u00e0n mi\u1ec7ng bao kh\u00ed n\u00e9n con l\u0103n 700 ( inox ) - Gi\u00e1 R\u1ebb - B\u1ea3o H\u00e0nh Chuy\u00ean Nghi\u1ec7p - Chi ti\u1ebft xin li\u00ean h\u1ec7 Hotline: 19002861 \u0110\u1ec3 \u0111\u01b0\u1ee3c t\u01b0 v\u1ea5n ho\u00e0n to\u00e0n mi\u1ec5n ph\u00ed!","breadcrumb":{"@id":"https:\/\/cokhitanminh.com\/may-dong-goi\/may-han-mieng-bao-khi-nen-con-lan-700-inox-tmdg-a26\/#breadcrumb"},"inLanguage":"vi","potentialAction":[{"@type":"ReadAction","target":["https:\/\/cokhitanminh.com\/may-dong-goi\/may-han-mieng-bao-khi-nen-con-lan-700-inox-tmdg-a26\/"]}]},{"@type":"BreadcrumbList","@id":"https:\/\/cokhitanminh.com\/may-dong-goi\/may-han-mieng-bao-khi-nen-con-lan-700-inox-tmdg-a26\/#breadcrumb","itemListElement":[{"@type":"ListItem","position":1,"name":"Trang ch\u1ee7","item":"https:\/\/cokhitanminh.com\/may-dong-goi\/"},{"@type":"ListItem","position":2,"name":"C\u1eeda h\u00e0ng","item":"https:\/\/cokhitanminh.com\/may-dong-goi\/mua\/"},{"@type":"ListItem","position":3,"name":"M\u00e1y h\u00e0n mi\u1ec7ng bao kh\u00ed n\u00e9n con l\u0103n 700 ( inox ) (TM\u0110G-A26)"}]}]}},"_links":{"self":[{"href":"https:\/\/cokhitanminh.com\/may-dong-goi\/wp-json\/wp\/v2\/product\/3386","targetHints":{"allow":["GET"]}}],"collection":[{"href":"https:\/\/cokhitanminh.com\/may-dong-goi\/wp-json\/wp\/v2\/product"}],"about":[{"href":"https:\/\/cokhitanminh.com\/may-dong-goi\/wp-json\/wp\/v2\/types\/product"}],"replies":[{"embeddable":true,"href":"https:\/\/cokhitanminh.com\/may-dong-goi\/wp-json\/wp\/v2\/comments?post=3386"}],"wp:featuredmedia":[{"embeddable":true,"href":"https:\/\/cokhitanminh.com\/may-dong-goi\/wp-json\/wp\/v2\/media\/4624"}],"wp:attachment":[{"href":"https:\/\/cokhitanminh.com\/may-dong-goi\/wp-json\/wp\/v2\/media?parent=3386"}],"curies":[{"name":"wp","href":"https:\/\/api.w.org\/{rel}","templated":true}]}}