{"id":3336,"date":"2021-12-04T03:52:06","date_gmt":"2021-12-04T03:52:06","guid":{"rendered":"https:\/\/cokhitanminh.com\/may-dong-goi\/?post_type=product&#038;p=3336"},"modified":"2023-03-31T06:58:29","modified_gmt":"2023-03-31T06:58:29","slug":"may-dan-bang-dinh-thung-carton-4030-tmdg-ga06","status":"publish","type":"product","link":"https:\/\/cokhitanminh.com\/may-dong-goi\/may-dan-bang-dinh-thung-carton-4030-tmdg-ga06\/","title":{"rendered":"M\u00e1y d\u00e1n b\u0103ng d\u00ednh th\u00f9ng carton 4030 (TM\u0110G-GA06)"},"content":{"rendered":"<h3><a href=\"https:\/\/cokhitanminh.com\/may-dong-goi\/may-dan-bang-dinh-thung-carton-4030-tmdg-ga06\/\"><strong><em>M\u00e1y d\u00e1n b\u0103ng d\u00ednh th\u00f9ng carton 4030<\/em><\/strong><\/a> (TM\u0110G-GA06)<\/h3>\n<p><strong><em>M\u00e1y d\u00e1n b\u0103ng d\u00ednh th\u00f9ng carton 4030 <\/em><\/strong>\u0111\u01b0\u1ee3c nghi\u00ean c\u1ee9u s\u1ea3n xu\u1ea5t v\u00e0 ph\u00e2n ph\u1ed1i tr\u00ean to\u00e0n qu\u1ed1c. T\u1ea5t c\u1ea3 c\u00e1c s\u1ea3n ph\u1ea9m c\u1ee7a ch\u00fang t\u00f4i \u0111\u1ec1u \u0111\u01b0\u1ee3c ki\u1ec3m tra k\u1ef9 l\u01b0\u1ee1ng v\u00e0 v\u1eadn h\u00e0nh th\u1ef1c t\u1ebf \u0111\u1ec3 lu\u00f4n \u0111\u1ea3m b\u1ea3o ch\u1ea5t l\u01b0\u1ee3ng t\u1ed1t nh\u1ea5t tr\u01b0\u1edbc khi b\u00e0n giao thi\u1ebft b\u1ecb cho kh\u00e1ch h\u00e0ng.<\/p>\n<p><strong>Th\u00f4ng s\u1ed1 k\u1ef9 thu\u1eadt:<\/strong><\/p>\n<p>&#8211; Model: TM\u0110G-GA06<\/p>\n<p>&#8211; \u0110i\u1ec7n \u00e1p: 220V\/50Hz<\/p>\n<p>&#8211; C\u00f4ng su\u1ea5t: 90W x 2<\/p>\n<p>&#8211; K\u00edch th\u01b0\u1edbc h\u1ed9p ph\u00f9 h\u1ee3p t\u1ed1i \u0111a: 300 x 400 mm<\/p>\n<p>&#8211; K\u00edch th\u01b0\u1edbc h\u1ed9p ph\u00f9 h\u1ee3p t\u1ed1i ti\u1ec3u: 80 x 90 mm<\/p>\n<p>&#8211; N\u0103ng su\u1ea5t: 10 &#8211; 15 PCS\/p (ph\u1ee5 thu\u1ed9c v\u00e0o k\u00edch th\u01b0\u1edbc th\u00f9ng v\u00e0 nh\u00e2n vi\u00ean v\u1eadn h\u00e0nh)<\/p>\n<p>\u2013 K\u00edch th\u01b0\u1edbc b\u0103ng d\u00ednh \u00e1p d\u1ee5ng: 36 \u2013 48<\/p>\n<p>\u2013 K\u00edch th\u01b0\u1edbc m\u00e1y: 1470 x 650 x 1560 mm<\/p>\n<p>&#8211; Ch\u1ea5t li\u1ec7u m\u00e1y: th\u00e9p s\u01a1n t\u0129nh \u0111i\u1ec7n<\/p>\n<p>&#8211; Tr\u1ecdng l\u01b0\u1ee3ng: ~80 Kg<\/p>\n<p>&#8211; B\u1ea3o h\u00e0nh: 12 th\u00e1ng<\/p>\n<p><strong>H\u00ecnh \u1ea3nh s\u1ea3n ph\u1ea9m:<\/strong><\/p>\n<figure id=\"attachment_7862\" aria-describedby=\"caption-attachment-7862\" style=\"width: 500px\" class=\"wp-caption aligncenter\"><img loading=\"lazy\" decoding=\"async\" class=\"size-full wp-image-7862\" src=\"https:\/\/cokhitanminh.com\/may-dong-goi\/wp-content\/uploads\/2021\/12\/may-dan-bang-dinh-thung-carton-4030-tmdg-ga06-cktmmdg-2.jpg\" alt=\"\" width=\"500\" height=\"500\" srcset=\"https:\/\/cokhitanminh.com\/may-dong-goi\/wp-content\/uploads\/2021\/12\/may-dan-bang-dinh-thung-carton-4030-tmdg-ga06-cktmmdg-2.jpg 500w, https:\/\/cokhitanminh.com\/may-dong-goi\/wp-content\/uploads\/2021\/12\/may-dan-bang-dinh-thung-carton-4030-tmdg-ga06-cktmmdg-2-300x300.jpg 300w, https:\/\/cokhitanminh.com\/may-dong-goi\/wp-content\/uploads\/2021\/12\/may-dan-bang-dinh-thung-carton-4030-tmdg-ga06-cktmmdg-2-150x150.jpg 150w, https:\/\/cokhitanminh.com\/may-dong-goi\/wp-content\/uploads\/2021\/12\/may-dan-bang-dinh-thung-carton-4030-tmdg-ga06-cktmmdg-2-100x100.jpg 100w\" sizes=\"auto, (max-width: 500px) 100vw, 500px\" \/><figcaption id=\"caption-attachment-7862\" class=\"wp-caption-text\">M\u00c1Y D\u00c1N B\u0102NG D\u00cdNH TH\u00d9NG CARTON 4030(TM\u0110G-GA06)<\/figcaption><\/figure>\n<figure id=\"attachment_7863\" aria-describedby=\"caption-attachment-7863\" style=\"width: 550px\" class=\"wp-caption aligncenter\"><img loading=\"lazy\" decoding=\"async\" class=\"size-full wp-image-7863\" src=\"https:\/\/cokhitanminh.com\/may-dong-goi\/wp-content\/uploads\/2021\/12\/may-dan-bang-dinh-thung-carton-4030-tmdg-ga06-cktmmdg-3.jpg\" alt=\"\" width=\"550\" height=\"413\" srcset=\"https:\/\/cokhitanminh.com\/may-dong-goi\/wp-content\/uploads\/2021\/12\/may-dan-bang-dinh-thung-carton-4030-tmdg-ga06-cktmmdg-3.jpg 550w, https:\/\/cokhitanminh.com\/may-dong-goi\/wp-content\/uploads\/2021\/12\/may-dan-bang-dinh-thung-carton-4030-tmdg-ga06-cktmmdg-3-300x225.jpg 300w\" sizes=\"auto, (max-width: 550px) 100vw, 550px\" \/><figcaption id=\"caption-attachment-7863\" class=\"wp-caption-text\">M\u00c1Y D\u00c1N B\u0102NG D\u00cdNH TH\u00d9NG CARTON 4030(TM\u0110G-GA06)<\/figcaption><\/figure>\n<figure id=\"attachment_7864\" aria-describedby=\"caption-attachment-7864\" style=\"width: 550px\" class=\"wp-caption aligncenter\"><img loading=\"lazy\" decoding=\"async\" class=\"size-full wp-image-7864\" src=\"https:\/\/cokhitanminh.com\/may-dong-goi\/wp-content\/uploads\/2021\/12\/may-dan-bang-dinh-thung-carton-4030-tmdg-ga06-cktmmdg-4.jpg\" alt=\"\" width=\"550\" height=\"413\" srcset=\"https:\/\/cokhitanminh.com\/may-dong-goi\/wp-content\/uploads\/2021\/12\/may-dan-bang-dinh-thung-carton-4030-tmdg-ga06-cktmmdg-4.jpg 550w, https:\/\/cokhitanminh.com\/may-dong-goi\/wp-content\/uploads\/2021\/12\/may-dan-bang-dinh-thung-carton-4030-tmdg-ga06-cktmmdg-4-300x225.jpg 300w\" sizes=\"auto, (max-width: 550px) 100vw, 550px\" \/><figcaption id=\"caption-attachment-7864\" class=\"wp-caption-text\">M\u00c1Y D\u00c1N B\u0102NG D\u00cdNH TH\u00d9NG CARTON 4030(TM\u0110G-GA06)<\/figcaption><\/figure>\n<figure id=\"attachment_7865\" aria-describedby=\"caption-attachment-7865\" style=\"width: 550px\" class=\"wp-caption aligncenter\"><img loading=\"lazy\" decoding=\"async\" class=\"size-full wp-image-7865\" src=\"https:\/\/cokhitanminh.com\/may-dong-goi\/wp-content\/uploads\/2021\/12\/may-dan-bang-dinh-thung-carton-4030-tmdg-ga06-cktmmdg-5.jpg\" alt=\"\" width=\"550\" height=\"413\" srcset=\"https:\/\/cokhitanminh.com\/may-dong-goi\/wp-content\/uploads\/2021\/12\/may-dan-bang-dinh-thung-carton-4030-tmdg-ga06-cktmmdg-5.jpg 550w, https:\/\/cokhitanminh.com\/may-dong-goi\/wp-content\/uploads\/2021\/12\/may-dan-bang-dinh-thung-carton-4030-tmdg-ga06-cktmmdg-5-300x225.jpg 300w\" sizes=\"auto, (max-width: 550px) 100vw, 550px\" \/><figcaption id=\"caption-attachment-7865\" class=\"wp-caption-text\">M\u00c1Y D\u00c1N B\u0102NG D\u00cdNH TH\u00d9NG CARTON 4030(TM\u0110G-GA06)<\/figcaption><\/figure>\n<figure id=\"attachment_7866\" aria-describedby=\"caption-attachment-7866\" style=\"width: 550px\" class=\"wp-caption aligncenter\"><img loading=\"lazy\" decoding=\"async\" class=\"size-full wp-image-7866\" src=\"https:\/\/cokhitanminh.com\/may-dong-goi\/wp-content\/uploads\/2021\/12\/may-dan-bang-dinh-thung-carton-4030-tmdg-ga06-cktmmdg-6.jpg\" alt=\"\" width=\"550\" height=\"413\" srcset=\"https:\/\/cokhitanminh.com\/may-dong-goi\/wp-content\/uploads\/2021\/12\/may-dan-bang-dinh-thung-carton-4030-tmdg-ga06-cktmmdg-6.jpg 550w, https:\/\/cokhitanminh.com\/may-dong-goi\/wp-content\/uploads\/2021\/12\/may-dan-bang-dinh-thung-carton-4030-tmdg-ga06-cktmmdg-6-300x225.jpg 300w\" sizes=\"auto, (max-width: 550px) 100vw, 550px\" \/><figcaption id=\"caption-attachment-7866\" class=\"wp-caption-text\">M\u00c1Y D\u00c1N B\u0102NG D\u00cdNH TH\u00d9NG CARTON 4030(TM\u0110G-GA06)<\/figcaption><\/figure>\n<figure id=\"attachment_7867\" aria-describedby=\"caption-attachment-7867\" style=\"width: 550px\" class=\"wp-caption aligncenter\"><img loading=\"lazy\" decoding=\"async\" class=\"size-full wp-image-7867\" src=\"https:\/\/cokhitanminh.com\/may-dong-goi\/wp-content\/uploads\/2021\/12\/may-dan-bang-dinh-thung-carton-4030-tmdg-ga06-cktmmdg-7.jpg\" alt=\"\" width=\"550\" height=\"413\" srcset=\"https:\/\/cokhitanminh.com\/may-dong-goi\/wp-content\/uploads\/2021\/12\/may-dan-bang-dinh-thung-carton-4030-tmdg-ga06-cktmmdg-7.jpg 550w, https:\/\/cokhitanminh.com\/may-dong-goi\/wp-content\/uploads\/2021\/12\/may-dan-bang-dinh-thung-carton-4030-tmdg-ga06-cktmmdg-7-300x225.jpg 300w\" sizes=\"auto, (max-width: 550px) 100vw, 550px\" \/><figcaption id=\"caption-attachment-7867\" class=\"wp-caption-text\">M\u00c1Y D\u00c1N B\u0102NG D\u00cdNH TH\u00d9NG CARTON 4030(TM\u0110G-GA06)<\/figcaption><\/figure>\n<figure id=\"attachment_7868\" aria-describedby=\"caption-attachment-7868\" style=\"width: 550px\" class=\"wp-caption aligncenter\"><img loading=\"lazy\" decoding=\"async\" class=\"size-full wp-image-7868\" src=\"https:\/\/cokhitanminh.com\/may-dong-goi\/wp-content\/uploads\/2021\/12\/may-dan-bang-dinh-thung-carton-4030-tmdg-ga06-cktmmdg-8.jpg\" alt=\"\" width=\"550\" height=\"413\" srcset=\"https:\/\/cokhitanminh.com\/may-dong-goi\/wp-content\/uploads\/2021\/12\/may-dan-bang-dinh-thung-carton-4030-tmdg-ga06-cktmmdg-8.jpg 550w, https:\/\/cokhitanminh.com\/may-dong-goi\/wp-content\/uploads\/2021\/12\/may-dan-bang-dinh-thung-carton-4030-tmdg-ga06-cktmmdg-8-300x225.jpg 300w\" sizes=\"auto, (max-width: 550px) 100vw, 550px\" \/><figcaption id=\"caption-attachment-7868\" class=\"wp-caption-text\">M\u00c1Y D\u00c1N B\u0102NG D\u00cdNH TH\u00d9NG CARTON 4030(TM\u0110G-GA06)<\/figcaption><\/figure>\n<figure id=\"attachment_7869\" aria-describedby=\"caption-attachment-7869\" style=\"width: 550px\" class=\"wp-caption aligncenter\"><img loading=\"lazy\" decoding=\"async\" class=\"size-full wp-image-7869\" src=\"https:\/\/cokhitanminh.com\/may-dong-goi\/wp-content\/uploads\/2021\/12\/may-dan-bang-dinh-thung-carton-4030-tmdg-ga06-cktmmdg-9.jpg\" alt=\"\" width=\"550\" height=\"413\" srcset=\"https:\/\/cokhitanminh.com\/may-dong-goi\/wp-content\/uploads\/2021\/12\/may-dan-bang-dinh-thung-carton-4030-tmdg-ga06-cktmmdg-9.jpg 550w, https:\/\/cokhitanminh.com\/may-dong-goi\/wp-content\/uploads\/2021\/12\/may-dan-bang-dinh-thung-carton-4030-tmdg-ga06-cktmmdg-9-300x225.jpg 300w\" sizes=\"auto, (max-width: 550px) 100vw, 550px\" \/><figcaption id=\"caption-attachment-7869\" class=\"wp-caption-text\">M\u00c1Y D\u00c1N B\u0102NG D\u00cdNH TH\u00d9NG CARTON 4030(TM\u0110G-GA06)<\/figcaption><\/figure>\n<p>\u0110\u1ec3 bi\u1ebft th\u00eam th\u00f4ng tin v\u1ec1 s\u1ea3n ph\u1ea9m\u00a0<strong><em>M\u00e1y d\u00e1n b\u0103ng d\u00ednh th\u00f9ng carton 4030<\/em><\/strong>\u00a0xin vui l\u00f2ng li\u00ean h\u1ec7 1900.2861<\/p>\n","protected":false},"excerpt":{"rendered":"<p>M\u00e1y d\u00e1n b\u0103ng d\u00ednh th\u00f9ng carton 4030 (TM\u0110G-GA06) M\u00e1y d\u00e1n b\u0103ng d\u00ednh th\u00f9ng carton 4030 \u0111\u01b0\u1ee3c nghi\u00ean c\u1ee9u s\u1ea3n xu\u1ea5t v\u00e0 ph\u00e2n ph\u1ed1i tr\u00ean to\u00e0n qu\u1ed1c. T\u1ea5t c\u1ea3 c\u00e1c s\u1ea3n ph\u1ea9m c\u1ee7a ch\u00fang t\u00f4i \u0111\u1ec1u \u0111\u01b0\u1ee3c ki\u1ec3m tra k\u1ef9 l\u01b0\u1ee1ng v\u00e0 v\u1eadn h\u00e0nh th\u1ef1c t\u1ebf \u0111\u1ec3 lu\u00f4n \u0111\u1ea3m b\u1ea3o ch\u1ea5t l\u01b0\u1ee3ng t\u1ed1t nh\u1ea5t tr\u01b0\u1edbc khi &#8230;<\/p>\n","protected":false},"featured_media":7876,"comment_status":"open","ping_status":"closed","template":"","meta":[],"class_list":{"0":"post-3336","1":"product","2":"type-product","3":"status-publish","4":"has-post-thumbnail","6":"product_cat-may-dan-bang-dinh-thung-carton","7":"product_cat-may-dong-thung-carton","9":"first","10":"instock","11":"shipping-taxable","12":"purchasable","13":"product-type-simple"},"brands":[],"yoast_head":"<!-- This site is optimized with the Yoast SEO plugin v17.6 - https:\/\/yoast.com\/wordpress\/plugins\/seo\/ -->\n<title>M\u00e1y d\u00e1n b\u0103ng d\u00ednh th\u00f9ng carton 4030 (TM\u0110G-GA06) - M\u00c1Y \u0110\u00d3NG G\u00d3I T\u00c2N MINH<\/title>\n<meta name=\"description\" content=\"M\u00e1y d\u00e1n b\u0103ng d\u00ednh th\u00f9ng carton 4030 - Gi\u00e1 r\u1ebb - uy t\u00edn ch\u1ea5t l\u01b0\u1ee3ng Li\u00ean h\u1ec7 Hotline 1: 1900 2861 | Hotline 2: 09 67 68 69 11 \u0110\u1ec3 \u0111\u01b0\u1ee3c t\u01b0 v\u1ea5n mi\u1ec5n ph\u00ed!\" \/>\n<meta name=\"robots\" content=\"index, follow, max-snippet:-1, max-image-preview:large, max-video-preview:-1\" \/>\n<link rel=\"canonical\" href=\"https:\/\/cokhitanminh.com\/may-dong-goi\/may-dan-bang-dinh-thung-carton-4030-tmdg-ga06\/\" \/>\n<meta property=\"og:locale\" content=\"vi_VN\" \/>\n<meta property=\"og:type\" content=\"article\" \/>\n<meta property=\"og:title\" content=\"M\u00e1y d\u00e1n b\u0103ng d\u00ednh th\u00f9ng carton 4030 (TM\u0110G-GA06) - M\u00c1Y \u0110\u00d3NG G\u00d3I T\u00c2N MINH\" \/>\n<meta property=\"og:description\" content=\"M\u00e1y d\u00e1n b\u0103ng d\u00ednh th\u00f9ng carton 4030 - Gi\u00e1 r\u1ebb - uy t\u00edn ch\u1ea5t l\u01b0\u1ee3ng Li\u00ean h\u1ec7 Hotline 1: 1900 2861 | Hotline 2: 09 67 68 69 11 \u0110\u1ec3 \u0111\u01b0\u1ee3c t\u01b0 v\u1ea5n mi\u1ec5n ph\u00ed!\" \/>\n<meta property=\"og:url\" content=\"https:\/\/cokhitanminh.com\/may-dong-goi\/may-dan-bang-dinh-thung-carton-4030-tmdg-ga06\/\" \/>\n<meta property=\"og:site_name\" content=\"M\u00c1Y \u0110\u00d3NG G\u00d3I T\u00c2N MINH\" \/>\n<meta property=\"article:modified_time\" content=\"2023-03-31T06:58:29+00:00\" \/>\n<meta property=\"og:image\" content=\"https:\/\/cokhitanminh.com\/may-dong-goi\/wp-content\/uploads\/2021\/12\/may-dan-bang-dinh-thung-carton-4030-tmdg-ga06-cktmmdg-1.jpg\" \/>\n\t<meta property=\"og:image:width\" content=\"539\" \/>\n\t<meta property=\"og:image:height\" content=\"539\" \/>\n<meta name=\"twitter:card\" content=\"summary_large_image\" \/>\n<meta name=\"twitter:label1\" content=\"\u01af\u1edbc t\u00ednh th\u1eddi gian \u0111\u1ecdc\" \/>\n\t<meta name=\"twitter:data1\" content=\"3 ph\u00fat\" \/>\n<script type=\"application\/ld+json\" class=\"yoast-schema-graph\">{\"@context\":\"https:\/\/schema.org\",\"@graph\":[{\"@type\":\"WebSite\",\"@id\":\"https:\/\/cokhitanminh.com\/may-dong-goi\/#website\",\"url\":\"https:\/\/cokhitanminh.com\/may-dong-goi\/\",\"name\":\"M\\u00c1Y \\u0110\\u00d3NG G\\u00d3I T\\u00c2N MINH\",\"description\":\"Chuy\\u00ean gia m\\u00e1y \\u0111\\u00f3ng g\\u00f3i\",\"potentialAction\":[{\"@type\":\"SearchAction\",\"target\":{\"@type\":\"EntryPoint\",\"urlTemplate\":\"https:\/\/cokhitanminh.com\/may-dong-goi\/?s={search_term_string}\"},\"query-input\":\"required name=search_term_string\"}],\"inLanguage\":\"vi\"},{\"@type\":\"ImageObject\",\"@id\":\"https:\/\/cokhitanminh.com\/may-dong-goi\/may-dan-bang-dinh-thung-carton-4030-tmdg-ga06\/#primaryimage\",\"inLanguage\":\"vi\",\"url\":\"https:\/\/cokhitanminh.com\/may-dong-goi\/wp-content\/uploads\/2021\/12\/may-dan-bang-dinh-thung-carton-4030-tmdg-ga06-cktmmdg-1.jpg\",\"contentUrl\":\"https:\/\/cokhitanminh.com\/may-dong-goi\/wp-content\/uploads\/2021\/12\/may-dan-bang-dinh-thung-carton-4030-tmdg-ga06-cktmmdg-1.jpg\",\"width\":539,\"height\":539,\"caption\":\"M\\u00c1Y D\\u00c1N B\\u0102NG D\\u00cdNH TH\\u00d9NG CARTON 4030(TM\\u0110G-GA06)\"},{\"@type\":\"WebPage\",\"@id\":\"https:\/\/cokhitanminh.com\/may-dong-goi\/may-dan-bang-dinh-thung-carton-4030-tmdg-ga06\/#webpage\",\"url\":\"https:\/\/cokhitanminh.com\/may-dong-goi\/may-dan-bang-dinh-thung-carton-4030-tmdg-ga06\/\",\"name\":\"M\\u00e1y d\\u00e1n b\\u0103ng d\\u00ednh th\\u00f9ng carton 4030 (TM\\u0110G-GA06) - M\\u00c1Y \\u0110\\u00d3NG G\\u00d3I T\\u00c2N MINH\",\"isPartOf\":{\"@id\":\"https:\/\/cokhitanminh.com\/may-dong-goi\/#website\"},\"primaryImageOfPage\":{\"@id\":\"https:\/\/cokhitanminh.com\/may-dong-goi\/may-dan-bang-dinh-thung-carton-4030-tmdg-ga06\/#primaryimage\"},\"datePublished\":\"2021-12-04T03:52:06+00:00\",\"dateModified\":\"2023-03-31T06:58:29+00:00\",\"description\":\"M\\u00e1y d\\u00e1n b\\u0103ng d\\u00ednh th\\u00f9ng carton 4030 - Gi\\u00e1 r\\u1ebb - uy t\\u00edn ch\\u1ea5t l\\u01b0\\u1ee3ng Li\\u00ean h\\u1ec7 Hotline 1: 1900 2861 | Hotline 2: 09 67 68 69 11 \\u0110\\u1ec3 \\u0111\\u01b0\\u1ee3c t\\u01b0 v\\u1ea5n mi\\u1ec5n ph\\u00ed!\",\"breadcrumb\":{\"@id\":\"https:\/\/cokhitanminh.com\/may-dong-goi\/may-dan-bang-dinh-thung-carton-4030-tmdg-ga06\/#breadcrumb\"},\"inLanguage\":\"vi\",\"potentialAction\":[{\"@type\":\"ReadAction\",\"target\":[\"https:\/\/cokhitanminh.com\/may-dong-goi\/may-dan-bang-dinh-thung-carton-4030-tmdg-ga06\/\"]}]},{\"@type\":\"BreadcrumbList\",\"@id\":\"https:\/\/cokhitanminh.com\/may-dong-goi\/may-dan-bang-dinh-thung-carton-4030-tmdg-ga06\/#breadcrumb\",\"itemListElement\":[{\"@type\":\"ListItem\",\"position\":1,\"name\":\"Trang ch\\u1ee7\",\"item\":\"https:\/\/cokhitanminh.com\/may-dong-goi\/\"},{\"@type\":\"ListItem\",\"position\":2,\"name\":\"C\\u1eeda h\\u00e0ng\",\"item\":\"https:\/\/cokhitanminh.com\/may-dong-goi\/mua\/\"},{\"@type\":\"ListItem\",\"position\":3,\"name\":\"M\\u00e1y d\\u00e1n b\\u0103ng d\\u00ednh th\\u00f9ng carton 4030 (TM\\u0110G-GA06)\"}]}]}<\/script>\n<!-- \/ Yoast SEO plugin. -->","yoast_head_json":{"title":"M\u00e1y d\u00e1n b\u0103ng d\u00ednh th\u00f9ng carton 4030 (TM\u0110G-GA06) - M\u00c1Y \u0110\u00d3NG G\u00d3I T\u00c2N MINH","description":"M\u00e1y d\u00e1n b\u0103ng d\u00ednh th\u00f9ng carton 4030 - Gi\u00e1 r\u1ebb - uy t\u00edn ch\u1ea5t l\u01b0\u1ee3ng Li\u00ean h\u1ec7 Hotline 1: 1900 2861 | Hotline 2: 09 67 68 69 11 \u0110\u1ec3 \u0111\u01b0\u1ee3c t\u01b0 v\u1ea5n mi\u1ec5n ph\u00ed!","robots":{"index":"index","follow":"follow","max-snippet":"max-snippet:-1","max-image-preview":"max-image-preview:large","max-video-preview":"max-video-preview:-1"},"canonical":"https:\/\/cokhitanminh.com\/may-dong-goi\/may-dan-bang-dinh-thung-carton-4030-tmdg-ga06\/","og_locale":"vi_VN","og_type":"article","og_title":"M\u00e1y d\u00e1n b\u0103ng d\u00ednh th\u00f9ng carton 4030 (TM\u0110G-GA06) - M\u00c1Y \u0110\u00d3NG G\u00d3I T\u00c2N MINH","og_description":"M\u00e1y d\u00e1n b\u0103ng d\u00ednh th\u00f9ng carton 4030 - Gi\u00e1 r\u1ebb - uy t\u00edn ch\u1ea5t l\u01b0\u1ee3ng Li\u00ean h\u1ec7 Hotline 1: 1900 2861 | Hotline 2: 09 67 68 69 11 \u0110\u1ec3 \u0111\u01b0\u1ee3c t\u01b0 v\u1ea5n mi\u1ec5n ph\u00ed!","og_url":"https:\/\/cokhitanminh.com\/may-dong-goi\/may-dan-bang-dinh-thung-carton-4030-tmdg-ga06\/","og_site_name":"M\u00c1Y \u0110\u00d3NG G\u00d3I T\u00c2N MINH","article_modified_time":"2023-03-31T06:58:29+00:00","og_image":[{"width":539,"height":539,"url":"https:\/\/cokhitanminh.com\/may-dong-goi\/wp-content\/uploads\/2021\/12\/may-dan-bang-dinh-thung-carton-4030-tmdg-ga06-cktmmdg-1.jpg","type":"image\/jpeg"}],"twitter_card":"summary_large_image","twitter_misc":{"\u01af\u1edbc t\u00ednh th\u1eddi gian \u0111\u1ecdc":"3 ph\u00fat"},"schema":{"@context":"https:\/\/schema.org","@graph":[{"@type":"WebSite","@id":"https:\/\/cokhitanminh.com\/may-dong-goi\/#website","url":"https:\/\/cokhitanminh.com\/may-dong-goi\/","name":"M\u00c1Y \u0110\u00d3NG G\u00d3I T\u00c2N MINH","description":"Chuy\u00ean gia m\u00e1y \u0111\u00f3ng g\u00f3i","potentialAction":[{"@type":"SearchAction","target":{"@type":"EntryPoint","urlTemplate":"https:\/\/cokhitanminh.com\/may-dong-goi\/?s={search_term_string}"},"query-input":"required name=search_term_string"}],"inLanguage":"vi"},{"@type":"ImageObject","@id":"https:\/\/cokhitanminh.com\/may-dong-goi\/may-dan-bang-dinh-thung-carton-4030-tmdg-ga06\/#primaryimage","inLanguage":"vi","url":"https:\/\/cokhitanminh.com\/may-dong-goi\/wp-content\/uploads\/2021\/12\/may-dan-bang-dinh-thung-carton-4030-tmdg-ga06-cktmmdg-1.jpg","contentUrl":"https:\/\/cokhitanminh.com\/may-dong-goi\/wp-content\/uploads\/2021\/12\/may-dan-bang-dinh-thung-carton-4030-tmdg-ga06-cktmmdg-1.jpg","width":539,"height":539,"caption":"M\u00c1Y D\u00c1N B\u0102NG D\u00cdNH TH\u00d9NG CARTON 4030(TM\u0110G-GA06)"},{"@type":"WebPage","@id":"https:\/\/cokhitanminh.com\/may-dong-goi\/may-dan-bang-dinh-thung-carton-4030-tmdg-ga06\/#webpage","url":"https:\/\/cokhitanminh.com\/may-dong-goi\/may-dan-bang-dinh-thung-carton-4030-tmdg-ga06\/","name":"M\u00e1y d\u00e1n b\u0103ng d\u00ednh th\u00f9ng carton 4030 (TM\u0110G-GA06) - M\u00c1Y \u0110\u00d3NG G\u00d3I T\u00c2N MINH","isPartOf":{"@id":"https:\/\/cokhitanminh.com\/may-dong-goi\/#website"},"primaryImageOfPage":{"@id":"https:\/\/cokhitanminh.com\/may-dong-goi\/may-dan-bang-dinh-thung-carton-4030-tmdg-ga06\/#primaryimage"},"datePublished":"2021-12-04T03:52:06+00:00","dateModified":"2023-03-31T06:58:29+00:00","description":"M\u00e1y d\u00e1n b\u0103ng d\u00ednh th\u00f9ng carton 4030 - Gi\u00e1 r\u1ebb - uy t\u00edn ch\u1ea5t l\u01b0\u1ee3ng Li\u00ean h\u1ec7 Hotline 1: 1900 2861 | Hotline 2: 09 67 68 69 11 \u0110\u1ec3 \u0111\u01b0\u1ee3c t\u01b0 v\u1ea5n mi\u1ec5n ph\u00ed!","breadcrumb":{"@id":"https:\/\/cokhitanminh.com\/may-dong-goi\/may-dan-bang-dinh-thung-carton-4030-tmdg-ga06\/#breadcrumb"},"inLanguage":"vi","potentialAction":[{"@type":"ReadAction","target":["https:\/\/cokhitanminh.com\/may-dong-goi\/may-dan-bang-dinh-thung-carton-4030-tmdg-ga06\/"]}]},{"@type":"BreadcrumbList","@id":"https:\/\/cokhitanminh.com\/may-dong-goi\/may-dan-bang-dinh-thung-carton-4030-tmdg-ga06\/#breadcrumb","itemListElement":[{"@type":"ListItem","position":1,"name":"Trang ch\u1ee7","item":"https:\/\/cokhitanminh.com\/may-dong-goi\/"},{"@type":"ListItem","position":2,"name":"C\u1eeda h\u00e0ng","item":"https:\/\/cokhitanminh.com\/may-dong-goi\/mua\/"},{"@type":"ListItem","position":3,"name":"M\u00e1y d\u00e1n b\u0103ng d\u00ednh th\u00f9ng carton 4030 (TM\u0110G-GA06)"}]}]}},"_links":{"self":[{"href":"https:\/\/cokhitanminh.com\/may-dong-goi\/wp-json\/wp\/v2\/product\/3336","targetHints":{"allow":["GET"]}}],"collection":[{"href":"https:\/\/cokhitanminh.com\/may-dong-goi\/wp-json\/wp\/v2\/product"}],"about":[{"href":"https:\/\/cokhitanminh.com\/may-dong-goi\/wp-json\/wp\/v2\/types\/product"}],"replies":[{"embeddable":true,"href":"https:\/\/cokhitanminh.com\/may-dong-goi\/wp-json\/wp\/v2\/comments?post=3336"}],"wp:featuredmedia":[{"embeddable":true,"href":"https:\/\/cokhitanminh.com\/may-dong-goi\/wp-json\/wp\/v2\/media\/7876"}],"wp:attachment":[{"href":"https:\/\/cokhitanminh.com\/may-dong-goi\/wp-json\/wp\/v2\/media?parent=3336"}],"curies":[{"name":"wp","href":"https:\/\/api.w.org\/{rel}","templated":true}]}}