{"id":3319,"date":"2021-12-04T03:51:39","date_gmt":"2021-12-04T03:51:39","guid":{"rendered":"https:\/\/cokhitanminh.com\/may-dong-goi\/?post_type=product&#038;p=3319"},"modified":"2021-12-30T03:09:57","modified_gmt":"2021-12-30T03:09:57","slug":"may-hut-chan-khong-tan-minh-dz-400-tmdg-c18","status":"publish","type":"product","link":"https:\/\/cokhitanminh.com\/may-dong-goi\/may-hut-chan-khong-tan-minh-dz-400-tmdg-c18\/","title":{"rendered":"M\u00e1y h\u00fat ch\u00e2n kh\u00f4ng T\u00e2n Minh DZ-400 (TM\u0110G-C18)"},"content":{"rendered":"<h3><a href=\"https:\/\/cokhitanminh.com\/may-dong-goi\/may-hut-chan-khong-tan-minh-dz-400-tmdg-c18\/\"><em><strong>M\u00e1y h\u00fat ch\u00e2n kh\u00f4ng T\u00e2n Minh DZ-400<\/strong><\/em><\/a> (TM\u0110G-C18)<\/h3>\n<p><em><strong>M\u00e1y h\u00fat ch\u00e2n kh\u00f4ng T\u00e2n Minh DZ-400<\/strong><\/em> \u0111\u01b0\u1ee3c nghi\u00ean c\u1ee9u s\u1ea3n xu\u1ea5t v\u00e0 ph\u00e2n ph\u1ed1i tr\u00ean to\u00e0n qu\u1ed1c. T\u1ea5t c\u1ea3 c\u00e1c s\u1ea3n ph\u1ea9m c\u1ee7a ch\u00fang t\u00f4i \u0111\u1ec1u \u0111\u01b0\u1ee3c ki\u1ec3m tra k\u1ef9 l\u01b0\u1ee1ng v\u00e0 v\u1eadn h\u00e0nh th\u1ef1c t\u1ebf \u0111\u1ec3 lu\u00f4n \u0111\u1ea3m b\u1ea3o ch\u1ea5t l\u01b0\u1ee3ng t\u1ed1t nh\u1ea5t tr\u01b0\u1edbc khi b\u00e0n giao thi\u1ebft b\u1ecb cho kh\u00e1ch h\u00e0ng.<\/p>\n<p><strong>Th\u00f4ng s\u1ed1 k\u1ef9 thu\u1eadt:<\/strong><\/p>\n<p>&#8211; Model: TM\u0110G-C18<\/p>\n<p>&#8211; \u0110i\u1ec7n \u00e1p: 220V\/50 Hz<\/p>\n<p>&#8211; C\u00f4ng su\u1ea5t motor h\u00fat ch\u00e2n kh\u00f4ng: 0.9 Kw<\/p>\n<p>&#8211; C\u00f4ng su\u1ea5t h\u00e0n nhi\u1ec7t: 1 Kw<\/p>\n<p>&#8211; N\u0103ng su\u1ea5t: 2 &#8211; 5 l\u1ea7n\/ph\u00fat<\/p>\n<p>&#8211; K\u00edch th\u01b0\u1edbc \u0111\u01b0\u1eddng h\u00e0n (D x R): 400 x 10 mm<\/p>\n<p>&#8211; KHo\u1ea3ng c\u00e1ch 2 thanh h\u00e0n: 310 mm<\/p>\n<p>&#8211; K\u00edch th\u01b0\u1edbc bu\u1ed3ng h\u00fat: 440 x 420 x 75 mm<\/p>\n<p>&#8211; \u00c1p su\u1ea5t h\u00fat: -0.1 Mpa<\/p>\n<p>&#8211; K\u00edch th\u01b0\u1edbc m\u00e1y: 500 x 540 x 960 mm<\/p>\n<p>&#8211; Tr\u1ecdng l\u01b0\u1ee3ng m\u00e1y: 80 Kg<\/p>\n<p>&#8211; V\u1eadt li\u1ec7u ch\u00ednh (v\u1ecf m\u00e1y): inox201<\/p>\n<p>&#8211; B\u1ea3o h\u00e0nh: 12 th\u00e1ng<\/p>\n<p><strong>H\u00ecnh \u1ea3nh s\u1ea3n ph\u1ea9m:<\/strong><\/p>\n<p><a href=\"https:\/\/cokhitanminh.com\/may-dong-goi\/wp-content\/uploads\/2021\/12\/may-hut-chan-khong-tan-minh-dz-400-tmdg-c18-png1.png\"><img loading=\"lazy\" decoding=\"async\" class=\"aligncenter wp-image-6697 size-full\" src=\"https:\/\/cokhitanminh.com\/may-dong-goi\/wp-content\/uploads\/2021\/12\/may-hut-chan-khong-tan-minh-dz-400-tmdg-c18-png1.png\" alt=\"\" width=\"750\" height=\"350\" srcset=\"https:\/\/cokhitanminh.com\/may-dong-goi\/wp-content\/uploads\/2021\/12\/may-hut-chan-khong-tan-minh-dz-400-tmdg-c18-png1.png 750w, https:\/\/cokhitanminh.com\/may-dong-goi\/wp-content\/uploads\/2021\/12\/may-hut-chan-khong-tan-minh-dz-400-tmdg-c18-png1-300x140.png 300w, https:\/\/cokhitanminh.com\/may-dong-goi\/wp-content\/uploads\/2021\/12\/may-hut-chan-khong-tan-minh-dz-400-tmdg-c18-png1-600x280.png 600w\" sizes=\"auto, (max-width: 750px) 100vw, 750px\" \/><\/a><\/p>\n<p><a href=\"https:\/\/cokhitanminh.com\/may-dong-goi\/wp-content\/uploads\/2021\/12\/may-hut-chan-khong-tan-minh-dz-400-tmdg-c18-png2.png\"><img loading=\"lazy\" decoding=\"async\" class=\"aligncenter wp-image-6698 size-full\" src=\"https:\/\/cokhitanminh.com\/may-dong-goi\/wp-content\/uploads\/2021\/12\/may-hut-chan-khong-tan-minh-dz-400-tmdg-c18-png2.png\" alt=\"\" width=\"750\" height=\"350\" srcset=\"https:\/\/cokhitanminh.com\/may-dong-goi\/wp-content\/uploads\/2021\/12\/may-hut-chan-khong-tan-minh-dz-400-tmdg-c18-png2.png 750w, https:\/\/cokhitanminh.com\/may-dong-goi\/wp-content\/uploads\/2021\/12\/may-hut-chan-khong-tan-minh-dz-400-tmdg-c18-png2-300x140.png 300w, https:\/\/cokhitanminh.com\/may-dong-goi\/wp-content\/uploads\/2021\/12\/may-hut-chan-khong-tan-minh-dz-400-tmdg-c18-png2-600x280.png 600w\" sizes=\"auto, (max-width: 750px) 100vw, 750px\" \/><\/a><\/p>\n<p><a href=\"https:\/\/cokhitanminh.com\/may-dong-goi\/wp-content\/uploads\/2021\/12\/may-hut-chan-khong-tan-minh-dz-400-tmdg-c18-png3.png\"><img loading=\"lazy\" decoding=\"async\" class=\"aligncenter wp-image-6699 size-full\" src=\"https:\/\/cokhitanminh.com\/may-dong-goi\/wp-content\/uploads\/2021\/12\/may-hut-chan-khong-tan-minh-dz-400-tmdg-c18-png3.png\" alt=\"\" width=\"750\" height=\"350\" srcset=\"https:\/\/cokhitanminh.com\/may-dong-goi\/wp-content\/uploads\/2021\/12\/may-hut-chan-khong-tan-minh-dz-400-tmdg-c18-png3.png 750w, https:\/\/cokhitanminh.com\/may-dong-goi\/wp-content\/uploads\/2021\/12\/may-hut-chan-khong-tan-minh-dz-400-tmdg-c18-png3-300x140.png 300w, https:\/\/cokhitanminh.com\/may-dong-goi\/wp-content\/uploads\/2021\/12\/may-hut-chan-khong-tan-minh-dz-400-tmdg-c18-png3-600x280.png 600w\" sizes=\"auto, (max-width: 750px) 100vw, 750px\" \/><\/a><\/p>\n<p><a href=\"https:\/\/cokhitanminh.com\/may-dong-goi\/wp-content\/uploads\/2021\/12\/may-hut-chan-khong-tan-minh-dz-400-tmdg-c18-cktmmdg-1.jpg\"><img loading=\"lazy\" decoding=\"async\" class=\"aligncenter wp-image-6689 size-full\" src=\"https:\/\/cokhitanminh.com\/may-dong-goi\/wp-content\/uploads\/2021\/12\/may-hut-chan-khong-tan-minh-dz-400-tmdg-c18-cktmmdg-1.jpg\" alt=\"\" width=\"550\" height=\"413\" srcset=\"https:\/\/cokhitanminh.com\/may-dong-goi\/wp-content\/uploads\/2021\/12\/may-hut-chan-khong-tan-minh-dz-400-tmdg-c18-cktmmdg-1.jpg 550w, https:\/\/cokhitanminh.com\/may-dong-goi\/wp-content\/uploads\/2021\/12\/may-hut-chan-khong-tan-minh-dz-400-tmdg-c18-cktmmdg-1-300x225.jpg 300w\" sizes=\"auto, (max-width: 550px) 100vw, 550px\" \/><\/a><\/p>\n<p><a href=\"https:\/\/cokhitanminh.com\/may-dong-goi\/wp-content\/uploads\/2021\/12\/may-hut-chan-khong-tan-minh-dz-400-tmdg-c18-cktmmdg-2.jpg\"><img loading=\"lazy\" decoding=\"async\" class=\"aligncenter wp-image-6690 size-full\" src=\"https:\/\/cokhitanminh.com\/may-dong-goi\/wp-content\/uploads\/2021\/12\/may-hut-chan-khong-tan-minh-dz-400-tmdg-c18-cktmmdg-2.jpg\" alt=\"\" width=\"550\" height=\"413\" srcset=\"https:\/\/cokhitanminh.com\/may-dong-goi\/wp-content\/uploads\/2021\/12\/may-hut-chan-khong-tan-minh-dz-400-tmdg-c18-cktmmdg-2.jpg 550w, https:\/\/cokhitanminh.com\/may-dong-goi\/wp-content\/uploads\/2021\/12\/may-hut-chan-khong-tan-minh-dz-400-tmdg-c18-cktmmdg-2-300x225.jpg 300w\" sizes=\"auto, (max-width: 550px) 100vw, 550px\" \/><\/a><\/p>\n<p><a href=\"https:\/\/cokhitanminh.com\/may-dong-goi\/wp-content\/uploads\/2021\/12\/may-hut-chan-khong-tan-minh-dz-400-tmdg-c18-cktmmdg-3.jpg\"><img loading=\"lazy\" decoding=\"async\" class=\"aligncenter wp-image-6691 size-full\" src=\"https:\/\/cokhitanminh.com\/may-dong-goi\/wp-content\/uploads\/2021\/12\/may-hut-chan-khong-tan-minh-dz-400-tmdg-c18-cktmmdg-3.jpg\" alt=\"\" width=\"550\" height=\"413\" srcset=\"https:\/\/cokhitanminh.com\/may-dong-goi\/wp-content\/uploads\/2021\/12\/may-hut-chan-khong-tan-minh-dz-400-tmdg-c18-cktmmdg-3.jpg 550w, https:\/\/cokhitanminh.com\/may-dong-goi\/wp-content\/uploads\/2021\/12\/may-hut-chan-khong-tan-minh-dz-400-tmdg-c18-cktmmdg-3-300x225.jpg 300w\" sizes=\"auto, (max-width: 550px) 100vw, 550px\" \/><\/a><\/p>\n<p><a href=\"https:\/\/cokhitanminh.com\/may-dong-goi\/wp-content\/uploads\/2021\/12\/may-hut-chan-khong-tan-minh-dz-400-tmdg-c18-cktmmdg-4.jpg\"><img loading=\"lazy\" decoding=\"async\" class=\"aligncenter wp-image-6692 size-full\" src=\"https:\/\/cokhitanminh.com\/may-dong-goi\/wp-content\/uploads\/2021\/12\/may-hut-chan-khong-tan-minh-dz-400-tmdg-c18-cktmmdg-4.jpg\" alt=\"\" width=\"550\" height=\"413\" srcset=\"https:\/\/cokhitanminh.com\/may-dong-goi\/wp-content\/uploads\/2021\/12\/may-hut-chan-khong-tan-minh-dz-400-tmdg-c18-cktmmdg-4.jpg 550w, https:\/\/cokhitanminh.com\/may-dong-goi\/wp-content\/uploads\/2021\/12\/may-hut-chan-khong-tan-minh-dz-400-tmdg-c18-cktmmdg-4-300x225.jpg 300w\" sizes=\"auto, (max-width: 550px) 100vw, 550px\" \/><\/a><\/p>\n<p><a href=\"https:\/\/cokhitanminh.com\/may-dong-goi\/wp-content\/uploads\/2021\/12\/may-hut-chan-khong-tan-minh-dz-400-tmdg-c18-cktmmdg-5.jpg\"><img loading=\"lazy\" decoding=\"async\" class=\"aligncenter wp-image-6693 size-full\" src=\"https:\/\/cokhitanminh.com\/may-dong-goi\/wp-content\/uploads\/2021\/12\/may-hut-chan-khong-tan-minh-dz-400-tmdg-c18-cktmmdg-5.jpg\" alt=\"\" width=\"550\" height=\"413\" srcset=\"https:\/\/cokhitanminh.com\/may-dong-goi\/wp-content\/uploads\/2021\/12\/may-hut-chan-khong-tan-minh-dz-400-tmdg-c18-cktmmdg-5.jpg 550w, https:\/\/cokhitanminh.com\/may-dong-goi\/wp-content\/uploads\/2021\/12\/may-hut-chan-khong-tan-minh-dz-400-tmdg-c18-cktmmdg-5-300x225.jpg 300w\" sizes=\"auto, (max-width: 550px) 100vw, 550px\" \/><\/a><\/p>\n<p><a href=\"https:\/\/cokhitanminh.com\/may-dong-goi\/wp-content\/uploads\/2021\/12\/may-hut-chan-khong-tan-minh-dz-400-tmdg-c18-cktmmdg-6.jpg\"><img loading=\"lazy\" decoding=\"async\" class=\"aligncenter wp-image-6694 size-full\" src=\"https:\/\/cokhitanminh.com\/may-dong-goi\/wp-content\/uploads\/2021\/12\/may-hut-chan-khong-tan-minh-dz-400-tmdg-c18-cktmmdg-6.jpg\" alt=\"\" width=\"550\" height=\"413\" srcset=\"https:\/\/cokhitanminh.com\/may-dong-goi\/wp-content\/uploads\/2021\/12\/may-hut-chan-khong-tan-minh-dz-400-tmdg-c18-cktmmdg-6.jpg 550w, https:\/\/cokhitanminh.com\/may-dong-goi\/wp-content\/uploads\/2021\/12\/may-hut-chan-khong-tan-minh-dz-400-tmdg-c18-cktmmdg-6-300x225.jpg 300w\" sizes=\"auto, (max-width: 550px) 100vw, 550px\" \/><\/a><\/p>\n<p>Chi ti\u1ebft s\u1ea3n ph\u1ea9m <em><strong>M\u00e1y h\u00fat ch\u00e2n kh\u00f4ng T\u00e2n Minh DZ-400<\/strong> <\/em>xin vui l\u00f2ng li\u00ean h\u1ec7 Hotline: 19002861 \u0110\u1ec3 \u0111\u01b0\u1ee3c t\u01b0 v\u1ea5n ho\u00e0n to\u00e0n mi\u1ec5n ph\u00ed!<\/p>\n","protected":false},"excerpt":{"rendered":"<p>M\u00e1y h\u00fat ch\u00e2n kh\u00f4ng T\u00e2n Minh DZ-400 (TM\u0110G-C18) M\u00e1y h\u00fat ch\u00e2n kh\u00f4ng T\u00e2n Minh DZ-400 \u0111\u01b0\u1ee3c nghi\u00ean c\u1ee9u s\u1ea3n xu\u1ea5t v\u00e0 ph\u00e2n ph\u1ed1i tr\u00ean to\u00e0n qu\u1ed1c. T\u1ea5t c\u1ea3 c\u00e1c s\u1ea3n ph\u1ea9m c\u1ee7a ch\u00fang t\u00f4i \u0111\u1ec1u \u0111\u01b0\u1ee3c ki\u1ec3m tra k\u1ef9 l\u01b0\u1ee1ng v\u00e0 v\u1eadn h\u00e0nh th\u1ef1c t\u1ebf \u0111\u1ec3 lu\u00f4n \u0111\u1ea3m b\u1ea3o ch\u1ea5t l\u01b0\u1ee3ng t\u1ed1t nh\u1ea5t tr\u01b0\u1edbc khi &#8230;<\/p>\n","protected":false},"featured_media":6700,"comment_status":"open","ping_status":"closed","template":"","meta":[],"class_list":{"0":"post-3319","1":"product","2":"type-product","3":"status-publish","4":"has-post-thumbnail","6":"product_cat-may-hut-chan-khong","8":"first","9":"instock","10":"shipping-taxable","11":"purchasable","12":"product-type-simple"},"brands":[],"yoast_head":"<!-- This site is optimized with the Yoast SEO plugin v17.6 - https:\/\/yoast.com\/wordpress\/plugins\/seo\/ -->\n<title>M\u00e1y h\u00fat ch\u00e2n kh\u00f4ng T\u00e2n Minh DZ-400 (TM\u0110G-C18) - M\u00c1Y \u0110\u00d3NG G\u00d3I T\u00c2N MINH<\/title>\n<meta name=\"description\" content=\"M\u00e1y h\u00fat ch\u00e2n kh\u00f4ng T\u00e2n Minh DZ-400 (TM\u0110G-C18) uy t\u00edn ch\u1ea5t l\u01b0\u1ee3ng Li\u00ean h\u1ec7 Hotline 1: 1900 2861 | Hotline 2: 09 67 68 69 11 \u0110\u1ec3 \u0111\u01b0\u1ee3c t\u01b0 v\u1ea5n mi\u1ec5n ph\u00ed!\" \/>\n<meta name=\"robots\" content=\"index, follow, max-snippet:-1, max-image-preview:large, max-video-preview:-1\" \/>\n<link rel=\"canonical\" href=\"https:\/\/cokhitanminh.com\/may-dong-goi\/may-hut-chan-khong-tan-minh-dz-400-tmdg-c18\/\" \/>\n<meta property=\"og:locale\" content=\"vi_VN\" \/>\n<meta property=\"og:type\" content=\"article\" \/>\n<meta property=\"og:title\" content=\"M\u00e1y h\u00fat ch\u00e2n kh\u00f4ng T\u00e2n Minh DZ-400 (TM\u0110G-C18) - M\u00c1Y \u0110\u00d3NG G\u00d3I T\u00c2N MINH\" \/>\n<meta property=\"og:description\" content=\"M\u00e1y h\u00fat ch\u00e2n kh\u00f4ng T\u00e2n Minh DZ-400 (TM\u0110G-C18) uy t\u00edn ch\u1ea5t l\u01b0\u1ee3ng Li\u00ean h\u1ec7 Hotline 1: 1900 2861 | Hotline 2: 09 67 68 69 11 \u0110\u1ec3 \u0111\u01b0\u1ee3c t\u01b0 v\u1ea5n mi\u1ec5n ph\u00ed!\" \/>\n<meta property=\"og:url\" content=\"https:\/\/cokhitanminh.com\/may-dong-goi\/may-hut-chan-khong-tan-minh-dz-400-tmdg-c18\/\" \/>\n<meta property=\"og:site_name\" content=\"M\u00c1Y \u0110\u00d3NG G\u00d3I T\u00c2N MINH\" \/>\n<meta property=\"article:modified_time\" content=\"2021-12-30T03:09:57+00:00\" \/>\n<meta property=\"og:image\" content=\"https:\/\/cokhitanminh.com\/may-dong-goi\/wp-content\/uploads\/2021\/12\/may-hut-chan-khong-tan-minh-dz-400-tmdg-c18-cktmmdg-8.jpg\" \/>\n\t<meta property=\"og:image:width\" content=\"550\" \/>\n\t<meta property=\"og:image:height\" content=\"550\" \/>\n<meta name=\"twitter:card\" content=\"summary_large_image\" \/>\n<meta name=\"twitter:label1\" content=\"\u01af\u1edbc t\u00ednh th\u1eddi gian \u0111\u1ecdc\" \/>\n\t<meta name=\"twitter:data1\" content=\"1 ph\u00fat\" \/>\n<script type=\"application\/ld+json\" class=\"yoast-schema-graph\">{\"@context\":\"https:\/\/schema.org\",\"@graph\":[{\"@type\":\"WebSite\",\"@id\":\"https:\/\/cokhitanminh.com\/may-dong-goi\/#website\",\"url\":\"https:\/\/cokhitanminh.com\/may-dong-goi\/\",\"name\":\"M\\u00c1Y \\u0110\\u00d3NG G\\u00d3I T\\u00c2N MINH\",\"description\":\"Chuy\\u00ean gia m\\u00e1y \\u0111\\u00f3ng g\\u00f3i\",\"potentialAction\":[{\"@type\":\"SearchAction\",\"target\":{\"@type\":\"EntryPoint\",\"urlTemplate\":\"https:\/\/cokhitanminh.com\/may-dong-goi\/?s={search_term_string}\"},\"query-input\":\"required name=search_term_string\"}],\"inLanguage\":\"vi\"},{\"@type\":\"ImageObject\",\"@id\":\"https:\/\/cokhitanminh.com\/may-dong-goi\/may-hut-chan-khong-tan-minh-dz-400-tmdg-c18\/#primaryimage\",\"inLanguage\":\"vi\",\"url\":\"https:\/\/cokhitanminh.com\/may-dong-goi\/wp-content\/uploads\/2021\/12\/may-hut-chan-khong-tan-minh-dz-400-tmdg-c18-cktmmdg-8.jpg\",\"contentUrl\":\"https:\/\/cokhitanminh.com\/may-dong-goi\/wp-content\/uploads\/2021\/12\/may-hut-chan-khong-tan-minh-dz-400-tmdg-c18-cktmmdg-8.jpg\",\"width\":550,\"height\":550,\"caption\":\"M\\u00e1y h\\u00fat ch\\u00e2n kh\\u00f4ng T\\u00e2n Minh DZ 400\"},{\"@type\":\"WebPage\",\"@id\":\"https:\/\/cokhitanminh.com\/may-dong-goi\/may-hut-chan-khong-tan-minh-dz-400-tmdg-c18\/#webpage\",\"url\":\"https:\/\/cokhitanminh.com\/may-dong-goi\/may-hut-chan-khong-tan-minh-dz-400-tmdg-c18\/\",\"name\":\"M\\u00e1y h\\u00fat ch\\u00e2n kh\\u00f4ng T\\u00e2n Minh DZ-400 (TM\\u0110G-C18) - M\\u00c1Y \\u0110\\u00d3NG G\\u00d3I T\\u00c2N MINH\",\"isPartOf\":{\"@id\":\"https:\/\/cokhitanminh.com\/may-dong-goi\/#website\"},\"primaryImageOfPage\":{\"@id\":\"https:\/\/cokhitanminh.com\/may-dong-goi\/may-hut-chan-khong-tan-minh-dz-400-tmdg-c18\/#primaryimage\"},\"datePublished\":\"2021-12-04T03:51:39+00:00\",\"dateModified\":\"2021-12-30T03:09:57+00:00\",\"description\":\"M\\u00e1y h\\u00fat ch\\u00e2n kh\\u00f4ng T\\u00e2n Minh DZ-400 (TM\\u0110G-C18) uy t\\u00edn ch\\u1ea5t l\\u01b0\\u1ee3ng Li\\u00ean h\\u1ec7 Hotline 1: 1900 2861 | Hotline 2: 09 67 68 69 11 \\u0110\\u1ec3 \\u0111\\u01b0\\u1ee3c t\\u01b0 v\\u1ea5n mi\\u1ec5n ph\\u00ed!\",\"breadcrumb\":{\"@id\":\"https:\/\/cokhitanminh.com\/may-dong-goi\/may-hut-chan-khong-tan-minh-dz-400-tmdg-c18\/#breadcrumb\"},\"inLanguage\":\"vi\",\"potentialAction\":[{\"@type\":\"ReadAction\",\"target\":[\"https:\/\/cokhitanminh.com\/may-dong-goi\/may-hut-chan-khong-tan-minh-dz-400-tmdg-c18\/\"]}]},{\"@type\":\"BreadcrumbList\",\"@id\":\"https:\/\/cokhitanminh.com\/may-dong-goi\/may-hut-chan-khong-tan-minh-dz-400-tmdg-c18\/#breadcrumb\",\"itemListElement\":[{\"@type\":\"ListItem\",\"position\":1,\"name\":\"Trang ch\\u1ee7\",\"item\":\"https:\/\/cokhitanminh.com\/may-dong-goi\/\"},{\"@type\":\"ListItem\",\"position\":2,\"name\":\"C\\u1eeda h\\u00e0ng\",\"item\":\"https:\/\/cokhitanminh.com\/may-dong-goi\/mua\/\"},{\"@type\":\"ListItem\",\"position\":3,\"name\":\"M\\u00e1y h\\u00fat ch\\u00e2n kh\\u00f4ng T\\u00e2n Minh DZ-400 (TM\\u0110G-C18)\"}]}]}<\/script>\n<!-- \/ Yoast SEO plugin. -->","yoast_head_json":{"title":"M\u00e1y h\u00fat ch\u00e2n kh\u00f4ng T\u00e2n Minh DZ-400 (TM\u0110G-C18) - M\u00c1Y \u0110\u00d3NG G\u00d3I T\u00c2N MINH","description":"M\u00e1y h\u00fat ch\u00e2n kh\u00f4ng T\u00e2n Minh DZ-400 (TM\u0110G-C18) uy t\u00edn ch\u1ea5t l\u01b0\u1ee3ng Li\u00ean h\u1ec7 Hotline 1: 1900 2861 | Hotline 2: 09 67 68 69 11 \u0110\u1ec3 \u0111\u01b0\u1ee3c t\u01b0 v\u1ea5n mi\u1ec5n ph\u00ed!","robots":{"index":"index","follow":"follow","max-snippet":"max-snippet:-1","max-image-preview":"max-image-preview:large","max-video-preview":"max-video-preview:-1"},"canonical":"https:\/\/cokhitanminh.com\/may-dong-goi\/may-hut-chan-khong-tan-minh-dz-400-tmdg-c18\/","og_locale":"vi_VN","og_type":"article","og_title":"M\u00e1y h\u00fat ch\u00e2n kh\u00f4ng T\u00e2n Minh DZ-400 (TM\u0110G-C18) - M\u00c1Y \u0110\u00d3NG G\u00d3I T\u00c2N MINH","og_description":"M\u00e1y h\u00fat ch\u00e2n kh\u00f4ng T\u00e2n Minh DZ-400 (TM\u0110G-C18) uy t\u00edn ch\u1ea5t l\u01b0\u1ee3ng Li\u00ean h\u1ec7 Hotline 1: 1900 2861 | Hotline 2: 09 67 68 69 11 \u0110\u1ec3 \u0111\u01b0\u1ee3c t\u01b0 v\u1ea5n mi\u1ec5n ph\u00ed!","og_url":"https:\/\/cokhitanminh.com\/may-dong-goi\/may-hut-chan-khong-tan-minh-dz-400-tmdg-c18\/","og_site_name":"M\u00c1Y \u0110\u00d3NG G\u00d3I T\u00c2N MINH","article_modified_time":"2021-12-30T03:09:57+00:00","og_image":[{"width":550,"height":550,"url":"https:\/\/cokhitanminh.com\/may-dong-goi\/wp-content\/uploads\/2021\/12\/may-hut-chan-khong-tan-minh-dz-400-tmdg-c18-cktmmdg-8.jpg","type":"image\/jpeg"}],"twitter_card":"summary_large_image","twitter_misc":{"\u01af\u1edbc t\u00ednh th\u1eddi gian \u0111\u1ecdc":"1 ph\u00fat"},"schema":{"@context":"https:\/\/schema.org","@graph":[{"@type":"WebSite","@id":"https:\/\/cokhitanminh.com\/may-dong-goi\/#website","url":"https:\/\/cokhitanminh.com\/may-dong-goi\/","name":"M\u00c1Y \u0110\u00d3NG G\u00d3I T\u00c2N MINH","description":"Chuy\u00ean gia m\u00e1y \u0111\u00f3ng g\u00f3i","potentialAction":[{"@type":"SearchAction","target":{"@type":"EntryPoint","urlTemplate":"https:\/\/cokhitanminh.com\/may-dong-goi\/?s={search_term_string}"},"query-input":"required name=search_term_string"}],"inLanguage":"vi"},{"@type":"ImageObject","@id":"https:\/\/cokhitanminh.com\/may-dong-goi\/may-hut-chan-khong-tan-minh-dz-400-tmdg-c18\/#primaryimage","inLanguage":"vi","url":"https:\/\/cokhitanminh.com\/may-dong-goi\/wp-content\/uploads\/2021\/12\/may-hut-chan-khong-tan-minh-dz-400-tmdg-c18-cktmmdg-8.jpg","contentUrl":"https:\/\/cokhitanminh.com\/may-dong-goi\/wp-content\/uploads\/2021\/12\/may-hut-chan-khong-tan-minh-dz-400-tmdg-c18-cktmmdg-8.jpg","width":550,"height":550,"caption":"M\u00e1y h\u00fat ch\u00e2n kh\u00f4ng T\u00e2n Minh DZ 400"},{"@type":"WebPage","@id":"https:\/\/cokhitanminh.com\/may-dong-goi\/may-hut-chan-khong-tan-minh-dz-400-tmdg-c18\/#webpage","url":"https:\/\/cokhitanminh.com\/may-dong-goi\/may-hut-chan-khong-tan-minh-dz-400-tmdg-c18\/","name":"M\u00e1y h\u00fat ch\u00e2n kh\u00f4ng T\u00e2n Minh DZ-400 (TM\u0110G-C18) - M\u00c1Y \u0110\u00d3NG G\u00d3I T\u00c2N MINH","isPartOf":{"@id":"https:\/\/cokhitanminh.com\/may-dong-goi\/#website"},"primaryImageOfPage":{"@id":"https:\/\/cokhitanminh.com\/may-dong-goi\/may-hut-chan-khong-tan-minh-dz-400-tmdg-c18\/#primaryimage"},"datePublished":"2021-12-04T03:51:39+00:00","dateModified":"2021-12-30T03:09:57+00:00","description":"M\u00e1y h\u00fat ch\u00e2n kh\u00f4ng T\u00e2n Minh DZ-400 (TM\u0110G-C18) uy t\u00edn ch\u1ea5t l\u01b0\u1ee3ng Li\u00ean h\u1ec7 Hotline 1: 1900 2861 | Hotline 2: 09 67 68 69 11 \u0110\u1ec3 \u0111\u01b0\u1ee3c t\u01b0 v\u1ea5n mi\u1ec5n ph\u00ed!","breadcrumb":{"@id":"https:\/\/cokhitanminh.com\/may-dong-goi\/may-hut-chan-khong-tan-minh-dz-400-tmdg-c18\/#breadcrumb"},"inLanguage":"vi","potentialAction":[{"@type":"ReadAction","target":["https:\/\/cokhitanminh.com\/may-dong-goi\/may-hut-chan-khong-tan-minh-dz-400-tmdg-c18\/"]}]},{"@type":"BreadcrumbList","@id":"https:\/\/cokhitanminh.com\/may-dong-goi\/may-hut-chan-khong-tan-minh-dz-400-tmdg-c18\/#breadcrumb","itemListElement":[{"@type":"ListItem","position":1,"name":"Trang ch\u1ee7","item":"https:\/\/cokhitanminh.com\/may-dong-goi\/"},{"@type":"ListItem","position":2,"name":"C\u1eeda h\u00e0ng","item":"https:\/\/cokhitanminh.com\/may-dong-goi\/mua\/"},{"@type":"ListItem","position":3,"name":"M\u00e1y h\u00fat ch\u00e2n kh\u00f4ng T\u00e2n Minh DZ-400 (TM\u0110G-C18)"}]}]}},"_links":{"self":[{"href":"https:\/\/cokhitanminh.com\/may-dong-goi\/wp-json\/wp\/v2\/product\/3319","targetHints":{"allow":["GET"]}}],"collection":[{"href":"https:\/\/cokhitanminh.com\/may-dong-goi\/wp-json\/wp\/v2\/product"}],"about":[{"href":"https:\/\/cokhitanminh.com\/may-dong-goi\/wp-json\/wp\/v2\/types\/product"}],"replies":[{"embeddable":true,"href":"https:\/\/cokhitanminh.com\/may-dong-goi\/wp-json\/wp\/v2\/comments?post=3319"}],"wp:featuredmedia":[{"embeddable":true,"href":"https:\/\/cokhitanminh.com\/may-dong-goi\/wp-json\/wp\/v2\/media\/6700"}],"wp:attachment":[{"href":"https:\/\/cokhitanminh.com\/may-dong-goi\/wp-json\/wp\/v2\/media?parent=3319"}],"curies":[{"name":"wp","href":"https:\/\/api.w.org\/{rel}","templated":true}]}}