{"id":3317,"date":"2021-12-04T03:51:38","date_gmt":"2021-12-04T03:51:38","guid":{"rendered":"https:\/\/cokhitanminh.com\/may-dong-goi\/?post_type=product&#038;p=3317"},"modified":"2025-10-30T04:39:55","modified_gmt":"2025-10-30T04:39:55","slug":"may-in-date-hp-241-ban-tu-dong-tmdg-d02","status":"publish","type":"product","link":"https:\/\/cokhitanminh.com\/may-dong-goi\/may-in-date-hp-241-ban-tu-dong-tmdg-d02\/","title":{"rendered":"M\u00e1y in date HP-241 b\u00e1n t\u1ef1 \u0111\u1ed9ng (TM\u0110G-D02)"},"content":{"rendered":"<p style=\"text-align: justify;\"><a href=\"https:\/\/cokhitanminh.com\/may-dong-goi\/may-in-date-hp-241-ban-tu-dong-tmdg-d02\/\"><em><strong>M\u00e1y in date HP-241 b\u00e1n t\u1ef1 \u0111\u1ed9ng<\/strong><\/em><\/a> (TM\u0110G-D02) \u0111\u01b0\u1ee3c C\u00f4ng Ty C\u01a1 Kh\u00ed T\u00e2n Minh s\u1ea3n xu\u1ea5t v\u00e0 ph\u00e2n ph\u1ed1i tr\u00ean to\u00e0n qu\u1ed1c. M\u00e1y \u0111\u01b0\u1ee3c \u1ee9ng d\u1ee5ng trong l\u0129nh v\u1ef1c <strong>M\u00e1y \u0110\u00f3ng G\u00f3i.<\/strong> C\u00e1c s\u1ea3n ph\u1ea9m c\u1ee7a ch\u00fang t\u00f4i \u0111\u1ec1u \u0111\u01b0\u1ee3c ki\u1ec3m tra k\u1ef9 l\u01b0\u1ee1ng v\u00e0 v\u1eadn h\u00e0nh th\u1ef1c t\u1ebf \u0111\u1ec3 lu\u00f4n \u0111\u1ea3m b\u1ea3o ch\u1ea5t l\u01b0\u1ee3ng t\u1ed1t nh\u1ea5t tr\u01b0\u1edbc khi b\u00e0n giao thi\u1ebft b\u1ecb cho kh\u00e1ch h\u00e0ng.<\/p>\n<p><em><strong><a href=\"https:\/\/cokhitanminh.com\/may-dong-goi\/wp-content\/uploads\/2021\/12\/may-in-date-hp-241-ban-tu-dong-tmdg-d02-ckmdg-9.jpg\"><img loading=\"lazy\" decoding=\"async\" class=\"aligncenter wp-image-6793 size-full\" src=\"https:\/\/cokhitanminh.com\/may-dong-goi\/wp-content\/uploads\/2021\/12\/may-in-date-hp-241-ban-tu-dong-tmdg-d02-ckmdg-9.jpg\" alt=\"\" width=\"600\" height=\"300\" srcset=\"https:\/\/cokhitanminh.com\/may-dong-goi\/wp-content\/uploads\/2021\/12\/may-in-date-hp-241-ban-tu-dong-tmdg-d02-ckmdg-9.jpg 600w, https:\/\/cokhitanminh.com\/may-dong-goi\/wp-content\/uploads\/2021\/12\/may-in-date-hp-241-ban-tu-dong-tmdg-d02-ckmdg-9-300x150.jpg 300w\" sizes=\"auto, (max-width: 600px) 100vw, 600px\" \/><\/a><\/strong><\/em><\/p>\n<p><em><strong>\u00a0<a href=\"https:\/\/cokhitanminh.com\/may-dong-goi\/wp-content\/uploads\/2021\/12\/may-in-date-hp-241-ban-tu-dong-tmdg-d02-ckmdg-3.jpg\"><img loading=\"lazy\" decoding=\"async\" class=\"aligncenter wp-image-6787 size-full\" src=\"https:\/\/cokhitanminh.com\/may-dong-goi\/wp-content\/uploads\/2021\/12\/may-in-date-hp-241-ban-tu-dong-tmdg-d02-ckmdg-3.jpg\" alt=\"\" width=\"550\" height=\"413\" srcset=\"https:\/\/cokhitanminh.com\/may-dong-goi\/wp-content\/uploads\/2021\/12\/may-in-date-hp-241-ban-tu-dong-tmdg-d02-ckmdg-3.jpg 550w, https:\/\/cokhitanminh.com\/may-dong-goi\/wp-content\/uploads\/2021\/12\/may-in-date-hp-241-ban-tu-dong-tmdg-d02-ckmdg-3-300x225.jpg 300w\" sizes=\"auto, (max-width: 550px) 100vw, 550px\" \/><\/a> <a href=\"https:\/\/cokhitanminh.com\/may-dong-goi\/wp-content\/uploads\/2021\/12\/may-in-date-hp-241-ban-tu-dong-tmdg-d02-ckmdg-4.jpg\"><img loading=\"lazy\" decoding=\"async\" class=\"aligncenter wp-image-6788 size-full\" src=\"https:\/\/cokhitanminh.com\/may-dong-goi\/wp-content\/uploads\/2021\/12\/may-in-date-hp-241-ban-tu-dong-tmdg-d02-ckmdg-4.jpg\" alt=\"\" width=\"550\" height=\"413\" srcset=\"https:\/\/cokhitanminh.com\/may-dong-goi\/wp-content\/uploads\/2021\/12\/may-in-date-hp-241-ban-tu-dong-tmdg-d02-ckmdg-4.jpg 550w, https:\/\/cokhitanminh.com\/may-dong-goi\/wp-content\/uploads\/2021\/12\/may-in-date-hp-241-ban-tu-dong-tmdg-d02-ckmdg-4-300x225.jpg 300w\" sizes=\"auto, (max-width: 550px) 100vw, 550px\" \/><\/a> <a href=\"https:\/\/cokhitanminh.com\/may-dong-goi\/wp-content\/uploads\/2021\/12\/may-in-date-hp-241-ban-tu-dong-tmdg-d02-ckmdg-5.jpg\"><img loading=\"lazy\" decoding=\"async\" class=\"aligncenter wp-image-6789 size-full\" src=\"https:\/\/cokhitanminh.com\/may-dong-goi\/wp-content\/uploads\/2021\/12\/may-in-date-hp-241-ban-tu-dong-tmdg-d02-ckmdg-5.jpg\" alt=\"\" width=\"550\" height=\"413\" srcset=\"https:\/\/cokhitanminh.com\/may-dong-goi\/wp-content\/uploads\/2021\/12\/may-in-date-hp-241-ban-tu-dong-tmdg-d02-ckmdg-5.jpg 550w, https:\/\/cokhitanminh.com\/may-dong-goi\/wp-content\/uploads\/2021\/12\/may-in-date-hp-241-ban-tu-dong-tmdg-d02-ckmdg-5-300x225.jpg 300w\" sizes=\"auto, (max-width: 550px) 100vw, 550px\" \/><\/a> <a href=\"https:\/\/cokhitanminh.com\/may-dong-goi\/wp-content\/uploads\/2021\/12\/may-in-date-hp-241-ban-tu-dong-tmdg-d02-ckmdg-6.jpg\"><img loading=\"lazy\" decoding=\"async\" class=\"aligncenter wp-image-6790 size-full\" src=\"https:\/\/cokhitanminh.com\/may-dong-goi\/wp-content\/uploads\/2021\/12\/may-in-date-hp-241-ban-tu-dong-tmdg-d02-ckmdg-6.jpg\" alt=\"\" width=\"550\" height=\"550\" srcset=\"https:\/\/cokhitanminh.com\/may-dong-goi\/wp-content\/uploads\/2021\/12\/may-in-date-hp-241-ban-tu-dong-tmdg-d02-ckmdg-6.jpg 550w, https:\/\/cokhitanminh.com\/may-dong-goi\/wp-content\/uploads\/2021\/12\/may-in-date-hp-241-ban-tu-dong-tmdg-d02-ckmdg-6-300x300.jpg 300w, https:\/\/cokhitanminh.com\/may-dong-goi\/wp-content\/uploads\/2021\/12\/may-in-date-hp-241-ban-tu-dong-tmdg-d02-ckmdg-6-150x150.jpg 150w, https:\/\/cokhitanminh.com\/may-dong-goi\/wp-content\/uploads\/2021\/12\/may-in-date-hp-241-ban-tu-dong-tmdg-d02-ckmdg-6-100x100.jpg 100w\" sizes=\"auto, (max-width: 550px) 100vw, 550px\" \/><\/a> <a href=\"https:\/\/cokhitanminh.com\/may-dong-goi\/wp-content\/uploads\/2021\/12\/may-in-date-hp-241-ban-tu-dong-tmdg-d02-ckmdg-7.jpg\"><img loading=\"lazy\" decoding=\"async\" class=\"aligncenter wp-image-6791 size-full\" src=\"https:\/\/cokhitanminh.com\/may-dong-goi\/wp-content\/uploads\/2021\/12\/may-in-date-hp-241-ban-tu-dong-tmdg-d02-ckmdg-7.jpg\" alt=\"\" width=\"550\" height=\"550\" srcset=\"https:\/\/cokhitanminh.com\/may-dong-goi\/wp-content\/uploads\/2021\/12\/may-in-date-hp-241-ban-tu-dong-tmdg-d02-ckmdg-7.jpg 550w, https:\/\/cokhitanminh.com\/may-dong-goi\/wp-content\/uploads\/2021\/12\/may-in-date-hp-241-ban-tu-dong-tmdg-d02-ckmdg-7-300x300.jpg 300w, https:\/\/cokhitanminh.com\/may-dong-goi\/wp-content\/uploads\/2021\/12\/may-in-date-hp-241-ban-tu-dong-tmdg-d02-ckmdg-7-150x150.jpg 150w, https:\/\/cokhitanminh.com\/may-dong-goi\/wp-content\/uploads\/2021\/12\/may-in-date-hp-241-ban-tu-dong-tmdg-d02-ckmdg-7-100x100.jpg 100w\" sizes=\"auto, (max-width: 550px) 100vw, 550px\" \/><\/a> <a href=\"https:\/\/cokhitanminh.com\/may-dong-goi\/wp-content\/uploads\/2021\/12\/may-in-date-hp-241-ban-tu-dong-tmdg-d02-ckmdg-8.jpg\"><img loading=\"lazy\" decoding=\"async\" class=\"aligncenter wp-image-6792 size-full\" src=\"https:\/\/cokhitanminh.com\/may-dong-goi\/wp-content\/uploads\/2021\/12\/may-in-date-hp-241-ban-tu-dong-tmdg-d02-ckmdg-8.jpg\" alt=\"\" width=\"550\" height=\"413\" srcset=\"https:\/\/cokhitanminh.com\/may-dong-goi\/wp-content\/uploads\/2021\/12\/may-in-date-hp-241-ban-tu-dong-tmdg-d02-ckmdg-8.jpg 550w, https:\/\/cokhitanminh.com\/may-dong-goi\/wp-content\/uploads\/2021\/12\/may-in-date-hp-241-ban-tu-dong-tmdg-d02-ckmdg-8-300x225.jpg 300w\" sizes=\"auto, (max-width: 550px) 100vw, 550px\" \/><\/a>\u00a0<\/strong><\/em><\/p>\n<p><strong>Th\u00f4ng s\u1ed1 k\u1ef9 thu\u1eadt:<\/strong><\/p>\n<p style=\"text-align: center;\"><em><strong><a href=\"https:\/\/cokhitanminh.com\/may-dong-goi\/wp-content\/uploads\/2021\/12\/may-in-date-hp-241-ban-tu-dong-tmdg-d02-ckmdg-2.jpg\"><img loading=\"lazy\" decoding=\"async\" class=\"aligncenter wp-image-6786 size-full\" src=\"https:\/\/cokhitanminh.com\/may-dong-goi\/wp-content\/uploads\/2021\/12\/may-in-date-hp-241-ban-tu-dong-tmdg-d02-ckmdg-2.jpg\" alt=\"\" width=\"600\" height=\"273\" srcset=\"https:\/\/cokhitanminh.com\/may-dong-goi\/wp-content\/uploads\/2021\/12\/may-in-date-hp-241-ban-tu-dong-tmdg-d02-ckmdg-2.jpg 600w, https:\/\/cokhitanminh.com\/may-dong-goi\/wp-content\/uploads\/2021\/12\/may-in-date-hp-241-ban-tu-dong-tmdg-d02-ckmdg-2-300x137.jpg 300w\" sizes=\"auto, (max-width: 600px) 100vw, 600px\" \/><\/a><\/strong><\/em><\/p>\n<p>Xem th\u00eam: <em><strong>M\u00e1y in date HP-241 b\u00e1n t\u1ef1 \u0111\u1ed9ng<\/strong><\/em><\/p>\n","protected":false},"excerpt":{"rendered":"<p>M\u00e1y in date HP-241 b\u00e1n t\u1ef1 \u0111\u1ed9ng (TM\u0110G-D02) \u0111\u01b0\u1ee3c C\u00f4ng Ty C\u01a1 Kh\u00ed T\u00e2n Minh s\u1ea3n xu\u1ea5t v\u00e0 ph\u00e2n ph\u1ed1i tr\u00ean to\u00e0n qu\u1ed1c. M\u00e1y \u0111\u01b0\u1ee3c \u1ee9ng d\u1ee5ng trong l\u0129nh v\u1ef1c M\u00e1y \u0110\u00f3ng G\u00f3i. C\u00e1c s\u1ea3n ph\u1ea9m c\u1ee7a ch\u00fang t\u00f4i \u0111\u1ec1u \u0111\u01b0\u1ee3c ki\u1ec3m tra k\u1ef9 l\u01b0\u1ee1ng v\u00e0 v\u1eadn h\u00e0nh th\u1ef1c t\u1ebf \u0111\u1ec3 lu\u00f4n \u0111\u1ea3m b\u1ea3o ch\u1ea5t &#8230;<\/p>\n","protected":false},"featured_media":6785,"comment_status":"open","ping_status":"closed","template":"","meta":[],"class_list":{"0":"post-3317","1":"product","2":"type-product","3":"status-publish","4":"has-post-thumbnail","6":"product_cat-may-in-han-su-dung-in-ma-vach","8":"first","9":"instock","10":"shipping-taxable","11":"product-type-simple"},"brands":[],"yoast_head":"<!-- This site is optimized with the Yoast SEO plugin v17.6 - https:\/\/yoast.com\/wordpress\/plugins\/seo\/ -->\n<title>M\u00e1y in date HP-241 b\u00e1n t\u1ef1 \u0111\u1ed9ng (TM\u0110G-D02) - M\u00c1Y \u0110\u00d3NG G\u00d3I T\u00c2N MINH<\/title>\n<meta name=\"description\" content=\"M\u00e1y in date HP-241 b\u00e1n t\u1ef1 \u0111\u1ed9ng uy t\u00edn, ch\u1ea5t l\u01b0\u1ee3ng! C\u00f4ng Ty CP C\u01a1 Kh\u00ed T\u00e2n Minh. Xin vui l\u00f2ng li\u00ean h\u1ec7 hotline: 1900.2861\/ 0967.68.69.11\" \/>\n<meta name=\"robots\" content=\"index, follow, max-snippet:-1, max-image-preview:large, max-video-preview:-1\" \/>\n<link rel=\"canonical\" href=\"https:\/\/cokhitanminh.com\/may-dong-goi\/may-in-date-hp-241-ban-tu-dong-tmdg-d02\/\" \/>\n<meta property=\"og:locale\" content=\"vi_VN\" \/>\n<meta property=\"og:type\" content=\"article\" \/>\n<meta property=\"og:title\" content=\"M\u00e1y in date HP-241 b\u00e1n t\u1ef1 \u0111\u1ed9ng (TM\u0110G-D02) - M\u00c1Y \u0110\u00d3NG G\u00d3I T\u00c2N MINH\" \/>\n<meta property=\"og:description\" content=\"M\u00e1y in date HP-241 b\u00e1n t\u1ef1 \u0111\u1ed9ng uy t\u00edn, ch\u1ea5t l\u01b0\u1ee3ng! C\u00f4ng Ty CP C\u01a1 Kh\u00ed T\u00e2n Minh. Xin vui l\u00f2ng li\u00ean h\u1ec7 hotline: 1900.2861\/ 0967.68.69.11\" \/>\n<meta property=\"og:url\" content=\"https:\/\/cokhitanminh.com\/may-dong-goi\/may-in-date-hp-241-ban-tu-dong-tmdg-d02\/\" \/>\n<meta property=\"og:site_name\" content=\"M\u00c1Y \u0110\u00d3NG G\u00d3I T\u00c2N MINH\" \/>\n<meta property=\"article:modified_time\" content=\"2025-10-30T04:39:55+00:00\" \/>\n<meta property=\"og:image\" content=\"https:\/\/cokhitanminh.com\/may-dong-goi\/wp-content\/uploads\/2021\/12\/may-in-date-hp-241-ban-tu-dong-tmdg-d02-ckmdg-1.jpg\" \/>\n\t<meta property=\"og:image:width\" content=\"480\" \/>\n\t<meta property=\"og:image:height\" content=\"480\" \/>\n<meta name=\"twitter:card\" content=\"summary_large_image\" \/>\n<meta name=\"twitter:label1\" content=\"\u01af\u1edbc t\u00ednh th\u1eddi gian \u0111\u1ecdc\" \/>\n\t<meta name=\"twitter:data1\" content=\"2 ph\u00fat\" \/>\n<script type=\"application\/ld+json\" class=\"yoast-schema-graph\">{\"@context\":\"https:\/\/schema.org\",\"@graph\":[{\"@type\":\"WebSite\",\"@id\":\"https:\/\/cokhitanminh.com\/may-dong-goi\/#website\",\"url\":\"https:\/\/cokhitanminh.com\/may-dong-goi\/\",\"name\":\"M\\u00c1Y \\u0110\\u00d3NG G\\u00d3I T\\u00c2N MINH\",\"description\":\"Chuy\\u00ean gia m\\u00e1y \\u0111\\u00f3ng g\\u00f3i\",\"potentialAction\":[{\"@type\":\"SearchAction\",\"target\":{\"@type\":\"EntryPoint\",\"urlTemplate\":\"https:\/\/cokhitanminh.com\/may-dong-goi\/?s={search_term_string}\"},\"query-input\":\"required name=search_term_string\"}],\"inLanguage\":\"vi\"},{\"@type\":\"ImageObject\",\"@id\":\"https:\/\/cokhitanminh.com\/may-dong-goi\/may-in-date-hp-241-ban-tu-dong-tmdg-d02\/#primaryimage\",\"inLanguage\":\"vi\",\"url\":\"https:\/\/cokhitanminh.com\/may-dong-goi\/wp-content\/uploads\/2021\/12\/may-in-date-hp-241-ban-tu-dong-tmdg-d02-ckmdg-1.jpg\",\"contentUrl\":\"https:\/\/cokhitanminh.com\/may-dong-goi\/wp-content\/uploads\/2021\/12\/may-in-date-hp-241-ban-tu-dong-tmdg-d02-ckmdg-1.jpg\",\"width\":480,\"height\":480},{\"@type\":\"WebPage\",\"@id\":\"https:\/\/cokhitanminh.com\/may-dong-goi\/may-in-date-hp-241-ban-tu-dong-tmdg-d02\/#webpage\",\"url\":\"https:\/\/cokhitanminh.com\/may-dong-goi\/may-in-date-hp-241-ban-tu-dong-tmdg-d02\/\",\"name\":\"M\\u00e1y in date HP-241 b\\u00e1n t\\u1ef1 \\u0111\\u1ed9ng (TM\\u0110G-D02) - M\\u00c1Y \\u0110\\u00d3NG G\\u00d3I T\\u00c2N MINH\",\"isPartOf\":{\"@id\":\"https:\/\/cokhitanminh.com\/may-dong-goi\/#website\"},\"primaryImageOfPage\":{\"@id\":\"https:\/\/cokhitanminh.com\/may-dong-goi\/may-in-date-hp-241-ban-tu-dong-tmdg-d02\/#primaryimage\"},\"datePublished\":\"2021-12-04T03:51:38+00:00\",\"dateModified\":\"2025-10-30T04:39:55+00:00\",\"description\":\"M\\u00e1y in date HP-241 b\\u00e1n t\\u1ef1 \\u0111\\u1ed9ng uy t\\u00edn, ch\\u1ea5t l\\u01b0\\u1ee3ng! C\\u00f4ng Ty CP C\\u01a1 Kh\\u00ed T\\u00e2n Minh. Xin vui l\\u00f2ng li\\u00ean h\\u1ec7 hotline: 1900.2861\/ 0967.68.69.11\",\"breadcrumb\":{\"@id\":\"https:\/\/cokhitanminh.com\/may-dong-goi\/may-in-date-hp-241-ban-tu-dong-tmdg-d02\/#breadcrumb\"},\"inLanguage\":\"vi\",\"potentialAction\":[{\"@type\":\"ReadAction\",\"target\":[\"https:\/\/cokhitanminh.com\/may-dong-goi\/may-in-date-hp-241-ban-tu-dong-tmdg-d02\/\"]}]},{\"@type\":\"BreadcrumbList\",\"@id\":\"https:\/\/cokhitanminh.com\/may-dong-goi\/may-in-date-hp-241-ban-tu-dong-tmdg-d02\/#breadcrumb\",\"itemListElement\":[{\"@type\":\"ListItem\",\"position\":1,\"name\":\"Trang ch\\u1ee7\",\"item\":\"https:\/\/cokhitanminh.com\/may-dong-goi\/\"},{\"@type\":\"ListItem\",\"position\":2,\"name\":\"C\\u1eeda h\\u00e0ng\",\"item\":\"https:\/\/cokhitanminh.com\/may-dong-goi\/mua\/\"},{\"@type\":\"ListItem\",\"position\":3,\"name\":\"M\\u00e1y in date HP-241 b\\u00e1n t\\u1ef1 \\u0111\\u1ed9ng (TM\\u0110G-D02)\"}]}]}<\/script>\n<!-- \/ Yoast SEO plugin. -->","yoast_head_json":{"title":"M\u00e1y in date HP-241 b\u00e1n t\u1ef1 \u0111\u1ed9ng (TM\u0110G-D02) - M\u00c1Y \u0110\u00d3NG G\u00d3I T\u00c2N MINH","description":"M\u00e1y in date HP-241 b\u00e1n t\u1ef1 \u0111\u1ed9ng uy t\u00edn, ch\u1ea5t l\u01b0\u1ee3ng! C\u00f4ng Ty CP C\u01a1 Kh\u00ed T\u00e2n Minh. Xin vui l\u00f2ng li\u00ean h\u1ec7 hotline: 1900.2861\/ 0967.68.69.11","robots":{"index":"index","follow":"follow","max-snippet":"max-snippet:-1","max-image-preview":"max-image-preview:large","max-video-preview":"max-video-preview:-1"},"canonical":"https:\/\/cokhitanminh.com\/may-dong-goi\/may-in-date-hp-241-ban-tu-dong-tmdg-d02\/","og_locale":"vi_VN","og_type":"article","og_title":"M\u00e1y in date HP-241 b\u00e1n t\u1ef1 \u0111\u1ed9ng (TM\u0110G-D02) - M\u00c1Y \u0110\u00d3NG G\u00d3I T\u00c2N MINH","og_description":"M\u00e1y in date HP-241 b\u00e1n t\u1ef1 \u0111\u1ed9ng uy t\u00edn, ch\u1ea5t l\u01b0\u1ee3ng! C\u00f4ng Ty CP C\u01a1 Kh\u00ed T\u00e2n Minh. Xin vui l\u00f2ng li\u00ean h\u1ec7 hotline: 1900.2861\/ 0967.68.69.11","og_url":"https:\/\/cokhitanminh.com\/may-dong-goi\/may-in-date-hp-241-ban-tu-dong-tmdg-d02\/","og_site_name":"M\u00c1Y \u0110\u00d3NG G\u00d3I T\u00c2N MINH","article_modified_time":"2025-10-30T04:39:55+00:00","og_image":[{"width":480,"height":480,"url":"https:\/\/cokhitanminh.com\/may-dong-goi\/wp-content\/uploads\/2021\/12\/may-in-date-hp-241-ban-tu-dong-tmdg-d02-ckmdg-1.jpg","type":"image\/jpeg"}],"twitter_card":"summary_large_image","twitter_misc":{"\u01af\u1edbc t\u00ednh th\u1eddi gian \u0111\u1ecdc":"2 ph\u00fat"},"schema":{"@context":"https:\/\/schema.org","@graph":[{"@type":"WebSite","@id":"https:\/\/cokhitanminh.com\/may-dong-goi\/#website","url":"https:\/\/cokhitanminh.com\/may-dong-goi\/","name":"M\u00c1Y \u0110\u00d3NG G\u00d3I T\u00c2N MINH","description":"Chuy\u00ean gia m\u00e1y \u0111\u00f3ng g\u00f3i","potentialAction":[{"@type":"SearchAction","target":{"@type":"EntryPoint","urlTemplate":"https:\/\/cokhitanminh.com\/may-dong-goi\/?s={search_term_string}"},"query-input":"required name=search_term_string"}],"inLanguage":"vi"},{"@type":"ImageObject","@id":"https:\/\/cokhitanminh.com\/may-dong-goi\/may-in-date-hp-241-ban-tu-dong-tmdg-d02\/#primaryimage","inLanguage":"vi","url":"https:\/\/cokhitanminh.com\/may-dong-goi\/wp-content\/uploads\/2021\/12\/may-in-date-hp-241-ban-tu-dong-tmdg-d02-ckmdg-1.jpg","contentUrl":"https:\/\/cokhitanminh.com\/may-dong-goi\/wp-content\/uploads\/2021\/12\/may-in-date-hp-241-ban-tu-dong-tmdg-d02-ckmdg-1.jpg","width":480,"height":480},{"@type":"WebPage","@id":"https:\/\/cokhitanminh.com\/may-dong-goi\/may-in-date-hp-241-ban-tu-dong-tmdg-d02\/#webpage","url":"https:\/\/cokhitanminh.com\/may-dong-goi\/may-in-date-hp-241-ban-tu-dong-tmdg-d02\/","name":"M\u00e1y in date HP-241 b\u00e1n t\u1ef1 \u0111\u1ed9ng (TM\u0110G-D02) - M\u00c1Y \u0110\u00d3NG G\u00d3I T\u00c2N MINH","isPartOf":{"@id":"https:\/\/cokhitanminh.com\/may-dong-goi\/#website"},"primaryImageOfPage":{"@id":"https:\/\/cokhitanminh.com\/may-dong-goi\/may-in-date-hp-241-ban-tu-dong-tmdg-d02\/#primaryimage"},"datePublished":"2021-12-04T03:51:38+00:00","dateModified":"2025-10-30T04:39:55+00:00","description":"M\u00e1y in date HP-241 b\u00e1n t\u1ef1 \u0111\u1ed9ng uy t\u00edn, ch\u1ea5t l\u01b0\u1ee3ng! C\u00f4ng Ty CP C\u01a1 Kh\u00ed T\u00e2n Minh. Xin vui l\u00f2ng li\u00ean h\u1ec7 hotline: 1900.2861\/ 0967.68.69.11","breadcrumb":{"@id":"https:\/\/cokhitanminh.com\/may-dong-goi\/may-in-date-hp-241-ban-tu-dong-tmdg-d02\/#breadcrumb"},"inLanguage":"vi","potentialAction":[{"@type":"ReadAction","target":["https:\/\/cokhitanminh.com\/may-dong-goi\/may-in-date-hp-241-ban-tu-dong-tmdg-d02\/"]}]},{"@type":"BreadcrumbList","@id":"https:\/\/cokhitanminh.com\/may-dong-goi\/may-in-date-hp-241-ban-tu-dong-tmdg-d02\/#breadcrumb","itemListElement":[{"@type":"ListItem","position":1,"name":"Trang ch\u1ee7","item":"https:\/\/cokhitanminh.com\/may-dong-goi\/"},{"@type":"ListItem","position":2,"name":"C\u1eeda h\u00e0ng","item":"https:\/\/cokhitanminh.com\/may-dong-goi\/mua\/"},{"@type":"ListItem","position":3,"name":"M\u00e1y in date HP-241 b\u00e1n t\u1ef1 \u0111\u1ed9ng (TM\u0110G-D02)"}]}]}},"_links":{"self":[{"href":"https:\/\/cokhitanminh.com\/may-dong-goi\/wp-json\/wp\/v2\/product\/3317","targetHints":{"allow":["GET"]}}],"collection":[{"href":"https:\/\/cokhitanminh.com\/may-dong-goi\/wp-json\/wp\/v2\/product"}],"about":[{"href":"https:\/\/cokhitanminh.com\/may-dong-goi\/wp-json\/wp\/v2\/types\/product"}],"replies":[{"embeddable":true,"href":"https:\/\/cokhitanminh.com\/may-dong-goi\/wp-json\/wp\/v2\/comments?post=3317"}],"wp:featuredmedia":[{"embeddable":true,"href":"https:\/\/cokhitanminh.com\/may-dong-goi\/wp-json\/wp\/v2\/media\/6785"}],"wp:attachment":[{"href":"https:\/\/cokhitanminh.com\/may-dong-goi\/wp-json\/wp\/v2\/media?parent=3317"}],"curies":[{"name":"wp","href":"https:\/\/api.w.org\/{rel}","templated":true}]}}