{"id":3314,"date":"2021-12-04T03:51:36","date_gmt":"2021-12-04T03:51:36","guid":{"rendered":"https:\/\/cokhitanminh.com\/may-dong-goi\/?post_type=product&#038;p=3314"},"modified":"2021-12-29T07:25:08","modified_gmt":"2021-12-29T07:25:08","slug":"may-co-mang-bs-400x200-co-dong-ho-bao-nhiet-tmdg-b34","status":"publish","type":"product","link":"https:\/\/cokhitanminh.com\/may-dong-goi\/may-co-mang-bs-400x200-co-dong-ho-bao-nhiet-tmdg-b34\/","title":{"rendered":"M\u00e1y co m\u00e0ng BS 400&#215;200 c\u00f3 \u0111\u1ed3ng h\u1ed3 b\u00e1o nhi\u1ec7t (TM\u0110G-B34)"},"content":{"rendered":"<h3 style=\"text-align: justify;\"><a href=\"https:\/\/cokhitanminh.com\/may-dong-goi\/may-co-mang-bs-400x200-co-dong-ho-bao-nhiet-tmdg-b34\/\"><em><strong>M\u00e1y co m\u00e0ng BS 400&#215;200 c\u00f3 \u0111\u1ed3ng h\u1ed3 b\u00e1o nhi\u1ec7t<\/strong><\/em><\/a> (TM\u0110G-B34)<\/h3>\n<p><em><strong>M\u00e1y co m\u00e0ng BS 400&#215;200 c\u00f3 \u0111\u1ed3ng h\u1ed3 b\u00e1o nhi\u1ec7t <\/strong><\/em>\u0111\u01b0\u1ee3c nghi\u00ean c\u1ee9u s\u1ea3n xu\u1ea5t v\u00e0 ph\u00e2n ph\u1ed1i tr\u00ean to\u00e0n qu\u1ed1c. T\u1ea5t c\u1ea3 c\u00e1c s\u1ea3n ph\u1ea9m c\u1ee7a ch\u00fang t\u00f4i \u0111\u1ec1u \u0111\u01b0\u1ee3c ki\u1ec3m tra k\u1ef9 l\u01b0\u1ee1ng v\u00e0 v\u1eadn h\u00e0nh th\u1ef1c t\u1ebf \u0111\u1ec3 lu\u00f4n \u0111\u1ea3m b\u1ea3o ch\u1ea5t l\u01b0\u1ee3ng t\u1ed1t nh\u1ea5t tr\u01b0\u1edbc khi b\u00e0n giao thi\u1ebft b\u1ecb cho kh\u00e1ch h\u00e0ng.<\/p>\n<p style=\"text-align: justify;\"><strong>Th\u00f4ng\u00a0s\u1ed1\u00a0k\u1ef9 thu\u1eadt:<\/strong><\/p>\n<p style=\"text-align: justify;\">&#8211; Model: TM\u0110G-B34<\/p>\n<p style=\"text-align: justify;\">&#8211; \u0110i\u1ec7n \u00e1p: 220V-380V\/50hz<\/p>\n<p style=\"text-align: justify;\">&#8211; C\u00f4ng su\u1ea5t nhi\u1ec7t: 6000W<\/p>\n<p style=\"text-align: justify;\">&#8211; C\u00f4ng su\u1ea5t moto: 60W<\/p>\n<p style=\"text-align: justify;\">&#8211; C\u00f4ng su\u1ea5t qu\u1ea1t gi\u00f3: 40W<\/p>\n<p style=\"text-align: justify;\">&#8211; T\u1ed1c \u0111\u1ed9 b\u0103ng t\u1ea3i: 0-10m\/ph\u00fat<\/p>\n<p style=\"text-align: justify;\">&#8211; T\u1ea3i tr\u1ecdng kho\u1ea3ng: 5kg<\/p>\n<p style=\"text-align: justify;\">&#8211; K\u00edch th\u01b0\u1edbc bu\u1ed3ng co: 800 x 400 x 200 mm<\/p>\n<p style=\"text-align: justify;\">&#8211; K\u00edch th\u01b0\u1edbc m\u00e1y: 1100 x 570 x 720 mm<\/p>\n<p style=\"text-align: justify;\">&#8211; B\u1ea3o h\u00e0nh: 12 th\u00e1ng<\/p>\n<p>H\u00ecnh \u1ea3nh:<\/p>\n<p><a href=\"https:\/\/cokhitanminh.com\/may-dong-goi\/wp-content\/uploads\/2021\/12\/may-co-mang-bs-400x200-co-dong-ho-bao-nhiet-tmdg-b34-1-cokhitanminhcommdg.jpg\"><img loading=\"lazy\" decoding=\"async\" class=\"size-full wp-image-6465 aligncenter\" src=\"https:\/\/cokhitanminh.com\/may-dong-goi\/wp-content\/uploads\/2021\/12\/may-co-mang-bs-400x200-co-dong-ho-bao-nhiet-tmdg-b34-1-cokhitanminhcommdg.jpg\" alt=\"\" width=\"500\" height=\"500\" srcset=\"https:\/\/cokhitanminh.com\/may-dong-goi\/wp-content\/uploads\/2021\/12\/may-co-mang-bs-400x200-co-dong-ho-bao-nhiet-tmdg-b34-1-cokhitanminhcommdg.jpg 500w, https:\/\/cokhitanminh.com\/may-dong-goi\/wp-content\/uploads\/2021\/12\/may-co-mang-bs-400x200-co-dong-ho-bao-nhiet-tmdg-b34-1-cokhitanminhcommdg-300x300.jpg 300w, https:\/\/cokhitanminh.com\/may-dong-goi\/wp-content\/uploads\/2021\/12\/may-co-mang-bs-400x200-co-dong-ho-bao-nhiet-tmdg-b34-1-cokhitanminhcommdg-150x150.jpg 150w, https:\/\/cokhitanminh.com\/may-dong-goi\/wp-content\/uploads\/2021\/12\/may-co-mang-bs-400x200-co-dong-ho-bao-nhiet-tmdg-b34-1-cokhitanminhcommdg-100x100.jpg 100w\" sizes=\"auto, (max-width: 500px) 100vw, 500px\" \/><\/a><\/p>\n<p><a href=\"https:\/\/cokhitanminh.com\/may-dong-goi\/wp-content\/uploads\/2021\/12\/may-co-mang-bs-400x200-co-dong-ho-bao-nhiet-tmdg-b34-2-cokhitanminhcommdg.jpg\"><img loading=\"lazy\" decoding=\"async\" class=\"size-large wp-image-6466 aligncenter\" src=\"https:\/\/cokhitanminh.com\/may-dong-goi\/wp-content\/uploads\/2021\/12\/may-co-mang-bs-400x200-co-dong-ho-bao-nhiet-tmdg-b34-2-cokhitanminhcommdg.jpg\" alt=\"\" width=\"500\" height=\"500\" srcset=\"https:\/\/cokhitanminh.com\/may-dong-goi\/wp-content\/uploads\/2021\/12\/may-co-mang-bs-400x200-co-dong-ho-bao-nhiet-tmdg-b34-2-cokhitanminhcommdg.jpg 500w, https:\/\/cokhitanminh.com\/may-dong-goi\/wp-content\/uploads\/2021\/12\/may-co-mang-bs-400x200-co-dong-ho-bao-nhiet-tmdg-b34-2-cokhitanminhcommdg-300x300.jpg 300w, https:\/\/cokhitanminh.com\/may-dong-goi\/wp-content\/uploads\/2021\/12\/may-co-mang-bs-400x200-co-dong-ho-bao-nhiet-tmdg-b34-2-cokhitanminhcommdg-150x150.jpg 150w, https:\/\/cokhitanminh.com\/may-dong-goi\/wp-content\/uploads\/2021\/12\/may-co-mang-bs-400x200-co-dong-ho-bao-nhiet-tmdg-b34-2-cokhitanminhcommdg-100x100.jpg 100w\" sizes=\"auto, (max-width: 500px) 100vw, 500px\" \/><\/a><\/p>\n<p><a href=\"https:\/\/cokhitanminh.com\/may-dong-goi\/wp-content\/uploads\/2021\/12\/may-co-mang-bs-400x200-co-dong-ho-bao-nhiet-tmdg-b34-3-cokhitanminhcommdg.jpg\"><img loading=\"lazy\" decoding=\"async\" class=\"size-large wp-image-6467 aligncenter\" src=\"https:\/\/cokhitanminh.com\/may-dong-goi\/wp-content\/uploads\/2021\/12\/may-co-mang-bs-400x200-co-dong-ho-bao-nhiet-tmdg-b34-3-cokhitanminhcommdg.jpg\" alt=\"\" width=\"500\" height=\"500\" srcset=\"https:\/\/cokhitanminh.com\/may-dong-goi\/wp-content\/uploads\/2021\/12\/may-co-mang-bs-400x200-co-dong-ho-bao-nhiet-tmdg-b34-3-cokhitanminhcommdg.jpg 500w, https:\/\/cokhitanminh.com\/may-dong-goi\/wp-content\/uploads\/2021\/12\/may-co-mang-bs-400x200-co-dong-ho-bao-nhiet-tmdg-b34-3-cokhitanminhcommdg-300x300.jpg 300w, https:\/\/cokhitanminh.com\/may-dong-goi\/wp-content\/uploads\/2021\/12\/may-co-mang-bs-400x200-co-dong-ho-bao-nhiet-tmdg-b34-3-cokhitanminhcommdg-150x150.jpg 150w, https:\/\/cokhitanminh.com\/may-dong-goi\/wp-content\/uploads\/2021\/12\/may-co-mang-bs-400x200-co-dong-ho-bao-nhiet-tmdg-b34-3-cokhitanminhcommdg-100x100.jpg 100w\" sizes=\"auto, (max-width: 500px) 100vw, 500px\" \/><\/a><\/p>\n<p><a href=\"https:\/\/cokhitanminh.com\/may-dong-goi\/wp-content\/uploads\/2021\/12\/may-co-mang-bs-400x200-co-dong-ho-bao-nhiet-tmdg-b34-4-cokhitanminhcommdg.jpg\"><img loading=\"lazy\" decoding=\"async\" class=\"size-large wp-image-6468 aligncenter\" src=\"https:\/\/cokhitanminh.com\/may-dong-goi\/wp-content\/uploads\/2021\/12\/may-co-mang-bs-400x200-co-dong-ho-bao-nhiet-tmdg-b34-4-cokhitanminhcommdg.jpg\" alt=\"\" width=\"600\" height=\"213\" srcset=\"https:\/\/cokhitanminh.com\/may-dong-goi\/wp-content\/uploads\/2021\/12\/may-co-mang-bs-400x200-co-dong-ho-bao-nhiet-tmdg-b34-4-cokhitanminhcommdg.jpg 600w, https:\/\/cokhitanminh.com\/may-dong-goi\/wp-content\/uploads\/2021\/12\/may-co-mang-bs-400x200-co-dong-ho-bao-nhiet-tmdg-b34-4-cokhitanminhcommdg-300x107.jpg 300w\" sizes=\"auto, (max-width: 600px) 100vw, 600px\" \/><\/a><\/p>\n<p><a href=\"https:\/\/cokhitanminh.com\/may-dong-goi\/wp-content\/uploads\/2021\/12\/may-co-mang-bs-400x200-co-dong-ho-bao-nhiet-tmdg-b34-5-cokhitanminhcommdg.jpg\"><img loading=\"lazy\" decoding=\"async\" class=\"size-large wp-image-6469 aligncenter\" src=\"https:\/\/cokhitanminh.com\/may-dong-goi\/wp-content\/uploads\/2021\/12\/may-co-mang-bs-400x200-co-dong-ho-bao-nhiet-tmdg-b34-5-cokhitanminhcommdg.jpg\" alt=\"\" width=\"448\" height=\"448\" srcset=\"https:\/\/cokhitanminh.com\/may-dong-goi\/wp-content\/uploads\/2021\/12\/may-co-mang-bs-400x200-co-dong-ho-bao-nhiet-tmdg-b34-5-cokhitanminhcommdg.jpg 448w, https:\/\/cokhitanminh.com\/may-dong-goi\/wp-content\/uploads\/2021\/12\/may-co-mang-bs-400x200-co-dong-ho-bao-nhiet-tmdg-b34-5-cokhitanminhcommdg-300x300.jpg 300w, https:\/\/cokhitanminh.com\/may-dong-goi\/wp-content\/uploads\/2021\/12\/may-co-mang-bs-400x200-co-dong-ho-bao-nhiet-tmdg-b34-5-cokhitanminhcommdg-150x150.jpg 150w, https:\/\/cokhitanminh.com\/may-dong-goi\/wp-content\/uploads\/2021\/12\/may-co-mang-bs-400x200-co-dong-ho-bao-nhiet-tmdg-b34-5-cokhitanminhcommdg-100x100.jpg 100w\" sizes=\"auto, (max-width: 448px) 100vw, 448px\" \/><\/a><\/p>\n<p><a href=\"https:\/\/cokhitanminh.com\/may-dong-goi\/wp-content\/uploads\/2021\/12\/may-co-mang-bs-400x200-co-dong-ho-bao-nhiet-tmdg-b34-6-cokhitanminhcommdg.jpg\"><img loading=\"lazy\" decoding=\"async\" class=\"size-large wp-image-6470 aligncenter\" src=\"https:\/\/cokhitanminh.com\/may-dong-goi\/wp-content\/uploads\/2021\/12\/may-co-mang-bs-400x200-co-dong-ho-bao-nhiet-tmdg-b34-6-cokhitanminhcommdg.jpg\" alt=\"\" width=\"550\" height=\"413\" srcset=\"https:\/\/cokhitanminh.com\/may-dong-goi\/wp-content\/uploads\/2021\/12\/may-co-mang-bs-400x200-co-dong-ho-bao-nhiet-tmdg-b34-6-cokhitanminhcommdg.jpg 550w, https:\/\/cokhitanminh.com\/may-dong-goi\/wp-content\/uploads\/2021\/12\/may-co-mang-bs-400x200-co-dong-ho-bao-nhiet-tmdg-b34-6-cokhitanminhcommdg-300x225.jpg 300w\" sizes=\"auto, (max-width: 550px) 100vw, 550px\" \/><\/a><\/p>\n<p><a href=\"https:\/\/cokhitanminh.com\/may-dong-goi\/wp-content\/uploads\/2021\/12\/may-co-mang-bs-400x200-co-dong-ho-bao-nhiet-tmdg-b34-7-cokhitanminhcommdg.jpg\"><img loading=\"lazy\" decoding=\"async\" class=\"size-large wp-image-6471 aligncenter\" src=\"https:\/\/cokhitanminh.com\/may-dong-goi\/wp-content\/uploads\/2021\/12\/may-co-mang-bs-400x200-co-dong-ho-bao-nhiet-tmdg-b34-7-cokhitanminhcommdg.jpg\" alt=\"\" width=\"466\" height=\"466\" srcset=\"https:\/\/cokhitanminh.com\/may-dong-goi\/wp-content\/uploads\/2021\/12\/may-co-mang-bs-400x200-co-dong-ho-bao-nhiet-tmdg-b34-7-cokhitanminhcommdg.jpg 466w, https:\/\/cokhitanminh.com\/may-dong-goi\/wp-content\/uploads\/2021\/12\/may-co-mang-bs-400x200-co-dong-ho-bao-nhiet-tmdg-b34-7-cokhitanminhcommdg-300x300.jpg 300w, https:\/\/cokhitanminh.com\/may-dong-goi\/wp-content\/uploads\/2021\/12\/may-co-mang-bs-400x200-co-dong-ho-bao-nhiet-tmdg-b34-7-cokhitanminhcommdg-150x150.jpg 150w, https:\/\/cokhitanminh.com\/may-dong-goi\/wp-content\/uploads\/2021\/12\/may-co-mang-bs-400x200-co-dong-ho-bao-nhiet-tmdg-b34-7-cokhitanminhcommdg-100x100.jpg 100w\" sizes=\"auto, (max-width: 466px) 100vw, 466px\" \/><\/a><\/p>\n<p><a href=\"https:\/\/cokhitanminh.com\/may-dong-goi\/wp-content\/uploads\/2021\/12\/may-co-mang-bs-400x200-co-dong-ho-bao-nhiet-tmdg-b34-8-cokhitanminhcommdg.jpg\"><img loading=\"lazy\" decoding=\"async\" class=\"size-large wp-image-6472 aligncenter\" src=\"https:\/\/cokhitanminh.com\/may-dong-goi\/wp-content\/uploads\/2021\/12\/may-co-mang-bs-400x200-co-dong-ho-bao-nhiet-tmdg-b34-8-cokhitanminhcommdg.jpg\" alt=\"\" width=\"513\" height=\"513\" srcset=\"https:\/\/cokhitanminh.com\/may-dong-goi\/wp-content\/uploads\/2021\/12\/may-co-mang-bs-400x200-co-dong-ho-bao-nhiet-tmdg-b34-8-cokhitanminhcommdg.jpg 513w, https:\/\/cokhitanminh.com\/may-dong-goi\/wp-content\/uploads\/2021\/12\/may-co-mang-bs-400x200-co-dong-ho-bao-nhiet-tmdg-b34-8-cokhitanminhcommdg-300x300.jpg 300w, https:\/\/cokhitanminh.com\/may-dong-goi\/wp-content\/uploads\/2021\/12\/may-co-mang-bs-400x200-co-dong-ho-bao-nhiet-tmdg-b34-8-cokhitanminhcommdg-150x150.jpg 150w, https:\/\/cokhitanminh.com\/may-dong-goi\/wp-content\/uploads\/2021\/12\/may-co-mang-bs-400x200-co-dong-ho-bao-nhiet-tmdg-b34-8-cokhitanminhcommdg-100x100.jpg 100w\" sizes=\"auto, (max-width: 513px) 100vw, 513px\" \/><\/a><\/p>\n<p style=\"text-align: justify;\">\u0110\u1ec3 bi\u1ebft th\u00eam th\u00f4ng tin v\u1ec1 s\u1ea3n ph\u1ea9m\u00a0<em><strong>M\u00e1y co m\u00e0ng BS 400&#215;200 c\u00f3 \u0111\u1ed3ng h\u1ed3 b\u00e1o nhi\u1ec7t<\/strong><\/em>\u00a0xin vui l\u00f2ng li\u00ean h\u1ec7 1900.2861<\/p>\n","protected":false},"excerpt":{"rendered":"<p>M\u00e1y co m\u00e0ng BS 400&#215;200 c\u00f3 \u0111\u1ed3ng h\u1ed3 b\u00e1o nhi\u1ec7t (TM\u0110G-B34) M\u00e1y co m\u00e0ng BS 400&#215;200 c\u00f3 \u0111\u1ed3ng h\u1ed3 b\u00e1o nhi\u1ec7t \u0111\u01b0\u1ee3c nghi\u00ean c\u1ee9u s\u1ea3n xu\u1ea5t v\u00e0 ph\u00e2n ph\u1ed1i tr\u00ean to\u00e0n qu\u1ed1c. T\u1ea5t c\u1ea3 c\u00e1c s\u1ea3n ph\u1ea9m c\u1ee7a ch\u00fang t\u00f4i \u0111\u1ec1u \u0111\u01b0\u1ee3c ki\u1ec3m tra k\u1ef9 l\u01b0\u1ee1ng v\u00e0 v\u1eadn h\u00e0nh th\u1ef1c t\u1ebf \u0111\u1ec3 lu\u00f4n \u0111\u1ea3m b\u1ea3o &#8230;<\/p>\n","protected":false},"featured_media":6474,"comment_status":"open","ping_status":"closed","template":"","meta":[],"class_list":{"0":"post-3314","1":"product","2":"type-product","3":"status-publish","4":"has-post-thumbnail","6":"product_cat-may-co-cat-mang-ep-mang","8":"first","9":"instock","10":"shipping-taxable","11":"purchasable","12":"product-type-simple"},"brands":[],"yoast_head":"<!-- This site is optimized with the Yoast SEO plugin v17.6 - https:\/\/yoast.com\/wordpress\/plugins\/seo\/ -->\n<title>M\u00e1y co m\u00e0ng BS 400x200 c\u00f3 \u0111\u1ed3ng h\u1ed3 b\u00e1o nhi\u1ec7t (TM\u0110G-B34) - M\u00c1Y \u0110\u00d3NG G\u00d3I T\u00c2N MINH<\/title>\n<meta name=\"description\" content=\"M\u00e1y co m\u00e0ng BS 400x200 c\u00f3 \u0111\u1ed3ng h\u1ed3 b\u00e1o nhi\u1ec7t - Gi\u00e1 r\u1ebb - uy t\u00edn ch\u1ea5t l\u01b0\u1ee3ng Li\u00ean h\u1ec7 Hotline 1: 1900 2861 | Hotline 2: 09 67 68 69 11 \u0110\u1ec3 \u0111\u01b0\u1ee3c t\u01b0 v\u1ea5n mi\u1ec5n ph\u00ed!\" \/>\n<meta name=\"robots\" content=\"index, follow, max-snippet:-1, max-image-preview:large, max-video-preview:-1\" \/>\n<link rel=\"canonical\" href=\"https:\/\/cokhitanminh.com\/may-dong-goi\/may-co-mang-bs-400x200-co-dong-ho-bao-nhiet-tmdg-b34\/\" \/>\n<meta property=\"og:locale\" content=\"vi_VN\" \/>\n<meta property=\"og:type\" content=\"article\" \/>\n<meta property=\"og:title\" content=\"M\u00e1y co m\u00e0ng BS 400x200 c\u00f3 \u0111\u1ed3ng h\u1ed3 b\u00e1o nhi\u1ec7t (TM\u0110G-B34) - M\u00c1Y \u0110\u00d3NG G\u00d3I T\u00c2N MINH\" \/>\n<meta property=\"og:description\" content=\"M\u00e1y co m\u00e0ng BS 400x200 c\u00f3 \u0111\u1ed3ng h\u1ed3 b\u00e1o nhi\u1ec7t - Gi\u00e1 r\u1ebb - uy t\u00edn ch\u1ea5t l\u01b0\u1ee3ng Li\u00ean h\u1ec7 Hotline 1: 1900 2861 | Hotline 2: 09 67 68 69 11 \u0110\u1ec3 \u0111\u01b0\u1ee3c t\u01b0 v\u1ea5n mi\u1ec5n ph\u00ed!\" \/>\n<meta property=\"og:url\" content=\"https:\/\/cokhitanminh.com\/may-dong-goi\/may-co-mang-bs-400x200-co-dong-ho-bao-nhiet-tmdg-b34\/\" \/>\n<meta property=\"og:site_name\" content=\"M\u00c1Y \u0110\u00d3NG G\u00d3I T\u00c2N MINH\" \/>\n<meta property=\"article:modified_time\" content=\"2021-12-29T07:25:08+00:00\" \/>\n<meta property=\"og:image\" content=\"https:\/\/cokhitanminh.com\/may-dong-goi\/wp-content\/uploads\/2021\/12\/may-co-mang-bs-400x200-co-dong-ho-bao-nhiet-tmdg-b34-01-cokhitanminhcommdg.jpg\" \/>\n\t<meta property=\"og:image:width\" content=\"2076\" \/>\n\t<meta property=\"og:image:height\" content=\"2076\" \/>\n<meta name=\"twitter:card\" content=\"summary_large_image\" \/>\n<meta name=\"twitter:label1\" content=\"\u01af\u1edbc t\u00ednh th\u1eddi gian \u0111\u1ecdc\" \/>\n\t<meta name=\"twitter:data1\" content=\"3 ph\u00fat\" \/>\n<script type=\"application\/ld+json\" class=\"yoast-schema-graph\">{\"@context\":\"https:\/\/schema.org\",\"@graph\":[{\"@type\":\"WebSite\",\"@id\":\"https:\/\/cokhitanminh.com\/may-dong-goi\/#website\",\"url\":\"https:\/\/cokhitanminh.com\/may-dong-goi\/\",\"name\":\"M\\u00c1Y \\u0110\\u00d3NG G\\u00d3I T\\u00c2N MINH\",\"description\":\"Chuy\\u00ean gia m\\u00e1y \\u0111\\u00f3ng g\\u00f3i\",\"potentialAction\":[{\"@type\":\"SearchAction\",\"target\":{\"@type\":\"EntryPoint\",\"urlTemplate\":\"https:\/\/cokhitanminh.com\/may-dong-goi\/?s={search_term_string}\"},\"query-input\":\"required name=search_term_string\"}],\"inLanguage\":\"vi\"},{\"@type\":\"ImageObject\",\"@id\":\"https:\/\/cokhitanminh.com\/may-dong-goi\/may-co-mang-bs-400x200-co-dong-ho-bao-nhiet-tmdg-b34\/#primaryimage\",\"inLanguage\":\"vi\",\"url\":\"https:\/\/cokhitanminh.com\/may-dong-goi\/wp-content\/uploads\/2021\/12\/may-co-mang-bs-400x200-co-dong-ho-bao-nhiet-tmdg-b34-01-cokhitanminhcommdg.jpg\",\"contentUrl\":\"https:\/\/cokhitanminh.com\/may-dong-goi\/wp-content\/uploads\/2021\/12\/may-co-mang-bs-400x200-co-dong-ho-bao-nhiet-tmdg-b34-01-cokhitanminhcommdg.jpg\",\"width\":2076,\"height\":2076,\"caption\":\"M\\u00c1Y CO M\\u00c0NG BS 400\\u00d7200 C\\u00d3 \\u0110\\u1ed2NG H\\u1ed2 B\\u00c1O NHI\\u1ec6T (TM\\u0110G-B34)\"},{\"@type\":\"WebPage\",\"@id\":\"https:\/\/cokhitanminh.com\/may-dong-goi\/may-co-mang-bs-400x200-co-dong-ho-bao-nhiet-tmdg-b34\/#webpage\",\"url\":\"https:\/\/cokhitanminh.com\/may-dong-goi\/may-co-mang-bs-400x200-co-dong-ho-bao-nhiet-tmdg-b34\/\",\"name\":\"M\\u00e1y co m\\u00e0ng BS 400x200 c\\u00f3 \\u0111\\u1ed3ng h\\u1ed3 b\\u00e1o nhi\\u1ec7t (TM\\u0110G-B34) - M\\u00c1Y \\u0110\\u00d3NG G\\u00d3I T\\u00c2N MINH\",\"isPartOf\":{\"@id\":\"https:\/\/cokhitanminh.com\/may-dong-goi\/#website\"},\"primaryImageOfPage\":{\"@id\":\"https:\/\/cokhitanminh.com\/may-dong-goi\/may-co-mang-bs-400x200-co-dong-ho-bao-nhiet-tmdg-b34\/#primaryimage\"},\"datePublished\":\"2021-12-04T03:51:36+00:00\",\"dateModified\":\"2021-12-29T07:25:08+00:00\",\"description\":\"M\\u00e1y co m\\u00e0ng BS 400x200 c\\u00f3 \\u0111\\u1ed3ng h\\u1ed3 b\\u00e1o nhi\\u1ec7t - Gi\\u00e1 r\\u1ebb - uy t\\u00edn ch\\u1ea5t l\\u01b0\\u1ee3ng Li\\u00ean h\\u1ec7 Hotline 1: 1900 2861 | Hotline 2: 09 67 68 69 11 \\u0110\\u1ec3 \\u0111\\u01b0\\u1ee3c t\\u01b0 v\\u1ea5n mi\\u1ec5n ph\\u00ed!\",\"breadcrumb\":{\"@id\":\"https:\/\/cokhitanminh.com\/may-dong-goi\/may-co-mang-bs-400x200-co-dong-ho-bao-nhiet-tmdg-b34\/#breadcrumb\"},\"inLanguage\":\"vi\",\"potentialAction\":[{\"@type\":\"ReadAction\",\"target\":[\"https:\/\/cokhitanminh.com\/may-dong-goi\/may-co-mang-bs-400x200-co-dong-ho-bao-nhiet-tmdg-b34\/\"]}]},{\"@type\":\"BreadcrumbList\",\"@id\":\"https:\/\/cokhitanminh.com\/may-dong-goi\/may-co-mang-bs-400x200-co-dong-ho-bao-nhiet-tmdg-b34\/#breadcrumb\",\"itemListElement\":[{\"@type\":\"ListItem\",\"position\":1,\"name\":\"Trang ch\\u1ee7\",\"item\":\"https:\/\/cokhitanminh.com\/may-dong-goi\/\"},{\"@type\":\"ListItem\",\"position\":2,\"name\":\"C\\u1eeda h\\u00e0ng\",\"item\":\"https:\/\/cokhitanminh.com\/may-dong-goi\/mua\/\"},{\"@type\":\"ListItem\",\"position\":3,\"name\":\"M\\u00e1y co m\\u00e0ng BS 400&#215;200 c\\u00f3 \\u0111\\u1ed3ng h\\u1ed3 b\\u00e1o nhi\\u1ec7t (TM\\u0110G-B34)\"}]}]}<\/script>\n<!-- \/ Yoast SEO plugin. -->","yoast_head_json":{"title":"M\u00e1y co m\u00e0ng BS 400x200 c\u00f3 \u0111\u1ed3ng h\u1ed3 b\u00e1o nhi\u1ec7t (TM\u0110G-B34) - M\u00c1Y \u0110\u00d3NG G\u00d3I T\u00c2N MINH","description":"M\u00e1y co m\u00e0ng BS 400x200 c\u00f3 \u0111\u1ed3ng h\u1ed3 b\u00e1o nhi\u1ec7t - Gi\u00e1 r\u1ebb - uy t\u00edn ch\u1ea5t l\u01b0\u1ee3ng Li\u00ean h\u1ec7 Hotline 1: 1900 2861 | Hotline 2: 09 67 68 69 11 \u0110\u1ec3 \u0111\u01b0\u1ee3c t\u01b0 v\u1ea5n mi\u1ec5n ph\u00ed!","robots":{"index":"index","follow":"follow","max-snippet":"max-snippet:-1","max-image-preview":"max-image-preview:large","max-video-preview":"max-video-preview:-1"},"canonical":"https:\/\/cokhitanminh.com\/may-dong-goi\/may-co-mang-bs-400x200-co-dong-ho-bao-nhiet-tmdg-b34\/","og_locale":"vi_VN","og_type":"article","og_title":"M\u00e1y co m\u00e0ng BS 400x200 c\u00f3 \u0111\u1ed3ng h\u1ed3 b\u00e1o nhi\u1ec7t (TM\u0110G-B34) - M\u00c1Y \u0110\u00d3NG G\u00d3I T\u00c2N MINH","og_description":"M\u00e1y co m\u00e0ng BS 400x200 c\u00f3 \u0111\u1ed3ng h\u1ed3 b\u00e1o nhi\u1ec7t - Gi\u00e1 r\u1ebb - uy t\u00edn ch\u1ea5t l\u01b0\u1ee3ng Li\u00ean h\u1ec7 Hotline 1: 1900 2861 | Hotline 2: 09 67 68 69 11 \u0110\u1ec3 \u0111\u01b0\u1ee3c t\u01b0 v\u1ea5n mi\u1ec5n ph\u00ed!","og_url":"https:\/\/cokhitanminh.com\/may-dong-goi\/may-co-mang-bs-400x200-co-dong-ho-bao-nhiet-tmdg-b34\/","og_site_name":"M\u00c1Y \u0110\u00d3NG G\u00d3I T\u00c2N MINH","article_modified_time":"2021-12-29T07:25:08+00:00","og_image":[{"width":2076,"height":2076,"url":"https:\/\/cokhitanminh.com\/may-dong-goi\/wp-content\/uploads\/2021\/12\/may-co-mang-bs-400x200-co-dong-ho-bao-nhiet-tmdg-b34-01-cokhitanminhcommdg.jpg","type":"image\/jpeg"}],"twitter_card":"summary_large_image","twitter_misc":{"\u01af\u1edbc t\u00ednh th\u1eddi gian \u0111\u1ecdc":"3 ph\u00fat"},"schema":{"@context":"https:\/\/schema.org","@graph":[{"@type":"WebSite","@id":"https:\/\/cokhitanminh.com\/may-dong-goi\/#website","url":"https:\/\/cokhitanminh.com\/may-dong-goi\/","name":"M\u00c1Y \u0110\u00d3NG G\u00d3I T\u00c2N MINH","description":"Chuy\u00ean gia m\u00e1y \u0111\u00f3ng g\u00f3i","potentialAction":[{"@type":"SearchAction","target":{"@type":"EntryPoint","urlTemplate":"https:\/\/cokhitanminh.com\/may-dong-goi\/?s={search_term_string}"},"query-input":"required name=search_term_string"}],"inLanguage":"vi"},{"@type":"ImageObject","@id":"https:\/\/cokhitanminh.com\/may-dong-goi\/may-co-mang-bs-400x200-co-dong-ho-bao-nhiet-tmdg-b34\/#primaryimage","inLanguage":"vi","url":"https:\/\/cokhitanminh.com\/may-dong-goi\/wp-content\/uploads\/2021\/12\/may-co-mang-bs-400x200-co-dong-ho-bao-nhiet-tmdg-b34-01-cokhitanminhcommdg.jpg","contentUrl":"https:\/\/cokhitanminh.com\/may-dong-goi\/wp-content\/uploads\/2021\/12\/may-co-mang-bs-400x200-co-dong-ho-bao-nhiet-tmdg-b34-01-cokhitanminhcommdg.jpg","width":2076,"height":2076,"caption":"M\u00c1Y CO M\u00c0NG BS 400\u00d7200 C\u00d3 \u0110\u1ed2NG H\u1ed2 B\u00c1O NHI\u1ec6T (TM\u0110G-B34)"},{"@type":"WebPage","@id":"https:\/\/cokhitanminh.com\/may-dong-goi\/may-co-mang-bs-400x200-co-dong-ho-bao-nhiet-tmdg-b34\/#webpage","url":"https:\/\/cokhitanminh.com\/may-dong-goi\/may-co-mang-bs-400x200-co-dong-ho-bao-nhiet-tmdg-b34\/","name":"M\u00e1y co m\u00e0ng BS 400x200 c\u00f3 \u0111\u1ed3ng h\u1ed3 b\u00e1o nhi\u1ec7t (TM\u0110G-B34) - M\u00c1Y \u0110\u00d3NG G\u00d3I T\u00c2N MINH","isPartOf":{"@id":"https:\/\/cokhitanminh.com\/may-dong-goi\/#website"},"primaryImageOfPage":{"@id":"https:\/\/cokhitanminh.com\/may-dong-goi\/may-co-mang-bs-400x200-co-dong-ho-bao-nhiet-tmdg-b34\/#primaryimage"},"datePublished":"2021-12-04T03:51:36+00:00","dateModified":"2021-12-29T07:25:08+00:00","description":"M\u00e1y co m\u00e0ng BS 400x200 c\u00f3 \u0111\u1ed3ng h\u1ed3 b\u00e1o nhi\u1ec7t - Gi\u00e1 r\u1ebb - uy t\u00edn ch\u1ea5t l\u01b0\u1ee3ng Li\u00ean h\u1ec7 Hotline 1: 1900 2861 | Hotline 2: 09 67 68 69 11 \u0110\u1ec3 \u0111\u01b0\u1ee3c t\u01b0 v\u1ea5n mi\u1ec5n ph\u00ed!","breadcrumb":{"@id":"https:\/\/cokhitanminh.com\/may-dong-goi\/may-co-mang-bs-400x200-co-dong-ho-bao-nhiet-tmdg-b34\/#breadcrumb"},"inLanguage":"vi","potentialAction":[{"@type":"ReadAction","target":["https:\/\/cokhitanminh.com\/may-dong-goi\/may-co-mang-bs-400x200-co-dong-ho-bao-nhiet-tmdg-b34\/"]}]},{"@type":"BreadcrumbList","@id":"https:\/\/cokhitanminh.com\/may-dong-goi\/may-co-mang-bs-400x200-co-dong-ho-bao-nhiet-tmdg-b34\/#breadcrumb","itemListElement":[{"@type":"ListItem","position":1,"name":"Trang ch\u1ee7","item":"https:\/\/cokhitanminh.com\/may-dong-goi\/"},{"@type":"ListItem","position":2,"name":"C\u1eeda h\u00e0ng","item":"https:\/\/cokhitanminh.com\/may-dong-goi\/mua\/"},{"@type":"ListItem","position":3,"name":"M\u00e1y co m\u00e0ng BS 400&#215;200 c\u00f3 \u0111\u1ed3ng h\u1ed3 b\u00e1o nhi\u1ec7t (TM\u0110G-B34)"}]}]}},"_links":{"self":[{"href":"https:\/\/cokhitanminh.com\/may-dong-goi\/wp-json\/wp\/v2\/product\/3314","targetHints":{"allow":["GET"]}}],"collection":[{"href":"https:\/\/cokhitanminh.com\/may-dong-goi\/wp-json\/wp\/v2\/product"}],"about":[{"href":"https:\/\/cokhitanminh.com\/may-dong-goi\/wp-json\/wp\/v2\/types\/product"}],"replies":[{"embeddable":true,"href":"https:\/\/cokhitanminh.com\/may-dong-goi\/wp-json\/wp\/v2\/comments?post=3314"}],"wp:featuredmedia":[{"embeddable":true,"href":"https:\/\/cokhitanminh.com\/may-dong-goi\/wp-json\/wp\/v2\/media\/6474"}],"wp:attachment":[{"href":"https:\/\/cokhitanminh.com\/may-dong-goi\/wp-json\/wp\/v2\/media?parent=3314"}],"curies":[{"name":"wp","href":"https:\/\/api.w.org\/{rel}","templated":true}]}}