{"id":3241,"date":"2021-12-04T03:49:45","date_gmt":"2021-12-04T03:49:45","guid":{"rendered":"https:\/\/cokhitanminh.com\/may-dong-goi\/?post_type=product&#038;p=3241"},"modified":"2021-12-25T03:12:43","modified_gmt":"2021-12-25T03:12:43","slug":"may-say-va-tao-khi-nito-luu-luong-5m3-h-tmdg-a30","status":"publish","type":"product","link":"https:\/\/cokhitanminh.com\/may-dong-goi\/may-say-va-tao-khi-nito-luu-luong-5m3-h-tmdg-a30\/","title":{"rendered":"M\u00e1y s\u1ea5y v\u00e0 t\u1ea1o kh\u00ed Nito l\u01b0u l\u01b0\u1ee3ng 5m3\/h (TM\u0110G-A30)"},"content":{"rendered":"<h3><strong><a href=\"https:\/\/cokhitanminh.com\/may-dong-goi\/may-say-va-tao-khi-nito-luu-luong-5m3-h-tmdg-a30\/\"><em>M\u00e1y s\u1ea5y v\u00e0 t\u1ea1o kh\u00ed Nito l\u01b0u l\u01b0\u1ee3ng 5m3\/h<\/em><\/a> (TM\u0110G-A30)<\/strong><\/h3>\n<p><em><strong>M\u00e1y<\/strong><\/em> <em><strong>s\u1ea5y v\u00e0 t\u1ea1o kh\u00ed Nito l\u01b0u l\u01b0\u1ee3ng 5m3\/h<\/strong><\/em> (TM\u0110G-A30) \u0111\u01b0\u1ee3c nghi\u00ean c\u1ee9u s\u1ea3n xu\u1ea5t v\u00e0 ph\u00e2n ph\u1ed1i tr\u00ean to\u00e0n qu\u1ed1c. T\u1ea5t c\u1ea3 c\u00e1c s\u1ea3n ph\u1ea9m c\u1ee7a ch\u00fang t\u00f4i \u0111\u1ec1u \u0111\u01b0\u1ee3c ki\u1ec3m tra k\u1ef9 l\u01b0\u1ee1ng v\u00e0 v\u1eadn h\u00e0nh th\u1ef1c t\u1ebf \u0111\u1ec3 lu\u00f4n \u0111\u1ea3m b\u1ea3o ch\u1ea5t l\u01b0\u1ee3ng t\u1ed1t nh\u1ea5t tr\u01b0\u1edbc khi b\u00e0n giao thi\u1ebft b\u1ecb cho kh\u00e1ch h\u00e0ng.<\/p>\n<p style=\"text-align: justify;\"><strong>Th\u00f4ng s\u1ed1 k\u1ef9 thu\u1eadt:<\/strong><\/p>\n<p style=\"text-align: justify;\">&#8211; Model: TM\u0110G-A30<\/p>\n<ol style=\"text-align: justify;\">\n<li><strong>M\u00e1y s\u1ea5y kh\u00ed nito<\/strong><\/li>\n<\/ol>\n<p style=\"text-align: justify;\">&#8211; \u0110i\u1ec7n \u00e1p : 220v\/50hz<\/p>\n<p style=\"text-align: justify;\">&#8211; C\u00f4ng su\u1ea5t: 0.6kw<\/p>\n<p style=\"text-align: justify;\">&#8211; L\u01b0\u1ee3ng kh\u00ed ti\u00eau th\u1ee5: 1.5 m3\/ ph\u00fat<\/p>\n<p style=\"text-align: justify;\">&#8211; \u00c1p su\u1ea5t: &lt;0.1 mpa<\/p>\n<p style=\"text-align: justify;\">&#8211; Nhi\u1ec7t \u0111\u1ed9 kh\u00ed: &lt; 80 \u0111\u1ed9<\/p>\n<p style=\"text-align: justify;\">&#8211; K\u00edch th\u01b0\u1edbc m\u00e1y: 670 x 420 x 650 mm<\/p>\n<ol style=\"text-align: justify;\" start=\"2\">\n<li><strong>M\u00e1y t\u1ea1o kh\u00ed nito<\/strong><\/li>\n<\/ol>\n<p style=\"text-align: justify;\">&#8211; \u0110i\u1ec7n \u00e1p 220v\/50hz<\/p>\n<p style=\"text-align: justify;\">&#8211; C\u00f4ng su\u1ea5t: &lt; 300w<\/p>\n<p style=\"text-align: justify;\">&#8211; L\u01b0\u1ee3ng sx kh\u00ed nit\u01a1: 5 m3\/h<\/p>\n<p style=\"text-align: justify;\">&#8211; \u0110\u1ed9 tinh khi\u1ebft c\u1ee7a kh\u00ed: 99% &#8211; 99.99%<\/p>\n<p style=\"text-align: justify;\">&#8211; \u00c1p su\u1ea5t ngu\u1ed3n c\u1ea5p kh\u00ed: &gt;0.8mpa<\/p>\n<p style=\"text-align: justify;\">&#8211; \u00c1p su\u00e1t t\u1ea1o kh\u00ed: &lt;0,65mpa<\/p>\n<p style=\"text-align: justify;\">&#8211; Tr\u1ecdng l\u01b0\u1ee3ng: 121 Kg<\/p>\n<p style=\"text-align: justify;\">&#8211; K\u00edch th\u01b0\u1edbc: 1650 x 950 x 860 mm<\/p>\n<p style=\"text-align: justify;\">&#8211; B\u1ea3o h\u00e0nh: 12 th\u00e1ng<\/p>\n<p style=\"text-align: justify;\">Ch\u00fa \u00fd:<\/p>\n<p style=\"text-align: justify;\">&#8211; V\u1edbi m\u00e1y t\u1ea1o kh\u00ed nito khi c\u1ea5p ngu\u1ed3n kh\u00ed \u0111\u1ea7u v\u00e0o ph\u1ea3i lo\u1ea1i b\u1ecf h\u01a1i n\u01b0\u1edbc, lo\u1ea1i b\u1ecf h\u01a1i d\u1ea7u v\u00e0 c\u00e1c lo\u1ea1i t\u1ea1p ch\u1ea5t\u2026<\/p>\n<p style=\"text-align: justify;\">&#8211; D\u00f9ng k\u1ebft h\u1ee3p v\u1edbi m\u00e1y n\u00e9n kh\u00ed c\u00f3 l\u01b0u l\u01b0\u1ee3ng kh\u00ed th\u1ea5p nh\u1ea5t 1000 l\/ph\u00fat<\/p>\n<p><strong>H\u00ecnh \u1ea3nh s\u1ea3n ph\u1ea9m:<\/strong><\/p>\n<p><a href=\"https:\/\/cokhitanminh.com\/may-dong-goi\/wp-content\/uploads\/2021\/12\/may-say-va-tao-khi-nito-luu-luong-5m3h-tmdg-a30-2-cokhitanminhcommdg.jpg\"><img loading=\"lazy\" decoding=\"async\" class=\"size-full wp-image-5961 aligncenter\" src=\"https:\/\/cokhitanminh.com\/may-dong-goi\/wp-content\/uploads\/2021\/12\/may-say-va-tao-khi-nito-luu-luong-5m3h-tmdg-a30-2-cokhitanminhcommdg.jpg\" alt=\"\" width=\"750\" height=\"375\" srcset=\"https:\/\/cokhitanminh.com\/may-dong-goi\/wp-content\/uploads\/2021\/12\/may-say-va-tao-khi-nito-luu-luong-5m3h-tmdg-a30-2-cokhitanminhcommdg.jpg 750w, https:\/\/cokhitanminh.com\/may-dong-goi\/wp-content\/uploads\/2021\/12\/may-say-va-tao-khi-nito-luu-luong-5m3h-tmdg-a30-2-cokhitanminhcommdg-300x150.jpg 300w, https:\/\/cokhitanminh.com\/may-dong-goi\/wp-content\/uploads\/2021\/12\/may-say-va-tao-khi-nito-luu-luong-5m3h-tmdg-a30-2-cokhitanminhcommdg-600x300.jpg 600w\" sizes=\"auto, (max-width: 750px) 100vw, 750px\" \/><\/a><\/p>\n<p><a href=\"https:\/\/cokhitanminh.com\/may-dong-goi\/wp-content\/uploads\/2021\/12\/may-say-va-tao-khi-nito-luu-luong-5m3h-tmdg-a30-3-cokhitanminhcommdg.jpg\"><img loading=\"lazy\" decoding=\"async\" class=\"size-large wp-image-5962 aligncenter\" src=\"https:\/\/cokhitanminh.com\/may-dong-goi\/wp-content\/uploads\/2021\/12\/may-say-va-tao-khi-nito-luu-luong-5m3h-tmdg-a30-3-cokhitanminhcommdg.jpg\" alt=\"\" width=\"500\" height=\"500\" srcset=\"https:\/\/cokhitanminh.com\/may-dong-goi\/wp-content\/uploads\/2021\/12\/may-say-va-tao-khi-nito-luu-luong-5m3h-tmdg-a30-3-cokhitanminhcommdg.jpg 500w, https:\/\/cokhitanminh.com\/may-dong-goi\/wp-content\/uploads\/2021\/12\/may-say-va-tao-khi-nito-luu-luong-5m3h-tmdg-a30-3-cokhitanminhcommdg-300x300.jpg 300w, https:\/\/cokhitanminh.com\/may-dong-goi\/wp-content\/uploads\/2021\/12\/may-say-va-tao-khi-nito-luu-luong-5m3h-tmdg-a30-3-cokhitanminhcommdg-150x150.jpg 150w, https:\/\/cokhitanminh.com\/may-dong-goi\/wp-content\/uploads\/2021\/12\/may-say-va-tao-khi-nito-luu-luong-5m3h-tmdg-a30-3-cokhitanminhcommdg-100x100.jpg 100w\" sizes=\"auto, (max-width: 500px) 100vw, 500px\" \/><\/a><\/p>\n<p><a href=\"https:\/\/cokhitanminh.com\/may-dong-goi\/wp-content\/uploads\/2021\/12\/may-say-va-tao-khi-nito-luu-luong-5m3h-tmdg-a30-4-cokhitanminhcommdg.jpg\"><img loading=\"lazy\" decoding=\"async\" class=\"size-large wp-image-5963 aligncenter\" src=\"https:\/\/cokhitanminh.com\/may-dong-goi\/wp-content\/uploads\/2021\/12\/may-say-va-tao-khi-nito-luu-luong-5m3h-tmdg-a30-4-cokhitanminhcommdg.jpg\" alt=\"\" width=\"550\" height=\"417\" srcset=\"https:\/\/cokhitanminh.com\/may-dong-goi\/wp-content\/uploads\/2021\/12\/may-say-va-tao-khi-nito-luu-luong-5m3h-tmdg-a30-4-cokhitanminhcommdg.jpg 550w, https:\/\/cokhitanminh.com\/may-dong-goi\/wp-content\/uploads\/2021\/12\/may-say-va-tao-khi-nito-luu-luong-5m3h-tmdg-a30-4-cokhitanminhcommdg-300x227.jpg 300w\" sizes=\"auto, (max-width: 550px) 100vw, 550px\" \/><\/a><\/p>\n<p><a href=\"https:\/\/cokhitanminh.com\/may-dong-goi\/wp-content\/uploads\/2021\/12\/may-say-va-tao-khi-nito-luu-luong-5m3h-tmdg-a30-5-cokhitanminhcommdg.jpg\"><img loading=\"lazy\" decoding=\"async\" class=\"size-large wp-image-5964 aligncenter\" src=\"https:\/\/cokhitanminh.com\/may-dong-goi\/wp-content\/uploads\/2021\/12\/may-say-va-tao-khi-nito-luu-luong-5m3h-tmdg-a30-5-cokhitanminhcommdg.jpg\" alt=\"\" width=\"550\" height=\"413\" srcset=\"https:\/\/cokhitanminh.com\/may-dong-goi\/wp-content\/uploads\/2021\/12\/may-say-va-tao-khi-nito-luu-luong-5m3h-tmdg-a30-5-cokhitanminhcommdg.jpg 550w, https:\/\/cokhitanminh.com\/may-dong-goi\/wp-content\/uploads\/2021\/12\/may-say-va-tao-khi-nito-luu-luong-5m3h-tmdg-a30-5-cokhitanminhcommdg-300x225.jpg 300w\" sizes=\"auto, (max-width: 550px) 100vw, 550px\" \/><\/a><\/p>\n<p><a href=\"https:\/\/cokhitanminh.com\/may-dong-goi\/wp-content\/uploads\/2021\/12\/may-say-va-tao-khi-nito-luu-luong-5m3h-tmdg-a30-6-cokhitanminhcommdg.jpg\"><img loading=\"lazy\" decoding=\"async\" class=\"size-large wp-image-5965 aligncenter\" src=\"https:\/\/cokhitanminh.com\/may-dong-goi\/wp-content\/uploads\/2021\/12\/may-say-va-tao-khi-nito-luu-luong-5m3h-tmdg-a30-6-cokhitanminhcommdg.jpg\" alt=\"\" width=\"550\" height=\"413\" srcset=\"https:\/\/cokhitanminh.com\/may-dong-goi\/wp-content\/uploads\/2021\/12\/may-say-va-tao-khi-nito-luu-luong-5m3h-tmdg-a30-6-cokhitanminhcommdg.jpg 550w, https:\/\/cokhitanminh.com\/may-dong-goi\/wp-content\/uploads\/2021\/12\/may-say-va-tao-khi-nito-luu-luong-5m3h-tmdg-a30-6-cokhitanminhcommdg-300x225.jpg 300w\" sizes=\"auto, (max-width: 550px) 100vw, 550px\" \/><\/a><\/p>\n<p><a href=\"https:\/\/cokhitanminh.com\/may-dong-goi\/wp-content\/uploads\/2021\/12\/may-say-va-tao-khi-nito-luu-luong-5m3h-tmdg-a30-7-cokhitanminhcommdg.jpg\"><img loading=\"lazy\" decoding=\"async\" class=\"size-large wp-image-5966 aligncenter\" src=\"https:\/\/cokhitanminh.com\/may-dong-goi\/wp-content\/uploads\/2021\/12\/may-say-va-tao-khi-nito-luu-luong-5m3h-tmdg-a30-7-cokhitanminhcommdg.jpg\" alt=\"\" width=\"550\" height=\"413\" srcset=\"https:\/\/cokhitanminh.com\/may-dong-goi\/wp-content\/uploads\/2021\/12\/may-say-va-tao-khi-nito-luu-luong-5m3h-tmdg-a30-7-cokhitanminhcommdg.jpg 550w, https:\/\/cokhitanminh.com\/may-dong-goi\/wp-content\/uploads\/2021\/12\/may-say-va-tao-khi-nito-luu-luong-5m3h-tmdg-a30-7-cokhitanminhcommdg-300x225.jpg 300w\" sizes=\"auto, (max-width: 550px) 100vw, 550px\" \/><\/a><\/p>\n<p><a href=\"https:\/\/cokhitanminh.com\/may-dong-goi\/wp-content\/uploads\/2021\/12\/may-say-va-tao-khi-nito-luu-luong-5m3h-tmdg-a30-8-cokhitanminhcommdg.jpg\"><img loading=\"lazy\" decoding=\"async\" class=\"size-large wp-image-5967 aligncenter\" src=\"https:\/\/cokhitanminh.com\/may-dong-goi\/wp-content\/uploads\/2021\/12\/may-say-va-tao-khi-nito-luu-luong-5m3h-tmdg-a30-8-cokhitanminhcommdg.jpg\" alt=\"\" width=\"550\" height=\"413\" srcset=\"https:\/\/cokhitanminh.com\/may-dong-goi\/wp-content\/uploads\/2021\/12\/may-say-va-tao-khi-nito-luu-luong-5m3h-tmdg-a30-8-cokhitanminhcommdg.jpg 550w, https:\/\/cokhitanminh.com\/may-dong-goi\/wp-content\/uploads\/2021\/12\/may-say-va-tao-khi-nito-luu-luong-5m3h-tmdg-a30-8-cokhitanminhcommdg-300x225.jpg 300w\" sizes=\"auto, (max-width: 550px) 100vw, 550px\" \/><\/a><\/p>\n<p><a href=\"https:\/\/cokhitanminh.com\/may-dong-goi\/wp-content\/uploads\/2021\/12\/may-say-va-tao-khi-nito-luu-luong-5m3h-tmdg-a30-9-cokhitanminhcommdg.jpg\"><img loading=\"lazy\" decoding=\"async\" class=\"size-large wp-image-5968 aligncenter\" src=\"https:\/\/cokhitanminh.com\/may-dong-goi\/wp-content\/uploads\/2021\/12\/may-say-va-tao-khi-nito-luu-luong-5m3h-tmdg-a30-9-cokhitanminhcommdg.jpg\" alt=\"\" width=\"550\" height=\"413\" srcset=\"https:\/\/cokhitanminh.com\/may-dong-goi\/wp-content\/uploads\/2021\/12\/may-say-va-tao-khi-nito-luu-luong-5m3h-tmdg-a30-9-cokhitanminhcommdg.jpg 550w, https:\/\/cokhitanminh.com\/may-dong-goi\/wp-content\/uploads\/2021\/12\/may-say-va-tao-khi-nito-luu-luong-5m3h-tmdg-a30-9-cokhitanminhcommdg-300x225.jpg 300w\" sizes=\"auto, (max-width: 550px) 100vw, 550px\" \/><\/a><\/p>\n<p><a href=\"https:\/\/cokhitanminh.com\/may-dong-goi\/wp-content\/uploads\/2021\/12\/may-say-va-tao-khi-nito-luu-luong-5m3h-tmdg-a30-10-cokhitanminhcommdg.jpg\"><img loading=\"lazy\" decoding=\"async\" class=\"size-large wp-image-5969 aligncenter\" src=\"https:\/\/cokhitanminh.com\/may-dong-goi\/wp-content\/uploads\/2021\/12\/may-say-va-tao-khi-nito-luu-luong-5m3h-tmdg-a30-10-cokhitanminhcommdg.jpg\" alt=\"\" width=\"600\" height=\"461\" srcset=\"https:\/\/cokhitanminh.com\/may-dong-goi\/wp-content\/uploads\/2021\/12\/may-say-va-tao-khi-nito-luu-luong-5m3h-tmdg-a30-10-cokhitanminhcommdg.jpg 600w, https:\/\/cokhitanminh.com\/may-dong-goi\/wp-content\/uploads\/2021\/12\/may-say-va-tao-khi-nito-luu-luong-5m3h-tmdg-a30-10-cokhitanminhcommdg-300x231.jpg 300w\" sizes=\"auto, (max-width: 600px) 100vw, 600px\" \/><\/a><\/p>\n<p>&nbsp;<\/p>\n<p style=\"text-align: justify;\">\u0110\u1ec3 bi\u1ebft th\u00eam th\u00f4ng tin v\u1ec1 s\u1ea3n ph\u1ea9m\u00a0<em><strong>M\u00e1y s\u1ea5y v\u00e0 t\u1ea1o kh\u00ed Nito l\u01b0u l\u01b0\u1ee3ng 5m3\/h<\/strong><\/em>\u00a0xin vui l\u00f2ng li\u00ean h\u1ec7 1900.2861<\/p>\n","protected":false},"excerpt":{"rendered":"<p>M\u00e1y s\u1ea5y v\u00e0 t\u1ea1o kh\u00ed Nito l\u01b0u l\u01b0\u1ee3ng 5m3\/h (TM\u0110G-A30) M\u00e1y s\u1ea5y v\u00e0 t\u1ea1o kh\u00ed Nito l\u01b0u l\u01b0\u1ee3ng 5m3\/h (TM\u0110G-A30) \u0111\u01b0\u1ee3c nghi\u00ean c\u1ee9u s\u1ea3n xu\u1ea5t v\u00e0 ph\u00e2n ph\u1ed1i tr\u00ean to\u00e0n qu\u1ed1c. T\u1ea5t c\u1ea3 c\u00e1c s\u1ea3n ph\u1ea9m c\u1ee7a ch\u00fang t\u00f4i \u0111\u1ec1u \u0111\u01b0\u1ee3c ki\u1ec3m tra k\u1ef9 l\u01b0\u1ee1ng v\u00e0 v\u1eadn h\u00e0nh th\u1ef1c t\u1ebf \u0111\u1ec3 lu\u00f4n \u0111\u1ea3m b\u1ea3o ch\u1ea5t &#8230;<\/p>\n","protected":false},"featured_media":5977,"comment_status":"open","ping_status":"closed","template":"","meta":[],"class_list":{"0":"post-3241","1":"product","2":"type-product","3":"status-publish","4":"has-post-thumbnail","6":"product_cat-may-han-mieng-tui","8":"first","9":"instock","10":"shipping-taxable","11":"purchasable","12":"product-type-simple"},"brands":[],"yoast_head":"<!-- This site is optimized with the Yoast SEO plugin v17.6 - https:\/\/yoast.com\/wordpress\/plugins\/seo\/ -->\n<title>M\u00e1y s\u1ea5y v\u00e0 t\u1ea1o kh\u00ed Nito l\u01b0u l\u01b0\u1ee3ng 5m3\/h (TM\u0110G-A30) - M\u00c1Y \u0110\u00d3NG G\u00d3I T\u00c2N MINH<\/title>\n<meta name=\"description\" content=\"M\u00e1y s\u1ea5y v\u00e0 t\u1ea1o kh\u00ed Nito l\u01b0u l\u01b0\u1ee3ng 5m3\/h - Gi\u00e1 r\u1ebb - uy t\u00edn ch\u1ea5t l\u01b0\u1ee3ng Li\u00ean h\u1ec7 Hotline 1: 1900 2861 | Hotline 2: 09 67 68 69 11 \u0110\u1ec3 \u0111\u01b0\u1ee3c t\u01b0 v\u1ea5n mi\u1ec5n ph\u00ed!\" \/>\n<meta name=\"robots\" content=\"index, follow, max-snippet:-1, max-image-preview:large, max-video-preview:-1\" \/>\n<link rel=\"canonical\" href=\"https:\/\/cokhitanminh.com\/may-dong-goi\/may-say-va-tao-khi-nito-luu-luong-5m3-h-tmdg-a30\/\" \/>\n<meta property=\"og:locale\" content=\"vi_VN\" \/>\n<meta property=\"og:type\" content=\"article\" \/>\n<meta property=\"og:title\" content=\"M\u00e1y s\u1ea5y v\u00e0 t\u1ea1o kh\u00ed Nito l\u01b0u l\u01b0\u1ee3ng 5m3\/h (TM\u0110G-A30) - M\u00c1Y \u0110\u00d3NG G\u00d3I T\u00c2N MINH\" \/>\n<meta property=\"og:description\" content=\"M\u00e1y s\u1ea5y v\u00e0 t\u1ea1o kh\u00ed Nito l\u01b0u l\u01b0\u1ee3ng 5m3\/h - Gi\u00e1 r\u1ebb - uy t\u00edn ch\u1ea5t l\u01b0\u1ee3ng Li\u00ean h\u1ec7 Hotline 1: 1900 2861 | Hotline 2: 09 67 68 69 11 \u0110\u1ec3 \u0111\u01b0\u1ee3c t\u01b0 v\u1ea5n mi\u1ec5n ph\u00ed!\" \/>\n<meta property=\"og:url\" content=\"https:\/\/cokhitanminh.com\/may-dong-goi\/may-say-va-tao-khi-nito-luu-luong-5m3-h-tmdg-a30\/\" \/>\n<meta property=\"og:site_name\" content=\"M\u00c1Y \u0110\u00d3NG G\u00d3I T\u00c2N MINH\" \/>\n<meta property=\"article:modified_time\" content=\"2021-12-25T03:12:43+00:00\" \/>\n<meta property=\"og:image\" content=\"https:\/\/cokhitanminh.com\/may-dong-goi\/wp-content\/uploads\/2021\/12\/may-say-va-tao-khi-nito-luu-luong-5m3h-tmdg-a30-1-cokhitanminhcommdg-1.jpg\" \/>\n\t<meta property=\"og:image:width\" content=\"500\" \/>\n\t<meta property=\"og:image:height\" content=\"500\" \/>\n<meta name=\"twitter:card\" content=\"summary_large_image\" \/>\n<meta name=\"twitter:label1\" content=\"\u01af\u1edbc t\u00ednh th\u1eddi gian \u0111\u1ecdc\" \/>\n\t<meta name=\"twitter:data1\" content=\"3 ph\u00fat\" \/>\n<script type=\"application\/ld+json\" class=\"yoast-schema-graph\">{\"@context\":\"https:\/\/schema.org\",\"@graph\":[{\"@type\":\"WebSite\",\"@id\":\"https:\/\/cokhitanminh.com\/may-dong-goi\/#website\",\"url\":\"https:\/\/cokhitanminh.com\/may-dong-goi\/\",\"name\":\"M\\u00c1Y \\u0110\\u00d3NG G\\u00d3I T\\u00c2N MINH\",\"description\":\"Chuy\\u00ean gia m\\u00e1y \\u0111\\u00f3ng g\\u00f3i\",\"potentialAction\":[{\"@type\":\"SearchAction\",\"target\":{\"@type\":\"EntryPoint\",\"urlTemplate\":\"https:\/\/cokhitanminh.com\/may-dong-goi\/?s={search_term_string}\"},\"query-input\":\"required name=search_term_string\"}],\"inLanguage\":\"vi\"},{\"@type\":\"ImageObject\",\"@id\":\"https:\/\/cokhitanminh.com\/may-dong-goi\/may-say-va-tao-khi-nito-luu-luong-5m3-h-tmdg-a30\/#primaryimage\",\"inLanguage\":\"vi\",\"url\":\"https:\/\/cokhitanminh.com\/may-dong-goi\/wp-content\/uploads\/2021\/12\/may-say-va-tao-khi-nito-luu-luong-5m3h-tmdg-a30-1-cokhitanminhcommdg-1.jpg\",\"contentUrl\":\"https:\/\/cokhitanminh.com\/may-dong-goi\/wp-content\/uploads\/2021\/12\/may-say-va-tao-khi-nito-luu-luong-5m3h-tmdg-a30-1-cokhitanminhcommdg-1.jpg\",\"width\":500,\"height\":500,\"caption\":\"M\\u00c1Y S\\u1ea4Y V\\u00c0 T\\u1ea0O KH\\u00cd NITO L\\u01afU L\\u01af\\u1ee2NG 5M3\/H (TM\\u0110G-A30)\"},{\"@type\":\"WebPage\",\"@id\":\"https:\/\/cokhitanminh.com\/may-dong-goi\/may-say-va-tao-khi-nito-luu-luong-5m3-h-tmdg-a30\/#webpage\",\"url\":\"https:\/\/cokhitanminh.com\/may-dong-goi\/may-say-va-tao-khi-nito-luu-luong-5m3-h-tmdg-a30\/\",\"name\":\"M\\u00e1y s\\u1ea5y v\\u00e0 t\\u1ea1o kh\\u00ed Nito l\\u01b0u l\\u01b0\\u1ee3ng 5m3\/h (TM\\u0110G-A30) - M\\u00c1Y \\u0110\\u00d3NG G\\u00d3I T\\u00c2N MINH\",\"isPartOf\":{\"@id\":\"https:\/\/cokhitanminh.com\/may-dong-goi\/#website\"},\"primaryImageOfPage\":{\"@id\":\"https:\/\/cokhitanminh.com\/may-dong-goi\/may-say-va-tao-khi-nito-luu-luong-5m3-h-tmdg-a30\/#primaryimage\"},\"datePublished\":\"2021-12-04T03:49:45+00:00\",\"dateModified\":\"2021-12-25T03:12:43+00:00\",\"description\":\"M\\u00e1y s\\u1ea5y v\\u00e0 t\\u1ea1o kh\\u00ed Nito l\\u01b0u l\\u01b0\\u1ee3ng 5m3\/h - Gi\\u00e1 r\\u1ebb - uy t\\u00edn ch\\u1ea5t l\\u01b0\\u1ee3ng Li\\u00ean h\\u1ec7 Hotline 1: 1900 2861 | Hotline 2: 09 67 68 69 11 \\u0110\\u1ec3 \\u0111\\u01b0\\u1ee3c t\\u01b0 v\\u1ea5n mi\\u1ec5n ph\\u00ed!\",\"breadcrumb\":{\"@id\":\"https:\/\/cokhitanminh.com\/may-dong-goi\/may-say-va-tao-khi-nito-luu-luong-5m3-h-tmdg-a30\/#breadcrumb\"},\"inLanguage\":\"vi\",\"potentialAction\":[{\"@type\":\"ReadAction\",\"target\":[\"https:\/\/cokhitanminh.com\/may-dong-goi\/may-say-va-tao-khi-nito-luu-luong-5m3-h-tmdg-a30\/\"]}]},{\"@type\":\"BreadcrumbList\",\"@id\":\"https:\/\/cokhitanminh.com\/may-dong-goi\/may-say-va-tao-khi-nito-luu-luong-5m3-h-tmdg-a30\/#breadcrumb\",\"itemListElement\":[{\"@type\":\"ListItem\",\"position\":1,\"name\":\"Trang ch\\u1ee7\",\"item\":\"https:\/\/cokhitanminh.com\/may-dong-goi\/\"},{\"@type\":\"ListItem\",\"position\":2,\"name\":\"C\\u1eeda h\\u00e0ng\",\"item\":\"https:\/\/cokhitanminh.com\/may-dong-goi\/mua\/\"},{\"@type\":\"ListItem\",\"position\":3,\"name\":\"M\\u00e1y s\\u1ea5y v\\u00e0 t\\u1ea1o kh\\u00ed Nito l\\u01b0u l\\u01b0\\u1ee3ng 5m3\/h (TM\\u0110G-A30)\"}]}]}<\/script>\n<!-- \/ Yoast SEO plugin. -->","yoast_head_json":{"title":"M\u00e1y s\u1ea5y v\u00e0 t\u1ea1o kh\u00ed Nito l\u01b0u l\u01b0\u1ee3ng 5m3\/h (TM\u0110G-A30) - M\u00c1Y \u0110\u00d3NG G\u00d3I T\u00c2N MINH","description":"M\u00e1y s\u1ea5y v\u00e0 t\u1ea1o kh\u00ed Nito l\u01b0u l\u01b0\u1ee3ng 5m3\/h - Gi\u00e1 r\u1ebb - uy t\u00edn ch\u1ea5t l\u01b0\u1ee3ng Li\u00ean h\u1ec7 Hotline 1: 1900 2861 | Hotline 2: 09 67 68 69 11 \u0110\u1ec3 \u0111\u01b0\u1ee3c t\u01b0 v\u1ea5n mi\u1ec5n ph\u00ed!","robots":{"index":"index","follow":"follow","max-snippet":"max-snippet:-1","max-image-preview":"max-image-preview:large","max-video-preview":"max-video-preview:-1"},"canonical":"https:\/\/cokhitanminh.com\/may-dong-goi\/may-say-va-tao-khi-nito-luu-luong-5m3-h-tmdg-a30\/","og_locale":"vi_VN","og_type":"article","og_title":"M\u00e1y s\u1ea5y v\u00e0 t\u1ea1o kh\u00ed Nito l\u01b0u l\u01b0\u1ee3ng 5m3\/h (TM\u0110G-A30) - M\u00c1Y \u0110\u00d3NG G\u00d3I T\u00c2N MINH","og_description":"M\u00e1y s\u1ea5y v\u00e0 t\u1ea1o kh\u00ed Nito l\u01b0u l\u01b0\u1ee3ng 5m3\/h - Gi\u00e1 r\u1ebb - uy t\u00edn ch\u1ea5t l\u01b0\u1ee3ng Li\u00ean h\u1ec7 Hotline 1: 1900 2861 | Hotline 2: 09 67 68 69 11 \u0110\u1ec3 \u0111\u01b0\u1ee3c t\u01b0 v\u1ea5n mi\u1ec5n ph\u00ed!","og_url":"https:\/\/cokhitanminh.com\/may-dong-goi\/may-say-va-tao-khi-nito-luu-luong-5m3-h-tmdg-a30\/","og_site_name":"M\u00c1Y \u0110\u00d3NG G\u00d3I T\u00c2N MINH","article_modified_time":"2021-12-25T03:12:43+00:00","og_image":[{"width":500,"height":500,"url":"https:\/\/cokhitanminh.com\/may-dong-goi\/wp-content\/uploads\/2021\/12\/may-say-va-tao-khi-nito-luu-luong-5m3h-tmdg-a30-1-cokhitanminhcommdg-1.jpg","type":"image\/jpeg"}],"twitter_card":"summary_large_image","twitter_misc":{"\u01af\u1edbc t\u00ednh th\u1eddi gian \u0111\u1ecdc":"3 ph\u00fat"},"schema":{"@context":"https:\/\/schema.org","@graph":[{"@type":"WebSite","@id":"https:\/\/cokhitanminh.com\/may-dong-goi\/#website","url":"https:\/\/cokhitanminh.com\/may-dong-goi\/","name":"M\u00c1Y \u0110\u00d3NG G\u00d3I T\u00c2N MINH","description":"Chuy\u00ean gia m\u00e1y \u0111\u00f3ng g\u00f3i","potentialAction":[{"@type":"SearchAction","target":{"@type":"EntryPoint","urlTemplate":"https:\/\/cokhitanminh.com\/may-dong-goi\/?s={search_term_string}"},"query-input":"required name=search_term_string"}],"inLanguage":"vi"},{"@type":"ImageObject","@id":"https:\/\/cokhitanminh.com\/may-dong-goi\/may-say-va-tao-khi-nito-luu-luong-5m3-h-tmdg-a30\/#primaryimage","inLanguage":"vi","url":"https:\/\/cokhitanminh.com\/may-dong-goi\/wp-content\/uploads\/2021\/12\/may-say-va-tao-khi-nito-luu-luong-5m3h-tmdg-a30-1-cokhitanminhcommdg-1.jpg","contentUrl":"https:\/\/cokhitanminh.com\/may-dong-goi\/wp-content\/uploads\/2021\/12\/may-say-va-tao-khi-nito-luu-luong-5m3h-tmdg-a30-1-cokhitanminhcommdg-1.jpg","width":500,"height":500,"caption":"M\u00c1Y S\u1ea4Y V\u00c0 T\u1ea0O KH\u00cd NITO L\u01afU L\u01af\u1ee2NG 5M3\/H (TM\u0110G-A30)"},{"@type":"WebPage","@id":"https:\/\/cokhitanminh.com\/may-dong-goi\/may-say-va-tao-khi-nito-luu-luong-5m3-h-tmdg-a30\/#webpage","url":"https:\/\/cokhitanminh.com\/may-dong-goi\/may-say-va-tao-khi-nito-luu-luong-5m3-h-tmdg-a30\/","name":"M\u00e1y s\u1ea5y v\u00e0 t\u1ea1o kh\u00ed Nito l\u01b0u l\u01b0\u1ee3ng 5m3\/h (TM\u0110G-A30) - M\u00c1Y \u0110\u00d3NG G\u00d3I T\u00c2N MINH","isPartOf":{"@id":"https:\/\/cokhitanminh.com\/may-dong-goi\/#website"},"primaryImageOfPage":{"@id":"https:\/\/cokhitanminh.com\/may-dong-goi\/may-say-va-tao-khi-nito-luu-luong-5m3-h-tmdg-a30\/#primaryimage"},"datePublished":"2021-12-04T03:49:45+00:00","dateModified":"2021-12-25T03:12:43+00:00","description":"M\u00e1y s\u1ea5y v\u00e0 t\u1ea1o kh\u00ed Nito l\u01b0u l\u01b0\u1ee3ng 5m3\/h - Gi\u00e1 r\u1ebb - uy t\u00edn ch\u1ea5t l\u01b0\u1ee3ng Li\u00ean h\u1ec7 Hotline 1: 1900 2861 | Hotline 2: 09 67 68 69 11 \u0110\u1ec3 \u0111\u01b0\u1ee3c t\u01b0 v\u1ea5n mi\u1ec5n ph\u00ed!","breadcrumb":{"@id":"https:\/\/cokhitanminh.com\/may-dong-goi\/may-say-va-tao-khi-nito-luu-luong-5m3-h-tmdg-a30\/#breadcrumb"},"inLanguage":"vi","potentialAction":[{"@type":"ReadAction","target":["https:\/\/cokhitanminh.com\/may-dong-goi\/may-say-va-tao-khi-nito-luu-luong-5m3-h-tmdg-a30\/"]}]},{"@type":"BreadcrumbList","@id":"https:\/\/cokhitanminh.com\/may-dong-goi\/may-say-va-tao-khi-nito-luu-luong-5m3-h-tmdg-a30\/#breadcrumb","itemListElement":[{"@type":"ListItem","position":1,"name":"Trang ch\u1ee7","item":"https:\/\/cokhitanminh.com\/may-dong-goi\/"},{"@type":"ListItem","position":2,"name":"C\u1eeda h\u00e0ng","item":"https:\/\/cokhitanminh.com\/may-dong-goi\/mua\/"},{"@type":"ListItem","position":3,"name":"M\u00e1y s\u1ea5y v\u00e0 t\u1ea1o kh\u00ed Nito l\u01b0u l\u01b0\u1ee3ng 5m3\/h (TM\u0110G-A30)"}]}]}},"_links":{"self":[{"href":"https:\/\/cokhitanminh.com\/may-dong-goi\/wp-json\/wp\/v2\/product\/3241","targetHints":{"allow":["GET"]}}],"collection":[{"href":"https:\/\/cokhitanminh.com\/may-dong-goi\/wp-json\/wp\/v2\/product"}],"about":[{"href":"https:\/\/cokhitanminh.com\/may-dong-goi\/wp-json\/wp\/v2\/types\/product"}],"replies":[{"embeddable":true,"href":"https:\/\/cokhitanminh.com\/may-dong-goi\/wp-json\/wp\/v2\/comments?post=3241"}],"wp:featuredmedia":[{"embeddable":true,"href":"https:\/\/cokhitanminh.com\/may-dong-goi\/wp-json\/wp\/v2\/media\/5977"}],"wp:attachment":[{"href":"https:\/\/cokhitanminh.com\/may-dong-goi\/wp-json\/wp\/v2\/media?parent=3241"}],"curies":[{"name":"wp","href":"https:\/\/api.w.org\/{rel}","templated":true}]}}