{"id":3228,"date":"2021-12-04T03:49:22","date_gmt":"2021-12-04T03:49:22","guid":{"rendered":"https:\/\/cokhitanminh.com\/may-dong-goi\/?post_type=product&#038;p=3228"},"modified":"2023-09-09T01:54:30","modified_gmt":"2023-09-09T01:54:30","slug":"may-dan-nhan-mat-phang-tu-dong-tmdg-2t9","status":"publish","type":"product","link":"https:\/\/cokhitanminh.com\/may-dong-goi\/may-dan-nhan-mat-phang-tu-dong-tmdg-2t9\/","title":{"rendered":"M\u00e1y d\u00e1n nh\u00e3n m\u1eb7t ph\u1eb3ng t\u1ef1 \u0111\u1ed9ng (TM\u0110G-2T9)"},"content":{"rendered":"<p style=\"text-align: left;\"><a href=\"https:\/\/cokhitanminh.com\/may-dong-goi\/may-dan-nhan-mat-phang-tu-dong-tmdg-2t9\/\"><em><strong>M\u00e1y d\u00e1n nh\u00e3n m\u1eb7t ph\u1eb3ng t\u1ef1 \u0111\u1ed9ng (TM\u0110G-2T9)<\/strong><\/em><\/a> \u0111\u01b0\u1ee3c C\u00f4ng Ty C\u01a1 Kh\u00ed T\u00e2n Minh s\u1ea3n xu\u1ea5t v\u00e0 ph\u00e2n ph\u1ed1i tr\u00ean to\u00e0n qu\u1ed1c. M\u00e1y \u0111\u01b0\u1ee3c \u1ee9ng d\u1ee5ng trong l\u0129nh v\u1ef1c <strong>M\u00e1y \u0110\u00f3ng G\u00f3i<\/strong>. C\u00e1c s\u1ea3n ph\u1ea9m c\u1ee7a ch\u00fang t\u00f4i \u0111\u1ec1u \u0111\u01b0\u1ee3c ki\u1ec3m tra k\u1ef9 l\u01b0\u1ee1ng v\u00e0 v\u1eadn h\u00e0nh th\u1ef1c t\u1ebf \u0111\u1ec3 lu\u00f4n \u0111\u1ea3m b\u1ea3o ch\u1ea5t l\u01b0\u1ee3ng t\u1ed1t nh\u1ea5t tr\u01b0\u1edbc khi b\u00e0n giao thi\u1ebft b\u1ecb cho kh\u00e1ch h\u00e0ng.<\/p>\n<p style=\"text-align: center;\"><img loading=\"lazy\" decoding=\"async\" class=\"size-full wp-image-8739 aligncenter\" src=\"https:\/\/cokhitanminh.com\/may-dong-goi\/wp-content\/uploads\/2021\/12\/banner2.jpg\" alt=\"\" width=\"750\" height=\"350\" srcset=\"https:\/\/cokhitanminh.com\/may-dong-goi\/wp-content\/uploads\/2021\/12\/banner2.jpg 750w, https:\/\/cokhitanminh.com\/may-dong-goi\/wp-content\/uploads\/2021\/12\/banner2-300x140.jpg 300w, https:\/\/cokhitanminh.com\/may-dong-goi\/wp-content\/uploads\/2021\/12\/banner2-600x280.jpg 600w\" sizes=\"auto, (max-width: 750px) 100vw, 750px\" \/><\/p>\n<p style=\"text-align: left;\"><img loading=\"lazy\" decoding=\"async\" class=\"size-full wp-image-8687 aligncenter\" src=\"https:\/\/cokhitanminh.com\/may-dong-goi\/wp-content\/uploads\/2021\/12\/may-dan-nhan-mat-phang-tu-dong-tmdg-2t9-3.jpg\" alt=\"\" width=\"600\" height=\"446\" srcset=\"https:\/\/cokhitanminh.com\/may-dong-goi\/wp-content\/uploads\/2021\/12\/may-dan-nhan-mat-phang-tu-dong-tmdg-2t9-3.jpg 600w, https:\/\/cokhitanminh.com\/may-dong-goi\/wp-content\/uploads\/2021\/12\/may-dan-nhan-mat-phang-tu-dong-tmdg-2t9-3-300x223.jpg 300w\" sizes=\"auto, (max-width: 600px) 100vw, 600px\" \/><\/p>\n<p style=\"text-align: left;\"><img loading=\"lazy\" decoding=\"async\" class=\"size-full wp-image-8688 aligncenter\" src=\"https:\/\/cokhitanminh.com\/may-dong-goi\/wp-content\/uploads\/2021\/12\/may-dan-nhan-mat-phang-tu-dong-tmdg-2t9-4.jpg\" alt=\"\" width=\"600\" height=\"532\" srcset=\"https:\/\/cokhitanminh.com\/may-dong-goi\/wp-content\/uploads\/2021\/12\/may-dan-nhan-mat-phang-tu-dong-tmdg-2t9-4.jpg 600w, https:\/\/cokhitanminh.com\/may-dong-goi\/wp-content\/uploads\/2021\/12\/may-dan-nhan-mat-phang-tu-dong-tmdg-2t9-4-300x266.jpg 300w\" sizes=\"auto, (max-width: 600px) 100vw, 600px\" \/><\/p>\n<p style=\"text-align: left;\"><img loading=\"lazy\" decoding=\"async\" class=\"size-full wp-image-8689 aligncenter\" src=\"https:\/\/cokhitanminh.com\/may-dong-goi\/wp-content\/uploads\/2021\/12\/may-dan-nhan-mat-phang-tu-dong-tmdg-2t9-5.jpg\" alt=\"\" width=\"600\" height=\"336\" srcset=\"https:\/\/cokhitanminh.com\/may-dong-goi\/wp-content\/uploads\/2021\/12\/may-dan-nhan-mat-phang-tu-dong-tmdg-2t9-5.jpg 600w, https:\/\/cokhitanminh.com\/may-dong-goi\/wp-content\/uploads\/2021\/12\/may-dan-nhan-mat-phang-tu-dong-tmdg-2t9-5-300x168.jpg 300w\" sizes=\"auto, (max-width: 600px) 100vw, 600px\" \/><\/p>\n<p style=\"text-align: left;\"><img loading=\"lazy\" decoding=\"async\" class=\"size-full wp-image-8690 aligncenter\" src=\"https:\/\/cokhitanminh.com\/may-dong-goi\/wp-content\/uploads\/2021\/12\/may-dan-nhan-mat-phang-tu-dong-tmdg-2t9-6.jpg\" alt=\"\" width=\"600\" height=\"336\" srcset=\"https:\/\/cokhitanminh.com\/may-dong-goi\/wp-content\/uploads\/2021\/12\/may-dan-nhan-mat-phang-tu-dong-tmdg-2t9-6.jpg 600w, https:\/\/cokhitanminh.com\/may-dong-goi\/wp-content\/uploads\/2021\/12\/may-dan-nhan-mat-phang-tu-dong-tmdg-2t9-6-300x168.jpg 300w\" sizes=\"auto, (max-width: 600px) 100vw, 600px\" \/><\/p>\n<p style=\"text-align: left;\"><img loading=\"lazy\" decoding=\"async\" class=\"size-full wp-image-8691 aligncenter\" src=\"https:\/\/cokhitanminh.com\/may-dong-goi\/wp-content\/uploads\/2021\/12\/may-dan-nhan-mat-phang-tu-dong-tmdg-2t9-7.jpg\" alt=\"\" width=\"600\" height=\"422\" srcset=\"https:\/\/cokhitanminh.com\/may-dong-goi\/wp-content\/uploads\/2021\/12\/may-dan-nhan-mat-phang-tu-dong-tmdg-2t9-7.jpg 600w, https:\/\/cokhitanminh.com\/may-dong-goi\/wp-content\/uploads\/2021\/12\/may-dan-nhan-mat-phang-tu-dong-tmdg-2t9-7-300x211.jpg 300w\" sizes=\"auto, (max-width: 600px) 100vw, 600px\" \/><\/p>\n<p style=\"text-align: left;\"><img loading=\"lazy\" decoding=\"async\" class=\"size-full wp-image-8692 aligncenter\" src=\"https:\/\/cokhitanminh.com\/may-dong-goi\/wp-content\/uploads\/2021\/12\/may-dan-nhan-mat-phang-tu-dong-tmdg-2t9-8.jpg\" alt=\"\" width=\"600\" height=\"336\" srcset=\"https:\/\/cokhitanminh.com\/may-dong-goi\/wp-content\/uploads\/2021\/12\/may-dan-nhan-mat-phang-tu-dong-tmdg-2t9-8.jpg 600w, https:\/\/cokhitanminh.com\/may-dong-goi\/wp-content\/uploads\/2021\/12\/may-dan-nhan-mat-phang-tu-dong-tmdg-2t9-8-300x168.jpg 300w\" sizes=\"auto, (max-width: 600px) 100vw, 600px\" \/><\/p>\n<p style=\"text-align: left;\"><img loading=\"lazy\" decoding=\"async\" class=\"size-full wp-image-8693 aligncenter\" src=\"https:\/\/cokhitanminh.com\/may-dong-goi\/wp-content\/uploads\/2021\/12\/may-dan-nhan-mat-phang-tu-dong-tmdg-2t9-9.jpg\" alt=\"\" width=\"600\" height=\"336\" srcset=\"https:\/\/cokhitanminh.com\/may-dong-goi\/wp-content\/uploads\/2021\/12\/may-dan-nhan-mat-phang-tu-dong-tmdg-2t9-9.jpg 600w, https:\/\/cokhitanminh.com\/may-dong-goi\/wp-content\/uploads\/2021\/12\/may-dan-nhan-mat-phang-tu-dong-tmdg-2t9-9-300x168.jpg 300w\" sizes=\"auto, (max-width: 600px) 100vw, 600px\" \/><\/p>\n<p style=\"text-align: left;\"><img loading=\"lazy\" decoding=\"async\" class=\"size-full wp-image-8694 aligncenter\" src=\"https:\/\/cokhitanminh.com\/may-dong-goi\/wp-content\/uploads\/2021\/12\/may-dan-nhan-mat-phang-tu-dong-tmdg-2t9-10.jpg\" alt=\"\" width=\"600\" height=\"336\" srcset=\"https:\/\/cokhitanminh.com\/may-dong-goi\/wp-content\/uploads\/2021\/12\/may-dan-nhan-mat-phang-tu-dong-tmdg-2t9-10.jpg 600w, https:\/\/cokhitanminh.com\/may-dong-goi\/wp-content\/uploads\/2021\/12\/may-dan-nhan-mat-phang-tu-dong-tmdg-2t9-10-300x168.jpg 300w\" sizes=\"auto, (max-width: 600px) 100vw, 600px\" \/><\/p>\n<p style=\"text-align: left;\"><img loading=\"lazy\" decoding=\"async\" class=\"size-full wp-image-8695 aligncenter\" src=\"https:\/\/cokhitanminh.com\/may-dong-goi\/wp-content\/uploads\/2021\/12\/may-dan-nhan-mat-phang-tu-dong-tmdg-2t9-11.jpg\" alt=\"\" width=\"600\" height=\"336\" srcset=\"https:\/\/cokhitanminh.com\/may-dong-goi\/wp-content\/uploads\/2021\/12\/may-dan-nhan-mat-phang-tu-dong-tmdg-2t9-11.jpg 600w, https:\/\/cokhitanminh.com\/may-dong-goi\/wp-content\/uploads\/2021\/12\/may-dan-nhan-mat-phang-tu-dong-tmdg-2t9-11-300x168.jpg 300w\" sizes=\"auto, (max-width: 600px) 100vw, 600px\" \/><\/p>\n<p style=\"text-align: left;\"><img loading=\"lazy\" decoding=\"async\" class=\"size-full wp-image-8696 aligncenter\" src=\"https:\/\/cokhitanminh.com\/may-dong-goi\/wp-content\/uploads\/2021\/12\/may-dan-nhan-mat-phang-tu-dong-tmdg-2t9-12.jpg\" alt=\"\" width=\"600\" height=\"336\" srcset=\"https:\/\/cokhitanminh.com\/may-dong-goi\/wp-content\/uploads\/2021\/12\/may-dan-nhan-mat-phang-tu-dong-tmdg-2t9-12.jpg 600w, https:\/\/cokhitanminh.com\/may-dong-goi\/wp-content\/uploads\/2021\/12\/may-dan-nhan-mat-phang-tu-dong-tmdg-2t9-12-300x168.jpg 300w\" sizes=\"auto, (max-width: 600px) 100vw, 600px\" \/><\/p>\n<p><strong>Th\u00f4ng s\u1ed1 k\u1ef9 thu\u1eadt<\/strong><\/p>\n<p style=\"text-align: left;\"><img loading=\"lazy\" decoding=\"async\" class=\"aligncenter wp-image-8697\" src=\"https:\/\/cokhitanminh.com\/may-dong-goi\/wp-content\/uploads\/2021\/12\/may-dan-nhan-mat-phang-tu-dong-tmdg-2t9-13.jpg\" alt=\"\" width=\"750\" height=\"259\" srcset=\"https:\/\/cokhitanminh.com\/may-dong-goi\/wp-content\/uploads\/2021\/12\/may-dan-nhan-mat-phang-tu-dong-tmdg-2t9-13.jpg 1064w, https:\/\/cokhitanminh.com\/may-dong-goi\/wp-content\/uploads\/2021\/12\/may-dan-nhan-mat-phang-tu-dong-tmdg-2t9-13-300x104.jpg 300w, https:\/\/cokhitanminh.com\/may-dong-goi\/wp-content\/uploads\/2021\/12\/may-dan-nhan-mat-phang-tu-dong-tmdg-2t9-13-1024x354.jpg 1024w, https:\/\/cokhitanminh.com\/may-dong-goi\/wp-content\/uploads\/2021\/12\/may-dan-nhan-mat-phang-tu-dong-tmdg-2t9-13-768x266.jpg 768w, https:\/\/cokhitanminh.com\/may-dong-goi\/wp-content\/uploads\/2021\/12\/may-dan-nhan-mat-phang-tu-dong-tmdg-2t9-13-600x208.jpg 600w\" sizes=\"auto, (max-width: 750px) 100vw, 750px\" \/><\/p>\n<p style=\"text-align: left;\">M\u1ecdi th\u00f4ng tin chi ti\u1ebft v\u1ec1 <em><strong>M\u00e1y d\u00e1n nh\u00e3n m\u1eb7t ph\u1eb3ng t\u1ef1 \u0111\u1ed9ng (TM\u0110G-2T9)<\/strong><\/em> vui l\u00f2ng li\u00ean h\u1ec7 Hotline: 1900.2861 &#8211; 0967.68.69.11 \u0111\u1ec3 \u0111\u01b0\u1ee3c h\u1ed7 tr\u1ee3 t\u01b0 v\u1ea5n ho\u00e0n to\u00e0n mi\u1ec5n ph\u00ed !<\/p>\n","protected":false},"excerpt":{"rendered":"<p>M\u00e1y d\u00e1n nh\u00e3n m\u1eb7t ph\u1eb3ng t\u1ef1 \u0111\u1ed9ng (TM\u0110G-2T9) \u0111\u01b0\u1ee3c C\u00f4ng Ty C\u01a1 Kh\u00ed T\u00e2n Minh s\u1ea3n xu\u1ea5t v\u00e0 ph\u00e2n ph\u1ed1i tr\u00ean to\u00e0n qu\u1ed1c. M\u00e1y \u0111\u01b0\u1ee3c \u1ee9ng d\u1ee5ng trong l\u0129nh v\u1ef1c M\u00e1y \u0110\u00f3ng G\u00f3i. C\u00e1c s\u1ea3n ph\u1ea9m c\u1ee7a ch\u00fang t\u00f4i \u0111\u1ec1u \u0111\u01b0\u1ee3c ki\u1ec3m tra k\u1ef9 l\u01b0\u1ee1ng v\u00e0 v\u1eadn h\u00e0nh th\u1ef1c t\u1ebf \u0111\u1ec3 lu\u00f4n \u0111\u1ea3m b\u1ea3o ch\u1ea5t &#8230;<\/p>\n","protected":false},"featured_media":8698,"comment_status":"open","ping_status":"closed","template":"","meta":[],"class_list":{"0":"post-3228","1":"product","2":"type-product","3":"status-publish","4":"has-post-thumbnail","6":"product_cat-may-dan-nhan-tu-dong","7":"product_cat-may-dan-tem-nhan","9":"first","10":"instock","11":"shipping-taxable","12":"purchasable","13":"product-type-simple"},"brands":[],"yoast_head":"<!-- This site is optimized with the Yoast SEO plugin v17.6 - https:\/\/yoast.com\/wordpress\/plugins\/seo\/ -->\n<title>M\u00e1y d\u00e1n nh\u00e3n m\u1eb7t ph\u1eb3ng t\u1ef1 \u0111\u1ed9ng (TM\u0110G-2T9)<\/title>\n<meta name=\"description\" content=\"M\u00e1y d\u00e1n nh\u00e3n m\u1eb7t ph\u1eb3ng t\u1ef1 \u0111\u1ed9ng (TM\u0110G-2T9) uy t\u00edn ch\u1ea5t l\u01b0\u1ee3ng Li\u00ean h\u1ec7 Hotline 1: 1900 2861 | Hotline 2: 09 67 68 69 11 \u0110\u1ec3 \u0111\u01b0\u1ee3c t\u01b0 v\u1ea5n mi\u1ec5n ph\u00ed!\" \/>\n<meta name=\"robots\" content=\"index, follow, max-snippet:-1, max-image-preview:large, max-video-preview:-1\" \/>\n<link rel=\"canonical\" href=\"https:\/\/cokhitanminh.com\/may-dong-goi\/may-dan-nhan-mat-phang-tu-dong-tmdg-2t9\/\" \/>\n<meta property=\"og:locale\" content=\"vi_VN\" \/>\n<meta property=\"og:type\" content=\"article\" \/>\n<meta property=\"og:title\" content=\"M\u00e1y d\u00e1n nh\u00e3n m\u1eb7t ph\u1eb3ng t\u1ef1 \u0111\u1ed9ng (TM\u0110G-2T9)\" \/>\n<meta property=\"og:description\" content=\"M\u00e1y d\u00e1n nh\u00e3n m\u1eb7t ph\u1eb3ng t\u1ef1 \u0111\u1ed9ng (TM\u0110G-2T9) uy t\u00edn ch\u1ea5t l\u01b0\u1ee3ng Li\u00ean h\u1ec7 Hotline 1: 1900 2861 | Hotline 2: 09 67 68 69 11 \u0110\u1ec3 \u0111\u01b0\u1ee3c t\u01b0 v\u1ea5n mi\u1ec5n ph\u00ed!\" \/>\n<meta property=\"og:url\" content=\"https:\/\/cokhitanminh.com\/may-dong-goi\/may-dan-nhan-mat-phang-tu-dong-tmdg-2t9\/\" \/>\n<meta property=\"og:site_name\" content=\"M\u00c1Y \u0110\u00d3NG G\u00d3I T\u00c2N MINH\" \/>\n<meta property=\"article:modified_time\" content=\"2023-09-09T01:54:30+00:00\" \/>\n<meta property=\"og:image\" content=\"https:\/\/cokhitanminh.com\/may-dong-goi\/wp-content\/uploads\/2021\/12\/may-dan-nhan-mat-phang-tu-dong-tmdg-2t9-1.jpg\" \/>\n\t<meta property=\"og:image:width\" content=\"600\" \/>\n\t<meta property=\"og:image:height\" content=\"600\" \/>\n<meta name=\"twitter:card\" content=\"summary_large_image\" \/>\n<meta name=\"twitter:label1\" content=\"\u01af\u1edbc t\u00ednh th\u1eddi gian \u0111\u1ecdc\" \/>\n\t<meta name=\"twitter:data1\" content=\"3 ph\u00fat\" \/>\n<script type=\"application\/ld+json\" class=\"yoast-schema-graph\">{\"@context\":\"https:\/\/schema.org\",\"@graph\":[{\"@type\":\"WebSite\",\"@id\":\"https:\/\/cokhitanminh.com\/may-dong-goi\/#website\",\"url\":\"https:\/\/cokhitanminh.com\/may-dong-goi\/\",\"name\":\"M\\u00c1Y \\u0110\\u00d3NG G\\u00d3I T\\u00c2N MINH\",\"description\":\"Chuy\\u00ean gia m\\u00e1y \\u0111\\u00f3ng g\\u00f3i\",\"potentialAction\":[{\"@type\":\"SearchAction\",\"target\":{\"@type\":\"EntryPoint\",\"urlTemplate\":\"https:\/\/cokhitanminh.com\/may-dong-goi\/?s={search_term_string}\"},\"query-input\":\"required name=search_term_string\"}],\"inLanguage\":\"vi\"},{\"@type\":\"ImageObject\",\"@id\":\"https:\/\/cokhitanminh.com\/may-dong-goi\/may-dan-nhan-mat-phang-tu-dong-tmdg-2t9\/#primaryimage\",\"inLanguage\":\"vi\",\"url\":\"https:\/\/cokhitanminh.com\/may-dong-goi\/wp-content\/uploads\/2021\/12\/may-dan-nhan-mat-phang-tu-dong-tmdg-2t9-1.jpg\",\"contentUrl\":\"https:\/\/cokhitanminh.com\/may-dong-goi\/wp-content\/uploads\/2021\/12\/may-dan-nhan-mat-phang-tu-dong-tmdg-2t9-1.jpg\",\"width\":600,\"height\":600},{\"@type\":\"WebPage\",\"@id\":\"https:\/\/cokhitanminh.com\/may-dong-goi\/may-dan-nhan-mat-phang-tu-dong-tmdg-2t9\/#webpage\",\"url\":\"https:\/\/cokhitanminh.com\/may-dong-goi\/may-dan-nhan-mat-phang-tu-dong-tmdg-2t9\/\",\"name\":\"M\\u00e1y d\\u00e1n nh\\u00e3n m\\u1eb7t ph\\u1eb3ng t\\u1ef1 \\u0111\\u1ed9ng (TM\\u0110G-2T9)\",\"isPartOf\":{\"@id\":\"https:\/\/cokhitanminh.com\/may-dong-goi\/#website\"},\"primaryImageOfPage\":{\"@id\":\"https:\/\/cokhitanminh.com\/may-dong-goi\/may-dan-nhan-mat-phang-tu-dong-tmdg-2t9\/#primaryimage\"},\"datePublished\":\"2021-12-04T03:49:22+00:00\",\"dateModified\":\"2023-09-09T01:54:30+00:00\",\"description\":\"M\\u00e1y d\\u00e1n nh\\u00e3n m\\u1eb7t ph\\u1eb3ng t\\u1ef1 \\u0111\\u1ed9ng (TM\\u0110G-2T9) uy t\\u00edn ch\\u1ea5t l\\u01b0\\u1ee3ng Li\\u00ean h\\u1ec7 Hotline 1: 1900 2861 | Hotline 2: 09 67 68 69 11 \\u0110\\u1ec3 \\u0111\\u01b0\\u1ee3c t\\u01b0 v\\u1ea5n mi\\u1ec5n ph\\u00ed!\",\"breadcrumb\":{\"@id\":\"https:\/\/cokhitanminh.com\/may-dong-goi\/may-dan-nhan-mat-phang-tu-dong-tmdg-2t9\/#breadcrumb\"},\"inLanguage\":\"vi\",\"potentialAction\":[{\"@type\":\"ReadAction\",\"target\":[\"https:\/\/cokhitanminh.com\/may-dong-goi\/may-dan-nhan-mat-phang-tu-dong-tmdg-2t9\/\"]}]},{\"@type\":\"BreadcrumbList\",\"@id\":\"https:\/\/cokhitanminh.com\/may-dong-goi\/may-dan-nhan-mat-phang-tu-dong-tmdg-2t9\/#breadcrumb\",\"itemListElement\":[{\"@type\":\"ListItem\",\"position\":1,\"name\":\"Trang ch\\u1ee7\",\"item\":\"https:\/\/cokhitanminh.com\/may-dong-goi\/\"},{\"@type\":\"ListItem\",\"position\":2,\"name\":\"C\\u1eeda h\\u00e0ng\",\"item\":\"https:\/\/cokhitanminh.com\/may-dong-goi\/mua\/\"},{\"@type\":\"ListItem\",\"position\":3,\"name\":\"M\\u00e1y d\\u00e1n nh\\u00e3n m\\u1eb7t ph\\u1eb3ng t\\u1ef1 \\u0111\\u1ed9ng (TM\\u0110G-2T9)\"}]}]}<\/script>\n<!-- \/ Yoast SEO plugin. -->","yoast_head_json":{"title":"M\u00e1y d\u00e1n nh\u00e3n m\u1eb7t ph\u1eb3ng t\u1ef1 \u0111\u1ed9ng (TM\u0110G-2T9)","description":"M\u00e1y d\u00e1n nh\u00e3n m\u1eb7t ph\u1eb3ng t\u1ef1 \u0111\u1ed9ng (TM\u0110G-2T9) uy t\u00edn ch\u1ea5t l\u01b0\u1ee3ng Li\u00ean h\u1ec7 Hotline 1: 1900 2861 | Hotline 2: 09 67 68 69 11 \u0110\u1ec3 \u0111\u01b0\u1ee3c t\u01b0 v\u1ea5n mi\u1ec5n ph\u00ed!","robots":{"index":"index","follow":"follow","max-snippet":"max-snippet:-1","max-image-preview":"max-image-preview:large","max-video-preview":"max-video-preview:-1"},"canonical":"https:\/\/cokhitanminh.com\/may-dong-goi\/may-dan-nhan-mat-phang-tu-dong-tmdg-2t9\/","og_locale":"vi_VN","og_type":"article","og_title":"M\u00e1y d\u00e1n nh\u00e3n m\u1eb7t ph\u1eb3ng t\u1ef1 \u0111\u1ed9ng (TM\u0110G-2T9)","og_description":"M\u00e1y d\u00e1n nh\u00e3n m\u1eb7t ph\u1eb3ng t\u1ef1 \u0111\u1ed9ng (TM\u0110G-2T9) uy t\u00edn ch\u1ea5t l\u01b0\u1ee3ng Li\u00ean h\u1ec7 Hotline 1: 1900 2861 | Hotline 2: 09 67 68 69 11 \u0110\u1ec3 \u0111\u01b0\u1ee3c t\u01b0 v\u1ea5n mi\u1ec5n ph\u00ed!","og_url":"https:\/\/cokhitanminh.com\/may-dong-goi\/may-dan-nhan-mat-phang-tu-dong-tmdg-2t9\/","og_site_name":"M\u00c1Y \u0110\u00d3NG G\u00d3I T\u00c2N MINH","article_modified_time":"2023-09-09T01:54:30+00:00","og_image":[{"width":600,"height":600,"url":"https:\/\/cokhitanminh.com\/may-dong-goi\/wp-content\/uploads\/2021\/12\/may-dan-nhan-mat-phang-tu-dong-tmdg-2t9-1.jpg","type":"image\/jpeg"}],"twitter_card":"summary_large_image","twitter_misc":{"\u01af\u1edbc t\u00ednh th\u1eddi gian \u0111\u1ecdc":"3 ph\u00fat"},"schema":{"@context":"https:\/\/schema.org","@graph":[{"@type":"WebSite","@id":"https:\/\/cokhitanminh.com\/may-dong-goi\/#website","url":"https:\/\/cokhitanminh.com\/may-dong-goi\/","name":"M\u00c1Y \u0110\u00d3NG G\u00d3I T\u00c2N MINH","description":"Chuy\u00ean gia m\u00e1y \u0111\u00f3ng g\u00f3i","potentialAction":[{"@type":"SearchAction","target":{"@type":"EntryPoint","urlTemplate":"https:\/\/cokhitanminh.com\/may-dong-goi\/?s={search_term_string}"},"query-input":"required name=search_term_string"}],"inLanguage":"vi"},{"@type":"ImageObject","@id":"https:\/\/cokhitanminh.com\/may-dong-goi\/may-dan-nhan-mat-phang-tu-dong-tmdg-2t9\/#primaryimage","inLanguage":"vi","url":"https:\/\/cokhitanminh.com\/may-dong-goi\/wp-content\/uploads\/2021\/12\/may-dan-nhan-mat-phang-tu-dong-tmdg-2t9-1.jpg","contentUrl":"https:\/\/cokhitanminh.com\/may-dong-goi\/wp-content\/uploads\/2021\/12\/may-dan-nhan-mat-phang-tu-dong-tmdg-2t9-1.jpg","width":600,"height":600},{"@type":"WebPage","@id":"https:\/\/cokhitanminh.com\/may-dong-goi\/may-dan-nhan-mat-phang-tu-dong-tmdg-2t9\/#webpage","url":"https:\/\/cokhitanminh.com\/may-dong-goi\/may-dan-nhan-mat-phang-tu-dong-tmdg-2t9\/","name":"M\u00e1y d\u00e1n nh\u00e3n m\u1eb7t ph\u1eb3ng t\u1ef1 \u0111\u1ed9ng (TM\u0110G-2T9)","isPartOf":{"@id":"https:\/\/cokhitanminh.com\/may-dong-goi\/#website"},"primaryImageOfPage":{"@id":"https:\/\/cokhitanminh.com\/may-dong-goi\/may-dan-nhan-mat-phang-tu-dong-tmdg-2t9\/#primaryimage"},"datePublished":"2021-12-04T03:49:22+00:00","dateModified":"2023-09-09T01:54:30+00:00","description":"M\u00e1y d\u00e1n nh\u00e3n m\u1eb7t ph\u1eb3ng t\u1ef1 \u0111\u1ed9ng (TM\u0110G-2T9) uy t\u00edn ch\u1ea5t l\u01b0\u1ee3ng Li\u00ean h\u1ec7 Hotline 1: 1900 2861 | Hotline 2: 09 67 68 69 11 \u0110\u1ec3 \u0111\u01b0\u1ee3c t\u01b0 v\u1ea5n mi\u1ec5n ph\u00ed!","breadcrumb":{"@id":"https:\/\/cokhitanminh.com\/may-dong-goi\/may-dan-nhan-mat-phang-tu-dong-tmdg-2t9\/#breadcrumb"},"inLanguage":"vi","potentialAction":[{"@type":"ReadAction","target":["https:\/\/cokhitanminh.com\/may-dong-goi\/may-dan-nhan-mat-phang-tu-dong-tmdg-2t9\/"]}]},{"@type":"BreadcrumbList","@id":"https:\/\/cokhitanminh.com\/may-dong-goi\/may-dan-nhan-mat-phang-tu-dong-tmdg-2t9\/#breadcrumb","itemListElement":[{"@type":"ListItem","position":1,"name":"Trang ch\u1ee7","item":"https:\/\/cokhitanminh.com\/may-dong-goi\/"},{"@type":"ListItem","position":2,"name":"C\u1eeda h\u00e0ng","item":"https:\/\/cokhitanminh.com\/may-dong-goi\/mua\/"},{"@type":"ListItem","position":3,"name":"M\u00e1y d\u00e1n nh\u00e3n m\u1eb7t ph\u1eb3ng t\u1ef1 \u0111\u1ed9ng (TM\u0110G-2T9)"}]}]}},"_links":{"self":[{"href":"https:\/\/cokhitanminh.com\/may-dong-goi\/wp-json\/wp\/v2\/product\/3228","targetHints":{"allow":["GET"]}}],"collection":[{"href":"https:\/\/cokhitanminh.com\/may-dong-goi\/wp-json\/wp\/v2\/product"}],"about":[{"href":"https:\/\/cokhitanminh.com\/may-dong-goi\/wp-json\/wp\/v2\/types\/product"}],"replies":[{"embeddable":true,"href":"https:\/\/cokhitanminh.com\/may-dong-goi\/wp-json\/wp\/v2\/comments?post=3228"}],"wp:featuredmedia":[{"embeddable":true,"href":"https:\/\/cokhitanminh.com\/may-dong-goi\/wp-json\/wp\/v2\/media\/8698"}],"wp:attachment":[{"href":"https:\/\/cokhitanminh.com\/may-dong-goi\/wp-json\/wp\/v2\/media?parent=3228"}],"curies":[{"name":"wp","href":"https:\/\/api.w.org\/{rel}","templated":true}]}}