{"id":3227,"date":"2021-12-04T03:49:21","date_gmt":"2021-12-04T03:49:21","guid":{"rendered":"https:\/\/cokhitanminh.com\/may-dong-goi\/?post_type=product&#038;p=3227"},"modified":"2022-04-20T08:38:57","modified_gmt":"2022-04-20T08:38:57","slug":"may-dan-nhan-hai-mat-tu-dong-tmdg-2t11","status":"publish","type":"product","link":"https:\/\/cokhitanminh.com\/may-dong-goi\/may-dan-nhan-hai-mat-tu-dong-tmdg-2t11\/","title":{"rendered":"M\u00e1y d\u00e1n nh\u00e3n 2 m\u1eb7t t\u1ef1 \u0111\u1ed9ng (TM\u0110G-2T11)"},"content":{"rendered":"<p><a href=\"https:\/\/cokhitanminh.com\/may-dong-goi\/may-dan-nhan-hai-mat-tu-dong-tmdg-lt600\/\"><em><strong>M\u00e1y d\u00e1n nh\u00e3n hai m\u1eb7t t\u1ef1 \u0111\u1ed9ng<\/strong><\/em>\u00a0<em><strong>(TM\u0110G-2T11)<\/strong><\/em><\/a> \u0111\u01b0\u1ee3c C\u00f4ng Ty C\u01a1 Kh\u00ed T\u00e2n Minh s\u1ea3n xu\u1ea5t v\u00e0 ph\u00e2n ph\u1ed1i tr\u00ean to\u00e0n qu\u1ed1c.\u00a0L\u00e0 d\u00f2ng m\u00e1y\u00a0\u0111\u01b0\u1ee3c thi\u1ebft k\u1ebf chuy\u1ec7n bi\u1ec7t \u0111\u01b0\u1ee3c s\u1eed d\u1ee5ng ph\u1ed5 bi\u1ebfn t\u1ea1i c\u00e1c c\u01a1 s\u1edf s\u1ea3n xu\u1ea5t trong c\u00f4ng \u0111o\u1ea1n d\u00e1n nh\u00e3n l\u00ean hai m\u1eb7t s\u1ea3n ph\u1ea9m: m\u1eb7t tr\u01b0\u1edbc, m\u1eb7t sau ho\u1eb7c m\u1eb7t b\u00ean c\u1ee7a c\u00e1c s\u1ea3n ph\u1ea9m chai, l\u1ecd, h\u0169 \u0111\u1ef1ng h\u00ecnh vu\u00f4ng, h\u00ecnh d\u1eb9p, h\u00ecnh ph\u1eb3ng, h\u00ecnh ch\u1eef nh\u1eadt, h\u00ecnh l\u1ee5c gi\u00e1c\u2026 v\u1edbi b\u1ec1 m\u1eb7t ph\u1eb3ng, l\u1ed3i, l\u00f5m ho\u1eb7c cong kh\u00e1c nhau, c\u00e1c s\u1ea3n ph\u1ea9m \u0111\u01b0\u1ee3c l\u00e0m b\u1eb1ng ch\u1ea5t li\u1ec7u nh\u1ef1a, th\u1ee7y tinh, kim lo\u1ea1i.<\/p>\n<p><img loading=\"lazy\" decoding=\"async\" class=\"aligncenter wp-image-8172\" src=\"https:\/\/cokhitanminh.com\/may-dong-goi\/wp-content\/uploads\/2021\/12\/may-dan-nhan-hai-mat-tu-dong-tmdg2T11-1.jpg\" alt=\"\" width=\"600\" height=\"337\" srcset=\"https:\/\/cokhitanminh.com\/may-dong-goi\/wp-content\/uploads\/2021\/12\/may-dan-nhan-hai-mat-tu-dong-tmdg2T11-1.jpg 650w, https:\/\/cokhitanminh.com\/may-dong-goi\/wp-content\/uploads\/2021\/12\/may-dan-nhan-hai-mat-tu-dong-tmdg2T11-1-300x168.jpg 300w, https:\/\/cokhitanminh.com\/may-dong-goi\/wp-content\/uploads\/2021\/12\/may-dan-nhan-hai-mat-tu-dong-tmdg2T11-1-600x337.jpg 600w\" sizes=\"auto, (max-width: 600px) 100vw, 600px\" \/><\/p>\n<h3>T\u00ednh n\u0103ng n\u1ed5i b\u1eadt c\u1ee7a m\u00e1y<\/h3>\n<ul>\n<li>M\u00e1y d\u00e1n nh\u00e3n 2 m\u1eb7t t\u1ef1 \u0111\u1ed9ng \u0111\u01b0\u1ee3c thi\u1ebft k\u1ebf v\u1edbi h\u1ec7 \u0111i\u1ec1u khi\u1ec3n\u00a0PLC\u00a0gi\u00fap ki\u1ec3m so\u00e1t t\u1ed1t to\u00e0n b\u1ed9 qu\u00e1 tr\u00ecnh d\u00e1n nh\u00e3n. \u0110\u1ed3ng th\u1eddi, cho ph\u00e9p ng\u01b0\u1eddi d\u00f9ng d\u1ec5 d\u00e0ng t\u00f9y ch\u1ec9nh c\u00e1c th\u00f4ng s\u1ed1 v\u1ec1 th\u1eddi gian, t\u1ed1c \u0111\u1ed9 m\u1ed9t c\u00e1ch thu\u1eadn ti\u1ec7n.<\/li>\n<li>Lo\u1ea1i m\u00e1y n\u00e0y ho\u1ea1t \u0111\u1ed9ng th\u00f4ng minh, c\u00f3 kh\u1ea3 n\u0103ng t\u1ef1 ph\u00e1t hi\u1ec7n l\u1ed7i trong qu\u00e1 tr\u00ecnh d\u00e1n nh\u00e3n nh\u01b0: kh\u00f4ng c\u00f3 s\u1ea3n ph\u1ea9m hay nh\u00e3n b\u1ecb r\u00e1ch, tr\u00e1nh l\u00e3ng ph\u00ed tem nh\u00e3n.<\/li>\n<li>To\u00e0n b\u1ed9 ph\u1ea7n th\u00e2n m\u00e1y \u0111\u1ec1u \u0111\u01b0\u1ee3c ch\u1ebf t\u1ea1o t\u1eeb v\u1eadt li\u1ec7u th\u00e9p kh\u00f4ng g\u1ec9 v\u00e0 h\u1ee3p kim nh\u00f4m, m\u00e1y c\u00f3 \u0111\u1ed9 b\u1ec1n cao, \u00edt h\u1ecfng h\u00f3c.<\/li>\n<li>M\u00e1y \u0111\u01b0\u1ee3c l\u1eafp r\u00e1p t\u1eeb c\u00e1c linh ki\u1ec7n \u0111i\u1ec7n t\u1eed ph\u1ed5 bi\u1ebfn, ch\u1ea5t l\u01b0\u1ee3ng cao v\u00e0 d\u1ec5 thay th\u1ebf.<\/li>\n<li>V\u1ecb tr\u00ed \u0111\u1ea7u d\u00e1n nh\u00e3n \u0111\u01b0\u1ee3c thi\u1ebft k\u1ebf linh ho\u1ea1t, c\u00f3 th\u1ec3 t\u00f9y ch\u1ec9nh theo 5 tr\u1ee5c g\u1ed3m: tr\u1ee5c \u0111\u1ee9ng, tr\u1ee5c ngang, tr\u1ee5c tr\u00e1i \u2013 ph\u1ea3i, g\u00f3c nghi\u00eang v\u00e0 t\u1ef1 xoay g\u00f3c t\u1ed1i \u0111a 20 \u0111\u1ed9.<\/li>\n<li>\u0110\u1ed3ng b\u1ed9 c\u00e1c th\u00f4ng s\u1ed1 v\u1ec1 t\u1ed1c \u0111\u1ed9 d\u00e1n nh\u00e3n v\u00e0 b\u0103ng t\u1ea3i ch\u00ednh n\u00ean m\u00e1y \u0111\u1ea3m b\u1ea3o v\u1eadn h\u00e0nh \u00eam ru, \u0111\u1ea1t n\u0103ng su\u1ea5t d\u00e1n nh\u00e3n nhanh, d\u00e1n \u0111\u00fang v\u1ecb tr\u00ed, kh\u00f4ng bong tr\u00f3c hay nh\u00e0u n\u00e1t, \u0111\u1ea3m b\u1ea3o t\u00ednh th\u1ea9m m\u1ef9 cao.<\/li>\n<\/ul>\n<h3>C\u00e1c b\u1ed9 ph\u1eadn c\u1ee7a m\u00e1y<\/h3>\n<p><img loading=\"lazy\" decoding=\"async\" class=\"aligncenter wp-image-8177\" src=\"https:\/\/cokhitanminh.com\/may-dong-goi\/wp-content\/uploads\/2021\/12\/may-dan-nhan-hai-mat-tu-dong-tmdg2T11-5.jpg\" alt=\"\" width=\"600\" height=\"1064\" srcset=\"https:\/\/cokhitanminh.com\/may-dong-goi\/wp-content\/uploads\/2021\/12\/may-dan-nhan-hai-mat-tu-dong-tmdg2T11-5.jpg 790w, https:\/\/cokhitanminh.com\/may-dong-goi\/wp-content\/uploads\/2021\/12\/may-dan-nhan-hai-mat-tu-dong-tmdg2T11-5-169x300.jpg 169w, https:\/\/cokhitanminh.com\/may-dong-goi\/wp-content\/uploads\/2021\/12\/may-dan-nhan-hai-mat-tu-dong-tmdg2T11-5-577x1024.jpg 577w, https:\/\/cokhitanminh.com\/may-dong-goi\/wp-content\/uploads\/2021\/12\/may-dan-nhan-hai-mat-tu-dong-tmdg2T11-5-768x1362.jpg 768w, https:\/\/cokhitanminh.com\/may-dong-goi\/wp-content\/uploads\/2021\/12\/may-dan-nhan-hai-mat-tu-dong-tmdg2T11-5-600x1064.jpg 600w\" sizes=\"auto, (max-width: 600px) 100vw, 600px\" \/><\/p>\n<p><img loading=\"lazy\" decoding=\"async\" class=\"aligncenter wp-image-8176\" src=\"https:\/\/cokhitanminh.com\/may-dong-goi\/wp-content\/uploads\/2021\/12\/may-dan-nhan-hai-mat-tu-dong-tmdg2T11-4.jpg\" alt=\"\" width=\"600\" height=\"608\" srcset=\"https:\/\/cokhitanminh.com\/may-dong-goi\/wp-content\/uploads\/2021\/12\/may-dan-nhan-hai-mat-tu-dong-tmdg2T11-4.jpg 790w, https:\/\/cokhitanminh.com\/may-dong-goi\/wp-content\/uploads\/2021\/12\/may-dan-nhan-hai-mat-tu-dong-tmdg2T11-4-296x300.jpg 296w, https:\/\/cokhitanminh.com\/may-dong-goi\/wp-content\/uploads\/2021\/12\/may-dan-nhan-hai-mat-tu-dong-tmdg2T11-4-768x778.jpg 768w, https:\/\/cokhitanminh.com\/may-dong-goi\/wp-content\/uploads\/2021\/12\/may-dan-nhan-hai-mat-tu-dong-tmdg2T11-4-600x608.jpg 600w, https:\/\/cokhitanminh.com\/may-dong-goi\/wp-content\/uploads\/2021\/12\/may-dan-nhan-hai-mat-tu-dong-tmdg2T11-4-100x100.jpg 100w\" sizes=\"auto, (max-width: 600px) 100vw, 600px\" \/><\/p>\n<h3>S\u1ea3n ph\u1ea9m \u00e1p d\u1ee5ng<\/h3>\n<p>V\u1edbi thi\u1ebft k\u1ebf linh ho\u1ea1t n\u00ean lo\u1ea1i m\u00e1y n\u00e0y c\u00f3 th\u1ec3 \u1ee9ng d\u1ee5ng d\u1ec5 d\u00e0ng v\u1edbi nhi\u1ec1u h\u1ec7 th\u1ed1ng nh\u00e0 m\u00e1y s\u1ea3n xu\u1ea5t kh\u00e1c nhau. L\u00e0 M\u1ed9t trong nh\u1eefng lo\u1ea1i m\u00e1y \u0111\u01b0\u1ee3c \u1ee9ng d\u1ee5ng ph\u1ed5 bi\u1ebfn nh\u1ea5t \u0111\u1ec3 d\u00e1n tem nh\u00e3n l\u00ean \u0111a d\u1ea1ng c\u00e1c lo\u1ea1i chai, h\u1ed9p nh\u1ef1a, chai h\u1ed9p th\u1ee7y tinh, kim lo\u1ea1i\u2026 Do v\u1eady, m\u00e1y d\u00e1n nh\u00e3n hai m\u1eb7t \u0111\u01b0\u1ee3c d\u00f9ng \u0111\u1ec3 s\u1ea3n xu\u1ea5t c\u00e1c lo\u1ea1i \u0111\u1ed3 u\u1ed1ng, s\u1ea3n xu\u1ea5t th\u1ef1c ph\u1ea9m, \u1ee9ng d\u1ee5ng t\u1ea1i c\u00e1c nh\u00e0 m\u00e1y m\u1ef9 ph\u1ea9m, d\u01b0\u1ee3c ph\u1ea9m\u2026<\/p>\n<p><img loading=\"lazy\" decoding=\"async\" class=\"aligncenter wp-image-8175\" src=\"https:\/\/cokhitanminh.com\/may-dong-goi\/wp-content\/uploads\/2021\/12\/may-dan-nhan-hai-mat-tu-dong-tmdg2T11-3.jpg\" alt=\"\" width=\"600\" height=\"722\" srcset=\"https:\/\/cokhitanminh.com\/may-dong-goi\/wp-content\/uploads\/2021\/12\/may-dan-nhan-hai-mat-tu-dong-tmdg2T11-3.jpg 790w, https:\/\/cokhitanminh.com\/may-dong-goi\/wp-content\/uploads\/2021\/12\/may-dan-nhan-hai-mat-tu-dong-tmdg2T11-3-249x300.jpg 249w, https:\/\/cokhitanminh.com\/may-dong-goi\/wp-content\/uploads\/2021\/12\/may-dan-nhan-hai-mat-tu-dong-tmdg2T11-3-768x924.jpg 768w, https:\/\/cokhitanminh.com\/may-dong-goi\/wp-content\/uploads\/2021\/12\/may-dan-nhan-hai-mat-tu-dong-tmdg2T11-3-600x722.jpg 600w\" sizes=\"auto, (max-width: 600px) 100vw, 600px\" \/><\/p>\n<h3>Th\u00f4ng s\u1ed1 k\u1ef9 thu\u1eadt<\/h3>\n<p><img loading=\"lazy\" decoding=\"async\" class=\"alignnone size-full wp-image-8174 aligncenter\" src=\"https:\/\/cokhitanminh.com\/may-dong-goi\/wp-content\/uploads\/2021\/12\/may-dan-nhan-hai-mat-tu-dong-tmdg2T11-2.jpg\" alt=\"\" width=\"689\" height=\"321\" srcset=\"https:\/\/cokhitanminh.com\/may-dong-goi\/wp-content\/uploads\/2021\/12\/may-dan-nhan-hai-mat-tu-dong-tmdg2T11-2.jpg 689w, https:\/\/cokhitanminh.com\/may-dong-goi\/wp-content\/uploads\/2021\/12\/may-dan-nhan-hai-mat-tu-dong-tmdg2T11-2-300x140.jpg 300w, https:\/\/cokhitanminh.com\/may-dong-goi\/wp-content\/uploads\/2021\/12\/may-dan-nhan-hai-mat-tu-dong-tmdg2T11-2-600x280.jpg 600w\" sizes=\"auto, (max-width: 689px) 100vw, 689px\" \/><\/p>\n<p>M\u1ecdi th\u00f4ng tin v\u1ec1\u00a0<em><strong>m\u00e1y d\u00e1n nh\u00e3n hai m\u1eb7t t\u1ef1 \u0111\u1ed9ng<\/strong><strong>\u00a0(TM\u0110G-2T11)<\/strong><\/em>\u00a0vui l\u00f2ng li\u00ean h\u1ec7 Hotline: 1900.2861 &#8211; 0967.68.69.11 \u0111\u1ec3 \u0111\u01b0\u1ee3c t\u01b0 v\u1ea5n ho\u00e0n to\u00e0n mi\u1ec5n ph\u00ed!<\/p>\n","protected":false},"excerpt":{"rendered":"<p>M\u00e1y d\u00e1n nh\u00e3n hai m\u1eb7t t\u1ef1 \u0111\u1ed9ng\u00a0(TM\u0110G-2T11) \u0111\u01b0\u1ee3c C\u00f4ng Ty C\u01a1 Kh\u00ed T\u00e2n Minh s\u1ea3n xu\u1ea5t v\u00e0 ph\u00e2n ph\u1ed1i tr\u00ean to\u00e0n qu\u1ed1c.\u00a0L\u00e0 d\u00f2ng m\u00e1y\u00a0\u0111\u01b0\u1ee3c thi\u1ebft k\u1ebf chuy\u1ec7n bi\u1ec7t \u0111\u01b0\u1ee3c s\u1eed d\u1ee5ng ph\u1ed5 bi\u1ebfn t\u1ea1i c\u00e1c c\u01a1 s\u1edf s\u1ea3n xu\u1ea5t trong c\u00f4ng \u0111o\u1ea1n d\u00e1n nh\u00e3n l\u00ean hai m\u1eb7t s\u1ea3n ph\u1ea9m: m\u1eb7t tr\u01b0\u1edbc, m\u1eb7t sau ho\u1eb7c m\u1eb7t &#8230;<\/p>\n","protected":false},"featured_media":8178,"comment_status":"open","ping_status":"closed","template":"","meta":[],"class_list":{"0":"post-3227","1":"product","2":"type-product","3":"status-publish","4":"has-post-thumbnail","6":"product_cat-may-dan-tem-nhan","8":"first","9":"instock","10":"shipping-taxable","11":"purchasable","12":"product-type-simple"},"brands":[],"yoast_head":"<!-- This site is optimized with the Yoast SEO plugin v17.6 - https:\/\/yoast.com\/wordpress\/plugins\/seo\/ -->\n<title>M\u00e1y d\u00e1n nh\u00e3n 2 m\u1eb7t t\u1ef1 \u0111\u1ed9ng (TM\u0110G-2T11) - M\u00c1Y \u0110\u00d3NG G\u00d3I T\u00c2N MINH<\/title>\n<meta name=\"description\" content=\"Th\u00f4ng tin v\u1ec1\u00a0m\u00e1y d\u00e1n nh\u00e3n hai m\u1eb7t t\u1ef1 \u0111\u1ed9ng\u00a0(TM\u0110G-2T11)\u00a0vui l\u00f2ng li\u00ean h\u1ec7 Hotline: 1900.2861 - 0967.68.69.11 \u0111\u1ec3 \u0111\u01b0\u1ee3c t\u01b0 v\u1ea5n ho\u00e0n to\u00e0n mi\u1ec5n ph\u00ed!\" \/>\n<meta name=\"robots\" content=\"index, follow, max-snippet:-1, max-image-preview:large, max-video-preview:-1\" \/>\n<link rel=\"canonical\" href=\"https:\/\/cokhitanminh.com\/may-dong-goi\/may-dan-nhan-hai-mat-tu-dong-tmdg-2t11\/\" \/>\n<meta property=\"og:locale\" content=\"vi_VN\" \/>\n<meta property=\"og:type\" content=\"article\" \/>\n<meta property=\"og:title\" content=\"m\u00e1y d\u00e1n nh\u00e3n hai m\u1eb7t t\u1ef1 \u0111\u1ed9ng\u00a0(TM\u0110G-2T11)\" \/>\n<meta property=\"og:description\" content=\"M\u1ecdi th\u00f4ng tin v\u1ec1\u00a0m\u00e1y d\u00e1n nh\u00e3n hai m\u1eb7t t\u1ef1 \u0111\u1ed9ng\u00a0(TM\u0110G-2T11)\u00a0vui l\u00f2ng li\u00ean h\u1ec7 Hotline: 1900.2861 - 0967.68.69.11 \u0111\u1ec3 \u0111\u01b0\u1ee3c t\u01b0 v\u1ea5n ho\u00e0n to\u00e0n mi\u1ec5n ph\u00ed!\" \/>\n<meta property=\"og:url\" content=\"https:\/\/cokhitanminh.com\/may-dong-goi\/may-dan-nhan-hai-mat-tu-dong-tmdg-2t11\/\" \/>\n<meta property=\"og:site_name\" content=\"M\u00c1Y \u0110\u00d3NG G\u00d3I T\u00c2N MINH\" \/>\n<meta property=\"article:modified_time\" content=\"2022-04-20T08:38:57+00:00\" \/>\n<meta property=\"og:image\" content=\"https:\/\/cokhitanminh.com\/may-dong-goi\/wp-content\/uploads\/2021\/12\/may-dan-nhan-hai-mat-tu-dong-tmdg2T11.jpg\" \/>\n\t<meta property=\"og:image:width\" content=\"600\" \/>\n\t<meta property=\"og:image:height\" content=\"600\" \/>\n<meta name=\"twitter:card\" content=\"summary_large_image\" \/>\n<meta name=\"twitter:title\" content=\"m\u00e1y d\u00e1n nh\u00e3n hai m\u1eb7t t\u1ef1 \u0111\u1ed9ng\u00a0(TM\u0110G-2T11)\" \/>\n<meta name=\"twitter:description\" content=\"M\u1ecdi th\u00f4ng tin v\u1ec1\u00a0m\u00e1y d\u00e1n nh\u00e3n hai m\u1eb7t t\u1ef1 \u0111\u1ed9ng\u00a0(TM\u0110G-2T11)\u00a0vui l\u00f2ng li\u00ean h\u1ec7 Hotline: 1900.2861 - 0967.68.69.11 \u0111\u1ec3 \u0111\u01b0\u1ee3c t\u01b0 v\u1ea5n ho\u00e0n to\u00e0n mi\u1ec5n ph\u00ed!\" \/>\n<meta name=\"twitter:image\" content=\"https:\/\/cokhitanminh.com\/may-dong-goi\/wp-content\/uploads\/2021\/12\/may-dan-nhan-hai-mat-tu-dong-tmdg2T11.jpg\" \/>\n<meta name=\"twitter:label1\" content=\"\u01af\u1edbc t\u00ednh th\u1eddi gian \u0111\u1ecdc\" \/>\n\t<meta name=\"twitter:data1\" content=\"3 ph\u00fat\" \/>\n<script type=\"application\/ld+json\" class=\"yoast-schema-graph\">{\"@context\":\"https:\/\/schema.org\",\"@graph\":[{\"@type\":\"WebSite\",\"@id\":\"https:\/\/cokhitanminh.com\/may-dong-goi\/#website\",\"url\":\"https:\/\/cokhitanminh.com\/may-dong-goi\/\",\"name\":\"M\\u00c1Y \\u0110\\u00d3NG G\\u00d3I T\\u00c2N MINH\",\"description\":\"Chuy\\u00ean gia m\\u00e1y \\u0111\\u00f3ng g\\u00f3i\",\"potentialAction\":[{\"@type\":\"SearchAction\",\"target\":{\"@type\":\"EntryPoint\",\"urlTemplate\":\"https:\/\/cokhitanminh.com\/may-dong-goi\/?s={search_term_string}\"},\"query-input\":\"required name=search_term_string\"}],\"inLanguage\":\"vi\"},{\"@type\":\"ImageObject\",\"@id\":\"https:\/\/cokhitanminh.com\/may-dong-goi\/may-dan-nhan-hai-mat-tu-dong-tmdg-2t11\/#primaryimage\",\"inLanguage\":\"vi\",\"url\":\"https:\/\/cokhitanminh.com\/may-dong-goi\/wp-content\/uploads\/2021\/12\/may-dan-nhan-hai-mat-tu-dong-tmdg2T11.jpg\",\"contentUrl\":\"https:\/\/cokhitanminh.com\/may-dong-goi\/wp-content\/uploads\/2021\/12\/may-dan-nhan-hai-mat-tu-dong-tmdg2T11.jpg\",\"width\":600,\"height\":600},{\"@type\":\"WebPage\",\"@id\":\"https:\/\/cokhitanminh.com\/may-dong-goi\/may-dan-nhan-hai-mat-tu-dong-tmdg-2t11\/#webpage\",\"url\":\"https:\/\/cokhitanminh.com\/may-dong-goi\/may-dan-nhan-hai-mat-tu-dong-tmdg-2t11\/\",\"name\":\"M\\u00e1y d\\u00e1n nh\\u00e3n 2 m\\u1eb7t t\\u1ef1 \\u0111\\u1ed9ng (TM\\u0110G-2T11) - M\\u00c1Y \\u0110\\u00d3NG G\\u00d3I T\\u00c2N MINH\",\"isPartOf\":{\"@id\":\"https:\/\/cokhitanminh.com\/may-dong-goi\/#website\"},\"primaryImageOfPage\":{\"@id\":\"https:\/\/cokhitanminh.com\/may-dong-goi\/may-dan-nhan-hai-mat-tu-dong-tmdg-2t11\/#primaryimage\"},\"datePublished\":\"2021-12-04T03:49:21+00:00\",\"dateModified\":\"2022-04-20T08:38:57+00:00\",\"description\":\"Th\\u00f4ng tin v\\u1ec1\\u00a0m\\u00e1y d\\u00e1n nh\\u00e3n hai m\\u1eb7t t\\u1ef1 \\u0111\\u1ed9ng\\u00a0(TM\\u0110G-2T11)\\u00a0vui l\\u00f2ng li\\u00ean h\\u1ec7 Hotline: 1900.2861 - 0967.68.69.11 \\u0111\\u1ec3 \\u0111\\u01b0\\u1ee3c t\\u01b0 v\\u1ea5n ho\\u00e0n to\\u00e0n mi\\u1ec5n ph\\u00ed!\",\"breadcrumb\":{\"@id\":\"https:\/\/cokhitanminh.com\/may-dong-goi\/may-dan-nhan-hai-mat-tu-dong-tmdg-2t11\/#breadcrumb\"},\"inLanguage\":\"vi\",\"potentialAction\":[{\"@type\":\"ReadAction\",\"target\":[\"https:\/\/cokhitanminh.com\/may-dong-goi\/may-dan-nhan-hai-mat-tu-dong-tmdg-2t11\/\"]}]},{\"@type\":\"BreadcrumbList\",\"@id\":\"https:\/\/cokhitanminh.com\/may-dong-goi\/may-dan-nhan-hai-mat-tu-dong-tmdg-2t11\/#breadcrumb\",\"itemListElement\":[{\"@type\":\"ListItem\",\"position\":1,\"name\":\"Trang ch\\u1ee7\",\"item\":\"https:\/\/cokhitanminh.com\/may-dong-goi\/\"},{\"@type\":\"ListItem\",\"position\":2,\"name\":\"C\\u1eeda h\\u00e0ng\",\"item\":\"https:\/\/cokhitanminh.com\/may-dong-goi\/mua\/\"},{\"@type\":\"ListItem\",\"position\":3,\"name\":\"M\\u00e1y d\\u00e1n nh\\u00e3n 2 m\\u1eb7t t\\u1ef1 \\u0111\\u1ed9ng (TM\\u0110G-2T11)\"}]}]}<\/script>\n<!-- \/ Yoast SEO plugin. -->","yoast_head_json":{"title":"M\u00e1y d\u00e1n nh\u00e3n 2 m\u1eb7t t\u1ef1 \u0111\u1ed9ng (TM\u0110G-2T11) - M\u00c1Y \u0110\u00d3NG G\u00d3I T\u00c2N MINH","description":"Th\u00f4ng tin v\u1ec1\u00a0m\u00e1y d\u00e1n nh\u00e3n hai m\u1eb7t t\u1ef1 \u0111\u1ed9ng\u00a0(TM\u0110G-2T11)\u00a0vui l\u00f2ng li\u00ean h\u1ec7 Hotline: 1900.2861 - 0967.68.69.11 \u0111\u1ec3 \u0111\u01b0\u1ee3c t\u01b0 v\u1ea5n ho\u00e0n to\u00e0n mi\u1ec5n ph\u00ed!","robots":{"index":"index","follow":"follow","max-snippet":"max-snippet:-1","max-image-preview":"max-image-preview:large","max-video-preview":"max-video-preview:-1"},"canonical":"https:\/\/cokhitanminh.com\/may-dong-goi\/may-dan-nhan-hai-mat-tu-dong-tmdg-2t11\/","og_locale":"vi_VN","og_type":"article","og_title":"m\u00e1y d\u00e1n nh\u00e3n hai m\u1eb7t t\u1ef1 \u0111\u1ed9ng\u00a0(TM\u0110G-2T11)","og_description":"M\u1ecdi th\u00f4ng tin v\u1ec1\u00a0m\u00e1y d\u00e1n nh\u00e3n hai m\u1eb7t t\u1ef1 \u0111\u1ed9ng\u00a0(TM\u0110G-2T11)\u00a0vui l\u00f2ng li\u00ean h\u1ec7 Hotline: 1900.2861 - 0967.68.69.11 \u0111\u1ec3 \u0111\u01b0\u1ee3c t\u01b0 v\u1ea5n ho\u00e0n to\u00e0n mi\u1ec5n ph\u00ed!","og_url":"https:\/\/cokhitanminh.com\/may-dong-goi\/may-dan-nhan-hai-mat-tu-dong-tmdg-2t11\/","og_site_name":"M\u00c1Y \u0110\u00d3NG G\u00d3I T\u00c2N MINH","article_modified_time":"2022-04-20T08:38:57+00:00","og_image":[{"width":600,"height":600,"url":"https:\/\/cokhitanminh.com\/may-dong-goi\/wp-content\/uploads\/2021\/12\/may-dan-nhan-hai-mat-tu-dong-tmdg2T11.jpg","type":"image\/jpeg"}],"twitter_card":"summary_large_image","twitter_title":"m\u00e1y d\u00e1n nh\u00e3n hai m\u1eb7t t\u1ef1 \u0111\u1ed9ng\u00a0(TM\u0110G-2T11)","twitter_description":"M\u1ecdi th\u00f4ng tin v\u1ec1\u00a0m\u00e1y d\u00e1n nh\u00e3n hai m\u1eb7t t\u1ef1 \u0111\u1ed9ng\u00a0(TM\u0110G-2T11)\u00a0vui l\u00f2ng li\u00ean h\u1ec7 Hotline: 1900.2861 - 0967.68.69.11 \u0111\u1ec3 \u0111\u01b0\u1ee3c t\u01b0 v\u1ea5n ho\u00e0n to\u00e0n mi\u1ec5n ph\u00ed!","twitter_image":"https:\/\/cokhitanminh.com\/may-dong-goi\/wp-content\/uploads\/2021\/12\/may-dan-nhan-hai-mat-tu-dong-tmdg2T11.jpg","twitter_misc":{"\u01af\u1edbc t\u00ednh th\u1eddi gian \u0111\u1ecdc":"3 ph\u00fat"},"schema":{"@context":"https:\/\/schema.org","@graph":[{"@type":"WebSite","@id":"https:\/\/cokhitanminh.com\/may-dong-goi\/#website","url":"https:\/\/cokhitanminh.com\/may-dong-goi\/","name":"M\u00c1Y \u0110\u00d3NG G\u00d3I T\u00c2N MINH","description":"Chuy\u00ean gia m\u00e1y \u0111\u00f3ng g\u00f3i","potentialAction":[{"@type":"SearchAction","target":{"@type":"EntryPoint","urlTemplate":"https:\/\/cokhitanminh.com\/may-dong-goi\/?s={search_term_string}"},"query-input":"required name=search_term_string"}],"inLanguage":"vi"},{"@type":"ImageObject","@id":"https:\/\/cokhitanminh.com\/may-dong-goi\/may-dan-nhan-hai-mat-tu-dong-tmdg-2t11\/#primaryimage","inLanguage":"vi","url":"https:\/\/cokhitanminh.com\/may-dong-goi\/wp-content\/uploads\/2021\/12\/may-dan-nhan-hai-mat-tu-dong-tmdg2T11.jpg","contentUrl":"https:\/\/cokhitanminh.com\/may-dong-goi\/wp-content\/uploads\/2021\/12\/may-dan-nhan-hai-mat-tu-dong-tmdg2T11.jpg","width":600,"height":600},{"@type":"WebPage","@id":"https:\/\/cokhitanminh.com\/may-dong-goi\/may-dan-nhan-hai-mat-tu-dong-tmdg-2t11\/#webpage","url":"https:\/\/cokhitanminh.com\/may-dong-goi\/may-dan-nhan-hai-mat-tu-dong-tmdg-2t11\/","name":"M\u00e1y d\u00e1n nh\u00e3n 2 m\u1eb7t t\u1ef1 \u0111\u1ed9ng (TM\u0110G-2T11) - M\u00c1Y \u0110\u00d3NG G\u00d3I T\u00c2N MINH","isPartOf":{"@id":"https:\/\/cokhitanminh.com\/may-dong-goi\/#website"},"primaryImageOfPage":{"@id":"https:\/\/cokhitanminh.com\/may-dong-goi\/may-dan-nhan-hai-mat-tu-dong-tmdg-2t11\/#primaryimage"},"datePublished":"2021-12-04T03:49:21+00:00","dateModified":"2022-04-20T08:38:57+00:00","description":"Th\u00f4ng tin v\u1ec1\u00a0m\u00e1y d\u00e1n nh\u00e3n hai m\u1eb7t t\u1ef1 \u0111\u1ed9ng\u00a0(TM\u0110G-2T11)\u00a0vui l\u00f2ng li\u00ean h\u1ec7 Hotline: 1900.2861 - 0967.68.69.11 \u0111\u1ec3 \u0111\u01b0\u1ee3c t\u01b0 v\u1ea5n ho\u00e0n to\u00e0n mi\u1ec5n ph\u00ed!","breadcrumb":{"@id":"https:\/\/cokhitanminh.com\/may-dong-goi\/may-dan-nhan-hai-mat-tu-dong-tmdg-2t11\/#breadcrumb"},"inLanguage":"vi","potentialAction":[{"@type":"ReadAction","target":["https:\/\/cokhitanminh.com\/may-dong-goi\/may-dan-nhan-hai-mat-tu-dong-tmdg-2t11\/"]}]},{"@type":"BreadcrumbList","@id":"https:\/\/cokhitanminh.com\/may-dong-goi\/may-dan-nhan-hai-mat-tu-dong-tmdg-2t11\/#breadcrumb","itemListElement":[{"@type":"ListItem","position":1,"name":"Trang ch\u1ee7","item":"https:\/\/cokhitanminh.com\/may-dong-goi\/"},{"@type":"ListItem","position":2,"name":"C\u1eeda h\u00e0ng","item":"https:\/\/cokhitanminh.com\/may-dong-goi\/mua\/"},{"@type":"ListItem","position":3,"name":"M\u00e1y d\u00e1n nh\u00e3n 2 m\u1eb7t t\u1ef1 \u0111\u1ed9ng (TM\u0110G-2T11)"}]}]}},"_links":{"self":[{"href":"https:\/\/cokhitanminh.com\/may-dong-goi\/wp-json\/wp\/v2\/product\/3227","targetHints":{"allow":["GET"]}}],"collection":[{"href":"https:\/\/cokhitanminh.com\/may-dong-goi\/wp-json\/wp\/v2\/product"}],"about":[{"href":"https:\/\/cokhitanminh.com\/may-dong-goi\/wp-json\/wp\/v2\/types\/product"}],"replies":[{"embeddable":true,"href":"https:\/\/cokhitanminh.com\/may-dong-goi\/wp-json\/wp\/v2\/comments?post=3227"}],"wp:featuredmedia":[{"embeddable":true,"href":"https:\/\/cokhitanminh.com\/may-dong-goi\/wp-json\/wp\/v2\/media\/8178"}],"wp:attachment":[{"href":"https:\/\/cokhitanminh.com\/may-dong-goi\/wp-json\/wp\/v2\/media?parent=3227"}],"curies":[{"name":"wp","href":"https:\/\/api.w.org\/{rel}","templated":true}]}}