{"id":3224,"date":"2021-12-04T03:49:20","date_gmt":"2021-12-04T03:49:20","guid":{"rendered":"https:\/\/cokhitanminh.com\/may-dong-goi\/?post_type=product&#038;p=3224"},"modified":"2022-04-20T08:38:28","modified_gmt":"2022-04-20T08:38:28","slug":"may-dan-nhan-mat-phang-de-ban-tmdg2t10","status":"publish","type":"product","link":"https:\/\/cokhitanminh.com\/may-dong-goi\/may-dan-nhan-mat-phang-de-ban-tmdg2t10\/","title":{"rendered":"M\u00e1y d\u00e1n nh\u00e3n m\u1eb7t ph\u1eb3ng \u0111\u1ec3 b\u00e0n (TM\u0110G-2T10)"},"content":{"rendered":"<p><em><strong><a href=\"https:\/\/cokhitanminh.com\/may-dong-goi\/may-dan-nhan-decal-tu-dong-tm5-tmdg-lt200\/\">M\u00e1y d\u00e1n nh\u00e3n m\u1eb7t ph\u1eb3ng \u0111\u1ec3 b\u00e0n (TM\u0110G-2T10)<\/a>\u00a0<\/strong><\/em>\u0111\u01b0\u1ee3c C\u00f4ng Ty C\u01a1 Kh\u00ed T\u00e2n Minh s\u1ea3n xu\u1ea5t v\u00e0 ph\u00e2n ph\u1ed1i tr\u00ean to\u00e0n qu\u1ed1c. M\u00e1y \u0111\u01b0\u1ee3c \u1ee9ng d\u1ee5ng trong\u00a0\u00a0trong h\u1ec7 th\u1ed1ng d\u00e2y chuy\u1ec1n \u0111\u00f3ng g\u00f3i v\u00e0 \u0111\u01b0\u1ee3c \u00e1p d\u1ee5ng trong\u00a0s\u1ea3n xu\u1ea5t c\u00e1c s\u1ea3n ph\u1ea9m c\u00f3 bao b\u00ec l\u00e0 d\u1ea1ng chai v\u00e0 l\u1ecd.\u00a0M\u00e1y \u0111\u01b0\u1ee3c d\u00f9ng nhi\u1ec1u trong c\u00e1c d\u00e2y chuy\u1ec1n s\u1ea3n xu\u1ea5t s\u1ea3n ph\u1ea9m th\u1ef1c ph\u1ea9m, d\u01b0\u1ee3c m\u1ef9 ph\u1ea9m , m\u1ef9 ph\u1ea9m, trang thi\u1ebft b\u1ecb y t\u1ebf.\u00a0L\u00e0 m\u1ed9t trong nh\u1eefng ph\u00e1t minh \u01b0u vi\u1ec7t\u00a0cho c\u00e1c d\u00e2y chuy\u1ec1n s\u1ea3n xu\u1ea5t v\u1eeba v\u00e0 nh\u1ecf, l\u00e0m t\u0103ng \u0111\u1ed9 th\u1ea9m m\u1ef9 c\u1ee7a s\u1ea3n ph\u1ea9m v\u00e0 c\u00f2n t\u1ea1o ra n\u0103ng xu\u1ea5t cao\u00a0thay th\u1ebf cho qu\u00e1 tr\u00ecnh d\u00e1n nh\u00e3n th\u1ee7 c\u00f4ng l\u00e0m gi\u1ea3m gi\u00e1 th\u00e0nh s\u1ea3n ph\u1ea9m .<\/p>\n<p><img decoding=\"async\" class=\"aligncenter\" src=\"https:\/\/bizweb.dktcdn.net\/thumb\/grande\/100\/395\/008\/files\/may-dan-nhan-mat-phang-de-ban-tmdg2t10-2.jpg?v=1650439609829\" data-thumb=\"grande\" \/><\/p>\n<h3><strong>CH\u1ee8C N\u0102NG<\/strong><\/h3>\n<p><img loading=\"lazy\" decoding=\"async\" src=\"https:\/\/maydonggoiviet.com\/wp-content\/uploads\/2020\/05\/muiten.png\" alt=\"\" width=\"25\" height=\"25\" \/>Thi\u1ebft b\u1ecb n\u00e0y \u0111\u01b0\u1ee3c s\u1eed d\u1ee5ng ph\u1ed5 bi\u1ebfn trong nhi\u1ec1u ng\u00e0nh\u00a0nh\u01b0 c\u00f4ng nghi\u1ec7p ch\u1ebf bi\u1ebfn th\u1ef1c ph\u1ea9m, c\u00f4ng nghi\u1ec7p h\u00f3a m\u1ef9 ph\u1ea9m, ng\u00e0nh trang thi\u1ebft b\u1ecb y t\u1ebf\u00a0d\u01b0\u1ee3c m\u1ef9 ph\u1ea9m,\u2026<\/p>\n<p><img loading=\"lazy\" decoding=\"async\" src=\"https:\/\/maydonggoiviet.com\/wp-content\/uploads\/2020\/05\/muiten.png\" alt=\"\" width=\"25\" height=\"25\" \/>T\u1ea1o \u0111\u01b0\u1ee3c s\u1ef1 \u0111\u1ed3ng b\u1ed9 v\u00e0 th\u1ed1ng nh\u1ea5t trong quy tr\u00ecnh s\u1ea3n xu\u1ea5t, gi\u00fap cho d\u00e2y chuy\u1ec1n ho\u1ea1t \u0111\u1ed9ng nh\u1ecbp nh\u00e0ng m\u00e0 kh\u00f4ng g\u1eb7p ph\u1ea3i s\u1ef1 c\u1ed1 kh\u00f3 kh\u0103n n\u00e0o.<\/p>\n<p><img loading=\"lazy\" decoding=\"async\" src=\"https:\/\/maydonggoiviet.com\/wp-content\/uploads\/2020\/05\/muiten.png\" alt=\"\" width=\"25\" height=\"25\" \/>Ngo\u00e0i ra nh\u1edd c\u00f3 m\u00e1y d\u00e1n decal t\u1ef1 \u0111\u1ed9ng m\u00e0 c\u00f4ng ty v\u00e0 doanh nghi\u1ec7p c\u00f3 th\u1ec3 ti\u1ebft ki\u1ec7m \u0111\u01b0\u1ee3c th\u1eddi gian,\u00a0nh\u00e2n c\u00f4ng lao \u0111\u1ed9ng c\u0169ng nh\u01b0 c\u00e1c chi ph\u00ed v\u1ec1 n\u0103ng l\u01b0\u1ee3ng t\u1ea1o ra \u0111\u01b0\u1ee3c th\u00e0nh ph\u1ea9m \u0111\u1eb9p gi\u00e1 th\u00e0nh r\u1ebb.<\/p>\n<h3><strong>\u1ee8NG D\u1ee4NG<\/strong><\/h3>\n<p>Hi\u1ec7n nay tr\u00ean th\u1ecb tr\u01b0\u1eddng c\u00f3 v\u00f4 s\u1ed1 lo\u1ea1i m\u00e1y d\u00e1n nh\u00e3n decal v\u1edbi nhi\u1ec1u m\u1ee9c gi\u00e1 kh\u00e1c nhau. M\u1ed7i lo\u1ea1i m\u00e1y ph\u00f9 h\u1ee3p v\u1edbi t\u1eebng h\u00ecnh d\u1ea1ng, k\u00edch th\u01b0\u1edbc v\u00e0 \u0111\u1eb7c t\u00ednh c\u1ee7a s\u1ea3n ph\u1ea9m. M\u00e1y \u0111\u01b0\u1ee3c \u00e1p d\u1ee5ng tr\u00ean c\u00e1c s\u1ea3n ph\u1ea9m c\u00f3\u00a0b\u1ec1 m\u1eb7t \u00a0c\u1ea7n d\u00e1n:<\/p>\n<h4><img loading=\"lazy\" decoding=\"async\" src=\"https:\/\/maydonggoiviet.com\/wp-content\/uploads\/2020\/05\/tick-png-blue-copy.png\" alt=\"\" width=\"30\" height=\"30\" \/><strong>\u00a0M\u00e1y d\u00e1n nh\u00e3n tr\u00ean chai tr\u00f2n<\/strong><\/h4>\n<h4><img loading=\"lazy\" decoding=\"async\" src=\"https:\/\/maydonggoiviet.com\/wp-content\/uploads\/2020\/05\/tick-png-blue-copy.png\" alt=\"\" width=\"30\" height=\"30\" \/><strong>M\u00e1y d\u00e1n nh\u00e3n tr\u00ean b\u1ec1 m\u1eb7t ph\u1eb1ng<\/strong><\/h4>\n<p><strong>M\u00e1y d\u00e1n nh\u00e3n chai tr\u00f2n:\u00a0<\/strong>l\u00e0 thi\u1ebft b\u1ecb \u0111\u01b0\u1ee3c s\u1eed d\u1ee5ng \u0111\u1ec3 d\u00e1n nh\u00e3n, cho s\u1ea3n ph\u1ea9m d\u1ea1ng chai tr\u00f2n. M\u00e1y \u0111\u01b0\u1ee3c s\u1eed d\u1ee5ng r\u1ed9ng d\u00e3i trong ng\u00e0nh d\u01b0\u1ee3c, \u0111\u1ed3 u\u1ed1ng, ch\u1ebf bi\u1ebfn th\u1ef1c ph\u1ea9m, m\u1ef9 ph\u1ea9m,\u2026M\u00e1y \u0111\u01b0\u1ee3c c\u00e0i \u0111\u1eb7t \u0111i\u1ec1u ch\u1ec9nh ph\u00f9 h\u1ee3p \u0111\u1ec3 d\u00e1n nhi\u1ec1u lo\u1ea1i chai, l\u1ecd, h\u0169 c\u00f3 k\u00edch th\u01b0\u1edbc kh\u00e1c nhau, k\u00edch th\u01b0\u1edbc tem kh\u00e1c nhau theo m\u00f4 h\u00ecnh s\u1ea3n xu\u1ea5t c\u1ee7a doanh.<\/p>\n<p><img loading=\"lazy\" decoding=\"async\" class=\"aligncenter wp-image-8167 size-full\" src=\"https:\/\/cokhitanminh.com\/may-dong-goi\/wp-content\/uploads\/2021\/12\/may-dan-nhan-mat-phang-de-ban-tmdg2t10-6.jpg\" alt=\"\" width=\"600\" height=\"426\" srcset=\"https:\/\/cokhitanminh.com\/may-dong-goi\/wp-content\/uploads\/2021\/12\/may-dan-nhan-mat-phang-de-ban-tmdg2t10-6.jpg 600w, https:\/\/cokhitanminh.com\/may-dong-goi\/wp-content\/uploads\/2021\/12\/may-dan-nhan-mat-phang-de-ban-tmdg2t10-6-300x213.jpg 300w\" sizes=\"auto, (max-width: 600px) 100vw, 600px\" \/><\/p>\n<h3>C\u00e1c b\u1ed9 ph\u1eadn c\u1ee7a m\u00e1y<\/h3>\n<p style=\"text-align: center;\"><img loading=\"lazy\" decoding=\"async\" class=\"alignnone size-full wp-image-8168\" src=\"https:\/\/cokhitanminh.com\/may-dong-goi\/wp-content\/uploads\/2021\/12\/may-dan-nhan-mat-phang-de-ban-tmdg2t10-4.jpg\" alt=\"\" width=\"600\" height=\"1064\" srcset=\"https:\/\/cokhitanminh.com\/may-dong-goi\/wp-content\/uploads\/2021\/12\/may-dan-nhan-mat-phang-de-ban-tmdg2t10-4.jpg 600w, https:\/\/cokhitanminh.com\/may-dong-goi\/wp-content\/uploads\/2021\/12\/may-dan-nhan-mat-phang-de-ban-tmdg2t10-4-169x300.jpg 169w, https:\/\/cokhitanminh.com\/may-dong-goi\/wp-content\/uploads\/2021\/12\/may-dan-nhan-mat-phang-de-ban-tmdg2t10-4-577x1024.jpg 577w\" sizes=\"auto, (max-width: 600px) 100vw, 600px\" \/> <img loading=\"lazy\" decoding=\"async\" class=\"alignnone size-full wp-image-8169\" src=\"https:\/\/cokhitanminh.com\/may-dong-goi\/wp-content\/uploads\/2021\/12\/may-dan-nhan-mat-phang-de-ban-tmdg2t10-5.jpg\" alt=\"\" width=\"600\" height=\"315\" srcset=\"https:\/\/cokhitanminh.com\/may-dong-goi\/wp-content\/uploads\/2021\/12\/may-dan-nhan-mat-phang-de-ban-tmdg2t10-5.jpg 600w, https:\/\/cokhitanminh.com\/may-dong-goi\/wp-content\/uploads\/2021\/12\/may-dan-nhan-mat-phang-de-ban-tmdg2t10-5-300x158.jpg 300w\" sizes=\"auto, (max-width: 600px) 100vw, 600px\" \/><\/p>\n<h3>Th\u00f4ng s\u1ed1 k\u1ef9 thu\u1eadt<\/h3>\n<p><img loading=\"lazy\" decoding=\"async\" class=\"alignnone size-full wp-image-8170 aligncenter\" src=\"https:\/\/cokhitanminh.com\/may-dong-goi\/wp-content\/uploads\/2021\/12\/may-dan-nhan-mat-phang-de-ban-tmdg2t10-1.jpg\" alt=\"\" width=\"689\" height=\"287\" srcset=\"https:\/\/cokhitanminh.com\/may-dong-goi\/wp-content\/uploads\/2021\/12\/may-dan-nhan-mat-phang-de-ban-tmdg2t10-1.jpg 689w, https:\/\/cokhitanminh.com\/may-dong-goi\/wp-content\/uploads\/2021\/12\/may-dan-nhan-mat-phang-de-ban-tmdg2t10-1-300x125.jpg 300w, https:\/\/cokhitanminh.com\/may-dong-goi\/wp-content\/uploads\/2021\/12\/may-dan-nhan-mat-phang-de-ban-tmdg2t10-1-600x250.jpg 600w\" sizes=\"auto, (max-width: 689px) 100vw, 689px\" \/><\/p>\n<p>M\u1ecdi th\u00f4ng tin v\u1ec1\u00a0<em><strong>M\u00e1y d\u00e1n nh\u00e3n m\u1eb7t ph\u1eb3ng \u0111\u1ec3 b\u00e0n (TM\u0110G-2T10)<\/strong><\/em>\u00a0vui l\u00f2ng li\u00ean h\u1ec7 Hotline: 1900.2861 &#8211; 0967.68.69.11 \u0111\u1ec3 \u0111\u01b0\u1ee3c t\u01b0 v\u1ea5n ho\u00e0n to\u00e0n mi\u1ec5n ph\u00ed!<\/p>\n","protected":false},"excerpt":{"rendered":"<p>M\u00e1y d\u00e1n nh\u00e3n m\u1eb7t ph\u1eb3ng \u0111\u1ec3 b\u00e0n (TM\u0110G-2T10)\u00a0\u0111\u01b0\u1ee3c C\u00f4ng Ty C\u01a1 Kh\u00ed T\u00e2n Minh s\u1ea3n xu\u1ea5t v\u00e0 ph\u00e2n ph\u1ed1i tr\u00ean to\u00e0n qu\u1ed1c. M\u00e1y \u0111\u01b0\u1ee3c \u1ee9ng d\u1ee5ng trong\u00a0\u00a0trong h\u1ec7 th\u1ed1ng d\u00e2y chuy\u1ec1n \u0111\u00f3ng g\u00f3i v\u00e0 \u0111\u01b0\u1ee3c \u00e1p d\u1ee5ng trong\u00a0s\u1ea3n xu\u1ea5t c\u00e1c s\u1ea3n ph\u1ea9m c\u00f3 bao b\u00ec l\u00e0 d\u1ea1ng chai v\u00e0 l\u1ecd.\u00a0M\u00e1y \u0111\u01b0\u1ee3c d\u00f9ng nhi\u1ec1u trong c\u00e1c &#8230;<\/p>\n","protected":false},"featured_media":8171,"comment_status":"open","ping_status":"closed","template":"","meta":[],"class_list":{"0":"post-3224","1":"product","2":"type-product","3":"status-publish","4":"has-post-thumbnail","6":"product_cat-may-dan-tem-nhan","8":"first","9":"instock","10":"shipping-taxable","11":"purchasable","12":"product-type-simple"},"brands":[],"yoast_head":"<!-- This site is optimized with the Yoast SEO plugin v17.6 - https:\/\/yoast.com\/wordpress\/plugins\/seo\/ -->\n<title>M\u00e1y d\u00e1n nh\u00e3n m\u1eb7t ph\u1eb3ng \u0111\u1ec3 b\u00e0n (TM\u0110G-2T10) - M\u00c1Y \u0110\u00d3NG G\u00d3I T\u00c2N MINH<\/title>\n<meta name=\"description\" content=\"M\u1ecdi th\u00f4ng tin v\u1ec1\u00a0M\u00e1y d\u00e1n nh\u00e3n m\u1eb7t ph\u1eb3ng \u0111\u1ec3 b\u00e0n (TM\u0110G-2T10)\u00a0vui l\u00f2ng li\u00ean h\u1ec7 Hotline: 1900.2861 - 0967.68.69.11 \u0111\u1ec3 \u0111\u01b0\u1ee3c t\u01b0 v\u1ea5n ho\u00e0n to\u00e0n mi\u1ec5n ph\u00ed!\" \/>\n<meta name=\"robots\" content=\"index, follow, max-snippet:-1, max-image-preview:large, max-video-preview:-1\" \/>\n<link rel=\"canonical\" href=\"https:\/\/cokhitanminh.com\/may-dong-goi\/may-dan-nhan-mat-phang-de-ban-tmdg2t10\/\" \/>\n<meta property=\"og:locale\" content=\"vi_VN\" \/>\n<meta property=\"og:type\" content=\"article\" \/>\n<meta property=\"og:title\" content=\"M\u00e1y d\u00e1n nh\u00e3n m\u1eb7t ph\u1eb3ng \u0111\u1ec3 b\u00e0n (TM\u0110G-2T10)\" \/>\n<meta property=\"og:description\" content=\"M\u1ecdi th\u00f4ng tin v\u1ec1\u00a0M\u00e1y d\u00e1n nh\u00e3n m\u1eb7t ph\u1eb3ng \u0111\u1ec3 b\u00e0n (TM\u0110G-2T10)\u00a0vui l\u00f2ng li\u00ean h\u1ec7 Hotline: 1900.2861 - 0967.68.69.11 \u0111\u1ec3 \u0111\u01b0\u1ee3c t\u01b0 v\u1ea5n ho\u00e0n to\u00e0n mi\u1ec5n ph\u00ed!\" \/>\n<meta property=\"og:url\" content=\"https:\/\/cokhitanminh.com\/may-dong-goi\/may-dan-nhan-mat-phang-de-ban-tmdg2t10\/\" \/>\n<meta property=\"og:site_name\" content=\"M\u00c1Y \u0110\u00d3NG G\u00d3I T\u00c2N MINH\" \/>\n<meta property=\"article:modified_time\" content=\"2022-04-20T08:38:28+00:00\" \/>\n<meta property=\"og:image\" content=\"https:\/\/cokhitanminh.com\/may-dong-goi\/wp-content\/uploads\/2021\/12\/may-dan-nhan-mat-phang-de-ban-tmdg2t10.jpg\" \/>\n\t<meta property=\"og:image:width\" content=\"600\" \/>\n\t<meta property=\"og:image:height\" content=\"600\" \/>\n<meta name=\"twitter:card\" content=\"summary_large_image\" \/>\n<meta name=\"twitter:title\" content=\"M\u00e1y d\u00e1n nh\u00e3n m\u1eb7t ph\u1eb3ng \u0111\u1ec3 b\u00e0n (TM\u0110G-2T10)\" \/>\n<meta name=\"twitter:description\" content=\"M\u1ecdi th\u00f4ng tin v\u1ec1\u00a0M\u00e1y d\u00e1n nh\u00e3n m\u1eb7t ph\u1eb3ng \u0111\u1ec3 b\u00e0n (TM\u0110G-2T10)\u00a0vui l\u00f2ng li\u00ean h\u1ec7 Hotline: 1900.2861 - 0967.68.69.11 \u0111\u1ec3 \u0111\u01b0\u1ee3c t\u01b0 v\u1ea5n ho\u00e0n to\u00e0n mi\u1ec5n ph\u00ed!\" \/>\n<meta name=\"twitter:image\" content=\"https:\/\/cokhitanminh.com\/may-dong-goi\/wp-content\/uploads\/2021\/12\/may-dan-nhan-mat-phang-de-ban-tmdg2t10.jpg\" \/>\n<meta name=\"twitter:label1\" content=\"\u01af\u1edbc t\u00ednh th\u1eddi gian \u0111\u1ecdc\" \/>\n\t<meta name=\"twitter:data1\" content=\"4 ph\u00fat\" \/>\n<script type=\"application\/ld+json\" class=\"yoast-schema-graph\">{\"@context\":\"https:\/\/schema.org\",\"@graph\":[{\"@type\":\"WebSite\",\"@id\":\"https:\/\/cokhitanminh.com\/may-dong-goi\/#website\",\"url\":\"https:\/\/cokhitanminh.com\/may-dong-goi\/\",\"name\":\"M\\u00c1Y \\u0110\\u00d3NG G\\u00d3I T\\u00c2N MINH\",\"description\":\"Chuy\\u00ean gia m\\u00e1y \\u0111\\u00f3ng g\\u00f3i\",\"potentialAction\":[{\"@type\":\"SearchAction\",\"target\":{\"@type\":\"EntryPoint\",\"urlTemplate\":\"https:\/\/cokhitanminh.com\/may-dong-goi\/?s={search_term_string}\"},\"query-input\":\"required name=search_term_string\"}],\"inLanguage\":\"vi\"},{\"@type\":\"ImageObject\",\"@id\":\"https:\/\/cokhitanminh.com\/may-dong-goi\/may-dan-nhan-mat-phang-de-ban-tmdg2t10\/#primaryimage\",\"inLanguage\":\"vi\",\"url\":\"https:\/\/cokhitanminh.com\/may-dong-goi\/wp-content\/uploads\/2021\/12\/may-dan-nhan-mat-phang-de-ban-tmdg2t10.jpg\",\"contentUrl\":\"https:\/\/cokhitanminh.com\/may-dong-goi\/wp-content\/uploads\/2021\/12\/may-dan-nhan-mat-phang-de-ban-tmdg2t10.jpg\",\"width\":600,\"height\":600},{\"@type\":\"WebPage\",\"@id\":\"https:\/\/cokhitanminh.com\/may-dong-goi\/may-dan-nhan-mat-phang-de-ban-tmdg2t10\/#webpage\",\"url\":\"https:\/\/cokhitanminh.com\/may-dong-goi\/may-dan-nhan-mat-phang-de-ban-tmdg2t10\/\",\"name\":\"M\\u00e1y d\\u00e1n nh\\u00e3n m\\u1eb7t ph\\u1eb3ng \\u0111\\u1ec3 b\\u00e0n (TM\\u0110G-2T10) - M\\u00c1Y \\u0110\\u00d3NG G\\u00d3I T\\u00c2N MINH\",\"isPartOf\":{\"@id\":\"https:\/\/cokhitanminh.com\/may-dong-goi\/#website\"},\"primaryImageOfPage\":{\"@id\":\"https:\/\/cokhitanminh.com\/may-dong-goi\/may-dan-nhan-mat-phang-de-ban-tmdg2t10\/#primaryimage\"},\"datePublished\":\"2021-12-04T03:49:20+00:00\",\"dateModified\":\"2022-04-20T08:38:28+00:00\",\"description\":\"M\\u1ecdi th\\u00f4ng tin v\\u1ec1\\u00a0M\\u00e1y d\\u00e1n nh\\u00e3n m\\u1eb7t ph\\u1eb3ng \\u0111\\u1ec3 b\\u00e0n (TM\\u0110G-2T10)\\u00a0vui l\\u00f2ng li\\u00ean h\\u1ec7 Hotline: 1900.2861 - 0967.68.69.11 \\u0111\\u1ec3 \\u0111\\u01b0\\u1ee3c t\\u01b0 v\\u1ea5n ho\\u00e0n to\\u00e0n mi\\u1ec5n ph\\u00ed!\",\"breadcrumb\":{\"@id\":\"https:\/\/cokhitanminh.com\/may-dong-goi\/may-dan-nhan-mat-phang-de-ban-tmdg2t10\/#breadcrumb\"},\"inLanguage\":\"vi\",\"potentialAction\":[{\"@type\":\"ReadAction\",\"target\":[\"https:\/\/cokhitanminh.com\/may-dong-goi\/may-dan-nhan-mat-phang-de-ban-tmdg2t10\/\"]}]},{\"@type\":\"BreadcrumbList\",\"@id\":\"https:\/\/cokhitanminh.com\/may-dong-goi\/may-dan-nhan-mat-phang-de-ban-tmdg2t10\/#breadcrumb\",\"itemListElement\":[{\"@type\":\"ListItem\",\"position\":1,\"name\":\"Trang ch\\u1ee7\",\"item\":\"https:\/\/cokhitanminh.com\/may-dong-goi\/\"},{\"@type\":\"ListItem\",\"position\":2,\"name\":\"C\\u1eeda h\\u00e0ng\",\"item\":\"https:\/\/cokhitanminh.com\/may-dong-goi\/mua\/\"},{\"@type\":\"ListItem\",\"position\":3,\"name\":\"M\\u00e1y d\\u00e1n nh\\u00e3n m\\u1eb7t ph\\u1eb3ng \\u0111\\u1ec3 b\\u00e0n (TM\\u0110G-2T10)\"}]}]}<\/script>\n<!-- \/ Yoast SEO plugin. -->","yoast_head_json":{"title":"M\u00e1y d\u00e1n nh\u00e3n m\u1eb7t ph\u1eb3ng \u0111\u1ec3 b\u00e0n (TM\u0110G-2T10) - M\u00c1Y \u0110\u00d3NG G\u00d3I T\u00c2N MINH","description":"M\u1ecdi th\u00f4ng tin v\u1ec1\u00a0M\u00e1y d\u00e1n nh\u00e3n m\u1eb7t ph\u1eb3ng \u0111\u1ec3 b\u00e0n (TM\u0110G-2T10)\u00a0vui l\u00f2ng li\u00ean h\u1ec7 Hotline: 1900.2861 - 0967.68.69.11 \u0111\u1ec3 \u0111\u01b0\u1ee3c t\u01b0 v\u1ea5n ho\u00e0n to\u00e0n mi\u1ec5n ph\u00ed!","robots":{"index":"index","follow":"follow","max-snippet":"max-snippet:-1","max-image-preview":"max-image-preview:large","max-video-preview":"max-video-preview:-1"},"canonical":"https:\/\/cokhitanminh.com\/may-dong-goi\/may-dan-nhan-mat-phang-de-ban-tmdg2t10\/","og_locale":"vi_VN","og_type":"article","og_title":"M\u00e1y d\u00e1n nh\u00e3n m\u1eb7t ph\u1eb3ng \u0111\u1ec3 b\u00e0n (TM\u0110G-2T10)","og_description":"M\u1ecdi th\u00f4ng tin v\u1ec1\u00a0M\u00e1y d\u00e1n nh\u00e3n m\u1eb7t ph\u1eb3ng \u0111\u1ec3 b\u00e0n (TM\u0110G-2T10)\u00a0vui l\u00f2ng li\u00ean h\u1ec7 Hotline: 1900.2861 - 0967.68.69.11 \u0111\u1ec3 \u0111\u01b0\u1ee3c t\u01b0 v\u1ea5n ho\u00e0n to\u00e0n mi\u1ec5n ph\u00ed!","og_url":"https:\/\/cokhitanminh.com\/may-dong-goi\/may-dan-nhan-mat-phang-de-ban-tmdg2t10\/","og_site_name":"M\u00c1Y \u0110\u00d3NG G\u00d3I T\u00c2N MINH","article_modified_time":"2022-04-20T08:38:28+00:00","og_image":[{"width":600,"height":600,"url":"https:\/\/cokhitanminh.com\/may-dong-goi\/wp-content\/uploads\/2021\/12\/may-dan-nhan-mat-phang-de-ban-tmdg2t10.jpg","type":"image\/jpeg"}],"twitter_card":"summary_large_image","twitter_title":"M\u00e1y d\u00e1n nh\u00e3n m\u1eb7t ph\u1eb3ng \u0111\u1ec3 b\u00e0n (TM\u0110G-2T10)","twitter_description":"M\u1ecdi th\u00f4ng tin v\u1ec1\u00a0M\u00e1y d\u00e1n nh\u00e3n m\u1eb7t ph\u1eb3ng \u0111\u1ec3 b\u00e0n (TM\u0110G-2T10)\u00a0vui l\u00f2ng li\u00ean h\u1ec7 Hotline: 1900.2861 - 0967.68.69.11 \u0111\u1ec3 \u0111\u01b0\u1ee3c t\u01b0 v\u1ea5n ho\u00e0n to\u00e0n mi\u1ec5n ph\u00ed!","twitter_image":"https:\/\/cokhitanminh.com\/may-dong-goi\/wp-content\/uploads\/2021\/12\/may-dan-nhan-mat-phang-de-ban-tmdg2t10.jpg","twitter_misc":{"\u01af\u1edbc t\u00ednh th\u1eddi gian \u0111\u1ecdc":"4 ph\u00fat"},"schema":{"@context":"https:\/\/schema.org","@graph":[{"@type":"WebSite","@id":"https:\/\/cokhitanminh.com\/may-dong-goi\/#website","url":"https:\/\/cokhitanminh.com\/may-dong-goi\/","name":"M\u00c1Y \u0110\u00d3NG G\u00d3I T\u00c2N MINH","description":"Chuy\u00ean gia m\u00e1y \u0111\u00f3ng g\u00f3i","potentialAction":[{"@type":"SearchAction","target":{"@type":"EntryPoint","urlTemplate":"https:\/\/cokhitanminh.com\/may-dong-goi\/?s={search_term_string}"},"query-input":"required name=search_term_string"}],"inLanguage":"vi"},{"@type":"ImageObject","@id":"https:\/\/cokhitanminh.com\/may-dong-goi\/may-dan-nhan-mat-phang-de-ban-tmdg2t10\/#primaryimage","inLanguage":"vi","url":"https:\/\/cokhitanminh.com\/may-dong-goi\/wp-content\/uploads\/2021\/12\/may-dan-nhan-mat-phang-de-ban-tmdg2t10.jpg","contentUrl":"https:\/\/cokhitanminh.com\/may-dong-goi\/wp-content\/uploads\/2021\/12\/may-dan-nhan-mat-phang-de-ban-tmdg2t10.jpg","width":600,"height":600},{"@type":"WebPage","@id":"https:\/\/cokhitanminh.com\/may-dong-goi\/may-dan-nhan-mat-phang-de-ban-tmdg2t10\/#webpage","url":"https:\/\/cokhitanminh.com\/may-dong-goi\/may-dan-nhan-mat-phang-de-ban-tmdg2t10\/","name":"M\u00e1y d\u00e1n nh\u00e3n m\u1eb7t ph\u1eb3ng \u0111\u1ec3 b\u00e0n (TM\u0110G-2T10) - M\u00c1Y \u0110\u00d3NG G\u00d3I T\u00c2N MINH","isPartOf":{"@id":"https:\/\/cokhitanminh.com\/may-dong-goi\/#website"},"primaryImageOfPage":{"@id":"https:\/\/cokhitanminh.com\/may-dong-goi\/may-dan-nhan-mat-phang-de-ban-tmdg2t10\/#primaryimage"},"datePublished":"2021-12-04T03:49:20+00:00","dateModified":"2022-04-20T08:38:28+00:00","description":"M\u1ecdi th\u00f4ng tin v\u1ec1\u00a0M\u00e1y d\u00e1n nh\u00e3n m\u1eb7t ph\u1eb3ng \u0111\u1ec3 b\u00e0n (TM\u0110G-2T10)\u00a0vui l\u00f2ng li\u00ean h\u1ec7 Hotline: 1900.2861 - 0967.68.69.11 \u0111\u1ec3 \u0111\u01b0\u1ee3c t\u01b0 v\u1ea5n ho\u00e0n to\u00e0n mi\u1ec5n ph\u00ed!","breadcrumb":{"@id":"https:\/\/cokhitanminh.com\/may-dong-goi\/may-dan-nhan-mat-phang-de-ban-tmdg2t10\/#breadcrumb"},"inLanguage":"vi","potentialAction":[{"@type":"ReadAction","target":["https:\/\/cokhitanminh.com\/may-dong-goi\/may-dan-nhan-mat-phang-de-ban-tmdg2t10\/"]}]},{"@type":"BreadcrumbList","@id":"https:\/\/cokhitanminh.com\/may-dong-goi\/may-dan-nhan-mat-phang-de-ban-tmdg2t10\/#breadcrumb","itemListElement":[{"@type":"ListItem","position":1,"name":"Trang ch\u1ee7","item":"https:\/\/cokhitanminh.com\/may-dong-goi\/"},{"@type":"ListItem","position":2,"name":"C\u1eeda h\u00e0ng","item":"https:\/\/cokhitanminh.com\/may-dong-goi\/mua\/"},{"@type":"ListItem","position":3,"name":"M\u00e1y d\u00e1n nh\u00e3n m\u1eb7t ph\u1eb3ng \u0111\u1ec3 b\u00e0n (TM\u0110G-2T10)"}]}]}},"_links":{"self":[{"href":"https:\/\/cokhitanminh.com\/may-dong-goi\/wp-json\/wp\/v2\/product\/3224","targetHints":{"allow":["GET"]}}],"collection":[{"href":"https:\/\/cokhitanminh.com\/may-dong-goi\/wp-json\/wp\/v2\/product"}],"about":[{"href":"https:\/\/cokhitanminh.com\/may-dong-goi\/wp-json\/wp\/v2\/types\/product"}],"replies":[{"embeddable":true,"href":"https:\/\/cokhitanminh.com\/may-dong-goi\/wp-json\/wp\/v2\/comments?post=3224"}],"wp:featuredmedia":[{"embeddable":true,"href":"https:\/\/cokhitanminh.com\/may-dong-goi\/wp-json\/wp\/v2\/media\/8171"}],"wp:attachment":[{"href":"https:\/\/cokhitanminh.com\/may-dong-goi\/wp-json\/wp\/v2\/media?parent=3224"}],"curies":[{"name":"wp","href":"https:\/\/api.w.org\/{rel}","templated":true}]}}