{"id":3189,"date":"2021-12-04T03:48:24","date_gmt":"2021-12-04T03:48:24","guid":{"rendered":"https:\/\/cokhitanminh.com\/may-dong-goi\/?post_type=product&#038;p=3189"},"modified":"2021-12-04T03:49:36","modified_gmt":"2021-12-04T03:49:36","slug":"day-chuyen-chiet-rot-nuoc-cam-tu-dong-3-in-1-tmkm-k10","status":"publish","type":"product","link":"https:\/\/cokhitanminh.com\/may-dong-goi\/day-chuyen-chiet-rot-nuoc-cam-tu-dong-3-in-1-tmkm-k10\/","title":{"rendered":"D\u00e2y chuy\u1ec1n chi\u1ebft r\u00f3t n\u01b0\u1edbc cam t\u1ef1 \u0111\u1ed9ng 3 in 1 (TMKM-K10)"},"content":{"rendered":"<p><a href=\"http:\/\/maydonggoitanminh.com\/day-chuyen-chiet-rot-nuoc-cam-tu-dong-3-in-1-tmkm-k10\/\"><em><strong>D\u00e2y chuy\u1ec1n chi\u1ebft r\u00f3t n\u01b0\u1edbc cam t\u1ef1 \u0111\u1ed9ng 3 in 1<\/strong><\/em><\/a>\u00a0(TMKM-K10) \u0111\u01b0\u1ee3c C\u00f4ng Ty C\u01a1 Kh\u00ed T\u00e2n Minh nghi\u00ean c\u1ee9u s\u1ea3n xu\u1ea5t v\u00e0 l\u1eafp \u0111\u1eb7t tr\u00ean c\u1ea3 n\u01b0\u1edbc.<\/p>\n<p>V\u1edbi kinh nghi\u1ec7m nhi\u1ec1u n\u0103m trong ng\u00e0nh c\u01a1 kh\u00ed ch\u1ebf t\u1ea1o m\u00e1y, ch\u00fang t\u00f4i t\u1ef1 h\u00e0o l\u00e0 m\u1ed9t trong nh\u1eefng \u0111\u1ed1i t\u00e1c tin c\u1eady \u0111\u01b0\u1ee3c c\u00e1c doanh nghi\u1ec7p trong v\u00e0 ngo\u00e0i n\u01b0\u1edbc tin t\u01b0\u1edfng l\u1ef1a ch\u1ecdn l\u00e0m nh\u00e0 th\u1ea7u ch\u00ednh \u0111\u1ec3 T\u01b0 V\u1ea5n \u2013 Thi\u1ebft K\u1ebf \u2013 L\u1eafp \u0110\u1eb7t c\u00e1c d\u00e2y chuy\u1ec1n s\u1ea3n xu\u1ea5t.<\/p>\n<p>T\u1ea5t c\u1ea3 c\u00e1c d\u00e2y chuy\u1ec1n do C\u00f4ng Ty C\u01a1 Kh\u00ed T\u00e2n Minh s\u1ea3n xu\u1ea5t \u0111\u1ec1u \u0111\u01b0\u1ee3c c\u00e1c Chuy\u00ean Gia, K\u0129 S\u01b0 nhi\u1ec1u n\u0103m kinh nghi\u1ec7m nghi\u00ean c\u1ee9u c\u00f9ng v\u1edbi \u0111\u1ed9i ng\u0169 Th\u1ee3 C\u01a1 Kh\u00ed tay ngh\u1ec1 cao tr\u1ef1c ti\u1ebfp thi c\u00f4ng l\u1eafp \u0111\u1eb7t.<\/p>\n<p>M\u1ed9t s\u1ed1 h\u00ecnh \u1ea3nh\u00a0<em><strong>D\u00e2y chuy\u1ec1n chi\u1ebft r\u00f3t n\u01b0\u1edbc cam t\u1ef1 \u0111\u1ed9ng 3 in 1<\/strong><\/em>\u00a0(TMKM-K10) do C\u00f4ng Ty C\u01a1 Khi T\u00e2n Minh nghi\u00ean c\u1ee9u l\u1eafp \u0111\u1eb7t:<\/p>\n<figure id=\"attachment_18314\" aria-describedby=\"caption-attachment-18314\" style=\"width: 550px\" class=\"wp-caption aligncenter\"><img loading=\"lazy\" decoding=\"async\" class=\"size-full wp-image-18314\" src=\"http:\/\/maydonggoitanminh.com\/wp-content\/uploads\/2019\/08\/day-chuyen-chiet-rot-nuoc-cam-tu-dong-3-in-1-2.jpg\" alt=\"\" width=\"550\" height=\"550\" \/><figcaption id=\"caption-attachment-18314\" class=\"wp-caption-text\">D\u00e2y chuy\u1ec1n chi\u1ebft r\u00f3t n\u01b0\u1edbc cam t\u1ef1 \u0111\u1ed9ng 3 in 1<\/figcaption><\/figure>\n<figure id=\"attachment_18315\" aria-describedby=\"caption-attachment-18315\" style=\"width: 550px\" class=\"wp-caption aligncenter\"><img loading=\"lazy\" decoding=\"async\" class=\"size-full wp-image-18315\" src=\"http:\/\/maydonggoitanminh.com\/wp-content\/uploads\/2019\/08\/day-chuyen-chiet-rot-nuoc-cam-tu-dong-3-in-1-3.jpg\" alt=\"\" width=\"550\" height=\"550\" \/><figcaption id=\"caption-attachment-18315\" class=\"wp-caption-text\">D\u00e2y chuy\u1ec1n chi\u1ebft r\u00f3t n\u01b0\u1edbc cam t\u1ef1 \u0111\u1ed9ng 3 in 1<\/figcaption><\/figure>\n<figure id=\"attachment_18316\" aria-describedby=\"caption-attachment-18316\" style=\"width: 550px\" class=\"wp-caption aligncenter\"><img loading=\"lazy\" decoding=\"async\" class=\"size-full wp-image-18316\" src=\"http:\/\/maydonggoitanminh.com\/wp-content\/uploads\/2019\/08\/day-chuyen-chiet-rot-nuoc-cam-tu-dong-3-in-1-4.jpg\" alt=\"\" width=\"550\" height=\"550\" \/><figcaption id=\"caption-attachment-18316\" class=\"wp-caption-text\">D\u00e2y chuy\u1ec1n chi\u1ebft r\u00f3t n\u01b0\u1edbc cam t\u1ef1 \u0111\u1ed9ng 3 in 1<\/figcaption><\/figure>\n<p><img loading=\"lazy\" decoding=\"async\" class=\"aligncenter size-full wp-image-18317\" src=\"http:\/\/maydonggoitanminh.com\/wp-content\/uploads\/2019\/08\/day-chuyen-chiet-rot-nuoc-cam-tu-dong-3-in-1-5.jpg\" alt=\"\" width=\"500\" height=\"500\" \/><\/p>\n<p>Th\u00f4ng s\u1ed1 k\u1ef9 thu\u1eadt\u00a0<em><strong>D\u00e2y chuy\u1ec1n chi\u1ebft r\u00f3t n\u01b0\u1edbc cam t\u1ef1 \u0111\u1ed9ng 3 in 1<\/strong><\/em>:<\/p>\n<p>\u2013 Model: TMKM-K10<\/p>\n<p>\u2013 M\u00f4 h\u00ecnh: RCGF24-24-8<\/p>\n<p>\u2013 \u0110i\u1ec7n \u00e1p: 380V\/50Hz<\/p>\n<p>\u2013 N\u0103ng su\u1ea5t: 6000 &#8211; 8000 chai\/h (500ml)<\/p>\n<p>\u2013 S\u1ed1 \u0111\u1ea7u x\u00fac r\u1eeda: 24<\/p>\n<p>\u2013 S\u1ed1 \u0111\u1ea7u chi\u1ebft r\u00f3t: 24<\/p>\n<p>\u2013 S\u1ed1 \u0111\u1ea7u \u0111\u00f3ng n\u1eafp: 8<\/p>\n<p>\u2013 Chai th\u00edch h\u1ee3p: chai nh\u1ef1a PET, chai th\u1ee7y tinh<\/p>\n<p>\u2013 \u0110\u01b0\u1eddng k\u00ednh chai: 50 \u2013 115 mm<\/p>\n<p>\u2013 Chi\u1ec1u cao chai: 160 \u2013 320 mm<\/p>\n<p>\u2013 \u00c1p su\u1ea5t kh\u00ed n\u00e9n: 0.3 \u2013 0.7 Mpa<\/p>\n<p>\u2013 B\u1ea3o h\u00e0nh: 12 th\u00e1ng<\/p>\n","protected":false},"excerpt":{"rendered":"<p>D\u00e2y chuy\u1ec1n chi\u1ebft r\u00f3t n\u01b0\u1edbc cam t\u1ef1 \u0111\u1ed9ng 3 in 1\u00a0(TMKM-K10) \u0111\u01b0\u1ee3c C\u00f4ng Ty C\u01a1 Kh\u00ed T\u00e2n Minh nghi\u00ean c\u1ee9u s\u1ea3n xu\u1ea5t v\u00e0 l\u1eafp \u0111\u1eb7t tr\u00ean c\u1ea3 n\u01b0\u1edbc. V\u1edbi kinh nghi\u1ec7m nhi\u1ec1u n\u0103m trong ng\u00e0nh c\u01a1 kh\u00ed ch\u1ebf t\u1ea1o m\u00e1y, ch\u00fang t\u00f4i t\u1ef1 h\u00e0o l\u00e0 m\u1ed9t trong nh\u1eefng \u0111\u1ed1i t\u00e1c tin c\u1eady \u0111\u01b0\u1ee3c c\u00e1c doanh &#8230;<\/p>\n","protected":false},"featured_media":3236,"comment_status":"open","ping_status":"closed","template":"","meta":[],"class_list":{"0":"post-3189","1":"product","2":"type-product","3":"status-publish","4":"has-post-thumbnail","7":"first","8":"instock","9":"shipping-taxable","10":"purchasable","11":"product-type-simple"},"brands":[],"yoast_head":"<!-- This site is optimized with the Yoast SEO plugin v17.6 - https:\/\/yoast.com\/wordpress\/plugins\/seo\/ -->\n<title>D\u00e2y chuy\u1ec1n chi\u1ebft r\u00f3t n\u01b0\u1edbc cam t\u1ef1 \u0111\u1ed9ng 3 in 1 (TMKM-K10) - M\u00c1Y \u0110\u00d3NG G\u00d3I T\u00c2N MINH<\/title>\n<meta name=\"description\" content=\"D\u00e2y chuy\u1ec1n chi\u1ebft r\u00f3t n\u01b0\u1edbc cam t\u1ef1 \u0111\u1ed9ng 3 in 1 (TMKM-K10) uy t\u00edn ch\u1ea5t l\u01b0\u1ee3ng Li\u00ean h\u1ec7 Hotline 1: 1900 2861 | Hotline 2: 09 67 68 69 11 \u0110\u1ec3 \u0111\u01b0\u1ee3c t\u01b0 v\u1ea5n mi\u1ec5n ph\u00ed!\" \/>\n<meta name=\"robots\" content=\"index, follow, max-snippet:-1, max-image-preview:large, max-video-preview:-1\" \/>\n<link rel=\"canonical\" href=\"https:\/\/cokhitanminh.com\/may-dong-goi\/day-chuyen-chiet-rot-nuoc-cam-tu-dong-3-in-1-tmkm-k10\/\" \/>\n<meta property=\"og:locale\" content=\"vi_VN\" \/>\n<meta property=\"og:type\" content=\"article\" \/>\n<meta property=\"og:title\" content=\"D\u00e2y chuy\u1ec1n chi\u1ebft r\u00f3t n\u01b0\u1edbc cam t\u1ef1 \u0111\u1ed9ng 3 in 1 (TMKM-K10) - M\u00c1Y \u0110\u00d3NG G\u00d3I T\u00c2N MINH\" \/>\n<meta property=\"og:description\" content=\"D\u00e2y chuy\u1ec1n chi\u1ebft r\u00f3t n\u01b0\u1edbc cam t\u1ef1 \u0111\u1ed9ng 3 in 1 (TMKM-K10) uy t\u00edn ch\u1ea5t l\u01b0\u1ee3ng Li\u00ean h\u1ec7 Hotline 1: 1900 2861 | Hotline 2: 09 67 68 69 11 \u0110\u1ec3 \u0111\u01b0\u1ee3c t\u01b0 v\u1ea5n mi\u1ec5n ph\u00ed!\" \/>\n<meta property=\"og:url\" content=\"https:\/\/cokhitanminh.com\/may-dong-goi\/day-chuyen-chiet-rot-nuoc-cam-tu-dong-3-in-1-tmkm-k10\/\" \/>\n<meta property=\"og:site_name\" content=\"M\u00c1Y \u0110\u00d3NG G\u00d3I T\u00c2N MINH\" \/>\n<meta property=\"article:modified_time\" content=\"2021-12-04T03:49:36+00:00\" \/>\n<meta property=\"og:image\" content=\"https:\/\/cokhitanminh.com\/may-dong-goi\/wp-content\/uploads\/2021\/12\/day-chuyen-chiet-rot-nuoc-cam-tu-dong-3-in-1-1-1.jpg\" \/>\n\t<meta property=\"og:image:width\" content=\"600\" \/>\n\t<meta property=\"og:image:height\" content=\"335\" \/>\n<meta name=\"twitter:card\" content=\"summary_large_image\" \/>\n<meta name=\"twitter:label1\" content=\"\u01af\u1edbc t\u00ednh th\u1eddi gian \u0111\u1ecdc\" \/>\n\t<meta name=\"twitter:data1\" content=\"2 ph\u00fat\" \/>\n<script type=\"application\/ld+json\" class=\"yoast-schema-graph\">{\"@context\":\"https:\/\/schema.org\",\"@graph\":[{\"@type\":\"WebSite\",\"@id\":\"https:\/\/cokhitanminh.com\/may-dong-goi\/#website\",\"url\":\"https:\/\/cokhitanminh.com\/may-dong-goi\/\",\"name\":\"M\\u00c1Y \\u0110\\u00d3NG G\\u00d3I T\\u00c2N MINH\",\"description\":\"Chuy\\u00ean gia m\\u00e1y \\u0111\\u00f3ng g\\u00f3i\",\"potentialAction\":[{\"@type\":\"SearchAction\",\"target\":{\"@type\":\"EntryPoint\",\"urlTemplate\":\"https:\/\/cokhitanminh.com\/may-dong-goi\/?s={search_term_string}\"},\"query-input\":\"required name=search_term_string\"}],\"inLanguage\":\"vi\"},{\"@type\":\"ImageObject\",\"@id\":\"https:\/\/cokhitanminh.com\/may-dong-goi\/day-chuyen-chiet-rot-nuoc-cam-tu-dong-3-in-1-tmkm-k10\/#primaryimage\",\"inLanguage\":\"vi\",\"url\":\"https:\/\/cokhitanminh.com\/may-dong-goi\/wp-content\/uploads\/2021\/12\/day-chuyen-chiet-rot-nuoc-cam-tu-dong-3-in-1-1-1.jpg\",\"contentUrl\":\"https:\/\/cokhitanminh.com\/may-dong-goi\/wp-content\/uploads\/2021\/12\/day-chuyen-chiet-rot-nuoc-cam-tu-dong-3-in-1-1-1.jpg\",\"width\":600,\"height\":335},{\"@type\":\"WebPage\",\"@id\":\"https:\/\/cokhitanminh.com\/may-dong-goi\/day-chuyen-chiet-rot-nuoc-cam-tu-dong-3-in-1-tmkm-k10\/#webpage\",\"url\":\"https:\/\/cokhitanminh.com\/may-dong-goi\/day-chuyen-chiet-rot-nuoc-cam-tu-dong-3-in-1-tmkm-k10\/\",\"name\":\"D\\u00e2y chuy\\u1ec1n chi\\u1ebft r\\u00f3t n\\u01b0\\u1edbc cam t\\u1ef1 \\u0111\\u1ed9ng 3 in 1 (TMKM-K10) - M\\u00c1Y \\u0110\\u00d3NG G\\u00d3I T\\u00c2N MINH\",\"isPartOf\":{\"@id\":\"https:\/\/cokhitanminh.com\/may-dong-goi\/#website\"},\"primaryImageOfPage\":{\"@id\":\"https:\/\/cokhitanminh.com\/may-dong-goi\/day-chuyen-chiet-rot-nuoc-cam-tu-dong-3-in-1-tmkm-k10\/#primaryimage\"},\"datePublished\":\"2021-12-04T03:48:24+00:00\",\"dateModified\":\"2021-12-04T03:49:36+00:00\",\"description\":\"D\\u00e2y chuy\\u1ec1n chi\\u1ebft r\\u00f3t n\\u01b0\\u1edbc cam t\\u1ef1 \\u0111\\u1ed9ng 3 in 1 (TMKM-K10) uy t\\u00edn ch\\u1ea5t l\\u01b0\\u1ee3ng Li\\u00ean h\\u1ec7 Hotline 1: 1900 2861 | Hotline 2: 09 67 68 69 11 \\u0110\\u1ec3 \\u0111\\u01b0\\u1ee3c t\\u01b0 v\\u1ea5n mi\\u1ec5n ph\\u00ed!\",\"breadcrumb\":{\"@id\":\"https:\/\/cokhitanminh.com\/may-dong-goi\/day-chuyen-chiet-rot-nuoc-cam-tu-dong-3-in-1-tmkm-k10\/#breadcrumb\"},\"inLanguage\":\"vi\",\"potentialAction\":[{\"@type\":\"ReadAction\",\"target\":[\"https:\/\/cokhitanminh.com\/may-dong-goi\/day-chuyen-chiet-rot-nuoc-cam-tu-dong-3-in-1-tmkm-k10\/\"]}]},{\"@type\":\"BreadcrumbList\",\"@id\":\"https:\/\/cokhitanminh.com\/may-dong-goi\/day-chuyen-chiet-rot-nuoc-cam-tu-dong-3-in-1-tmkm-k10\/#breadcrumb\",\"itemListElement\":[{\"@type\":\"ListItem\",\"position\":1,\"name\":\"Trang ch\\u1ee7\",\"item\":\"https:\/\/cokhitanminh.com\/may-dong-goi\/\"},{\"@type\":\"ListItem\",\"position\":2,\"name\":\"C\\u1eeda h\\u00e0ng\",\"item\":\"https:\/\/cokhitanminh.com\/may-dong-goi\/mua\/\"},{\"@type\":\"ListItem\",\"position\":3,\"name\":\"D\\u00e2y chuy\\u1ec1n chi\\u1ebft r\\u00f3t n\\u01b0\\u1edbc cam t\\u1ef1 \\u0111\\u1ed9ng 3 in 1 (TMKM-K10)\"}]}]}<\/script>\n<!-- \/ Yoast SEO plugin. -->","yoast_head_json":{"title":"D\u00e2y chuy\u1ec1n chi\u1ebft r\u00f3t n\u01b0\u1edbc cam t\u1ef1 \u0111\u1ed9ng 3 in 1 (TMKM-K10) - M\u00c1Y \u0110\u00d3NG G\u00d3I T\u00c2N MINH","description":"D\u00e2y chuy\u1ec1n chi\u1ebft r\u00f3t n\u01b0\u1edbc cam t\u1ef1 \u0111\u1ed9ng 3 in 1 (TMKM-K10) uy t\u00edn ch\u1ea5t l\u01b0\u1ee3ng Li\u00ean h\u1ec7 Hotline 1: 1900 2861 | Hotline 2: 09 67 68 69 11 \u0110\u1ec3 \u0111\u01b0\u1ee3c t\u01b0 v\u1ea5n mi\u1ec5n ph\u00ed!","robots":{"index":"index","follow":"follow","max-snippet":"max-snippet:-1","max-image-preview":"max-image-preview:large","max-video-preview":"max-video-preview:-1"},"canonical":"https:\/\/cokhitanminh.com\/may-dong-goi\/day-chuyen-chiet-rot-nuoc-cam-tu-dong-3-in-1-tmkm-k10\/","og_locale":"vi_VN","og_type":"article","og_title":"D\u00e2y chuy\u1ec1n chi\u1ebft r\u00f3t n\u01b0\u1edbc cam t\u1ef1 \u0111\u1ed9ng 3 in 1 (TMKM-K10) - M\u00c1Y \u0110\u00d3NG G\u00d3I T\u00c2N MINH","og_description":"D\u00e2y chuy\u1ec1n chi\u1ebft r\u00f3t n\u01b0\u1edbc cam t\u1ef1 \u0111\u1ed9ng 3 in 1 (TMKM-K10) uy t\u00edn ch\u1ea5t l\u01b0\u1ee3ng Li\u00ean h\u1ec7 Hotline 1: 1900 2861 | Hotline 2: 09 67 68 69 11 \u0110\u1ec3 \u0111\u01b0\u1ee3c t\u01b0 v\u1ea5n mi\u1ec5n ph\u00ed!","og_url":"https:\/\/cokhitanminh.com\/may-dong-goi\/day-chuyen-chiet-rot-nuoc-cam-tu-dong-3-in-1-tmkm-k10\/","og_site_name":"M\u00c1Y \u0110\u00d3NG G\u00d3I T\u00c2N MINH","article_modified_time":"2021-12-04T03:49:36+00:00","og_image":[{"width":600,"height":335,"url":"https:\/\/cokhitanminh.com\/may-dong-goi\/wp-content\/uploads\/2021\/12\/day-chuyen-chiet-rot-nuoc-cam-tu-dong-3-in-1-1-1.jpg","type":"image\/jpeg"}],"twitter_card":"summary_large_image","twitter_misc":{"\u01af\u1edbc t\u00ednh th\u1eddi gian \u0111\u1ecdc":"2 ph\u00fat"},"schema":{"@context":"https:\/\/schema.org","@graph":[{"@type":"WebSite","@id":"https:\/\/cokhitanminh.com\/may-dong-goi\/#website","url":"https:\/\/cokhitanminh.com\/may-dong-goi\/","name":"M\u00c1Y \u0110\u00d3NG G\u00d3I T\u00c2N MINH","description":"Chuy\u00ean gia m\u00e1y \u0111\u00f3ng g\u00f3i","potentialAction":[{"@type":"SearchAction","target":{"@type":"EntryPoint","urlTemplate":"https:\/\/cokhitanminh.com\/may-dong-goi\/?s={search_term_string}"},"query-input":"required name=search_term_string"}],"inLanguage":"vi"},{"@type":"ImageObject","@id":"https:\/\/cokhitanminh.com\/may-dong-goi\/day-chuyen-chiet-rot-nuoc-cam-tu-dong-3-in-1-tmkm-k10\/#primaryimage","inLanguage":"vi","url":"https:\/\/cokhitanminh.com\/may-dong-goi\/wp-content\/uploads\/2021\/12\/day-chuyen-chiet-rot-nuoc-cam-tu-dong-3-in-1-1-1.jpg","contentUrl":"https:\/\/cokhitanminh.com\/may-dong-goi\/wp-content\/uploads\/2021\/12\/day-chuyen-chiet-rot-nuoc-cam-tu-dong-3-in-1-1-1.jpg","width":600,"height":335},{"@type":"WebPage","@id":"https:\/\/cokhitanminh.com\/may-dong-goi\/day-chuyen-chiet-rot-nuoc-cam-tu-dong-3-in-1-tmkm-k10\/#webpage","url":"https:\/\/cokhitanminh.com\/may-dong-goi\/day-chuyen-chiet-rot-nuoc-cam-tu-dong-3-in-1-tmkm-k10\/","name":"D\u00e2y chuy\u1ec1n chi\u1ebft r\u00f3t n\u01b0\u1edbc cam t\u1ef1 \u0111\u1ed9ng 3 in 1 (TMKM-K10) - M\u00c1Y \u0110\u00d3NG G\u00d3I T\u00c2N MINH","isPartOf":{"@id":"https:\/\/cokhitanminh.com\/may-dong-goi\/#website"},"primaryImageOfPage":{"@id":"https:\/\/cokhitanminh.com\/may-dong-goi\/day-chuyen-chiet-rot-nuoc-cam-tu-dong-3-in-1-tmkm-k10\/#primaryimage"},"datePublished":"2021-12-04T03:48:24+00:00","dateModified":"2021-12-04T03:49:36+00:00","description":"D\u00e2y chuy\u1ec1n chi\u1ebft r\u00f3t n\u01b0\u1edbc cam t\u1ef1 \u0111\u1ed9ng 3 in 1 (TMKM-K10) uy t\u00edn ch\u1ea5t l\u01b0\u1ee3ng Li\u00ean h\u1ec7 Hotline 1: 1900 2861 | Hotline 2: 09 67 68 69 11 \u0110\u1ec3 \u0111\u01b0\u1ee3c t\u01b0 v\u1ea5n mi\u1ec5n ph\u00ed!","breadcrumb":{"@id":"https:\/\/cokhitanminh.com\/may-dong-goi\/day-chuyen-chiet-rot-nuoc-cam-tu-dong-3-in-1-tmkm-k10\/#breadcrumb"},"inLanguage":"vi","potentialAction":[{"@type":"ReadAction","target":["https:\/\/cokhitanminh.com\/may-dong-goi\/day-chuyen-chiet-rot-nuoc-cam-tu-dong-3-in-1-tmkm-k10\/"]}]},{"@type":"BreadcrumbList","@id":"https:\/\/cokhitanminh.com\/may-dong-goi\/day-chuyen-chiet-rot-nuoc-cam-tu-dong-3-in-1-tmkm-k10\/#breadcrumb","itemListElement":[{"@type":"ListItem","position":1,"name":"Trang ch\u1ee7","item":"https:\/\/cokhitanminh.com\/may-dong-goi\/"},{"@type":"ListItem","position":2,"name":"C\u1eeda h\u00e0ng","item":"https:\/\/cokhitanminh.com\/may-dong-goi\/mua\/"},{"@type":"ListItem","position":3,"name":"D\u00e2y chuy\u1ec1n chi\u1ebft r\u00f3t n\u01b0\u1edbc cam t\u1ef1 \u0111\u1ed9ng 3 in 1 (TMKM-K10)"}]}]}},"_links":{"self":[{"href":"https:\/\/cokhitanminh.com\/may-dong-goi\/wp-json\/wp\/v2\/product\/3189","targetHints":{"allow":["GET"]}}],"collection":[{"href":"https:\/\/cokhitanminh.com\/may-dong-goi\/wp-json\/wp\/v2\/product"}],"about":[{"href":"https:\/\/cokhitanminh.com\/may-dong-goi\/wp-json\/wp\/v2\/types\/product"}],"replies":[{"embeddable":true,"href":"https:\/\/cokhitanminh.com\/may-dong-goi\/wp-json\/wp\/v2\/comments?post=3189"}],"wp:featuredmedia":[{"embeddable":true,"href":"https:\/\/cokhitanminh.com\/may-dong-goi\/wp-json\/wp\/v2\/media\/3236"}],"wp:attachment":[{"href":"https:\/\/cokhitanminh.com\/may-dong-goi\/wp-json\/wp\/v2\/media?parent=3189"}],"curies":[{"name":"wp","href":"https:\/\/api.w.org\/{rel}","templated":true}]}}