{"id":3115,"date":"2021-12-04T03:44:19","date_gmt":"2021-12-04T03:44:19","guid":{"rendered":"https:\/\/cokhitanminh.com\/may-dong-goi\/?post_type=product&#038;p=3115"},"modified":"2021-12-04T03:45:48","modified_gmt":"2021-12-04T03:45:48","slug":"tu-say-bat-1500l-vn201-tmcn-b52","status":"publish","type":"product","link":"https:\/\/cokhitanminh.com\/may-dong-goi\/tu-say-bat-1500l-vn201-tmcn-b52\/","title":{"rendered":"T\u1ee7 s\u1ea5y b\u00e1t 1500L VN201 (TMCN-B52)"},"content":{"rendered":"<h3 class=\"product_title entry-title\"><a href=\"http:\/\/maydonggoitanminh.com\/tu-say-bat-1500l-vn201-tmcn-b52\/\"><em><strong>T\u1ee7 s\u1ea5y b\u00e1t 1500L VN201<\/strong><\/em><\/a> (TMCN-B52)<\/h3>\n<p class=\"product_title entry-title\"><em><strong>T\u1ee7 s\u1ea5y b\u00e1t 1500L VN201<\/strong><\/em> (TMCN-B52)\u00a0\u0111\u01b0\u1ee3c nghi\u00ean c\u1ee9u s\u1ea3n xu\u1ea5t v\u00e0 ph\u00e2n ph\u1ed1i tr\u00ean to\u00e0n qu\u1ed1c. T\u1ea5t c\u1ea3 c\u00e1c s\u1ea3n ph\u1ea9m c\u1ee7a ch\u00fang t\u00f4i \u0111\u1ec1u \u0111\u01b0\u1ee3c ki\u1ec3m tra k\u1ef9 l\u01b0\u1ee1ng v\u00e0 v\u1eadn h\u00e0nh th\u1ef1c t\u1ebf \u0111\u1ec3 lu\u00f4n \u0111\u1ea3m b\u1ea3o ch\u1ea5t l\u01b0\u1ee3ng t\u1ed1t nh\u1ea5t tr\u01b0\u1edbc khi b\u00e0n giao thi\u1ebft b\u1ecb cho kh\u00e1ch h\u00e0ng.<\/p>\n<p><strong>Th\u00f4ng s\u1ed1 k\u1ef9 thu\u1eadt:<\/strong><\/p>\n<p>\u2013 Model: TMCN-B52<\/p>\n<p>\u2013 C\u00f4ng su\u1ea5t: 1800W<\/p>\n<p>\u2013 Th\u1ec3 t\u00edch: 1500 l\u00edt<\/p>\n<p>\u2013 Nhi\u1ec7t \u0111\u1ed9 s\u1ea5y: 70-75\u00a0<sup>o<\/sup>C<\/p>\n<p>\u2013 Kh\u1eed ozon<\/p>\n<p>\u2013 Th\u1eddi gian kh\u1eed tr\u00f9ng: 60 ph\u00fat<\/p>\n<p>\u2013 K\u00edch th\u01b0\u1edbc: 1165 x 544 x 1800 mm<\/p>\n<p>\u2013 k\u00edch th\u01b0\u1edbc khay: 600 x 400 mm<\/p>\n<p>\u2013 C\u00f3 ch\u1ee9c N\u0103ng \u0111\u1eb7t th\u1eddi gian s\u1ea5y, \u0111\u1eb7t nhi\u1ec7t \u0111\u1ed9 s\u1ea5y, T\u1ee7 2 l\u1edbp c\u00f3 b\u1ea3o \u00f4n c\u00e1ch nhi\u1ec7t n\u00f3ng t\u1ecfa ra xung quanh<\/p>\n<p>\u2013 Ch\u1ea5t li\u1ec7u: inox: 201<\/p>\n<p>\u2013 B\u1ea3o h\u00e0nh: 12 th\u00e1ng<\/p>\n<p><strong>H\u00ecnh c\u1ee7a s\u1ea3n ph\u1ea9m:<\/strong><\/p>\n<p><img loading=\"lazy\" decoding=\"async\" class=\"aligncenter size-full wp-image-17630\" src=\"http:\/\/maydonggoitanminh.com\/wp-content\/uploads\/2019\/07\/tu-say-bat-1500l-vn201-tmcn-b52-1.jpg\" alt=\"\" width=\"550\" height=\"413\" \/> <img loading=\"lazy\" decoding=\"async\" class=\"aligncenter size-full wp-image-17631\" src=\"http:\/\/maydonggoitanminh.com\/wp-content\/uploads\/2019\/07\/tu-say-bat-1500l-vn201-tmcn-b52-2.jpg\" alt=\"\" width=\"550\" height=\"413\" \/> <img loading=\"lazy\" decoding=\"async\" class=\"aligncenter size-full wp-image-17632\" src=\"http:\/\/maydonggoitanminh.com\/wp-content\/uploads\/2019\/07\/tu-say-bat-1500l-vn201-tmcn-b52-3.jpg\" alt=\"\" width=\"550\" height=\"733\" \/> <img loading=\"lazy\" decoding=\"async\" class=\"aligncenter size-full wp-image-17633\" src=\"http:\/\/maydonggoitanminh.com\/wp-content\/uploads\/2019\/07\/tu-say-bat-1500l-vn201-tmcn-b52-4.jpg\" alt=\"\" width=\"550\" height=\"413\" \/> <img loading=\"lazy\" decoding=\"async\" class=\"aligncenter size-full wp-image-17634\" src=\"http:\/\/maydonggoitanminh.com\/wp-content\/uploads\/2019\/07\/tu-say-bat-1500l-vn201-tmcn-b52-5.jpg\" alt=\"\" width=\"550\" height=\"413\" \/> <img loading=\"lazy\" decoding=\"async\" class=\"aligncenter size-full wp-image-17635\" src=\"http:\/\/maydonggoitanminh.com\/wp-content\/uploads\/2019\/07\/tu-say-bat-1500l-vn201-tmcn-b52-6.jpg\" alt=\"\" width=\"550\" height=\"733\" \/><\/p>\n<p>\u0110\u1ec3 bi\u1ebft th\u00eam th\u00f4ng tin v\u1ec1 s\u1ea3n ph\u1ea9m <em><strong>T\u1ee7 s\u1ea5y b\u00e1t 1500L VN201<\/strong><\/em>\u00a0xin vui l\u00f2ng li\u00ean h\u1ec7 1900.2861<\/p>\n","protected":false},"excerpt":{"rendered":"<p>T\u1ee7 s\u1ea5y b\u00e1t 1500L VN201 (TMCN-B52) T\u1ee7 s\u1ea5y b\u00e1t 1500L VN201 (TMCN-B52)\u00a0\u0111\u01b0\u1ee3c nghi\u00ean c\u1ee9u s\u1ea3n xu\u1ea5t v\u00e0 ph\u00e2n ph\u1ed1i tr\u00ean to\u00e0n qu\u1ed1c. T\u1ea5t c\u1ea3 c\u00e1c s\u1ea3n ph\u1ea9m c\u1ee7a ch\u00fang t\u00f4i \u0111\u1ec1u \u0111\u01b0\u1ee3c ki\u1ec3m tra k\u1ef9 l\u01b0\u1ee1ng v\u00e0 v\u1eadn h\u00e0nh th\u1ef1c t\u1ebf \u0111\u1ec3 lu\u00f4n \u0111\u1ea3m b\u1ea3o ch\u1ea5t l\u01b0\u1ee3ng t\u1ed1t nh\u1ea5t tr\u01b0\u1edbc khi b\u00e0n giao thi\u1ebft b\u1ecb &#8230;<\/p>\n","protected":false},"featured_media":3171,"comment_status":"open","ping_status":"closed","template":"","meta":[],"class_list":{"0":"post-3115","1":"product","2":"type-product","3":"status-publish","4":"has-post-thumbnail","6":"product_cat-tu-say-cong-nghiep","8":"first","9":"instock","10":"shipping-taxable","11":"purchasable","12":"product-type-simple"},"brands":[],"yoast_head":"<!-- This site is optimized with the Yoast SEO plugin v17.6 - https:\/\/yoast.com\/wordpress\/plugins\/seo\/ -->\n<title>T\u1ee7 s\u1ea5y b\u00e1t 1500L VN201 (TMCN-B52) - M\u00c1Y \u0110\u00d3NG G\u00d3I T\u00c2N MINH<\/title>\n<meta name=\"description\" content=\"T\u1ee7 s\u1ea5y b\u00e1t 1500L VN201 - gi\u00e1 r\u1ebb - uy t\u00edn - ch\u00ednh h\u00e3ng - ch\u1ea5t l\u01b0\u1ee3ng t\u1ed1t- b\u1ea3o h\u00e0nh d\u00e0i l\u00e2u - Li\u00ean h\u1ec7 hotline 1900.2861 - 09.67.68.69.11\" \/>\n<meta name=\"robots\" content=\"index, follow, max-snippet:-1, max-image-preview:large, max-video-preview:-1\" \/>\n<link rel=\"canonical\" href=\"https:\/\/cokhitanminh.com\/may-dong-goi\/tu-say-bat-1500l-vn201-tmcn-b52\/\" \/>\n<meta property=\"og:locale\" content=\"vi_VN\" \/>\n<meta property=\"og:type\" content=\"article\" \/>\n<meta property=\"og:title\" content=\"T\u1ee7 s\u1ea5y b\u00e1t 1500L VN201 (TMCN-B52) - M\u00c1Y \u0110\u00d3NG G\u00d3I T\u00c2N MINH\" \/>\n<meta property=\"og:description\" content=\"T\u1ee7 s\u1ea5y b\u00e1t 1500L VN201 - gi\u00e1 r\u1ebb - uy t\u00edn - ch\u00ednh h\u00e3ng - ch\u1ea5t l\u01b0\u1ee3ng t\u1ed1t- b\u1ea3o h\u00e0nh d\u00e0i l\u00e2u - Li\u00ean h\u1ec7 hotline 1900.2861 - 09.67.68.69.11\" \/>\n<meta property=\"og:url\" content=\"https:\/\/cokhitanminh.com\/may-dong-goi\/tu-say-bat-1500l-vn201-tmcn-b52\/\" \/>\n<meta property=\"og:site_name\" content=\"M\u00c1Y \u0110\u00d3NG G\u00d3I T\u00c2N MINH\" \/>\n<meta property=\"article:modified_time\" content=\"2021-12-04T03:45:48+00:00\" \/>\n<meta property=\"og:image\" content=\"https:\/\/cokhitanminh.com\/may-dong-goi\/wp-content\/uploads\/2021\/12\/TMCN-B52.jpg\" \/>\n\t<meta property=\"og:image:width\" content=\"500\" \/>\n\t<meta property=\"og:image:height\" content=\"500\" \/>\n<meta name=\"twitter:card\" content=\"summary_large_image\" \/>\n<meta name=\"twitter:label1\" content=\"\u01af\u1edbc t\u00ednh th\u1eddi gian \u0111\u1ecdc\" \/>\n\t<meta name=\"twitter:data1\" content=\"1 ph\u00fat\" \/>\n<script type=\"application\/ld+json\" class=\"yoast-schema-graph\">{\"@context\":\"https:\/\/schema.org\",\"@graph\":[{\"@type\":\"WebSite\",\"@id\":\"https:\/\/cokhitanminh.com\/may-dong-goi\/#website\",\"url\":\"https:\/\/cokhitanminh.com\/may-dong-goi\/\",\"name\":\"M\\u00c1Y \\u0110\\u00d3NG G\\u00d3I T\\u00c2N MINH\",\"description\":\"Chuy\\u00ean gia m\\u00e1y \\u0111\\u00f3ng g\\u00f3i\",\"potentialAction\":[{\"@type\":\"SearchAction\",\"target\":{\"@type\":\"EntryPoint\",\"urlTemplate\":\"https:\/\/cokhitanminh.com\/may-dong-goi\/?s={search_term_string}\"},\"query-input\":\"required name=search_term_string\"}],\"inLanguage\":\"vi\"},{\"@type\":\"ImageObject\",\"@id\":\"https:\/\/cokhitanminh.com\/may-dong-goi\/tu-say-bat-1500l-vn201-tmcn-b52\/#primaryimage\",\"inLanguage\":\"vi\",\"url\":\"https:\/\/cokhitanminh.com\/may-dong-goi\/wp-content\/uploads\/2021\/12\/TMCN-B52.jpg\",\"contentUrl\":\"https:\/\/cokhitanminh.com\/may-dong-goi\/wp-content\/uploads\/2021\/12\/TMCN-B52.jpg\",\"width\":500,\"height\":500},{\"@type\":\"WebPage\",\"@id\":\"https:\/\/cokhitanminh.com\/may-dong-goi\/tu-say-bat-1500l-vn201-tmcn-b52\/#webpage\",\"url\":\"https:\/\/cokhitanminh.com\/may-dong-goi\/tu-say-bat-1500l-vn201-tmcn-b52\/\",\"name\":\"T\\u1ee7 s\\u1ea5y b\\u00e1t 1500L VN201 (TMCN-B52) - M\\u00c1Y \\u0110\\u00d3NG G\\u00d3I T\\u00c2N MINH\",\"isPartOf\":{\"@id\":\"https:\/\/cokhitanminh.com\/may-dong-goi\/#website\"},\"primaryImageOfPage\":{\"@id\":\"https:\/\/cokhitanminh.com\/may-dong-goi\/tu-say-bat-1500l-vn201-tmcn-b52\/#primaryimage\"},\"datePublished\":\"2021-12-04T03:44:19+00:00\",\"dateModified\":\"2021-12-04T03:45:48+00:00\",\"description\":\"T\\u1ee7 s\\u1ea5y b\\u00e1t 1500L VN201 - gi\\u00e1 r\\u1ebb - uy t\\u00edn - ch\\u00ednh h\\u00e3ng - ch\\u1ea5t l\\u01b0\\u1ee3ng t\\u1ed1t- b\\u1ea3o h\\u00e0nh d\\u00e0i l\\u00e2u - Li\\u00ean h\\u1ec7 hotline 1900.2861 - 09.67.68.69.11\",\"breadcrumb\":{\"@id\":\"https:\/\/cokhitanminh.com\/may-dong-goi\/tu-say-bat-1500l-vn201-tmcn-b52\/#breadcrumb\"},\"inLanguage\":\"vi\",\"potentialAction\":[{\"@type\":\"ReadAction\",\"target\":[\"https:\/\/cokhitanminh.com\/may-dong-goi\/tu-say-bat-1500l-vn201-tmcn-b52\/\"]}]},{\"@type\":\"BreadcrumbList\",\"@id\":\"https:\/\/cokhitanminh.com\/may-dong-goi\/tu-say-bat-1500l-vn201-tmcn-b52\/#breadcrumb\",\"itemListElement\":[{\"@type\":\"ListItem\",\"position\":1,\"name\":\"Trang ch\\u1ee7\",\"item\":\"https:\/\/cokhitanminh.com\/may-dong-goi\/\"},{\"@type\":\"ListItem\",\"position\":2,\"name\":\"C\\u1eeda h\\u00e0ng\",\"item\":\"https:\/\/cokhitanminh.com\/may-dong-goi\/mua\/\"},{\"@type\":\"ListItem\",\"position\":3,\"name\":\"T\\u1ee7 s\\u1ea5y b\\u00e1t 1500L VN201 (TMCN-B52)\"}]}]}<\/script>\n<!-- \/ Yoast SEO plugin. -->","yoast_head_json":{"title":"T\u1ee7 s\u1ea5y b\u00e1t 1500L VN201 (TMCN-B52) - M\u00c1Y \u0110\u00d3NG G\u00d3I T\u00c2N MINH","description":"T\u1ee7 s\u1ea5y b\u00e1t 1500L VN201 - gi\u00e1 r\u1ebb - uy t\u00edn - ch\u00ednh h\u00e3ng - ch\u1ea5t l\u01b0\u1ee3ng t\u1ed1t- b\u1ea3o h\u00e0nh d\u00e0i l\u00e2u - Li\u00ean h\u1ec7 hotline 1900.2861 - 09.67.68.69.11","robots":{"index":"index","follow":"follow","max-snippet":"max-snippet:-1","max-image-preview":"max-image-preview:large","max-video-preview":"max-video-preview:-1"},"canonical":"https:\/\/cokhitanminh.com\/may-dong-goi\/tu-say-bat-1500l-vn201-tmcn-b52\/","og_locale":"vi_VN","og_type":"article","og_title":"T\u1ee7 s\u1ea5y b\u00e1t 1500L VN201 (TMCN-B52) - M\u00c1Y \u0110\u00d3NG G\u00d3I T\u00c2N MINH","og_description":"T\u1ee7 s\u1ea5y b\u00e1t 1500L VN201 - gi\u00e1 r\u1ebb - uy t\u00edn - ch\u00ednh h\u00e3ng - ch\u1ea5t l\u01b0\u1ee3ng t\u1ed1t- b\u1ea3o h\u00e0nh d\u00e0i l\u00e2u - Li\u00ean h\u1ec7 hotline 1900.2861 - 09.67.68.69.11","og_url":"https:\/\/cokhitanminh.com\/may-dong-goi\/tu-say-bat-1500l-vn201-tmcn-b52\/","og_site_name":"M\u00c1Y \u0110\u00d3NG G\u00d3I T\u00c2N MINH","article_modified_time":"2021-12-04T03:45:48+00:00","og_image":[{"width":500,"height":500,"url":"https:\/\/cokhitanminh.com\/may-dong-goi\/wp-content\/uploads\/2021\/12\/TMCN-B52.jpg","type":"image\/jpeg"}],"twitter_card":"summary_large_image","twitter_misc":{"\u01af\u1edbc t\u00ednh th\u1eddi gian \u0111\u1ecdc":"1 ph\u00fat"},"schema":{"@context":"https:\/\/schema.org","@graph":[{"@type":"WebSite","@id":"https:\/\/cokhitanminh.com\/may-dong-goi\/#website","url":"https:\/\/cokhitanminh.com\/may-dong-goi\/","name":"M\u00c1Y \u0110\u00d3NG G\u00d3I T\u00c2N MINH","description":"Chuy\u00ean gia m\u00e1y \u0111\u00f3ng g\u00f3i","potentialAction":[{"@type":"SearchAction","target":{"@type":"EntryPoint","urlTemplate":"https:\/\/cokhitanminh.com\/may-dong-goi\/?s={search_term_string}"},"query-input":"required name=search_term_string"}],"inLanguage":"vi"},{"@type":"ImageObject","@id":"https:\/\/cokhitanminh.com\/may-dong-goi\/tu-say-bat-1500l-vn201-tmcn-b52\/#primaryimage","inLanguage":"vi","url":"https:\/\/cokhitanminh.com\/may-dong-goi\/wp-content\/uploads\/2021\/12\/TMCN-B52.jpg","contentUrl":"https:\/\/cokhitanminh.com\/may-dong-goi\/wp-content\/uploads\/2021\/12\/TMCN-B52.jpg","width":500,"height":500},{"@type":"WebPage","@id":"https:\/\/cokhitanminh.com\/may-dong-goi\/tu-say-bat-1500l-vn201-tmcn-b52\/#webpage","url":"https:\/\/cokhitanminh.com\/may-dong-goi\/tu-say-bat-1500l-vn201-tmcn-b52\/","name":"T\u1ee7 s\u1ea5y b\u00e1t 1500L VN201 (TMCN-B52) - M\u00c1Y \u0110\u00d3NG G\u00d3I T\u00c2N MINH","isPartOf":{"@id":"https:\/\/cokhitanminh.com\/may-dong-goi\/#website"},"primaryImageOfPage":{"@id":"https:\/\/cokhitanminh.com\/may-dong-goi\/tu-say-bat-1500l-vn201-tmcn-b52\/#primaryimage"},"datePublished":"2021-12-04T03:44:19+00:00","dateModified":"2021-12-04T03:45:48+00:00","description":"T\u1ee7 s\u1ea5y b\u00e1t 1500L VN201 - gi\u00e1 r\u1ebb - uy t\u00edn - ch\u00ednh h\u00e3ng - ch\u1ea5t l\u01b0\u1ee3ng t\u1ed1t- b\u1ea3o h\u00e0nh d\u00e0i l\u00e2u - Li\u00ean h\u1ec7 hotline 1900.2861 - 09.67.68.69.11","breadcrumb":{"@id":"https:\/\/cokhitanminh.com\/may-dong-goi\/tu-say-bat-1500l-vn201-tmcn-b52\/#breadcrumb"},"inLanguage":"vi","potentialAction":[{"@type":"ReadAction","target":["https:\/\/cokhitanminh.com\/may-dong-goi\/tu-say-bat-1500l-vn201-tmcn-b52\/"]}]},{"@type":"BreadcrumbList","@id":"https:\/\/cokhitanminh.com\/may-dong-goi\/tu-say-bat-1500l-vn201-tmcn-b52\/#breadcrumb","itemListElement":[{"@type":"ListItem","position":1,"name":"Trang ch\u1ee7","item":"https:\/\/cokhitanminh.com\/may-dong-goi\/"},{"@type":"ListItem","position":2,"name":"C\u1eeda h\u00e0ng","item":"https:\/\/cokhitanminh.com\/may-dong-goi\/mua\/"},{"@type":"ListItem","position":3,"name":"T\u1ee7 s\u1ea5y b\u00e1t 1500L VN201 (TMCN-B52)"}]}]}},"_links":{"self":[{"href":"https:\/\/cokhitanminh.com\/may-dong-goi\/wp-json\/wp\/v2\/product\/3115","targetHints":{"allow":["GET"]}}],"collection":[{"href":"https:\/\/cokhitanminh.com\/may-dong-goi\/wp-json\/wp\/v2\/product"}],"about":[{"href":"https:\/\/cokhitanminh.com\/may-dong-goi\/wp-json\/wp\/v2\/types\/product"}],"replies":[{"embeddable":true,"href":"https:\/\/cokhitanminh.com\/may-dong-goi\/wp-json\/wp\/v2\/comments?post=3115"}],"wp:featuredmedia":[{"embeddable":true,"href":"https:\/\/cokhitanminh.com\/may-dong-goi\/wp-json\/wp\/v2\/media\/3171"}],"wp:attachment":[{"href":"https:\/\/cokhitanminh.com\/may-dong-goi\/wp-json\/wp\/v2\/media?parent=3115"}],"curies":[{"name":"wp","href":"https:\/\/api.w.org\/{rel}","templated":true}]}}