{"id":3033,"date":"2021-12-04T03:42:32","date_gmt":"2021-12-04T03:42:32","guid":{"rendered":"https:\/\/cokhitanminh.com\/may-dong-goi\/?post_type=product&#038;p=3033"},"modified":"2025-05-27T08:27:02","modified_gmt":"2025-05-27T08:27:02","slug":"may-co-mang-nhiet-bs-4535-tmdg-b30","status":"publish","type":"product","link":"https:\/\/cokhitanminh.com\/may-dong-goi\/may-co-mang-nhiet-bs-4535-tmdg-b30\/","title":{"rendered":"M\u00c1Y CO M\u00c0NG NHI\u1ec6T BS-4535 (TM\u0110G-B30)"},"content":{"rendered":"<h3><a href=\"https:\/\/cokhitanminh.com\/may-dong-goi\/may-co-mang-nhiet-bs-4535-tmdg-b30\/\"><em><strong>M\u00e1y co m\u00e0ng nhi\u1ec7t BS-4535<\/strong><\/em><\/a>\u00a0(TM\u0110G-B30)<\/h3>\n<p><em><strong>M\u00e1y co m\u00e0ng nhi\u1ec7t BS-4535<\/strong><\/em> <strong><em>\u00a0<\/em><\/strong>\u0111\u01b0\u1ee3c nghi\u00ean c\u1ee9u s\u1ea3n xu\u1ea5t v\u00e0 ph\u00e2n ph\u1ed1i tr\u00ean to\u00e0n qu\u1ed1c. T\u1ea5t c\u1ea3 c\u00e1c s\u1ea3n ph\u1ea9m c\u1ee7a ch\u00fang t\u00f4i \u0111\u1ec1u \u0111\u01b0\u1ee3c ki\u1ec3m tra k\u1ef9 l\u01b0\u1ee1ng v\u00e0 v\u1eadn h\u00e0nh th\u1ef1c t\u1ebf \u0111\u1ec3 lu\u00f4n \u0111\u1ea3m b\u1ea3o ch\u1ea5t l\u01b0\u1ee3ng t\u1ed1t nh\u1ea5t tr\u01b0\u1edbc khi b\u00e0n giao thi\u1ebft b\u1ecb cho kh\u00e1ch h\u00e0ng.<\/p>\n<p><strong>Th\u00f4ng s\u1ed1 k\u1ef9 thu\u1eadt:<\/strong><\/p>\n<p>\u2013 Mode: TM\u0110G-B30<\/p>\n<p>\u2013 \u0110i\u1ec7n \u00e1p: AC 380V\/50Hz<\/p>\n<p>\u2013 C\u00f4ng su\u1ea5t: 18 Kw<\/p>\n<p>\u2013 T\u1ed1c \u0111\u1ed9 b\u0103ng t\u1ea3i: 0-10 m\u00e9t\/ ph\u00fat<\/p>\n<p>\u2013 K\u00edch th\u01b0\u1edbc bu\u1ed3ng co m\u00e0ng: 1500 x 450 x 350 mm<\/p>\n<p>\u2013 T\u1ea3i tr\u1ecdng b\u0103ng t\u1ea3i: 15 Kg<\/p>\n<p>\u2013 K\u00edch th\u01b0\u1edbc m\u00e1y: 2500 x 800 x 1500 mm<\/p>\n<p>\u2013 M\u00e0ng nh\u1ef1a: PVC, POF, PE<\/p>\n<p>\u2013 B\u1ea3o h\u00e0nh: 12 th\u00e1ng<\/p>\n<p><strong>H\u00ecnh \u1ea3nh s\u1ea3n ph\u1ea9m:<\/strong><\/p>\n<div class=\"mceTemp\">\n<a style=\"font-size: 14.4px;\" href=\"https:\/\/cokhitanminh.com\/may-dong-goi\/wp-content\/uploads\/2021\/12\/May-co-mang-nhiet-bs-4535-tmdg-b30jpg-1.jpg\"><img loading=\"lazy\" decoding=\"async\" class=\"aligncenter wp-image-8932\" src=\"https:\/\/cokhitanminh.com\/may-dong-goi\/wp-content\/uploads\/2021\/12\/May-co-mang-nhiet-bs-4535-tmdg-b30jpg-1.jpg\" alt=\"\" width=\"600\" height=\"600\" srcset=\"https:\/\/cokhitanminh.com\/may-dong-goi\/wp-content\/uploads\/2021\/12\/May-co-mang-nhiet-bs-4535-tmdg-b30jpg-1.jpg 2560w, https:\/\/cokhitanminh.com\/may-dong-goi\/wp-content\/uploads\/2021\/12\/May-co-mang-nhiet-bs-4535-tmdg-b30jpg-1-300x300.jpg 300w, https:\/\/cokhitanminh.com\/may-dong-goi\/wp-content\/uploads\/2021\/12\/May-co-mang-nhiet-bs-4535-tmdg-b30jpg-1-1024x1024.jpg 1024w, https:\/\/cokhitanminh.com\/may-dong-goi\/wp-content\/uploads\/2021\/12\/May-co-mang-nhiet-bs-4535-tmdg-b30jpg-1-150x150.jpg 150w, https:\/\/cokhitanminh.com\/may-dong-goi\/wp-content\/uploads\/2021\/12\/May-co-mang-nhiet-bs-4535-tmdg-b30jpg-1-768x768.jpg 768w, https:\/\/cokhitanminh.com\/may-dong-goi\/wp-content\/uploads\/2021\/12\/May-co-mang-nhiet-bs-4535-tmdg-b30jpg-1-1536x1536.jpg 1536w, https:\/\/cokhitanminh.com\/may-dong-goi\/wp-content\/uploads\/2021\/12\/May-co-mang-nhiet-bs-4535-tmdg-b30jpg-1-2048x2048.jpg 2048w, https:\/\/cokhitanminh.com\/may-dong-goi\/wp-content\/uploads\/2021\/12\/May-co-mang-nhiet-bs-4535-tmdg-b30jpg-1-600x600.jpg 600w, https:\/\/cokhitanminh.com\/may-dong-goi\/wp-content\/uploads\/2021\/12\/May-co-mang-nhiet-bs-4535-tmdg-b30jpg-1-100x100.jpg 100w\" sizes=\"auto, (max-width: 600px) 100vw, 600px\" \/><\/a><\/p>\n<p><a href=\"https:\/\/cokhitanminh.com\/may-dong-goi\/wp-content\/uploads\/2021\/12\/May-co-mang-nhiet-bs-4535-tmdg-b30jpg-2.jpg\"><img loading=\"lazy\" decoding=\"async\" class=\"aligncenter wp-image-8933\" src=\"https:\/\/cokhitanminh.com\/may-dong-goi\/wp-content\/uploads\/2021\/12\/May-co-mang-nhiet-bs-4535-tmdg-b30jpg-2.jpg\" alt=\"\" width=\"600\" height=\"450\" srcset=\"https:\/\/cokhitanminh.com\/may-dong-goi\/wp-content\/uploads\/2021\/12\/May-co-mang-nhiet-bs-4535-tmdg-b30jpg-2.jpg 2560w, https:\/\/cokhitanminh.com\/may-dong-goi\/wp-content\/uploads\/2021\/12\/May-co-mang-nhiet-bs-4535-tmdg-b30jpg-2-300x225.jpg 300w, https:\/\/cokhitanminh.com\/may-dong-goi\/wp-content\/uploads\/2021\/12\/May-co-mang-nhiet-bs-4535-tmdg-b30jpg-2-1024x769.jpg 1024w, https:\/\/cokhitanminh.com\/may-dong-goi\/wp-content\/uploads\/2021\/12\/May-co-mang-nhiet-bs-4535-tmdg-b30jpg-2-768x577.jpg 768w, https:\/\/cokhitanminh.com\/may-dong-goi\/wp-content\/uploads\/2021\/12\/May-co-mang-nhiet-bs-4535-tmdg-b30jpg-2-1536x1153.jpg 1536w, https:\/\/cokhitanminh.com\/may-dong-goi\/wp-content\/uploads\/2021\/12\/May-co-mang-nhiet-bs-4535-tmdg-b30jpg-2-2048x1538.jpg 2048w, https:\/\/cokhitanminh.com\/may-dong-goi\/wp-content\/uploads\/2021\/12\/May-co-mang-nhiet-bs-4535-tmdg-b30jpg-2-600x450.jpg 600w\" sizes=\"auto, (max-width: 600px) 100vw, 600px\" \/><\/a> <a href=\"https:\/\/cokhitanminh.com\/may-dong-goi\/wp-content\/uploads\/2021\/12\/May-co-mang-nhiet-bs-4535-tmdg-b30jpg-3.jpg\"><img loading=\"lazy\" decoding=\"async\" class=\"aligncenter wp-image-8934\" src=\"https:\/\/cokhitanminh.com\/may-dong-goi\/wp-content\/uploads\/2021\/12\/May-co-mang-nhiet-bs-4535-tmdg-b30jpg-3.jpg\" alt=\"\" width=\"600\" height=\"450\" srcset=\"https:\/\/cokhitanminh.com\/may-dong-goi\/wp-content\/uploads\/2021\/12\/May-co-mang-nhiet-bs-4535-tmdg-b30jpg-3.jpg 2560w, https:\/\/cokhitanminh.com\/may-dong-goi\/wp-content\/uploads\/2021\/12\/May-co-mang-nhiet-bs-4535-tmdg-b30jpg-3-300x225.jpg 300w, https:\/\/cokhitanminh.com\/may-dong-goi\/wp-content\/uploads\/2021\/12\/May-co-mang-nhiet-bs-4535-tmdg-b30jpg-3-1024x769.jpg 1024w, https:\/\/cokhitanminh.com\/may-dong-goi\/wp-content\/uploads\/2021\/12\/May-co-mang-nhiet-bs-4535-tmdg-b30jpg-3-768x577.jpg 768w, https:\/\/cokhitanminh.com\/may-dong-goi\/wp-content\/uploads\/2021\/12\/May-co-mang-nhiet-bs-4535-tmdg-b30jpg-3-1536x1153.jpg 1536w, https:\/\/cokhitanminh.com\/may-dong-goi\/wp-content\/uploads\/2021\/12\/May-co-mang-nhiet-bs-4535-tmdg-b30jpg-3-2048x1538.jpg 2048w, https:\/\/cokhitanminh.com\/may-dong-goi\/wp-content\/uploads\/2021\/12\/May-co-mang-nhiet-bs-4535-tmdg-b30jpg-3-600x450.jpg 600w\" sizes=\"auto, (max-width: 600px) 100vw, 600px\" \/><\/a> <a href=\"https:\/\/cokhitanminh.com\/may-dong-goi\/wp-content\/uploads\/2021\/12\/May-co-mang-nhiet-bs-4535-tmdg-b30jpg-4.jpg\"><img loading=\"lazy\" decoding=\"async\" class=\"aligncenter wp-image-8935\" src=\"https:\/\/cokhitanminh.com\/may-dong-goi\/wp-content\/uploads\/2021\/12\/May-co-mang-nhiet-bs-4535-tmdg-b30jpg-4.jpg\" alt=\"\" width=\"600\" height=\"450\" srcset=\"https:\/\/cokhitanminh.com\/may-dong-goi\/wp-content\/uploads\/2021\/12\/May-co-mang-nhiet-bs-4535-tmdg-b30jpg-4.jpg 2560w, https:\/\/cokhitanminh.com\/may-dong-goi\/wp-content\/uploads\/2021\/12\/May-co-mang-nhiet-bs-4535-tmdg-b30jpg-4-300x225.jpg 300w, https:\/\/cokhitanminh.com\/may-dong-goi\/wp-content\/uploads\/2021\/12\/May-co-mang-nhiet-bs-4535-tmdg-b30jpg-4-1024x769.jpg 1024w, https:\/\/cokhitanminh.com\/may-dong-goi\/wp-content\/uploads\/2021\/12\/May-co-mang-nhiet-bs-4535-tmdg-b30jpg-4-768x577.jpg 768w, https:\/\/cokhitanminh.com\/may-dong-goi\/wp-content\/uploads\/2021\/12\/May-co-mang-nhiet-bs-4535-tmdg-b30jpg-4-1536x1153.jpg 1536w, https:\/\/cokhitanminh.com\/may-dong-goi\/wp-content\/uploads\/2021\/12\/May-co-mang-nhiet-bs-4535-tmdg-b30jpg-4-2048x1538.jpg 2048w, https:\/\/cokhitanminh.com\/may-dong-goi\/wp-content\/uploads\/2021\/12\/May-co-mang-nhiet-bs-4535-tmdg-b30jpg-4-600x450.jpg 600w\" sizes=\"auto, (max-width: 600px) 100vw, 600px\" \/><\/a> <a href=\"https:\/\/cokhitanminh.com\/may-dong-goi\/wp-content\/uploads\/2021\/12\/May-co-mang-nhiet-bs-4535-tmdg-b30jpg-5.jpg\"><img loading=\"lazy\" decoding=\"async\" class=\"aligncenter wp-image-8936\" src=\"https:\/\/cokhitanminh.com\/may-dong-goi\/wp-content\/uploads\/2021\/12\/May-co-mang-nhiet-bs-4535-tmdg-b30jpg-5.jpg\" alt=\"\" width=\"600\" height=\"799\" srcset=\"https:\/\/cokhitanminh.com\/may-dong-goi\/wp-content\/uploads\/2021\/12\/May-co-mang-nhiet-bs-4535-tmdg-b30jpg-5.jpg 1922w, https:\/\/cokhitanminh.com\/may-dong-goi\/wp-content\/uploads\/2021\/12\/May-co-mang-nhiet-bs-4535-tmdg-b30jpg-5-225x300.jpg 225w, https:\/\/cokhitanminh.com\/may-dong-goi\/wp-content\/uploads\/2021\/12\/May-co-mang-nhiet-bs-4535-tmdg-b30jpg-5-769x1024.jpg 769w, https:\/\/cokhitanminh.com\/may-dong-goi\/wp-content\/uploads\/2021\/12\/May-co-mang-nhiet-bs-4535-tmdg-b30jpg-5-768x1023.jpg 768w, https:\/\/cokhitanminh.com\/may-dong-goi\/wp-content\/uploads\/2021\/12\/May-co-mang-nhiet-bs-4535-tmdg-b30jpg-5-1153x1536.jpg 1153w, https:\/\/cokhitanminh.com\/may-dong-goi\/wp-content\/uploads\/2021\/12\/May-co-mang-nhiet-bs-4535-tmdg-b30jpg-5-1538x2048.jpg 1538w, https:\/\/cokhitanminh.com\/may-dong-goi\/wp-content\/uploads\/2021\/12\/May-co-mang-nhiet-bs-4535-tmdg-b30jpg-5-600x799.jpg 600w\" sizes=\"auto, (max-width: 600px) 100vw, 600px\" \/><\/a> <a href=\"https:\/\/cokhitanminh.com\/may-dong-goi\/wp-content\/uploads\/2021\/12\/May-co-mang-nhiet-bs-4535-tmdg-b30jpg-6.jpg\"><img loading=\"lazy\" decoding=\"async\" class=\"aligncenter wp-image-8937\" src=\"https:\/\/cokhitanminh.com\/may-dong-goi\/wp-content\/uploads\/2021\/12\/May-co-mang-nhiet-bs-4535-tmdg-b30jpg-6.jpg\" alt=\"\" width=\"600\" height=\"450\" srcset=\"https:\/\/cokhitanminh.com\/may-dong-goi\/wp-content\/uploads\/2021\/12\/May-co-mang-nhiet-bs-4535-tmdg-b30jpg-6.jpg 2560w, https:\/\/cokhitanminh.com\/may-dong-goi\/wp-content\/uploads\/2021\/12\/May-co-mang-nhiet-bs-4535-tmdg-b30jpg-6-300x225.jpg 300w, https:\/\/cokhitanminh.com\/may-dong-goi\/wp-content\/uploads\/2021\/12\/May-co-mang-nhiet-bs-4535-tmdg-b30jpg-6-1024x769.jpg 1024w, https:\/\/cokhitanminh.com\/may-dong-goi\/wp-content\/uploads\/2021\/12\/May-co-mang-nhiet-bs-4535-tmdg-b30jpg-6-768x577.jpg 768w, https:\/\/cokhitanminh.com\/may-dong-goi\/wp-content\/uploads\/2021\/12\/May-co-mang-nhiet-bs-4535-tmdg-b30jpg-6-1536x1153.jpg 1536w, https:\/\/cokhitanminh.com\/may-dong-goi\/wp-content\/uploads\/2021\/12\/May-co-mang-nhiet-bs-4535-tmdg-b30jpg-6-2048x1538.jpg 2048w, https:\/\/cokhitanminh.com\/may-dong-goi\/wp-content\/uploads\/2021\/12\/May-co-mang-nhiet-bs-4535-tmdg-b30jpg-6-600x450.jpg 600w\" sizes=\"auto, (max-width: 600px) 100vw, 600px\" \/><\/a><\/p>\n<p><a href=\"https:\/\/cokhitanminh.com\/may-dong-goi\/wp-content\/uploads\/2021\/12\/May-co-mang-nhiet-bs-4535-tmdg-b30jpg-2.jpg\"><img loading=\"lazy\" decoding=\"async\" class=\"aligncenter wp-image-8933\" src=\"https:\/\/cokhitanminh.com\/may-dong-goi\/wp-content\/uploads\/2021\/12\/May-co-mang-nhiet-bs-4535-tmdg-b30jpg-2.jpg\" alt=\"\" width=\"600\" height=\"450\" srcset=\"https:\/\/cokhitanminh.com\/may-dong-goi\/wp-content\/uploads\/2021\/12\/May-co-mang-nhiet-bs-4535-tmdg-b30jpg-2.jpg 2560w, https:\/\/cokhitanminh.com\/may-dong-goi\/wp-content\/uploads\/2021\/12\/May-co-mang-nhiet-bs-4535-tmdg-b30jpg-2-300x225.jpg 300w, https:\/\/cokhitanminh.com\/may-dong-goi\/wp-content\/uploads\/2021\/12\/May-co-mang-nhiet-bs-4535-tmdg-b30jpg-2-1024x769.jpg 1024w, https:\/\/cokhitanminh.com\/may-dong-goi\/wp-content\/uploads\/2021\/12\/May-co-mang-nhiet-bs-4535-tmdg-b30jpg-2-768x577.jpg 768w, https:\/\/cokhitanminh.com\/may-dong-goi\/wp-content\/uploads\/2021\/12\/May-co-mang-nhiet-bs-4535-tmdg-b30jpg-2-1536x1153.jpg 1536w, https:\/\/cokhitanminh.com\/may-dong-goi\/wp-content\/uploads\/2021\/12\/May-co-mang-nhiet-bs-4535-tmdg-b30jpg-2-2048x1538.jpg 2048w, https:\/\/cokhitanminh.com\/may-dong-goi\/wp-content\/uploads\/2021\/12\/May-co-mang-nhiet-bs-4535-tmdg-b30jpg-2-600x450.jpg 600w\" sizes=\"auto, (max-width: 600px) 100vw, 600px\" \/><\/a><\/p>\n<p><span style=\"color: #555555; font-size: 14.4px;\">Xem th\u00eam: <\/span><em style=\"color: #555555; font-size: 14.4px;\"><strong>M\u00e1y co m\u00e0ng nhi\u1ec7t BS-4535<\/strong><\/em><span style=\"color: #555555; font-size: 14.4px;\">\u00a0(TM\u0110G-B30)<\/span><\/p>\n<p>Chi ti\u1ebft\u00a0 xin\u00a0 vui l\u00f2ng li\u00ean h\u1ec7 theo s\u1ed1 hotline 19002861-0967686911 \u0111\u1ec3 \u0111\u01b0\u1ee3c h\u1ed7 tr\u1ee3 t\u01b0 v\u1ea5n ho\u00e0n to\u00e0n mi\u1ec5n ph\u00ed<\/p>\n","protected":false},"excerpt":{"rendered":"<p>M\u00e1y co m\u00e0ng nhi\u1ec7t BS-4535\u00a0(TM\u0110G-B30) M\u00e1y co m\u00e0ng nhi\u1ec7t BS-4535 \u00a0\u0111\u01b0\u1ee3c nghi\u00ean c\u1ee9u s\u1ea3n xu\u1ea5t v\u00e0 ph\u00e2n ph\u1ed1i tr\u00ean to\u00e0n qu\u1ed1c. T\u1ea5t c\u1ea3 c\u00e1c s\u1ea3n ph\u1ea9m c\u1ee7a ch\u00fang t\u00f4i \u0111\u1ec1u \u0111\u01b0\u1ee3c ki\u1ec3m tra k\u1ef9 l\u01b0\u1ee1ng v\u00e0 v\u1eadn h\u00e0nh th\u1ef1c t\u1ebf \u0111\u1ec3 lu\u00f4n \u0111\u1ea3m b\u1ea3o ch\u1ea5t l\u01b0\u1ee3ng t\u1ed1t nh\u1ea5t tr\u01b0\u1edbc khi b\u00e0n giao thi\u1ebft b\u1ecb cho &#8230;<\/p>\n","protected":false},"featured_media":8932,"comment_status":"open","ping_status":"closed","template":"","meta":[],"class_list":{"0":"post-3033","1":"product","2":"type-product","3":"status-publish","4":"has-post-thumbnail","6":"product_cat-may-co-cat-mang-ep-mang","8":"first","9":"instock","10":"shipping-taxable","11":"purchasable","12":"product-type-simple"},"brands":[],"yoast_head":"<!-- This site is optimized with the Yoast SEO plugin v17.6 - https:\/\/yoast.com\/wordpress\/plugins\/seo\/ -->\n<title>M\u00c1Y CO M\u00c0NG NHI\u1ec6T BS-4535 (TM\u0110G-B30) - M\u00c1Y \u0110\u00d3NG G\u00d3I T\u00c2N MINH<\/title>\n<meta name=\"description\" content=\"Xem th\u00eam: M\u00e1y co m\u00e0ng nhi\u1ec7t BS-4535 (TM\u0110G-B30) - Gi\u00e1 R\u1ebb - B\u1ea3o H\u00e0nh Chuy\u00ean Nghi\u1ec7p - Chi ti\u1ebft xin li\u00ean h\u1ec7 Hotline: 19002861 \u0110\u1ec3 \u0111\u01b0\u1ee3c t\u01b0 v\u1ea5n ho\u00e0n to\u00e0n mi\u1ec5n ph\u00ed!\" \/>\n<meta name=\"robots\" content=\"index, follow, max-snippet:-1, max-image-preview:large, max-video-preview:-1\" \/>\n<link rel=\"canonical\" href=\"https:\/\/cokhitanminh.com\/may-dong-goi\/may-co-mang-nhiet-bs-4535-tmdg-b30\/\" \/>\n<meta property=\"og:locale\" content=\"vi_VN\" \/>\n<meta property=\"og:type\" content=\"article\" \/>\n<meta property=\"og:title\" content=\"M\u00c1Y CO M\u00c0NG NHI\u1ec6T BS-4535 (TM\u0110G-B30) - M\u00c1Y \u0110\u00d3NG G\u00d3I T\u00c2N MINH\" \/>\n<meta property=\"og:description\" content=\"Xem th\u00eam: M\u00e1y co m\u00e0ng nhi\u1ec7t BS-4535 (TM\u0110G-B30) - Gi\u00e1 R\u1ebb - B\u1ea3o H\u00e0nh Chuy\u00ean Nghi\u1ec7p - Chi ti\u1ebft xin li\u00ean h\u1ec7 Hotline: 19002861 \u0110\u1ec3 \u0111\u01b0\u1ee3c t\u01b0 v\u1ea5n ho\u00e0n to\u00e0n mi\u1ec5n ph\u00ed!\" \/>\n<meta property=\"og:url\" content=\"https:\/\/cokhitanminh.com\/may-dong-goi\/may-co-mang-nhiet-bs-4535-tmdg-b30\/\" \/>\n<meta property=\"og:site_name\" content=\"M\u00c1Y \u0110\u00d3NG G\u00d3I T\u00c2N MINH\" \/>\n<meta property=\"article:modified_time\" content=\"2025-05-27T08:27:02+00:00\" \/>\n<meta property=\"og:image\" content=\"https:\/\/cokhitanminh.com\/may-dong-goi\/wp-content\/uploads\/2021\/12\/May-co-mang-nhiet-bs-4535-tmdg-b30jpg-1.jpg\" \/>\n\t<meta property=\"og:image:width\" content=\"2560\" \/>\n\t<meta property=\"og:image:height\" content=\"2560\" \/>\n<meta name=\"twitter:card\" content=\"summary_large_image\" \/>\n<meta name=\"twitter:label1\" content=\"\u01af\u1edbc t\u00ednh th\u1eddi gian \u0111\u1ecdc\" \/>\n\t<meta name=\"twitter:data1\" content=\"3 ph\u00fat\" \/>\n<script type=\"application\/ld+json\" class=\"yoast-schema-graph\">{\"@context\":\"https:\/\/schema.org\",\"@graph\":[{\"@type\":\"WebSite\",\"@id\":\"https:\/\/cokhitanminh.com\/may-dong-goi\/#website\",\"url\":\"https:\/\/cokhitanminh.com\/may-dong-goi\/\",\"name\":\"M\\u00c1Y \\u0110\\u00d3NG G\\u00d3I T\\u00c2N MINH\",\"description\":\"Chuy\\u00ean gia m\\u00e1y \\u0111\\u00f3ng g\\u00f3i\",\"potentialAction\":[{\"@type\":\"SearchAction\",\"target\":{\"@type\":\"EntryPoint\",\"urlTemplate\":\"https:\/\/cokhitanminh.com\/may-dong-goi\/?s={search_term_string}\"},\"query-input\":\"required name=search_term_string\"}],\"inLanguage\":\"vi\"},{\"@type\":\"ImageObject\",\"@id\":\"https:\/\/cokhitanminh.com\/may-dong-goi\/may-co-mang-nhiet-bs-4535-tmdg-b30\/#primaryimage\",\"inLanguage\":\"vi\",\"url\":\"https:\/\/cokhitanminh.com\/may-dong-goi\/wp-content\/uploads\/2021\/12\/May-co-mang-nhiet-bs-4535-tmdg-b30jpg-1.jpg\",\"contentUrl\":\"https:\/\/cokhitanminh.com\/may-dong-goi\/wp-content\/uploads\/2021\/12\/May-co-mang-nhiet-bs-4535-tmdg-b30jpg-1.jpg\",\"width\":2560,\"height\":2560},{\"@type\":\"WebPage\",\"@id\":\"https:\/\/cokhitanminh.com\/may-dong-goi\/may-co-mang-nhiet-bs-4535-tmdg-b30\/#webpage\",\"url\":\"https:\/\/cokhitanminh.com\/may-dong-goi\/may-co-mang-nhiet-bs-4535-tmdg-b30\/\",\"name\":\"M\\u00c1Y CO M\\u00c0NG NHI\\u1ec6T BS-4535 (TM\\u0110G-B30) - M\\u00c1Y \\u0110\\u00d3NG G\\u00d3I T\\u00c2N MINH\",\"isPartOf\":{\"@id\":\"https:\/\/cokhitanminh.com\/may-dong-goi\/#website\"},\"primaryImageOfPage\":{\"@id\":\"https:\/\/cokhitanminh.com\/may-dong-goi\/may-co-mang-nhiet-bs-4535-tmdg-b30\/#primaryimage\"},\"datePublished\":\"2021-12-04T03:42:32+00:00\",\"dateModified\":\"2025-05-27T08:27:02+00:00\",\"description\":\"Xem th\\u00eam: M\\u00e1y co m\\u00e0ng nhi\\u1ec7t BS-4535 (TM\\u0110G-B30) - Gi\\u00e1 R\\u1ebb - B\\u1ea3o H\\u00e0nh Chuy\\u00ean Nghi\\u1ec7p - Chi ti\\u1ebft xin li\\u00ean h\\u1ec7 Hotline: 19002861 \\u0110\\u1ec3 \\u0111\\u01b0\\u1ee3c t\\u01b0 v\\u1ea5n ho\\u00e0n to\\u00e0n mi\\u1ec5n ph\\u00ed!\",\"breadcrumb\":{\"@id\":\"https:\/\/cokhitanminh.com\/may-dong-goi\/may-co-mang-nhiet-bs-4535-tmdg-b30\/#breadcrumb\"},\"inLanguage\":\"vi\",\"potentialAction\":[{\"@type\":\"ReadAction\",\"target\":[\"https:\/\/cokhitanminh.com\/may-dong-goi\/may-co-mang-nhiet-bs-4535-tmdg-b30\/\"]}]},{\"@type\":\"BreadcrumbList\",\"@id\":\"https:\/\/cokhitanminh.com\/may-dong-goi\/may-co-mang-nhiet-bs-4535-tmdg-b30\/#breadcrumb\",\"itemListElement\":[{\"@type\":\"ListItem\",\"position\":1,\"name\":\"Trang ch\\u1ee7\",\"item\":\"https:\/\/cokhitanminh.com\/may-dong-goi\/\"},{\"@type\":\"ListItem\",\"position\":2,\"name\":\"C\\u1eeda h\\u00e0ng\",\"item\":\"https:\/\/cokhitanminh.com\/may-dong-goi\/mua\/\"},{\"@type\":\"ListItem\",\"position\":3,\"name\":\"M\\u00c1Y CO M\\u00c0NG NHI\\u1ec6T BS-4535 (TM\\u0110G-B30)\"}]}]}<\/script>\n<!-- \/ Yoast SEO plugin. -->","yoast_head_json":{"title":"M\u00c1Y CO M\u00c0NG NHI\u1ec6T BS-4535 (TM\u0110G-B30) - M\u00c1Y \u0110\u00d3NG G\u00d3I T\u00c2N MINH","description":"Xem th\u00eam: M\u00e1y co m\u00e0ng nhi\u1ec7t BS-4535 (TM\u0110G-B30) - Gi\u00e1 R\u1ebb - B\u1ea3o H\u00e0nh Chuy\u00ean Nghi\u1ec7p - Chi ti\u1ebft xin li\u00ean h\u1ec7 Hotline: 19002861 \u0110\u1ec3 \u0111\u01b0\u1ee3c t\u01b0 v\u1ea5n ho\u00e0n to\u00e0n mi\u1ec5n ph\u00ed!","robots":{"index":"index","follow":"follow","max-snippet":"max-snippet:-1","max-image-preview":"max-image-preview:large","max-video-preview":"max-video-preview:-1"},"canonical":"https:\/\/cokhitanminh.com\/may-dong-goi\/may-co-mang-nhiet-bs-4535-tmdg-b30\/","og_locale":"vi_VN","og_type":"article","og_title":"M\u00c1Y CO M\u00c0NG NHI\u1ec6T BS-4535 (TM\u0110G-B30) - M\u00c1Y \u0110\u00d3NG G\u00d3I T\u00c2N MINH","og_description":"Xem th\u00eam: M\u00e1y co m\u00e0ng nhi\u1ec7t BS-4535 (TM\u0110G-B30) - Gi\u00e1 R\u1ebb - B\u1ea3o H\u00e0nh Chuy\u00ean Nghi\u1ec7p - Chi ti\u1ebft xin li\u00ean h\u1ec7 Hotline: 19002861 \u0110\u1ec3 \u0111\u01b0\u1ee3c t\u01b0 v\u1ea5n ho\u00e0n to\u00e0n mi\u1ec5n ph\u00ed!","og_url":"https:\/\/cokhitanminh.com\/may-dong-goi\/may-co-mang-nhiet-bs-4535-tmdg-b30\/","og_site_name":"M\u00c1Y \u0110\u00d3NG G\u00d3I T\u00c2N MINH","article_modified_time":"2025-05-27T08:27:02+00:00","og_image":[{"width":2560,"height":2560,"url":"https:\/\/cokhitanminh.com\/may-dong-goi\/wp-content\/uploads\/2021\/12\/May-co-mang-nhiet-bs-4535-tmdg-b30jpg-1.jpg","type":"image\/jpeg"}],"twitter_card":"summary_large_image","twitter_misc":{"\u01af\u1edbc t\u00ednh th\u1eddi gian \u0111\u1ecdc":"3 ph\u00fat"},"schema":{"@context":"https:\/\/schema.org","@graph":[{"@type":"WebSite","@id":"https:\/\/cokhitanminh.com\/may-dong-goi\/#website","url":"https:\/\/cokhitanminh.com\/may-dong-goi\/","name":"M\u00c1Y \u0110\u00d3NG G\u00d3I T\u00c2N MINH","description":"Chuy\u00ean gia m\u00e1y \u0111\u00f3ng g\u00f3i","potentialAction":[{"@type":"SearchAction","target":{"@type":"EntryPoint","urlTemplate":"https:\/\/cokhitanminh.com\/may-dong-goi\/?s={search_term_string}"},"query-input":"required name=search_term_string"}],"inLanguage":"vi"},{"@type":"ImageObject","@id":"https:\/\/cokhitanminh.com\/may-dong-goi\/may-co-mang-nhiet-bs-4535-tmdg-b30\/#primaryimage","inLanguage":"vi","url":"https:\/\/cokhitanminh.com\/may-dong-goi\/wp-content\/uploads\/2021\/12\/May-co-mang-nhiet-bs-4535-tmdg-b30jpg-1.jpg","contentUrl":"https:\/\/cokhitanminh.com\/may-dong-goi\/wp-content\/uploads\/2021\/12\/May-co-mang-nhiet-bs-4535-tmdg-b30jpg-1.jpg","width":2560,"height":2560},{"@type":"WebPage","@id":"https:\/\/cokhitanminh.com\/may-dong-goi\/may-co-mang-nhiet-bs-4535-tmdg-b30\/#webpage","url":"https:\/\/cokhitanminh.com\/may-dong-goi\/may-co-mang-nhiet-bs-4535-tmdg-b30\/","name":"M\u00c1Y CO M\u00c0NG NHI\u1ec6T BS-4535 (TM\u0110G-B30) - M\u00c1Y \u0110\u00d3NG G\u00d3I T\u00c2N MINH","isPartOf":{"@id":"https:\/\/cokhitanminh.com\/may-dong-goi\/#website"},"primaryImageOfPage":{"@id":"https:\/\/cokhitanminh.com\/may-dong-goi\/may-co-mang-nhiet-bs-4535-tmdg-b30\/#primaryimage"},"datePublished":"2021-12-04T03:42:32+00:00","dateModified":"2025-05-27T08:27:02+00:00","description":"Xem th\u00eam: M\u00e1y co m\u00e0ng nhi\u1ec7t BS-4535 (TM\u0110G-B30) - Gi\u00e1 R\u1ebb - B\u1ea3o H\u00e0nh Chuy\u00ean Nghi\u1ec7p - Chi ti\u1ebft xin li\u00ean h\u1ec7 Hotline: 19002861 \u0110\u1ec3 \u0111\u01b0\u1ee3c t\u01b0 v\u1ea5n ho\u00e0n to\u00e0n mi\u1ec5n ph\u00ed!","breadcrumb":{"@id":"https:\/\/cokhitanminh.com\/may-dong-goi\/may-co-mang-nhiet-bs-4535-tmdg-b30\/#breadcrumb"},"inLanguage":"vi","potentialAction":[{"@type":"ReadAction","target":["https:\/\/cokhitanminh.com\/may-dong-goi\/may-co-mang-nhiet-bs-4535-tmdg-b30\/"]}]},{"@type":"BreadcrumbList","@id":"https:\/\/cokhitanminh.com\/may-dong-goi\/may-co-mang-nhiet-bs-4535-tmdg-b30\/#breadcrumb","itemListElement":[{"@type":"ListItem","position":1,"name":"Trang ch\u1ee7","item":"https:\/\/cokhitanminh.com\/may-dong-goi\/"},{"@type":"ListItem","position":2,"name":"C\u1eeda h\u00e0ng","item":"https:\/\/cokhitanminh.com\/may-dong-goi\/mua\/"},{"@type":"ListItem","position":3,"name":"M\u00c1Y CO M\u00c0NG NHI\u1ec6T BS-4535 (TM\u0110G-B30)"}]}]}},"_links":{"self":[{"href":"https:\/\/cokhitanminh.com\/may-dong-goi\/wp-json\/wp\/v2\/product\/3033","targetHints":{"allow":["GET"]}}],"collection":[{"href":"https:\/\/cokhitanminh.com\/may-dong-goi\/wp-json\/wp\/v2\/product"}],"about":[{"href":"https:\/\/cokhitanminh.com\/may-dong-goi\/wp-json\/wp\/v2\/types\/product"}],"replies":[{"embeddable":true,"href":"https:\/\/cokhitanminh.com\/may-dong-goi\/wp-json\/wp\/v2\/comments?post=3033"}],"wp:featuredmedia":[{"embeddable":true,"href":"https:\/\/cokhitanminh.com\/may-dong-goi\/wp-json\/wp\/v2\/media\/8932"}],"wp:attachment":[{"href":"https:\/\/cokhitanminh.com\/may-dong-goi\/wp-json\/wp\/v2\/media?parent=3033"}],"curies":[{"name":"wp","href":"https:\/\/api.w.org\/{rel}","templated":true}]}}