{"id":3032,"date":"2021-12-04T03:42:32","date_gmt":"2021-12-04T03:42:32","guid":{"rendered":"https:\/\/cokhitanminh.com\/may-dong-goi\/?post_type=product&#038;p=3032"},"modified":"2022-01-04T02:53:08","modified_gmt":"2022-01-04T02:53:08","slug":"may-in-date-lap-tren-may-dong-goi-tmdg-d29","status":"publish","type":"product","link":"https:\/\/cokhitanminh.com\/may-dong-goi\/may-in-date-lap-tren-may-dong-goi-tmdg-d29\/","title":{"rendered":"M\u00e1y in date l\u1eafp tr\u00ean m\u00e1y \u0111\u00f3ng g\u00f3i (TM\u0110G-D29)"},"content":{"rendered":"<h3 style=\"text-align: justify;\"><a href=\"https:\/\/cokhitanminh.com\/may-dong-goi\/may-in-date-lap-tren-may-dong-goi-tmdg-d29\/\"><em><strong>M\u00e1y in date l\u1eafp tr\u00ean m\u00e1y \u0111\u00f3ng g\u00f3i<\/strong><\/em><\/a> (TM\u0110G-D29)<\/h3>\n<p style=\"text-align: justify;\"><em><strong>M\u00e1y in date l\u1eafp tr\u00ean m\u00e1y \u0111\u00f3ng g\u00f3i<\/strong><\/em> \u0111\u01b0\u1ee3c nghi\u00ean c\u1ee9u s\u1ea3n xu\u1ea5t v\u00e0 ph\u00e2n ph\u1ed1i tr\u00ean to\u00e0n qu\u1ed1c. T\u1ea5t c\u1ea3 c\u00e1c s\u1ea3n ph\u1ea9m c\u1ee7a ch\u00fang t\u00f4i \u0111\u1ec1u \u0111\u01b0\u1ee3c ki\u1ec3m tra k\u1ef9 l\u01b0\u1ee1ng v\u00e0 v\u1eadn h\u00e0nh th\u1ef1c t\u1ebf \u0111\u1ec3 lu\u00f4n \u0111\u1ea3m b\u1ea3o ch\u1ea5t l\u01b0\u1ee3ng t\u1ed1t nh\u1ea5t tr\u01b0\u1edbc khi b\u00e0n giao thi\u1ebft b\u1ecb cho kh\u00e1ch h\u00e0ng.<\/p>\n<p><img loading=\"lazy\" decoding=\"async\" class=\"size-full wp-image-7356 aligncenter\" src=\"https:\/\/cokhitanminh.com\/may-dong-goi\/wp-content\/uploads\/2021\/12\/may-in-date-lap-tren-may-dong-goi-tmdg-d29-ckmdg-1.jpg\" alt=\"\" width=\"800\" height=\"400\" srcset=\"https:\/\/cokhitanminh.com\/may-dong-goi\/wp-content\/uploads\/2021\/12\/may-in-date-lap-tren-may-dong-goi-tmdg-d29-ckmdg-1.jpg 800w, https:\/\/cokhitanminh.com\/may-dong-goi\/wp-content\/uploads\/2021\/12\/may-in-date-lap-tren-may-dong-goi-tmdg-d29-ckmdg-1-300x150.jpg 300w, https:\/\/cokhitanminh.com\/may-dong-goi\/wp-content\/uploads\/2021\/12\/may-in-date-lap-tren-may-dong-goi-tmdg-d29-ckmdg-1-768x384.jpg 768w, https:\/\/cokhitanminh.com\/may-dong-goi\/wp-content\/uploads\/2021\/12\/may-in-date-lap-tren-may-dong-goi-tmdg-d29-ckmdg-1-600x300.jpg 600w\" sizes=\"auto, (max-width: 800px) 100vw, 800px\" \/><\/p>\n<p><strong>Th\u00f4ng s\u1ed1 k\u1ef9 thu\u1eadt<\/strong><\/p>\n<p>\u2013 Model: TM\u0110G-D29<\/p>\n<p>\u2013 \u0110i\u1ec7n \u00e1p: 220V\/50 Hz<\/p>\n<p>\u2013 C\u00f4ng su\u1ea5t: 130 W<\/p>\n<p>\u2013 T\u1ed1c \u0111\u1ed9 in max: 300 l\u1ea7n \/ph\u00fat<\/p>\n<p>\u2013 C\u1ee1 ch\u1eef: Cao: 3.5 ,4.5 ,5.5mm; R\u1ed9ng: 1.5 ,2 ,3 ,3.5mm<\/p>\n<p>\u2013 S\u1ed1 k\u00fd t\u1ef1 in max \/ d\u00f2ng: 13<\/p>\n<p>\u2013 S\u1ed1 d\u00f2ng in Max: 12<\/p>\n<p>\u2013 Kho\u1ea3ng c\u00e1ch in: &lt;38 mm<\/p>\n<p>\u2013 Ch\u1ea5t li\u1ec7u in: gi\u1ea5y c\u00e1n b\u00f3ng, lion,\u2026.<\/p>\n<p>\u2013 K\u00edch th\u01b0\u1edbc gi\u00e1 \u0111\u1ee1: 400mm (c\u00f3 th\u1ec3 \u0111\u1eb7t \u0111\u1ec3 thay \u0111\u1ed5i)<\/p>\n<p>\u2013 K\u00edch th\u01b0\u1edbc cu\u1ed9n m\u1ef1c: \u0278 36 x 32<\/p>\n<p>\u2013 K\u00edch th\u01b0\u1edbc m\u00e1y in:\u00a0\u0110\u1ea7u in: 120 x 100 x 140mm (ch\u01b0a t\u00ednh gi\u00e1 \u0111\u1ee1); h\u1ed9p \u0111i\u1ec1u khi\u1ec3n: 180 x 160 x 125 mm<\/p>\n<p>\u2013 Tr\u1ecdng l\u01b0\u1ee3ng m\u00e1y: m\u00e1y in:2kg (ch\u01b0a t\u00ednh gi\u00e1 \u0111\u1ee1) h\u1ed9p \u0111i\u1ec1u khi\u1ec3n 1kg<\/p>\n<p>\u2013 Ch\u1ea5t li\u1ec7u v\u1ecf m\u00e1y: m\u00e1y in: nh\u00f4m ; h\u1ed9p \u0111i\u1ec1u khi\u1ec3n:nh\u1ef1a ABS<\/p>\n<p>\u2013 B\u1ea3o h\u00e0nh: 12 th\u00e1ng<\/p>\n<p><strong>H\u00ecnh \u1ea3nh:<\/strong><\/p>\n<p style=\"text-align: center;\"><img loading=\"lazy\" decoding=\"async\" class=\"alignnone size-full wp-image-7367\" src=\"https:\/\/cokhitanminh.com\/may-dong-goi\/wp-content\/uploads\/2021\/12\/may-in-date-lap-tren-may-dong-goi-tmdg-d29-ckmdg-4.jpg\" alt=\"\" width=\"550\" height=\"414\" srcset=\"https:\/\/cokhitanminh.com\/may-dong-goi\/wp-content\/uploads\/2021\/12\/may-in-date-lap-tren-may-dong-goi-tmdg-d29-ckmdg-4.jpg 550w, https:\/\/cokhitanminh.com\/may-dong-goi\/wp-content\/uploads\/2021\/12\/may-in-date-lap-tren-may-dong-goi-tmdg-d29-ckmdg-4-300x226.jpg 300w\" sizes=\"auto, (max-width: 550px) 100vw, 550px\" \/> <img loading=\"lazy\" decoding=\"async\" class=\"size-full wp-image-7368 aligncenter\" src=\"https:\/\/cokhitanminh.com\/may-dong-goi\/wp-content\/uploads\/2021\/12\/may-in-date-lap-tren-may-dong-goi-tmdg-d29-ckmdg-5.jpg\" alt=\"\" width=\"550\" height=\"659\" srcset=\"https:\/\/cokhitanminh.com\/may-dong-goi\/wp-content\/uploads\/2021\/12\/may-in-date-lap-tren-may-dong-goi-tmdg-d29-ckmdg-5.jpg 550w, https:\/\/cokhitanminh.com\/may-dong-goi\/wp-content\/uploads\/2021\/12\/may-in-date-lap-tren-may-dong-goi-tmdg-d29-ckmdg-5-250x300.jpg 250w\" sizes=\"auto, (max-width: 550px) 100vw, 550px\" \/> <img loading=\"lazy\" decoding=\"async\" class=\"alignnone size-full wp-image-7370\" src=\"https:\/\/cokhitanminh.com\/may-dong-goi\/wp-content\/uploads\/2021\/12\/may-in-date-lap-tren-may-dong-goi-tmdg-d29-ckmdg-6-1.jpg\" alt=\"\" width=\"550\" height=\"856\" srcset=\"https:\/\/cokhitanminh.com\/may-dong-goi\/wp-content\/uploads\/2021\/12\/may-in-date-lap-tren-may-dong-goi-tmdg-d29-ckmdg-6-1.jpg 550w, https:\/\/cokhitanminh.com\/may-dong-goi\/wp-content\/uploads\/2021\/12\/may-in-date-lap-tren-may-dong-goi-tmdg-d29-ckmdg-6-1-193x300.jpg 193w\" sizes=\"auto, (max-width: 550px) 100vw, 550px\" \/> <img loading=\"lazy\" decoding=\"async\" class=\"size-full wp-image-7371 aligncenter\" src=\"https:\/\/cokhitanminh.com\/may-dong-goi\/wp-content\/uploads\/2021\/12\/may-in-date-lap-tren-may-dong-goi-tmdg-d29-ckmdg-7.jpg\" alt=\"\" width=\"550\" height=\"978\" srcset=\"https:\/\/cokhitanminh.com\/may-dong-goi\/wp-content\/uploads\/2021\/12\/may-in-date-lap-tren-may-dong-goi-tmdg-d29-ckmdg-7.jpg 550w, https:\/\/cokhitanminh.com\/may-dong-goi\/wp-content\/uploads\/2021\/12\/may-in-date-lap-tren-may-dong-goi-tmdg-d29-ckmdg-7-169x300.jpg 169w\" sizes=\"auto, (max-width: 550px) 100vw, 550px\" \/><\/p>\n<p style=\"text-align: justify;\">\u0110\u1ec3 bi\u1ebft th\u00eam th\u00f4ng tin chi ti\u1ebft v\u1ec1 s\u1ea3n ph\u1ea9m <em><strong>M\u00e1y in date l\u1eafp tr\u00ean m\u00e1y \u0111\u00f3ng g\u00f3i<\/strong><\/em> xin vui l\u00f2ng li\u00ean h\u1ec7 Hotline: 19002861<\/p>\n<p>&nbsp;<\/p>\n","protected":false},"excerpt":{"rendered":"<p>M\u00e1y in date l\u1eafp tr\u00ean m\u00e1y \u0111\u00f3ng g\u00f3i (TM\u0110G-D29) M\u00e1y in date l\u1eafp tr\u00ean m\u00e1y \u0111\u00f3ng g\u00f3i \u0111\u01b0\u1ee3c nghi\u00ean c\u1ee9u s\u1ea3n xu\u1ea5t v\u00e0 ph\u00e2n ph\u1ed1i tr\u00ean to\u00e0n qu\u1ed1c. T\u1ea5t c\u1ea3 c\u00e1c s\u1ea3n ph\u1ea9m c\u1ee7a ch\u00fang t\u00f4i \u0111\u1ec1u \u0111\u01b0\u1ee3c ki\u1ec3m tra k\u1ef9 l\u01b0\u1ee1ng v\u00e0 v\u1eadn h\u00e0nh th\u1ef1c t\u1ebf \u0111\u1ec3 lu\u00f4n \u0111\u1ea3m b\u1ea3o ch\u1ea5t l\u01b0\u1ee3ng t\u1ed1t nh\u1ea5t &#8230;<\/p>\n","protected":false},"featured_media":7366,"comment_status":"open","ping_status":"closed","template":"","meta":[],"class_list":{"0":"post-3032","1":"product","2":"type-product","3":"status-publish","4":"has-post-thumbnail","6":"product_cat-may-in-han-su-dung-in-ma-vach","8":"first","9":"instock","10":"shipping-taxable","11":"purchasable","12":"product-type-simple"},"brands":[],"yoast_head":"<!-- This site is optimized with the Yoast SEO plugin v17.6 - https:\/\/yoast.com\/wordpress\/plugins\/seo\/ -->\n<title>M\u00e1y in date l\u1eafp tr\u00ean m\u00e1y \u0111\u00f3ng g\u00f3i (TM\u0110G-D29) - M\u00c1Y \u0110\u00d3NG G\u00d3I T\u00c2N MINH<\/title>\n<meta name=\"description\" content=\"M\u00e1y in date l\u1eafp tr\u00ean m\u00e1y \u0111\u00f3ng g\u00f3i (TM\u0110G-D29) - B\u1ea3o H\u00e0nh Chuy\u00ean Nghi\u1ec7p - Chi ti\u1ebft xin li\u00ean h\u1ec7 Hotline: 19002861 \u0110\u1ec3 \u0111\u01b0\u1ee3c t\u01b0 v\u1ea5n ho\u00e0n to\u00e0n mi\u1ec5n ph\u00ed!\" \/>\n<meta name=\"robots\" content=\"index, follow, max-snippet:-1, max-image-preview:large, max-video-preview:-1\" \/>\n<link rel=\"canonical\" href=\"https:\/\/cokhitanminh.com\/may-dong-goi\/may-in-date-lap-tren-may-dong-goi-tmdg-d29\/\" \/>\n<meta property=\"og:locale\" content=\"vi_VN\" \/>\n<meta property=\"og:type\" content=\"article\" \/>\n<meta property=\"og:title\" content=\"M\u00e1y in date l\u1eafp tr\u00ean m\u00e1y \u0111\u00f3ng g\u00f3i (TM\u0110G-D29) - M\u00c1Y \u0110\u00d3NG G\u00d3I T\u00c2N MINH\" \/>\n<meta property=\"og:description\" content=\"M\u00e1y in date l\u1eafp tr\u00ean m\u00e1y \u0111\u00f3ng g\u00f3i (TM\u0110G-D29) - B\u1ea3o H\u00e0nh Chuy\u00ean Nghi\u1ec7p - Chi ti\u1ebft xin li\u00ean h\u1ec7 Hotline: 19002861 \u0110\u1ec3 \u0111\u01b0\u1ee3c t\u01b0 v\u1ea5n ho\u00e0n to\u00e0n mi\u1ec5n ph\u00ed!\" \/>\n<meta property=\"og:url\" content=\"https:\/\/cokhitanminh.com\/may-dong-goi\/may-in-date-lap-tren-may-dong-goi-tmdg-d29\/\" \/>\n<meta property=\"og:site_name\" content=\"M\u00c1Y \u0110\u00d3NG G\u00d3I T\u00c2N MINH\" \/>\n<meta property=\"article:modified_time\" content=\"2022-01-04T02:53:08+00:00\" \/>\n<meta property=\"og:image\" content=\"https:\/\/cokhitanminh.com\/may-dong-goi\/wp-content\/uploads\/2021\/12\/may-in-date-lap-tren-may-dong-goi-tmdg-d29-ckmdg-3.jpg\" \/>\n\t<meta property=\"og:image:width\" content=\"550\" \/>\n\t<meta property=\"og:image:height\" content=\"550\" \/>\n<meta name=\"twitter:card\" content=\"summary_large_image\" \/>\n<meta name=\"twitter:label1\" content=\"\u01af\u1edbc t\u00ednh th\u1eddi gian \u0111\u1ecdc\" \/>\n\t<meta name=\"twitter:data1\" content=\"2 ph\u00fat\" \/>\n<script type=\"application\/ld+json\" class=\"yoast-schema-graph\">{\"@context\":\"https:\/\/schema.org\",\"@graph\":[{\"@type\":\"WebSite\",\"@id\":\"https:\/\/cokhitanminh.com\/may-dong-goi\/#website\",\"url\":\"https:\/\/cokhitanminh.com\/may-dong-goi\/\",\"name\":\"M\\u00c1Y \\u0110\\u00d3NG G\\u00d3I T\\u00c2N MINH\",\"description\":\"Chuy\\u00ean gia m\\u00e1y \\u0111\\u00f3ng g\\u00f3i\",\"potentialAction\":[{\"@type\":\"SearchAction\",\"target\":{\"@type\":\"EntryPoint\",\"urlTemplate\":\"https:\/\/cokhitanminh.com\/may-dong-goi\/?s={search_term_string}\"},\"query-input\":\"required name=search_term_string\"}],\"inLanguage\":\"vi\"},{\"@type\":\"ImageObject\",\"@id\":\"https:\/\/cokhitanminh.com\/may-dong-goi\/may-in-date-lap-tren-may-dong-goi-tmdg-d29\/#primaryimage\",\"inLanguage\":\"vi\",\"url\":\"https:\/\/cokhitanminh.com\/may-dong-goi\/wp-content\/uploads\/2021\/12\/may-in-date-lap-tren-may-dong-goi-tmdg-d29-ckmdg-3.jpg\",\"contentUrl\":\"https:\/\/cokhitanminh.com\/may-dong-goi\/wp-content\/uploads\/2021\/12\/may-in-date-lap-tren-may-dong-goi-tmdg-d29-ckmdg-3.jpg\",\"width\":550,\"height\":550,\"caption\":\"m\\u00e1y indate l\\u1eafp tr\\u00ean m\\u00e1y \\u0111\\u00f3ng g\\u00f3i (TM\\u0110G-D29)\"},{\"@type\":\"WebPage\",\"@id\":\"https:\/\/cokhitanminh.com\/may-dong-goi\/may-in-date-lap-tren-may-dong-goi-tmdg-d29\/#webpage\",\"url\":\"https:\/\/cokhitanminh.com\/may-dong-goi\/may-in-date-lap-tren-may-dong-goi-tmdg-d29\/\",\"name\":\"M\\u00e1y in date l\\u1eafp tr\\u00ean m\\u00e1y \\u0111\\u00f3ng g\\u00f3i (TM\\u0110G-D29) - M\\u00c1Y \\u0110\\u00d3NG G\\u00d3I T\\u00c2N MINH\",\"isPartOf\":{\"@id\":\"https:\/\/cokhitanminh.com\/may-dong-goi\/#website\"},\"primaryImageOfPage\":{\"@id\":\"https:\/\/cokhitanminh.com\/may-dong-goi\/may-in-date-lap-tren-may-dong-goi-tmdg-d29\/#primaryimage\"},\"datePublished\":\"2021-12-04T03:42:32+00:00\",\"dateModified\":\"2022-01-04T02:53:08+00:00\",\"description\":\"M\\u00e1y in date l\\u1eafp tr\\u00ean m\\u00e1y \\u0111\\u00f3ng g\\u00f3i (TM\\u0110G-D29) - B\\u1ea3o H\\u00e0nh Chuy\\u00ean Nghi\\u1ec7p - Chi ti\\u1ebft xin li\\u00ean h\\u1ec7 Hotline: 19002861 \\u0110\\u1ec3 \\u0111\\u01b0\\u1ee3c t\\u01b0 v\\u1ea5n ho\\u00e0n to\\u00e0n mi\\u1ec5n ph\\u00ed!\",\"breadcrumb\":{\"@id\":\"https:\/\/cokhitanminh.com\/may-dong-goi\/may-in-date-lap-tren-may-dong-goi-tmdg-d29\/#breadcrumb\"},\"inLanguage\":\"vi\",\"potentialAction\":[{\"@type\":\"ReadAction\",\"target\":[\"https:\/\/cokhitanminh.com\/may-dong-goi\/may-in-date-lap-tren-may-dong-goi-tmdg-d29\/\"]}]},{\"@type\":\"BreadcrumbList\",\"@id\":\"https:\/\/cokhitanminh.com\/may-dong-goi\/may-in-date-lap-tren-may-dong-goi-tmdg-d29\/#breadcrumb\",\"itemListElement\":[{\"@type\":\"ListItem\",\"position\":1,\"name\":\"Trang ch\\u1ee7\",\"item\":\"https:\/\/cokhitanminh.com\/may-dong-goi\/\"},{\"@type\":\"ListItem\",\"position\":2,\"name\":\"C\\u1eeda h\\u00e0ng\",\"item\":\"https:\/\/cokhitanminh.com\/may-dong-goi\/mua\/\"},{\"@type\":\"ListItem\",\"position\":3,\"name\":\"M\\u00e1y in date l\\u1eafp tr\\u00ean m\\u00e1y \\u0111\\u00f3ng g\\u00f3i (TM\\u0110G-D29)\"}]}]}<\/script>\n<!-- \/ Yoast SEO plugin. -->","yoast_head_json":{"title":"M\u00e1y in date l\u1eafp tr\u00ean m\u00e1y \u0111\u00f3ng g\u00f3i (TM\u0110G-D29) - M\u00c1Y \u0110\u00d3NG G\u00d3I T\u00c2N MINH","description":"M\u00e1y in date l\u1eafp tr\u00ean m\u00e1y \u0111\u00f3ng g\u00f3i (TM\u0110G-D29) - B\u1ea3o H\u00e0nh Chuy\u00ean Nghi\u1ec7p - Chi ti\u1ebft xin li\u00ean h\u1ec7 Hotline: 19002861 \u0110\u1ec3 \u0111\u01b0\u1ee3c t\u01b0 v\u1ea5n ho\u00e0n to\u00e0n mi\u1ec5n ph\u00ed!","robots":{"index":"index","follow":"follow","max-snippet":"max-snippet:-1","max-image-preview":"max-image-preview:large","max-video-preview":"max-video-preview:-1"},"canonical":"https:\/\/cokhitanminh.com\/may-dong-goi\/may-in-date-lap-tren-may-dong-goi-tmdg-d29\/","og_locale":"vi_VN","og_type":"article","og_title":"M\u00e1y in date l\u1eafp tr\u00ean m\u00e1y \u0111\u00f3ng g\u00f3i (TM\u0110G-D29) - M\u00c1Y \u0110\u00d3NG G\u00d3I T\u00c2N MINH","og_description":"M\u00e1y in date l\u1eafp tr\u00ean m\u00e1y \u0111\u00f3ng g\u00f3i (TM\u0110G-D29) - B\u1ea3o H\u00e0nh Chuy\u00ean Nghi\u1ec7p - Chi ti\u1ebft xin li\u00ean h\u1ec7 Hotline: 19002861 \u0110\u1ec3 \u0111\u01b0\u1ee3c t\u01b0 v\u1ea5n ho\u00e0n to\u00e0n mi\u1ec5n ph\u00ed!","og_url":"https:\/\/cokhitanminh.com\/may-dong-goi\/may-in-date-lap-tren-may-dong-goi-tmdg-d29\/","og_site_name":"M\u00c1Y \u0110\u00d3NG G\u00d3I T\u00c2N MINH","article_modified_time":"2022-01-04T02:53:08+00:00","og_image":[{"width":550,"height":550,"url":"https:\/\/cokhitanminh.com\/may-dong-goi\/wp-content\/uploads\/2021\/12\/may-in-date-lap-tren-may-dong-goi-tmdg-d29-ckmdg-3.jpg","type":"image\/jpeg"}],"twitter_card":"summary_large_image","twitter_misc":{"\u01af\u1edbc t\u00ednh th\u1eddi gian \u0111\u1ecdc":"2 ph\u00fat"},"schema":{"@context":"https:\/\/schema.org","@graph":[{"@type":"WebSite","@id":"https:\/\/cokhitanminh.com\/may-dong-goi\/#website","url":"https:\/\/cokhitanminh.com\/may-dong-goi\/","name":"M\u00c1Y \u0110\u00d3NG G\u00d3I T\u00c2N MINH","description":"Chuy\u00ean gia m\u00e1y \u0111\u00f3ng g\u00f3i","potentialAction":[{"@type":"SearchAction","target":{"@type":"EntryPoint","urlTemplate":"https:\/\/cokhitanminh.com\/may-dong-goi\/?s={search_term_string}"},"query-input":"required name=search_term_string"}],"inLanguage":"vi"},{"@type":"ImageObject","@id":"https:\/\/cokhitanminh.com\/may-dong-goi\/may-in-date-lap-tren-may-dong-goi-tmdg-d29\/#primaryimage","inLanguage":"vi","url":"https:\/\/cokhitanminh.com\/may-dong-goi\/wp-content\/uploads\/2021\/12\/may-in-date-lap-tren-may-dong-goi-tmdg-d29-ckmdg-3.jpg","contentUrl":"https:\/\/cokhitanminh.com\/may-dong-goi\/wp-content\/uploads\/2021\/12\/may-in-date-lap-tren-may-dong-goi-tmdg-d29-ckmdg-3.jpg","width":550,"height":550,"caption":"m\u00e1y indate l\u1eafp tr\u00ean m\u00e1y \u0111\u00f3ng g\u00f3i (TM\u0110G-D29)"},{"@type":"WebPage","@id":"https:\/\/cokhitanminh.com\/may-dong-goi\/may-in-date-lap-tren-may-dong-goi-tmdg-d29\/#webpage","url":"https:\/\/cokhitanminh.com\/may-dong-goi\/may-in-date-lap-tren-may-dong-goi-tmdg-d29\/","name":"M\u00e1y in date l\u1eafp tr\u00ean m\u00e1y \u0111\u00f3ng g\u00f3i (TM\u0110G-D29) - M\u00c1Y \u0110\u00d3NG G\u00d3I T\u00c2N MINH","isPartOf":{"@id":"https:\/\/cokhitanminh.com\/may-dong-goi\/#website"},"primaryImageOfPage":{"@id":"https:\/\/cokhitanminh.com\/may-dong-goi\/may-in-date-lap-tren-may-dong-goi-tmdg-d29\/#primaryimage"},"datePublished":"2021-12-04T03:42:32+00:00","dateModified":"2022-01-04T02:53:08+00:00","description":"M\u00e1y in date l\u1eafp tr\u00ean m\u00e1y \u0111\u00f3ng g\u00f3i (TM\u0110G-D29) - B\u1ea3o H\u00e0nh Chuy\u00ean Nghi\u1ec7p - Chi ti\u1ebft xin li\u00ean h\u1ec7 Hotline: 19002861 \u0110\u1ec3 \u0111\u01b0\u1ee3c t\u01b0 v\u1ea5n ho\u00e0n to\u00e0n mi\u1ec5n ph\u00ed!","breadcrumb":{"@id":"https:\/\/cokhitanminh.com\/may-dong-goi\/may-in-date-lap-tren-may-dong-goi-tmdg-d29\/#breadcrumb"},"inLanguage":"vi","potentialAction":[{"@type":"ReadAction","target":["https:\/\/cokhitanminh.com\/may-dong-goi\/may-in-date-lap-tren-may-dong-goi-tmdg-d29\/"]}]},{"@type":"BreadcrumbList","@id":"https:\/\/cokhitanminh.com\/may-dong-goi\/may-in-date-lap-tren-may-dong-goi-tmdg-d29\/#breadcrumb","itemListElement":[{"@type":"ListItem","position":1,"name":"Trang ch\u1ee7","item":"https:\/\/cokhitanminh.com\/may-dong-goi\/"},{"@type":"ListItem","position":2,"name":"C\u1eeda h\u00e0ng","item":"https:\/\/cokhitanminh.com\/may-dong-goi\/mua\/"},{"@type":"ListItem","position":3,"name":"M\u00e1y in date l\u1eafp tr\u00ean m\u00e1y \u0111\u00f3ng g\u00f3i (TM\u0110G-D29)"}]}]}},"_links":{"self":[{"href":"https:\/\/cokhitanminh.com\/may-dong-goi\/wp-json\/wp\/v2\/product\/3032","targetHints":{"allow":["GET"]}}],"collection":[{"href":"https:\/\/cokhitanminh.com\/may-dong-goi\/wp-json\/wp\/v2\/product"}],"about":[{"href":"https:\/\/cokhitanminh.com\/may-dong-goi\/wp-json\/wp\/v2\/types\/product"}],"replies":[{"embeddable":true,"href":"https:\/\/cokhitanminh.com\/may-dong-goi\/wp-json\/wp\/v2\/comments?post=3032"}],"wp:featuredmedia":[{"embeddable":true,"href":"https:\/\/cokhitanminh.com\/may-dong-goi\/wp-json\/wp\/v2\/media\/7366"}],"wp:attachment":[{"href":"https:\/\/cokhitanminh.com\/may-dong-goi\/wp-json\/wp\/v2\/media?parent=3032"}],"curies":[{"name":"wp","href":"https:\/\/api.w.org\/{rel}","templated":true}]}}