{"id":2498,"date":"2021-12-04T03:30:28","date_gmt":"2021-12-04T03:30:28","guid":{"rendered":"https:\/\/cokhitanminh.com\/may-dong-goi\/?post_type=product&#038;p=2498"},"modified":"2023-07-19T06:58:32","modified_gmt":"2023-07-19T06:58:32","slug":"may-bo-vien-nap-chai-hu-yen-tmdc-dd06","status":"publish","type":"product","link":"https:\/\/cokhitanminh.com\/may-dong-goi\/may-bo-vien-nap-chai-hu-yen-tmdc-dd06\/","title":{"rendered":"M\u00e1y bo vi\u1ec1n n\u1eafp chai, h\u0169 y\u1ebfn (TMDC-DD06)"},"content":{"rendered":"<h3 style=\"text-align: justify;\"><a href=\"https:\/\/cokhitanminh.com\/may-dong-goi\/may-bo-vien-nap-chai-hu-yen-tmdc-dd06\/\"><strong><em>M\u00e1y bo vi\u1ec1n n\u1eafp chai, h\u0169 y\u1ebfn<\/em><\/strong><\/a>\u00a0(TMDC-DD06)<\/h3>\n<p style=\"text-align: justify;\"><strong><em>M\u00e1y bo vi\u1ec1n n\u1eafp chai, h\u0169 y\u1ebfn<\/em><\/strong>\u00a0(TMDC-DD06) \u0111\u01b0\u1ee3c nghi\u00ean c\u1ee9u s\u1ea3n xu\u1ea5t v\u00e0 ph\u00e2n ph\u1ed1i tr\u00ean to\u00e0n qu\u1ed1c. T\u1ea5t c\u1ea3 c\u00e1c s\u1ea3n ph\u1ea9m c\u1ee7a ch\u00fang t\u00f4i \u0111\u1ec1u \u0111\u01b0\u1ee3c ki\u1ec3m tra k\u1ef9 l\u01b0\u1ee1ng v\u00e0 v\u1eadn h\u00e0nh th\u1ef1c t\u1ebf \u0111\u1ec3 lu\u00f4n \u0111\u1ea3m b\u1ea3o ch\u1ea5t l\u01b0\u1ee3ng t\u1ed1t nh\u1ea5t tr\u01b0\u1edbc khi b\u00e0n giao thi\u1ebft b\u1ecb cho kh\u00e1ch h\u00e0ng.<\/p>\n<p style=\"text-align: justify;\"><strong>Th\u00f4ng s\u1ed1 k\u1ef9 thu\u1eadt:<\/strong><\/p>\n<p style=\"text-align: center;\"><img loading=\"lazy\" decoding=\"async\" class=\"size-full wp-image-8683 aligncenter\" src=\"https:\/\/cokhitanminh.com\/may-dong-goi\/wp-content\/uploads\/2021\/12\/may-bo-vien-nap-chai-hu-yen-tmdc-dd06.jpeg\" alt=\"\" width=\"840\" height=\"247\" srcset=\"https:\/\/cokhitanminh.com\/may-dong-goi\/wp-content\/uploads\/2021\/12\/may-bo-vien-nap-chai-hu-yen-tmdc-dd06.jpeg 840w, https:\/\/cokhitanminh.com\/may-dong-goi\/wp-content\/uploads\/2021\/12\/may-bo-vien-nap-chai-hu-yen-tmdc-dd06-300x88.jpeg 300w, https:\/\/cokhitanminh.com\/may-dong-goi\/wp-content\/uploads\/2021\/12\/may-bo-vien-nap-chai-hu-yen-tmdc-dd06-768x226.jpeg 768w, https:\/\/cokhitanminh.com\/may-dong-goi\/wp-content\/uploads\/2021\/12\/may-bo-vien-nap-chai-hu-yen-tmdc-dd06-600x176.jpeg 600w\" sizes=\"auto, (max-width: 840px) 100vw, 840px\" \/><\/p>\n<p style=\"text-align: justify;\"><strong>H\u00ecnh \u1ea3nh s\u1ea3n ph\u1ea9m:<\/strong><\/p>\n<p style=\"text-align: center;\"><img loading=\"lazy\" decoding=\"async\" class=\"size-full wp-image-8709 aligncenter\" src=\"https:\/\/cokhitanminh.com\/may-dong-goi\/wp-content\/uploads\/2021\/12\/may-bo-vien-nap-chai-hu-yen-tmdc-dd06-2.jpg\" alt=\"\" width=\"750\" height=\"350\" srcset=\"https:\/\/cokhitanminh.com\/may-dong-goi\/wp-content\/uploads\/2021\/12\/may-bo-vien-nap-chai-hu-yen-tmdc-dd06-2.jpg 750w, https:\/\/cokhitanminh.com\/may-dong-goi\/wp-content\/uploads\/2021\/12\/may-bo-vien-nap-chai-hu-yen-tmdc-dd06-2-300x140.jpg 300w, https:\/\/cokhitanminh.com\/may-dong-goi\/wp-content\/uploads\/2021\/12\/may-bo-vien-nap-chai-hu-yen-tmdc-dd06-2-600x280.jpg 600w\" sizes=\"auto, (max-width: 750px) 100vw, 750px\" \/><\/p>\n<p style=\"text-align: center;\"><img loading=\"lazy\" decoding=\"async\" class=\"size-full wp-image-8710 aligncenter\" src=\"https:\/\/cokhitanminh.com\/may-dong-goi\/wp-content\/uploads\/2021\/12\/may-bo-vien-nap-chai-hu-yen-tmdc-dd06-3.jpg\" alt=\"\" width=\"600\" height=\"452\" srcset=\"https:\/\/cokhitanminh.com\/may-dong-goi\/wp-content\/uploads\/2021\/12\/may-bo-vien-nap-chai-hu-yen-tmdc-dd06-3.jpg 600w, https:\/\/cokhitanminh.com\/may-dong-goi\/wp-content\/uploads\/2021\/12\/may-bo-vien-nap-chai-hu-yen-tmdc-dd06-3-300x226.jpg 300w\" sizes=\"auto, (max-width: 600px) 100vw, 600px\" \/><\/p>\n<p style=\"text-align: center;\"><img loading=\"lazy\" decoding=\"async\" class=\"size-full wp-image-8711 aligncenter\" src=\"https:\/\/cokhitanminh.com\/may-dong-goi\/wp-content\/uploads\/2021\/12\/may-bo-vien-nap-chai-hu-yen-tmdc-dd06-4.jpg\" alt=\"\" width=\"600\" height=\"336\" srcset=\"https:\/\/cokhitanminh.com\/may-dong-goi\/wp-content\/uploads\/2021\/12\/may-bo-vien-nap-chai-hu-yen-tmdc-dd06-4.jpg 600w, https:\/\/cokhitanminh.com\/may-dong-goi\/wp-content\/uploads\/2021\/12\/may-bo-vien-nap-chai-hu-yen-tmdc-dd06-4-300x168.jpg 300w\" sizes=\"auto, (max-width: 600px) 100vw, 600px\" \/><\/p>\n<p style=\"text-align: center;\"><img loading=\"lazy\" decoding=\"async\" class=\"size-full wp-image-8712 aligncenter\" src=\"https:\/\/cokhitanminh.com\/may-dong-goi\/wp-content\/uploads\/2021\/12\/may-bo-vien-nap-chai-hu-yen-tmdc-dd06-5.jpg\" alt=\"\" width=\"600\" height=\"1216\" srcset=\"https:\/\/cokhitanminh.com\/may-dong-goi\/wp-content\/uploads\/2021\/12\/may-bo-vien-nap-chai-hu-yen-tmdc-dd06-5.jpg 600w, https:\/\/cokhitanminh.com\/may-dong-goi\/wp-content\/uploads\/2021\/12\/may-bo-vien-nap-chai-hu-yen-tmdc-dd06-5-148x300.jpg 148w, https:\/\/cokhitanminh.com\/may-dong-goi\/wp-content\/uploads\/2021\/12\/may-bo-vien-nap-chai-hu-yen-tmdc-dd06-5-505x1024.jpg 505w\" sizes=\"auto, (max-width: 600px) 100vw, 600px\" \/><\/p>\n<p style=\"text-align: center;\"><img loading=\"lazy\" decoding=\"async\" class=\"size-full wp-image-8713 aligncenter\" src=\"https:\/\/cokhitanminh.com\/may-dong-goi\/wp-content\/uploads\/2021\/12\/may-bo-vien-nap-chai-hu-yen-tmdc-dd06-6.jpg\" alt=\"\" width=\"600\" height=\"429\" srcset=\"https:\/\/cokhitanminh.com\/may-dong-goi\/wp-content\/uploads\/2021\/12\/may-bo-vien-nap-chai-hu-yen-tmdc-dd06-6.jpg 600w, https:\/\/cokhitanminh.com\/may-dong-goi\/wp-content\/uploads\/2021\/12\/may-bo-vien-nap-chai-hu-yen-tmdc-dd06-6-300x215.jpg 300w\" sizes=\"auto, (max-width: 600px) 100vw, 600px\" \/><\/p>\n<p style=\"text-align: center;\"><img loading=\"lazy\" decoding=\"async\" class=\"size-full wp-image-8714 aligncenter\" src=\"https:\/\/cokhitanminh.com\/may-dong-goi\/wp-content\/uploads\/2021\/12\/may-bo-vien-nap-chai-hu-yen-tmdc-dd06-7.jpg\" alt=\"\" width=\"600\" height=\"407\" srcset=\"https:\/\/cokhitanminh.com\/may-dong-goi\/wp-content\/uploads\/2021\/12\/may-bo-vien-nap-chai-hu-yen-tmdc-dd06-7.jpg 600w, https:\/\/cokhitanminh.com\/may-dong-goi\/wp-content\/uploads\/2021\/12\/may-bo-vien-nap-chai-hu-yen-tmdc-dd06-7-300x204.jpg 300w\" sizes=\"auto, (max-width: 600px) 100vw, 600px\" \/><\/p>\n<p style=\"text-align: center;\"><img loading=\"lazy\" decoding=\"async\" class=\"size-full wp-image-8715 aligncenter\" src=\"https:\/\/cokhitanminh.com\/may-dong-goi\/wp-content\/uploads\/2021\/12\/may-bo-vien-nap-chai-hu-yen-tmdc-dd06-8.jpg\" alt=\"\" width=\"600\" height=\"1014\" srcset=\"https:\/\/cokhitanminh.com\/may-dong-goi\/wp-content\/uploads\/2021\/12\/may-bo-vien-nap-chai-hu-yen-tmdc-dd06-8.jpg 600w, https:\/\/cokhitanminh.com\/may-dong-goi\/wp-content\/uploads\/2021\/12\/may-bo-vien-nap-chai-hu-yen-tmdc-dd06-8-178x300.jpg 178w\" sizes=\"auto, (max-width: 600px) 100vw, 600px\" \/><\/p>\n<p style=\"text-align: center;\"><img loading=\"lazy\" decoding=\"async\" class=\"size-full wp-image-8716 aligncenter\" src=\"https:\/\/cokhitanminh.com\/may-dong-goi\/wp-content\/uploads\/2021\/12\/may-bo-vien-nap-chai-hu-yen-tmdc-dd06-9.jpg\" alt=\"\" width=\"600\" height=\"473\" srcset=\"https:\/\/cokhitanminh.com\/may-dong-goi\/wp-content\/uploads\/2021\/12\/may-bo-vien-nap-chai-hu-yen-tmdc-dd06-9.jpg 600w, https:\/\/cokhitanminh.com\/may-dong-goi\/wp-content\/uploads\/2021\/12\/may-bo-vien-nap-chai-hu-yen-tmdc-dd06-9-300x237.jpg 300w\" sizes=\"auto, (max-width: 600px) 100vw, 600px\" \/><\/p>\n<p style=\"text-align: center;\"><img loading=\"lazy\" decoding=\"async\" class=\"size-full wp-image-8717 aligncenter\" src=\"https:\/\/cokhitanminh.com\/may-dong-goi\/wp-content\/uploads\/2021\/12\/may-bo-vien-nap-chai-hu-yen-tmdc-dd06-10.jpg\" alt=\"\" width=\"600\" height=\"557\" srcset=\"https:\/\/cokhitanminh.com\/may-dong-goi\/wp-content\/uploads\/2021\/12\/may-bo-vien-nap-chai-hu-yen-tmdc-dd06-10.jpg 600w, https:\/\/cokhitanminh.com\/may-dong-goi\/wp-content\/uploads\/2021\/12\/may-bo-vien-nap-chai-hu-yen-tmdc-dd06-10-300x279.jpg 300w\" sizes=\"auto, (max-width: 600px) 100vw, 600px\" \/><\/p>\n<p style=\"text-align: justify;\">Xem th\u00eam:\u00a0<strong><em>M\u00e1y bo vi\u1ec1n n\u1eafp chai, h\u0169 y\u1ebfn<\/em><\/strong>\u00a0(TMDC-DD06)<\/p>\n","protected":false},"excerpt":{"rendered":"<p>M\u00e1y bo vi\u1ec1n n\u1eafp chai, h\u0169 y\u1ebfn\u00a0(TMDC-DD06) M\u00e1y bo vi\u1ec1n n\u1eafp chai, h\u0169 y\u1ebfn\u00a0(TMDC-DD06) \u0111\u01b0\u1ee3c nghi\u00ean c\u1ee9u s\u1ea3n xu\u1ea5t v\u00e0 ph\u00e2n ph\u1ed1i tr\u00ean to\u00e0n qu\u1ed1c. T\u1ea5t c\u1ea3 c\u00e1c s\u1ea3n ph\u1ea9m c\u1ee7a ch\u00fang t\u00f4i \u0111\u1ec1u \u0111\u01b0\u1ee3c ki\u1ec3m tra k\u1ef9 l\u01b0\u1ee1ng v\u00e0 v\u1eadn h\u00e0nh th\u1ef1c t\u1ebf \u0111\u1ec3 lu\u00f4n \u0111\u1ea3m b\u1ea3o ch\u1ea5t l\u01b0\u1ee3ng t\u1ed1t nh\u1ea5t tr\u01b0\u1edbc khi b\u00e0n &#8230;<\/p>\n","protected":false},"featured_media":8718,"comment_status":"open","ping_status":"closed","template":"","meta":[],"class_list":{"0":"post-2498","1":"product","2":"type-product","3":"status-publish","4":"has-post-thumbnail","6":"product_cat-may-siet-dong-nap-vien-mi","7":"product_cat-may-vien-mi-lon-chai","9":"first","10":"instock","11":"shipping-taxable","12":"purchasable","13":"product-type-simple"},"brands":[],"yoast_head":"<!-- This site is optimized with the Yoast SEO plugin v17.6 - https:\/\/yoast.com\/wordpress\/plugins\/seo\/ -->\n<title>M\u00e1y bo vi\u1ec1n n\u1eafp chai, h\u0169 y\u1ebfn| B\u1ea3o h\u00e0nh ch\u00ednh h\u00e3ng | Uy T\u00edn \u2013 Ch\u1ea5t L\u01b0\u1ee3ng<\/title>\n<meta name=\"description\" content=\"M\u00e1y bo vi\u1ec1n n\u1eafp chai, h\u0169 y\u1ebfn - Gi\u00e1 R\u1ebb - B\u1ea3o H\u00e0nh Chuy\u00ean Nghi\u1ec7p - Chi ti\u1ebft xin li\u00ean h\u1ec7 Hotline: 19002861 \u0110\u1ec3 \u0111\u01b0\u1ee3c t\u01b0 v\u1ea5n ho\u00e0n to\u00e0n mi\u1ec5n ph\u00ed!\" \/>\n<meta name=\"robots\" content=\"index, follow, max-snippet:-1, max-image-preview:large, max-video-preview:-1\" \/>\n<link rel=\"canonical\" href=\"https:\/\/cokhitanminh.com\/may-dong-goi\/may-bo-vien-nap-chai-hu-yen-tmdc-dd06\/\" \/>\n<meta property=\"og:locale\" content=\"vi_VN\" \/>\n<meta property=\"og:type\" content=\"article\" \/>\n<meta property=\"og:title\" content=\"M\u00e1y bo vi\u1ec1n n\u1eafp chai, h\u0169 y\u1ebfn| B\u1ea3o h\u00e0nh ch\u00ednh h\u00e3ng | Uy T\u00edn \u2013 Ch\u1ea5t L\u01b0\u1ee3ng\" \/>\n<meta property=\"og:description\" content=\"M\u00e1y bo vi\u1ec1n n\u1eafp chai, h\u0169 y\u1ebfn - Gi\u00e1 R\u1ebb - B\u1ea3o H\u00e0nh Chuy\u00ean Nghi\u1ec7p - Chi ti\u1ebft xin li\u00ean h\u1ec7 Hotline: 19002861 \u0110\u1ec3 \u0111\u01b0\u1ee3c t\u01b0 v\u1ea5n ho\u00e0n to\u00e0n mi\u1ec5n ph\u00ed!\" \/>\n<meta property=\"og:url\" content=\"https:\/\/cokhitanminh.com\/may-dong-goi\/may-bo-vien-nap-chai-hu-yen-tmdc-dd06\/\" \/>\n<meta property=\"og:site_name\" content=\"M\u00c1Y \u0110\u00d3NG G\u00d3I T\u00c2N MINH\" \/>\n<meta property=\"article:modified_time\" content=\"2023-07-19T06:58:32+00:00\" \/>\n<meta property=\"og:image\" content=\"https:\/\/cokhitanminh.com\/may-dong-goi\/wp-content\/uploads\/2021\/12\/may-bo-vien-nap-chai-hu-yen-tmdc-dd06-1.jpg\" \/>\n\t<meta property=\"og:image:width\" content=\"600\" \/>\n\t<meta property=\"og:image:height\" content=\"600\" \/>\n<meta name=\"twitter:card\" content=\"summary_large_image\" \/>\n<meta name=\"twitter:label1\" content=\"\u01af\u1edbc t\u00ednh th\u1eddi gian \u0111\u1ecdc\" \/>\n\t<meta name=\"twitter:data1\" content=\"3 ph\u00fat\" \/>\n<script type=\"application\/ld+json\" class=\"yoast-schema-graph\">{\"@context\":\"https:\/\/schema.org\",\"@graph\":[{\"@type\":\"WebSite\",\"@id\":\"https:\/\/cokhitanminh.com\/may-dong-goi\/#website\",\"url\":\"https:\/\/cokhitanminh.com\/may-dong-goi\/\",\"name\":\"M\\u00c1Y \\u0110\\u00d3NG G\\u00d3I T\\u00c2N MINH\",\"description\":\"Chuy\\u00ean gia m\\u00e1y \\u0111\\u00f3ng g\\u00f3i\",\"potentialAction\":[{\"@type\":\"SearchAction\",\"target\":{\"@type\":\"EntryPoint\",\"urlTemplate\":\"https:\/\/cokhitanminh.com\/may-dong-goi\/?s={search_term_string}\"},\"query-input\":\"required name=search_term_string\"}],\"inLanguage\":\"vi\"},{\"@type\":\"ImageObject\",\"@id\":\"https:\/\/cokhitanminh.com\/may-dong-goi\/may-bo-vien-nap-chai-hu-yen-tmdc-dd06\/#primaryimage\",\"inLanguage\":\"vi\",\"url\":\"https:\/\/cokhitanminh.com\/may-dong-goi\/wp-content\/uploads\/2021\/12\/may-bo-vien-nap-chai-hu-yen-tmdc-dd06-1.jpg\",\"contentUrl\":\"https:\/\/cokhitanminh.com\/may-dong-goi\/wp-content\/uploads\/2021\/12\/may-bo-vien-nap-chai-hu-yen-tmdc-dd06-1.jpg\",\"width\":600,\"height\":600},{\"@type\":\"WebPage\",\"@id\":\"https:\/\/cokhitanminh.com\/may-dong-goi\/may-bo-vien-nap-chai-hu-yen-tmdc-dd06\/#webpage\",\"url\":\"https:\/\/cokhitanminh.com\/may-dong-goi\/may-bo-vien-nap-chai-hu-yen-tmdc-dd06\/\",\"name\":\"M\\u00e1y bo vi\\u1ec1n n\\u1eafp chai, h\\u0169 y\\u1ebfn| B\\u1ea3o h\\u00e0nh ch\\u00ednh h\\u00e3ng | Uy T\\u00edn \\u2013 Ch\\u1ea5t L\\u01b0\\u1ee3ng\",\"isPartOf\":{\"@id\":\"https:\/\/cokhitanminh.com\/may-dong-goi\/#website\"},\"primaryImageOfPage\":{\"@id\":\"https:\/\/cokhitanminh.com\/may-dong-goi\/may-bo-vien-nap-chai-hu-yen-tmdc-dd06\/#primaryimage\"},\"datePublished\":\"2021-12-04T03:30:28+00:00\",\"dateModified\":\"2023-07-19T06:58:32+00:00\",\"description\":\"M\\u00e1y bo vi\\u1ec1n n\\u1eafp chai, h\\u0169 y\\u1ebfn - Gi\\u00e1 R\\u1ebb - B\\u1ea3o H\\u00e0nh Chuy\\u00ean Nghi\\u1ec7p - Chi ti\\u1ebft xin li\\u00ean h\\u1ec7 Hotline: 19002861 \\u0110\\u1ec3 \\u0111\\u01b0\\u1ee3c t\\u01b0 v\\u1ea5n ho\\u00e0n to\\u00e0n mi\\u1ec5n ph\\u00ed!\",\"breadcrumb\":{\"@id\":\"https:\/\/cokhitanminh.com\/may-dong-goi\/may-bo-vien-nap-chai-hu-yen-tmdc-dd06\/#breadcrumb\"},\"inLanguage\":\"vi\",\"potentialAction\":[{\"@type\":\"ReadAction\",\"target\":[\"https:\/\/cokhitanminh.com\/may-dong-goi\/may-bo-vien-nap-chai-hu-yen-tmdc-dd06\/\"]}]},{\"@type\":\"BreadcrumbList\",\"@id\":\"https:\/\/cokhitanminh.com\/may-dong-goi\/may-bo-vien-nap-chai-hu-yen-tmdc-dd06\/#breadcrumb\",\"itemListElement\":[{\"@type\":\"ListItem\",\"position\":1,\"name\":\"Trang ch\\u1ee7\",\"item\":\"https:\/\/cokhitanminh.com\/may-dong-goi\/\"},{\"@type\":\"ListItem\",\"position\":2,\"name\":\"C\\u1eeda h\\u00e0ng\",\"item\":\"https:\/\/cokhitanminh.com\/may-dong-goi\/mua\/\"},{\"@type\":\"ListItem\",\"position\":3,\"name\":\"M\\u00e1y bo vi\\u1ec1n n\\u1eafp chai, h\\u0169 y\\u1ebfn (TMDC-DD06)\"}]}]}<\/script>\n<!-- \/ Yoast SEO plugin. -->","yoast_head_json":{"title":"M\u00e1y bo vi\u1ec1n n\u1eafp chai, h\u0169 y\u1ebfn| B\u1ea3o h\u00e0nh ch\u00ednh h\u00e3ng | Uy T\u00edn \u2013 Ch\u1ea5t L\u01b0\u1ee3ng","description":"M\u00e1y bo vi\u1ec1n n\u1eafp chai, h\u0169 y\u1ebfn - Gi\u00e1 R\u1ebb - B\u1ea3o H\u00e0nh Chuy\u00ean Nghi\u1ec7p - Chi ti\u1ebft xin li\u00ean h\u1ec7 Hotline: 19002861 \u0110\u1ec3 \u0111\u01b0\u1ee3c t\u01b0 v\u1ea5n ho\u00e0n to\u00e0n mi\u1ec5n ph\u00ed!","robots":{"index":"index","follow":"follow","max-snippet":"max-snippet:-1","max-image-preview":"max-image-preview:large","max-video-preview":"max-video-preview:-1"},"canonical":"https:\/\/cokhitanminh.com\/may-dong-goi\/may-bo-vien-nap-chai-hu-yen-tmdc-dd06\/","og_locale":"vi_VN","og_type":"article","og_title":"M\u00e1y bo vi\u1ec1n n\u1eafp chai, h\u0169 y\u1ebfn| B\u1ea3o h\u00e0nh ch\u00ednh h\u00e3ng | Uy T\u00edn \u2013 Ch\u1ea5t L\u01b0\u1ee3ng","og_description":"M\u00e1y bo vi\u1ec1n n\u1eafp chai, h\u0169 y\u1ebfn - Gi\u00e1 R\u1ebb - B\u1ea3o H\u00e0nh Chuy\u00ean Nghi\u1ec7p - Chi ti\u1ebft xin li\u00ean h\u1ec7 Hotline: 19002861 \u0110\u1ec3 \u0111\u01b0\u1ee3c t\u01b0 v\u1ea5n ho\u00e0n to\u00e0n mi\u1ec5n ph\u00ed!","og_url":"https:\/\/cokhitanminh.com\/may-dong-goi\/may-bo-vien-nap-chai-hu-yen-tmdc-dd06\/","og_site_name":"M\u00c1Y \u0110\u00d3NG G\u00d3I T\u00c2N MINH","article_modified_time":"2023-07-19T06:58:32+00:00","og_image":[{"width":600,"height":600,"url":"https:\/\/cokhitanminh.com\/may-dong-goi\/wp-content\/uploads\/2021\/12\/may-bo-vien-nap-chai-hu-yen-tmdc-dd06-1.jpg","type":"image\/jpeg"}],"twitter_card":"summary_large_image","twitter_misc":{"\u01af\u1edbc t\u00ednh th\u1eddi gian \u0111\u1ecdc":"3 ph\u00fat"},"schema":{"@context":"https:\/\/schema.org","@graph":[{"@type":"WebSite","@id":"https:\/\/cokhitanminh.com\/may-dong-goi\/#website","url":"https:\/\/cokhitanminh.com\/may-dong-goi\/","name":"M\u00c1Y \u0110\u00d3NG G\u00d3I T\u00c2N MINH","description":"Chuy\u00ean gia m\u00e1y \u0111\u00f3ng g\u00f3i","potentialAction":[{"@type":"SearchAction","target":{"@type":"EntryPoint","urlTemplate":"https:\/\/cokhitanminh.com\/may-dong-goi\/?s={search_term_string}"},"query-input":"required name=search_term_string"}],"inLanguage":"vi"},{"@type":"ImageObject","@id":"https:\/\/cokhitanminh.com\/may-dong-goi\/may-bo-vien-nap-chai-hu-yen-tmdc-dd06\/#primaryimage","inLanguage":"vi","url":"https:\/\/cokhitanminh.com\/may-dong-goi\/wp-content\/uploads\/2021\/12\/may-bo-vien-nap-chai-hu-yen-tmdc-dd06-1.jpg","contentUrl":"https:\/\/cokhitanminh.com\/may-dong-goi\/wp-content\/uploads\/2021\/12\/may-bo-vien-nap-chai-hu-yen-tmdc-dd06-1.jpg","width":600,"height":600},{"@type":"WebPage","@id":"https:\/\/cokhitanminh.com\/may-dong-goi\/may-bo-vien-nap-chai-hu-yen-tmdc-dd06\/#webpage","url":"https:\/\/cokhitanminh.com\/may-dong-goi\/may-bo-vien-nap-chai-hu-yen-tmdc-dd06\/","name":"M\u00e1y bo vi\u1ec1n n\u1eafp chai, h\u0169 y\u1ebfn| B\u1ea3o h\u00e0nh ch\u00ednh h\u00e3ng | Uy T\u00edn \u2013 Ch\u1ea5t L\u01b0\u1ee3ng","isPartOf":{"@id":"https:\/\/cokhitanminh.com\/may-dong-goi\/#website"},"primaryImageOfPage":{"@id":"https:\/\/cokhitanminh.com\/may-dong-goi\/may-bo-vien-nap-chai-hu-yen-tmdc-dd06\/#primaryimage"},"datePublished":"2021-12-04T03:30:28+00:00","dateModified":"2023-07-19T06:58:32+00:00","description":"M\u00e1y bo vi\u1ec1n n\u1eafp chai, h\u0169 y\u1ebfn - Gi\u00e1 R\u1ebb - B\u1ea3o H\u00e0nh Chuy\u00ean Nghi\u1ec7p - Chi ti\u1ebft xin li\u00ean h\u1ec7 Hotline: 19002861 \u0110\u1ec3 \u0111\u01b0\u1ee3c t\u01b0 v\u1ea5n ho\u00e0n to\u00e0n mi\u1ec5n ph\u00ed!","breadcrumb":{"@id":"https:\/\/cokhitanminh.com\/may-dong-goi\/may-bo-vien-nap-chai-hu-yen-tmdc-dd06\/#breadcrumb"},"inLanguage":"vi","potentialAction":[{"@type":"ReadAction","target":["https:\/\/cokhitanminh.com\/may-dong-goi\/may-bo-vien-nap-chai-hu-yen-tmdc-dd06\/"]}]},{"@type":"BreadcrumbList","@id":"https:\/\/cokhitanminh.com\/may-dong-goi\/may-bo-vien-nap-chai-hu-yen-tmdc-dd06\/#breadcrumb","itemListElement":[{"@type":"ListItem","position":1,"name":"Trang ch\u1ee7","item":"https:\/\/cokhitanminh.com\/may-dong-goi\/"},{"@type":"ListItem","position":2,"name":"C\u1eeda h\u00e0ng","item":"https:\/\/cokhitanminh.com\/may-dong-goi\/mua\/"},{"@type":"ListItem","position":3,"name":"M\u00e1y bo vi\u1ec1n n\u1eafp chai, h\u0169 y\u1ebfn (TMDC-DD06)"}]}]}},"_links":{"self":[{"href":"https:\/\/cokhitanminh.com\/may-dong-goi\/wp-json\/wp\/v2\/product\/2498","targetHints":{"allow":["GET"]}}],"collection":[{"href":"https:\/\/cokhitanminh.com\/may-dong-goi\/wp-json\/wp\/v2\/product"}],"about":[{"href":"https:\/\/cokhitanminh.com\/may-dong-goi\/wp-json\/wp\/v2\/types\/product"}],"replies":[{"embeddable":true,"href":"https:\/\/cokhitanminh.com\/may-dong-goi\/wp-json\/wp\/v2\/comments?post=2498"}],"wp:featuredmedia":[{"embeddable":true,"href":"https:\/\/cokhitanminh.com\/may-dong-goi\/wp-json\/wp\/v2\/media\/8718"}],"wp:attachment":[{"href":"https:\/\/cokhitanminh.com\/may-dong-goi\/wp-json\/wp\/v2\/media?parent=2498"}],"curies":[{"name":"wp","href":"https:\/\/api.w.org\/{rel}","templated":true}]}}