{"id":2449,"date":"2021-12-04T03:29:34","date_gmt":"2021-12-04T03:29:34","guid":{"rendered":"https:\/\/cokhitanminh.com\/may-dong-goi\/?post_type=product&#038;p=2449"},"modified":"2021-12-09T03:45:44","modified_gmt":"2021-12-09T03:45:44","slug":"may-chiet-rot-dan-mieng-hop-tu-dong-tmdc-d49","status":"publish","type":"product","link":"https:\/\/cokhitanminh.com\/may-dong-goi\/may-chiet-rot-dan-mieng-hop-tu-dong-tmdc-d49\/","title":{"rendered":"M\u00c1Y CHI\u1ebeT R\u00d3T, D\u00c1N MI\u1ec6NG H\u1ed8P T\u1ef0 \u0110\u1ed8NG (TMDC-D49)"},"content":{"rendered":"<h3><a href=\"https:\/\/cokhitanminh.com\/may-dong-goi\/may-chiet-rot-dan-mieng-hop-tu-dong-tmdc-d49\/\"><em><strong>M\u00c1Y CHI\u1ebeT R\u00d3T, D\u00c1N MI\u1ec6NG H\u1ed8P T\u1ef0 \u0110\u1ed8NG<\/strong> <\/em><\/a>(TMDC-D49)<\/h3>\n<p style=\"text-align: justify;\"><em><strong>M\u00c1Y CHI\u1ebeT R\u00d3T, D\u00c1N MI\u1ec6NG H\u1ed8P T\u1ef0 \u0110\u1ed8NG<\/strong><\/em> (TMDC-D49) \u0111\u01b0\u1ee3c nghi\u00ean c\u1ee9u s\u1ea3n xu\u1ea5t v\u00e0 ph\u00e2n ph\u1ed1i tr\u00ean to\u00e0n qu\u1ed1c. T\u1ea5t c\u1ea3 c\u00e1c s\u1ea3n ph\u1ea9m c\u1ee7a ch\u00fang t\u00f4i \u0111\u1ec1u \u0111\u01b0\u1ee3c ki\u1ec3m tra k\u1ef9 l\u01b0\u1ee1ng v\u00e0 v\u1eadn h\u00e0nh th\u1ef1c t\u1ebf \u0111\u1ec3 lu\u00f4n \u0111\u1ea3m b\u1ea3o ch\u1ea5t l\u01b0\u1ee3ng t\u1ed1t nh\u1ea5t tr\u01b0\u1edbc khi b\u00e0n giao thi\u1ebft b\u1ecb cho kh\u00e1ch h\u00e0ng.<\/p>\n<p><strong>Th\u00f4ng s\u1ed1 k\u1ef9 thu\u1eadt:<\/strong><\/p>\n<p>\u2013 Model: TMDC-D49<\/p>\n<p>\u2013 \u0110i\u1ec7n \u00e1p: AC220\/210\/50HZ<\/p>\n<p>\u2013 C\u00f4ng su\u1ea5t: 1.25 Kw<\/p>\n<p>\u2013 S\u1eed d\u1ee5ng m\u00e0ng cu\u1ed9n, c\u00f3 in date<\/p>\n<p>\u2013 Nhi\u00ean li\u1ec7u: Kh\u00ed n\u00e9n<\/p>\n<p>\u2013 N\u0103ng su\u1ea5t thi\u1ebft k\u1ebf : Kho\u1ea3ng 1800 c\u1ed1c\/ gi\u1edd (1 l\u1ea7n 2 h\u1ed9p)<\/p>\n<p>\u2013 Chi\u1ec1u cao c\u1ee7a c\u1ed1c: 30 &#8211; 150 mm<\/p>\n<p>\u2013 Vi\u1ec1n c\u1ed1c: \u2264 1 mm<\/p>\n<p>\u2013 \u0110\u01b0\u1eddng k\u00ednh mi\u1ec7ng c\u1ed1c: 75 mm (t\u00f9y ch\u1ec9nh)<\/p>\n<p>\u2013 K\u00edch th\u01b0\u1edbc: 980 x 980 x 150 cm<\/p>\n<p>\u2013 Tr\u1ecdng l\u01b0\u1ee3ng: 300 Kg<\/p>\n<p>\u2013 B\u1ea3o h\u00e0nh: 12 th\u00e1ng<\/p>\n<p><strong>H\u00ecnh \u1ea3nh s\u1ea3n ph\u1ea9m:<\/strong><\/p>\n<p style=\"text-align: center;\"><a href=\"https:\/\/cokhitanminh.com\/may-dong-goi\/wp-content\/uploads\/2021\/12\/may-chiet-rot-dan-mieng-hop-tu-dong-tmdc-d49-cktm.mdg-1.jpg\"><img loading=\"lazy\" decoding=\"async\" class=\"size-full wp-image-4315 aligncenter\" src=\"https:\/\/cokhitanminh.com\/may-dong-goi\/wp-content\/uploads\/2021\/12\/may-chiet-rot-dan-mieng-hop-tu-dong-tmdc-d49-cktm.mdg-1.jpg\" alt=\"\" width=\"550\" height=\"639\" srcset=\"https:\/\/cokhitanminh.com\/may-dong-goi\/wp-content\/uploads\/2021\/12\/may-chiet-rot-dan-mieng-hop-tu-dong-tmdc-d49-cktm.mdg-1.jpg 550w, https:\/\/cokhitanminh.com\/may-dong-goi\/wp-content\/uploads\/2021\/12\/may-chiet-rot-dan-mieng-hop-tu-dong-tmdc-d49-cktm.mdg-1-258x300.jpg 258w\" sizes=\"auto, (max-width: 550px) 100vw, 550px\" \/><\/a> <a href=\"https:\/\/cokhitanminh.com\/may-dong-goi\/wp-content\/uploads\/2021\/12\/may-chiet-rot-dan-mieng-hop-tu-dong-tmdc-d49-cktm.mdg-2.jpg\"><img loading=\"lazy\" decoding=\"async\" class=\"alignnone size-full wp-image-4316\" src=\"https:\/\/cokhitanminh.com\/may-dong-goi\/wp-content\/uploads\/2021\/12\/may-chiet-rot-dan-mieng-hop-tu-dong-tmdc-d49-cktm.mdg-2.jpg\" alt=\"\" width=\"550\" height=\"672\" srcset=\"https:\/\/cokhitanminh.com\/may-dong-goi\/wp-content\/uploads\/2021\/12\/may-chiet-rot-dan-mieng-hop-tu-dong-tmdc-d49-cktm.mdg-2.jpg 550w, https:\/\/cokhitanminh.com\/may-dong-goi\/wp-content\/uploads\/2021\/12\/may-chiet-rot-dan-mieng-hop-tu-dong-tmdc-d49-cktm.mdg-2-246x300.jpg 246w\" sizes=\"auto, (max-width: 550px) 100vw, 550px\" \/><\/a> <a href=\"https:\/\/cokhitanminh.com\/may-dong-goi\/wp-content\/uploads\/2021\/12\/may-chiet-rot-dan-mieng-hop-tu-dong-tmdc-d49-cktm.mdg-3.jpg\"><img loading=\"lazy\" decoding=\"async\" class=\"size-full wp-image-4317 aligncenter\" src=\"https:\/\/cokhitanminh.com\/may-dong-goi\/wp-content\/uploads\/2021\/12\/may-chiet-rot-dan-mieng-hop-tu-dong-tmdc-d49-cktm.mdg-3.jpg\" alt=\"\" width=\"550\" height=\"550\" srcset=\"https:\/\/cokhitanminh.com\/may-dong-goi\/wp-content\/uploads\/2021\/12\/may-chiet-rot-dan-mieng-hop-tu-dong-tmdc-d49-cktm.mdg-3.jpg 550w, https:\/\/cokhitanminh.com\/may-dong-goi\/wp-content\/uploads\/2021\/12\/may-chiet-rot-dan-mieng-hop-tu-dong-tmdc-d49-cktm.mdg-3-300x300.jpg 300w, https:\/\/cokhitanminh.com\/may-dong-goi\/wp-content\/uploads\/2021\/12\/may-chiet-rot-dan-mieng-hop-tu-dong-tmdc-d49-cktm.mdg-3-150x150.jpg 150w, https:\/\/cokhitanminh.com\/may-dong-goi\/wp-content\/uploads\/2021\/12\/may-chiet-rot-dan-mieng-hop-tu-dong-tmdc-d49-cktm.mdg-3-100x100.jpg 100w\" sizes=\"auto, (max-width: 550px) 100vw, 550px\" \/><\/a> <a href=\"https:\/\/cokhitanminh.com\/may-dong-goi\/wp-content\/uploads\/2021\/12\/may-chiet-rot-dan-mieng-hop-tu-dong-tmdc-d49-cktm.mdg-4.jpg\"><img loading=\"lazy\" decoding=\"async\" class=\"alignnone size-full wp-image-4318\" src=\"https:\/\/cokhitanminh.com\/may-dong-goi\/wp-content\/uploads\/2021\/12\/may-chiet-rot-dan-mieng-hop-tu-dong-tmdc-d49-cktm.mdg-4.jpg\" alt=\"\" width=\"550\" height=\"722\" srcset=\"https:\/\/cokhitanminh.com\/may-dong-goi\/wp-content\/uploads\/2021\/12\/may-chiet-rot-dan-mieng-hop-tu-dong-tmdc-d49-cktm.mdg-4.jpg 550w, https:\/\/cokhitanminh.com\/may-dong-goi\/wp-content\/uploads\/2021\/12\/may-chiet-rot-dan-mieng-hop-tu-dong-tmdc-d49-cktm.mdg-4-229x300.jpg 229w\" sizes=\"auto, (max-width: 550px) 100vw, 550px\" \/><\/a> <a href=\"https:\/\/cokhitanminh.com\/may-dong-goi\/wp-content\/uploads\/2021\/12\/may-chiet-rot-dan-mieng-hop-tu-dong-tmdc-d49-cktm.mdg-5.jpg\"><img loading=\"lazy\" decoding=\"async\" class=\"size-full wp-image-4319 aligncenter\" src=\"https:\/\/cokhitanminh.com\/may-dong-goi\/wp-content\/uploads\/2021\/12\/may-chiet-rot-dan-mieng-hop-tu-dong-tmdc-d49-cktm.mdg-5.jpg\" alt=\"\" width=\"550\" height=\"421\" srcset=\"https:\/\/cokhitanminh.com\/may-dong-goi\/wp-content\/uploads\/2021\/12\/may-chiet-rot-dan-mieng-hop-tu-dong-tmdc-d49-cktm.mdg-5.jpg 550w, https:\/\/cokhitanminh.com\/may-dong-goi\/wp-content\/uploads\/2021\/12\/may-chiet-rot-dan-mieng-hop-tu-dong-tmdc-d49-cktm.mdg-5-300x230.jpg 300w\" sizes=\"auto, (max-width: 550px) 100vw, 550px\" \/><\/a> <a href=\"https:\/\/cokhitanminh.com\/may-dong-goi\/wp-content\/uploads\/2021\/12\/may-chiet-rot-dan-mieng-hop-tu-dong-tmdc-d49-cktm.mdg-6.jpg\"><img loading=\"lazy\" decoding=\"async\" class=\"alignnone size-full wp-image-4320\" src=\"https:\/\/cokhitanminh.com\/may-dong-goi\/wp-content\/uploads\/2021\/12\/may-chiet-rot-dan-mieng-hop-tu-dong-tmdc-d49-cktm.mdg-6.jpg\" alt=\"\" width=\"550\" height=\"854\" srcset=\"https:\/\/cokhitanminh.com\/may-dong-goi\/wp-content\/uploads\/2021\/12\/may-chiet-rot-dan-mieng-hop-tu-dong-tmdc-d49-cktm.mdg-6.jpg 550w, https:\/\/cokhitanminh.com\/may-dong-goi\/wp-content\/uploads\/2021\/12\/may-chiet-rot-dan-mieng-hop-tu-dong-tmdc-d49-cktm.mdg-6-193x300.jpg 193w\" sizes=\"auto, (max-width: 550px) 100vw, 550px\" \/><\/a><\/p>\n<p>Chi ti\u1ebft s\u1ea3n ph\u1ea9m <em><strong>M\u00c1Y CHI\u1ebeT R\u00d3T, D\u00c1N MI\u1ec6NG H\u1ed8P T\u1ef0 \u0110\u1ed8NG<\/strong><\/em> (TMDC-D49) xin vui l\u00f2ng li\u00ean h\u1ec7 Hotline: 19002861 \u0110\u1ec3 \u0111\u01b0\u1ee3c t\u01b0 v\u1ea5n ho\u00e0n to\u00e0n mi\u1ec5n ph\u00ed!<\/p>\n","protected":false},"excerpt":{"rendered":"<p>M\u00c1Y CHI\u1ebeT R\u00d3T, D\u00c1N MI\u1ec6NG H\u1ed8P T\u1ef0 \u0110\u1ed8NG (TMDC-D49) M\u00c1Y CHI\u1ebeT R\u00d3T, D\u00c1N MI\u1ec6NG H\u1ed8P T\u1ef0 \u0110\u1ed8NG (TMDC-D49) \u0111\u01b0\u1ee3c nghi\u00ean c\u1ee9u s\u1ea3n xu\u1ea5t v\u00e0 ph\u00e2n ph\u1ed1i tr\u00ean to\u00e0n qu\u1ed1c. T\u1ea5t c\u1ea3 c\u00e1c s\u1ea3n ph\u1ea9m c\u1ee7a ch\u00fang t\u00f4i \u0111\u1ec1u \u0111\u01b0\u1ee3c ki\u1ec3m tra k\u1ef9 l\u01b0\u1ee1ng v\u00e0 v\u1eadn h\u00e0nh th\u1ef1c t\u1ebf \u0111\u1ec3 lu\u00f4n \u0111\u1ea3m b\u1ea3o ch\u1ea5t l\u01b0\u1ee3ng t\u1ed1t &#8230;<\/p>\n","protected":false},"featured_media":4321,"comment_status":"open","ping_status":"closed","template":"","meta":[],"class_list":{"0":"post-2449","1":"product","2":"type-product","3":"status-publish","4":"has-post-thumbnail","6":"product_cat-may-day-chuyen-chiet-rot","8":"first","9":"instock","10":"shipping-taxable","11":"purchasable","12":"product-type-simple"},"brands":[],"yoast_head":"<!-- This site is optimized with the Yoast SEO plugin v17.6 - https:\/\/yoast.com\/wordpress\/plugins\/seo\/ -->\n<title>M\u00c1Y CHI\u1ebeT R\u00d3T, D\u00c1N MI\u1ec6NG H\u1ed8P T\u1ef0 \u0110\u1ed8NG (TMDC-D49) - M\u00c1Y \u0110\u00d3NG G\u00d3I T\u00c2N MINH<\/title>\n<meta name=\"description\" content=\"M\u00c1Y CHI\u1ebeT R\u00d3T, D\u00c1N MI\u1ec6NG H\u1ed8P T\u1ef0 \u0110\u1ed8NG (TMDC-D49) uy t\u00edn ch\u1ea5t l\u01b0\u1ee3ng Li\u00ean h\u1ec7 Hotline 1: 1900 2861 | Hotline 2: 09 67 68 69 11 \u0110\u1ec3 \u0111\u01b0\u1ee3c t\u01b0 v\u1ea5n mi\u1ec5n ph\u00ed!\" \/>\n<meta name=\"robots\" content=\"index, follow, max-snippet:-1, max-image-preview:large, max-video-preview:-1\" \/>\n<link rel=\"canonical\" href=\"https:\/\/cokhitanminh.com\/may-dong-goi\/may-chiet-rot-dan-mieng-hop-tu-dong-tmdc-d49\/\" \/>\n<meta property=\"og:locale\" content=\"vi_VN\" \/>\n<meta property=\"og:type\" content=\"article\" \/>\n<meta property=\"og:title\" content=\"M\u00c1Y CHI\u1ebeT R\u00d3T, D\u00c1N MI\u1ec6NG H\u1ed8P T\u1ef0 \u0110\u1ed8NG (TMDC-D49) - M\u00c1Y \u0110\u00d3NG G\u00d3I T\u00c2N MINH\" \/>\n<meta property=\"og:description\" content=\"M\u00c1Y CHI\u1ebeT R\u00d3T, D\u00c1N MI\u1ec6NG H\u1ed8P T\u1ef0 \u0110\u1ed8NG (TMDC-D49) uy t\u00edn ch\u1ea5t l\u01b0\u1ee3ng Li\u00ean h\u1ec7 Hotline 1: 1900 2861 | Hotline 2: 09 67 68 69 11 \u0110\u1ec3 \u0111\u01b0\u1ee3c t\u01b0 v\u1ea5n mi\u1ec5n ph\u00ed!\" \/>\n<meta property=\"og:url\" content=\"https:\/\/cokhitanminh.com\/may-dong-goi\/may-chiet-rot-dan-mieng-hop-tu-dong-tmdc-d49\/\" \/>\n<meta property=\"og:site_name\" content=\"M\u00c1Y \u0110\u00d3NG G\u00d3I T\u00c2N MINH\" \/>\n<meta property=\"article:modified_time\" content=\"2021-12-09T03:45:44+00:00\" \/>\n<meta property=\"og:image\" content=\"https:\/\/cokhitanminh.com\/may-dong-goi\/wp-content\/uploads\/2021\/12\/may-chiet-rot-dan-mieng-hop-tu-dong-tmdc-d49-cktm.mdg-7.jpg\" \/>\n\t<meta property=\"og:image:width\" content=\"559\" \/>\n\t<meta property=\"og:image:height\" content=\"559\" \/>\n<meta name=\"twitter:card\" content=\"summary_large_image\" \/>\n<meta name=\"twitter:label1\" content=\"\u01af\u1edbc t\u00ednh th\u1eddi gian \u0111\u1ecdc\" \/>\n\t<meta name=\"twitter:data1\" content=\"2 ph\u00fat\" \/>\n<script type=\"application\/ld+json\" class=\"yoast-schema-graph\">{\"@context\":\"https:\/\/schema.org\",\"@graph\":[{\"@type\":\"WebSite\",\"@id\":\"https:\/\/cokhitanminh.com\/may-dong-goi\/#website\",\"url\":\"https:\/\/cokhitanminh.com\/may-dong-goi\/\",\"name\":\"M\\u00c1Y \\u0110\\u00d3NG G\\u00d3I T\\u00c2N MINH\",\"description\":\"Chuy\\u00ean gia m\\u00e1y \\u0111\\u00f3ng g\\u00f3i\",\"potentialAction\":[{\"@type\":\"SearchAction\",\"target\":{\"@type\":\"EntryPoint\",\"urlTemplate\":\"https:\/\/cokhitanminh.com\/may-dong-goi\/?s={search_term_string}\"},\"query-input\":\"required name=search_term_string\"}],\"inLanguage\":\"vi\"},{\"@type\":\"ImageObject\",\"@id\":\"https:\/\/cokhitanminh.com\/may-dong-goi\/may-chiet-rot-dan-mieng-hop-tu-dong-tmdc-d49\/#primaryimage\",\"inLanguage\":\"vi\",\"url\":\"https:\/\/cokhitanminh.com\/may-dong-goi\/wp-content\/uploads\/2021\/12\/may-chiet-rot-dan-mieng-hop-tu-dong-tmdc-d49-cktm.mdg-7.jpg\",\"contentUrl\":\"https:\/\/cokhitanminh.com\/may-dong-goi\/wp-content\/uploads\/2021\/12\/may-chiet-rot-dan-mieng-hop-tu-dong-tmdc-d49-cktm.mdg-7.jpg\",\"width\":559,\"height\":559,\"caption\":\"M\\u00e1y chi\\u1ebft r\\u00f3t, d\\u00e1n mi\\u1ec7ng h\\u1ed9p t\\u1ef1 \\u0111\\u1ed9ng\"},{\"@type\":\"WebPage\",\"@id\":\"https:\/\/cokhitanminh.com\/may-dong-goi\/may-chiet-rot-dan-mieng-hop-tu-dong-tmdc-d49\/#webpage\",\"url\":\"https:\/\/cokhitanminh.com\/may-dong-goi\/may-chiet-rot-dan-mieng-hop-tu-dong-tmdc-d49\/\",\"name\":\"M\\u00c1Y CHI\\u1ebeT R\\u00d3T, D\\u00c1N MI\\u1ec6NG H\\u1ed8P T\\u1ef0 \\u0110\\u1ed8NG (TMDC-D49) - M\\u00c1Y \\u0110\\u00d3NG G\\u00d3I T\\u00c2N MINH\",\"isPartOf\":{\"@id\":\"https:\/\/cokhitanminh.com\/may-dong-goi\/#website\"},\"primaryImageOfPage\":{\"@id\":\"https:\/\/cokhitanminh.com\/may-dong-goi\/may-chiet-rot-dan-mieng-hop-tu-dong-tmdc-d49\/#primaryimage\"},\"datePublished\":\"2021-12-04T03:29:34+00:00\",\"dateModified\":\"2021-12-09T03:45:44+00:00\",\"description\":\"M\\u00c1Y CHI\\u1ebeT R\\u00d3T, D\\u00c1N MI\\u1ec6NG H\\u1ed8P T\\u1ef0 \\u0110\\u1ed8NG (TMDC-D49) uy t\\u00edn ch\\u1ea5t l\\u01b0\\u1ee3ng Li\\u00ean h\\u1ec7 Hotline 1: 1900 2861 | Hotline 2: 09 67 68 69 11 \\u0110\\u1ec3 \\u0111\\u01b0\\u1ee3c t\\u01b0 v\\u1ea5n mi\\u1ec5n ph\\u00ed!\",\"breadcrumb\":{\"@id\":\"https:\/\/cokhitanminh.com\/may-dong-goi\/may-chiet-rot-dan-mieng-hop-tu-dong-tmdc-d49\/#breadcrumb\"},\"inLanguage\":\"vi\",\"potentialAction\":[{\"@type\":\"ReadAction\",\"target\":[\"https:\/\/cokhitanminh.com\/may-dong-goi\/may-chiet-rot-dan-mieng-hop-tu-dong-tmdc-d49\/\"]}]},{\"@type\":\"BreadcrumbList\",\"@id\":\"https:\/\/cokhitanminh.com\/may-dong-goi\/may-chiet-rot-dan-mieng-hop-tu-dong-tmdc-d49\/#breadcrumb\",\"itemListElement\":[{\"@type\":\"ListItem\",\"position\":1,\"name\":\"Trang ch\\u1ee7\",\"item\":\"https:\/\/cokhitanminh.com\/may-dong-goi\/\"},{\"@type\":\"ListItem\",\"position\":2,\"name\":\"C\\u1eeda h\\u00e0ng\",\"item\":\"https:\/\/cokhitanminh.com\/may-dong-goi\/mua\/\"},{\"@type\":\"ListItem\",\"position\":3,\"name\":\"M\\u00c1Y CHI\\u1ebeT R\\u00d3T, D\\u00c1N MI\\u1ec6NG H\\u1ed8P T\\u1ef0 \\u0110\\u1ed8NG (TMDC-D49)\"}]}]}<\/script>\n<!-- \/ Yoast SEO plugin. -->","yoast_head_json":{"title":"M\u00c1Y CHI\u1ebeT R\u00d3T, D\u00c1N MI\u1ec6NG H\u1ed8P T\u1ef0 \u0110\u1ed8NG (TMDC-D49) - M\u00c1Y \u0110\u00d3NG G\u00d3I T\u00c2N MINH","description":"M\u00c1Y CHI\u1ebeT R\u00d3T, D\u00c1N MI\u1ec6NG H\u1ed8P T\u1ef0 \u0110\u1ed8NG (TMDC-D49) uy t\u00edn ch\u1ea5t l\u01b0\u1ee3ng Li\u00ean h\u1ec7 Hotline 1: 1900 2861 | Hotline 2: 09 67 68 69 11 \u0110\u1ec3 \u0111\u01b0\u1ee3c t\u01b0 v\u1ea5n mi\u1ec5n ph\u00ed!","robots":{"index":"index","follow":"follow","max-snippet":"max-snippet:-1","max-image-preview":"max-image-preview:large","max-video-preview":"max-video-preview:-1"},"canonical":"https:\/\/cokhitanminh.com\/may-dong-goi\/may-chiet-rot-dan-mieng-hop-tu-dong-tmdc-d49\/","og_locale":"vi_VN","og_type":"article","og_title":"M\u00c1Y CHI\u1ebeT R\u00d3T, D\u00c1N MI\u1ec6NG H\u1ed8P T\u1ef0 \u0110\u1ed8NG (TMDC-D49) - M\u00c1Y \u0110\u00d3NG G\u00d3I T\u00c2N MINH","og_description":"M\u00c1Y CHI\u1ebeT R\u00d3T, D\u00c1N MI\u1ec6NG H\u1ed8P T\u1ef0 \u0110\u1ed8NG (TMDC-D49) uy t\u00edn ch\u1ea5t l\u01b0\u1ee3ng Li\u00ean h\u1ec7 Hotline 1: 1900 2861 | Hotline 2: 09 67 68 69 11 \u0110\u1ec3 \u0111\u01b0\u1ee3c t\u01b0 v\u1ea5n mi\u1ec5n ph\u00ed!","og_url":"https:\/\/cokhitanminh.com\/may-dong-goi\/may-chiet-rot-dan-mieng-hop-tu-dong-tmdc-d49\/","og_site_name":"M\u00c1Y \u0110\u00d3NG G\u00d3I T\u00c2N MINH","article_modified_time":"2021-12-09T03:45:44+00:00","og_image":[{"width":559,"height":559,"url":"https:\/\/cokhitanminh.com\/may-dong-goi\/wp-content\/uploads\/2021\/12\/may-chiet-rot-dan-mieng-hop-tu-dong-tmdc-d49-cktm.mdg-7.jpg","type":"image\/jpeg"}],"twitter_card":"summary_large_image","twitter_misc":{"\u01af\u1edbc t\u00ednh th\u1eddi gian \u0111\u1ecdc":"2 ph\u00fat"},"schema":{"@context":"https:\/\/schema.org","@graph":[{"@type":"WebSite","@id":"https:\/\/cokhitanminh.com\/may-dong-goi\/#website","url":"https:\/\/cokhitanminh.com\/may-dong-goi\/","name":"M\u00c1Y \u0110\u00d3NG G\u00d3I T\u00c2N MINH","description":"Chuy\u00ean gia m\u00e1y \u0111\u00f3ng g\u00f3i","potentialAction":[{"@type":"SearchAction","target":{"@type":"EntryPoint","urlTemplate":"https:\/\/cokhitanminh.com\/may-dong-goi\/?s={search_term_string}"},"query-input":"required name=search_term_string"}],"inLanguage":"vi"},{"@type":"ImageObject","@id":"https:\/\/cokhitanminh.com\/may-dong-goi\/may-chiet-rot-dan-mieng-hop-tu-dong-tmdc-d49\/#primaryimage","inLanguage":"vi","url":"https:\/\/cokhitanminh.com\/may-dong-goi\/wp-content\/uploads\/2021\/12\/may-chiet-rot-dan-mieng-hop-tu-dong-tmdc-d49-cktm.mdg-7.jpg","contentUrl":"https:\/\/cokhitanminh.com\/may-dong-goi\/wp-content\/uploads\/2021\/12\/may-chiet-rot-dan-mieng-hop-tu-dong-tmdc-d49-cktm.mdg-7.jpg","width":559,"height":559,"caption":"M\u00e1y chi\u1ebft r\u00f3t, d\u00e1n mi\u1ec7ng h\u1ed9p t\u1ef1 \u0111\u1ed9ng"},{"@type":"WebPage","@id":"https:\/\/cokhitanminh.com\/may-dong-goi\/may-chiet-rot-dan-mieng-hop-tu-dong-tmdc-d49\/#webpage","url":"https:\/\/cokhitanminh.com\/may-dong-goi\/may-chiet-rot-dan-mieng-hop-tu-dong-tmdc-d49\/","name":"M\u00c1Y CHI\u1ebeT R\u00d3T, D\u00c1N MI\u1ec6NG H\u1ed8P T\u1ef0 \u0110\u1ed8NG (TMDC-D49) - M\u00c1Y \u0110\u00d3NG G\u00d3I T\u00c2N MINH","isPartOf":{"@id":"https:\/\/cokhitanminh.com\/may-dong-goi\/#website"},"primaryImageOfPage":{"@id":"https:\/\/cokhitanminh.com\/may-dong-goi\/may-chiet-rot-dan-mieng-hop-tu-dong-tmdc-d49\/#primaryimage"},"datePublished":"2021-12-04T03:29:34+00:00","dateModified":"2021-12-09T03:45:44+00:00","description":"M\u00c1Y CHI\u1ebeT R\u00d3T, D\u00c1N MI\u1ec6NG H\u1ed8P T\u1ef0 \u0110\u1ed8NG (TMDC-D49) uy t\u00edn ch\u1ea5t l\u01b0\u1ee3ng Li\u00ean h\u1ec7 Hotline 1: 1900 2861 | Hotline 2: 09 67 68 69 11 \u0110\u1ec3 \u0111\u01b0\u1ee3c t\u01b0 v\u1ea5n mi\u1ec5n ph\u00ed!","breadcrumb":{"@id":"https:\/\/cokhitanminh.com\/may-dong-goi\/may-chiet-rot-dan-mieng-hop-tu-dong-tmdc-d49\/#breadcrumb"},"inLanguage":"vi","potentialAction":[{"@type":"ReadAction","target":["https:\/\/cokhitanminh.com\/may-dong-goi\/may-chiet-rot-dan-mieng-hop-tu-dong-tmdc-d49\/"]}]},{"@type":"BreadcrumbList","@id":"https:\/\/cokhitanminh.com\/may-dong-goi\/may-chiet-rot-dan-mieng-hop-tu-dong-tmdc-d49\/#breadcrumb","itemListElement":[{"@type":"ListItem","position":1,"name":"Trang ch\u1ee7","item":"https:\/\/cokhitanminh.com\/may-dong-goi\/"},{"@type":"ListItem","position":2,"name":"C\u1eeda h\u00e0ng","item":"https:\/\/cokhitanminh.com\/may-dong-goi\/mua\/"},{"@type":"ListItem","position":3,"name":"M\u00c1Y CHI\u1ebeT R\u00d3T, D\u00c1N MI\u1ec6NG H\u1ed8P T\u1ef0 \u0110\u1ed8NG (TMDC-D49)"}]}]}},"_links":{"self":[{"href":"https:\/\/cokhitanminh.com\/may-dong-goi\/wp-json\/wp\/v2\/product\/2449","targetHints":{"allow":["GET"]}}],"collection":[{"href":"https:\/\/cokhitanminh.com\/may-dong-goi\/wp-json\/wp\/v2\/product"}],"about":[{"href":"https:\/\/cokhitanminh.com\/may-dong-goi\/wp-json\/wp\/v2\/types\/product"}],"replies":[{"embeddable":true,"href":"https:\/\/cokhitanminh.com\/may-dong-goi\/wp-json\/wp\/v2\/comments?post=2449"}],"wp:featuredmedia":[{"embeddable":true,"href":"https:\/\/cokhitanminh.com\/may-dong-goi\/wp-json\/wp\/v2\/media\/4321"}],"wp:attachment":[{"href":"https:\/\/cokhitanminh.com\/may-dong-goi\/wp-json\/wp\/v2\/media?parent=2449"}],"curies":[{"name":"wp","href":"https:\/\/api.w.org\/{rel}","templated":true}]}}