{"id":2448,"date":"2021-12-04T03:29:33","date_gmt":"2021-12-04T03:29:33","guid":{"rendered":"https:\/\/cokhitanminh.com\/may-dong-goi\/?post_type=product&#038;p=2448"},"modified":"2021-12-04T07:44:52","modified_gmt":"2021-12-04T07:44:52","slug":"may-dong-hop-thanh-pham-tu-dong-tmdg-i42","status":"publish","type":"product","link":"https:\/\/cokhitanminh.com\/may-dong-goi\/may-dong-hop-thanh-pham-tu-dong-tmdg-i42\/","title":{"rendered":"M\u00c1Y \u0110\u00d3NG H\u1ed8P TH\u00c0NH PH\u1ea8M T\u1ef0 \u0110\u1ed8NG (TM\u0110G-I42)"},"content":{"rendered":"<h3><strong><a href=\"http:\/\/maydonggoitanminh.com\/may-dong-hop-thanh-pham-tu-dong-tmdg-i42\/\"><em>M\u00e1y \u0111\u00f3ng h\u1ed9p th\u00e0nh ph\u1ea9m t\u1ef1 \u0111\u1ed9ng<\/em><\/a> (TM\u0110G-I42)<\/strong><\/h3>\n<p><em><strong>M\u00e1y \u0111\u00f3ng h\u1ed9p th\u00e0nh ph\u1ea9m t\u1ef1 \u0111\u1ed9ng<\/strong><\/em> (TM\u0110G-I42)\u00a0\u0111\u01b0\u1ee3c nghi\u00ean c\u1ee9u s\u1ea3n xu\u1ea5t v\u00e0 ph\u00e2n ph\u1ed1i tr\u00ean to\u00e0n qu\u1ed1c. T\u1ea5t c\u1ea3 c\u00e1c s\u1ea3n ph\u1ea9m c\u1ee7a ch\u00fang t\u00f4i \u0111\u1ec1u \u0111\u01b0\u1ee3c ki\u1ec3m tra k\u1ef9 l\u01b0\u1ee1ng v\u00e0 v\u1eadn h\u00e0nh th\u1ef1c t\u1ebf \u0111\u1ec3 lu\u00f4n \u0111\u1ea3m b\u1ea3o ch\u1ea5t l\u01b0\u1ee3ng t\u1ed1t nh\u1ea5t tr\u01b0\u1edbc khi b\u00e0n giao thi\u1ebft b\u1ecb cho kh\u00e1ch h\u00e0ng.<\/p>\n<p><strong>Th\u00f4ng s\u1ed1 k\u1ef9 thu\u1eadt:<\/strong><\/p>\n<p>\u2013 Model: TM\u0110G-I42<\/p>\n<p>\u2013 \u0110i\u1ec7n \u00e1p: 220V\/50Hz<\/p>\n<p>\u2013 C\u00f4ng su\u1ea5t: 1.5Kw<\/p>\n<p>\u2013 N\u0103ng su\u1ea5t: 50-100 h\u1ed9p\/ph\u00fat<\/p>\n<p>\u2013 L\u01b0\u1ee3ng ti\u00eau th\u1ee5 kh\u00f4ng kh\u00ed: 20 m3\/h<\/p>\n<p>\u2013 \u00c1p su\u1ea5t: 0.5-0.8 Mpa<\/p>\n<p>\u2013 Tr\u1ecdng l\u01b0\u1ee3ng: 600 kg<\/p>\n<p>\u2013 K\u00edch th\u01b0\u1edbc: 3450 x 1380 x 1800 mm<\/p>\n<p>\u2013 B\u1ea3o h\u00e0nh: 12 th\u00e1ng<\/p>\n<p><strong>H\u00ecnh \u1ea3nh s\u1ea3n ph\u1ea9m:<\/strong><\/p>\n<p><img loading=\"lazy\" decoding=\"async\" class=\"aligncenter size-full wp-image-11259\" src=\"http:\/\/maydonggoitanminh.com\/wp-content\/uploads\/2018\/10\/may-dong-hop-thanh-pham-tu-dong-1.jpg\" alt=\"\" width=\"500\" height=\"500\" \/><\/p>\n<p><img loading=\"lazy\" decoding=\"async\" class=\"aligncenter size-full wp-image-11260\" src=\"http:\/\/maydonggoitanminh.com\/wp-content\/uploads\/2018\/10\/may-dong-hop-thanh-pham-tu-dong-2.jpg\" alt=\"\" width=\"500\" height=\"352\" \/><\/p>\n<p><img loading=\"lazy\" decoding=\"async\" class=\"aligncenter size-full wp-image-11261\" src=\"http:\/\/maydonggoitanminh.com\/wp-content\/uploads\/2018\/10\/may-dong-hop-thanh-pham-tu-dong-3.jpg\" alt=\"\" width=\"500\" height=\"495\" \/><\/p>\n<p><img loading=\"lazy\" decoding=\"async\" class=\"aligncenter size-full wp-image-11262\" src=\"http:\/\/maydonggoitanminh.com\/wp-content\/uploads\/2018\/10\/may-dong-hop-thanh-pham-tu-dong-4.jpg\" alt=\"\" width=\"500\" height=\"500\" \/><\/p>\n<p><img loading=\"lazy\" decoding=\"async\" class=\"aligncenter size-full wp-image-11263\" src=\"http:\/\/maydonggoitanminh.com\/wp-content\/uploads\/2018\/10\/may-dong-hop-thanh-pham-tu-dong-5.jpg\" alt=\"\" width=\"500\" height=\"500\" \/><\/p>\n<p>Chi ti\u1ebft s\u1ea3n ph\u1ea9m<strong><em>\u00a0M\u00e1y \u0111\u00f3ng h\u1ed9p th\u00e0nh ph\u1ea9m t\u1ef1 \u0111\u1ed9ng\u00a0<\/em><\/strong>xin vui l\u00f2ng li\u00ean h\u1ec7 Hotline: 19002861 \u0110\u1ec3 \u0111\u01b0\u1ee3c t\u01b0 v\u1ea5n ho\u00e0n to\u00e0n mi\u1ec5n ph\u00ed!<\/p>\n","protected":false},"excerpt":{"rendered":"<p>M\u00e1y \u0111\u00f3ng h\u1ed9p th\u00e0nh ph\u1ea9m t\u1ef1 \u0111\u1ed9ng (TM\u0110G-I42) M\u00e1y \u0111\u00f3ng h\u1ed9p th\u00e0nh ph\u1ea9m t\u1ef1 \u0111\u1ed9ng (TM\u0110G-I42)\u00a0\u0111\u01b0\u1ee3c nghi\u00ean c\u1ee9u s\u1ea3n xu\u1ea5t v\u00e0 ph\u00e2n ph\u1ed1i tr\u00ean to\u00e0n qu\u1ed1c. T\u1ea5t c\u1ea3 c\u00e1c s\u1ea3n ph\u1ea9m c\u1ee7a ch\u00fang t\u00f4i \u0111\u1ec1u \u0111\u01b0\u1ee3c ki\u1ec3m tra k\u1ef9 l\u01b0\u1ee1ng v\u00e0 v\u1eadn h\u00e0nh th\u1ef1c t\u1ebf \u0111\u1ec3 lu\u00f4n \u0111\u1ea3m b\u1ea3o ch\u1ea5t l\u01b0\u1ee3ng t\u1ed1t nh\u1ea5t tr\u01b0\u1edbc khi &#8230;<\/p>\n","protected":false},"featured_media":2490,"comment_status":"open","ping_status":"closed","template":"","meta":[],"class_list":{"0":"post-2448","1":"product","2":"type-product","3":"status-publish","4":"has-post-thumbnail","6":"product_cat-may-dong-goi-dang-tui-dang-bao","8":"first","9":"instock","10":"shipping-taxable","11":"purchasable","12":"product-type-simple"},"brands":[],"yoast_head":"<!-- This site is optimized with the Yoast SEO plugin v17.6 - https:\/\/yoast.com\/wordpress\/plugins\/seo\/ -->\n<title>M\u00e1y \u0111\u00f3ng h\u1ed9p th\u00e0nh ph\u1ea9m t\u1ef1 \u0111\u1ed9ng | B\u1ea3o h\u00e0nh ch\u00ednh h\u00e3ng<\/title>\n<meta name=\"description\" content=\"M\u00e1y \u0111\u00f3ng h\u1ed9p th\u00e0nh ph\u1ea9m t\u1ef1 \u0111\u1ed9ng - Gi\u00e1 R\u1ebb - B\u1ea3o H\u00e0nh Chuy\u00ean Nghi\u1ec7p - Chi ti\u1ebft xin li\u00ean h\u1ec7 Hotline: 19002861 \u0110\u1ec3 \u0111\u01b0\u1ee3c t\u01b0 v\u1ea5n ho\u00e0n to\u00e0n mi\u1ec5n ph\u00ed!\" \/>\n<meta name=\"robots\" content=\"index, follow, max-snippet:-1, max-image-preview:large, max-video-preview:-1\" \/>\n<link rel=\"canonical\" href=\"https:\/\/cokhitanminh.com\/may-dong-goi\/may-dong-hop-thanh-pham-tu-dong-tmdg-i42\/\" \/>\n<meta property=\"og:locale\" content=\"vi_VN\" \/>\n<meta property=\"og:type\" content=\"article\" \/>\n<meta property=\"og:title\" content=\"M\u00e1y \u0111\u00f3ng h\u1ed9p th\u00e0nh ph\u1ea9m t\u1ef1 \u0111\u1ed9ng | B\u1ea3o h\u00e0nh ch\u00ednh h\u00e3ng\" \/>\n<meta property=\"og:description\" content=\"M\u00e1y \u0111\u00f3ng h\u1ed9p th\u00e0nh ph\u1ea9m t\u1ef1 \u0111\u1ed9ng - Gi\u00e1 R\u1ebb - B\u1ea3o H\u00e0nh Chuy\u00ean Nghi\u1ec7p - Chi ti\u1ebft xin li\u00ean h\u1ec7 Hotline: 19002861 \u0110\u1ec3 \u0111\u01b0\u1ee3c t\u01b0 v\u1ea5n ho\u00e0n to\u00e0n mi\u1ec5n ph\u00ed!\" \/>\n<meta property=\"og:url\" content=\"https:\/\/cokhitanminh.com\/may-dong-goi\/may-dong-hop-thanh-pham-tu-dong-tmdg-i42\/\" \/>\n<meta property=\"og:site_name\" content=\"M\u00c1Y \u0110\u00d3NG G\u00d3I T\u00c2N MINH\" \/>\n<meta property=\"article:modified_time\" content=\"2021-12-04T07:44:52+00:00\" \/>\n<meta property=\"og:image\" content=\"https:\/\/cokhitanminh.com\/may-dong-goi\/wp-content\/uploads\/2021\/12\/may-dong-hop-thanh-pham-tu-dong1.jpg\" \/>\n\t<meta property=\"og:image:width\" content=\"500\" \/>\n\t<meta property=\"og:image:height\" content=\"500\" \/>\n<meta name=\"twitter:card\" content=\"summary_large_image\" \/>\n<meta name=\"twitter:label1\" content=\"\u01af\u1edbc t\u00ednh th\u1eddi gian \u0111\u1ecdc\" \/>\n\t<meta name=\"twitter:data1\" content=\"1 ph\u00fat\" \/>\n<script type=\"application\/ld+json\" class=\"yoast-schema-graph\">{\"@context\":\"https:\/\/schema.org\",\"@graph\":[{\"@type\":\"WebSite\",\"@id\":\"https:\/\/cokhitanminh.com\/may-dong-goi\/#website\",\"url\":\"https:\/\/cokhitanminh.com\/may-dong-goi\/\",\"name\":\"M\\u00c1Y \\u0110\\u00d3NG G\\u00d3I T\\u00c2N MINH\",\"description\":\"Chuy\\u00ean gia m\\u00e1y \\u0111\\u00f3ng g\\u00f3i\",\"potentialAction\":[{\"@type\":\"SearchAction\",\"target\":{\"@type\":\"EntryPoint\",\"urlTemplate\":\"https:\/\/cokhitanminh.com\/may-dong-goi\/?s={search_term_string}\"},\"query-input\":\"required name=search_term_string\"}],\"inLanguage\":\"vi\"},{\"@type\":\"ImageObject\",\"@id\":\"https:\/\/cokhitanminh.com\/may-dong-goi\/may-dong-hop-thanh-pham-tu-dong-tmdg-i42\/#primaryimage\",\"inLanguage\":\"vi\",\"url\":\"https:\/\/cokhitanminh.com\/may-dong-goi\/wp-content\/uploads\/2021\/12\/may-dong-hop-thanh-pham-tu-dong1.jpg\",\"contentUrl\":\"https:\/\/cokhitanminh.com\/may-dong-goi\/wp-content\/uploads\/2021\/12\/may-dong-hop-thanh-pham-tu-dong1.jpg\",\"width\":500,\"height\":500},{\"@type\":\"WebPage\",\"@id\":\"https:\/\/cokhitanminh.com\/may-dong-goi\/may-dong-hop-thanh-pham-tu-dong-tmdg-i42\/#webpage\",\"url\":\"https:\/\/cokhitanminh.com\/may-dong-goi\/may-dong-hop-thanh-pham-tu-dong-tmdg-i42\/\",\"name\":\"M\\u00e1y \\u0111\\u00f3ng h\\u1ed9p th\\u00e0nh ph\\u1ea9m t\\u1ef1 \\u0111\\u1ed9ng | B\\u1ea3o h\\u00e0nh ch\\u00ednh h\\u00e3ng\",\"isPartOf\":{\"@id\":\"https:\/\/cokhitanminh.com\/may-dong-goi\/#website\"},\"primaryImageOfPage\":{\"@id\":\"https:\/\/cokhitanminh.com\/may-dong-goi\/may-dong-hop-thanh-pham-tu-dong-tmdg-i42\/#primaryimage\"},\"datePublished\":\"2021-12-04T03:29:33+00:00\",\"dateModified\":\"2021-12-04T07:44:52+00:00\",\"description\":\"M\\u00e1y \\u0111\\u00f3ng h\\u1ed9p th\\u00e0nh ph\\u1ea9m t\\u1ef1 \\u0111\\u1ed9ng - Gi\\u00e1 R\\u1ebb - B\\u1ea3o H\\u00e0nh Chuy\\u00ean Nghi\\u1ec7p - Chi ti\\u1ebft xin li\\u00ean h\\u1ec7 Hotline: 19002861 \\u0110\\u1ec3 \\u0111\\u01b0\\u1ee3c t\\u01b0 v\\u1ea5n ho\\u00e0n to\\u00e0n mi\\u1ec5n ph\\u00ed!\",\"breadcrumb\":{\"@id\":\"https:\/\/cokhitanminh.com\/may-dong-goi\/may-dong-hop-thanh-pham-tu-dong-tmdg-i42\/#breadcrumb\"},\"inLanguage\":\"vi\",\"potentialAction\":[{\"@type\":\"ReadAction\",\"target\":[\"https:\/\/cokhitanminh.com\/may-dong-goi\/may-dong-hop-thanh-pham-tu-dong-tmdg-i42\/\"]}]},{\"@type\":\"BreadcrumbList\",\"@id\":\"https:\/\/cokhitanminh.com\/may-dong-goi\/may-dong-hop-thanh-pham-tu-dong-tmdg-i42\/#breadcrumb\",\"itemListElement\":[{\"@type\":\"ListItem\",\"position\":1,\"name\":\"Trang ch\\u1ee7\",\"item\":\"https:\/\/cokhitanminh.com\/may-dong-goi\/\"},{\"@type\":\"ListItem\",\"position\":2,\"name\":\"C\\u1eeda h\\u00e0ng\",\"item\":\"https:\/\/cokhitanminh.com\/may-dong-goi\/mua\/\"},{\"@type\":\"ListItem\",\"position\":3,\"name\":\"M\\u00c1Y \\u0110\\u00d3NG H\\u1ed8P TH\\u00c0NH PH\\u1ea8M T\\u1ef0 \\u0110\\u1ed8NG (TM\\u0110G-I42)\"}]}]}<\/script>\n<!-- \/ Yoast SEO plugin. -->","yoast_head_json":{"title":"M\u00e1y \u0111\u00f3ng h\u1ed9p th\u00e0nh ph\u1ea9m t\u1ef1 \u0111\u1ed9ng | B\u1ea3o h\u00e0nh ch\u00ednh h\u00e3ng","description":"M\u00e1y \u0111\u00f3ng h\u1ed9p th\u00e0nh ph\u1ea9m t\u1ef1 \u0111\u1ed9ng - Gi\u00e1 R\u1ebb - B\u1ea3o H\u00e0nh Chuy\u00ean Nghi\u1ec7p - Chi ti\u1ebft xin li\u00ean h\u1ec7 Hotline: 19002861 \u0110\u1ec3 \u0111\u01b0\u1ee3c t\u01b0 v\u1ea5n ho\u00e0n to\u00e0n mi\u1ec5n ph\u00ed!","robots":{"index":"index","follow":"follow","max-snippet":"max-snippet:-1","max-image-preview":"max-image-preview:large","max-video-preview":"max-video-preview:-1"},"canonical":"https:\/\/cokhitanminh.com\/may-dong-goi\/may-dong-hop-thanh-pham-tu-dong-tmdg-i42\/","og_locale":"vi_VN","og_type":"article","og_title":"M\u00e1y \u0111\u00f3ng h\u1ed9p th\u00e0nh ph\u1ea9m t\u1ef1 \u0111\u1ed9ng | B\u1ea3o h\u00e0nh ch\u00ednh h\u00e3ng","og_description":"M\u00e1y \u0111\u00f3ng h\u1ed9p th\u00e0nh ph\u1ea9m t\u1ef1 \u0111\u1ed9ng - Gi\u00e1 R\u1ebb - B\u1ea3o H\u00e0nh Chuy\u00ean Nghi\u1ec7p - Chi ti\u1ebft xin li\u00ean h\u1ec7 Hotline: 19002861 \u0110\u1ec3 \u0111\u01b0\u1ee3c t\u01b0 v\u1ea5n ho\u00e0n to\u00e0n mi\u1ec5n ph\u00ed!","og_url":"https:\/\/cokhitanminh.com\/may-dong-goi\/may-dong-hop-thanh-pham-tu-dong-tmdg-i42\/","og_site_name":"M\u00c1Y \u0110\u00d3NG G\u00d3I T\u00c2N MINH","article_modified_time":"2021-12-04T07:44:52+00:00","og_image":[{"width":500,"height":500,"url":"https:\/\/cokhitanminh.com\/may-dong-goi\/wp-content\/uploads\/2021\/12\/may-dong-hop-thanh-pham-tu-dong1.jpg","type":"image\/jpeg"}],"twitter_card":"summary_large_image","twitter_misc":{"\u01af\u1edbc t\u00ednh th\u1eddi gian \u0111\u1ecdc":"1 ph\u00fat"},"schema":{"@context":"https:\/\/schema.org","@graph":[{"@type":"WebSite","@id":"https:\/\/cokhitanminh.com\/may-dong-goi\/#website","url":"https:\/\/cokhitanminh.com\/may-dong-goi\/","name":"M\u00c1Y \u0110\u00d3NG G\u00d3I T\u00c2N MINH","description":"Chuy\u00ean gia m\u00e1y \u0111\u00f3ng g\u00f3i","potentialAction":[{"@type":"SearchAction","target":{"@type":"EntryPoint","urlTemplate":"https:\/\/cokhitanminh.com\/may-dong-goi\/?s={search_term_string}"},"query-input":"required name=search_term_string"}],"inLanguage":"vi"},{"@type":"ImageObject","@id":"https:\/\/cokhitanminh.com\/may-dong-goi\/may-dong-hop-thanh-pham-tu-dong-tmdg-i42\/#primaryimage","inLanguage":"vi","url":"https:\/\/cokhitanminh.com\/may-dong-goi\/wp-content\/uploads\/2021\/12\/may-dong-hop-thanh-pham-tu-dong1.jpg","contentUrl":"https:\/\/cokhitanminh.com\/may-dong-goi\/wp-content\/uploads\/2021\/12\/may-dong-hop-thanh-pham-tu-dong1.jpg","width":500,"height":500},{"@type":"WebPage","@id":"https:\/\/cokhitanminh.com\/may-dong-goi\/may-dong-hop-thanh-pham-tu-dong-tmdg-i42\/#webpage","url":"https:\/\/cokhitanminh.com\/may-dong-goi\/may-dong-hop-thanh-pham-tu-dong-tmdg-i42\/","name":"M\u00e1y \u0111\u00f3ng h\u1ed9p th\u00e0nh ph\u1ea9m t\u1ef1 \u0111\u1ed9ng | B\u1ea3o h\u00e0nh ch\u00ednh h\u00e3ng","isPartOf":{"@id":"https:\/\/cokhitanminh.com\/may-dong-goi\/#website"},"primaryImageOfPage":{"@id":"https:\/\/cokhitanminh.com\/may-dong-goi\/may-dong-hop-thanh-pham-tu-dong-tmdg-i42\/#primaryimage"},"datePublished":"2021-12-04T03:29:33+00:00","dateModified":"2021-12-04T07:44:52+00:00","description":"M\u00e1y \u0111\u00f3ng h\u1ed9p th\u00e0nh ph\u1ea9m t\u1ef1 \u0111\u1ed9ng - Gi\u00e1 R\u1ebb - B\u1ea3o H\u00e0nh Chuy\u00ean Nghi\u1ec7p - Chi ti\u1ebft xin li\u00ean h\u1ec7 Hotline: 19002861 \u0110\u1ec3 \u0111\u01b0\u1ee3c t\u01b0 v\u1ea5n ho\u00e0n to\u00e0n mi\u1ec5n ph\u00ed!","breadcrumb":{"@id":"https:\/\/cokhitanminh.com\/may-dong-goi\/may-dong-hop-thanh-pham-tu-dong-tmdg-i42\/#breadcrumb"},"inLanguage":"vi","potentialAction":[{"@type":"ReadAction","target":["https:\/\/cokhitanminh.com\/may-dong-goi\/may-dong-hop-thanh-pham-tu-dong-tmdg-i42\/"]}]},{"@type":"BreadcrumbList","@id":"https:\/\/cokhitanminh.com\/may-dong-goi\/may-dong-hop-thanh-pham-tu-dong-tmdg-i42\/#breadcrumb","itemListElement":[{"@type":"ListItem","position":1,"name":"Trang ch\u1ee7","item":"https:\/\/cokhitanminh.com\/may-dong-goi\/"},{"@type":"ListItem","position":2,"name":"C\u1eeda h\u00e0ng","item":"https:\/\/cokhitanminh.com\/may-dong-goi\/mua\/"},{"@type":"ListItem","position":3,"name":"M\u00c1Y \u0110\u00d3NG H\u1ed8P TH\u00c0NH PH\u1ea8M T\u1ef0 \u0110\u1ed8NG (TM\u0110G-I42)"}]}]}},"_links":{"self":[{"href":"https:\/\/cokhitanminh.com\/may-dong-goi\/wp-json\/wp\/v2\/product\/2448","targetHints":{"allow":["GET"]}}],"collection":[{"href":"https:\/\/cokhitanminh.com\/may-dong-goi\/wp-json\/wp\/v2\/product"}],"about":[{"href":"https:\/\/cokhitanminh.com\/may-dong-goi\/wp-json\/wp\/v2\/types\/product"}],"replies":[{"embeddable":true,"href":"https:\/\/cokhitanminh.com\/may-dong-goi\/wp-json\/wp\/v2\/comments?post=2448"}],"wp:featuredmedia":[{"embeddable":true,"href":"https:\/\/cokhitanminh.com\/may-dong-goi\/wp-json\/wp\/v2\/media\/2490"}],"wp:attachment":[{"href":"https:\/\/cokhitanminh.com\/may-dong-goi\/wp-json\/wp\/v2\/media?parent=2448"}],"curies":[{"name":"wp","href":"https:\/\/api.w.org\/{rel}","templated":true}]}}