{"id":2421,"date":"2021-12-04T03:29:07","date_gmt":"2021-12-04T03:29:07","guid":{"rendered":"https:\/\/cokhitanminh.com\/may-dong-goi\/?post_type=product&#038;p=2421"},"modified":"2021-12-04T07:03:01","modified_gmt":"2021-12-04T07:03:01","slug":"may-in-phun-xjf-688-tmdg-d26","status":"publish","type":"product","link":"https:\/\/cokhitanminh.com\/may-dong-goi\/may-in-phun-xjf-688-tmdg-d26\/","title":{"rendered":"M\u00e1y in phun XJF-688 (TM\u0110G-D26)"},"content":{"rendered":"<h3 style=\"text-align: justify;\"><a href=\"http:\/\/maydonggoitanminh.com\/may-in-phun-xjf-688-tmdg-d26\/\"><em><strong>M\u00e1y in phun XJF-688<\/strong> <\/em><\/a>(TM\u0110G-D26)<\/h3>\n<p style=\"text-align: justify;\"><em><strong>M\u00e1y in phun XJF-688<\/strong><\/em> (TM\u0110G-D26) \u0111\u01b0\u1ee3c nghi\u00ean c\u1ee9u s\u1ea3n xu\u1ea5t v\u00e0 ph\u00e2n ph\u1ed1i tr\u00ean to\u00e0n qu\u1ed1c. T\u1ea5t c\u1ea3 c\u00e1c s\u1ea3n ph\u1ea9m c\u1ee7a ch\u00fang t\u00f4i \u0111\u1ec1u \u0111\u01b0\u1ee3c ki\u1ec3m tra k\u1ef9 l\u01b0\u1ee1ng v\u00e0 v\u1eadn h\u00e0nh th\u1ef1c t\u1ebf \u0111\u1ec3 lu\u00f4n \u0111\u1ea3m b\u1ea3o ch\u1ea5t l\u01b0\u1ee3ng t\u1ed1t nh\u1ea5t tr\u01b0\u1edbc khi b\u00e0n giao thi\u1ebft b\u1ecb cho kh\u00e1ch h\u00e0ng.<\/p>\n<h4><strong>Th\u00f4ng s\u1ed1 k\u1ef9 thu\u1eadt:<\/strong><\/h4>\n<p>\u2013 Model: TM\u0110G-D26<\/p>\n<p>\u2013 \u0110i\u1ec7n \u00e1p: 220\/50Hz<\/p>\n<p>\u2013 C\u00f4ng su\u1ea5t: 100W<\/p>\n<p>\u2013 T\u1ed1c \u0111\u1ed9 in: 1024 k\u00fd t\u1ef1\/s (5 x 7)<\/p>\n<p>\u2013 Chi\u1ec1u cao k\u00fd t\u1ef1: 1.2 -18 mm (c\u00f3 th\u1ec3 \u0111i\u1ec1u ch\u1ec9nh)<\/p>\n<p>\u2013 S\u1ed1 l\u01b0\u1ee3ng d\u00f2ng in: 1 \u2013 4 d\u00f2ng<\/p>\n<p>\u2013 Kho\u1ea3ng c\u00e1ch in: max 30 mm<\/p>\n<p>\u2013 N\u1ed9i d\u1ee5ng in: Ch\u1eef s\u1ed1, s\u1ed1 l\u00f4, ng\u00e0y th\u00e1ng, th\u1eddi gian<\/p>\n<p>\u2013 Ch\u1ea5t li\u1ec7u in: Kim lo\u1ea1i, nh\u1ef1a, th\u1ee7y tinh, g\u1ed7\u2026<\/p>\n<p>\u2013 Ch\u1ea5t li\u1ec7u m\u00e1y: Inox<\/p>\n<p>\u2013 Ti\u00eau th\u1ee5 m\u1ef1c: 70 tri\u1ec7u t\u1eeb in\/ 1 lit (5 x 7)<\/p>\n<p>\u2013 K\u00edch th\u01b0\u1edbc m\u00e1y: 580 x 290 x 410 mm<\/p>\n<p>\u2013 Tr\u1ecdng l\u01b0\u1ee3ng t\u1ecbnh: 28 kg<\/p>\n<p>\u2013 B\u1ea3o h\u00e0nh: 12 th\u00e1ng<\/p>\n<p style=\"text-align: justify;\"><strong>H\u00ecnh \u1ea3nh s\u1ea3n ph\u1ea9m:<\/strong><\/p>\n<p>&nbsp;<\/p>\n<figure id=\"attachment_20892\" aria-describedby=\"caption-attachment-20892\" style=\"width: 550px\" class=\"wp-caption aligncenter\"><img loading=\"lazy\" decoding=\"async\" class=\"size-full wp-image-20892\" src=\"http:\/\/maydonggoitanminh.com\/wp-content\/uploads\/2018\/10\/may-in-phun-xjf-688-tmdg-d26-1.jpg\" alt=\"\" width=\"550\" height=\"550\" \/><figcaption id=\"caption-attachment-20892\" class=\"wp-caption-text\">M\u00e1y in phun XJF-688 (TM\u0110G-D26)<\/figcaption><\/figure>\n<figure id=\"attachment_20893\" aria-describedby=\"caption-attachment-20893\" style=\"width: 550px\" class=\"wp-caption aligncenter\"><img loading=\"lazy\" decoding=\"async\" class=\"size-full wp-image-20893\" src=\"http:\/\/maydonggoitanminh.com\/wp-content\/uploads\/2018\/10\/may-in-phun-xjf-688-tmdg-d26-4.jpg\" alt=\"\" width=\"550\" height=\"388\" \/><figcaption id=\"caption-attachment-20893\" class=\"wp-caption-text\">M\u00e1y in phun XJF-688 (TM\u0110G-D26)<\/figcaption><\/figure>\n<figure id=\"attachment_20894\" aria-describedby=\"caption-attachment-20894\" style=\"width: 550px\" class=\"wp-caption aligncenter\"><img loading=\"lazy\" decoding=\"async\" class=\"size-full wp-image-20894\" src=\"http:\/\/maydonggoitanminh.com\/wp-content\/uploads\/2018\/10\/may-in-phun-xjf-688-tmdg-d26-5.jpg\" alt=\"\" width=\"550\" height=\"387\" \/><figcaption id=\"caption-attachment-20894\" class=\"wp-caption-text\">M\u00e1y in phun XJF-688 (TM\u0110G-D26)<\/figcaption><\/figure>\n<figure id=\"attachment_20895\" aria-describedby=\"caption-attachment-20895\" style=\"width: 550px\" class=\"wp-caption aligncenter\"><img loading=\"lazy\" decoding=\"async\" class=\"size-full wp-image-20895\" src=\"http:\/\/maydonggoitanminh.com\/wp-content\/uploads\/2018\/10\/may-in-phun-xjf-688-tmdg-d26-7.jpg\" alt=\"\" width=\"550\" height=\"545\" \/><figcaption id=\"caption-attachment-20895\" class=\"wp-caption-text\">M\u00e1y in phun XJF-688 (TM\u0110G-D26)<\/figcaption><\/figure>\n<figure id=\"attachment_20896\" aria-describedby=\"caption-attachment-20896\" style=\"width: 550px\" class=\"wp-caption aligncenter\"><img loading=\"lazy\" decoding=\"async\" class=\"size-full wp-image-20896\" src=\"http:\/\/maydonggoitanminh.com\/wp-content\/uploads\/2018\/10\/may-in-phun-xjf-688-tmdg-d26-8.jpg\" alt=\"\" width=\"550\" height=\"480\" \/><figcaption id=\"caption-attachment-20896\" class=\"wp-caption-text\">M\u00e1y in phun XJF-688 (TM\u0110G-D26)<\/figcaption><\/figure>\n<figure id=\"attachment_20897\" aria-describedby=\"caption-attachment-20897\" style=\"width: 550px\" class=\"wp-caption aligncenter\"><img loading=\"lazy\" decoding=\"async\" class=\"size-full wp-image-20897\" src=\"http:\/\/maydonggoitanminh.com\/wp-content\/uploads\/2018\/10\/may-in-phun-xjf-688-tmdg-d26-9.jpg\" alt=\"\" width=\"550\" height=\"490\" \/><figcaption id=\"caption-attachment-20897\" class=\"wp-caption-text\">M\u00e1y in phun XJF-688 (TM\u0110G-D26)<\/figcaption><\/figure>\n<p><strong>VIDEO S\u1ea2N PH\u1ea8M<\/strong><\/p>\n<p><center><iframe loading=\"lazy\" src=\"https:\/\/www.youtube.com\/embed\/6S1vKG_SUsA\" width=\"560\" height=\"315\" frameborder=\"0\" allowfullscreen=\"allowfullscreen\"><\/iframe><\/center><\/p>\n<p style=\"text-align: left;\">Chi ti\u1ebft s\u1ea3n ph\u1ea9m <em><strong>M\u00e1y in phun XJF-688<\/strong> <\/em>(TM\u0110G-D26) xin vui l\u00f2ng li\u00ean h\u1ec7 Hotline: 19002861 \u0110\u1ec3 \u0111\u01b0\u1ee3c t\u01b0 v\u1ea5n ho\u00e0n to\u00e0n mi\u1ec5n ph\u00ed!<\/p>\n","protected":false},"excerpt":{"rendered":"<p>M\u00e1y in phun XJF-688 (TM\u0110G-D26) M\u00e1y in phun XJF-688 (TM\u0110G-D26) \u0111\u01b0\u1ee3c nghi\u00ean c\u1ee9u s\u1ea3n xu\u1ea5t v\u00e0 ph\u00e2n ph\u1ed1i tr\u00ean to\u00e0n qu\u1ed1c. T\u1ea5t c\u1ea3 c\u00e1c s\u1ea3n ph\u1ea9m c\u1ee7a ch\u00fang t\u00f4i \u0111\u1ec1u \u0111\u01b0\u1ee3c ki\u1ec3m tra k\u1ef9 l\u01b0\u1ee1ng v\u00e0 v\u1eadn h\u00e0nh th\u1ef1c t\u1ebf \u0111\u1ec3 lu\u00f4n \u0111\u1ea3m b\u1ea3o ch\u1ea5t l\u01b0\u1ee3ng t\u1ed1t nh\u1ea5t tr\u01b0\u1edbc khi b\u00e0n giao thi\u1ebft b\u1ecb cho &#8230;<\/p>\n","protected":false},"featured_media":2465,"comment_status":"open","ping_status":"closed","template":"","meta":[],"class_list":{"0":"post-2421","1":"product","2":"type-product","3":"status-publish","4":"has-post-thumbnail","6":"product_cat-may-in-han-su-dung-in-ma-vach","8":"first","9":"instock","10":"shipping-taxable","11":"purchasable","12":"product-type-simple"},"brands":[],"yoast_head":"<!-- This site is optimized with the Yoast SEO plugin v17.6 - https:\/\/yoast.com\/wordpress\/plugins\/seo\/ -->\n<title>M\u00e1y in phun XJF-688 (TM\u0110G-D26) | Hotline 1900.2861<\/title>\n<meta name=\"description\" content=\"M\u00e1y in phun XJF-688 (TM\u0110G-D26) uy t\u00edn ch\u1ea5t l\u01b0\u1ee3ng Li\u00ean h\u1ec7 Hotline 1: 1900 2861 | Hotline 2: 09 67 68 69 11 \u0110\u1ec3 \u0111\u01b0\u1ee3c t\u01b0 v\u1ea5n mi\u1ec5n ph\u00ed!\" \/>\n<meta name=\"robots\" content=\"index, follow, max-snippet:-1, max-image-preview:large, max-video-preview:-1\" \/>\n<link rel=\"canonical\" href=\"https:\/\/cokhitanminh.com\/may-dong-goi\/may-in-phun-xjf-688-tmdg-d26\/\" \/>\n<meta property=\"og:locale\" content=\"vi_VN\" \/>\n<meta property=\"og:type\" content=\"article\" \/>\n<meta property=\"og:title\" content=\"M\u00e1y in phun XJF-688 (TM\u0110G-D26) | Hotline 1900.2861\" \/>\n<meta property=\"og:description\" content=\"M\u00e1y in phun XJF-688 (TM\u0110G-D26) uy t\u00edn ch\u1ea5t l\u01b0\u1ee3ng Li\u00ean h\u1ec7 Hotline 1: 1900 2861 | Hotline 2: 09 67 68 69 11 \u0110\u1ec3 \u0111\u01b0\u1ee3c t\u01b0 v\u1ea5n mi\u1ec5n ph\u00ed!\" \/>\n<meta property=\"og:url\" content=\"https:\/\/cokhitanminh.com\/may-dong-goi\/may-in-phun-xjf-688-tmdg-d26\/\" \/>\n<meta property=\"og:site_name\" content=\"M\u00c1Y \u0110\u00d3NG G\u00d3I T\u00c2N MINH\" \/>\n<meta property=\"article:modified_time\" content=\"2021-12-04T07:03:01+00:00\" \/>\n<meta property=\"og:image\" content=\"https:\/\/cokhitanminh.com\/may-dong-goi\/wp-content\/uploads\/2021\/12\/May-in-phun-XJF-688-1.jpg\" \/>\n\t<meta property=\"og:image:width\" content=\"500\" \/>\n\t<meta property=\"og:image:height\" content=\"500\" \/>\n<meta name=\"twitter:card\" content=\"summary_large_image\" \/>\n<meta name=\"twitter:label1\" content=\"\u01af\u1edbc t\u00ednh th\u1eddi gian \u0111\u1ecdc\" \/>\n\t<meta name=\"twitter:data1\" content=\"2 ph\u00fat\" \/>\n<script type=\"application\/ld+json\" class=\"yoast-schema-graph\">{\"@context\":\"https:\/\/schema.org\",\"@graph\":[{\"@type\":\"WebSite\",\"@id\":\"https:\/\/cokhitanminh.com\/may-dong-goi\/#website\",\"url\":\"https:\/\/cokhitanminh.com\/may-dong-goi\/\",\"name\":\"M\\u00c1Y \\u0110\\u00d3NG G\\u00d3I T\\u00c2N MINH\",\"description\":\"Chuy\\u00ean gia m\\u00e1y \\u0111\\u00f3ng g\\u00f3i\",\"potentialAction\":[{\"@type\":\"SearchAction\",\"target\":{\"@type\":\"EntryPoint\",\"urlTemplate\":\"https:\/\/cokhitanminh.com\/may-dong-goi\/?s={search_term_string}\"},\"query-input\":\"required name=search_term_string\"}],\"inLanguage\":\"vi\"},{\"@type\":\"ImageObject\",\"@id\":\"https:\/\/cokhitanminh.com\/may-dong-goi\/may-in-phun-xjf-688-tmdg-d26\/#primaryimage\",\"inLanguage\":\"vi\",\"url\":\"https:\/\/cokhitanminh.com\/may-dong-goi\/wp-content\/uploads\/2021\/12\/May-in-phun-XJF-688-1.jpg\",\"contentUrl\":\"https:\/\/cokhitanminh.com\/may-dong-goi\/wp-content\/uploads\/2021\/12\/May-in-phun-XJF-688-1.jpg\",\"width\":500,\"height\":500},{\"@type\":\"WebPage\",\"@id\":\"https:\/\/cokhitanminh.com\/may-dong-goi\/may-in-phun-xjf-688-tmdg-d26\/#webpage\",\"url\":\"https:\/\/cokhitanminh.com\/may-dong-goi\/may-in-phun-xjf-688-tmdg-d26\/\",\"name\":\"M\\u00e1y in phun XJF-688 (TM\\u0110G-D26) | Hotline 1900.2861\",\"isPartOf\":{\"@id\":\"https:\/\/cokhitanminh.com\/may-dong-goi\/#website\"},\"primaryImageOfPage\":{\"@id\":\"https:\/\/cokhitanminh.com\/may-dong-goi\/may-in-phun-xjf-688-tmdg-d26\/#primaryimage\"},\"datePublished\":\"2021-12-04T03:29:07+00:00\",\"dateModified\":\"2021-12-04T07:03:01+00:00\",\"description\":\"M\\u00e1y in phun XJF-688 (TM\\u0110G-D26) uy t\\u00edn ch\\u1ea5t l\\u01b0\\u1ee3ng Li\\u00ean h\\u1ec7 Hotline 1: 1900 2861 | Hotline 2: 09 67 68 69 11 \\u0110\\u1ec3 \\u0111\\u01b0\\u1ee3c t\\u01b0 v\\u1ea5n mi\\u1ec5n ph\\u00ed!\",\"breadcrumb\":{\"@id\":\"https:\/\/cokhitanminh.com\/may-dong-goi\/may-in-phun-xjf-688-tmdg-d26\/#breadcrumb\"},\"inLanguage\":\"vi\",\"potentialAction\":[{\"@type\":\"ReadAction\",\"target\":[\"https:\/\/cokhitanminh.com\/may-dong-goi\/may-in-phun-xjf-688-tmdg-d26\/\"]}]},{\"@type\":\"BreadcrumbList\",\"@id\":\"https:\/\/cokhitanminh.com\/may-dong-goi\/may-in-phun-xjf-688-tmdg-d26\/#breadcrumb\",\"itemListElement\":[{\"@type\":\"ListItem\",\"position\":1,\"name\":\"Trang ch\\u1ee7\",\"item\":\"https:\/\/cokhitanminh.com\/may-dong-goi\/\"},{\"@type\":\"ListItem\",\"position\":2,\"name\":\"C\\u1eeda h\\u00e0ng\",\"item\":\"https:\/\/cokhitanminh.com\/may-dong-goi\/mua\/\"},{\"@type\":\"ListItem\",\"position\":3,\"name\":\"M\\u00e1y in phun XJF-688 (TM\\u0110G-D26)\"}]}]}<\/script>\n<!-- \/ Yoast SEO plugin. -->","yoast_head_json":{"title":"M\u00e1y in phun XJF-688 (TM\u0110G-D26) | Hotline 1900.2861","description":"M\u00e1y in phun XJF-688 (TM\u0110G-D26) uy t\u00edn ch\u1ea5t l\u01b0\u1ee3ng Li\u00ean h\u1ec7 Hotline 1: 1900 2861 | Hotline 2: 09 67 68 69 11 \u0110\u1ec3 \u0111\u01b0\u1ee3c t\u01b0 v\u1ea5n mi\u1ec5n ph\u00ed!","robots":{"index":"index","follow":"follow","max-snippet":"max-snippet:-1","max-image-preview":"max-image-preview:large","max-video-preview":"max-video-preview:-1"},"canonical":"https:\/\/cokhitanminh.com\/may-dong-goi\/may-in-phun-xjf-688-tmdg-d26\/","og_locale":"vi_VN","og_type":"article","og_title":"M\u00e1y in phun XJF-688 (TM\u0110G-D26) | Hotline 1900.2861","og_description":"M\u00e1y in phun XJF-688 (TM\u0110G-D26) uy t\u00edn ch\u1ea5t l\u01b0\u1ee3ng Li\u00ean h\u1ec7 Hotline 1: 1900 2861 | Hotline 2: 09 67 68 69 11 \u0110\u1ec3 \u0111\u01b0\u1ee3c t\u01b0 v\u1ea5n mi\u1ec5n ph\u00ed!","og_url":"https:\/\/cokhitanminh.com\/may-dong-goi\/may-in-phun-xjf-688-tmdg-d26\/","og_site_name":"M\u00c1Y \u0110\u00d3NG G\u00d3I T\u00c2N MINH","article_modified_time":"2021-12-04T07:03:01+00:00","og_image":[{"width":500,"height":500,"url":"https:\/\/cokhitanminh.com\/may-dong-goi\/wp-content\/uploads\/2021\/12\/May-in-phun-XJF-688-1.jpg","type":"image\/jpeg"}],"twitter_card":"summary_large_image","twitter_misc":{"\u01af\u1edbc t\u00ednh th\u1eddi gian \u0111\u1ecdc":"2 ph\u00fat"},"schema":{"@context":"https:\/\/schema.org","@graph":[{"@type":"WebSite","@id":"https:\/\/cokhitanminh.com\/may-dong-goi\/#website","url":"https:\/\/cokhitanminh.com\/may-dong-goi\/","name":"M\u00c1Y \u0110\u00d3NG G\u00d3I T\u00c2N MINH","description":"Chuy\u00ean gia m\u00e1y \u0111\u00f3ng g\u00f3i","potentialAction":[{"@type":"SearchAction","target":{"@type":"EntryPoint","urlTemplate":"https:\/\/cokhitanminh.com\/may-dong-goi\/?s={search_term_string}"},"query-input":"required name=search_term_string"}],"inLanguage":"vi"},{"@type":"ImageObject","@id":"https:\/\/cokhitanminh.com\/may-dong-goi\/may-in-phun-xjf-688-tmdg-d26\/#primaryimage","inLanguage":"vi","url":"https:\/\/cokhitanminh.com\/may-dong-goi\/wp-content\/uploads\/2021\/12\/May-in-phun-XJF-688-1.jpg","contentUrl":"https:\/\/cokhitanminh.com\/may-dong-goi\/wp-content\/uploads\/2021\/12\/May-in-phun-XJF-688-1.jpg","width":500,"height":500},{"@type":"WebPage","@id":"https:\/\/cokhitanminh.com\/may-dong-goi\/may-in-phun-xjf-688-tmdg-d26\/#webpage","url":"https:\/\/cokhitanminh.com\/may-dong-goi\/may-in-phun-xjf-688-tmdg-d26\/","name":"M\u00e1y in phun XJF-688 (TM\u0110G-D26) | Hotline 1900.2861","isPartOf":{"@id":"https:\/\/cokhitanminh.com\/may-dong-goi\/#website"},"primaryImageOfPage":{"@id":"https:\/\/cokhitanminh.com\/may-dong-goi\/may-in-phun-xjf-688-tmdg-d26\/#primaryimage"},"datePublished":"2021-12-04T03:29:07+00:00","dateModified":"2021-12-04T07:03:01+00:00","description":"M\u00e1y in phun XJF-688 (TM\u0110G-D26) uy t\u00edn ch\u1ea5t l\u01b0\u1ee3ng Li\u00ean h\u1ec7 Hotline 1: 1900 2861 | Hotline 2: 09 67 68 69 11 \u0110\u1ec3 \u0111\u01b0\u1ee3c t\u01b0 v\u1ea5n mi\u1ec5n ph\u00ed!","breadcrumb":{"@id":"https:\/\/cokhitanminh.com\/may-dong-goi\/may-in-phun-xjf-688-tmdg-d26\/#breadcrumb"},"inLanguage":"vi","potentialAction":[{"@type":"ReadAction","target":["https:\/\/cokhitanminh.com\/may-dong-goi\/may-in-phun-xjf-688-tmdg-d26\/"]}]},{"@type":"BreadcrumbList","@id":"https:\/\/cokhitanminh.com\/may-dong-goi\/may-in-phun-xjf-688-tmdg-d26\/#breadcrumb","itemListElement":[{"@type":"ListItem","position":1,"name":"Trang ch\u1ee7","item":"https:\/\/cokhitanminh.com\/may-dong-goi\/"},{"@type":"ListItem","position":2,"name":"C\u1eeda h\u00e0ng","item":"https:\/\/cokhitanminh.com\/may-dong-goi\/mua\/"},{"@type":"ListItem","position":3,"name":"M\u00e1y in phun XJF-688 (TM\u0110G-D26)"}]}]}},"_links":{"self":[{"href":"https:\/\/cokhitanminh.com\/may-dong-goi\/wp-json\/wp\/v2\/product\/2421","targetHints":{"allow":["GET"]}}],"collection":[{"href":"https:\/\/cokhitanminh.com\/may-dong-goi\/wp-json\/wp\/v2\/product"}],"about":[{"href":"https:\/\/cokhitanminh.com\/may-dong-goi\/wp-json\/wp\/v2\/types\/product"}],"replies":[{"embeddable":true,"href":"https:\/\/cokhitanminh.com\/may-dong-goi\/wp-json\/wp\/v2\/comments?post=2421"}],"wp:featuredmedia":[{"embeddable":true,"href":"https:\/\/cokhitanminh.com\/may-dong-goi\/wp-json\/wp\/v2\/media\/2465"}],"wp:attachment":[{"href":"https:\/\/cokhitanminh.com\/may-dong-goi\/wp-json\/wp\/v2\/media?parent=2421"}],"curies":[{"name":"wp","href":"https:\/\/api.w.org\/{rel}","templated":true}]}}