{"id":2389,"date":"2021-12-04T03:28:39","date_gmt":"2021-12-04T03:28:39","guid":{"rendered":"https:\/\/cokhitanminh.com\/may-dong-goi\/?post_type=product&#038;p=2389"},"modified":"2022-01-03T10:27:51","modified_gmt":"2022-01-03T10:27:51","slug":"may-in-phun-cam-tay-pt-2000se-tmdg-d24","status":"publish","type":"product","link":"https:\/\/cokhitanminh.com\/may-dong-goi\/may-in-phun-cam-tay-pt-2000se-tmdg-d24\/","title":{"rendered":"M\u00c1Y IN PHUN C\u1ea6M TAY PT-2000SE (TM\u0110G-D24)"},"content":{"rendered":"<h3><\/h3>\n<h3 style=\"text-align: justify;\"><a href=\"https:\/\/cokhitanminh.com\/may-dong-goi\/may-in-phun-cam-tay-pt-2000se-tmdg-d24\/\"><strong><em>M\u00c1Y IN PHUN C\u1ea6M TAY PT-2000SE<\/em> <\/strong><\/a>(TM\u0110G-D24)<\/h3>\n<p style=\"text-align: justify;\"><em><strong>M\u00e1y in phun c\u1ea7m tay PT-2000SE <\/strong><\/em>\u0111\u01b0\u1ee3c nghi\u00ean c\u1ee9u s\u1ea3n xu\u1ea5t v\u00e0 ph\u00e2n ph\u1ed1i tr\u00ean to\u00e0n qu\u1ed1c. T\u1ea5t c\u1ea3 c\u00e1c s\u1ea3n ph\u1ea9m c\u1ee7a ch\u00fang t\u00f4i \u0111\u1ec1u \u0111\u01b0\u1ee3c ki\u1ec3m tra k\u1ef9 l\u01b0\u1ee1ng v\u00e0 v\u1eadn h\u00e0nh th\u1ef1c t\u1ebf \u0111\u1ec3 lu\u00f4n \u0111\u1ea3m b\u1ea3o ch\u1ea5t l\u01b0\u1ee3ng t\u1ed1t nh\u1ea5t tr\u01b0\u1edbc khi b\u00e0n giao thi\u1ebft b\u1ecb cho kh\u00e1ch h\u00e0ng.<\/p>\n<p style=\"text-align: justify;\"><strong>Th\u00f4ng s\u1ed1 k\u1ef9 thu\u1eadt:<\/strong><\/p>\n<p>\u2013 \u0110i\u1ec7n \u00e1p s\u1ea1c pin: 220V\/50 Hz<\/p>\n<p>\u2013 \u0110i\u1ec7n \u00e1p \u0111\u1ea7u ra c\u1ee7a Pin: DC5V-2A<\/p>\n<p>\u2013Dung l\u01b0\u1ee3ng Phin: 1500 mAh (in li\u00ean t\u1ee5c trong kho\u1ea3ng 16 gi\u1edd \u0111\u1ed3ng h\u1ed3, Th\u1eddi gian ch\u1edd kho\u1ea3ng 30 ti\u1ebfng)<\/p>\n<p>\u2013 s\u1ea1c pin: k\u1ebft h\u1ee3p v\u1edbi d\u00e2y k\u1ebft n\u1ed1i USB<\/p>\n<p>\u2013 Ch\u1ee9c n\u0103ng: In s\u1ed1, ch\u1eef, m\u00e3 v\u1ea1ch, m\u00e3 QR Code<\/p>\n<p>\u2013 Ch\u1ebf \u0111\u1ed9 c\u1ea3m bi\u1ebfn: 1 ch\u1ee9c n\u0103ng duy nh\u1ea5t l\u00e0 con l\u0103n<\/p>\n<p>\u2013 Chi\u1ec1u cao k\u00fd t\u1ef1 in: 3 \u2013 12.5 mm<\/p>\n<p>\u2013 S\u1ed1 d\u00f2ng in: 1 \u2013 4 d\u00f2ng<\/p>\n<p>\u2013 Kho\u1ea3ng c\u00e1ch in: 2 \u2013 5 mm<\/p>\n<p>\u2013 \u0110\u1ed9 ph\u00e2n gi\u1ea3i : 300dpi<\/p>\n<p>\u2013 Ch\u1ea5t li\u1ec7u in th\u00edch h\u1ee3p: Th\u00f9ng gi\u1ea5y, g\u1ed7, chai nh\u1ef1a, \u1ed1ng kim lo\u1ea1i.nilong \u2026<\/p>\n<p>\u2013 Ph\u01b0\u01a1ng th\u1ee9c nh\u1eadp li\u1ec7u: B\u00e0n ph\u00edm c\u01a1, ho\u1eb7c k\u1ebft n\u1ed1i qua bluetooth, d\u00e2y USB<\/p>\n<p>\u2013 Dung t\u00edch h\u1ed9p m\u1ef1c: 42ml<\/p>\n<p>\u2013 M\u00e0u m\u1ef1c cung c\u1ea5p: \u0110en, \u0110\u1ecf, Xanh, V\u00e0ng,Tr\u1eafng (Gi\u00e1 b\u00e1n theo m\u00e0u)<\/p>\n<p>\u2013 Th\u00f4ng tin l\u01b0u tr\u1eef: 50 \u2013 200 tin, (D\u00e0i hay ng\u1eafn)<\/p>\n<p>\u2013 Nhi\u1ec7t \u0111\u00f4 m\u00f4i tr\u01b0\u1eddng th\u00edch h\u1ee3p: kho\u1ea3ng 40 \u0111\u1ed9, \u0111\u1ed9 \u1ea9m 10% \u2013 80%<\/p>\n<p>\u2013 K\u00edch th\u01b0\u1edbc m\u00e1y: 209 x 113 x 75mm<\/p>\n<p>\u2013 Tr\u1ecdng l\u01b0\u1ee3ng m\u00e1y (kg): bao g\u1ed3m m\u1ef1c + pin 440g, kh\u00f4ng bao g\u1ed3m m\u1ef1c + pin :300g<\/p>\n<p>\u2013 V\u1eadt li\u1ec7u ch\u00ednh (v\u1ecf m\u00e1y): nh\u1ef1a<\/p>\n<p>\u2013 B\u1ea3o h\u00e0nh: 12 th\u00e1ng<\/p>\n<p style=\"text-align: justify;\"><strong>H\u00ecnh \u1ea3nh s\u1ea3n ph\u1ea9m:<\/strong><\/p>\n<p style=\"text-align: justify;\"><img loading=\"lazy\" decoding=\"async\" class=\"size-full wp-image-7257 aligncenter\" src=\"https:\/\/cokhitanminh.com\/may-dong-goi\/wp-content\/uploads\/2021\/12\/may-in-phun-cam-tay-pt-2000se-tmdg-d24-ckmdg-5.jpg\" alt=\"\" width=\"600\" height=\"300\" srcset=\"https:\/\/cokhitanminh.com\/may-dong-goi\/wp-content\/uploads\/2021\/12\/may-in-phun-cam-tay-pt-2000se-tmdg-d24-ckmdg-5.jpg 600w, https:\/\/cokhitanminh.com\/may-dong-goi\/wp-content\/uploads\/2021\/12\/may-in-phun-cam-tay-pt-2000se-tmdg-d24-ckmdg-5-300x150.jpg 300w\" sizes=\"auto, (max-width: 600px) 100vw, 600px\" \/> <img loading=\"lazy\" decoding=\"async\" class=\"size-full wp-image-7251 aligncenter\" src=\"https:\/\/cokhitanminh.com\/may-dong-goi\/wp-content\/uploads\/2021\/12\/may-in-phun-cam-tay-pt-2000se-tmdg-d24-ckmdg-1.png\" alt=\"\" width=\"550\" height=\"832\" srcset=\"https:\/\/cokhitanminh.com\/may-dong-goi\/wp-content\/uploads\/2021\/12\/may-in-phun-cam-tay-pt-2000se-tmdg-d24-ckmdg-1.png 550w, https:\/\/cokhitanminh.com\/may-dong-goi\/wp-content\/uploads\/2021\/12\/may-in-phun-cam-tay-pt-2000se-tmdg-d24-ckmdg-1-198x300.png 198w\" sizes=\"auto, (max-width: 550px) 100vw, 550px\" \/> <img loading=\"lazy\" decoding=\"async\" class=\"size-full wp-image-7253 aligncenter\" src=\"https:\/\/cokhitanminh.com\/may-dong-goi\/wp-content\/uploads\/2021\/12\/may-in-phun-cam-tay-pt-2000se-tmdg-d24-ckmdg-2.jpg\" alt=\"\" width=\"550\" height=\"550\" srcset=\"https:\/\/cokhitanminh.com\/may-dong-goi\/wp-content\/uploads\/2021\/12\/may-in-phun-cam-tay-pt-2000se-tmdg-d24-ckmdg-2.jpg 550w, https:\/\/cokhitanminh.com\/may-dong-goi\/wp-content\/uploads\/2021\/12\/may-in-phun-cam-tay-pt-2000se-tmdg-d24-ckmdg-2-300x300.jpg 300w, https:\/\/cokhitanminh.com\/may-dong-goi\/wp-content\/uploads\/2021\/12\/may-in-phun-cam-tay-pt-2000se-tmdg-d24-ckmdg-2-150x150.jpg 150w, https:\/\/cokhitanminh.com\/may-dong-goi\/wp-content\/uploads\/2021\/12\/may-in-phun-cam-tay-pt-2000se-tmdg-d24-ckmdg-2-100x100.jpg 100w\" sizes=\"auto, (max-width: 550px) 100vw, 550px\" \/> <img loading=\"lazy\" decoding=\"async\" class=\"size-full wp-image-7255 aligncenter\" src=\"https:\/\/cokhitanminh.com\/may-dong-goi\/wp-content\/uploads\/2021\/12\/may-in-phun-cam-tay-pt-2000se-tmdg-d24-ckmdg-3.jpg\" alt=\"\" width=\"550\" height=\"581\" srcset=\"https:\/\/cokhitanminh.com\/may-dong-goi\/wp-content\/uploads\/2021\/12\/may-in-phun-cam-tay-pt-2000se-tmdg-d24-ckmdg-3.jpg 550w, https:\/\/cokhitanminh.com\/may-dong-goi\/wp-content\/uploads\/2021\/12\/may-in-phun-cam-tay-pt-2000se-tmdg-d24-ckmdg-3-284x300.jpg 284w\" sizes=\"auto, (max-width: 550px) 100vw, 550px\" \/> <img loading=\"lazy\" decoding=\"async\" class=\"size-full wp-image-7254 aligncenter\" src=\"https:\/\/cokhitanminh.com\/may-dong-goi\/wp-content\/uploads\/2021\/12\/may-in-phun-cam-tay-pt-2000se-tmdg-d24-ckmdg-2.png\" alt=\"\" width=\"550\" height=\"366\" srcset=\"https:\/\/cokhitanminh.com\/may-dong-goi\/wp-content\/uploads\/2021\/12\/may-in-phun-cam-tay-pt-2000se-tmdg-d24-ckmdg-2.png 550w, https:\/\/cokhitanminh.com\/may-dong-goi\/wp-content\/uploads\/2021\/12\/may-in-phun-cam-tay-pt-2000se-tmdg-d24-ckmdg-2-300x200.png 300w\" sizes=\"auto, (max-width: 550px) 100vw, 550px\" \/> <img loading=\"lazy\" decoding=\"async\" class=\"size-full wp-image-7256 aligncenter\" src=\"https:\/\/cokhitanminh.com\/may-dong-goi\/wp-content\/uploads\/2021\/12\/may-in-phun-cam-tay-pt-2000se-tmdg-d24-ckmdg-4.jpg\" alt=\"\" width=\"550\" height=\"366\" srcset=\"https:\/\/cokhitanminh.com\/may-dong-goi\/wp-content\/uploads\/2021\/12\/may-in-phun-cam-tay-pt-2000se-tmdg-d24-ckmdg-4.jpg 550w, https:\/\/cokhitanminh.com\/may-dong-goi\/wp-content\/uploads\/2021\/12\/may-in-phun-cam-tay-pt-2000se-tmdg-d24-ckmdg-4-300x200.jpg 300w\" sizes=\"auto, (max-width: 550px) 100vw, 550px\" \/> <img loading=\"lazy\" decoding=\"async\" class=\"size-full wp-image-7249 aligncenter\" src=\"https:\/\/cokhitanminh.com\/may-dong-goi\/wp-content\/uploads\/2021\/12\/may-in-phun-cam-tay-pt-2000se-tmdg-d24-ckmdg-1.gif\" alt=\"\" width=\"690\" height=\"388\" \/><\/p>\n<p><strong>VIDEO S\u1ea2N PH\u1ea8M<\/strong><\/p>\n<p><center><iframe loading=\"lazy\" src=\"https:\/\/www.youtube.com\/embed\/4y3wxIoM0ww\" width=\"560\" height=\"315\" frameborder=\"0\" allowfullscreen=\"allowfullscreen\"><\/iframe><\/center><\/p>\n<p style=\"text-align: left;\">\u0110\u1ec3 bi\u1ebft th\u00eam th\u00f4ng tin v\u1ec1 s\u1ea3n ph\u1ea9m <em><strong>M\u00e1y in phun c\u1ea7m tay PT-2000SE<\/strong><\/em><em><strong>\u00a0<\/strong><\/em>xin vui l\u00f2ng li\u00ean h\u1ec7 1900.2861<\/p>\n<p>&nbsp;<\/p>\n","protected":false},"excerpt":{"rendered":"<p>M\u00c1Y IN PHUN C\u1ea6M TAY PT-2000SE (TM\u0110G-D24) M\u00e1y in phun c\u1ea7m tay PT-2000SE \u0111\u01b0\u1ee3c nghi\u00ean c\u1ee9u s\u1ea3n xu\u1ea5t v\u00e0 ph\u00e2n ph\u1ed1i tr\u00ean to\u00e0n qu\u1ed1c. T\u1ea5t c\u1ea3 c\u00e1c s\u1ea3n ph\u1ea9m c\u1ee7a ch\u00fang t\u00f4i \u0111\u1ec1u \u0111\u01b0\u1ee3c ki\u1ec3m tra k\u1ef9 l\u01b0\u1ee1ng v\u00e0 v\u1eadn h\u00e0nh th\u1ef1c t\u1ebf \u0111\u1ec3 lu\u00f4n \u0111\u1ea3m b\u1ea3o ch\u1ea5t l\u01b0\u1ee3ng t\u1ed1t nh\u1ea5t tr\u01b0\u1edbc khi b\u00e0n giao &#8230;<\/p>\n","protected":false},"featured_media":7250,"comment_status":"open","ping_status":"closed","template":"","meta":[],"class_list":{"0":"post-2389","1":"product","2":"type-product","3":"status-publish","4":"has-post-thumbnail","6":"product_cat-may-in-han-su-dung-in-ma-vach","8":"first","9":"instock","10":"shipping-taxable","11":"purchasable","12":"product-type-simple"},"brands":[],"yoast_head":"<!-- This site is optimized with the Yoast SEO plugin v17.6 - https:\/\/yoast.com\/wordpress\/plugins\/seo\/ -->\n<title>M\u00c1Y IN PHUN C\u1ea6M TAY PT-2000SE (TM\u0110G-D24) - M\u00c1Y \u0110\u00d3NG G\u00d3I T\u00c2N MINH<\/title>\n<meta name=\"description\" content=\"M\u00e1y in phun c\u1ea7m tay PT-2000SE (TM\u0110G-D24) uy t\u00edn ch\u1ea5t l\u01b0\u1ee3ng Li\u00ean h\u1ec7 Hotline 1: 1900 2861 | Hotline 2: 09 67 68 69 11 \u0110\u1ec3 \u0111\u01b0\u1ee3c t\u01b0 v\u1ea5n mi\u1ec5n ph\u00ed!\" \/>\n<meta name=\"robots\" content=\"index, follow, max-snippet:-1, max-image-preview:large, max-video-preview:-1\" \/>\n<link rel=\"canonical\" href=\"https:\/\/cokhitanminh.com\/may-dong-goi\/may-in-phun-cam-tay-pt-2000se-tmdg-d24\/\" \/>\n<meta property=\"og:locale\" content=\"vi_VN\" \/>\n<meta property=\"og:type\" content=\"article\" \/>\n<meta property=\"og:title\" content=\"M\u00c1Y IN PHUN C\u1ea6M TAY PT-2000SE (TM\u0110G-D24) - M\u00c1Y \u0110\u00d3NG G\u00d3I T\u00c2N MINH\" \/>\n<meta property=\"og:description\" content=\"M\u00e1y in phun c\u1ea7m tay PT-2000SE (TM\u0110G-D24) uy t\u00edn ch\u1ea5t l\u01b0\u1ee3ng Li\u00ean h\u1ec7 Hotline 1: 1900 2861 | Hotline 2: 09 67 68 69 11 \u0110\u1ec3 \u0111\u01b0\u1ee3c t\u01b0 v\u1ea5n mi\u1ec5n ph\u00ed!\" \/>\n<meta property=\"og:url\" content=\"https:\/\/cokhitanminh.com\/may-dong-goi\/may-in-phun-cam-tay-pt-2000se-tmdg-d24\/\" \/>\n<meta property=\"og:site_name\" content=\"M\u00c1Y \u0110\u00d3NG G\u00d3I T\u00c2N MINH\" \/>\n<meta property=\"article:modified_time\" content=\"2022-01-03T10:27:51+00:00\" \/>\n<meta property=\"og:image\" content=\"https:\/\/cokhitanminh.com\/may-dong-goi\/wp-content\/uploads\/2021\/12\/may-in-phun-cam-tay-pt-2000se-tmdg-d24-ckmdg-1.jpg\" \/>\n\t<meta property=\"og:image:width\" content=\"480\" \/>\n\t<meta property=\"og:image:height\" content=\"480\" \/>\n<meta name=\"twitter:card\" content=\"summary_large_image\" \/>\n<meta name=\"twitter:label1\" content=\"\u01af\u1edbc t\u00ednh th\u1eddi gian \u0111\u1ecdc\" \/>\n\t<meta name=\"twitter:data1\" content=\"3 ph\u00fat\" \/>\n<script type=\"application\/ld+json\" class=\"yoast-schema-graph\">{\"@context\":\"https:\/\/schema.org\",\"@graph\":[{\"@type\":\"WebSite\",\"@id\":\"https:\/\/cokhitanminh.com\/may-dong-goi\/#website\",\"url\":\"https:\/\/cokhitanminh.com\/may-dong-goi\/\",\"name\":\"M\\u00c1Y \\u0110\\u00d3NG G\\u00d3I T\\u00c2N MINH\",\"description\":\"Chuy\\u00ean gia m\\u00e1y \\u0111\\u00f3ng g\\u00f3i\",\"potentialAction\":[{\"@type\":\"SearchAction\",\"target\":{\"@type\":\"EntryPoint\",\"urlTemplate\":\"https:\/\/cokhitanminh.com\/may-dong-goi\/?s={search_term_string}\"},\"query-input\":\"required name=search_term_string\"}],\"inLanguage\":\"vi\"},{\"@type\":\"ImageObject\",\"@id\":\"https:\/\/cokhitanminh.com\/may-dong-goi\/may-in-phun-cam-tay-pt-2000se-tmdg-d24\/#primaryimage\",\"inLanguage\":\"vi\",\"url\":\"https:\/\/cokhitanminh.com\/may-dong-goi\/wp-content\/uploads\/2021\/12\/may-in-phun-cam-tay-pt-2000se-tmdg-d24-ckmdg-1.jpg\",\"contentUrl\":\"https:\/\/cokhitanminh.com\/may-dong-goi\/wp-content\/uploads\/2021\/12\/may-in-phun-cam-tay-pt-2000se-tmdg-d24-ckmdg-1.jpg\",\"width\":480,\"height\":480},{\"@type\":\"WebPage\",\"@id\":\"https:\/\/cokhitanminh.com\/may-dong-goi\/may-in-phun-cam-tay-pt-2000se-tmdg-d24\/#webpage\",\"url\":\"https:\/\/cokhitanminh.com\/may-dong-goi\/may-in-phun-cam-tay-pt-2000se-tmdg-d24\/\",\"name\":\"M\\u00c1Y IN PHUN C\\u1ea6M TAY PT-2000SE (TM\\u0110G-D24) - M\\u00c1Y \\u0110\\u00d3NG G\\u00d3I T\\u00c2N MINH\",\"isPartOf\":{\"@id\":\"https:\/\/cokhitanminh.com\/may-dong-goi\/#website\"},\"primaryImageOfPage\":{\"@id\":\"https:\/\/cokhitanminh.com\/may-dong-goi\/may-in-phun-cam-tay-pt-2000se-tmdg-d24\/#primaryimage\"},\"datePublished\":\"2021-12-04T03:28:39+00:00\",\"dateModified\":\"2022-01-03T10:27:51+00:00\",\"description\":\"M\\u00e1y in phun c\\u1ea7m tay PT-2000SE (TM\\u0110G-D24) uy t\\u00edn ch\\u1ea5t l\\u01b0\\u1ee3ng Li\\u00ean h\\u1ec7 Hotline 1: 1900 2861 | Hotline 2: 09 67 68 69 11 \\u0110\\u1ec3 \\u0111\\u01b0\\u1ee3c t\\u01b0 v\\u1ea5n mi\\u1ec5n ph\\u00ed!\",\"breadcrumb\":{\"@id\":\"https:\/\/cokhitanminh.com\/may-dong-goi\/may-in-phun-cam-tay-pt-2000se-tmdg-d24\/#breadcrumb\"},\"inLanguage\":\"vi\",\"potentialAction\":[{\"@type\":\"ReadAction\",\"target\":[\"https:\/\/cokhitanminh.com\/may-dong-goi\/may-in-phun-cam-tay-pt-2000se-tmdg-d24\/\"]}]},{\"@type\":\"BreadcrumbList\",\"@id\":\"https:\/\/cokhitanminh.com\/may-dong-goi\/may-in-phun-cam-tay-pt-2000se-tmdg-d24\/#breadcrumb\",\"itemListElement\":[{\"@type\":\"ListItem\",\"position\":1,\"name\":\"Trang ch\\u1ee7\",\"item\":\"https:\/\/cokhitanminh.com\/may-dong-goi\/\"},{\"@type\":\"ListItem\",\"position\":2,\"name\":\"C\\u1eeda h\\u00e0ng\",\"item\":\"https:\/\/cokhitanminh.com\/may-dong-goi\/mua\/\"},{\"@type\":\"ListItem\",\"position\":3,\"name\":\"M\\u00c1Y IN PHUN C\\u1ea6M TAY PT-2000SE (TM\\u0110G-D24)\"}]}]}<\/script>\n<!-- \/ Yoast SEO plugin. -->","yoast_head_json":{"title":"M\u00c1Y IN PHUN C\u1ea6M TAY PT-2000SE (TM\u0110G-D24) - M\u00c1Y \u0110\u00d3NG G\u00d3I T\u00c2N MINH","description":"M\u00e1y in phun c\u1ea7m tay PT-2000SE (TM\u0110G-D24) uy t\u00edn ch\u1ea5t l\u01b0\u1ee3ng Li\u00ean h\u1ec7 Hotline 1: 1900 2861 | Hotline 2: 09 67 68 69 11 \u0110\u1ec3 \u0111\u01b0\u1ee3c t\u01b0 v\u1ea5n mi\u1ec5n ph\u00ed!","robots":{"index":"index","follow":"follow","max-snippet":"max-snippet:-1","max-image-preview":"max-image-preview:large","max-video-preview":"max-video-preview:-1"},"canonical":"https:\/\/cokhitanminh.com\/may-dong-goi\/may-in-phun-cam-tay-pt-2000se-tmdg-d24\/","og_locale":"vi_VN","og_type":"article","og_title":"M\u00c1Y IN PHUN C\u1ea6M TAY PT-2000SE (TM\u0110G-D24) - M\u00c1Y \u0110\u00d3NG G\u00d3I T\u00c2N MINH","og_description":"M\u00e1y in phun c\u1ea7m tay PT-2000SE (TM\u0110G-D24) uy t\u00edn ch\u1ea5t l\u01b0\u1ee3ng Li\u00ean h\u1ec7 Hotline 1: 1900 2861 | Hotline 2: 09 67 68 69 11 \u0110\u1ec3 \u0111\u01b0\u1ee3c t\u01b0 v\u1ea5n mi\u1ec5n ph\u00ed!","og_url":"https:\/\/cokhitanminh.com\/may-dong-goi\/may-in-phun-cam-tay-pt-2000se-tmdg-d24\/","og_site_name":"M\u00c1Y \u0110\u00d3NG G\u00d3I T\u00c2N MINH","article_modified_time":"2022-01-03T10:27:51+00:00","og_image":[{"width":480,"height":480,"url":"https:\/\/cokhitanminh.com\/may-dong-goi\/wp-content\/uploads\/2021\/12\/may-in-phun-cam-tay-pt-2000se-tmdg-d24-ckmdg-1.jpg","type":"image\/jpeg"}],"twitter_card":"summary_large_image","twitter_misc":{"\u01af\u1edbc t\u00ednh th\u1eddi gian \u0111\u1ecdc":"3 ph\u00fat"},"schema":{"@context":"https:\/\/schema.org","@graph":[{"@type":"WebSite","@id":"https:\/\/cokhitanminh.com\/may-dong-goi\/#website","url":"https:\/\/cokhitanminh.com\/may-dong-goi\/","name":"M\u00c1Y \u0110\u00d3NG G\u00d3I T\u00c2N MINH","description":"Chuy\u00ean gia m\u00e1y \u0111\u00f3ng g\u00f3i","potentialAction":[{"@type":"SearchAction","target":{"@type":"EntryPoint","urlTemplate":"https:\/\/cokhitanminh.com\/may-dong-goi\/?s={search_term_string}"},"query-input":"required name=search_term_string"}],"inLanguage":"vi"},{"@type":"ImageObject","@id":"https:\/\/cokhitanminh.com\/may-dong-goi\/may-in-phun-cam-tay-pt-2000se-tmdg-d24\/#primaryimage","inLanguage":"vi","url":"https:\/\/cokhitanminh.com\/may-dong-goi\/wp-content\/uploads\/2021\/12\/may-in-phun-cam-tay-pt-2000se-tmdg-d24-ckmdg-1.jpg","contentUrl":"https:\/\/cokhitanminh.com\/may-dong-goi\/wp-content\/uploads\/2021\/12\/may-in-phun-cam-tay-pt-2000se-tmdg-d24-ckmdg-1.jpg","width":480,"height":480},{"@type":"WebPage","@id":"https:\/\/cokhitanminh.com\/may-dong-goi\/may-in-phun-cam-tay-pt-2000se-tmdg-d24\/#webpage","url":"https:\/\/cokhitanminh.com\/may-dong-goi\/may-in-phun-cam-tay-pt-2000se-tmdg-d24\/","name":"M\u00c1Y IN PHUN C\u1ea6M TAY PT-2000SE (TM\u0110G-D24) - M\u00c1Y \u0110\u00d3NG G\u00d3I T\u00c2N MINH","isPartOf":{"@id":"https:\/\/cokhitanminh.com\/may-dong-goi\/#website"},"primaryImageOfPage":{"@id":"https:\/\/cokhitanminh.com\/may-dong-goi\/may-in-phun-cam-tay-pt-2000se-tmdg-d24\/#primaryimage"},"datePublished":"2021-12-04T03:28:39+00:00","dateModified":"2022-01-03T10:27:51+00:00","description":"M\u00e1y in phun c\u1ea7m tay PT-2000SE (TM\u0110G-D24) uy t\u00edn ch\u1ea5t l\u01b0\u1ee3ng Li\u00ean h\u1ec7 Hotline 1: 1900 2861 | Hotline 2: 09 67 68 69 11 \u0110\u1ec3 \u0111\u01b0\u1ee3c t\u01b0 v\u1ea5n mi\u1ec5n ph\u00ed!","breadcrumb":{"@id":"https:\/\/cokhitanminh.com\/may-dong-goi\/may-in-phun-cam-tay-pt-2000se-tmdg-d24\/#breadcrumb"},"inLanguage":"vi","potentialAction":[{"@type":"ReadAction","target":["https:\/\/cokhitanminh.com\/may-dong-goi\/may-in-phun-cam-tay-pt-2000se-tmdg-d24\/"]}]},{"@type":"BreadcrumbList","@id":"https:\/\/cokhitanminh.com\/may-dong-goi\/may-in-phun-cam-tay-pt-2000se-tmdg-d24\/#breadcrumb","itemListElement":[{"@type":"ListItem","position":1,"name":"Trang ch\u1ee7","item":"https:\/\/cokhitanminh.com\/may-dong-goi\/"},{"@type":"ListItem","position":2,"name":"C\u1eeda h\u00e0ng","item":"https:\/\/cokhitanminh.com\/may-dong-goi\/mua\/"},{"@type":"ListItem","position":3,"name":"M\u00c1Y IN PHUN C\u1ea6M TAY PT-2000SE (TM\u0110G-D24)"}]}]}},"_links":{"self":[{"href":"https:\/\/cokhitanminh.com\/may-dong-goi\/wp-json\/wp\/v2\/product\/2389","targetHints":{"allow":["GET"]}}],"collection":[{"href":"https:\/\/cokhitanminh.com\/may-dong-goi\/wp-json\/wp\/v2\/product"}],"about":[{"href":"https:\/\/cokhitanminh.com\/may-dong-goi\/wp-json\/wp\/v2\/types\/product"}],"replies":[{"embeddable":true,"href":"https:\/\/cokhitanminh.com\/may-dong-goi\/wp-json\/wp\/v2\/comments?post=2389"}],"wp:featuredmedia":[{"embeddable":true,"href":"https:\/\/cokhitanminh.com\/may-dong-goi\/wp-json\/wp\/v2\/media\/7250"}],"wp:attachment":[{"href":"https:\/\/cokhitanminh.com\/may-dong-goi\/wp-json\/wp\/v2\/media?parent=2389"}],"curies":[{"name":"wp","href":"https:\/\/api.w.org\/{rel}","templated":true}]}}