{"id":2361,"date":"2021-12-04T03:28:12","date_gmt":"2021-12-04T03:28:12","guid":{"rendered":"https:\/\/cokhitanminh.com\/may-dong-goi\/?post_type=product&#038;p=2361"},"modified":"2022-01-03T02:49:48","modified_gmt":"2022-01-03T02:49:48","slug":"may-in-date-cam-tay-tu-dong-tan-minh-tmdg-d11","status":"publish","type":"product","link":"https:\/\/cokhitanminh.com\/may-dong-goi\/may-in-date-cam-tay-tu-dong-tan-minh-tmdg-d11\/","title":{"rendered":"M\u00e1y in date c\u1ea7m tay t\u1ef1 \u0111\u1ed9ng T\u00e2n Minh (TM\u0110G-D11)"},"content":{"rendered":"<h3 style=\"text-align: justify;\"><a href=\"https:\/\/cokhitanminh.com\/may-dong-goi\/may-in-date-cam-tay-tu-dong-tan-minh-tmdg-d11\/\"><em><strong>M\u00e1y in date c\u1ea7m tay t\u1ef1 \u0111\u1ed9ng T\u00e2n Minh<\/strong><\/em><\/a> (TM\u0110G-D11)<\/h3>\n<p style=\"text-align: justify;\"><em><strong>M\u00e1y in date c\u1ea7m tay t\u1ef1 \u0111\u1ed9ng T\u00e2n Minh<\/strong><\/em> (TM\u0110G-D11) \u0111\u01b0\u1ee3c nghi\u00ean c\u1ee9u s\u1ea3n xu\u1ea5t v\u00e0 ph\u00e2n ph\u1ed1i tr\u00ean to\u00e0n qu\u1ed1c. T\u1ea5t c\u1ea3 c\u00e1c s\u1ea3n ph\u1ea9m c\u1ee7a ch\u00fang t\u00f4i \u0111\u1ec1u \u0111\u01b0\u1ee3c ki\u1ec3m tra k\u1ef9 l\u01b0\u1ee1ng v\u00e0 v\u1eadn h\u00e0nh th\u1ef1c t\u1ebf \u0111\u1ec3 lu\u00f4n \u0111\u1ea3m b\u1ea3o ch\u1ea5t l\u01b0\u1ee3ng t\u1ed1t nh\u1ea5t tr\u01b0\u1edbc khi b\u00e0n giao thi\u1ebft b\u1ecb cho kh\u00e1ch h\u00e0ng.<\/p>\n<p style=\"text-align: center;\"><a href=\"https:\/\/cokhitanminh.com\/may-dong-goi\/wp-content\/uploads\/2021\/12\/may-in-date-cam-tay-tu-dong-tan-minh-tmdg-d11-ckmmdg-2.jpg\"><img loading=\"lazy\" decoding=\"async\" class=\"aligncenter wp-image-7034 size-full\" src=\"https:\/\/cokhitanminh.com\/may-dong-goi\/wp-content\/uploads\/2021\/12\/may-in-date-cam-tay-tu-dong-tan-minh-tmdg-d11-ckmmdg-2.jpg\" alt=\"\" width=\"650\" height=\"325\" srcset=\"https:\/\/cokhitanminh.com\/may-dong-goi\/wp-content\/uploads\/2021\/12\/may-in-date-cam-tay-tu-dong-tan-minh-tmdg-d11-ckmmdg-2.jpg 650w, https:\/\/cokhitanminh.com\/may-dong-goi\/wp-content\/uploads\/2021\/12\/may-in-date-cam-tay-tu-dong-tan-minh-tmdg-d11-ckmmdg-2-300x150.jpg 300w, https:\/\/cokhitanminh.com\/may-dong-goi\/wp-content\/uploads\/2021\/12\/may-in-date-cam-tay-tu-dong-tan-minh-tmdg-d11-ckmmdg-2-600x300.jpg 600w\" sizes=\"auto, (max-width: 650px) 100vw, 650px\" \/><\/a><\/p>\n<p><strong>S\u1ea2N PH\u1ea8M \u00c1P D\u1ee4NG<\/strong><\/p>\n<p style=\"text-align: center;\"><a href=\"https:\/\/cokhitanminh.com\/may-dong-goi\/wp-content\/uploads\/2021\/12\/may-in-date-cam-tay-tu-dong-tan-minh-tmdg-d11-ckmmdg-3.jpg\"><img loading=\"lazy\" decoding=\"async\" class=\"aligncenter wp-image-7035 size-full\" src=\"https:\/\/cokhitanminh.com\/may-dong-goi\/wp-content\/uploads\/2021\/12\/may-in-date-cam-tay-tu-dong-tan-minh-tmdg-d11-ckmmdg-3.jpg\" alt=\"\" width=\"650\" height=\"325\" srcset=\"https:\/\/cokhitanminh.com\/may-dong-goi\/wp-content\/uploads\/2021\/12\/may-in-date-cam-tay-tu-dong-tan-minh-tmdg-d11-ckmmdg-3.jpg 650w, https:\/\/cokhitanminh.com\/may-dong-goi\/wp-content\/uploads\/2021\/12\/may-in-date-cam-tay-tu-dong-tan-minh-tmdg-d11-ckmmdg-3-300x150.jpg 300w, https:\/\/cokhitanminh.com\/may-dong-goi\/wp-content\/uploads\/2021\/12\/may-in-date-cam-tay-tu-dong-tan-minh-tmdg-d11-ckmmdg-3-600x300.jpg 600w\" sizes=\"auto, (max-width: 650px) 100vw, 650px\" \/><\/a><\/p>\n<p><strong>C\u1ea4U T\u1ea0O S\u1ea2N PH\u1ea8M<\/strong><\/p>\n<p style=\"text-align: center;\"><a href=\"https:\/\/cokhitanminh.com\/may-dong-goi\/wp-content\/uploads\/2021\/12\/may-in-date-cam-tay-tu-dong-tan-minh-tmdg-d11-ckmmdg-4.jpg\"><img loading=\"lazy\" decoding=\"async\" class=\"aligncenter wp-image-7036 size-full\" src=\"https:\/\/cokhitanminh.com\/may-dong-goi\/wp-content\/uploads\/2021\/12\/may-in-date-cam-tay-tu-dong-tan-minh-tmdg-d11-ckmmdg-4.jpg\" alt=\"\" width=\"650\" height=\"325\" srcset=\"https:\/\/cokhitanminh.com\/may-dong-goi\/wp-content\/uploads\/2021\/12\/may-in-date-cam-tay-tu-dong-tan-minh-tmdg-d11-ckmmdg-4.jpg 650w, https:\/\/cokhitanminh.com\/may-dong-goi\/wp-content\/uploads\/2021\/12\/may-in-date-cam-tay-tu-dong-tan-minh-tmdg-d11-ckmmdg-4-300x150.jpg 300w, https:\/\/cokhitanminh.com\/may-dong-goi\/wp-content\/uploads\/2021\/12\/may-in-date-cam-tay-tu-dong-tan-minh-tmdg-d11-ckmmdg-4-600x300.jpg 600w\" sizes=\"auto, (max-width: 650px) 100vw, 650px\" \/><\/a><\/p>\n<p style=\"text-align: justify;\"><b>H\u00ccNH \u1ea2NH S\u1ea2N PH\u1ea8M<\/b><\/p>\n<p style=\"text-align: center;\"><a href=\"https:\/\/cokhitanminh.com\/may-dong-goi\/wp-content\/uploads\/2021\/12\/may-in-date-cam-tay-tu-dong-tan-minh-tmdg-d11-ckmmdg-5.jpg\"><img loading=\"lazy\" decoding=\"async\" class=\"aligncenter wp-image-7037 size-full\" src=\"https:\/\/cokhitanminh.com\/may-dong-goi\/wp-content\/uploads\/2021\/12\/may-in-date-cam-tay-tu-dong-tan-minh-tmdg-d11-ckmmdg-5.jpg\" alt=\"\" width=\"550\" height=\"477\" srcset=\"https:\/\/cokhitanminh.com\/may-dong-goi\/wp-content\/uploads\/2021\/12\/may-in-date-cam-tay-tu-dong-tan-minh-tmdg-d11-ckmmdg-5.jpg 550w, https:\/\/cokhitanminh.com\/may-dong-goi\/wp-content\/uploads\/2021\/12\/may-in-date-cam-tay-tu-dong-tan-minh-tmdg-d11-ckmmdg-5-300x260.jpg 300w\" sizes=\"auto, (max-width: 550px) 100vw, 550px\" \/><\/a><\/p>\n<p style=\"text-align: center;\"><a href=\"https:\/\/cokhitanminh.com\/may-dong-goi\/wp-content\/uploads\/2021\/12\/may-in-date-cam-tay-tu-dong-tan-minh-tmdg-d11-ckmmdg-6.jpg\"><img loading=\"lazy\" decoding=\"async\" class=\"aligncenter wp-image-7038 size-full\" src=\"https:\/\/cokhitanminh.com\/may-dong-goi\/wp-content\/uploads\/2021\/12\/may-in-date-cam-tay-tu-dong-tan-minh-tmdg-d11-ckmmdg-6.jpg\" alt=\"\" width=\"550\" height=\"325\" srcset=\"https:\/\/cokhitanminh.com\/may-dong-goi\/wp-content\/uploads\/2021\/12\/may-in-date-cam-tay-tu-dong-tan-minh-tmdg-d11-ckmmdg-6.jpg 550w, https:\/\/cokhitanminh.com\/may-dong-goi\/wp-content\/uploads\/2021\/12\/may-in-date-cam-tay-tu-dong-tan-minh-tmdg-d11-ckmmdg-6-300x177.jpg 300w\" sizes=\"auto, (max-width: 550px) 100vw, 550px\" \/><\/a><\/p>\n<p style=\"text-align: center;\"><a href=\"https:\/\/cokhitanminh.com\/may-dong-goi\/wp-content\/uploads\/2021\/12\/may-in-date-cam-tay-tu-dong-tan-minh-tmdg-d11-ckmmdg-7.jpg\"><img loading=\"lazy\" decoding=\"async\" class=\"aligncenter wp-image-7039 size-full\" src=\"https:\/\/cokhitanminh.com\/may-dong-goi\/wp-content\/uploads\/2021\/12\/may-in-date-cam-tay-tu-dong-tan-minh-tmdg-d11-ckmmdg-7.jpg\" alt=\"\" width=\"550\" height=\"395\" srcset=\"https:\/\/cokhitanminh.com\/may-dong-goi\/wp-content\/uploads\/2021\/12\/may-in-date-cam-tay-tu-dong-tan-minh-tmdg-d11-ckmmdg-7.jpg 550w, https:\/\/cokhitanminh.com\/may-dong-goi\/wp-content\/uploads\/2021\/12\/may-in-date-cam-tay-tu-dong-tan-minh-tmdg-d11-ckmmdg-7-300x215.jpg 300w\" sizes=\"auto, (max-width: 550px) 100vw, 550px\" \/><\/a><\/p>\n<p style=\"text-align: center;\"><a href=\"https:\/\/cokhitanminh.com\/may-dong-goi\/wp-content\/uploads\/2021\/12\/may-in-date-cam-tay-tu-dong-tan-minh-tmdg-d11-ckmmdg-8.jpg\"><img loading=\"lazy\" decoding=\"async\" class=\"aligncenter wp-image-7040 size-full\" src=\"https:\/\/cokhitanminh.com\/may-dong-goi\/wp-content\/uploads\/2021\/12\/may-in-date-cam-tay-tu-dong-tan-minh-tmdg-d11-ckmmdg-8.jpg\" alt=\"\" width=\"550\" height=\"443\" srcset=\"https:\/\/cokhitanminh.com\/may-dong-goi\/wp-content\/uploads\/2021\/12\/may-in-date-cam-tay-tu-dong-tan-minh-tmdg-d11-ckmmdg-8.jpg 550w, https:\/\/cokhitanminh.com\/may-dong-goi\/wp-content\/uploads\/2021\/12\/may-in-date-cam-tay-tu-dong-tan-minh-tmdg-d11-ckmmdg-8-300x242.jpg 300w\" sizes=\"auto, (max-width: 550px) 100vw, 550px\" \/><\/a><\/p>\n<p style=\"text-align: center;\"><a href=\"https:\/\/cokhitanminh.com\/may-dong-goi\/wp-content\/uploads\/2021\/12\/may-in-date-cam-tay-tu-dong-tan-minh-tmdg-d11-ckmmdg-9.jpg\"><img loading=\"lazy\" decoding=\"async\" class=\"aligncenter wp-image-7041 size-full\" src=\"https:\/\/cokhitanminh.com\/may-dong-goi\/wp-content\/uploads\/2021\/12\/may-in-date-cam-tay-tu-dong-tan-minh-tmdg-d11-ckmmdg-9.jpg\" alt=\"\" width=\"550\" height=\"506\" srcset=\"https:\/\/cokhitanminh.com\/may-dong-goi\/wp-content\/uploads\/2021\/12\/may-in-date-cam-tay-tu-dong-tan-minh-tmdg-d11-ckmmdg-9.jpg 550w, https:\/\/cokhitanminh.com\/may-dong-goi\/wp-content\/uploads\/2021\/12\/may-in-date-cam-tay-tu-dong-tan-minh-tmdg-d11-ckmmdg-9-300x276.jpg 300w\" sizes=\"auto, (max-width: 550px) 100vw, 550px\" \/><\/a><\/p>\n<p style=\"text-align: center;\"><a href=\"https:\/\/cokhitanminh.com\/may-dong-goi\/wp-content\/uploads\/2021\/12\/may-in-date-cam-tay-tu-dong-tan-minh-tmdg-d11-ckmmdg-10.jpg\"><img loading=\"lazy\" decoding=\"async\" class=\"aligncenter wp-image-7042 size-full\" src=\"https:\/\/cokhitanminh.com\/may-dong-goi\/wp-content\/uploads\/2021\/12\/may-in-date-cam-tay-tu-dong-tan-minh-tmdg-d11-ckmmdg-10.jpg\" alt=\"\" width=\"550\" height=\"692\" srcset=\"https:\/\/cokhitanminh.com\/may-dong-goi\/wp-content\/uploads\/2021\/12\/may-in-date-cam-tay-tu-dong-tan-minh-tmdg-d11-ckmmdg-10.jpg 550w, https:\/\/cokhitanminh.com\/may-dong-goi\/wp-content\/uploads\/2021\/12\/may-in-date-cam-tay-tu-dong-tan-minh-tmdg-d11-ckmmdg-10-238x300.jpg 238w\" sizes=\"auto, (max-width: 550px) 100vw, 550px\" \/><\/a><\/p>\n<h4><strong>Th\u00f4ng s\u1ed1 k\u1ef9 thu\u1eadt:<\/strong><\/h4>\n<p>\u2013 Model: TM\u0110G-D11<\/p>\n<p>\u2013 Dung l\u01b0\u1ee3ng pin: Li-ion, 14.8VDC, 2600 mAh<\/p>\n<p>\u2013 C\u00f4ng su\u1ea5t: 5W<\/p>\n<p>\u2013 Ch\u1ee9c n\u0103ng: In s\u1ed1, ch\u1eef, logo, m\u00e3v\u1ea1ch, m\u00e3 QR Code<\/p>\n<p>\u2013 T\u1ed1c \u0111\u1ed9 in: 70m\/ ph\u00fat (T\u1ed1c \u0111\u1ed9 t\u1ed1i \u0111a tr\u00ean b\u0103ng t\u1ea3i)<\/p>\n<p>\u2013 Chi\u1ec1u cao k\u00fd t\u1ef1 in: 2 \u2013 12.7 mm<\/p>\n<p>\u2013 S\u1ed1 d\u00f2ng in: 1 \u2013 4 d\u00f2ng<\/p>\n<p>\u2013 Kho\u1ea3ng c\u00e1ch in: 2 \u2013 5 mm<\/p>\n<p>\u2013 Ch\u1ea5t li\u1ec7u in: Th\u00f9ng gi\u1ea5y, g\u1ed7, chai nh\u1ef1a, \u1ed1ng kim lo\u1ea1i \u2026<\/p>\n<p>\u2013 Ch\u1ea5t li\u1ec7u m\u00e1y: V\u1ecf m\u00e1y b\u1eb1ng h\u1ee3p kim ABS, tay c\u1ea7m b\u1eb1ng nh\u1ef1a c\u1ee9ng<\/p>\n<p>\u2013 Dung t\u00edch h\u1ed9p m\u1ef1c: 42 ml<\/p>\n<p>\u2013 K\u00edch th\u01b0\u1edbc: 240 x 120 x 100 mm<\/p>\n<p>\u2013 Tr\u1ecdng l\u01b0\u1ee3ng: 1.18 Kg<\/p>\n<p>\u2013 B\u1ea3o h\u00e0nh: 12 th\u00e1ng<\/p>\n<p>&nbsp;<\/p>\n<p><strong>VIDEO S\u1ea2N PH\u1ea8M<\/strong><\/p>\n<p><center><iframe loading=\"lazy\" src=\"https:\/\/www.youtube.com\/embed\/eJDt4_C34Ig\" width=\"560\" height=\"315\" frameborder=\"0\" allowfullscreen=\"allowfullscreen\"><\/iframe><\/center><\/p>\n<p style=\"text-align: left;\">Chi ti\u1ebft s\u1ea3n ph\u1ea9m <em><strong>M\u00e1y in date c\u1ea7m tay t\u1ef1 \u0111\u1ed9ng T\u00e2n Minh<\/strong> <\/em>(TM\u0110G-D11) xin vui l\u00f2ng li\u00ean h\u1ec7 Hotline: 19002861 \u0110\u1ec3 \u0111\u01b0\u1ee3c t\u01b0 v\u1ea5n ho\u00e0n to\u00e0n mi\u1ec5n ph\u00ed!<\/p>\n<p>&nbsp;<\/p>\n","protected":false},"excerpt":{"rendered":"<p>M\u00e1y in date c\u1ea7m tay t\u1ef1 \u0111\u1ed9ng T\u00e2n Minh (TM\u0110G-D11) M\u00e1y in date c\u1ea7m tay t\u1ef1 \u0111\u1ed9ng T\u00e2n Minh (TM\u0110G-D11) \u0111\u01b0\u1ee3c nghi\u00ean c\u1ee9u s\u1ea3n xu\u1ea5t v\u00e0 ph\u00e2n ph\u1ed1i tr\u00ean to\u00e0n qu\u1ed1c. T\u1ea5t c\u1ea3 c\u00e1c s\u1ea3n ph\u1ea9m c\u1ee7a ch\u00fang t\u00f4i \u0111\u1ec1u \u0111\u01b0\u1ee3c ki\u1ec3m tra k\u1ef9 l\u01b0\u1ee1ng v\u00e0 v\u1eadn h\u00e0nh th\u1ef1c t\u1ebf \u0111\u1ec3 lu\u00f4n \u0111\u1ea3m b\u1ea3o ch\u1ea5t &#8230;<\/p>\n","protected":false},"featured_media":7043,"comment_status":"open","ping_status":"closed","template":"","meta":[],"class_list":{"0":"post-2361","1":"product","2":"type-product","3":"status-publish","4":"has-post-thumbnail","6":"product_cat-may-in-han-su-dung-in-ma-vach","8":"first","9":"instock","10":"shipping-taxable","11":"purchasable","12":"product-type-simple"},"brands":[],"yoast_head":"<!-- This site is optimized with the Yoast SEO plugin v17.6 - https:\/\/yoast.com\/wordpress\/plugins\/seo\/ -->\n<title>M\u00e1y in date c\u1ea7m tay t\u1ef1 \u0111\u1ed9ng T\u00e2n Minh (TM\u0110G-D11) - M\u00c1Y \u0110\u00d3NG G\u00d3I T\u00c2N MINH<\/title>\n<meta name=\"description\" content=\"M\u00e1y in date c\u1ea7m tay t\u1ef1 \u0111\u1ed9ng T\u00e2n Minh (TM\u0110G-D11) uy t\u00edn ch\u1ea5t l\u01b0\u1ee3ng Li\u00ean h\u1ec7 Hotline 1: 1900 2861 | Hotline 2: 09 67 68 69 11 \u0110\u1ec3 \u0111\u01b0\u1ee3c t\u01b0 v\u1ea5n mi\u1ec5n ph\u00ed!\" \/>\n<meta name=\"robots\" content=\"index, follow, max-snippet:-1, max-image-preview:large, max-video-preview:-1\" \/>\n<link rel=\"canonical\" href=\"https:\/\/cokhitanminh.com\/may-dong-goi\/may-in-date-cam-tay-tu-dong-tan-minh-tmdg-d11\/\" \/>\n<meta property=\"og:locale\" content=\"vi_VN\" \/>\n<meta property=\"og:type\" content=\"article\" \/>\n<meta property=\"og:title\" content=\"M\u00e1y in date c\u1ea7m tay t\u1ef1 \u0111\u1ed9ng T\u00e2n Minh (TM\u0110G-D11) - M\u00c1Y \u0110\u00d3NG G\u00d3I T\u00c2N MINH\" \/>\n<meta property=\"og:description\" content=\"M\u00e1y in date c\u1ea7m tay t\u1ef1 \u0111\u1ed9ng T\u00e2n Minh (TM\u0110G-D11) uy t\u00edn ch\u1ea5t l\u01b0\u1ee3ng Li\u00ean h\u1ec7 Hotline 1: 1900 2861 | Hotline 2: 09 67 68 69 11 \u0110\u1ec3 \u0111\u01b0\u1ee3c t\u01b0 v\u1ea5n mi\u1ec5n ph\u00ed!\" \/>\n<meta property=\"og:url\" content=\"https:\/\/cokhitanminh.com\/may-dong-goi\/may-in-date-cam-tay-tu-dong-tan-minh-tmdg-d11\/\" \/>\n<meta property=\"og:site_name\" content=\"M\u00c1Y \u0110\u00d3NG G\u00d3I T\u00c2N MINH\" \/>\n<meta property=\"article:modified_time\" content=\"2022-01-03T02:49:48+00:00\" \/>\n<meta property=\"og:image\" content=\"https:\/\/cokhitanminh.com\/may-dong-goi\/wp-content\/uploads\/2021\/12\/may-in-date-cam-tay-tu-dong-tan-minh-tmdg-d11-ckmmdg-1.jpg\" \/>\n\t<meta property=\"og:image:width\" content=\"550\" \/>\n\t<meta property=\"og:image:height\" content=\"549\" \/>\n<meta name=\"twitter:card\" content=\"summary_large_image\" \/>\n<meta name=\"twitter:label1\" content=\"\u01af\u1edbc t\u00ednh th\u1eddi gian \u0111\u1ecdc\" \/>\n\t<meta name=\"twitter:data1\" content=\"3 ph\u00fat\" \/>\n<script type=\"application\/ld+json\" class=\"yoast-schema-graph\">{\"@context\":\"https:\/\/schema.org\",\"@graph\":[{\"@type\":\"WebSite\",\"@id\":\"https:\/\/cokhitanminh.com\/may-dong-goi\/#website\",\"url\":\"https:\/\/cokhitanminh.com\/may-dong-goi\/\",\"name\":\"M\\u00c1Y \\u0110\\u00d3NG G\\u00d3I T\\u00c2N MINH\",\"description\":\"Chuy\\u00ean gia m\\u00e1y \\u0111\\u00f3ng g\\u00f3i\",\"potentialAction\":[{\"@type\":\"SearchAction\",\"target\":{\"@type\":\"EntryPoint\",\"urlTemplate\":\"https:\/\/cokhitanminh.com\/may-dong-goi\/?s={search_term_string}\"},\"query-input\":\"required name=search_term_string\"}],\"inLanguage\":\"vi\"},{\"@type\":\"ImageObject\",\"@id\":\"https:\/\/cokhitanminh.com\/may-dong-goi\/may-in-date-cam-tay-tu-dong-tan-minh-tmdg-d11\/#primaryimage\",\"inLanguage\":\"vi\",\"url\":\"https:\/\/cokhitanminh.com\/may-dong-goi\/wp-content\/uploads\/2021\/12\/may-in-date-cam-tay-tu-dong-tan-minh-tmdg-d11-ckmmdg-1.jpg\",\"contentUrl\":\"https:\/\/cokhitanminh.com\/may-dong-goi\/wp-content\/uploads\/2021\/12\/may-in-date-cam-tay-tu-dong-tan-minh-tmdg-d11-ckmmdg-1.jpg\",\"width\":550,\"height\":549},{\"@type\":\"WebPage\",\"@id\":\"https:\/\/cokhitanminh.com\/may-dong-goi\/may-in-date-cam-tay-tu-dong-tan-minh-tmdg-d11\/#webpage\",\"url\":\"https:\/\/cokhitanminh.com\/may-dong-goi\/may-in-date-cam-tay-tu-dong-tan-minh-tmdg-d11\/\",\"name\":\"M\\u00e1y in date c\\u1ea7m tay t\\u1ef1 \\u0111\\u1ed9ng T\\u00e2n Minh (TM\\u0110G-D11) - M\\u00c1Y \\u0110\\u00d3NG G\\u00d3I T\\u00c2N MINH\",\"isPartOf\":{\"@id\":\"https:\/\/cokhitanminh.com\/may-dong-goi\/#website\"},\"primaryImageOfPage\":{\"@id\":\"https:\/\/cokhitanminh.com\/may-dong-goi\/may-in-date-cam-tay-tu-dong-tan-minh-tmdg-d11\/#primaryimage\"},\"datePublished\":\"2021-12-04T03:28:12+00:00\",\"dateModified\":\"2022-01-03T02:49:48+00:00\",\"description\":\"M\\u00e1y in date c\\u1ea7m tay t\\u1ef1 \\u0111\\u1ed9ng T\\u00e2n Minh (TM\\u0110G-D11) uy t\\u00edn ch\\u1ea5t l\\u01b0\\u1ee3ng Li\\u00ean h\\u1ec7 Hotline 1: 1900 2861 | Hotline 2: 09 67 68 69 11 \\u0110\\u1ec3 \\u0111\\u01b0\\u1ee3c t\\u01b0 v\\u1ea5n mi\\u1ec5n ph\\u00ed!\",\"breadcrumb\":{\"@id\":\"https:\/\/cokhitanminh.com\/may-dong-goi\/may-in-date-cam-tay-tu-dong-tan-minh-tmdg-d11\/#breadcrumb\"},\"inLanguage\":\"vi\",\"potentialAction\":[{\"@type\":\"ReadAction\",\"target\":[\"https:\/\/cokhitanminh.com\/may-dong-goi\/may-in-date-cam-tay-tu-dong-tan-minh-tmdg-d11\/\"]}]},{\"@type\":\"BreadcrumbList\",\"@id\":\"https:\/\/cokhitanminh.com\/may-dong-goi\/may-in-date-cam-tay-tu-dong-tan-minh-tmdg-d11\/#breadcrumb\",\"itemListElement\":[{\"@type\":\"ListItem\",\"position\":1,\"name\":\"Trang ch\\u1ee7\",\"item\":\"https:\/\/cokhitanminh.com\/may-dong-goi\/\"},{\"@type\":\"ListItem\",\"position\":2,\"name\":\"C\\u1eeda h\\u00e0ng\",\"item\":\"https:\/\/cokhitanminh.com\/may-dong-goi\/mua\/\"},{\"@type\":\"ListItem\",\"position\":3,\"name\":\"M\\u00e1y in date c\\u1ea7m tay t\\u1ef1 \\u0111\\u1ed9ng T\\u00e2n Minh (TM\\u0110G-D11)\"}]}]}<\/script>\n<!-- \/ Yoast SEO plugin. -->","yoast_head_json":{"title":"M\u00e1y in date c\u1ea7m tay t\u1ef1 \u0111\u1ed9ng T\u00e2n Minh (TM\u0110G-D11) - M\u00c1Y \u0110\u00d3NG G\u00d3I T\u00c2N MINH","description":"M\u00e1y in date c\u1ea7m tay t\u1ef1 \u0111\u1ed9ng T\u00e2n Minh (TM\u0110G-D11) uy t\u00edn ch\u1ea5t l\u01b0\u1ee3ng Li\u00ean h\u1ec7 Hotline 1: 1900 2861 | Hotline 2: 09 67 68 69 11 \u0110\u1ec3 \u0111\u01b0\u1ee3c t\u01b0 v\u1ea5n mi\u1ec5n ph\u00ed!","robots":{"index":"index","follow":"follow","max-snippet":"max-snippet:-1","max-image-preview":"max-image-preview:large","max-video-preview":"max-video-preview:-1"},"canonical":"https:\/\/cokhitanminh.com\/may-dong-goi\/may-in-date-cam-tay-tu-dong-tan-minh-tmdg-d11\/","og_locale":"vi_VN","og_type":"article","og_title":"M\u00e1y in date c\u1ea7m tay t\u1ef1 \u0111\u1ed9ng T\u00e2n Minh (TM\u0110G-D11) - M\u00c1Y \u0110\u00d3NG G\u00d3I T\u00c2N MINH","og_description":"M\u00e1y in date c\u1ea7m tay t\u1ef1 \u0111\u1ed9ng T\u00e2n Minh (TM\u0110G-D11) uy t\u00edn ch\u1ea5t l\u01b0\u1ee3ng Li\u00ean h\u1ec7 Hotline 1: 1900 2861 | Hotline 2: 09 67 68 69 11 \u0110\u1ec3 \u0111\u01b0\u1ee3c t\u01b0 v\u1ea5n mi\u1ec5n ph\u00ed!","og_url":"https:\/\/cokhitanminh.com\/may-dong-goi\/may-in-date-cam-tay-tu-dong-tan-minh-tmdg-d11\/","og_site_name":"M\u00c1Y \u0110\u00d3NG G\u00d3I T\u00c2N MINH","article_modified_time":"2022-01-03T02:49:48+00:00","og_image":[{"width":550,"height":549,"url":"https:\/\/cokhitanminh.com\/may-dong-goi\/wp-content\/uploads\/2021\/12\/may-in-date-cam-tay-tu-dong-tan-minh-tmdg-d11-ckmmdg-1.jpg","type":"image\/jpeg"}],"twitter_card":"summary_large_image","twitter_misc":{"\u01af\u1edbc t\u00ednh th\u1eddi gian \u0111\u1ecdc":"3 ph\u00fat"},"schema":{"@context":"https:\/\/schema.org","@graph":[{"@type":"WebSite","@id":"https:\/\/cokhitanminh.com\/may-dong-goi\/#website","url":"https:\/\/cokhitanminh.com\/may-dong-goi\/","name":"M\u00c1Y \u0110\u00d3NG G\u00d3I T\u00c2N MINH","description":"Chuy\u00ean gia m\u00e1y \u0111\u00f3ng g\u00f3i","potentialAction":[{"@type":"SearchAction","target":{"@type":"EntryPoint","urlTemplate":"https:\/\/cokhitanminh.com\/may-dong-goi\/?s={search_term_string}"},"query-input":"required name=search_term_string"}],"inLanguage":"vi"},{"@type":"ImageObject","@id":"https:\/\/cokhitanminh.com\/may-dong-goi\/may-in-date-cam-tay-tu-dong-tan-minh-tmdg-d11\/#primaryimage","inLanguage":"vi","url":"https:\/\/cokhitanminh.com\/may-dong-goi\/wp-content\/uploads\/2021\/12\/may-in-date-cam-tay-tu-dong-tan-minh-tmdg-d11-ckmmdg-1.jpg","contentUrl":"https:\/\/cokhitanminh.com\/may-dong-goi\/wp-content\/uploads\/2021\/12\/may-in-date-cam-tay-tu-dong-tan-minh-tmdg-d11-ckmmdg-1.jpg","width":550,"height":549},{"@type":"WebPage","@id":"https:\/\/cokhitanminh.com\/may-dong-goi\/may-in-date-cam-tay-tu-dong-tan-minh-tmdg-d11\/#webpage","url":"https:\/\/cokhitanminh.com\/may-dong-goi\/may-in-date-cam-tay-tu-dong-tan-minh-tmdg-d11\/","name":"M\u00e1y in date c\u1ea7m tay t\u1ef1 \u0111\u1ed9ng T\u00e2n Minh (TM\u0110G-D11) - M\u00c1Y \u0110\u00d3NG G\u00d3I T\u00c2N MINH","isPartOf":{"@id":"https:\/\/cokhitanminh.com\/may-dong-goi\/#website"},"primaryImageOfPage":{"@id":"https:\/\/cokhitanminh.com\/may-dong-goi\/may-in-date-cam-tay-tu-dong-tan-minh-tmdg-d11\/#primaryimage"},"datePublished":"2021-12-04T03:28:12+00:00","dateModified":"2022-01-03T02:49:48+00:00","description":"M\u00e1y in date c\u1ea7m tay t\u1ef1 \u0111\u1ed9ng T\u00e2n Minh (TM\u0110G-D11) uy t\u00edn ch\u1ea5t l\u01b0\u1ee3ng Li\u00ean h\u1ec7 Hotline 1: 1900 2861 | Hotline 2: 09 67 68 69 11 \u0110\u1ec3 \u0111\u01b0\u1ee3c t\u01b0 v\u1ea5n mi\u1ec5n ph\u00ed!","breadcrumb":{"@id":"https:\/\/cokhitanminh.com\/may-dong-goi\/may-in-date-cam-tay-tu-dong-tan-minh-tmdg-d11\/#breadcrumb"},"inLanguage":"vi","potentialAction":[{"@type":"ReadAction","target":["https:\/\/cokhitanminh.com\/may-dong-goi\/may-in-date-cam-tay-tu-dong-tan-minh-tmdg-d11\/"]}]},{"@type":"BreadcrumbList","@id":"https:\/\/cokhitanminh.com\/may-dong-goi\/may-in-date-cam-tay-tu-dong-tan-minh-tmdg-d11\/#breadcrumb","itemListElement":[{"@type":"ListItem","position":1,"name":"Trang ch\u1ee7","item":"https:\/\/cokhitanminh.com\/may-dong-goi\/"},{"@type":"ListItem","position":2,"name":"C\u1eeda h\u00e0ng","item":"https:\/\/cokhitanminh.com\/may-dong-goi\/mua\/"},{"@type":"ListItem","position":3,"name":"M\u00e1y in date c\u1ea7m tay t\u1ef1 \u0111\u1ed9ng T\u00e2n Minh (TM\u0110G-D11)"}]}]}},"_links":{"self":[{"href":"https:\/\/cokhitanminh.com\/may-dong-goi\/wp-json\/wp\/v2\/product\/2361","targetHints":{"allow":["GET"]}}],"collection":[{"href":"https:\/\/cokhitanminh.com\/may-dong-goi\/wp-json\/wp\/v2\/product"}],"about":[{"href":"https:\/\/cokhitanminh.com\/may-dong-goi\/wp-json\/wp\/v2\/types\/product"}],"replies":[{"embeddable":true,"href":"https:\/\/cokhitanminh.com\/may-dong-goi\/wp-json\/wp\/v2\/comments?post=2361"}],"wp:featuredmedia":[{"embeddable":true,"href":"https:\/\/cokhitanminh.com\/may-dong-goi\/wp-json\/wp\/v2\/media\/7043"}],"wp:attachment":[{"href":"https:\/\/cokhitanminh.com\/may-dong-goi\/wp-json\/wp\/v2\/media?parent=2361"}],"curies":[{"name":"wp","href":"https:\/\/api.w.org\/{rel}","templated":true}]}}