{"id":2216,"date":"2021-12-04T03:25:28","date_gmt":"2021-12-04T03:25:28","guid":{"rendered":"https:\/\/cokhitanminh.com\/may-dong-goi\/?post_type=product&#038;p=2216"},"modified":"2021-12-30T03:06:45","modified_gmt":"2021-12-30T03:06:45","slug":"may-hut-chan-khong-dzq-400-tmdg-c10","status":"publish","type":"product","link":"https:\/\/cokhitanminh.com\/may-dong-goi\/may-hut-chan-khong-dzq-400-tmdg-c10\/","title":{"rendered":"M\u00e1y h\u00fat ch\u00e2n kh\u00f4ng DZQ-400 (TM\u0110G-C10)"},"content":{"rendered":"<h3 style=\"text-align: justify;\"><a href=\"https:\/\/cokhitanminh.com\/may-dong-goi\/may-hut-chan-khong-dzq-400-tmdg-c10\/\"><em><strong>M\u00e1y h\u00fat ch\u00e2n kh\u00f4ng DZQ-400<\/strong><\/em><\/a> (TM\u0110G-C10)<\/h3>\n<p style=\"text-align: justify;\"><em><strong>M\u00e1y h\u00fat ch\u00e2n kh\u00f4ng DZQ-400<\/strong><\/em> (TM\u0110G-C10) \u0111\u01b0\u1ee3c nghi\u00ean c\u1ee9u s\u1ea3n xu\u1ea5t v\u00e0 ph\u00e2n ph\u1ed1i tr\u00ean to\u00e0n qu\u1ed1c. T\u1ea5t c\u1ea3 c\u00e1c s\u1ea3n ph\u1ea9m c\u1ee7a ch\u00fang t\u00f4i \u0111\u1ec1u \u0111\u01b0\u1ee3c ki\u1ec3m tra k\u1ef9 l\u01b0\u1ee1ng v\u00e0 v\u1eadn h\u00e0nh th\u1ef1c t\u1ebf \u0111\u1ec3 lu\u00f4n \u0111\u1ea3m b\u1ea3o ch\u1ea5t l\u01b0\u1ee3ng t\u1ed1t nh\u1ea5t tr\u01b0\u1edbc khi b\u00e0n giao thi\u1ebft b\u1ecb cho kh\u00e1ch h\u00e0ng.<\/p>\n<p style=\"text-align: center;\"><a href=\"https:\/\/cokhitanminh.com\/may-dong-goi\/wp-content\/uploads\/2021\/12\/may-hut-chan-khong-dzq-400-tmdg-c10-cktm.mdg-8.png\"><img loading=\"lazy\" decoding=\"async\" class=\"alignnone wp-image-6679 size-full\" src=\"https:\/\/cokhitanminh.com\/may-dong-goi\/wp-content\/uploads\/2021\/12\/may-hut-chan-khong-dzq-400-tmdg-c10-cktm.mdg-8.png\" alt=\"\" width=\"650\" height=\"303\" srcset=\"https:\/\/cokhitanminh.com\/may-dong-goi\/wp-content\/uploads\/2021\/12\/may-hut-chan-khong-dzq-400-tmdg-c10-cktm.mdg-8.png 650w, https:\/\/cokhitanminh.com\/may-dong-goi\/wp-content\/uploads\/2021\/12\/may-hut-chan-khong-dzq-400-tmdg-c10-cktm.mdg-8-300x140.png 300w, https:\/\/cokhitanminh.com\/may-dong-goi\/wp-content\/uploads\/2021\/12\/may-hut-chan-khong-dzq-400-tmdg-c10-cktm.mdg-8-600x280.png 600w\" sizes=\"auto, (max-width: 650px) 100vw, 650px\" \/><\/a> <a href=\"https:\/\/cokhitanminh.com\/may-dong-goi\/wp-content\/uploads\/2021\/12\/may-hut-chan-khong-dzq-400-tmdg-c10-cktm.mdg-9.png\"><img loading=\"lazy\" decoding=\"async\" class=\"aligncenter wp-image-6680 size-full\" src=\"https:\/\/cokhitanminh.com\/may-dong-goi\/wp-content\/uploads\/2021\/12\/may-hut-chan-khong-dzq-400-tmdg-c10-cktm.mdg-9.png\" alt=\"\" width=\"650\" height=\"303\" srcset=\"https:\/\/cokhitanminh.com\/may-dong-goi\/wp-content\/uploads\/2021\/12\/may-hut-chan-khong-dzq-400-tmdg-c10-cktm.mdg-9.png 650w, https:\/\/cokhitanminh.com\/may-dong-goi\/wp-content\/uploads\/2021\/12\/may-hut-chan-khong-dzq-400-tmdg-c10-cktm.mdg-9-300x140.png 300w, https:\/\/cokhitanminh.com\/may-dong-goi\/wp-content\/uploads\/2021\/12\/may-hut-chan-khong-dzq-400-tmdg-c10-cktm.mdg-9-600x280.png 600w\" sizes=\"auto, (max-width: 650px) 100vw, 650px\" \/><\/a> <a href=\"https:\/\/cokhitanminh.com\/may-dong-goi\/wp-content\/uploads\/2021\/12\/may-hut-chan-khong-dzq-400-tmdg-c10-cktm.mdg-10.png\"><img loading=\"lazy\" decoding=\"async\" class=\"aligncenter wp-image-6681 size-full\" src=\"https:\/\/cokhitanminh.com\/may-dong-goi\/wp-content\/uploads\/2021\/12\/may-hut-chan-khong-dzq-400-tmdg-c10-cktm.mdg-10.png\" alt=\"\" width=\"650\" height=\"303\" srcset=\"https:\/\/cokhitanminh.com\/may-dong-goi\/wp-content\/uploads\/2021\/12\/may-hut-chan-khong-dzq-400-tmdg-c10-cktm.mdg-10.png 650w, https:\/\/cokhitanminh.com\/may-dong-goi\/wp-content\/uploads\/2021\/12\/may-hut-chan-khong-dzq-400-tmdg-c10-cktm.mdg-10-300x140.png 300w, https:\/\/cokhitanminh.com\/may-dong-goi\/wp-content\/uploads\/2021\/12\/may-hut-chan-khong-dzq-400-tmdg-c10-cktm.mdg-10-600x280.png 600w\" sizes=\"auto, (max-width: 650px) 100vw, 650px\" \/><\/a><\/p>\n<p style=\"text-align: center;\"><a href=\"https:\/\/cokhitanminh.com\/may-dong-goi\/wp-content\/uploads\/2021\/12\/may-hut-chan-khong-dzq-400-tmdg-c10-cktm.mdg-9.jpg\"><img loading=\"lazy\" decoding=\"async\" class=\"aligncenter wp-image-6683 size-full\" src=\"https:\/\/cokhitanminh.com\/may-dong-goi\/wp-content\/uploads\/2021\/12\/may-hut-chan-khong-dzq-400-tmdg-c10-cktm.mdg-9.jpg\" alt=\"\" width=\"550\" height=\"413\" srcset=\"https:\/\/cokhitanminh.com\/may-dong-goi\/wp-content\/uploads\/2021\/12\/may-hut-chan-khong-dzq-400-tmdg-c10-cktm.mdg-9.jpg 550w, https:\/\/cokhitanminh.com\/may-dong-goi\/wp-content\/uploads\/2021\/12\/may-hut-chan-khong-dzq-400-tmdg-c10-cktm.mdg-9-300x225.jpg 300w\" sizes=\"auto, (max-width: 550px) 100vw, 550px\" \/><\/a> <a href=\"https:\/\/cokhitanminh.com\/may-dong-goi\/wp-content\/uploads\/2021\/12\/may-hut-chan-khong-dzq-400-tmdg-c10-cktm.mdg-10.jpg\"><img loading=\"lazy\" decoding=\"async\" class=\"aligncenter wp-image-6684 size-full\" src=\"https:\/\/cokhitanminh.com\/may-dong-goi\/wp-content\/uploads\/2021\/12\/may-hut-chan-khong-dzq-400-tmdg-c10-cktm.mdg-10.jpg\" alt=\"\" width=\"550\" height=\"413\" srcset=\"https:\/\/cokhitanminh.com\/may-dong-goi\/wp-content\/uploads\/2021\/12\/may-hut-chan-khong-dzq-400-tmdg-c10-cktm.mdg-10.jpg 550w, https:\/\/cokhitanminh.com\/may-dong-goi\/wp-content\/uploads\/2021\/12\/may-hut-chan-khong-dzq-400-tmdg-c10-cktm.mdg-10-300x225.jpg 300w\" sizes=\"auto, (max-width: 550px) 100vw, 550px\" \/><\/a> <a href=\"https:\/\/cokhitanminh.com\/may-dong-goi\/wp-content\/uploads\/2021\/12\/may-hut-chan-khong-dzq-400-tmdg-c10-cktm.mdg-11.jpg\"><img loading=\"lazy\" decoding=\"async\" class=\"aligncenter wp-image-6685 size-full\" src=\"https:\/\/cokhitanminh.com\/may-dong-goi\/wp-content\/uploads\/2021\/12\/may-hut-chan-khong-dzq-400-tmdg-c10-cktm.mdg-11.jpg\" alt=\"\" width=\"550\" height=\"822\" srcset=\"https:\/\/cokhitanminh.com\/may-dong-goi\/wp-content\/uploads\/2021\/12\/may-hut-chan-khong-dzq-400-tmdg-c10-cktm.mdg-11.jpg 550w, https:\/\/cokhitanminh.com\/may-dong-goi\/wp-content\/uploads\/2021\/12\/may-hut-chan-khong-dzq-400-tmdg-c10-cktm.mdg-11-201x300.jpg 201w\" sizes=\"auto, (max-width: 550px) 100vw, 550px\" \/><\/a> <a href=\"https:\/\/cokhitanminh.com\/may-dong-goi\/wp-content\/uploads\/2021\/12\/may-hut-chan-khong-dzq-400-tmdg-c10-cktm.mdg-12.jpg\"><img loading=\"lazy\" decoding=\"async\" class=\"aligncenter wp-image-6686 size-full\" src=\"https:\/\/cokhitanminh.com\/may-dong-goi\/wp-content\/uploads\/2021\/12\/may-hut-chan-khong-dzq-400-tmdg-c10-cktm.mdg-12.jpg\" alt=\"\" width=\"550\" height=\"413\" srcset=\"https:\/\/cokhitanminh.com\/may-dong-goi\/wp-content\/uploads\/2021\/12\/may-hut-chan-khong-dzq-400-tmdg-c10-cktm.mdg-12.jpg 550w, https:\/\/cokhitanminh.com\/may-dong-goi\/wp-content\/uploads\/2021\/12\/may-hut-chan-khong-dzq-400-tmdg-c10-cktm.mdg-12-300x225.jpg 300w\" sizes=\"auto, (max-width: 550px) 100vw, 550px\" \/><\/a> <a href=\"https:\/\/cokhitanminh.com\/may-dong-goi\/wp-content\/uploads\/2021\/12\/may-hut-chan-khong-dzq-400-tmdg-c10-cktm.mdg-13.jpg\"><img loading=\"lazy\" decoding=\"async\" class=\"aligncenter wp-image-6687 size-full\" src=\"https:\/\/cokhitanminh.com\/may-dong-goi\/wp-content\/uploads\/2021\/12\/may-hut-chan-khong-dzq-400-tmdg-c10-cktm.mdg-13.jpg\" alt=\"\" width=\"550\" height=\"413\" srcset=\"https:\/\/cokhitanminh.com\/may-dong-goi\/wp-content\/uploads\/2021\/12\/may-hut-chan-khong-dzq-400-tmdg-c10-cktm.mdg-13.jpg 550w, https:\/\/cokhitanminh.com\/may-dong-goi\/wp-content\/uploads\/2021\/12\/may-hut-chan-khong-dzq-400-tmdg-c10-cktm.mdg-13-300x225.jpg 300w\" sizes=\"auto, (max-width: 550px) 100vw, 550px\" \/><\/a> <a href=\"https:\/\/cokhitanminh.com\/may-dong-goi\/wp-content\/uploads\/2021\/12\/may-hut-chan-khong-dzq-400-tmdg-c10-cktm.mdg-14.jpg\"><img loading=\"lazy\" decoding=\"async\" class=\"alignnone wp-image-6688 size-full\" src=\"https:\/\/cokhitanminh.com\/may-dong-goi\/wp-content\/uploads\/2021\/12\/may-hut-chan-khong-dzq-400-tmdg-c10-cktm.mdg-14.jpg\" alt=\"\" width=\"550\" height=\"669\" srcset=\"https:\/\/cokhitanminh.com\/may-dong-goi\/wp-content\/uploads\/2021\/12\/may-hut-chan-khong-dzq-400-tmdg-c10-cktm.mdg-14.jpg 550w, https:\/\/cokhitanminh.com\/may-dong-goi\/wp-content\/uploads\/2021\/12\/may-hut-chan-khong-dzq-400-tmdg-c10-cktm.mdg-14-247x300.jpg 247w\" sizes=\"auto, (max-width: 550px) 100vw, 550px\" \/><\/a><\/p>\n<p style=\"text-align: justify;\"><strong>Th\u00f4ng s\u1ed1 k\u1ef9 thu\u1eadt:<\/strong><\/p>\n<p style=\"text-align: center;\"><a href=\"https:\/\/cokhitanminh.com\/may-dong-goi\/wp-content\/uploads\/2021\/12\/may-hut-chan-khong-dzq-400-tmdg-c10-cktm.mdg-15.jpg\"><img loading=\"lazy\" decoding=\"async\" class=\"wp-image-6682 size-full aligncenter\" src=\"https:\/\/cokhitanminh.com\/may-dong-goi\/wp-content\/uploads\/2021\/12\/may-hut-chan-khong-dzq-400-tmdg-c10-cktm.mdg-15.jpg\" alt=\"\" width=\"735\" height=\"380\" srcset=\"https:\/\/cokhitanminh.com\/may-dong-goi\/wp-content\/uploads\/2021\/12\/may-hut-chan-khong-dzq-400-tmdg-c10-cktm.mdg-15.jpg 735w, https:\/\/cokhitanminh.com\/may-dong-goi\/wp-content\/uploads\/2021\/12\/may-hut-chan-khong-dzq-400-tmdg-c10-cktm.mdg-15-300x155.jpg 300w, https:\/\/cokhitanminh.com\/may-dong-goi\/wp-content\/uploads\/2021\/12\/may-hut-chan-khong-dzq-400-tmdg-c10-cktm.mdg-15-600x310.jpg 600w\" sizes=\"auto, (max-width: 735px) 100vw, 735px\" \/><\/a><\/p>\n<p style=\"text-align: justify;\">Chi ti\u1ebft s\u1ea3n ph\u1ea9m <em><strong>M\u00e1y h\u00fat ch\u00e2n kh\u00f4ng DZQ-400<\/strong><\/em> (TM\u0110G-C10) xin vui l\u00f2ng li\u00ean h\u1ec7 Hotline: 19002861 \u0110\u1ec3 \u0111\u01b0\u1ee3c t\u01b0 v\u1ea5n ho\u00e0n to\u00e0n mi\u1ec5n ph\u00ed!<\/p>\n","protected":false},"excerpt":{"rendered":"<p>M\u00e1y h\u00fat ch\u00e2n kh\u00f4ng DZQ-400 (TM\u0110G-C10) M\u00e1y h\u00fat ch\u00e2n kh\u00f4ng DZQ-400 (TM\u0110G-C10) \u0111\u01b0\u1ee3c nghi\u00ean c\u1ee9u s\u1ea3n xu\u1ea5t v\u00e0 ph\u00e2n ph\u1ed1i tr\u00ean to\u00e0n qu\u1ed1c. T\u1ea5t c\u1ea3 c\u00e1c s\u1ea3n ph\u1ea9m c\u1ee7a ch\u00fang t\u00f4i \u0111\u1ec1u \u0111\u01b0\u1ee3c ki\u1ec3m tra k\u1ef9 l\u01b0\u1ee1ng v\u00e0 v\u1eadn h\u00e0nh th\u1ef1c t\u1ebf \u0111\u1ec3 lu\u00f4n \u0111\u1ea3m b\u1ea3o ch\u1ea5t l\u01b0\u1ee3ng t\u1ed1t nh\u1ea5t tr\u01b0\u1edbc khi b\u00e0n giao thi\u1ebft &#8230;<\/p>\n","protected":false},"featured_media":6696,"comment_status":"open","ping_status":"closed","template":"","meta":[],"class_list":{"0":"post-2216","1":"product","2":"type-product","3":"status-publish","4":"has-post-thumbnail","6":"product_cat-may-hut-chan-khong","8":"first","9":"instock","10":"shipping-taxable","11":"purchasable","12":"product-type-simple"},"brands":[],"yoast_head":"<!-- This site is optimized with the Yoast SEO plugin v17.6 - https:\/\/yoast.com\/wordpress\/plugins\/seo\/ -->\n<title>M\u00e1y h\u00fat ch\u00e2n kh\u00f4ng DZQ-400 (TM\u0110G-C10) - M\u00c1Y \u0110\u00d3NG G\u00d3I T\u00c2N MINH<\/title>\n<meta name=\"description\" content=\"M\u00e1y h\u00fat ch\u00e2n kh\u00f4ng DZQ-400 (TM\u0110G-C10) uy t\u00edn ch\u1ea5t l\u01b0\u1ee3ng Li\u00ean h\u1ec7 Hotline 1: 1900 2861 | Hotline 2: 09 67 68 69 11 \u0110\u1ec3 \u0111\u01b0\u1ee3c t\u01b0 v\u1ea5n mi\u1ec5n ph\u00ed!\" \/>\n<meta name=\"robots\" content=\"index, follow, max-snippet:-1, max-image-preview:large, max-video-preview:-1\" \/>\n<link rel=\"canonical\" href=\"https:\/\/cokhitanminh.com\/may-dong-goi\/may-hut-chan-khong-dzq-400-tmdg-c10\/\" \/>\n<meta property=\"og:locale\" content=\"vi_VN\" \/>\n<meta property=\"og:type\" content=\"article\" \/>\n<meta property=\"og:title\" content=\"M\u00e1y h\u00fat ch\u00e2n kh\u00f4ng DZQ-400 (TM\u0110G-C10) - M\u00c1Y \u0110\u00d3NG G\u00d3I T\u00c2N MINH\" \/>\n<meta property=\"og:description\" content=\"M\u00e1y h\u00fat ch\u00e2n kh\u00f4ng DZQ-400 (TM\u0110G-C10) uy t\u00edn ch\u1ea5t l\u01b0\u1ee3ng Li\u00ean h\u1ec7 Hotline 1: 1900 2861 | Hotline 2: 09 67 68 69 11 \u0110\u1ec3 \u0111\u01b0\u1ee3c t\u01b0 v\u1ea5n mi\u1ec5n ph\u00ed!\" \/>\n<meta property=\"og:url\" content=\"https:\/\/cokhitanminh.com\/may-dong-goi\/may-hut-chan-khong-dzq-400-tmdg-c10\/\" \/>\n<meta property=\"og:site_name\" content=\"M\u00c1Y \u0110\u00d3NG G\u00d3I T\u00c2N MINH\" \/>\n<meta property=\"article:modified_time\" content=\"2021-12-30T03:06:45+00:00\" \/>\n<meta property=\"og:image\" content=\"https:\/\/cokhitanminh.com\/may-dong-goi\/wp-content\/uploads\/2021\/12\/may-hut-chan-khong-dzq-400-tmdg-c10-cktm.mdg-8.jpg\" \/>\n\t<meta property=\"og:image:width\" content=\"550\" \/>\n\t<meta property=\"og:image:height\" content=\"550\" \/>\n<meta name=\"twitter:card\" content=\"summary_large_image\" \/>\n<meta name=\"twitter:label1\" content=\"\u01af\u1edbc t\u00ednh th\u1eddi gian \u0111\u1ecdc\" \/>\n\t<meta name=\"twitter:data1\" content=\"1 ph\u00fat\" \/>\n<script type=\"application\/ld+json\" class=\"yoast-schema-graph\">{\"@context\":\"https:\/\/schema.org\",\"@graph\":[{\"@type\":\"WebSite\",\"@id\":\"https:\/\/cokhitanminh.com\/may-dong-goi\/#website\",\"url\":\"https:\/\/cokhitanminh.com\/may-dong-goi\/\",\"name\":\"M\\u00c1Y \\u0110\\u00d3NG G\\u00d3I T\\u00c2N MINH\",\"description\":\"Chuy\\u00ean gia m\\u00e1y \\u0111\\u00f3ng g\\u00f3i\",\"potentialAction\":[{\"@type\":\"SearchAction\",\"target\":{\"@type\":\"EntryPoint\",\"urlTemplate\":\"https:\/\/cokhitanminh.com\/may-dong-goi\/?s={search_term_string}\"},\"query-input\":\"required name=search_term_string\"}],\"inLanguage\":\"vi\"},{\"@type\":\"ImageObject\",\"@id\":\"https:\/\/cokhitanminh.com\/may-dong-goi\/may-hut-chan-khong-dzq-400-tmdg-c10\/#primaryimage\",\"inLanguage\":\"vi\",\"url\":\"https:\/\/cokhitanminh.com\/may-dong-goi\/wp-content\/uploads\/2021\/12\/may-hut-chan-khong-dzq-400-tmdg-c10-cktm.mdg-8.jpg\",\"contentUrl\":\"https:\/\/cokhitanminh.com\/may-dong-goi\/wp-content\/uploads\/2021\/12\/may-hut-chan-khong-dzq-400-tmdg-c10-cktm.mdg-8.jpg\",\"width\":550,\"height\":550,\"caption\":\"M\\u00c1Y H\\u00daT CH\\u00c2N KH\\u00d4NG TM\\u0110G-C10\"},{\"@type\":\"WebPage\",\"@id\":\"https:\/\/cokhitanminh.com\/may-dong-goi\/may-hut-chan-khong-dzq-400-tmdg-c10\/#webpage\",\"url\":\"https:\/\/cokhitanminh.com\/may-dong-goi\/may-hut-chan-khong-dzq-400-tmdg-c10\/\",\"name\":\"M\\u00e1y h\\u00fat ch\\u00e2n kh\\u00f4ng DZQ-400 (TM\\u0110G-C10) - M\\u00c1Y \\u0110\\u00d3NG G\\u00d3I T\\u00c2N MINH\",\"isPartOf\":{\"@id\":\"https:\/\/cokhitanminh.com\/may-dong-goi\/#website\"},\"primaryImageOfPage\":{\"@id\":\"https:\/\/cokhitanminh.com\/may-dong-goi\/may-hut-chan-khong-dzq-400-tmdg-c10\/#primaryimage\"},\"datePublished\":\"2021-12-04T03:25:28+00:00\",\"dateModified\":\"2021-12-30T03:06:45+00:00\",\"description\":\"M\\u00e1y h\\u00fat ch\\u00e2n kh\\u00f4ng DZQ-400 (TM\\u0110G-C10) uy t\\u00edn ch\\u1ea5t l\\u01b0\\u1ee3ng Li\\u00ean h\\u1ec7 Hotline 1: 1900 2861 | Hotline 2: 09 67 68 69 11 \\u0110\\u1ec3 \\u0111\\u01b0\\u1ee3c t\\u01b0 v\\u1ea5n mi\\u1ec5n ph\\u00ed!\",\"breadcrumb\":{\"@id\":\"https:\/\/cokhitanminh.com\/may-dong-goi\/may-hut-chan-khong-dzq-400-tmdg-c10\/#breadcrumb\"},\"inLanguage\":\"vi\",\"potentialAction\":[{\"@type\":\"ReadAction\",\"target\":[\"https:\/\/cokhitanminh.com\/may-dong-goi\/may-hut-chan-khong-dzq-400-tmdg-c10\/\"]}]},{\"@type\":\"BreadcrumbList\",\"@id\":\"https:\/\/cokhitanminh.com\/may-dong-goi\/may-hut-chan-khong-dzq-400-tmdg-c10\/#breadcrumb\",\"itemListElement\":[{\"@type\":\"ListItem\",\"position\":1,\"name\":\"Trang ch\\u1ee7\",\"item\":\"https:\/\/cokhitanminh.com\/may-dong-goi\/\"},{\"@type\":\"ListItem\",\"position\":2,\"name\":\"C\\u1eeda h\\u00e0ng\",\"item\":\"https:\/\/cokhitanminh.com\/may-dong-goi\/mua\/\"},{\"@type\":\"ListItem\",\"position\":3,\"name\":\"M\\u00e1y h\\u00fat ch\\u00e2n kh\\u00f4ng DZQ-400 (TM\\u0110G-C10)\"}]}]}<\/script>\n<!-- \/ Yoast SEO plugin. -->","yoast_head_json":{"title":"M\u00e1y h\u00fat ch\u00e2n kh\u00f4ng DZQ-400 (TM\u0110G-C10) - M\u00c1Y \u0110\u00d3NG G\u00d3I T\u00c2N MINH","description":"M\u00e1y h\u00fat ch\u00e2n kh\u00f4ng DZQ-400 (TM\u0110G-C10) uy t\u00edn ch\u1ea5t l\u01b0\u1ee3ng Li\u00ean h\u1ec7 Hotline 1: 1900 2861 | Hotline 2: 09 67 68 69 11 \u0110\u1ec3 \u0111\u01b0\u1ee3c t\u01b0 v\u1ea5n mi\u1ec5n ph\u00ed!","robots":{"index":"index","follow":"follow","max-snippet":"max-snippet:-1","max-image-preview":"max-image-preview:large","max-video-preview":"max-video-preview:-1"},"canonical":"https:\/\/cokhitanminh.com\/may-dong-goi\/may-hut-chan-khong-dzq-400-tmdg-c10\/","og_locale":"vi_VN","og_type":"article","og_title":"M\u00e1y h\u00fat ch\u00e2n kh\u00f4ng DZQ-400 (TM\u0110G-C10) - M\u00c1Y \u0110\u00d3NG G\u00d3I T\u00c2N MINH","og_description":"M\u00e1y h\u00fat ch\u00e2n kh\u00f4ng DZQ-400 (TM\u0110G-C10) uy t\u00edn ch\u1ea5t l\u01b0\u1ee3ng Li\u00ean h\u1ec7 Hotline 1: 1900 2861 | Hotline 2: 09 67 68 69 11 \u0110\u1ec3 \u0111\u01b0\u1ee3c t\u01b0 v\u1ea5n mi\u1ec5n ph\u00ed!","og_url":"https:\/\/cokhitanminh.com\/may-dong-goi\/may-hut-chan-khong-dzq-400-tmdg-c10\/","og_site_name":"M\u00c1Y \u0110\u00d3NG G\u00d3I T\u00c2N MINH","article_modified_time":"2021-12-30T03:06:45+00:00","og_image":[{"width":550,"height":550,"url":"https:\/\/cokhitanminh.com\/may-dong-goi\/wp-content\/uploads\/2021\/12\/may-hut-chan-khong-dzq-400-tmdg-c10-cktm.mdg-8.jpg","type":"image\/jpeg"}],"twitter_card":"summary_large_image","twitter_misc":{"\u01af\u1edbc t\u00ednh th\u1eddi gian \u0111\u1ecdc":"1 ph\u00fat"},"schema":{"@context":"https:\/\/schema.org","@graph":[{"@type":"WebSite","@id":"https:\/\/cokhitanminh.com\/may-dong-goi\/#website","url":"https:\/\/cokhitanminh.com\/may-dong-goi\/","name":"M\u00c1Y \u0110\u00d3NG G\u00d3I T\u00c2N MINH","description":"Chuy\u00ean gia m\u00e1y \u0111\u00f3ng g\u00f3i","potentialAction":[{"@type":"SearchAction","target":{"@type":"EntryPoint","urlTemplate":"https:\/\/cokhitanminh.com\/may-dong-goi\/?s={search_term_string}"},"query-input":"required name=search_term_string"}],"inLanguage":"vi"},{"@type":"ImageObject","@id":"https:\/\/cokhitanminh.com\/may-dong-goi\/may-hut-chan-khong-dzq-400-tmdg-c10\/#primaryimage","inLanguage":"vi","url":"https:\/\/cokhitanminh.com\/may-dong-goi\/wp-content\/uploads\/2021\/12\/may-hut-chan-khong-dzq-400-tmdg-c10-cktm.mdg-8.jpg","contentUrl":"https:\/\/cokhitanminh.com\/may-dong-goi\/wp-content\/uploads\/2021\/12\/may-hut-chan-khong-dzq-400-tmdg-c10-cktm.mdg-8.jpg","width":550,"height":550,"caption":"M\u00c1Y H\u00daT CH\u00c2N KH\u00d4NG TM\u0110G-C10"},{"@type":"WebPage","@id":"https:\/\/cokhitanminh.com\/may-dong-goi\/may-hut-chan-khong-dzq-400-tmdg-c10\/#webpage","url":"https:\/\/cokhitanminh.com\/may-dong-goi\/may-hut-chan-khong-dzq-400-tmdg-c10\/","name":"M\u00e1y h\u00fat ch\u00e2n kh\u00f4ng DZQ-400 (TM\u0110G-C10) - M\u00c1Y \u0110\u00d3NG G\u00d3I T\u00c2N MINH","isPartOf":{"@id":"https:\/\/cokhitanminh.com\/may-dong-goi\/#website"},"primaryImageOfPage":{"@id":"https:\/\/cokhitanminh.com\/may-dong-goi\/may-hut-chan-khong-dzq-400-tmdg-c10\/#primaryimage"},"datePublished":"2021-12-04T03:25:28+00:00","dateModified":"2021-12-30T03:06:45+00:00","description":"M\u00e1y h\u00fat ch\u00e2n kh\u00f4ng DZQ-400 (TM\u0110G-C10) uy t\u00edn ch\u1ea5t l\u01b0\u1ee3ng Li\u00ean h\u1ec7 Hotline 1: 1900 2861 | Hotline 2: 09 67 68 69 11 \u0110\u1ec3 \u0111\u01b0\u1ee3c t\u01b0 v\u1ea5n mi\u1ec5n ph\u00ed!","breadcrumb":{"@id":"https:\/\/cokhitanminh.com\/may-dong-goi\/may-hut-chan-khong-dzq-400-tmdg-c10\/#breadcrumb"},"inLanguage":"vi","potentialAction":[{"@type":"ReadAction","target":["https:\/\/cokhitanminh.com\/may-dong-goi\/may-hut-chan-khong-dzq-400-tmdg-c10\/"]}]},{"@type":"BreadcrumbList","@id":"https:\/\/cokhitanminh.com\/may-dong-goi\/may-hut-chan-khong-dzq-400-tmdg-c10\/#breadcrumb","itemListElement":[{"@type":"ListItem","position":1,"name":"Trang ch\u1ee7","item":"https:\/\/cokhitanminh.com\/may-dong-goi\/"},{"@type":"ListItem","position":2,"name":"C\u1eeda h\u00e0ng","item":"https:\/\/cokhitanminh.com\/may-dong-goi\/mua\/"},{"@type":"ListItem","position":3,"name":"M\u00e1y h\u00fat ch\u00e2n kh\u00f4ng DZQ-400 (TM\u0110G-C10)"}]}]}},"_links":{"self":[{"href":"https:\/\/cokhitanminh.com\/may-dong-goi\/wp-json\/wp\/v2\/product\/2216","targetHints":{"allow":["GET"]}}],"collection":[{"href":"https:\/\/cokhitanminh.com\/may-dong-goi\/wp-json\/wp\/v2\/product"}],"about":[{"href":"https:\/\/cokhitanminh.com\/may-dong-goi\/wp-json\/wp\/v2\/types\/product"}],"replies":[{"embeddable":true,"href":"https:\/\/cokhitanminh.com\/may-dong-goi\/wp-json\/wp\/v2\/comments?post=2216"}],"wp:featuredmedia":[{"embeddable":true,"href":"https:\/\/cokhitanminh.com\/may-dong-goi\/wp-json\/wp\/v2\/media\/6696"}],"wp:attachment":[{"href":"https:\/\/cokhitanminh.com\/may-dong-goi\/wp-json\/wp\/v2\/media?parent=2216"}],"curies":[{"name":"wp","href":"https:\/\/api.w.org\/{rel}","templated":true}]}}