{"id":2207,"date":"2021-12-04T03:25:25","date_gmt":"2021-12-04T03:25:25","guid":{"rendered":"https:\/\/cokhitanminh.com\/may-dong-goi\/?post_type=product&#038;p=2207"},"modified":"2022-01-08T02:41:19","modified_gmt":"2022-01-08T02:41:19","slug":"may-dong-goi-dang-vien-dung-mam-xoay-dem-tmdg-i26","status":"publish","type":"product","link":"https:\/\/cokhitanminh.com\/may-dong-goi\/may-dong-goi-dang-vien-dung-mam-xoay-dem-tmdg-i26\/","title":{"rendered":"M\u00c1Y \u0110\u00d3NG G\u00d3I D\u1ea0NG VI\u00caN D\u00d9NG M\u00c2M XOAY \u0110\u1ebeM (TM\u0110G-I26)"},"content":{"rendered":"<h3 style=\"text-align: justify;\"><strong><a href=\"https:\/\/cokhitanminh.com\/may-dong-goi\/may-dong-goi-dang-vien-dung-mam-xoay-dem-tmdg-i26\/\"><em>M\u00e1y \u0111\u00f3ng g\u00f3i d\u1ea1ng vi\u00ean d\u00f9ng m\u00e2m xoay \u0111\u1ebfm<\/em><\/a> (TM\u0110G-I26)<\/strong><\/h3>\n<p style=\"text-align: justify;\"><em><strong>M\u00e1y \u0111\u00f3ng g\u00f3i d\u1ea1ng vi\u00ean d\u00f9ng m\u00e2m xoay \u0111\u1ebfm<\/strong><\/em> (TM\u0110G-I26)\u00a0\u0111\u01b0\u1ee3c nghi\u00ean c\u1ee9u s\u1ea3n xu\u1ea5t v\u00e0 ph\u00e2n ph\u1ed1i tr\u00ean to\u00e0n qu\u1ed1c. T\u1ea5t c\u1ea3 c\u00e1c s\u1ea3n ph\u1ea9m c\u1ee7a ch\u00fang t\u00f4i \u0111\u1ec1u \u0111\u01b0\u1ee3c ki\u1ec3m tra k\u1ef9 l\u01b0\u1ee1ng v\u00e0 v\u1eadn h\u00e0nh th\u1ef1c t\u1ebf \u0111\u1ec3 lu\u00f4n \u0111\u1ea3m b\u1ea3o ch\u1ea5t l\u01b0\u1ee3ng t\u1ed1t nh\u1ea5t tr\u01b0\u1edbc khi b\u00e0n giao thi\u1ebft b\u1ecb cho kh\u00e1ch h\u00e0ng.<\/p>\n<p style=\"text-align: justify;\"><strong>Th\u00f4ng s\u1ed1 k\u1ef9 thu\u1eadt:<\/strong><\/p>\n<p style=\"text-align: justify;\"><img loading=\"lazy\" decoding=\"async\" class=\"size-full wp-image-7993 aligncenter\" src=\"https:\/\/cokhitanminh.com\/may-dong-goi\/wp-content\/uploads\/2021\/12\/may-dong-goi-dang-vien-dung-mam-xoay-dem-tmdg-i26-6-cokhitanminhcommdg-1.jpg\" alt=\"\" width=\"756\" height=\"264\" srcset=\"https:\/\/cokhitanminh.com\/may-dong-goi\/wp-content\/uploads\/2021\/12\/may-dong-goi-dang-vien-dung-mam-xoay-dem-tmdg-i26-6-cokhitanminhcommdg-1.jpg 756w, https:\/\/cokhitanminh.com\/may-dong-goi\/wp-content\/uploads\/2021\/12\/may-dong-goi-dang-vien-dung-mam-xoay-dem-tmdg-i26-6-cokhitanminhcommdg-1-300x105.jpg 300w, https:\/\/cokhitanminh.com\/may-dong-goi\/wp-content\/uploads\/2021\/12\/may-dong-goi-dang-vien-dung-mam-xoay-dem-tmdg-i26-6-cokhitanminhcommdg-1-600x210.jpg 600w\" sizes=\"auto, (max-width: 756px) 100vw, 756px\" \/><\/p>\n<p style=\"text-align: justify;\"><strong>H\u00ecnh \u1ea3nh s\u1ea3n ph\u1ea9m:<\/strong><\/p>\n<p><img loading=\"lazy\" decoding=\"async\" class=\"size-full wp-image-7996 aligncenter\" src=\"https:\/\/cokhitanminh.com\/may-dong-goi\/wp-content\/uploads\/2021\/12\/may-dong-goi-dang-vien-dung-mam-xoay-dem-tmdg-i26-2-cokhitanminhcommdg.jpg\" alt=\"\" width=\"750\" height=\"375\" srcset=\"https:\/\/cokhitanminh.com\/may-dong-goi\/wp-content\/uploads\/2021\/12\/may-dong-goi-dang-vien-dung-mam-xoay-dem-tmdg-i26-2-cokhitanminhcommdg.jpg 750w, https:\/\/cokhitanminh.com\/may-dong-goi\/wp-content\/uploads\/2021\/12\/may-dong-goi-dang-vien-dung-mam-xoay-dem-tmdg-i26-2-cokhitanminhcommdg-300x150.jpg 300w, https:\/\/cokhitanminh.com\/may-dong-goi\/wp-content\/uploads\/2021\/12\/may-dong-goi-dang-vien-dung-mam-xoay-dem-tmdg-i26-2-cokhitanminhcommdg-600x300.jpg 600w\" sizes=\"auto, (max-width: 750px) 100vw, 750px\" \/><\/p>\n<p><img loading=\"lazy\" decoding=\"async\" class=\"size-full wp-image-7991 aligncenter\" src=\"https:\/\/cokhitanminh.com\/may-dong-goi\/wp-content\/uploads\/2021\/12\/may-dong-goi-dang-vien-dung-mam-xoay-dem-tmdg-i26-3-cokhitanminhcommdg.jpg\" alt=\"\" width=\"550\" height=\"550\" srcset=\"https:\/\/cokhitanminh.com\/may-dong-goi\/wp-content\/uploads\/2021\/12\/may-dong-goi-dang-vien-dung-mam-xoay-dem-tmdg-i26-3-cokhitanminhcommdg.jpg 550w, https:\/\/cokhitanminh.com\/may-dong-goi\/wp-content\/uploads\/2021\/12\/may-dong-goi-dang-vien-dung-mam-xoay-dem-tmdg-i26-3-cokhitanminhcommdg-300x300.jpg 300w, https:\/\/cokhitanminh.com\/may-dong-goi\/wp-content\/uploads\/2021\/12\/may-dong-goi-dang-vien-dung-mam-xoay-dem-tmdg-i26-3-cokhitanminhcommdg-150x150.jpg 150w, https:\/\/cokhitanminh.com\/may-dong-goi\/wp-content\/uploads\/2021\/12\/may-dong-goi-dang-vien-dung-mam-xoay-dem-tmdg-i26-3-cokhitanminhcommdg-100x100.jpg 100w\" sizes=\"auto, (max-width: 550px) 100vw, 550px\" \/><\/p>\n<p><img loading=\"lazy\" decoding=\"async\" class=\"size-full wp-image-7992 aligncenter\" src=\"https:\/\/cokhitanminh.com\/may-dong-goi\/wp-content\/uploads\/2021\/12\/may-dong-goi-dang-vien-dung-mam-xoay-dem-tmdg-i26-4-cokhitanminhcommdg.jpg\" alt=\"\" width=\"550\" height=\"368\" srcset=\"https:\/\/cokhitanminh.com\/may-dong-goi\/wp-content\/uploads\/2021\/12\/may-dong-goi-dang-vien-dung-mam-xoay-dem-tmdg-i26-4-cokhitanminhcommdg.jpg 550w, https:\/\/cokhitanminh.com\/may-dong-goi\/wp-content\/uploads\/2021\/12\/may-dong-goi-dang-vien-dung-mam-xoay-dem-tmdg-i26-4-cokhitanminhcommdg-300x201.jpg 300w\" sizes=\"auto, (max-width: 550px) 100vw, 550px\" \/><\/p>\n<p>&nbsp;<\/p>\n<p><img loading=\"lazy\" decoding=\"async\" class=\"size-full wp-image-7994 aligncenter\" src=\"https:\/\/cokhitanminh.com\/may-dong-goi\/wp-content\/uploads\/2021\/12\/may-dong-goi-dang-vien-dung-mam-xoay-dem-tmdg-i26-6-cokhitanminhcommdg-2.jpg\" alt=\"\" width=\"550\" height=\"491\" srcset=\"https:\/\/cokhitanminh.com\/may-dong-goi\/wp-content\/uploads\/2021\/12\/may-dong-goi-dang-vien-dung-mam-xoay-dem-tmdg-i26-6-cokhitanminhcommdg-2.jpg 550w, https:\/\/cokhitanminh.com\/may-dong-goi\/wp-content\/uploads\/2021\/12\/may-dong-goi-dang-vien-dung-mam-xoay-dem-tmdg-i26-6-cokhitanminhcommdg-2-300x268.jpg 300w\" sizes=\"auto, (max-width: 550px) 100vw, 550px\" \/><\/p>\n<p style=\"text-align: justify;\">\u00a0 \u00a0 <a href=\"https:\/\/cokhitanminh.com\/may-dong-goi\/wp-content\/uploads\/2021\/12\/may-dong-goi-dang-vien-dung-mam-xoay-dem-tmdg-i26-cktm.mdg-2.jpg\"><img loading=\"lazy\" decoding=\"async\" class=\"size-full wp-image-4030 aligncenter\" src=\"https:\/\/cokhitanminh.com\/may-dong-goi\/wp-content\/uploads\/2021\/12\/may-dong-goi-dang-vien-dung-mam-xoay-dem-tmdg-i26-cktm.mdg-2.jpg\" alt=\"\" width=\"500\" height=\"500\" srcset=\"https:\/\/cokhitanminh.com\/may-dong-goi\/wp-content\/uploads\/2021\/12\/may-dong-goi-dang-vien-dung-mam-xoay-dem-tmdg-i26-cktm.mdg-2.jpg 500w, https:\/\/cokhitanminh.com\/may-dong-goi\/wp-content\/uploads\/2021\/12\/may-dong-goi-dang-vien-dung-mam-xoay-dem-tmdg-i26-cktm.mdg-2-300x300.jpg 300w, https:\/\/cokhitanminh.com\/may-dong-goi\/wp-content\/uploads\/2021\/12\/may-dong-goi-dang-vien-dung-mam-xoay-dem-tmdg-i26-cktm.mdg-2-150x150.jpg 150w, https:\/\/cokhitanminh.com\/may-dong-goi\/wp-content\/uploads\/2021\/12\/may-dong-goi-dang-vien-dung-mam-xoay-dem-tmdg-i26-cktm.mdg-2-100x100.jpg 100w\" sizes=\"auto, (max-width: 500px) 100vw, 500px\" \/><\/a><\/p>\n<p style=\"text-align: justify;\"><a href=\"https:\/\/cokhitanminh.com\/may-dong-goi\/wp-content\/uploads\/2021\/12\/may-dong-goi-dang-vien-dung-mam-xoay-dem-tmdg-i26-cktm.mdg-3.jpg\"><img loading=\"lazy\" decoding=\"async\" class=\"size-full wp-image-4031 aligncenter\" src=\"https:\/\/cokhitanminh.com\/may-dong-goi\/wp-content\/uploads\/2021\/12\/may-dong-goi-dang-vien-dung-mam-xoay-dem-tmdg-i26-cktm.mdg-3.jpg\" alt=\"\" width=\"500\" height=\"375\" srcset=\"https:\/\/cokhitanminh.com\/may-dong-goi\/wp-content\/uploads\/2021\/12\/may-dong-goi-dang-vien-dung-mam-xoay-dem-tmdg-i26-cktm.mdg-3.jpg 500w, https:\/\/cokhitanminh.com\/may-dong-goi\/wp-content\/uploads\/2021\/12\/may-dong-goi-dang-vien-dung-mam-xoay-dem-tmdg-i26-cktm.mdg-3-300x225.jpg 300w\" sizes=\"auto, (max-width: 500px) 100vw, 500px\" \/><\/a><\/p>\n<p style=\"text-align: justify;\"><a href=\"https:\/\/cokhitanminh.com\/may-dong-goi\/wp-content\/uploads\/2021\/12\/may-dong-goi-dang-vien-dung-mam-xoay-dem-tmdg-i26-cktm.mdg-4.jpg\"><img loading=\"lazy\" decoding=\"async\" class=\"size-full wp-image-4032 aligncenter\" src=\"https:\/\/cokhitanminh.com\/may-dong-goi\/wp-content\/uploads\/2021\/12\/may-dong-goi-dang-vien-dung-mam-xoay-dem-tmdg-i26-cktm.mdg-4.jpg\" alt=\"\" width=\"500\" height=\"452\" srcset=\"https:\/\/cokhitanminh.com\/may-dong-goi\/wp-content\/uploads\/2021\/12\/may-dong-goi-dang-vien-dung-mam-xoay-dem-tmdg-i26-cktm.mdg-4.jpg 500w, https:\/\/cokhitanminh.com\/may-dong-goi\/wp-content\/uploads\/2021\/12\/may-dong-goi-dang-vien-dung-mam-xoay-dem-tmdg-i26-cktm.mdg-4-300x271.jpg 300w\" sizes=\"auto, (max-width: 500px) 100vw, 500px\" \/><\/a><\/p>\n<p>&nbsp;<\/p>\n<p style=\"text-align: center;\"><a href=\"https:\/\/cokhitanminh.com\/may-dong-goi\/wp-content\/uploads\/2021\/12\/may-dong-goi-dang-vien-dung-mam-xoay-dem-tmdg-i26-cktm.mdg-1.jpg\"><img loading=\"lazy\" decoding=\"async\" class=\"alignnone size-full wp-image-4028\" src=\"https:\/\/cokhitanminh.com\/may-dong-goi\/wp-content\/uploads\/2021\/12\/may-dong-goi-dang-vien-dung-mam-xoay-dem-tmdg-i26-cktm.mdg-1.jpg\" alt=\"\" width=\"498\" height=\"399\" srcset=\"https:\/\/cokhitanminh.com\/may-dong-goi\/wp-content\/uploads\/2021\/12\/may-dong-goi-dang-vien-dung-mam-xoay-dem-tmdg-i26-cktm.mdg-1.jpg 498w, https:\/\/cokhitanminh.com\/may-dong-goi\/wp-content\/uploads\/2021\/12\/may-dong-goi-dang-vien-dung-mam-xoay-dem-tmdg-i26-cktm.mdg-1-300x240.jpg 300w\" sizes=\"auto, (max-width: 498px) 100vw, 498px\" \/><\/a><\/p>\n<p style=\"text-align: justify;\">Chi ti\u1ebft s\u1ea3n ph\u1ea9m<strong><em>\u00a0M\u00e1y \u0111\u00f3ng g\u00f3i d\u1ea1ng vi\u00ean d\u00f9ng m\u00e2m xoay \u0111\u1ebfm <\/em><\/strong>xin vui l\u00f2ng li\u00ean h\u1ec7 Hotline: 19002861 \u0110\u1ec3 \u0111\u01b0\u1ee3c t\u01b0 v\u1ea5n ho\u00e0n to\u00e0n mi\u1ec5n ph\u00ed!<\/p>\n","protected":false},"excerpt":{"rendered":"<p>M\u00e1y \u0111\u00f3ng g\u00f3i d\u1ea1ng vi\u00ean d\u00f9ng m\u00e2m xoay \u0111\u1ebfm (TM\u0110G-I26) M\u00e1y \u0111\u00f3ng g\u00f3i d\u1ea1ng vi\u00ean d\u00f9ng m\u00e2m xoay \u0111\u1ebfm (TM\u0110G-I26)\u00a0\u0111\u01b0\u1ee3c nghi\u00ean c\u1ee9u s\u1ea3n xu\u1ea5t v\u00e0 ph\u00e2n ph\u1ed1i tr\u00ean to\u00e0n qu\u1ed1c. T\u1ea5t c\u1ea3 c\u00e1c s\u1ea3n ph\u1ea9m c\u1ee7a ch\u00fang t\u00f4i \u0111\u1ec1u \u0111\u01b0\u1ee3c ki\u1ec3m tra k\u1ef9 l\u01b0\u1ee1ng v\u00e0 v\u1eadn h\u00e0nh th\u1ef1c t\u1ebf \u0111\u1ec3 lu\u00f4n \u0111\u1ea3m b\u1ea3o ch\u1ea5t l\u01b0\u1ee3ng &#8230;<\/p>\n","protected":false},"featured_media":7995,"comment_status":"open","ping_status":"closed","template":"","meta":[],"class_list":{"0":"post-2207","1":"product","2":"type-product","3":"status-publish","4":"has-post-thumbnail","6":"product_cat-may-dong-goi-dang-tui-dang-bao","8":"first","9":"instock","10":"shipping-taxable","11":"purchasable","12":"product-type-simple"},"brands":[],"yoast_head":"<!-- This site is optimized with the Yoast SEO plugin v17.6 - https:\/\/yoast.com\/wordpress\/plugins\/seo\/ -->\n<title>M\u00e1y \u0111\u00f3ng g\u00f3i d\u1ea1ng vi\u00ean d\u00f9ng m\u00e2m xoay \u0111\u1ebfm | B\u1ea3o h\u00e0nh ch\u00ednh h\u00e3ng<\/title>\n<meta name=\"description\" content=\"M\u00e1y \u0111\u00f3ng g\u00f3i d\u1ea1ng vi\u00ean d\u00f9ng m\u00e2m xoay \u0111\u1ebfm - Gi\u00e1 R\u1ebb - B\u1ea3o H\u00e0nh Chuy\u00ean Nghi\u1ec7p - Chi ti\u1ebft xin li\u00ean h\u1ec7 Hotline: 19002861 \u0110\u1ec3 \u0111\u01b0\u1ee3c t\u01b0 v\u1ea5n ho\u00e0n to\u00e0n mi\u1ec5n ph\u00ed!\" \/>\n<meta name=\"robots\" content=\"index, follow, max-snippet:-1, max-image-preview:large, max-video-preview:-1\" \/>\n<link rel=\"canonical\" href=\"https:\/\/cokhitanminh.com\/may-dong-goi\/may-dong-goi-dang-vien-dung-mam-xoay-dem-tmdg-i26\/\" \/>\n<meta property=\"og:locale\" content=\"vi_VN\" \/>\n<meta property=\"og:type\" content=\"article\" \/>\n<meta property=\"og:title\" content=\"M\u00e1y \u0111\u00f3ng g\u00f3i d\u1ea1ng vi\u00ean d\u00f9ng m\u00e2m xoay \u0111\u1ebfm | B\u1ea3o h\u00e0nh ch\u00ednh h\u00e3ng\" \/>\n<meta property=\"og:description\" content=\"M\u00e1y \u0111\u00f3ng g\u00f3i d\u1ea1ng vi\u00ean d\u00f9ng m\u00e2m xoay \u0111\u1ebfm - Gi\u00e1 R\u1ebb - B\u1ea3o H\u00e0nh Chuy\u00ean Nghi\u1ec7p - Chi ti\u1ebft xin li\u00ean h\u1ec7 Hotline: 19002861 \u0110\u1ec3 \u0111\u01b0\u1ee3c t\u01b0 v\u1ea5n ho\u00e0n to\u00e0n mi\u1ec5n ph\u00ed!\" \/>\n<meta property=\"og:url\" content=\"https:\/\/cokhitanminh.com\/may-dong-goi\/may-dong-goi-dang-vien-dung-mam-xoay-dem-tmdg-i26\/\" \/>\n<meta property=\"og:site_name\" content=\"M\u00c1Y \u0110\u00d3NG G\u00d3I T\u00c2N MINH\" \/>\n<meta property=\"article:modified_time\" content=\"2022-01-08T02:41:19+00:00\" \/>\n<meta property=\"og:image\" content=\"https:\/\/cokhitanminh.com\/may-dong-goi\/wp-content\/uploads\/2021\/12\/may-dong-goi-dang-vien-dung-mam-xoay-dem-tmdg-i26-1-cokhitanminhcommdg.jpg\" \/>\n\t<meta property=\"og:image:width\" content=\"550\" \/>\n\t<meta property=\"og:image:height\" content=\"550\" \/>\n<meta name=\"twitter:card\" content=\"summary_large_image\" \/>\n<meta name=\"twitter:label1\" content=\"\u01af\u1edbc t\u00ednh th\u1eddi gian \u0111\u1ecdc\" \/>\n\t<meta name=\"twitter:data1\" content=\"3 ph\u00fat\" \/>\n<script type=\"application\/ld+json\" class=\"yoast-schema-graph\">{\"@context\":\"https:\/\/schema.org\",\"@graph\":[{\"@type\":\"WebSite\",\"@id\":\"https:\/\/cokhitanminh.com\/may-dong-goi\/#website\",\"url\":\"https:\/\/cokhitanminh.com\/may-dong-goi\/\",\"name\":\"M\\u00c1Y \\u0110\\u00d3NG G\\u00d3I T\\u00c2N MINH\",\"description\":\"Chuy\\u00ean gia m\\u00e1y \\u0111\\u00f3ng g\\u00f3i\",\"potentialAction\":[{\"@type\":\"SearchAction\",\"target\":{\"@type\":\"EntryPoint\",\"urlTemplate\":\"https:\/\/cokhitanminh.com\/may-dong-goi\/?s={search_term_string}\"},\"query-input\":\"required name=search_term_string\"}],\"inLanguage\":\"vi\"},{\"@type\":\"ImageObject\",\"@id\":\"https:\/\/cokhitanminh.com\/may-dong-goi\/may-dong-goi-dang-vien-dung-mam-xoay-dem-tmdg-i26\/#primaryimage\",\"inLanguage\":\"vi\",\"url\":\"https:\/\/cokhitanminh.com\/may-dong-goi\/wp-content\/uploads\/2021\/12\/may-dong-goi-dang-vien-dung-mam-xoay-dem-tmdg-i26-1-cokhitanminhcommdg.jpg\",\"contentUrl\":\"https:\/\/cokhitanminh.com\/may-dong-goi\/wp-content\/uploads\/2021\/12\/may-dong-goi-dang-vien-dung-mam-xoay-dem-tmdg-i26-1-cokhitanminhcommdg.jpg\",\"width\":550,\"height\":550},{\"@type\":\"WebPage\",\"@id\":\"https:\/\/cokhitanminh.com\/may-dong-goi\/may-dong-goi-dang-vien-dung-mam-xoay-dem-tmdg-i26\/#webpage\",\"url\":\"https:\/\/cokhitanminh.com\/may-dong-goi\/may-dong-goi-dang-vien-dung-mam-xoay-dem-tmdg-i26\/\",\"name\":\"M\\u00e1y \\u0111\\u00f3ng g\\u00f3i d\\u1ea1ng vi\\u00ean d\\u00f9ng m\\u00e2m xoay \\u0111\\u1ebfm | B\\u1ea3o h\\u00e0nh ch\\u00ednh h\\u00e3ng\",\"isPartOf\":{\"@id\":\"https:\/\/cokhitanminh.com\/may-dong-goi\/#website\"},\"primaryImageOfPage\":{\"@id\":\"https:\/\/cokhitanminh.com\/may-dong-goi\/may-dong-goi-dang-vien-dung-mam-xoay-dem-tmdg-i26\/#primaryimage\"},\"datePublished\":\"2021-12-04T03:25:25+00:00\",\"dateModified\":\"2022-01-08T02:41:19+00:00\",\"description\":\"M\\u00e1y \\u0111\\u00f3ng g\\u00f3i d\\u1ea1ng vi\\u00ean d\\u00f9ng m\\u00e2m xoay \\u0111\\u1ebfm - Gi\\u00e1 R\\u1ebb - B\\u1ea3o H\\u00e0nh Chuy\\u00ean Nghi\\u1ec7p - Chi ti\\u1ebft xin li\\u00ean h\\u1ec7 Hotline: 19002861 \\u0110\\u1ec3 \\u0111\\u01b0\\u1ee3c t\\u01b0 v\\u1ea5n ho\\u00e0n to\\u00e0n mi\\u1ec5n ph\\u00ed!\",\"breadcrumb\":{\"@id\":\"https:\/\/cokhitanminh.com\/may-dong-goi\/may-dong-goi-dang-vien-dung-mam-xoay-dem-tmdg-i26\/#breadcrumb\"},\"inLanguage\":\"vi\",\"potentialAction\":[{\"@type\":\"ReadAction\",\"target\":[\"https:\/\/cokhitanminh.com\/may-dong-goi\/may-dong-goi-dang-vien-dung-mam-xoay-dem-tmdg-i26\/\"]}]},{\"@type\":\"BreadcrumbList\",\"@id\":\"https:\/\/cokhitanminh.com\/may-dong-goi\/may-dong-goi-dang-vien-dung-mam-xoay-dem-tmdg-i26\/#breadcrumb\",\"itemListElement\":[{\"@type\":\"ListItem\",\"position\":1,\"name\":\"Trang ch\\u1ee7\",\"item\":\"https:\/\/cokhitanminh.com\/may-dong-goi\/\"},{\"@type\":\"ListItem\",\"position\":2,\"name\":\"C\\u1eeda h\\u00e0ng\",\"item\":\"https:\/\/cokhitanminh.com\/may-dong-goi\/mua\/\"},{\"@type\":\"ListItem\",\"position\":3,\"name\":\"M\\u00c1Y \\u0110\\u00d3NG G\\u00d3I D\\u1ea0NG VI\\u00caN D\\u00d9NG M\\u00c2M XOAY \\u0110\\u1ebeM (TM\\u0110G-I26)\"}]}]}<\/script>\n<!-- \/ Yoast SEO plugin. -->","yoast_head_json":{"title":"M\u00e1y \u0111\u00f3ng g\u00f3i d\u1ea1ng vi\u00ean d\u00f9ng m\u00e2m xoay \u0111\u1ebfm | B\u1ea3o h\u00e0nh ch\u00ednh h\u00e3ng","description":"M\u00e1y \u0111\u00f3ng g\u00f3i d\u1ea1ng vi\u00ean d\u00f9ng m\u00e2m xoay \u0111\u1ebfm - Gi\u00e1 R\u1ebb - B\u1ea3o H\u00e0nh Chuy\u00ean Nghi\u1ec7p - Chi ti\u1ebft xin li\u00ean h\u1ec7 Hotline: 19002861 \u0110\u1ec3 \u0111\u01b0\u1ee3c t\u01b0 v\u1ea5n ho\u00e0n to\u00e0n mi\u1ec5n ph\u00ed!","robots":{"index":"index","follow":"follow","max-snippet":"max-snippet:-1","max-image-preview":"max-image-preview:large","max-video-preview":"max-video-preview:-1"},"canonical":"https:\/\/cokhitanminh.com\/may-dong-goi\/may-dong-goi-dang-vien-dung-mam-xoay-dem-tmdg-i26\/","og_locale":"vi_VN","og_type":"article","og_title":"M\u00e1y \u0111\u00f3ng g\u00f3i d\u1ea1ng vi\u00ean d\u00f9ng m\u00e2m xoay \u0111\u1ebfm | B\u1ea3o h\u00e0nh ch\u00ednh h\u00e3ng","og_description":"M\u00e1y \u0111\u00f3ng g\u00f3i d\u1ea1ng vi\u00ean d\u00f9ng m\u00e2m xoay \u0111\u1ebfm - Gi\u00e1 R\u1ebb - B\u1ea3o H\u00e0nh Chuy\u00ean Nghi\u1ec7p - Chi ti\u1ebft xin li\u00ean h\u1ec7 Hotline: 19002861 \u0110\u1ec3 \u0111\u01b0\u1ee3c t\u01b0 v\u1ea5n ho\u00e0n to\u00e0n mi\u1ec5n ph\u00ed!","og_url":"https:\/\/cokhitanminh.com\/may-dong-goi\/may-dong-goi-dang-vien-dung-mam-xoay-dem-tmdg-i26\/","og_site_name":"M\u00c1Y \u0110\u00d3NG G\u00d3I T\u00c2N MINH","article_modified_time":"2022-01-08T02:41:19+00:00","og_image":[{"width":550,"height":550,"url":"https:\/\/cokhitanminh.com\/may-dong-goi\/wp-content\/uploads\/2021\/12\/may-dong-goi-dang-vien-dung-mam-xoay-dem-tmdg-i26-1-cokhitanminhcommdg.jpg","type":"image\/jpeg"}],"twitter_card":"summary_large_image","twitter_misc":{"\u01af\u1edbc t\u00ednh th\u1eddi gian \u0111\u1ecdc":"3 ph\u00fat"},"schema":{"@context":"https:\/\/schema.org","@graph":[{"@type":"WebSite","@id":"https:\/\/cokhitanminh.com\/may-dong-goi\/#website","url":"https:\/\/cokhitanminh.com\/may-dong-goi\/","name":"M\u00c1Y \u0110\u00d3NG G\u00d3I T\u00c2N MINH","description":"Chuy\u00ean gia m\u00e1y \u0111\u00f3ng g\u00f3i","potentialAction":[{"@type":"SearchAction","target":{"@type":"EntryPoint","urlTemplate":"https:\/\/cokhitanminh.com\/may-dong-goi\/?s={search_term_string}"},"query-input":"required name=search_term_string"}],"inLanguage":"vi"},{"@type":"ImageObject","@id":"https:\/\/cokhitanminh.com\/may-dong-goi\/may-dong-goi-dang-vien-dung-mam-xoay-dem-tmdg-i26\/#primaryimage","inLanguage":"vi","url":"https:\/\/cokhitanminh.com\/may-dong-goi\/wp-content\/uploads\/2021\/12\/may-dong-goi-dang-vien-dung-mam-xoay-dem-tmdg-i26-1-cokhitanminhcommdg.jpg","contentUrl":"https:\/\/cokhitanminh.com\/may-dong-goi\/wp-content\/uploads\/2021\/12\/may-dong-goi-dang-vien-dung-mam-xoay-dem-tmdg-i26-1-cokhitanminhcommdg.jpg","width":550,"height":550},{"@type":"WebPage","@id":"https:\/\/cokhitanminh.com\/may-dong-goi\/may-dong-goi-dang-vien-dung-mam-xoay-dem-tmdg-i26\/#webpage","url":"https:\/\/cokhitanminh.com\/may-dong-goi\/may-dong-goi-dang-vien-dung-mam-xoay-dem-tmdg-i26\/","name":"M\u00e1y \u0111\u00f3ng g\u00f3i d\u1ea1ng vi\u00ean d\u00f9ng m\u00e2m xoay \u0111\u1ebfm | B\u1ea3o h\u00e0nh ch\u00ednh h\u00e3ng","isPartOf":{"@id":"https:\/\/cokhitanminh.com\/may-dong-goi\/#website"},"primaryImageOfPage":{"@id":"https:\/\/cokhitanminh.com\/may-dong-goi\/may-dong-goi-dang-vien-dung-mam-xoay-dem-tmdg-i26\/#primaryimage"},"datePublished":"2021-12-04T03:25:25+00:00","dateModified":"2022-01-08T02:41:19+00:00","description":"M\u00e1y \u0111\u00f3ng g\u00f3i d\u1ea1ng vi\u00ean d\u00f9ng m\u00e2m xoay \u0111\u1ebfm - Gi\u00e1 R\u1ebb - B\u1ea3o H\u00e0nh Chuy\u00ean Nghi\u1ec7p - Chi ti\u1ebft xin li\u00ean h\u1ec7 Hotline: 19002861 \u0110\u1ec3 \u0111\u01b0\u1ee3c t\u01b0 v\u1ea5n ho\u00e0n to\u00e0n mi\u1ec5n ph\u00ed!","breadcrumb":{"@id":"https:\/\/cokhitanminh.com\/may-dong-goi\/may-dong-goi-dang-vien-dung-mam-xoay-dem-tmdg-i26\/#breadcrumb"},"inLanguage":"vi","potentialAction":[{"@type":"ReadAction","target":["https:\/\/cokhitanminh.com\/may-dong-goi\/may-dong-goi-dang-vien-dung-mam-xoay-dem-tmdg-i26\/"]}]},{"@type":"BreadcrumbList","@id":"https:\/\/cokhitanminh.com\/may-dong-goi\/may-dong-goi-dang-vien-dung-mam-xoay-dem-tmdg-i26\/#breadcrumb","itemListElement":[{"@type":"ListItem","position":1,"name":"Trang ch\u1ee7","item":"https:\/\/cokhitanminh.com\/may-dong-goi\/"},{"@type":"ListItem","position":2,"name":"C\u1eeda h\u00e0ng","item":"https:\/\/cokhitanminh.com\/may-dong-goi\/mua\/"},{"@type":"ListItem","position":3,"name":"M\u00c1Y \u0110\u00d3NG G\u00d3I D\u1ea0NG VI\u00caN D\u00d9NG M\u00c2M XOAY \u0110\u1ebeM (TM\u0110G-I26)"}]}]}},"_links":{"self":[{"href":"https:\/\/cokhitanminh.com\/may-dong-goi\/wp-json\/wp\/v2\/product\/2207","targetHints":{"allow":["GET"]}}],"collection":[{"href":"https:\/\/cokhitanminh.com\/may-dong-goi\/wp-json\/wp\/v2\/product"}],"about":[{"href":"https:\/\/cokhitanminh.com\/may-dong-goi\/wp-json\/wp\/v2\/types\/product"}],"replies":[{"embeddable":true,"href":"https:\/\/cokhitanminh.com\/may-dong-goi\/wp-json\/wp\/v2\/comments?post=2207"}],"wp:featuredmedia":[{"embeddable":true,"href":"https:\/\/cokhitanminh.com\/may-dong-goi\/wp-json\/wp\/v2\/media\/7995"}],"wp:attachment":[{"href":"https:\/\/cokhitanminh.com\/may-dong-goi\/wp-json\/wp\/v2\/media?parent=2207"}],"curies":[{"name":"wp","href":"https:\/\/api.w.org\/{rel}","templated":true}]}}