{"id":2150,"date":"2021-12-04T03:24:30","date_gmt":"2021-12-04T03:24:30","guid":{"rendered":"https:\/\/cokhitanminh.com\/may-dong-goi\/?post_type=product&#038;p=2150"},"modified":"2021-12-10T04:45:30","modified_gmt":"2021-12-10T04:45:30","slug":"may-han-mieng-bao-khi-nen-con-lan-900-tmdg-a38","status":"publish","type":"product","link":"https:\/\/cokhitanminh.com\/may-dong-goi\/may-han-mieng-bao-khi-nen-con-lan-900-tmdg-a38\/","title":{"rendered":"M\u00e1y h\u00e0n mi\u1ec7ng bao kh\u00ed n\u00e9n con l\u0103n 900 (TM\u0110G-A38)"},"content":{"rendered":"<h3 style=\"text-align: justify;\"><a href=\"https:\/\/cokhitanminh.com\/may-dong-goi\/may-han-mieng-bao-khi-nen-con-lan-900-tmdg-a38\/\"><strong><em>M\u00e1y h\u00e0n mi\u1ec7ng bao kh\u00ed n\u00e9n con l\u0103n 900<\/em><\/strong><\/a>\u00a0(TM\u0110G-A38)<strong><em>\u00a0<\/em><\/strong><\/h3>\n<p><a href=\"https:\/\/cokhitanminh.com\/may-dong-goi\/wp-content\/uploads\/2021\/12\/may-han-mieng-bao-khi-nen-con-lan-900-tmdg-a38-ckmdg-2.jpg\"><img loading=\"lazy\" decoding=\"async\" class=\"size-full wp-image-4672 aligncenter\" src=\"https:\/\/cokhitanminh.com\/may-dong-goi\/wp-content\/uploads\/2021\/12\/may-han-mieng-bao-khi-nen-con-lan-900-tmdg-a38-ckmdg-2.jpg\" alt=\"\" width=\"800\" height=\"400\" srcset=\"https:\/\/cokhitanminh.com\/may-dong-goi\/wp-content\/uploads\/2021\/12\/may-han-mieng-bao-khi-nen-con-lan-900-tmdg-a38-ckmdg-2.jpg 800w, https:\/\/cokhitanminh.com\/may-dong-goi\/wp-content\/uploads\/2021\/12\/may-han-mieng-bao-khi-nen-con-lan-900-tmdg-a38-ckmdg-2-300x150.jpg 300w, https:\/\/cokhitanminh.com\/may-dong-goi\/wp-content\/uploads\/2021\/12\/may-han-mieng-bao-khi-nen-con-lan-900-tmdg-a38-ckmdg-2-768x384.jpg 768w, https:\/\/cokhitanminh.com\/may-dong-goi\/wp-content\/uploads\/2021\/12\/may-han-mieng-bao-khi-nen-con-lan-900-tmdg-a38-ckmdg-2-600x300.jpg 600w\" sizes=\"auto, (max-width: 800px) 100vw, 800px\" \/><\/a><\/p>\n<p style=\"text-align: justify;\"><strong><em>M\u00e1y h\u00e0n mi\u1ec7ng bao kh\u00ed n\u00e9n con l\u0103n 900<\/em><\/strong>\u00a0(TM\u0110G-A38)<strong><em>\u00a0<\/em><\/strong> \u0111\u01b0\u1ee3c nghi\u00ean c\u1ee9u s\u1ea3n xu\u1ea5t v\u00e0 ph\u00e2n ph\u1ed1i tr\u00ean to\u00e0n qu\u1ed1c. T\u1ea5t c\u1ea3 c\u00e1c s\u1ea3n ph\u1ea9m c\u1ee7a ch\u00fang t\u00f4i \u0111\u1ec1u \u0111\u01b0\u1ee3c ki\u1ec3m tra k\u1ef9 l\u01b0\u1ee1ng v\u00e0 v\u1eadn h\u00e0nh th\u1ef1c t\u1ebf \u0111\u1ec3 lu\u00f4n \u0111\u1ea3m b\u1ea3o ch\u1ea5t l\u01b0\u1ee3ng t\u1ed1t nh\u1ea5t tr\u01b0\u1edbc khi b\u00e0n giao thi\u1ebft b\u1ecb cho kh\u00e1ch h\u00e0ng.<\/p>\n<p style=\"text-align: justify;\"><strong>Th\u00f4ng s\u1ed1 k\u1ef9 thu\u1eadt:<\/strong><\/p>\n<p style=\"text-align: justify;\">&#8211; Model: TM\u0110G-A38<\/p>\n<p style=\"text-align: justify;\">&#8211; \u0110i\u1ec7n \u00e1p: 220V\/380V\/50hz<\/p>\n<p style=\"text-align: justify;\">&#8211; Chi\u1ec1u d\u00e0i \u0111\u01b0\u1eddng h\u00e0n: 900 mm<\/p>\n<p style=\"text-align: justify;\">&#8211; Chi\u1ec1u r\u1ed9ng \u0111\u01b0\u1eddng h\u00e0n: 10 mm<\/p>\n<p style=\"text-align: justify;\">&#8211; Chi\u1ec1u cao s\u1ea3n ph\u1ea9m \u00e1p d\u1ee5ng: 350 &#8211; 800 mm<\/p>\n<p style=\"text-align: justify;\">&#8211; Nhi\u1ec7t \u0111\u1ed9 h\u00e0n: Max 300 \u0111\u1ed9 C<\/p>\n<p style=\"text-align: justify;\">&#8211; Ch\u1ea5t li\u1ec7u t\u00fai ph\u00f9 h\u1ee3p: PE, PP,\u2026<\/p>\n<p style=\"text-align: justify;\">&#8211; K\u00edch th\u01b0\u1edbc b\u0103ng t\u1ea3i: 1050 x 300 mm<\/p>\n<p style=\"text-align: justify;\">&#8211; K\u00edch th\u01b0\u1edbc m\u00e1y: 1050 x 850 x 1550 mm<\/p>\n<p style=\"text-align: justify;\">&#8211; T\u1ea3i tr\u1ecdng b\u0103ng t\u1ea3i: &lt;30 kg<\/p>\n<p style=\"text-align: justify;\">&#8211; Ch\u1ea5t li\u1ec7u v\u1ecf m\u00e1y: Th\u00e9p s\u01a1n t\u0129nh \u0111i\u1ec7n<\/p>\n<p style=\"text-align: justify;\">&#8211; Ch\u00fa \u00dd: \u00e1p d\u1ee5ng m\u00e1y n\u00e9n kh\u00ed c\u00f3 l\u01b0u l\u01b0\u1ee3ng kh\u00ed tr\u00ean 300L\/Ph\u00fat; \u00c1p su\u1ea5t l\u00e0m vi\u1ec7c t\u1eeb 0,5 Mpa tr\u1edf l\u00ean<\/p>\n<p style=\"text-align: justify;\">&#8211; B\u1ea3o h\u00e0nh: 12 th\u00e1ng<\/p>\n<p style=\"text-align: justify;\"><strong>H\u00ecnh \u1ea3nh s\u1ea3n ph\u1ea9m:<\/strong><\/p>\n<p><a href=\"https:\/\/cokhitanminh.com\/may-dong-goi\/wp-content\/uploads\/2021\/12\/may-han-mieng-bao-khi-nen-con-lan-900-tmdg-a38-ckmdg-3.jpg\"><img loading=\"lazy\" decoding=\"async\" class=\"size-full wp-image-4675 aligncenter\" src=\"https:\/\/cokhitanminh.com\/may-dong-goi\/wp-content\/uploads\/2021\/12\/may-han-mieng-bao-khi-nen-con-lan-900-tmdg-a38-ckmdg-3.jpg\" alt=\"\" width=\"550\" height=\"413\" srcset=\"https:\/\/cokhitanminh.com\/may-dong-goi\/wp-content\/uploads\/2021\/12\/may-han-mieng-bao-khi-nen-con-lan-900-tmdg-a38-ckmdg-3.jpg 550w, https:\/\/cokhitanminh.com\/may-dong-goi\/wp-content\/uploads\/2021\/12\/may-han-mieng-bao-khi-nen-con-lan-900-tmdg-a38-ckmdg-3-300x225.jpg 300w\" sizes=\"auto, (max-width: 550px) 100vw, 550px\" \/><\/a> <a href=\"https:\/\/cokhitanminh.com\/may-dong-goi\/wp-content\/uploads\/2021\/12\/may-han-mieng-bao-khi-nen-con-lan-900-tmdg-a38-ckmdg-4.jpg\"><img loading=\"lazy\" decoding=\"async\" class=\"size-full wp-image-4678 aligncenter\" src=\"https:\/\/cokhitanminh.com\/may-dong-goi\/wp-content\/uploads\/2021\/12\/may-han-mieng-bao-khi-nen-con-lan-900-tmdg-a38-ckmdg-4.jpg\" alt=\"\" width=\"550\" height=\"413\" srcset=\"https:\/\/cokhitanminh.com\/may-dong-goi\/wp-content\/uploads\/2021\/12\/may-han-mieng-bao-khi-nen-con-lan-900-tmdg-a38-ckmdg-4.jpg 550w, https:\/\/cokhitanminh.com\/may-dong-goi\/wp-content\/uploads\/2021\/12\/may-han-mieng-bao-khi-nen-con-lan-900-tmdg-a38-ckmdg-4-300x225.jpg 300w\" sizes=\"auto, (max-width: 550px) 100vw, 550px\" \/><\/a> <a href=\"https:\/\/cokhitanminh.com\/may-dong-goi\/wp-content\/uploads\/2021\/12\/may-han-mieng-bao-khi-nen-con-lan-900-tmdg-a38-ckmdg-5.jpg\"><img loading=\"lazy\" decoding=\"async\" class=\"size-full wp-image-4682 aligncenter\" src=\"https:\/\/cokhitanminh.com\/may-dong-goi\/wp-content\/uploads\/2021\/12\/may-han-mieng-bao-khi-nen-con-lan-900-tmdg-a38-ckmdg-5.jpg\" alt=\"\" width=\"550\" height=\"413\" srcset=\"https:\/\/cokhitanminh.com\/may-dong-goi\/wp-content\/uploads\/2021\/12\/may-han-mieng-bao-khi-nen-con-lan-900-tmdg-a38-ckmdg-5.jpg 550w, https:\/\/cokhitanminh.com\/may-dong-goi\/wp-content\/uploads\/2021\/12\/may-han-mieng-bao-khi-nen-con-lan-900-tmdg-a38-ckmdg-5-300x225.jpg 300w\" sizes=\"auto, (max-width: 550px) 100vw, 550px\" \/><\/a> <a href=\"https:\/\/cokhitanminh.com\/may-dong-goi\/wp-content\/uploads\/2021\/12\/may-han-mieng-bao-khi-nen-con-lan-900-tmdg-a38-ckmdg-6.jpg\"><img loading=\"lazy\" decoding=\"async\" class=\"size-full wp-image-4684 aligncenter\" src=\"https:\/\/cokhitanminh.com\/may-dong-goi\/wp-content\/uploads\/2021\/12\/may-han-mieng-bao-khi-nen-con-lan-900-tmdg-a38-ckmdg-6.jpg\" alt=\"\" width=\"550\" height=\"413\" srcset=\"https:\/\/cokhitanminh.com\/may-dong-goi\/wp-content\/uploads\/2021\/12\/may-han-mieng-bao-khi-nen-con-lan-900-tmdg-a38-ckmdg-6.jpg 550w, https:\/\/cokhitanminh.com\/may-dong-goi\/wp-content\/uploads\/2021\/12\/may-han-mieng-bao-khi-nen-con-lan-900-tmdg-a38-ckmdg-6-300x225.jpg 300w\" sizes=\"auto, (max-width: 550px) 100vw, 550px\" \/><\/a> <a href=\"https:\/\/cokhitanminh.com\/may-dong-goi\/wp-content\/uploads\/2021\/12\/may-han-mieng-bao-khi-nen-con-lan-900-tmdg-a38-ckmdg-7.jpg\"><img loading=\"lazy\" decoding=\"async\" class=\"size-full wp-image-4686 aligncenter\" src=\"https:\/\/cokhitanminh.com\/may-dong-goi\/wp-content\/uploads\/2021\/12\/may-han-mieng-bao-khi-nen-con-lan-900-tmdg-a38-ckmdg-7.jpg\" alt=\"\" width=\"550\" height=\"413\" srcset=\"https:\/\/cokhitanminh.com\/may-dong-goi\/wp-content\/uploads\/2021\/12\/may-han-mieng-bao-khi-nen-con-lan-900-tmdg-a38-ckmdg-7.jpg 550w, https:\/\/cokhitanminh.com\/may-dong-goi\/wp-content\/uploads\/2021\/12\/may-han-mieng-bao-khi-nen-con-lan-900-tmdg-a38-ckmdg-7-300x225.jpg 300w\" sizes=\"auto, (max-width: 550px) 100vw, 550px\" \/><\/a> <a href=\"https:\/\/cokhitanminh.com\/may-dong-goi\/wp-content\/uploads\/2021\/12\/may-han-mieng-bao-khi-nen-con-lan-900-tmdg-a38-ckmdg-8.jpg\"><img loading=\"lazy\" decoding=\"async\" class=\"size-full wp-image-4690 aligncenter\" src=\"https:\/\/cokhitanminh.com\/may-dong-goi\/wp-content\/uploads\/2021\/12\/may-han-mieng-bao-khi-nen-con-lan-900-tmdg-a38-ckmdg-8.jpg\" alt=\"\" width=\"550\" height=\"413\" srcset=\"https:\/\/cokhitanminh.com\/may-dong-goi\/wp-content\/uploads\/2021\/12\/may-han-mieng-bao-khi-nen-con-lan-900-tmdg-a38-ckmdg-8.jpg 550w, https:\/\/cokhitanminh.com\/may-dong-goi\/wp-content\/uploads\/2021\/12\/may-han-mieng-bao-khi-nen-con-lan-900-tmdg-a38-ckmdg-8-300x225.jpg 300w\" sizes=\"auto, (max-width: 550px) 100vw, 550px\" \/><\/a> <a href=\"https:\/\/cokhitanminh.com\/may-dong-goi\/wp-content\/uploads\/2021\/12\/may-han-mieng-bao-khi-nen-con-lan-900-tmdg-a38-ckmdg-9.jpg\"><img loading=\"lazy\" decoding=\"async\" class=\"size-full wp-image-4693 aligncenter\" src=\"https:\/\/cokhitanminh.com\/may-dong-goi\/wp-content\/uploads\/2021\/12\/may-han-mieng-bao-khi-nen-con-lan-900-tmdg-a38-ckmdg-9.jpg\" alt=\"\" width=\"550\" height=\"550\" srcset=\"https:\/\/cokhitanminh.com\/may-dong-goi\/wp-content\/uploads\/2021\/12\/may-han-mieng-bao-khi-nen-con-lan-900-tmdg-a38-ckmdg-9.jpg 550w, https:\/\/cokhitanminh.com\/may-dong-goi\/wp-content\/uploads\/2021\/12\/may-han-mieng-bao-khi-nen-con-lan-900-tmdg-a38-ckmdg-9-300x300.jpg 300w, https:\/\/cokhitanminh.com\/may-dong-goi\/wp-content\/uploads\/2021\/12\/may-han-mieng-bao-khi-nen-con-lan-900-tmdg-a38-ckmdg-9-150x150.jpg 150w, https:\/\/cokhitanminh.com\/may-dong-goi\/wp-content\/uploads\/2021\/12\/may-han-mieng-bao-khi-nen-con-lan-900-tmdg-a38-ckmdg-9-100x100.jpg 100w\" sizes=\"auto, (max-width: 550px) 100vw, 550px\" \/><\/a> <a href=\"https:\/\/cokhitanminh.com\/may-dong-goi\/wp-content\/uploads\/2021\/12\/may-han-mieng-bao-khi-nen-con-lan-900-tmdg-a38-ckmdg-10.jpg\"><img loading=\"lazy\" decoding=\"async\" class=\"size-full wp-image-4696 aligncenter\" src=\"https:\/\/cokhitanminh.com\/may-dong-goi\/wp-content\/uploads\/2021\/12\/may-han-mieng-bao-khi-nen-con-lan-900-tmdg-a38-ckmdg-10.jpg\" alt=\"\" width=\"550\" height=\"413\" srcset=\"https:\/\/cokhitanminh.com\/may-dong-goi\/wp-content\/uploads\/2021\/12\/may-han-mieng-bao-khi-nen-con-lan-900-tmdg-a38-ckmdg-10.jpg 550w, https:\/\/cokhitanminh.com\/may-dong-goi\/wp-content\/uploads\/2021\/12\/may-han-mieng-bao-khi-nen-con-lan-900-tmdg-a38-ckmdg-10-300x225.jpg 300w\" sizes=\"auto, (max-width: 550px) 100vw, 550px\" \/><\/a><\/p>\n<p style=\"text-align: justify;\">Chi ti\u1ebft s\u1ea3n ph\u1ea9m <strong><em>M\u00e1y h\u00e0n mi\u1ec7ng bao kh\u00ed n\u00e9n con l\u0103n 900<\/em><\/strong>\u00a0(TM\u0110G-A38)<strong><em>\u00a0<\/em><\/strong>\u00a0xin vui l\u00f2ng li\u00ean h\u1ec7 Hotline: 19002861 \u0110\u1ec3 \u0111\u01b0\u1ee3c t\u01b0 v\u1ea5n ho\u00e0n to\u00e0n mi\u1ec5n ph\u00ed!<\/p>\n","protected":false},"excerpt":{"rendered":"<p>M\u00e1y h\u00e0n mi\u1ec7ng bao kh\u00ed n\u00e9n con l\u0103n 900\u00a0(TM\u0110G-A38)\u00a0 M\u00e1y h\u00e0n mi\u1ec7ng bao kh\u00ed n\u00e9n con l\u0103n 900\u00a0(TM\u0110G-A38)\u00a0 \u0111\u01b0\u1ee3c nghi\u00ean c\u1ee9u s\u1ea3n xu\u1ea5t v\u00e0 ph\u00e2n ph\u1ed1i tr\u00ean to\u00e0n qu\u1ed1c. T\u1ea5t c\u1ea3 c\u00e1c s\u1ea3n ph\u1ea9m c\u1ee7a ch\u00fang t\u00f4i \u0111\u1ec1u \u0111\u01b0\u1ee3c ki\u1ec3m tra k\u1ef9 l\u01b0\u1ee1ng v\u00e0 v\u1eadn h\u00e0nh th\u1ef1c t\u1ebf \u0111\u1ec3 lu\u00f4n \u0111\u1ea3m b\u1ea3o ch\u1ea5t l\u01b0\u1ee3ng t\u1ed1t &#8230;<\/p>\n","protected":false},"featured_media":4667,"comment_status":"open","ping_status":"closed","template":"","meta":[],"class_list":{"0":"post-2150","1":"product","2":"type-product","3":"status-publish","4":"has-post-thumbnail","6":"product_cat-may-han-mieng-tui","8":"first","9":"instock","10":"shipping-taxable","11":"purchasable","12":"product-type-simple"},"brands":[],"yoast_head":"<!-- This site is optimized with the Yoast SEO plugin v17.6 - https:\/\/yoast.com\/wordpress\/plugins\/seo\/ -->\n<title>M\u00e1y h\u00e0n mi\u1ec7ng bao kh\u00ed n\u00e9n con l\u0103n 900 (TM\u0110G-A38)<\/title>\n<meta name=\"description\" content=\"M\u00e1y h\u00e0n mi\u1ec7ng bao kh\u00ed n\u00e9n con l\u0103n 900 (TM\u0110G-A38) uy t\u00edn ch\u1ea5t l\u01b0\u1ee3ng Li\u00ean h\u1ec7 Hotline 1: 1900 2861 | Hotline 2: 09 67 68 69 11 \u0110\u1ec3 \u0111\u01b0\u1ee3c t\u01b0 v\u1ea5n mi\u1ec5n ph\u00ed!\" \/>\n<meta name=\"robots\" content=\"index, follow, max-snippet:-1, max-image-preview:large, max-video-preview:-1\" \/>\n<link rel=\"canonical\" href=\"https:\/\/cokhitanminh.com\/may-dong-goi\/may-han-mieng-bao-khi-nen-con-lan-900-tmdg-a38\/\" \/>\n<meta property=\"og:locale\" content=\"vi_VN\" \/>\n<meta property=\"og:type\" content=\"article\" \/>\n<meta property=\"og:title\" content=\"M\u00e1y h\u00e0n mi\u1ec7ng bao kh\u00ed n\u00e9n con l\u0103n 900 (TM\u0110G-A38)\" \/>\n<meta property=\"og:description\" content=\"M\u00e1y h\u00e0n mi\u1ec7ng bao kh\u00ed n\u00e9n con l\u0103n 900 (TM\u0110G-A38) uy t\u00edn ch\u1ea5t l\u01b0\u1ee3ng Li\u00ean h\u1ec7 Hotline 1: 1900 2861 | Hotline 2: 09 67 68 69 11 \u0110\u1ec3 \u0111\u01b0\u1ee3c t\u01b0 v\u1ea5n mi\u1ec5n ph\u00ed!\" \/>\n<meta property=\"og:url\" content=\"https:\/\/cokhitanminh.com\/may-dong-goi\/may-han-mieng-bao-khi-nen-con-lan-900-tmdg-a38\/\" \/>\n<meta property=\"og:site_name\" content=\"M\u00c1Y \u0110\u00d3NG G\u00d3I T\u00c2N MINH\" \/>\n<meta property=\"article:modified_time\" content=\"2021-12-10T04:45:30+00:00\" \/>\n<meta property=\"og:image\" content=\"https:\/\/cokhitanminh.com\/may-dong-goi\/wp-content\/uploads\/2021\/12\/may-han-mieng-bao-khi-nen-con-lan-900-tmdg-a38-ckmdg-1.jpg\" \/>\n\t<meta property=\"og:image:width\" content=\"500\" \/>\n\t<meta property=\"og:image:height\" content=\"500\" \/>\n<meta name=\"twitter:card\" content=\"summary_large_image\" \/>\n<meta name=\"twitter:label1\" content=\"\u01af\u1edbc t\u00ednh th\u1eddi gian \u0111\u1ecdc\" \/>\n\t<meta name=\"twitter:data1\" content=\"3 ph\u00fat\" \/>\n<script type=\"application\/ld+json\" class=\"yoast-schema-graph\">{\"@context\":\"https:\/\/schema.org\",\"@graph\":[{\"@type\":\"WebSite\",\"@id\":\"https:\/\/cokhitanminh.com\/may-dong-goi\/#website\",\"url\":\"https:\/\/cokhitanminh.com\/may-dong-goi\/\",\"name\":\"M\\u00c1Y \\u0110\\u00d3NG G\\u00d3I T\\u00c2N MINH\",\"description\":\"Chuy\\u00ean gia m\\u00e1y \\u0111\\u00f3ng g\\u00f3i\",\"potentialAction\":[{\"@type\":\"SearchAction\",\"target\":{\"@type\":\"EntryPoint\",\"urlTemplate\":\"https:\/\/cokhitanminh.com\/may-dong-goi\/?s={search_term_string}\"},\"query-input\":\"required name=search_term_string\"}],\"inLanguage\":\"vi\"},{\"@type\":\"ImageObject\",\"@id\":\"https:\/\/cokhitanminh.com\/may-dong-goi\/may-han-mieng-bao-khi-nen-con-lan-900-tmdg-a38\/#primaryimage\",\"inLanguage\":\"vi\",\"url\":\"https:\/\/cokhitanminh.com\/may-dong-goi\/wp-content\/uploads\/2021\/12\/may-han-mieng-bao-khi-nen-con-lan-900-tmdg-a38-ckmdg-1.jpg\",\"contentUrl\":\"https:\/\/cokhitanminh.com\/may-dong-goi\/wp-content\/uploads\/2021\/12\/may-han-mieng-bao-khi-nen-con-lan-900-tmdg-a38-ckmdg-1.jpg\",\"width\":500,\"height\":500,\"caption\":\"M\\u00c1Y H\\u00c0N MI\\u1ec6NG T\\u00daI KH\\u00cd N\\u00c9N B\\u0102NG T\\u1ea2I CON L\\u0102N LO\\u1ea0I L\\u1edaN (TM\\u0110G-A38)\"},{\"@type\":\"WebPage\",\"@id\":\"https:\/\/cokhitanminh.com\/may-dong-goi\/may-han-mieng-bao-khi-nen-con-lan-900-tmdg-a38\/#webpage\",\"url\":\"https:\/\/cokhitanminh.com\/may-dong-goi\/may-han-mieng-bao-khi-nen-con-lan-900-tmdg-a38\/\",\"name\":\"M\\u00e1y h\\u00e0n mi\\u1ec7ng bao kh\\u00ed n\\u00e9n con l\\u0103n 900 (TM\\u0110G-A38)\",\"isPartOf\":{\"@id\":\"https:\/\/cokhitanminh.com\/may-dong-goi\/#website\"},\"primaryImageOfPage\":{\"@id\":\"https:\/\/cokhitanminh.com\/may-dong-goi\/may-han-mieng-bao-khi-nen-con-lan-900-tmdg-a38\/#primaryimage\"},\"datePublished\":\"2021-12-04T03:24:30+00:00\",\"dateModified\":\"2021-12-10T04:45:30+00:00\",\"description\":\"M\\u00e1y h\\u00e0n mi\\u1ec7ng bao kh\\u00ed n\\u00e9n con l\\u0103n 900 (TM\\u0110G-A38) uy t\\u00edn ch\\u1ea5t l\\u01b0\\u1ee3ng Li\\u00ean h\\u1ec7 Hotline 1: 1900 2861 | Hotline 2: 09 67 68 69 11 \\u0110\\u1ec3 \\u0111\\u01b0\\u1ee3c t\\u01b0 v\\u1ea5n mi\\u1ec5n ph\\u00ed!\",\"breadcrumb\":{\"@id\":\"https:\/\/cokhitanminh.com\/may-dong-goi\/may-han-mieng-bao-khi-nen-con-lan-900-tmdg-a38\/#breadcrumb\"},\"inLanguage\":\"vi\",\"potentialAction\":[{\"@type\":\"ReadAction\",\"target\":[\"https:\/\/cokhitanminh.com\/may-dong-goi\/may-han-mieng-bao-khi-nen-con-lan-900-tmdg-a38\/\"]}]},{\"@type\":\"BreadcrumbList\",\"@id\":\"https:\/\/cokhitanminh.com\/may-dong-goi\/may-han-mieng-bao-khi-nen-con-lan-900-tmdg-a38\/#breadcrumb\",\"itemListElement\":[{\"@type\":\"ListItem\",\"position\":1,\"name\":\"Trang ch\\u1ee7\",\"item\":\"https:\/\/cokhitanminh.com\/may-dong-goi\/\"},{\"@type\":\"ListItem\",\"position\":2,\"name\":\"C\\u1eeda h\\u00e0ng\",\"item\":\"https:\/\/cokhitanminh.com\/may-dong-goi\/mua\/\"},{\"@type\":\"ListItem\",\"position\":3,\"name\":\"M\\u00e1y h\\u00e0n mi\\u1ec7ng bao kh\\u00ed n\\u00e9n con l\\u0103n 900 (TM\\u0110G-A38)\"}]}]}<\/script>\n<!-- \/ Yoast SEO plugin. -->","yoast_head_json":{"title":"M\u00e1y h\u00e0n mi\u1ec7ng bao kh\u00ed n\u00e9n con l\u0103n 900 (TM\u0110G-A38)","description":"M\u00e1y h\u00e0n mi\u1ec7ng bao kh\u00ed n\u00e9n con l\u0103n 900 (TM\u0110G-A38) uy t\u00edn ch\u1ea5t l\u01b0\u1ee3ng Li\u00ean h\u1ec7 Hotline 1: 1900 2861 | Hotline 2: 09 67 68 69 11 \u0110\u1ec3 \u0111\u01b0\u1ee3c t\u01b0 v\u1ea5n mi\u1ec5n ph\u00ed!","robots":{"index":"index","follow":"follow","max-snippet":"max-snippet:-1","max-image-preview":"max-image-preview:large","max-video-preview":"max-video-preview:-1"},"canonical":"https:\/\/cokhitanminh.com\/may-dong-goi\/may-han-mieng-bao-khi-nen-con-lan-900-tmdg-a38\/","og_locale":"vi_VN","og_type":"article","og_title":"M\u00e1y h\u00e0n mi\u1ec7ng bao kh\u00ed n\u00e9n con l\u0103n 900 (TM\u0110G-A38)","og_description":"M\u00e1y h\u00e0n mi\u1ec7ng bao kh\u00ed n\u00e9n con l\u0103n 900 (TM\u0110G-A38) uy t\u00edn ch\u1ea5t l\u01b0\u1ee3ng Li\u00ean h\u1ec7 Hotline 1: 1900 2861 | Hotline 2: 09 67 68 69 11 \u0110\u1ec3 \u0111\u01b0\u1ee3c t\u01b0 v\u1ea5n mi\u1ec5n ph\u00ed!","og_url":"https:\/\/cokhitanminh.com\/may-dong-goi\/may-han-mieng-bao-khi-nen-con-lan-900-tmdg-a38\/","og_site_name":"M\u00c1Y \u0110\u00d3NG G\u00d3I T\u00c2N MINH","article_modified_time":"2021-12-10T04:45:30+00:00","og_image":[{"width":500,"height":500,"url":"https:\/\/cokhitanminh.com\/may-dong-goi\/wp-content\/uploads\/2021\/12\/may-han-mieng-bao-khi-nen-con-lan-900-tmdg-a38-ckmdg-1.jpg","type":"image\/jpeg"}],"twitter_card":"summary_large_image","twitter_misc":{"\u01af\u1edbc t\u00ednh th\u1eddi gian \u0111\u1ecdc":"3 ph\u00fat"},"schema":{"@context":"https:\/\/schema.org","@graph":[{"@type":"WebSite","@id":"https:\/\/cokhitanminh.com\/may-dong-goi\/#website","url":"https:\/\/cokhitanminh.com\/may-dong-goi\/","name":"M\u00c1Y \u0110\u00d3NG G\u00d3I T\u00c2N MINH","description":"Chuy\u00ean gia m\u00e1y \u0111\u00f3ng g\u00f3i","potentialAction":[{"@type":"SearchAction","target":{"@type":"EntryPoint","urlTemplate":"https:\/\/cokhitanminh.com\/may-dong-goi\/?s={search_term_string}"},"query-input":"required name=search_term_string"}],"inLanguage":"vi"},{"@type":"ImageObject","@id":"https:\/\/cokhitanminh.com\/may-dong-goi\/may-han-mieng-bao-khi-nen-con-lan-900-tmdg-a38\/#primaryimage","inLanguage":"vi","url":"https:\/\/cokhitanminh.com\/may-dong-goi\/wp-content\/uploads\/2021\/12\/may-han-mieng-bao-khi-nen-con-lan-900-tmdg-a38-ckmdg-1.jpg","contentUrl":"https:\/\/cokhitanminh.com\/may-dong-goi\/wp-content\/uploads\/2021\/12\/may-han-mieng-bao-khi-nen-con-lan-900-tmdg-a38-ckmdg-1.jpg","width":500,"height":500,"caption":"M\u00c1Y H\u00c0N MI\u1ec6NG T\u00daI KH\u00cd N\u00c9N B\u0102NG T\u1ea2I CON L\u0102N LO\u1ea0I L\u1edaN (TM\u0110G-A38)"},{"@type":"WebPage","@id":"https:\/\/cokhitanminh.com\/may-dong-goi\/may-han-mieng-bao-khi-nen-con-lan-900-tmdg-a38\/#webpage","url":"https:\/\/cokhitanminh.com\/may-dong-goi\/may-han-mieng-bao-khi-nen-con-lan-900-tmdg-a38\/","name":"M\u00e1y h\u00e0n mi\u1ec7ng bao kh\u00ed n\u00e9n con l\u0103n 900 (TM\u0110G-A38)","isPartOf":{"@id":"https:\/\/cokhitanminh.com\/may-dong-goi\/#website"},"primaryImageOfPage":{"@id":"https:\/\/cokhitanminh.com\/may-dong-goi\/may-han-mieng-bao-khi-nen-con-lan-900-tmdg-a38\/#primaryimage"},"datePublished":"2021-12-04T03:24:30+00:00","dateModified":"2021-12-10T04:45:30+00:00","description":"M\u00e1y h\u00e0n mi\u1ec7ng bao kh\u00ed n\u00e9n con l\u0103n 900 (TM\u0110G-A38) uy t\u00edn ch\u1ea5t l\u01b0\u1ee3ng Li\u00ean h\u1ec7 Hotline 1: 1900 2861 | Hotline 2: 09 67 68 69 11 \u0110\u1ec3 \u0111\u01b0\u1ee3c t\u01b0 v\u1ea5n mi\u1ec5n ph\u00ed!","breadcrumb":{"@id":"https:\/\/cokhitanminh.com\/may-dong-goi\/may-han-mieng-bao-khi-nen-con-lan-900-tmdg-a38\/#breadcrumb"},"inLanguage":"vi","potentialAction":[{"@type":"ReadAction","target":["https:\/\/cokhitanminh.com\/may-dong-goi\/may-han-mieng-bao-khi-nen-con-lan-900-tmdg-a38\/"]}]},{"@type":"BreadcrumbList","@id":"https:\/\/cokhitanminh.com\/may-dong-goi\/may-han-mieng-bao-khi-nen-con-lan-900-tmdg-a38\/#breadcrumb","itemListElement":[{"@type":"ListItem","position":1,"name":"Trang ch\u1ee7","item":"https:\/\/cokhitanminh.com\/may-dong-goi\/"},{"@type":"ListItem","position":2,"name":"C\u1eeda h\u00e0ng","item":"https:\/\/cokhitanminh.com\/may-dong-goi\/mua\/"},{"@type":"ListItem","position":3,"name":"M\u00e1y h\u00e0n mi\u1ec7ng bao kh\u00ed n\u00e9n con l\u0103n 900 (TM\u0110G-A38)"}]}]}},"_links":{"self":[{"href":"https:\/\/cokhitanminh.com\/may-dong-goi\/wp-json\/wp\/v2\/product\/2150","targetHints":{"allow":["GET"]}}],"collection":[{"href":"https:\/\/cokhitanminh.com\/may-dong-goi\/wp-json\/wp\/v2\/product"}],"about":[{"href":"https:\/\/cokhitanminh.com\/may-dong-goi\/wp-json\/wp\/v2\/types\/product"}],"replies":[{"embeddable":true,"href":"https:\/\/cokhitanminh.com\/may-dong-goi\/wp-json\/wp\/v2\/comments?post=2150"}],"wp:featuredmedia":[{"embeddable":true,"href":"https:\/\/cokhitanminh.com\/may-dong-goi\/wp-json\/wp\/v2\/media\/4667"}],"wp:attachment":[{"href":"https:\/\/cokhitanminh.com\/may-dong-goi\/wp-json\/wp\/v2\/media?parent=2150"}],"curies":[{"name":"wp","href":"https:\/\/api.w.org\/{rel}","templated":true}]}}